{"id":12199,"date":"2025-06-05T13:15:17","date_gmt":"2025-06-05T13:15:17","guid":{"rendered":"https:\/\/touchproeurope.eu\/?post_type=product&#038;p=12199"},"modified":"2026-04-22T09:36:51","modified_gmt":"2026-04-22T09:36:51","slug":"13-cm-tibetische-klangschale","status":"publish","type":"product","link":"https:\/\/touchproeurope.eu\/de\/product\/tibetaanse-klankschaal-van-13-cm\/","title":{"rendered":"13 cm tibetische Klangschale"},"content":{"rendered":"<p  data-start=\"156\" data-end=\"495\">Erleben Sie tiefe Entspannung und inneren Frieden mit dieser 13 cm gro\u00dfen tibetischen Klangschale, handgefertigt in Indien. Diese authentische <em data-start=\"286\" data-end=\"300\">Klangschale<\/em> wird mit gro\u00dfer Sorgfalt und handwerklichem Geschick nach traditionellen Methoden hergestellt: Das Metall wird von Hand in die perfekte Form geschmiedet und f\u00fcr einen warmen, vollen und lang anhaltenden Klang gestimmt.<\/p>\n<p  data-start=\"497\" data-end=\"852\">Diese Klangschale ist perfekt f\u00fcr Meditation, Yoga, Klangtherapie oder Klangmassage. Dank ihrer kompakten Gr\u00f6\u00dfe von 13 cm ist diese Klangschale ideal f\u00fcr den pers\u00f6nlichen Gebrauch zu Hause und im Studio. Ihre nat\u00fcrliche Resonanz hilft, Spannungen zu l\u00f6sen, den Geist zu fokussieren und tiefe Entspannung zu f\u00f6rdern.<\/p>\n<p  data-start=\"854\" data-end=\"1211\">Jede Klangschale ist ein Unikat: von Hand geh\u00e4mmert, subtil unterschiedlich in Gewicht und Form. Diese tibetische Klangschale 13 cm wird mit einem passenden Kissen und einem h\u00f6lzernen Kl\u00f6ppel mit Lederbezug geliefert - alles, was Sie brauchen, um sofort loszulegen. Ein unverzichtbares Werkzeug f\u00fcr alle, die nach Gleichgewicht, Frieden und heilenden Schwingungen suchen.<\/p>","protected":false},"excerpt":{"rendered":"<p class=\"ai-optimize-24 ai-optimize-introduction\" data-start=\"1275\" data-end=\"1405\">Handgefertigte tibetische Klangschale 13 cm von bodhi, ideal f\u00fcr Meditation, Yoga oder Entspannung. Inklusive Kissen und Schl\u00e4gel.<\/p>","protected":false},"featured_media":12202,"comment_status":"open","ping_status":"closed","template":"","meta":[],"product_brand":[363],"product_cat":[366],"product_tag":[],"class_list":{"0":"post-12199","1":"product","2":"type-product","3":"status-publish","4":"has-post-thumbnail","6":"product_brand-bodynova","7":"product_cat-klankschalen","8":"product_shipping_class-klein-pakket","10":"first","11":"instock","12":"taxable","13":"shipping-taxable","14":"purchasable","15":"product-type-simple"},"yoast_head":"<!-- This site is optimized with the Yoast SEO Premium plugin v27.4 (Yoast SEO v27.4) - https:\/\/yoast.com\/product\/yoast-seo-premium-wordpress\/ -->\n<title>Tibetaanse klankschaal van 13 cm voor Meditatie - TouchPro Europe Shop<\/title>\n<meta name=\"description\" content=\"Ontdek de Tibetaanse klankschaal (13 cm) van bodhi. Handgemaakt in India, met volle klank. Inclusief klopper &amp; onderlegger. Perfect voor meditatie &amp; yoga.\" \/>\n<meta name=\"robots\" content=\"index, follow, max-snippet:-1, max-image-preview:large, max-video-preview:-1\" \/>\n<link rel=\"canonical\" href=\"https:\/\/touchproeurope.eu\/de\/product\/13-cm-tibetische-klangschale\/\" \/>\n<meta property=\"og:locale\" content=\"de_DE\" \/>\n<meta property=\"og:type\" content=\"article\" \/>\n<meta property=\"og:title\" content=\"Tibetaanse klankschaal van 13 cm\" \/>\n<meta property=\"og:description\" content=\"Ontdek de Tibetaanse klankschaal (13 cm) van bodhi. Handgemaakt in India, met volle klank. Inclusief klopper &amp; onderlegger. Perfect voor meditatie &amp; yoga.\" \/>\n<meta property=\"og:url\" content=\"https:\/\/touchproeurope.eu\/de\/product\/13-cm-tibetische-klangschale\/\" \/>\n<meta property=\"og:site_name\" content=\"TouchPro Europe Shop\" \/>\n<meta property=\"article:publisher\" content=\"https:\/\/www.facebook.com\/TouchproNederland\/?locale=nl_NL%2f\" \/>\n<meta property=\"article:modified_time\" content=\"2026-04-22T09:36:51+00:00\" \/>\n<meta property=\"og:image\" content=\"https:\/\/touchproeurope.eu\/wp-content\/uploads\/2025\/06\/ks13_klangschale_bodhi_meditation_2-e1749127019492.jpg\" \/>\n\t<meta property=\"og:image:width\" content=\"800\" \/>\n\t<meta property=\"og:image:height\" content=\"800\" \/>\n\t<meta property=\"og:image:type\" content=\"image\/jpeg\" \/>\n<meta name=\"twitter:card\" content=\"summary_large_image\" \/>\n<meta name=\"twitter:label1\" content=\"Preis\" \/>\n\t<meta name=\"twitter:data1\" content=\"&euro;&nbsp;39,00 incl. BTW\" \/>\n\t<meta name=\"twitter:label2\" content=\"Verf\u00fcgbarkeit\" \/>\n\t<meta name=\"twitter:data2\" content=\"Auf Lager\" \/>\n<script type=\"application\/ld+json\" class=\"yoast-schema-graph\">{\"@context\":\"https:\\\/\\\/schema.org\",\"@graph\":[{\"@type\":\"WebPage\",\"@id\":\"https:\\\/\\\/touchproeurope.eu\\\/product\\\/tibetaanse-klankschaal-van-13-cm\\\/\",\"url\":\"https:\\\/\\\/touchproeurope.eu\\\/product\\\/tibetaanse-klankschaal-van-13-cm\\\/\",\"name\":\"Tibetaanse klankschaal van 13 cm voor Meditatie - TouchPro Europe Shop\",\"isPartOf\":{\"@id\":\"https:\\\/\\\/touchproeurope.eu\\\/#website\"},\"primaryImageOfPage\":{\"@id\":\"https:\\\/\\\/touchproeurope.eu\\\/product\\\/tibetaanse-klankschaal-van-13-cm\\\/#primaryimage\"},\"image\":{\"@id\":\"https:\\\/\\\/touchproeurope.eu\\\/product\\\/tibetaanse-klankschaal-van-13-cm\\\/#primaryimage\"},\"thumbnailUrl\":\"https:\\\/\\\/i0.wp.com\\\/touchproeurope.eu\\\/wp-content\\\/uploads\\\/2025\\\/06\\\/ks13_klangschale_bodhi_meditation_2-e1749127019492.jpg?fit=800%2C800&ssl=1\",\"datePublished\":\"2025-06-05T13:15:17+00:00\",\"dateModified\":\"2026-04-22T09:36:51+00:00\",\"description\":\"Ontdek de Tibetaanse klankschaal (13 cm) van bodhi. Handgemaakt in India, met volle klank. Inclusief klopper & onderlegger. Perfect voor meditatie & yoga.\",\"breadcrumb\":{\"@id\":\"https:\\\/\\\/touchproeurope.eu\\\/product\\\/tibetaanse-klankschaal-van-13-cm\\\/#breadcrumb\"},\"inLanguage\":\"de\",\"potentialAction\":[{\"@type\":\"ReadAction\",\"target\":[\"https:\\\/\\\/touchproeurope.eu\\\/product\\\/tibetaanse-klankschaal-van-13-cm\\\/\"]}]},{\"@type\":\"ImageObject\",\"inLanguage\":\"de\",\"@id\":\"https:\\\/\\\/touchproeurope.eu\\\/product\\\/tibetaanse-klankschaal-van-13-cm\\\/#primaryimage\",\"url\":\"https:\\\/\\\/i0.wp.com\\\/touchproeurope.eu\\\/wp-content\\\/uploads\\\/2025\\\/06\\\/ks13_klangschale_bodhi_meditation_2-e1749127019492.jpg?fit=800%2C800&ssl=1\",\"contentUrl\":\"https:\\\/\\\/i0.wp.com\\\/touchproeurope.eu\\\/wp-content\\\/uploads\\\/2025\\\/06\\\/ks13_klangschale_bodhi_meditation_2-e1749127019492.jpg?fit=800%2C800&ssl=1\",\"width\":800,\"height\":800,\"caption\":\"Bovenaanzicht Tibetaanse klankschaal 13 cm met decoratief kussen\"},{\"@type\":\"BreadcrumbList\",\"@id\":\"https:\\\/\\\/touchproeurope.eu\\\/product\\\/tibetaanse-klankschaal-van-13-cm\\\/#breadcrumb\",\"itemListElement\":[{\"@type\":\"ListItem\",\"position\":1,\"name\":\"Home\",\"item\":\"https:\\\/\\\/touchproeurope.eu\\\/\"},{\"@type\":\"ListItem\",\"position\":2,\"name\":\"Winkel\",\"item\":\"https:\\\/\\\/touchproeurope.eu\\\/winkel\\\/\"},{\"@type\":\"ListItem\",\"position\":3,\"name\":\"Tibetaanse klankschaal van 13 cm\"}]},{\"@type\":\"WebSite\",\"@id\":\"https:\\\/\\\/touchproeurope.eu\\\/#website\",\"url\":\"https:\\\/\\\/touchproeurope.eu\\\/\",\"name\":\"TouchPro Europe Shop\",\"description\":\"Alles voor jouw praktijk met een PROfessionele Touch!\",\"publisher\":{\"@id\":\"https:\\\/\\\/touchproeurope.eu\\\/#organization\"},\"alternateName\":\"TPE\",\"potentialAction\":[{\"@type\":\"SearchAction\",\"target\":{\"@type\":\"EntryPoint\",\"urlTemplate\":\"https:\\\/\\\/touchproeurope.eu\\\/?s={search_term_string}\"},\"query-input\":{\"@type\":\"PropertyValueSpecification\",\"valueRequired\":true,\"valueName\":\"search_term_string\"}}],\"inLanguage\":\"de\"},{\"@type\":\"Organization\",\"@id\":\"https:\\\/\\\/touchproeurope.eu\\\/#organization\",\"name\":\"TouchPro Europe BV\",\"alternateName\":\"TPE\",\"url\":\"https:\\\/\\\/touchproeurope.eu\\\/\",\"logo\":{\"@type\":\"ImageObject\",\"inLanguage\":\"de\",\"@id\":\"https:\\\/\\\/touchproeurope.eu\\\/#\\\/schema\\\/logo\\\/image\\\/\",\"url\":\"https:\\\/\\\/i0.wp.com\\\/touchproeurope.eu\\\/wp-content\\\/uploads\\\/2023\\\/10\\\/2b592c_b6944d80811246d987cc2c29accedf3f.png?fit=1417%2C531&ssl=1\",\"contentUrl\":\"https:\\\/\\\/i0.wp.com\\\/touchproeurope.eu\\\/wp-content\\\/uploads\\\/2023\\\/10\\\/2b592c_b6944d80811246d987cc2c29accedf3f.png?fit=1417%2C531&ssl=1\",\"width\":1417,\"height\":531,\"caption\":\"TouchPro Europe BV\"},\"image\":{\"@id\":\"https:\\\/\\\/touchproeurope.eu\\\/#\\\/schema\\\/logo\\\/image\\\/\"},\"sameAs\":[\"https:\\\/\\\/www.facebook.com\\\/TouchproNederland\\\/?locale=nl_NL\\\/\",\"https:\\\/\\\/www.instagram.com\\\/touchpro2016\\\/\",\"https:\\\/\\\/www.linkedin.com\\\/company\\\/touchpro-europe-bv\\\/\"],\"description\":\"TouchPro Europe Shop is de massage winkel van Europa. Wij verkopen topkwaliteit massageproducten aan masseurs, pedicures, fysiotherapeuten, manicuren, Wellness centra, opleidingen, etc. TouchPro begon als een kleine webshop in Nederland, maar is nu uitgegroeid tot een webshop met klanten uit heel Europa. Wij bieden een breed assortiment aan massageproducten, waaronder massagetafels, oli\u00ebn, cr\u00e8mes, en accessoires van topmerken, zoals Earthlite, Stronglite en InnerStrenght, Habys, Living Earth Crafts en Continuum en andere leveranciers van massage accessoires. Bestel hier de beste massagematerialen van Europa!\",\"email\":\"info@touchpro-europe.com\",\"telephone\":\"0858768829\",\"legalName\":\"TouchPro Europe BV\",\"foundingDate\":\"2018-01-11\",\"vatID\":\"NL855430151B01\",\"numberOfEmployees\":{\"@type\":\"QuantitativeValue\",\"minValue\":\"1\",\"maxValue\":\"10\"},\"hasMerchantReturnPolicy\":{\"@type\":\"MerchantReturnPolicy\",\"merchantReturnLink\":\"https:\\\/\\\/touchproeurope.eu\\\/de\\\/retourbeleid\\\/\"}}]}<\/script>\n<meta property=\"product:price:amount\" content=\"39.00\" \/>\n<meta property=\"product:price:currency\" content=\"EUR\" \/>\n<meta property=\"og:availability\" content=\"instock\" \/>\n<meta property=\"product:availability\" content=\"instock\" \/>\n<meta property=\"product:retailer_item_id\" content=\"ks13\" \/>\n<meta property=\"product:condition\" content=\"new\" \/>\n<!-- \/ Yoast SEO Premium plugin. -->","yoast_head_json":{"title":"13 cm tibetische Klangschale f\u00fcr die Meditation - TouchPro Europe Shop","description":"Entdecken Sie die tibetische Klangschale von bodhi (13 cm). Handgefertigt in Indien, mit vollem Klang. Inklusive Schl\u00e4gel und Kissen. Perfekt f\u00fcr Meditation und Yoga.","robots":{"index":"index","follow":"follow","max-snippet":"max-snippet:-1","max-image-preview":"max-image-preview:large","max-video-preview":"max-video-preview:-1"},"canonical":"https:\/\/touchproeurope.eu\/de\/product\/13-cm-tibetische-klangschale\/","og_locale":"de_DE","og_type":"article","og_title":"Tibetaanse klankschaal van 13 cm","og_description":"Ontdek de Tibetaanse klankschaal (13 cm) van bodhi. Handgemaakt in India, met volle klank. Inclusief klopper & onderlegger. Perfect voor meditatie & yoga.","og_url":"https:\/\/touchproeurope.eu\/de\/product\/13-cm-tibetische-klangschale\/","og_site_name":"TouchPro Europe Shop","article_publisher":"https:\/\/www.facebook.com\/TouchproNederland\/?locale=nl_NL%2f","article_modified_time":"2026-04-22T09:36:51+00:00","og_image":[{"width":800,"height":800,"url":"https:\/\/touchproeurope.eu\/wp-content\/uploads\/2025\/06\/ks13_klangschale_bodhi_meditation_2-e1749127019492.jpg","type":"image\/jpeg"}],"twitter_card":"summary_large_image","twitter_misc":{"Preis":"&euro;&nbsp;39,00 incl. BTW","Verf\u00fcgbarkeit":"Auf Lager"},"schema":{"@context":"https:\/\/schema.org","@graph":[{"@type":"WebPage","@id":"https:\/\/touchproeurope.eu\/product\/tibetaanse-klankschaal-van-13-cm\/","url":"https:\/\/touchproeurope.eu\/product\/tibetaanse-klankschaal-van-13-cm\/","name":"13 cm tibetische Klangschale f\u00fcr die Meditation - TouchPro Europe Shop","isPartOf":{"@id":"https:\/\/touchproeurope.eu\/#website"},"primaryImageOfPage":{"@id":"https:\/\/touchproeurope.eu\/product\/tibetaanse-klankschaal-van-13-cm\/#primaryimage"},"image":{"@id":"https:\/\/touchproeurope.eu\/product\/tibetaanse-klankschaal-van-13-cm\/#primaryimage"},"thumbnailUrl":"https:\/\/i0.wp.com\/touchproeurope.eu\/wp-content\/uploads\/2025\/06\/ks13_klangschale_bodhi_meditation_2-e1749127019492.jpg?fit=800%2C800&ssl=1","datePublished":"2025-06-05T13:15:17+00:00","dateModified":"2026-04-22T09:36:51+00:00","description":"Entdecken Sie die tibetische Klangschale von bodhi (13 cm). Handgefertigt in Indien, mit vollem Klang. Inklusive Schl\u00e4gel und Kissen. Perfekt f\u00fcr Meditation und Yoga.","breadcrumb":{"@id":"https:\/\/touchproeurope.eu\/product\/tibetaanse-klankschaal-van-13-cm\/#breadcrumb"},"inLanguage":"de","potentialAction":[{"@type":"ReadAction","target":["https:\/\/touchproeurope.eu\/product\/tibetaanse-klankschaal-van-13-cm\/"]}]},{"@type":"ImageObject","inLanguage":"de","@id":"https:\/\/touchproeurope.eu\/product\/tibetaanse-klankschaal-van-13-cm\/#primaryimage","url":"https:\/\/i0.wp.com\/touchproeurope.eu\/wp-content\/uploads\/2025\/06\/ks13_klangschale_bodhi_meditation_2-e1749127019492.jpg?fit=800%2C800&ssl=1","contentUrl":"https:\/\/i0.wp.com\/touchproeurope.eu\/wp-content\/uploads\/2025\/06\/ks13_klangschale_bodhi_meditation_2-e1749127019492.jpg?fit=800%2C800&ssl=1","width":800,"height":800,"caption":"Bovenaanzicht Tibetaanse klankschaal 13 cm met decoratief kussen"},{"@type":"BreadcrumbList","@id":"https:\/\/touchproeurope.eu\/product\/tibetaanse-klankschaal-van-13-cm\/#breadcrumb","itemListElement":[{"@type":"ListItem","position":1,"name":"Home","item":"https:\/\/touchproeurope.eu\/"},{"@type":"ListItem","position":2,"name":"Winkel","item":"https:\/\/touchproeurope.eu\/winkel\/"},{"@type":"ListItem","position":3,"name":"Tibetaanse klankschaal van 13 cm"}]},{"@type":"WebSite","@id":"https:\/\/touchproeurope.eu\/#website","url":"https:\/\/touchproeurope.eu\/","name":"TouchPro Europe Shop","description":"Alles f\u00fcr Ihre Praxis mit einem PROfessional Touch!","publisher":{"@id":"https:\/\/touchproeurope.eu\/#organization"},"alternateName":"TPE","potentialAction":[{"@type":"SearchAction","target":{"@type":"EntryPoint","urlTemplate":"https:\/\/touchproeurope.eu\/?s={search_term_string}"},"query-input":{"@type":"PropertyValueSpecification","valueRequired":true,"valueName":"search_term_string"}}],"inLanguage":"de"},{"@type":"Organization","@id":"https:\/\/touchproeurope.eu\/#organization","name":"TouchPro Europa BV","alternateName":"TPE","url":"https:\/\/touchproeurope.eu\/","logo":{"@type":"ImageObject","inLanguage":"de","@id":"https:\/\/touchproeurope.eu\/#\/schema\/logo\/image\/","url":"https:\/\/i0.wp.com\/touchproeurope.eu\/wp-content\/uploads\/2023\/10\/2b592c_b6944d80811246d987cc2c29accedf3f.png?fit=1417%2C531&ssl=1","contentUrl":"https:\/\/i0.wp.com\/touchproeurope.eu\/wp-content\/uploads\/2023\/10\/2b592c_b6944d80811246d987cc2c29accedf3f.png?fit=1417%2C531&ssl=1","width":1417,"height":531,"caption":"TouchPro Europe BV"},"image":{"@id":"https:\/\/touchproeurope.eu\/#\/schema\/logo\/image\/"},"sameAs":["https:\/\/www.facebook.com\/TouchproNederland\/?locale=nl_NL\/","https:\/\/www.instagram.com\/touchpro2016\/","https:\/\/www.linkedin.com\/company\/touchpro-europe-bv\/"],"description":"TouchPro Europe Shop ist das Massagegesch\u00e4ft in Europa. Wir verkaufen hochwertige Massageprodukte an Masseure, Fu\u00dfpfleger, Physiotherapeuten, Manik\u00fcre, Wellness-Zentren, Ausbildungskurse, usw. TouchPro begann als kleines Gesch\u00e4ft in den Niederlanden, hat sich aber inzwischen zu einem Gesch\u00e4ft mit Kunden aus ganz Europa entwickelt. Wir bieten eine gro\u00dfe Auswahl an Massageprodukten, darunter Massageliegen, \u00d6le, Cremes und Zubeh\u00f6r von Top-Marken wie Earthlite, Stronglite und InnerStrenght, Habys, Living Earth Crafts und Continuum sowie anderen Lieferanten von Massagezubeh\u00f6r. Bestellen Sie hier die besten Massageprodukte Europas!","email":"info@touchpro-europe.com","telephone":"0858768829","legalName":"TouchPro Europe BV","foundingDate":"2018-01-11","vatID":"NL855430151B01","numberOfEmployees":{"@type":"QuantitativeValue","minValue":"1","maxValue":"10"},"hasMerchantReturnPolicy":{"@type":"MerchantReturnPolicy","merchantReturnLink":"https:\/\/touchproeurope.eu\/de\/retourbeleid\/"}}]},"product_price_amount":"39.00","product_price_currency":"EUR","og_availability":"instock","product_availability":"instock","product_retailer_item_id":"ks13","product_condition":"new"},"_links":{"self":[{"href":"https:\/\/touchproeurope.eu\/de\/wp-json\/wp\/v2\/product\/12199","targetHints":{"allow":["GET"]}}],"collection":[{"href":"https:\/\/touchproeurope.eu\/de\/wp-json\/wp\/v2\/product"}],"about":[{"href":"https:\/\/touchproeurope.eu\/de\/wp-json\/wp\/v2\/types\/product"}],"replies":[{"embeddable":true,"href":"https:\/\/touchproeurope.eu\/de\/wp-json\/wp\/v2\/comments?post=12199"}],"version-history":[{"count":2,"href":"https:\/\/touchproeurope.eu\/de\/wp-json\/wp\/v2\/product\/12199\/revisions"}],"predecessor-version":[{"id":12204,"href":"https:\/\/touchproeurope.eu\/de\/wp-json\/wp\/v2\/product\/12199\/revisions\/12204"}],"wp:featuredmedia":[{"embeddable":true,"href":"https:\/\/touchproeurope.eu\/de\/wp-json\/wp\/v2\/media\/12202"}],"wp:attachment":[{"href":"https:\/\/touchproeurope.eu\/de\/wp-json\/wp\/v2\/media?parent=12199"}],"wp:term":[{"taxonomy":"product_brand","embeddable":true,"href":"https:\/\/touchproeurope.eu\/de\/wp-json\/wp\/v2\/product_brand?post=12199"},{"taxonomy":"product_cat","embeddable":true,"href":"https:\/\/touchproeurope.eu\/de\/wp-json\/wp\/v2\/product_cat?post=12199"},{"taxonomy":"product_tag","embeddable":true,"href":"https:\/\/touchproeurope.eu\/de\/wp-json\/wp\/v2\/product_tag?post=12199"}],"curies":[{"name":"wp","href":"https:\/\/api.w.org\/{rel}","templated":true}]}}