{"id":12206,"date":"2025-06-05T13:15:16","date_gmt":"2025-06-05T13:15:16","guid":{"rendered":"https:\/\/touchproeurope.eu\/?post_type=product&#038;p=12206"},"modified":"2026-04-22T09:36:51","modified_gmt":"2026-04-22T09:36:51","slug":"klangschalen-set-mit-3-schalen","status":"publish","type":"product","link":"https:\/\/touchproeurope.eu\/de\/product\/klankschaal-set-met-3-schalen\/","title":{"rendered":"Klangschalenset mit 3 Schalen"},"content":{"rendered":"<p>Bringen Sie K\u00f6rper und Geist in Einklang mit diesem Klangschalen-Set, das aus drei handgefertigten Klangschalen aus Indien besteht. Das Set enth\u00e4lt Klangschalen mit einem Durchmesser von ca. 11 cm, 15 cm und 19 cm, die alle sorgf\u00e4ltig nach traditionellen Techniken hergestellt wurden. Dank ihres warmen, vollen und lang anhaltenden Klangs ist dieses Klangschalen-Set ideal f\u00fcr Klangtherapie, Meditationssitzungen, Yoga oder Klangmassagen.<\/p>\n<p>Jede Klangschale in diesem Set ist einzigartig und tr\u00e4gt zu tiefer Entspannung und innerem Gleichgewicht bei. Die kleinere Schale ist perfekt f\u00fcr subtile Akzente und Konzentration, w\u00e4hrend die mittlere und gro\u00dfe Schale kraftvollere Schwingungen und Kl\u00e4nge bieten. So ist das Klangschalen-Set nicht nur vielseitig einsetzbar, sondern auch auf verschiedene Zwecke innerhalb der Klangarbeit zugeschnitten.<\/p>\n<p>Das Set wird komplett mit drei Holzschl\u00e4gern, drei Zierkissen und einem Filzhammer geliefert. Alles, was Sie brauchen, um sofort mit Klangmeditationen, Gruppensitzungen oder pers\u00f6nlichen Ritualen zu beginnen. Aufgrund der manuellen Herstellung k\u00f6nnen Gewicht, Farbe und Ausf\u00fchrung leicht variieren, was jedes Set zu einem Unikat macht.<\/p>","protected":false},"excerpt":{"rendered":"<p data-start=\"1275\" data-end=\"1405\">Komplettes Klangschalen-Set mit 3 handgefertigten Klangschalen (\u00d8 11, 15, 19 cm), inklusive Kissen, Holzschl\u00e4ger und Filzhammer. Diese Bodhi-Klangschalen sind ideal f\u00fcr Meditation, Yoga oder Entspannung. Inklusive Kissen und Schl\u00e4gel.<\/p>","protected":false},"featured_media":12207,"comment_status":"open","ping_status":"closed","template":"","meta":[],"product_brand":[363],"product_cat":[366],"product_tag":[],"class_list":{"0":"post-12206","1":"product","2":"type-product","3":"status-publish","4":"has-post-thumbnail","6":"product_brand-bodynova","7":"product_cat-klankschalen","8":"product_shipping_class-klein-pakket","10":"first","11":"instock","12":"taxable","13":"shipping-taxable","14":"purchasable","15":"product-type-simple"},"yoast_head":"<!-- This site is optimized with the Yoast SEO Premium plugin v27.4 (Yoast SEO v27.4) - https:\/\/yoast.com\/product\/yoast-seo-premium-wordpress\/ -->\n<title>Handgemaakte klankschaal set met 3 schalen - TouchPro Europe Shop<\/title>\n<meta name=\"description\" content=\"Koop deze complete klankschaal set met 3 handgemaakte schalen (11\u201319 cm), incl. kloppers, kussens &amp; vilten mallet. Perfect voor meditatie &amp; klanktherapie.\" \/>\n<meta name=\"robots\" content=\"index, follow, max-snippet:-1, max-image-preview:large, max-video-preview:-1\" \/>\n<link rel=\"canonical\" href=\"https:\/\/touchproeurope.eu\/de\/product\/klangschalen-set-mit-3-schalen\/\" \/>\n<meta property=\"og:locale\" content=\"de_DE\" \/>\n<meta property=\"og:type\" content=\"article\" \/>\n<meta property=\"og:title\" content=\"Klankschaal Set met 3 Schalen\" \/>\n<meta property=\"og:description\" content=\"Koop deze complete klankschaal set met 3 handgemaakte schalen (11\u201319 cm), incl. kloppers, kussens &amp; vilten mallet. Perfect voor meditatie &amp; klanktherapie.\" \/>\n<meta property=\"og:url\" content=\"https:\/\/touchproeurope.eu\/de\/product\/klangschalen-set-mit-3-schalen\/\" \/>\n<meta property=\"og:site_name\" content=\"TouchPro Europe Shop\" \/>\n<meta property=\"article:publisher\" content=\"https:\/\/www.facebook.com\/TouchproNederland\/?locale=nl_NL%2f\" \/>\n<meta property=\"article:modified_time\" content=\"2026-04-22T09:36:51+00:00\" \/>\n<meta property=\"og:image\" content=\"https:\/\/touchproeurope.eu\/wp-content\/uploads\/2025\/06\/ksset3_klangschalen_set_bodhi_meditation.jpg\" \/>\n\t<meta property=\"og:image:width\" content=\"1500\" \/>\n\t<meta property=\"og:image:height\" content=\"1500\" \/>\n\t<meta property=\"og:image:type\" content=\"image\/jpeg\" \/>\n<meta name=\"twitter:card\" content=\"summary_large_image\" \/>\n<meta name=\"twitter:label1\" content=\"Preis\" \/>\n\t<meta name=\"twitter:data1\" content=\"&euro;&nbsp;142,00 incl. BTW\" \/>\n\t<meta name=\"twitter:label2\" content=\"Verf\u00fcgbarkeit\" \/>\n\t<meta name=\"twitter:data2\" content=\"Auf Lager\" \/>\n<script type=\"application\/ld+json\" class=\"yoast-schema-graph\">{\"@context\":\"https:\\\/\\\/schema.org\",\"@graph\":[{\"@type\":\"WebPage\",\"@id\":\"https:\\\/\\\/touchproeurope.eu\\\/product\\\/klankschaal-set-met-3-schalen\\\/\",\"url\":\"https:\\\/\\\/touchproeurope.eu\\\/product\\\/klankschaal-set-met-3-schalen\\\/\",\"name\":\"Handgemaakte klankschaal set met 3 schalen - TouchPro Europe Shop\",\"isPartOf\":{\"@id\":\"https:\\\/\\\/touchproeurope.eu\\\/#website\"},\"primaryImageOfPage\":{\"@id\":\"https:\\\/\\\/touchproeurope.eu\\\/product\\\/klankschaal-set-met-3-schalen\\\/#primaryimage\"},\"image\":{\"@id\":\"https:\\\/\\\/touchproeurope.eu\\\/product\\\/klankschaal-set-met-3-schalen\\\/#primaryimage\"},\"thumbnailUrl\":\"https:\\\/\\\/i0.wp.com\\\/touchproeurope.eu\\\/wp-content\\\/uploads\\\/2025\\\/06\\\/ksset3_klangschalen_set_bodhi_meditation.jpg?fit=1500%2C1500&ssl=1\",\"datePublished\":\"2025-06-05T13:15:16+00:00\",\"dateModified\":\"2026-04-22T09:36:51+00:00\",\"description\":\"Koop deze complete klankschaal set met 3 handgemaakte schalen (11\u201319 cm), incl. kloppers, kussens & vilten mallet. Perfect voor meditatie & klanktherapie.\",\"breadcrumb\":{\"@id\":\"https:\\\/\\\/touchproeurope.eu\\\/product\\\/klankschaal-set-met-3-schalen\\\/#breadcrumb\"},\"inLanguage\":\"de\",\"potentialAction\":[{\"@type\":\"ReadAction\",\"target\":[\"https:\\\/\\\/touchproeurope.eu\\\/product\\\/klankschaal-set-met-3-schalen\\\/\"]}]},{\"@type\":\"ImageObject\",\"inLanguage\":\"de\",\"@id\":\"https:\\\/\\\/touchproeurope.eu\\\/product\\\/klankschaal-set-met-3-schalen\\\/#primaryimage\",\"url\":\"https:\\\/\\\/i0.wp.com\\\/touchproeurope.eu\\\/wp-content\\\/uploads\\\/2025\\\/06\\\/ksset3_klangschalen_set_bodhi_meditation.jpg?fit=1500%2C1500&ssl=1\",\"contentUrl\":\"https:\\\/\\\/i0.wp.com\\\/touchproeurope.eu\\\/wp-content\\\/uploads\\\/2025\\\/06\\\/ksset3_klangschalen_set_bodhi_meditation.jpg?fit=1500%2C1500&ssl=1\",\"width\":1500,\"height\":1500,\"caption\":\"Klankschaal set met drie schalen, kloppers en kussens\"},{\"@type\":\"BreadcrumbList\",\"@id\":\"https:\\\/\\\/touchproeurope.eu\\\/product\\\/klankschaal-set-met-3-schalen\\\/#breadcrumb\",\"itemListElement\":[{\"@type\":\"ListItem\",\"position\":1,\"name\":\"Home\",\"item\":\"https:\\\/\\\/touchproeurope.eu\\\/\"},{\"@type\":\"ListItem\",\"position\":2,\"name\":\"Winkel\",\"item\":\"https:\\\/\\\/touchproeurope.eu\\\/winkel\\\/\"},{\"@type\":\"ListItem\",\"position\":3,\"name\":\"Klankschaal Set met 3 Schalen\"}]},{\"@type\":\"WebSite\",\"@id\":\"https:\\\/\\\/touchproeurope.eu\\\/#website\",\"url\":\"https:\\\/\\\/touchproeurope.eu\\\/\",\"name\":\"TouchPro Europe Shop\",\"description\":\"Alles voor jouw praktijk met een PROfessionele Touch!\",\"publisher\":{\"@id\":\"https:\\\/\\\/touchproeurope.eu\\\/#organization\"},\"alternateName\":\"TPE\",\"potentialAction\":[{\"@type\":\"SearchAction\",\"target\":{\"@type\":\"EntryPoint\",\"urlTemplate\":\"https:\\\/\\\/touchproeurope.eu\\\/?s={search_term_string}\"},\"query-input\":{\"@type\":\"PropertyValueSpecification\",\"valueRequired\":true,\"valueName\":\"search_term_string\"}}],\"inLanguage\":\"de\"},{\"@type\":\"Organization\",\"@id\":\"https:\\\/\\\/touchproeurope.eu\\\/#organization\",\"name\":\"TouchPro Europe BV\",\"alternateName\":\"TPE\",\"url\":\"https:\\\/\\\/touchproeurope.eu\\\/\",\"logo\":{\"@type\":\"ImageObject\",\"inLanguage\":\"de\",\"@id\":\"https:\\\/\\\/touchproeurope.eu\\\/#\\\/schema\\\/logo\\\/image\\\/\",\"url\":\"https:\\\/\\\/i0.wp.com\\\/touchproeurope.eu\\\/wp-content\\\/uploads\\\/2023\\\/10\\\/2b592c_b6944d80811246d987cc2c29accedf3f.png?fit=1417%2C531&ssl=1\",\"contentUrl\":\"https:\\\/\\\/i0.wp.com\\\/touchproeurope.eu\\\/wp-content\\\/uploads\\\/2023\\\/10\\\/2b592c_b6944d80811246d987cc2c29accedf3f.png?fit=1417%2C531&ssl=1\",\"width\":1417,\"height\":531,\"caption\":\"TouchPro Europe BV\"},\"image\":{\"@id\":\"https:\\\/\\\/touchproeurope.eu\\\/#\\\/schema\\\/logo\\\/image\\\/\"},\"sameAs\":[\"https:\\\/\\\/www.facebook.com\\\/TouchproNederland\\\/?locale=nl_NL\\\/\",\"https:\\\/\\\/www.instagram.com\\\/touchpro2016\\\/\",\"https:\\\/\\\/www.linkedin.com\\\/company\\\/touchpro-europe-bv\\\/\"],\"description\":\"TouchPro Europe Shop is de massage winkel van Europa. Wij verkopen topkwaliteit massageproducten aan masseurs, pedicures, fysiotherapeuten, manicuren, Wellness centra, opleidingen, etc. TouchPro begon als een kleine webshop in Nederland, maar is nu uitgegroeid tot een webshop met klanten uit heel Europa. Wij bieden een breed assortiment aan massageproducten, waaronder massagetafels, oli\u00ebn, cr\u00e8mes, en accessoires van topmerken, zoals Earthlite, Stronglite en InnerStrenght, Habys, Living Earth Crafts en Continuum en andere leveranciers van massage accessoires. Bestel hier de beste massagematerialen van Europa!\",\"email\":\"info@touchpro-europe.com\",\"telephone\":\"0858768829\",\"legalName\":\"TouchPro Europe BV\",\"foundingDate\":\"2018-01-11\",\"vatID\":\"NL855430151B01\",\"numberOfEmployees\":{\"@type\":\"QuantitativeValue\",\"minValue\":\"1\",\"maxValue\":\"10\"},\"hasMerchantReturnPolicy\":{\"@type\":\"MerchantReturnPolicy\",\"merchantReturnLink\":\"https:\\\/\\\/touchproeurope.eu\\\/de\\\/retourbeleid\\\/\"}}]}<\/script>\n<meta property=\"product:price:amount\" content=\"142.00\" \/>\n<meta property=\"product:price:currency\" content=\"EUR\" \/>\n<meta property=\"og:availability\" content=\"instock\" \/>\n<meta property=\"product:availability\" content=\"instock\" \/>\n<meta property=\"product:retailer_item_id\" content=\"ksset3\" \/>\n<meta property=\"product:condition\" content=\"new\" \/>\n<!-- \/ Yoast SEO Premium plugin. -->","yoast_head_json":{"title":"Handgefertigtes Klangschalen-Set mit 3 Schalen - TouchPro Europe Shop","description":"Kaufen Sie dieses komplette Klangschalenset mit 3 handgefertigten Schalen (11-19 cm), inkl. Klopfer, Kissen &amp; Filzschlegel. Perfekt f\u00fcr Meditation und Klangtherapie.","robots":{"index":"index","follow":"follow","max-snippet":"max-snippet:-1","max-image-preview":"max-image-preview:large","max-video-preview":"max-video-preview:-1"},"canonical":"https:\/\/touchproeurope.eu\/de\/product\/klangschalen-set-mit-3-schalen\/","og_locale":"de_DE","og_type":"article","og_title":"Klankschaal Set met 3 Schalen","og_description":"Koop deze complete klankschaal set met 3 handgemaakte schalen (11\u201319 cm), incl. kloppers, kussens & vilten mallet. Perfect voor meditatie & klanktherapie.","og_url":"https:\/\/touchproeurope.eu\/de\/product\/klangschalen-set-mit-3-schalen\/","og_site_name":"TouchPro Europe Shop","article_publisher":"https:\/\/www.facebook.com\/TouchproNederland\/?locale=nl_NL%2f","article_modified_time":"2026-04-22T09:36:51+00:00","og_image":[{"width":1500,"height":1500,"url":"https:\/\/touchproeurope.eu\/wp-content\/uploads\/2025\/06\/ksset3_klangschalen_set_bodhi_meditation.jpg","type":"image\/jpeg"}],"twitter_card":"summary_large_image","twitter_misc":{"Preis":"&euro;&nbsp;142,00 incl. BTW","Verf\u00fcgbarkeit":"Auf Lager"},"schema":{"@context":"https:\/\/schema.org","@graph":[{"@type":"WebPage","@id":"https:\/\/touchproeurope.eu\/product\/klankschaal-set-met-3-schalen\/","url":"https:\/\/touchproeurope.eu\/product\/klankschaal-set-met-3-schalen\/","name":"Handgefertigtes Klangschalen-Set mit 3 Schalen - TouchPro Europe Shop","isPartOf":{"@id":"https:\/\/touchproeurope.eu\/#website"},"primaryImageOfPage":{"@id":"https:\/\/touchproeurope.eu\/product\/klankschaal-set-met-3-schalen\/#primaryimage"},"image":{"@id":"https:\/\/touchproeurope.eu\/product\/klankschaal-set-met-3-schalen\/#primaryimage"},"thumbnailUrl":"https:\/\/i0.wp.com\/touchproeurope.eu\/wp-content\/uploads\/2025\/06\/ksset3_klangschalen_set_bodhi_meditation.jpg?fit=1500%2C1500&ssl=1","datePublished":"2025-06-05T13:15:16+00:00","dateModified":"2026-04-22T09:36:51+00:00","description":"Kaufen Sie dieses komplette Klangschalenset mit 3 handgefertigten Schalen (11-19 cm), inkl. Klopfer, Kissen &amp; Filzschlegel. Perfekt f\u00fcr Meditation und Klangtherapie.","breadcrumb":{"@id":"https:\/\/touchproeurope.eu\/product\/klankschaal-set-met-3-schalen\/#breadcrumb"},"inLanguage":"de","potentialAction":[{"@type":"ReadAction","target":["https:\/\/touchproeurope.eu\/product\/klankschaal-set-met-3-schalen\/"]}]},{"@type":"ImageObject","inLanguage":"de","@id":"https:\/\/touchproeurope.eu\/product\/klankschaal-set-met-3-schalen\/#primaryimage","url":"https:\/\/i0.wp.com\/touchproeurope.eu\/wp-content\/uploads\/2025\/06\/ksset3_klangschalen_set_bodhi_meditation.jpg?fit=1500%2C1500&ssl=1","contentUrl":"https:\/\/i0.wp.com\/touchproeurope.eu\/wp-content\/uploads\/2025\/06\/ksset3_klangschalen_set_bodhi_meditation.jpg?fit=1500%2C1500&ssl=1","width":1500,"height":1500,"caption":"Klankschaal set met drie schalen, kloppers en kussens"},{"@type":"BreadcrumbList","@id":"https:\/\/touchproeurope.eu\/product\/klankschaal-set-met-3-schalen\/#breadcrumb","itemListElement":[{"@type":"ListItem","position":1,"name":"Home","item":"https:\/\/touchproeurope.eu\/"},{"@type":"ListItem","position":2,"name":"Winkel","item":"https:\/\/touchproeurope.eu\/winkel\/"},{"@type":"ListItem","position":3,"name":"Klankschaal Set met 3 Schalen"}]},{"@type":"WebSite","@id":"https:\/\/touchproeurope.eu\/#website","url":"https:\/\/touchproeurope.eu\/","name":"TouchPro Europe Shop","description":"Alles f\u00fcr Ihre Praxis mit einem PROfessional Touch!","publisher":{"@id":"https:\/\/touchproeurope.eu\/#organization"},"alternateName":"TPE","potentialAction":[{"@type":"SearchAction","target":{"@type":"EntryPoint","urlTemplate":"https:\/\/touchproeurope.eu\/?s={search_term_string}"},"query-input":{"@type":"PropertyValueSpecification","valueRequired":true,"valueName":"search_term_string"}}],"inLanguage":"de"},{"@type":"Organization","@id":"https:\/\/touchproeurope.eu\/#organization","name":"TouchPro Europa BV","alternateName":"TPE","url":"https:\/\/touchproeurope.eu\/","logo":{"@type":"ImageObject","inLanguage":"de","@id":"https:\/\/touchproeurope.eu\/#\/schema\/logo\/image\/","url":"https:\/\/i0.wp.com\/touchproeurope.eu\/wp-content\/uploads\/2023\/10\/2b592c_b6944d80811246d987cc2c29accedf3f.png?fit=1417%2C531&ssl=1","contentUrl":"https:\/\/i0.wp.com\/touchproeurope.eu\/wp-content\/uploads\/2023\/10\/2b592c_b6944d80811246d987cc2c29accedf3f.png?fit=1417%2C531&ssl=1","width":1417,"height":531,"caption":"TouchPro Europe BV"},"image":{"@id":"https:\/\/touchproeurope.eu\/#\/schema\/logo\/image\/"},"sameAs":["https:\/\/www.facebook.com\/TouchproNederland\/?locale=nl_NL\/","https:\/\/www.instagram.com\/touchpro2016\/","https:\/\/www.linkedin.com\/company\/touchpro-europe-bv\/"],"description":"TouchPro Europe Shop ist das Massagegesch\u00e4ft in Europa. Wir verkaufen hochwertige Massageprodukte an Masseure, Fu\u00dfpfleger, Physiotherapeuten, Manik\u00fcre, Wellness-Zentren, Ausbildungskurse, usw. TouchPro begann als kleines Gesch\u00e4ft in den Niederlanden, hat sich aber inzwischen zu einem Gesch\u00e4ft mit Kunden aus ganz Europa entwickelt. Wir bieten eine gro\u00dfe Auswahl an Massageprodukten, darunter Massageliegen, \u00d6le, Cremes und Zubeh\u00f6r von Top-Marken wie Earthlite, Stronglite und InnerStrenght, Habys, Living Earth Crafts und Continuum sowie anderen Lieferanten von Massagezubeh\u00f6r. Bestellen Sie hier die besten Massageprodukte Europas!","email":"info@touchpro-europe.com","telephone":"0858768829","legalName":"TouchPro Europe BV","foundingDate":"2018-01-11","vatID":"NL855430151B01","numberOfEmployees":{"@type":"QuantitativeValue","minValue":"1","maxValue":"10"},"hasMerchantReturnPolicy":{"@type":"MerchantReturnPolicy","merchantReturnLink":"https:\/\/touchproeurope.eu\/de\/retourbeleid\/"}}]},"product_price_amount":"142.00","product_price_currency":"EUR","og_availability":"instock","product_availability":"instock","product_retailer_item_id":"ksset3","product_condition":"new"},"_links":{"self":[{"href":"https:\/\/touchproeurope.eu\/de\/wp-json\/wp\/v2\/product\/12206","targetHints":{"allow":["GET"]}}],"collection":[{"href":"https:\/\/touchproeurope.eu\/de\/wp-json\/wp\/v2\/product"}],"about":[{"href":"https:\/\/touchproeurope.eu\/de\/wp-json\/wp\/v2\/types\/product"}],"replies":[{"embeddable":true,"href":"https:\/\/touchproeurope.eu\/de\/wp-json\/wp\/v2\/comments?post=12206"}],"version-history":[{"count":3,"href":"https:\/\/touchproeurope.eu\/de\/wp-json\/wp\/v2\/product\/12206\/revisions"}],"predecessor-version":[{"id":16079,"href":"https:\/\/touchproeurope.eu\/de\/wp-json\/wp\/v2\/product\/12206\/revisions\/16079"}],"wp:featuredmedia":[{"embeddable":true,"href":"https:\/\/touchproeurope.eu\/de\/wp-json\/wp\/v2\/media\/12207"}],"wp:attachment":[{"href":"https:\/\/touchproeurope.eu\/de\/wp-json\/wp\/v2\/media?parent=12206"}],"wp:term":[{"taxonomy":"product_brand","embeddable":true,"href":"https:\/\/touchproeurope.eu\/de\/wp-json\/wp\/v2\/product_brand?post=12206"},{"taxonomy":"product_cat","embeddable":true,"href":"https:\/\/touchproeurope.eu\/de\/wp-json\/wp\/v2\/product_cat?post=12206"},{"taxonomy":"product_tag","embeddable":true,"href":"https:\/\/touchproeurope.eu\/de\/wp-json\/wp\/v2\/product_tag?post=12206"}],"curies":[{"name":"wp","href":"https:\/\/api.w.org\/{rel}","templated":true}]}}