{"id":12615,"date":"2025-11-30T10:08:37","date_gmt":"2025-11-30T10:08:37","guid":{"rendered":"https:\/\/touchproeurope.eu\/?post_type=product&#038;p=12615"},"modified":"2026-04-22T10:56:28","modified_gmt":"2026-04-22T10:56:28","slug":"dura-luxe-luxus-mikrofaser-spannbetttuch","status":"publish","type":"product","link":"https:\/\/touchproeurope.eu\/de\/product\/dura-luxe-luxury-microfiber-fitted-sheet\/","title":{"rendered":"DURA-LUXE\u2122 Luxus-Spannbetttuch aus Mikrofaser"},"content":{"rendered":"<p>Das DURA-LUXE\u2122 Luxury Microfiber Fitted Sheet von Earthlite wurde f\u00fcr Profis entwickelt, die keine Kompromisse bei Qualit\u00e4t, Komfort und Haltbarkeit eingehen wollen. Dieses Premium-Spannbetttuch wurde f\u00fcr Wellnesszentren, Massagesalons, Spa-Resorts und hochwertige Behandlungsr\u00e4ume entwickelt. Die Verwendung von doppelt geb\u00fcrsteter 125-GSM-Mikrofaser \u2013 der feinsten Mikrofaser, die Earthlite anbietet \u2013 sorgt f\u00fcr ein luxuri\u00f6s weiches, seidiges Gef\u00fchl, das sich f\u00fcr jeden Kunden angenehm anf\u00fchlt.<\/p>\n<p>Das Spannbetttuch ist mit doppelten N\u00e4hten und einem hochwertigen elastischen Rand versehen, sodass es auch bei intensiver gewerblicher Nutzung perfekt auf der Behandlungsliege sitzt. Das Material ist knitterfrei, schrumpffest und fusselfrei, sodass Sie nach jedem Waschgang ein glattes, professionell aussehendes Ergebnis erhalten. Dank des atmungsaktiven und schnell trocknenden Mikrofasermaterials bleibt das Laken frisch, hygienisch und komfortabel im t\u00e4glichen Gebrauch.<\/p>\n<p>Das Spannbetttuch passt auf die meisten Spa- und Massagetische bis zu einer Gr\u00f6\u00dfe von 84 \u00d7 185 \u00d7 20 cm (ca. 33\u201d x 73\u201d x 8\u201d) und eignet sich sowohl f\u00fcr runde als auch f\u00fcr eckige Ecken. Damit ist es eine vielseitige Wahl f\u00fcr verschiedene Behandlungsumgebungen und Massagetische. Die DURA-LUXE\u2122-Serie ist bekannt f\u00fcr ihre kommerzielle Langlebigkeit, was dieses Spannbetttuch zu einer klugen Investition f\u00fcr jede Praxis macht.<\/p>\n<p>Earthlite, seit 1987 die Nummer eins unter den Massagemarken, liefert damit ein Produkt, das Luxus, Komfort und professionelle Qualit\u00e4t vereint. Erh\u00e4ltlich in Wei\u00df und Creme.<\/p>\n<p data-start=\"1765\" data-end=\"1928\"><a href=\"https:\/\/www.earthlite.com\/media\/wysiwyg\/SalesSheets\/2023\/Microfiber_-_Dura-Luxe_and_Essentials_-_1-300-0167_-_Rev_060823.pdf\">Verkaufsbrosch\u00fcren<\/a><\/p>","protected":false},"excerpt":{"rendered":"<p>Luxuri\u00f6ses DURA-LUXE\u2122 Mikrofaser-Spannbetttuch mit doppelt geb\u00fcrstetem 125 GSM-Stoff. Seidenweich, strapazierf\u00e4hig, knitterfrei, schrumpffrei und schnell trocknend. Perfekt f\u00fcr professionelle Massage- und Spatische (84 \u00d7 185 \u00d7 20 cm). Erh\u00e4ltlich in Wei\u00df und Creme.<\/p>","protected":false},"featured_media":12621,"comment_status":"open","ping_status":"closed","template":"","meta":[],"product_brand":[343],"product_cat":[109,480],"product_tag":[],"class_list":{"0":"post-12615","1":"product","2":"type-product","3":"status-publish","4":"has-post-thumbnail","6":"product_brand-earthlite","7":"product_cat-katoenen-covers-tafellinnen","8":"product_cat-tafellinnen-covers","9":"product_shipping_class-klein-pakket","10":"pa_kleur-vanille-creme","11":"pa_kleur-wit","12":"pa_merk-earthlite","14":"first","15":"instock","16":"taxable","17":"shipping-taxable","18":"purchasable","19":"product-type-variable"},"yoast_head":"<!-- This site is optimized with the Yoast SEO Premium plugin v27.5 (Yoast SEO v27.5) - https:\/\/yoast.com\/product\/yoast-seo-premium-wordpress\/ -->\n<title>DURA-LUXE\u2122 Luxury Microfiber Fitted Sheet - TouchPro Europe Shop<\/title>\n<meta name=\"description\" content=\"Zijdezacht, duurzaam en kreukvrij hoeslaken voor massagetafels. Deze DURA-LUXE\u2122 Fitted Sheet is ideaal voor salons en spa\u2019s. Sneldrogend en machinewasbaar.\" \/>\n<meta name=\"robots\" content=\"index, follow, max-snippet:-1, max-image-preview:large, max-video-preview:-1\" \/>\n<link rel=\"canonical\" href=\"https:\/\/touchproeurope.eu\/de\/product\/dura-luxe-luxus-mikrofaser-spannbetttuch\/\" \/>\n<meta property=\"og:locale\" content=\"de_DE\" \/>\n<meta property=\"og:type\" content=\"article\" \/>\n<meta property=\"og:title\" content=\"DURA-LUXE\u2122 Luxury Microfiber Fitted Sheet\" \/>\n<meta property=\"og:description\" content=\"Zijdezacht, duurzaam en kreukvrij hoeslaken voor massagetafels. Deze DURA-LUXE\u2122 Fitted Sheet is ideaal voor salons en spa\u2019s. Sneldrogend en machinewasbaar.\" \/>\n<meta property=\"og:url\" content=\"https:\/\/touchproeurope.eu\/de\/product\/dura-luxe-luxus-mikrofaser-spannbetttuch\/\" \/>\n<meta property=\"og:site_name\" content=\"TouchPro Europe Shop\" \/>\n<meta property=\"article:publisher\" content=\"https:\/\/www.facebook.com\/TouchproNederland\/?locale=nl_NL%2f\" \/>\n<meta property=\"article:modified_time\" content=\"2026-04-22T10:56:28+00:00\" \/>\n<meta property=\"og:image\" content=\"https:\/\/touchproeurope.eu\/wp-content\/uploads\/2025\/07\/dura-luxe_microfiber_-_fitted_sheet_-_creme.webp\" \/>\n\t<meta property=\"og:image:width\" content=\"1200\" \/>\n\t<meta property=\"og:image:height\" content=\"1200\" \/>\n\t<meta property=\"og:image:type\" content=\"image\/webp\" \/>\n<meta name=\"twitter:card\" content=\"summary_large_image\" \/>\n<meta name=\"twitter:label1\" content=\"Verf\u00fcgbarkeit\" \/>\n\t<meta name=\"twitter:data1\" content=\"Auf Lager\" \/>\n<script type=\"application\/ld+json\" class=\"yoast-schema-graph\">{\"@context\":\"https:\\\/\\\/schema.org\",\"@graph\":[{\"@type\":\"WebPage\",\"@id\":\"https:\\\/\\\/touchproeurope.eu\\\/product\\\/dura-luxe-luxury-microfiber-fitted-sheet\\\/\",\"url\":\"https:\\\/\\\/touchproeurope.eu\\\/product\\\/dura-luxe-luxury-microfiber-fitted-sheet\\\/\",\"name\":\"DURA-LUXE\u2122 Luxury Microfiber Fitted Sheet - TouchPro Europe Shop\",\"isPartOf\":{\"@id\":\"https:\\\/\\\/touchproeurope.eu\\\/#website\"},\"primaryImageOfPage\":{\"@id\":\"https:\\\/\\\/touchproeurope.eu\\\/product\\\/dura-luxe-luxury-microfiber-fitted-sheet\\\/#primaryimage\"},\"image\":{\"@id\":\"https:\\\/\\\/touchproeurope.eu\\\/product\\\/dura-luxe-luxury-microfiber-fitted-sheet\\\/#primaryimage\"},\"thumbnailUrl\":\"https:\\\/\\\/i0.wp.com\\\/touchproeurope.eu\\\/wp-content\\\/uploads\\\/2025\\\/07\\\/dura-luxe_microfiber_-_fitted_sheet_-_creme.webp?fit=1200%2C1200&ssl=1\",\"datePublished\":\"2025-11-30T10:08:37+00:00\",\"dateModified\":\"2026-04-22T10:56:28+00:00\",\"description\":\"Zijdezacht, duurzaam en kreukvrij hoeslaken voor massagetafels. Deze DURA-LUXE\u2122 Fitted Sheet is ideaal voor salons en spa\u2019s. Sneldrogend en machinewasbaar.\",\"breadcrumb\":{\"@id\":\"https:\\\/\\\/touchproeurope.eu\\\/product\\\/dura-luxe-luxury-microfiber-fitted-sheet\\\/#breadcrumb\"},\"inLanguage\":\"de\",\"potentialAction\":[{\"@type\":\"ReadAction\",\"target\":[\"https:\\\/\\\/touchproeurope.eu\\\/product\\\/dura-luxe-luxury-microfiber-fitted-sheet\\\/\"]}]},{\"@type\":\"ImageObject\",\"inLanguage\":\"de\",\"@id\":\"https:\\\/\\\/touchproeurope.eu\\\/product\\\/dura-luxe-luxury-microfiber-fitted-sheet\\\/#primaryimage\",\"url\":\"https:\\\/\\\/i0.wp.com\\\/touchproeurope.eu\\\/wp-content\\\/uploads\\\/2025\\\/07\\\/dura-luxe_microfiber_-_fitted_sheet_-_creme.webp?fit=1200%2C1200&ssl=1\",\"contentUrl\":\"https:\\\/\\\/i0.wp.com\\\/touchproeurope.eu\\\/wp-content\\\/uploads\\\/2025\\\/07\\\/dura-luxe_microfiber_-_fitted_sheet_-_creme.webp?fit=1200%2C1200&ssl=1\",\"width\":1200,\"height\":1200,\"caption\":\"DURA-LUXE\u2122 Luxury Microfiber Fitted Sheet\"},{\"@type\":\"BreadcrumbList\",\"@id\":\"https:\\\/\\\/touchproeurope.eu\\\/product\\\/dura-luxe-luxury-microfiber-fitted-sheet\\\/#breadcrumb\",\"itemListElement\":[{\"@type\":\"ListItem\",\"position\":1,\"name\":\"Home\",\"item\":\"https:\\\/\\\/touchproeurope.eu\\\/\"},{\"@type\":\"ListItem\",\"position\":2,\"name\":\"Winkel\",\"item\":\"https:\\\/\\\/touchproeurope.eu\\\/winkel\\\/\"},{\"@type\":\"ListItem\",\"position\":3,\"name\":\"DURA-LUXE\u2122 Luxury Microfiber Fitted Sheet\"}]},{\"@type\":\"WebSite\",\"@id\":\"https:\\\/\\\/touchproeurope.eu\\\/#website\",\"url\":\"https:\\\/\\\/touchproeurope.eu\\\/\",\"name\":\"TouchPro Europe Shop\",\"description\":\"Alles voor jouw praktijk met een PROfessionele Touch!\",\"publisher\":{\"@id\":\"https:\\\/\\\/touchproeurope.eu\\\/#organization\"},\"alternateName\":\"TPE\",\"potentialAction\":[{\"@type\":\"SearchAction\",\"target\":{\"@type\":\"EntryPoint\",\"urlTemplate\":\"https:\\\/\\\/touchproeurope.eu\\\/?s={search_term_string}\"},\"query-input\":{\"@type\":\"PropertyValueSpecification\",\"valueRequired\":true,\"valueName\":\"search_term_string\"}}],\"inLanguage\":\"de\"},{\"@type\":\"Organization\",\"@id\":\"https:\\\/\\\/touchproeurope.eu\\\/#organization\",\"name\":\"TouchPro Europe BV\",\"alternateName\":\"TPE\",\"url\":\"https:\\\/\\\/touchproeurope.eu\\\/\",\"logo\":{\"@type\":\"ImageObject\",\"inLanguage\":\"de\",\"@id\":\"https:\\\/\\\/touchproeurope.eu\\\/#\\\/schema\\\/logo\\\/image\\\/\",\"url\":\"https:\\\/\\\/i0.wp.com\\\/touchproeurope.eu\\\/wp-content\\\/uploads\\\/2023\\\/10\\\/2b592c_b6944d80811246d987cc2c29accedf3f.png?fit=1417%2C531&ssl=1\",\"contentUrl\":\"https:\\\/\\\/i0.wp.com\\\/touchproeurope.eu\\\/wp-content\\\/uploads\\\/2023\\\/10\\\/2b592c_b6944d80811246d987cc2c29accedf3f.png?fit=1417%2C531&ssl=1\",\"width\":1417,\"height\":531,\"caption\":\"TouchPro Europe BV\"},\"image\":{\"@id\":\"https:\\\/\\\/touchproeurope.eu\\\/#\\\/schema\\\/logo\\\/image\\\/\"},\"sameAs\":[\"https:\\\/\\\/www.facebook.com\\\/TouchproNederland\\\/?locale=nl_NL\\\/\",\"https:\\\/\\\/www.instagram.com\\\/touchpro2016\\\/\",\"https:\\\/\\\/www.linkedin.com\\\/company\\\/touchpro-europe-bv\\\/\"],\"description\":\"TouchPro Europe Shop is de massage winkel van Europa. Wij verkopen topkwaliteit massageproducten aan masseurs, pedicures, fysiotherapeuten, manicuren, Wellness centra, opleidingen, etc. TouchPro begon als een kleine webshop in Nederland, maar is nu uitgegroeid tot een webshop met klanten uit heel Europa. Wij bieden een breed assortiment aan massageproducten, waaronder massagetafels, oli\u00ebn, cr\u00e8mes, en accessoires van topmerken, zoals Earthlite, Stronglite en InnerStrenght, Habys, Living Earth Crafts en Continuum en andere leveranciers van massage accessoires. Bestel hier de beste massagematerialen van Europa!\",\"email\":\"info@touchpro-europe.com\",\"telephone\":\"0858768829\",\"legalName\":\"TouchPro Europe BV\",\"foundingDate\":\"2018-01-11\",\"vatID\":\"NL855430151B01\",\"numberOfEmployees\":{\"@type\":\"QuantitativeValue\",\"minValue\":\"1\",\"maxValue\":\"10\"},\"hasMerchantReturnPolicy\":{\"@type\":\"MerchantReturnPolicy\",\"merchantReturnLink\":\"https:\\\/\\\/touchproeurope.eu\\\/de\\\/retourbeleid\\\/\"}}]}<\/script>\n<meta property=\"product:brand\" content=\"Earthlite\" \/>\n<meta property=\"og:availability\" content=\"instock\" \/>\n<meta property=\"product:availability\" content=\"instock\" \/>\n<meta property=\"product:retailer_item_id\" content=\"DURA-LUXE\u2122 Microfiber Fitted Sheet\" \/>\n<meta property=\"product:condition\" content=\"new\" \/>\n<!-- \/ Yoast SEO Premium plugin. -->","yoast_head_json":{"title":"DURA-LUXE\u2122 Luxus-Mikrofaser-Spannbetttuch \u2013 TouchPro Europe Shop","description":"Seidig weiches, strapazierf\u00e4higes und knitterfreies Spannbetttuch f\u00fcr Massageliegen. Dieses DURA-LUXE\u2122 Spannbetttuch ist ideal f\u00fcr Salons und Spas. Schnell trocknend und maschinenwaschbar.","robots":{"index":"index","follow":"follow","max-snippet":"max-snippet:-1","max-image-preview":"max-image-preview:large","max-video-preview":"max-video-preview:-1"},"canonical":"https:\/\/touchproeurope.eu\/de\/product\/dura-luxe-luxus-mikrofaser-spannbetttuch\/","og_locale":"de_DE","og_type":"article","og_title":"DURA-LUXE\u2122 Luxury Microfiber Fitted Sheet","og_description":"Zijdezacht, duurzaam en kreukvrij hoeslaken voor massagetafels. Deze DURA-LUXE\u2122 Fitted Sheet is ideaal voor salons en spa\u2019s. Sneldrogend en machinewasbaar.","og_url":"https:\/\/touchproeurope.eu\/de\/product\/dura-luxe-luxus-mikrofaser-spannbetttuch\/","og_site_name":"TouchPro Europe Shop","article_publisher":"https:\/\/www.facebook.com\/TouchproNederland\/?locale=nl_NL%2f","article_modified_time":"2026-04-22T10:56:28+00:00","og_image":[{"width":1200,"height":1200,"url":"https:\/\/touchproeurope.eu\/wp-content\/uploads\/2025\/07\/dura-luxe_microfiber_-_fitted_sheet_-_creme.webp","type":"image\/webp"}],"twitter_card":"summary_large_image","twitter_misc":{"Verf\u00fcgbarkeit":"Auf Lager"},"schema":{"@context":"https:\/\/schema.org","@graph":[{"@type":"WebPage","@id":"https:\/\/touchproeurope.eu\/product\/dura-luxe-luxury-microfiber-fitted-sheet\/","url":"https:\/\/touchproeurope.eu\/product\/dura-luxe-luxury-microfiber-fitted-sheet\/","name":"DURA-LUXE\u2122 Luxus-Mikrofaser-Spannbetttuch \u2013 TouchPro Europe Shop","isPartOf":{"@id":"https:\/\/touchproeurope.eu\/#website"},"primaryImageOfPage":{"@id":"https:\/\/touchproeurope.eu\/product\/dura-luxe-luxury-microfiber-fitted-sheet\/#primaryimage"},"image":{"@id":"https:\/\/touchproeurope.eu\/product\/dura-luxe-luxury-microfiber-fitted-sheet\/#primaryimage"},"thumbnailUrl":"https:\/\/i0.wp.com\/touchproeurope.eu\/wp-content\/uploads\/2025\/07\/dura-luxe_microfiber_-_fitted_sheet_-_creme.webp?fit=1200%2C1200&ssl=1","datePublished":"2025-11-30T10:08:37+00:00","dateModified":"2026-04-22T10:56:28+00:00","description":"Seidig weiches, strapazierf\u00e4higes und knitterfreies Spannbetttuch f\u00fcr Massageliegen. Dieses DURA-LUXE\u2122 Spannbetttuch ist ideal f\u00fcr Salons und Spas. Schnell trocknend und maschinenwaschbar.","breadcrumb":{"@id":"https:\/\/touchproeurope.eu\/product\/dura-luxe-luxury-microfiber-fitted-sheet\/#breadcrumb"},"inLanguage":"de","potentialAction":[{"@type":"ReadAction","target":["https:\/\/touchproeurope.eu\/product\/dura-luxe-luxury-microfiber-fitted-sheet\/"]}]},{"@type":"ImageObject","inLanguage":"de","@id":"https:\/\/touchproeurope.eu\/product\/dura-luxe-luxury-microfiber-fitted-sheet\/#primaryimage","url":"https:\/\/i0.wp.com\/touchproeurope.eu\/wp-content\/uploads\/2025\/07\/dura-luxe_microfiber_-_fitted_sheet_-_creme.webp?fit=1200%2C1200&ssl=1","contentUrl":"https:\/\/i0.wp.com\/touchproeurope.eu\/wp-content\/uploads\/2025\/07\/dura-luxe_microfiber_-_fitted_sheet_-_creme.webp?fit=1200%2C1200&ssl=1","width":1200,"height":1200,"caption":"DURA-LUXE\u2122 Luxury Microfiber Fitted Sheet"},{"@type":"BreadcrumbList","@id":"https:\/\/touchproeurope.eu\/product\/dura-luxe-luxury-microfiber-fitted-sheet\/#breadcrumb","itemListElement":[{"@type":"ListItem","position":1,"name":"Home","item":"https:\/\/touchproeurope.eu\/"},{"@type":"ListItem","position":2,"name":"Winkel","item":"https:\/\/touchproeurope.eu\/winkel\/"},{"@type":"ListItem","position":3,"name":"DURA-LUXE\u2122 Luxury Microfiber Fitted Sheet"}]},{"@type":"WebSite","@id":"https:\/\/touchproeurope.eu\/#website","url":"https:\/\/touchproeurope.eu\/","name":"TouchPro Europe Shop","description":"Alles f\u00fcr Ihre Praxis mit einem PROfessional Touch!","publisher":{"@id":"https:\/\/touchproeurope.eu\/#organization"},"alternateName":"TPE","potentialAction":[{"@type":"SearchAction","target":{"@type":"EntryPoint","urlTemplate":"https:\/\/touchproeurope.eu\/?s={search_term_string}"},"query-input":{"@type":"PropertyValueSpecification","valueRequired":true,"valueName":"search_term_string"}}],"inLanguage":"de"},{"@type":"Organization","@id":"https:\/\/touchproeurope.eu\/#organization","name":"TouchPro Europa BV","alternateName":"TPE","url":"https:\/\/touchproeurope.eu\/","logo":{"@type":"ImageObject","inLanguage":"de","@id":"https:\/\/touchproeurope.eu\/#\/schema\/logo\/image\/","url":"https:\/\/i0.wp.com\/touchproeurope.eu\/wp-content\/uploads\/2023\/10\/2b592c_b6944d80811246d987cc2c29accedf3f.png?fit=1417%2C531&ssl=1","contentUrl":"https:\/\/i0.wp.com\/touchproeurope.eu\/wp-content\/uploads\/2023\/10\/2b592c_b6944d80811246d987cc2c29accedf3f.png?fit=1417%2C531&ssl=1","width":1417,"height":531,"caption":"TouchPro Europe BV"},"image":{"@id":"https:\/\/touchproeurope.eu\/#\/schema\/logo\/image\/"},"sameAs":["https:\/\/www.facebook.com\/TouchproNederland\/?locale=nl_NL\/","https:\/\/www.instagram.com\/touchpro2016\/","https:\/\/www.linkedin.com\/company\/touchpro-europe-bv\/"],"description":"TouchPro Europe Shop ist das Massagegesch\u00e4ft in Europa. Wir verkaufen hochwertige Massageprodukte an Masseure, Fu\u00dfpfleger, Physiotherapeuten, Manik\u00fcre, Wellness-Zentren, Ausbildungskurse, usw. TouchPro begann als kleines Gesch\u00e4ft in den Niederlanden, hat sich aber inzwischen zu einem Gesch\u00e4ft mit Kunden aus ganz Europa entwickelt. Wir bieten eine gro\u00dfe Auswahl an Massageprodukten, darunter Massageliegen, \u00d6le, Cremes und Zubeh\u00f6r von Top-Marken wie Earthlite, Stronglite und InnerStrenght, Habys, Living Earth Crafts und Continuum sowie anderen Lieferanten von Massagezubeh\u00f6r. Bestellen Sie hier die besten Massageprodukte Europas!","email":"info@touchpro-europe.com","telephone":"0858768829","legalName":"TouchPro Europe BV","foundingDate":"2018-01-11","vatID":"NL855430151B01","numberOfEmployees":{"@type":"QuantitativeValue","minValue":"1","maxValue":"10"},"hasMerchantReturnPolicy":{"@type":"MerchantReturnPolicy","merchantReturnLink":"https:\/\/touchproeurope.eu\/de\/retourbeleid\/"}}]},"product_brand":"Earthlite","og_availability":"instock","product_availability":"instock","product_retailer_item_id":"DURA-LUXE\u2122 Microfiber Fitted Sheet","product_condition":"new"},"_links":{"self":[{"href":"https:\/\/touchproeurope.eu\/de\/wp-json\/wp\/v2\/product\/12615","targetHints":{"allow":["GET"]}}],"collection":[{"href":"https:\/\/touchproeurope.eu\/de\/wp-json\/wp\/v2\/product"}],"about":[{"href":"https:\/\/touchproeurope.eu\/de\/wp-json\/wp\/v2\/types\/product"}],"replies":[{"embeddable":true,"href":"https:\/\/touchproeurope.eu\/de\/wp-json\/wp\/v2\/comments?post=12615"}],"version-history":[{"count":5,"href":"https:\/\/touchproeurope.eu\/de\/wp-json\/wp\/v2\/product\/12615\/revisions"}],"predecessor-version":[{"id":15207,"href":"https:\/\/touchproeurope.eu\/de\/wp-json\/wp\/v2\/product\/12615\/revisions\/15207"}],"wp:featuredmedia":[{"embeddable":true,"href":"https:\/\/touchproeurope.eu\/de\/wp-json\/wp\/v2\/media\/12621"}],"wp:attachment":[{"href":"https:\/\/touchproeurope.eu\/de\/wp-json\/wp\/v2\/media?parent=12615"}],"wp:term":[{"taxonomy":"product_brand","embeddable":true,"href":"https:\/\/touchproeurope.eu\/de\/wp-json\/wp\/v2\/product_brand?post=12615"},{"taxonomy":"product_cat","embeddable":true,"href":"https:\/\/touchproeurope.eu\/de\/wp-json\/wp\/v2\/product_cat?post=12615"},{"taxonomy":"product_tag","embeddable":true,"href":"https:\/\/touchproeurope.eu\/de\/wp-json\/wp\/v2\/product_tag?post=12615"}],"curies":[{"name":"wp","href":"https:\/\/api.w.org\/{rel}","templated":true}]}}