{"id":14823,"date":"2025-10-22T07:58:40","date_gmt":"2025-10-22T07:58:40","guid":{"rendered":"https:\/\/touchproeurope.eu\/?post_type=product&#038;p=14823"},"modified":"2026-04-16T16:09:07","modified_gmt":"2026-04-16T16:09:07","slug":"everest","status":"publish","type":"product","link":"https:\/\/touchproeurope.eu\/de\/product\/everest\/","title":{"rendered":"Everest\u2122 Elektrischer Lift"},"content":{"rendered":"<p data-start=\"378\" data-end=\"815\">Der Everest\u2122 Electric Lift von Earthlite verbindet schlankes, modernes Design mit au\u00dfergew\u00f6hnlicher Stabilit\u00e4t und professioneller Leistung. Diese Behandlungsliege ist f\u00fcr Therapeuten und Wellness-Profis konzipiert. Sie sind t\u00e4glich auf Effizienz, Komfort und Zuverl\u00e4ssigkeit angewiesen. Mit seinem robusten Stahlrahmen, der ger\u00e4uscharmen elektrischen Hubs\u00e4ule und dem luxuri\u00f6sen Finish bietet der Everest\u2122 ein Gleichgewicht aus Eleganz, St\u00e4rke und Benutzerfreundlichkeit.<\/p>\n<p data-start=\"817\" data-end=\"1259\">Der Tisch ist mit einem leistungsstarken elektrischen Antrieb ausgestattet. Er erm\u00f6glicht eine stufenlose H\u00f6henverstellung \u00fcber ein handfreies Fu\u00dfpedal. Die Eins\u00e4ulenkonstruktion schafft zus\u00e4tzliche Bein- und Kniefreiheit f\u00fcr den Therapeuten. Dies f\u00f6rdert eine ergonomische Arbeitshaltung und optimiert den Komfort f\u00fcr Therapeut und Klient. Die Liege ist CE-zertifiziert und f\u00fcr eine jahrelange intensive Nutzung ausgelegt.<\/p>\n<p data-start=\"1261\" data-end=\"1800\">Die Liegefl\u00e4che ist mit dem hochwertigen 7,6 cm (3\u201d) Pro-Plush\u2122 Deluxe Polstersystem ausgestattet. Dieses System besteht aus drei Schaumstoffschichten mit unterschiedlichen Dichten f\u00fcr maximalen Komfort. Die Polsterung ist aus Comfort-Flex\u2122 PU-Material gefertigt. Es f\u00fchlt sich weich an und ist \u00e4u\u00dferst strapazierf\u00e4hig. Au\u00dferdem ist es rei\u00dffest, verf\u00e4rbt sich nicht und kann bis zu drei Jahre lang nicht abbl\u00e4ttern.<\/p>\n<p data-start=\"1261\" data-end=\"1800\">Die abgerundeten Salonecken sorgen f\u00fcr ein stilvolles Aussehen. Au\u00dferdem machen sie den Tisch f\u00fcr die Therapeuten bequemer, w\u00e4hrend sie um den Kunden herum arbeiten.<\/p>\n<p data-start=\"1802\" data-end=\"2146\">Der Everest\u2122 Elektrolift wird in den USA mit sorgf\u00e4ltig ausgew\u00e4hlten globalen Komponenten hergestellt. Er ist in verschiedenen Breiten erh\u00e4ltlich (71, 76 oder 81 cm). Optional kann er mit Zubeh\u00f6r wie einer Deluxe-H\u00e4ngearmlehne, einem ETL-Upgrade oder einem Gesichtskissen mit Plattform ausgestattet werden (separat erh\u00e4ltlich).<\/p>\n<p data-start=\"2148\" data-end=\"2393\">Kurz gesagt: eine langlebige, zuverl\u00e4ssige und luxuri\u00f6se Behandlungsliege. Sie vereint Funktionalit\u00e4t und Eleganz und ist perfekt f\u00fcr Spas, Massagesalons, Physiotherapiepraxen und Wellnesszentren, die Wert auf Professionalit\u00e4t und Komfort legen.<\/p>","protected":false},"excerpt":{"rendered":"<p>Die <strong data-start=\"2440\" data-end=\"2466\">Everest\u2122 Elektrischer Lift<\/strong> ist eine hochwertige elektrische Behandlungsliege mit leistungsstarker, leiser H\u00f6henverstellung. Ausgestattet mit einem robusten Stahlrahmen, 3-lagigen Pro-Plush\u2122-Kissen und einer langlebigen Comfort-Flex\u2122-Polsterung. Entwickelt f\u00fcr maximale Stabilit\u00e4t, Ergonomie und Luxus in jedem Wellness- oder Behandlungsraum.<\/p>\n<p><a href=\"https:\/\/touchproeurope.eu\/wp-content\/uploads\/2025\/10\/Everest_Pedestal_Lift_1-300-0110_-_Rev_012323.pdf\">Absatzblatt<\/a><\/p>","protected":false},"featured_media":14950,"comment_status":"open","ping_status":"closed","template":"","meta":[],"product_brand":[343],"product_cat":[97,93],"product_tag":[458,461,459,462,460],"class_list":{"0":"post-14823","1":"product","2":"type-product","3":"status-publish","4":"has-post-thumbnail","6":"product_brand-earthlite","7":"product_cat-elektrische-massagetafels","8":"product_cat-massagetafels","9":"product_tag-elektrische-behandeltafel","10":"product_tag-ergonomische-massagetafel","11":"product_tag-professionele-massagetafel","12":"product_tag-therapietafel","13":"product_tag-wellness-behandeltafel","14":"product_shipping_class-offerte-aanvraag","15":"pa_kleur-bordeaux","16":"pa_kleur-latte","17":"pa_kleur-maries-beige","18":"pa_kleur-mystic-blue","19":"pa_kleur-paars","20":"pa_kleur-teal","21":"pa_kleur-vanille-creme","22":"pa_kleur-wit","23":"pa_kleur-zilver","24":"pa_kleur-zwart","25":"pa_merk-earthlite","27":"first","28":"instock","29":"taxable","30":"shipping-taxable","31":"purchasable","32":"product-type-variable"},"yoast_head":"<!-- This site is optimized with the Yoast SEO Premium plugin v27.4 (Yoast SEO v27.4) - https:\/\/yoast.com\/product\/yoast-seo-premium-wordpress\/ -->\n<title>Everest\u2122 Electric Lift: De Perfecte Balans van Sterkte in een tafel- TouchPro Europe Shop<\/title>\n<meta name=\"description\" content=\"De Everest\u2122 Electric lift biedt een luxe afwerking en professionele prestaties. Verbeter uw wellnesspraktijk met deze betrouwbare behandeltafel! \ud83c\udf1f\" \/>\n<meta name=\"robots\" content=\"index, follow, max-snippet:-1, max-image-preview:large, max-video-preview:-1\" \/>\n<link rel=\"canonical\" href=\"https:\/\/touchproeurope.eu\/de\/product\/everest\/\" \/>\n<meta property=\"og:locale\" content=\"de_DE\" \/>\n<meta property=\"og:type\" content=\"article\" \/>\n<meta property=\"og:title\" content=\"Everest\u2122 Electric lift\" \/>\n<meta property=\"og:description\" content=\"De Everest\u2122 Electric lift biedt een luxe afwerking en professionele prestaties. Verbeter uw wellnesspraktijk met deze betrouwbare behandeltafel! \ud83c\udf1f\" \/>\n<meta property=\"og:url\" content=\"https:\/\/touchproeurope.eu\/de\/product\/everest\/\" \/>\n<meta property=\"og:site_name\" content=\"TouchPro Europe Shop\" \/>\n<meta property=\"article:publisher\" content=\"https:\/\/www.facebook.com\/TouchproNederland\/?locale=nl_NL%2f\" \/>\n<meta property=\"article:modified_time\" content=\"2026-04-16T16:09:07+00:00\" \/>\n<meta property=\"og:image\" content=\"https:\/\/touchproeurope.eu\/wp-content\/uploads\/2025\/10\/Everest_Pedestal_-_Tilt_-_Mystic_Blue-e1761147417207.jpg\" \/>\n\t<meta property=\"og:image:width\" content=\"800\" \/>\n\t<meta property=\"og:image:height\" content=\"800\" \/>\n\t<meta property=\"og:image:type\" content=\"image\/jpeg\" \/>\n<meta name=\"twitter:card\" content=\"summary_large_image\" \/>\n<meta name=\"twitter:label1\" content=\"Verf\u00fcgbarkeit\" \/>\n\t<meta name=\"twitter:data1\" content=\"Auf Lager\" \/>\n<script type=\"application\/ld+json\" class=\"yoast-schema-graph\">{\"@context\":\"https:\\\/\\\/schema.org\",\"@graph\":[{\"@type\":\"WebPage\",\"@id\":\"https:\\\/\\\/touchproeurope.eu\\\/product\\\/everest\\\/\",\"url\":\"https:\\\/\\\/touchproeurope.eu\\\/product\\\/everest\\\/\",\"name\":\"Everest\u2122 Electric Lift: De Perfecte Balans van Sterkte in een tafel- TouchPro Europe Shop\",\"isPartOf\":{\"@id\":\"https:\\\/\\\/touchproeurope.eu\\\/#website\"},\"primaryImageOfPage\":{\"@id\":\"https:\\\/\\\/touchproeurope.eu\\\/product\\\/everest\\\/#primaryimage\"},\"image\":{\"@id\":\"https:\\\/\\\/touchproeurope.eu\\\/product\\\/everest\\\/#primaryimage\"},\"thumbnailUrl\":\"https:\\\/\\\/i0.wp.com\\\/touchproeurope.eu\\\/wp-content\\\/uploads\\\/2025\\\/10\\\/Everest_Pedestal_-_Tilt_-_Mystic_Blue-e1761147417207.jpg?fit=800%2C800&ssl=1\",\"datePublished\":\"2025-10-22T07:58:40+00:00\",\"dateModified\":\"2026-04-16T16:09:07+00:00\",\"description\":\"De Everest\u2122 Electric lift biedt een luxe afwerking en professionele prestaties. Verbeter uw wellnesspraktijk met deze betrouwbare behandeltafel! \ud83c\udf1f\",\"breadcrumb\":{\"@id\":\"https:\\\/\\\/touchproeurope.eu\\\/product\\\/everest\\\/#breadcrumb\"},\"inLanguage\":\"de\",\"potentialAction\":[{\"@type\":\"ReadAction\",\"target\":[\"https:\\\/\\\/touchproeurope.eu\\\/product\\\/everest\\\/\"]}]},{\"@type\":\"ImageObject\",\"inLanguage\":\"de\",\"@id\":\"https:\\\/\\\/touchproeurope.eu\\\/product\\\/everest\\\/#primaryimage\",\"url\":\"https:\\\/\\\/i0.wp.com\\\/touchproeurope.eu\\\/wp-content\\\/uploads\\\/2025\\\/10\\\/Everest_Pedestal_-_Tilt_-_Mystic_Blue-e1761147417207.jpg?fit=800%2C800&ssl=1\",\"contentUrl\":\"https:\\\/\\\/i0.wp.com\\\/touchproeurope.eu\\\/wp-content\\\/uploads\\\/2025\\\/10\\\/Everest_Pedestal_-_Tilt_-_Mystic_Blue-e1761147417207.jpg?fit=800%2C800&ssl=1\",\"width\":800,\"height\":800,\"caption\":\"Everest\u2122 Electric lift tilt\"},{\"@type\":\"BreadcrumbList\",\"@id\":\"https:\\\/\\\/touchproeurope.eu\\\/product\\\/everest\\\/#breadcrumb\",\"itemListElement\":[{\"@type\":\"ListItem\",\"position\":1,\"name\":\"Home\",\"item\":\"https:\\\/\\\/touchproeurope.eu\\\/\"},{\"@type\":\"ListItem\",\"position\":2,\"name\":\"Winkel\",\"item\":\"https:\\\/\\\/touchproeurope.eu\\\/winkel\\\/\"},{\"@type\":\"ListItem\",\"position\":3,\"name\":\"Everest\u2122 Electric lift\"}]},{\"@type\":\"WebSite\",\"@id\":\"https:\\\/\\\/touchproeurope.eu\\\/#website\",\"url\":\"https:\\\/\\\/touchproeurope.eu\\\/\",\"name\":\"TouchPro Europe Shop\",\"description\":\"Alles voor jouw praktijk met een PROfessionele Touch!\",\"publisher\":{\"@id\":\"https:\\\/\\\/touchproeurope.eu\\\/#organization\"},\"alternateName\":\"TPE\",\"potentialAction\":[{\"@type\":\"SearchAction\",\"target\":{\"@type\":\"EntryPoint\",\"urlTemplate\":\"https:\\\/\\\/touchproeurope.eu\\\/?s={search_term_string}\"},\"query-input\":{\"@type\":\"PropertyValueSpecification\",\"valueRequired\":true,\"valueName\":\"search_term_string\"}}],\"inLanguage\":\"de\"},{\"@type\":\"Organization\",\"@id\":\"https:\\\/\\\/touchproeurope.eu\\\/#organization\",\"name\":\"TouchPro Europe BV\",\"alternateName\":\"TPE\",\"url\":\"https:\\\/\\\/touchproeurope.eu\\\/\",\"logo\":{\"@type\":\"ImageObject\",\"inLanguage\":\"de\",\"@id\":\"https:\\\/\\\/touchproeurope.eu\\\/#\\\/schema\\\/logo\\\/image\\\/\",\"url\":\"https:\\\/\\\/i0.wp.com\\\/touchproeurope.eu\\\/wp-content\\\/uploads\\\/2023\\\/10\\\/2b592c_b6944d80811246d987cc2c29accedf3f.png?fit=1417%2C531&ssl=1\",\"contentUrl\":\"https:\\\/\\\/i0.wp.com\\\/touchproeurope.eu\\\/wp-content\\\/uploads\\\/2023\\\/10\\\/2b592c_b6944d80811246d987cc2c29accedf3f.png?fit=1417%2C531&ssl=1\",\"width\":1417,\"height\":531,\"caption\":\"TouchPro Europe BV\"},\"image\":{\"@id\":\"https:\\\/\\\/touchproeurope.eu\\\/#\\\/schema\\\/logo\\\/image\\\/\"},\"sameAs\":[\"https:\\\/\\\/www.facebook.com\\\/TouchproNederland\\\/?locale=nl_NL\\\/\",\"https:\\\/\\\/www.instagram.com\\\/touchpro2016\\\/\",\"https:\\\/\\\/www.linkedin.com\\\/company\\\/touchpro-europe-bv\\\/\"],\"description\":\"TouchPro Europe Shop is de massage winkel van Europa. Wij verkopen topkwaliteit massageproducten aan masseurs, pedicures, fysiotherapeuten, manicuren, Wellness centra, opleidingen, etc. TouchPro begon als een kleine webshop in Nederland, maar is nu uitgegroeid tot een webshop met klanten uit heel Europa. Wij bieden een breed assortiment aan massageproducten, waaronder massagetafels, oli\u00ebn, cr\u00e8mes, en accessoires van topmerken, zoals Earthlite, Stronglite en InnerStrenght, Habys, Living Earth Crafts en Continuum en andere leveranciers van massage accessoires. Bestel hier de beste massagematerialen van Europa!\",\"email\":\"info@touchpro-europe.com\",\"telephone\":\"0858768829\",\"legalName\":\"TouchPro Europe BV\",\"foundingDate\":\"2018-01-11\",\"vatID\":\"NL855430151B01\",\"numberOfEmployees\":{\"@type\":\"QuantitativeValue\",\"minValue\":\"1\",\"maxValue\":\"10\"},\"hasMerchantReturnPolicy\":{\"@type\":\"MerchantReturnPolicy\",\"merchantReturnLink\":\"https:\\\/\\\/touchproeurope.eu\\\/de\\\/retourbeleid\\\/\"}}]}<\/script>\n<meta property=\"product:brand\" content=\"Earthlite\" \/>\n<meta property=\"og:availability\" content=\"instock\" \/>\n<meta property=\"product:availability\" content=\"instock\" \/>\n<meta property=\"product:condition\" content=\"new\" \/>\n<!-- \/ Yoast SEO Premium plugin. -->","yoast_head_json":{"title":"Elektrischer Everest\u2122-Lift: Das perfekte Gleichgewicht der Kraft in einem Tisch- TouchPro Europe Shop","description":"Der Everest\u2122 Electric Lift bietet eine luxuri\u00f6se Verarbeitung und professionelle Leistung. Verbessern Sie Ihre Wellness-Praxis mit dieser zuverl\u00e4ssigen Behandlungsliege! \ud83c\udf1f","robots":{"index":"index","follow":"follow","max-snippet":"max-snippet:-1","max-image-preview":"max-image-preview:large","max-video-preview":"max-video-preview:-1"},"canonical":"https:\/\/touchproeurope.eu\/de\/product\/everest\/","og_locale":"de_DE","og_type":"article","og_title":"Everest\u2122 Electric lift","og_description":"De Everest\u2122 Electric lift biedt een luxe afwerking en professionele prestaties. Verbeter uw wellnesspraktijk met deze betrouwbare behandeltafel! \ud83c\udf1f","og_url":"https:\/\/touchproeurope.eu\/de\/product\/everest\/","og_site_name":"TouchPro Europe Shop","article_publisher":"https:\/\/www.facebook.com\/TouchproNederland\/?locale=nl_NL%2f","article_modified_time":"2026-04-16T16:09:07+00:00","og_image":[{"width":800,"height":800,"url":"https:\/\/touchproeurope.eu\/wp-content\/uploads\/2025\/10\/Everest_Pedestal_-_Tilt_-_Mystic_Blue-e1761147417207.jpg","type":"image\/jpeg"}],"twitter_card":"summary_large_image","twitter_misc":{"Verf\u00fcgbarkeit":"Auf Lager"},"schema":{"@context":"https:\/\/schema.org","@graph":[{"@type":"WebPage","@id":"https:\/\/touchproeurope.eu\/product\/everest\/","url":"https:\/\/touchproeurope.eu\/product\/everest\/","name":"Elektrischer Everest\u2122-Lift: Das perfekte Gleichgewicht der Kraft in einem Tisch- TouchPro Europe Shop","isPartOf":{"@id":"https:\/\/touchproeurope.eu\/#website"},"primaryImageOfPage":{"@id":"https:\/\/touchproeurope.eu\/product\/everest\/#primaryimage"},"image":{"@id":"https:\/\/touchproeurope.eu\/product\/everest\/#primaryimage"},"thumbnailUrl":"https:\/\/i0.wp.com\/touchproeurope.eu\/wp-content\/uploads\/2025\/10\/Everest_Pedestal_-_Tilt_-_Mystic_Blue-e1761147417207.jpg?fit=800%2C800&ssl=1","datePublished":"2025-10-22T07:58:40+00:00","dateModified":"2026-04-16T16:09:07+00:00","description":"Der Everest\u2122 Electric Lift bietet eine luxuri\u00f6se Verarbeitung und professionelle Leistung. Verbessern Sie Ihre Wellness-Praxis mit dieser zuverl\u00e4ssigen Behandlungsliege! \ud83c\udf1f","breadcrumb":{"@id":"https:\/\/touchproeurope.eu\/product\/everest\/#breadcrumb"},"inLanguage":"de","potentialAction":[{"@type":"ReadAction","target":["https:\/\/touchproeurope.eu\/product\/everest\/"]}]},{"@type":"ImageObject","inLanguage":"de","@id":"https:\/\/touchproeurope.eu\/product\/everest\/#primaryimage","url":"https:\/\/i0.wp.com\/touchproeurope.eu\/wp-content\/uploads\/2025\/10\/Everest_Pedestal_-_Tilt_-_Mystic_Blue-e1761147417207.jpg?fit=800%2C800&ssl=1","contentUrl":"https:\/\/i0.wp.com\/touchproeurope.eu\/wp-content\/uploads\/2025\/10\/Everest_Pedestal_-_Tilt_-_Mystic_Blue-e1761147417207.jpg?fit=800%2C800&ssl=1","width":800,"height":800,"caption":"Everest\u2122 Electric lift tilt"},{"@type":"BreadcrumbList","@id":"https:\/\/touchproeurope.eu\/product\/everest\/#breadcrumb","itemListElement":[{"@type":"ListItem","position":1,"name":"Home","item":"https:\/\/touchproeurope.eu\/"},{"@type":"ListItem","position":2,"name":"Winkel","item":"https:\/\/touchproeurope.eu\/winkel\/"},{"@type":"ListItem","position":3,"name":"Everest\u2122 Electric lift"}]},{"@type":"WebSite","@id":"https:\/\/touchproeurope.eu\/#website","url":"https:\/\/touchproeurope.eu\/","name":"TouchPro Europe Shop","description":"Alles f\u00fcr Ihre Praxis mit einem PROfessional Touch!","publisher":{"@id":"https:\/\/touchproeurope.eu\/#organization"},"alternateName":"TPE","potentialAction":[{"@type":"SearchAction","target":{"@type":"EntryPoint","urlTemplate":"https:\/\/touchproeurope.eu\/?s={search_term_string}"},"query-input":{"@type":"PropertyValueSpecification","valueRequired":true,"valueName":"search_term_string"}}],"inLanguage":"de"},{"@type":"Organization","@id":"https:\/\/touchproeurope.eu\/#organization","name":"TouchPro Europa BV","alternateName":"TPE","url":"https:\/\/touchproeurope.eu\/","logo":{"@type":"ImageObject","inLanguage":"de","@id":"https:\/\/touchproeurope.eu\/#\/schema\/logo\/image\/","url":"https:\/\/i0.wp.com\/touchproeurope.eu\/wp-content\/uploads\/2023\/10\/2b592c_b6944d80811246d987cc2c29accedf3f.png?fit=1417%2C531&ssl=1","contentUrl":"https:\/\/i0.wp.com\/touchproeurope.eu\/wp-content\/uploads\/2023\/10\/2b592c_b6944d80811246d987cc2c29accedf3f.png?fit=1417%2C531&ssl=1","width":1417,"height":531,"caption":"TouchPro Europe BV"},"image":{"@id":"https:\/\/touchproeurope.eu\/#\/schema\/logo\/image\/"},"sameAs":["https:\/\/www.facebook.com\/TouchproNederland\/?locale=nl_NL\/","https:\/\/www.instagram.com\/touchpro2016\/","https:\/\/www.linkedin.com\/company\/touchpro-europe-bv\/"],"description":"TouchPro Europe Shop ist das Massagegesch\u00e4ft in Europa. Wir verkaufen hochwertige Massageprodukte an Masseure, Fu\u00dfpfleger, Physiotherapeuten, Manik\u00fcre, Wellness-Zentren, Ausbildungskurse, usw. TouchPro begann als kleines Gesch\u00e4ft in den Niederlanden, hat sich aber inzwischen zu einem Gesch\u00e4ft mit Kunden aus ganz Europa entwickelt. Wir bieten eine gro\u00dfe Auswahl an Massageprodukten, darunter Massageliegen, \u00d6le, Cremes und Zubeh\u00f6r von Top-Marken wie Earthlite, Stronglite und InnerStrenght, Habys, Living Earth Crafts und Continuum sowie anderen Lieferanten von Massagezubeh\u00f6r. Bestellen Sie hier die besten Massageprodukte Europas!","email":"info@touchpro-europe.com","telephone":"0858768829","legalName":"TouchPro Europe BV","foundingDate":"2018-01-11","vatID":"NL855430151B01","numberOfEmployees":{"@type":"QuantitativeValue","minValue":"1","maxValue":"10"},"hasMerchantReturnPolicy":{"@type":"MerchantReturnPolicy","merchantReturnLink":"https:\/\/touchproeurope.eu\/de\/retourbeleid\/"}}]},"product_brand":"Earthlite","og_availability":"instock","product_availability":"instock","product_condition":"new"},"_links":{"self":[{"href":"https:\/\/touchproeurope.eu\/de\/wp-json\/wp\/v2\/product\/14823","targetHints":{"allow":["GET"]}}],"collection":[{"href":"https:\/\/touchproeurope.eu\/de\/wp-json\/wp\/v2\/product"}],"about":[{"href":"https:\/\/touchproeurope.eu\/de\/wp-json\/wp\/v2\/types\/product"}],"replies":[{"embeddable":true,"href":"https:\/\/touchproeurope.eu\/de\/wp-json\/wp\/v2\/comments?post=14823"}],"version-history":[{"count":5,"href":"https:\/\/touchproeurope.eu\/de\/wp-json\/wp\/v2\/product\/14823\/revisions"}],"predecessor-version":[{"id":16091,"href":"https:\/\/touchproeurope.eu\/de\/wp-json\/wp\/v2\/product\/14823\/revisions\/16091"}],"wp:featuredmedia":[{"embeddable":true,"href":"https:\/\/touchproeurope.eu\/de\/wp-json\/wp\/v2\/media\/14950"}],"wp:attachment":[{"href":"https:\/\/touchproeurope.eu\/de\/wp-json\/wp\/v2\/media?parent=14823"}],"wp:term":[{"taxonomy":"product_brand","embeddable":true,"href":"https:\/\/touchproeurope.eu\/de\/wp-json\/wp\/v2\/product_brand?post=14823"},{"taxonomy":"product_cat","embeddable":true,"href":"https:\/\/touchproeurope.eu\/de\/wp-json\/wp\/v2\/product_cat?post=14823"},{"taxonomy":"product_tag","embeddable":true,"href":"https:\/\/touchproeurope.eu\/de\/wp-json\/wp\/v2\/product_tag?post=14823"}],"curies":[{"name":"wp","href":"https:\/\/api.w.org\/{rel}","templated":true}]}}