{"id":15578,"date":"2026-01-13T09:42:28","date_gmt":"2026-01-13T09:42:28","guid":{"rendered":"https:\/\/touchproeurope.eu\/?post_type=product&#038;p=15578"},"modified":"2026-04-22T14:51:08","modified_gmt":"2026-04-22T14:51:08","slug":"feldenkrais-basic-massageliege","status":"publish","type":"product","link":"https:\/\/touchproeurope.eu\/de\/product\/feldenkrais-basic-massagetafel\/","title":{"rendered":"FELDENKRAIS BASIC Massageliege"},"content":{"rendered":"<p>Der FELDENKRAIS BASIC Massagetisch ist ein leichter, klappbarer Therapietisch, der speziell f\u00fcr die Feldenkrais-Methode entwickelt wurde. Sie eignet sich auch hervorragend f\u00fcr Rolfing, k\u00f6rperorientierte Therapien und andere Behandlungsformen, bei denen eine niedrige Arbeitsh\u00f6he wichtig ist. Dank seines durchdachten Designs bietet dieser Tisch eine optimale Ergonomie f\u00fcr den Behandler und einen bequemen Liegekomfort f\u00fcr den Klienten.<\/p>\n<p>Die Massageliege ist mit dem patentierten CableLock\u2122-Klappsystem ausgestattet, mit dem die Liege in Sekundenschnelle auf- und wieder zusammengeklappt werden kann. Damit eignet sich die FELDENKRAIS BASIC besonders f\u00fcr den Einsatz in der Praxis sowie f\u00fcr Hausbesuche und mobile Therapie. Trotz seines geringen Gewichts bietet der Tisch eine hohe Stabilit\u00e4t und Sicherheit. Diese bleibt auch bei intensivem professionellen Einsatz erhalten.<\/p>\n<p>Mit einer verstellbaren Arbeitsh\u00f6he von 44 bis 60 cm ist dieser Tisch ideal f\u00fcr Behandlungsmethoden. Vor allem, wenn Sie nah am Klienten arbeiten. Die gro\u00dfz\u00fcgige Breite von 84 cm bietet zus\u00e4tzlichen Komfort und Bewegungsfreiheit w\u00e4hrend der Behandlung. Die Liege hat eine Arbeitslast von 180 kg und eine statische Last von bis zu 720 kg, so dass auch schwerere Patienten sicher behandelt werden k\u00f6nnen.<\/p>\n<p>Der FELDENKRAIS BASIC wird als komplettes Set mit Kopfst\u00fctze, beidseitiger Reiki-Option und einer stabilen Tragetasche geliefert. Die 4 cm dicke Schaumstoffschicht bietet eine angenehme Unterst\u00fctzung, ohne die Stabilit\u00e4t der Arbeitsfl\u00e4che zu beeintr\u00e4chtigen. Mit einem Gesamtgewicht von nur ca. 15 kg (ca. 17,2 kg inklusive Zubeh\u00f6r) ist dieser Tisch leicht zu transportieren.<\/p>\n<p>Eine zuverl\u00e4ssige, funktionelle und ergonomische Massageliege f\u00fcr Therapeuten, die mit Aufmerksamkeit, Pr\u00e4zision und K\u00f6rperbewusstsein arbeiten.<\/p>","protected":false},"excerpt":{"rendered":"<p>Klappbare Massageliege mit niedriger Arbeitsh\u00f6he, ideal f\u00fcr Feldenkrais und Rolfing. Leicht, stabil und schnell aufzustellen dank CableLock\u2122. Inklusive Kopfst\u00fctze, Reiki-Option und Tragetasche.<\/p>\n<div class=\"elementor-element elementor-element-f6bcaba elementor-widget elementor-widget-woocommerce-product-short-description\" data-id=\"f6bcaba\" data-element_type=\"widget\" data-widget_type=\"woocommerce-product-short-description.default\">\n<div class=\"woocommerce-product-details__short-description\">\n<p><strong>Bitte beachten Sie: Die Lieferzeit f\u00fcr Bodynova-Artikel betr\u00e4gt mindestens 4\u20135 Tage.<\/strong><\/p>\n<\/div>\n<\/div>\n<div class=\"elementor-element elementor-element-e2d295a e-add-to-cart--show-quantity-yes elementor-widget elementor-widget-woocommerce-product-add-to-cart\" data-id=\"e2d295a\" data-element_type=\"widget\" data-widget_type=\"woocommerce-product-add-to-cart.default\">\n<div class=\"elementor-add-to-cart elementor-product-variable\"><\/div>\n<\/div>","protected":false},"featured_media":15580,"comment_status":"open","ping_status":"closed","template":"","meta":[],"product_brand":[347],"product_cat":[94,93],"product_tag":[528,529,497,530],"class_list":{"0":"post-15578","1":"product","2":"type-product","3":"status-publish","4":"has-post-thumbnail","6":"product_brand-welltouch","7":"product_cat-draagbare-massagetafels","8":"product_cat-massagetafels","9":"product_tag-feldenkrais-massagetafel","10":"product_tag-feldenkrais-therapietafel","11":"product_tag-mobiele-massagetafel","12":"product_tag-opvouwbare-therapietafel","13":"product_shipping_class-klein-pakket","14":"pa_kleur-blauw","15":"pa_merk-welltouch","17":"first","18":"instock","19":"taxable","20":"shipping-taxable","21":"purchasable","22":"product-type-simple"},"yoast_head":"<!-- This site is optimized with the Yoast SEO Premium plugin v27.4 (Yoast SEO v27.4) - https:\/\/yoast.com\/product\/yoast-seo-premium-wordpress\/ -->\n<title>FELDENKRAIS BASIC Massagetafel: Lichtgewicht en Opvouwbaar - TouchPro Europe Shop<\/title>\n<meta name=\"description\" content=\"Ontdek de veelzijdigheid van de FELDENKRAIS BASIC Massagetafel. Perfect voor de Feldenkrais-methode en andere therapie\u00ebn. Koop vandaag nog!\" \/>\n<meta name=\"robots\" content=\"index, follow, max-snippet:-1, max-image-preview:large, max-video-preview:-1\" \/>\n<link rel=\"canonical\" href=\"https:\/\/touchproeurope.eu\/de\/product\/feldenkrais-basic-massageliege\/\" \/>\n<meta property=\"og:locale\" content=\"de_DE\" \/>\n<meta property=\"og:type\" content=\"article\" \/>\n<meta property=\"og:title\" content=\"FELDENKRAIS BASIC Massagetafel\" \/>\n<meta property=\"og:description\" content=\"Ontdek de veelzijdigheid van de FELDENKRAIS BASIC Massagetafel. Perfect voor de Feldenkrais-methode en andere therapie\u00ebn. Koop vandaag nog!\" \/>\n<meta property=\"og:url\" content=\"https:\/\/touchproeurope.eu\/de\/product\/feldenkrais-basic-massageliege\/\" \/>\n<meta property=\"og:site_name\" content=\"TouchPro Europe Shop\" \/>\n<meta property=\"article:publisher\" content=\"https:\/\/www.facebook.com\/TouchproNederland\/?locale=nl_NL%2f\" \/>\n<meta property=\"article:modified_time\" content=\"2026-04-22T14:51:08+00:00\" \/>\n<meta property=\"og:image\" content=\"https:\/\/touchproeurope.eu\/wp-content\/uploads\/2026\/01\/tfb84_massage_liege_feldenkrais_basic_welltouch_kopfstuetze-e1768297231779.jpg\" \/>\n\t<meta property=\"og:image:width\" content=\"800\" \/>\n\t<meta property=\"og:image:height\" content=\"800\" \/>\n\t<meta property=\"og:image:type\" content=\"image\/jpeg\" \/>\n<meta name=\"twitter:card\" content=\"summary_large_image\" \/>\n<meta name=\"twitter:label1\" content=\"Preis\" \/>\n\t<meta name=\"twitter:data1\" content=\"&euro;&nbsp;361,99 incl. BTW\" \/>\n\t<meta name=\"twitter:label2\" content=\"Verf\u00fcgbarkeit\" \/>\n\t<meta name=\"twitter:data2\" content=\"Auf Lager\" \/>\n<script type=\"application\/ld+json\" class=\"yoast-schema-graph\">{\"@context\":\"https:\\\/\\\/schema.org\",\"@graph\":[{\"@type\":\"WebPage\",\"@id\":\"https:\\\/\\\/touchproeurope.eu\\\/product\\\/feldenkrais-basic-massagetafel\\\/\",\"url\":\"https:\\\/\\\/touchproeurope.eu\\\/product\\\/feldenkrais-basic-massagetafel\\\/\",\"name\":\"FELDENKRAIS BASIC Massagetafel: Lichtgewicht en Opvouwbaar - TouchPro Europe Shop\",\"isPartOf\":{\"@id\":\"https:\\\/\\\/touchproeurope.eu\\\/#website\"},\"primaryImageOfPage\":{\"@id\":\"https:\\\/\\\/touchproeurope.eu\\\/product\\\/feldenkrais-basic-massagetafel\\\/#primaryimage\"},\"image\":{\"@id\":\"https:\\\/\\\/touchproeurope.eu\\\/product\\\/feldenkrais-basic-massagetafel\\\/#primaryimage\"},\"thumbnailUrl\":\"https:\\\/\\\/i0.wp.com\\\/touchproeurope.eu\\\/wp-content\\\/uploads\\\/2026\\\/01\\\/tfb84_massage_liege_feldenkrais_basic_welltouch_kopfstuetze-e1768297231779.jpg?fit=800%2C800&ssl=1\",\"datePublished\":\"2026-01-13T09:42:28+00:00\",\"dateModified\":\"2026-04-22T14:51:08+00:00\",\"description\":\"Ontdek de veelzijdigheid van de FELDENKRAIS BASIC Massagetafel. Perfect voor de Feldenkrais-methode en andere therapie\u00ebn. Koop vandaag nog!\",\"breadcrumb\":{\"@id\":\"https:\\\/\\\/touchproeurope.eu\\\/product\\\/feldenkrais-basic-massagetafel\\\/#breadcrumb\"},\"inLanguage\":\"de\",\"potentialAction\":[{\"@type\":\"ReadAction\",\"target\":[\"https:\\\/\\\/touchproeurope.eu\\\/product\\\/feldenkrais-basic-massagetafel\\\/\"]}]},{\"@type\":\"ImageObject\",\"inLanguage\":\"de\",\"@id\":\"https:\\\/\\\/touchproeurope.eu\\\/product\\\/feldenkrais-basic-massagetafel\\\/#primaryimage\",\"url\":\"https:\\\/\\\/i0.wp.com\\\/touchproeurope.eu\\\/wp-content\\\/uploads\\\/2026\\\/01\\\/tfb84_massage_liege_feldenkrais_basic_welltouch_kopfstuetze-e1768297231779.jpg?fit=800%2C800&ssl=1\",\"contentUrl\":\"https:\\\/\\\/i0.wp.com\\\/touchproeurope.eu\\\/wp-content\\\/uploads\\\/2026\\\/01\\\/tfb84_massage_liege_feldenkrais_basic_welltouch_kopfstuetze-e1768297231779.jpg?fit=800%2C800&ssl=1\",\"width\":800,\"height\":800,\"caption\":\"FELDENKRAIS BASIC Massagetafel\"},{\"@type\":\"BreadcrumbList\",\"@id\":\"https:\\\/\\\/touchproeurope.eu\\\/product\\\/feldenkrais-basic-massagetafel\\\/#breadcrumb\",\"itemListElement\":[{\"@type\":\"ListItem\",\"position\":1,\"name\":\"Home\",\"item\":\"https:\\\/\\\/touchproeurope.eu\\\/\"},{\"@type\":\"ListItem\",\"position\":2,\"name\":\"Winkel\",\"item\":\"https:\\\/\\\/touchproeurope.eu\\\/winkel\\\/\"},{\"@type\":\"ListItem\",\"position\":3,\"name\":\"FELDENKRAIS BASIC Massagetafel\"}]},{\"@type\":\"WebSite\",\"@id\":\"https:\\\/\\\/touchproeurope.eu\\\/#website\",\"url\":\"https:\\\/\\\/touchproeurope.eu\\\/\",\"name\":\"TouchPro Europe Shop\",\"description\":\"Alles voor jouw praktijk met een PROfessionele Touch!\",\"publisher\":{\"@id\":\"https:\\\/\\\/touchproeurope.eu\\\/#organization\"},\"alternateName\":\"TPE\",\"potentialAction\":[{\"@type\":\"SearchAction\",\"target\":{\"@type\":\"EntryPoint\",\"urlTemplate\":\"https:\\\/\\\/touchproeurope.eu\\\/?s={search_term_string}\"},\"query-input\":{\"@type\":\"PropertyValueSpecification\",\"valueRequired\":true,\"valueName\":\"search_term_string\"}}],\"inLanguage\":\"de\"},{\"@type\":\"Organization\",\"@id\":\"https:\\\/\\\/touchproeurope.eu\\\/#organization\",\"name\":\"TouchPro Europe BV\",\"alternateName\":\"TPE\",\"url\":\"https:\\\/\\\/touchproeurope.eu\\\/\",\"logo\":{\"@type\":\"ImageObject\",\"inLanguage\":\"de\",\"@id\":\"https:\\\/\\\/touchproeurope.eu\\\/#\\\/schema\\\/logo\\\/image\\\/\",\"url\":\"https:\\\/\\\/i0.wp.com\\\/touchproeurope.eu\\\/wp-content\\\/uploads\\\/2023\\\/10\\\/2b592c_b6944d80811246d987cc2c29accedf3f.png?fit=1417%2C531&ssl=1\",\"contentUrl\":\"https:\\\/\\\/i0.wp.com\\\/touchproeurope.eu\\\/wp-content\\\/uploads\\\/2023\\\/10\\\/2b592c_b6944d80811246d987cc2c29accedf3f.png?fit=1417%2C531&ssl=1\",\"width\":1417,\"height\":531,\"caption\":\"TouchPro Europe BV\"},\"image\":{\"@id\":\"https:\\\/\\\/touchproeurope.eu\\\/#\\\/schema\\\/logo\\\/image\\\/\"},\"sameAs\":[\"https:\\\/\\\/www.facebook.com\\\/TouchproNederland\\\/?locale=nl_NL\\\/\",\"https:\\\/\\\/www.instagram.com\\\/touchpro2016\\\/\",\"https:\\\/\\\/www.linkedin.com\\\/company\\\/touchpro-europe-bv\\\/\"],\"description\":\"TouchPro Europe Shop is de massage winkel van Europa. Wij verkopen topkwaliteit massageproducten aan masseurs, pedicures, fysiotherapeuten, manicuren, Wellness centra, opleidingen, etc. TouchPro begon als een kleine webshop in Nederland, maar is nu uitgegroeid tot een webshop met klanten uit heel Europa. Wij bieden een breed assortiment aan massageproducten, waaronder massagetafels, oli\u00ebn, cr\u00e8mes, en accessoires van topmerken, zoals Earthlite, Stronglite en InnerStrenght, Habys, Living Earth Crafts en Continuum en andere leveranciers van massage accessoires. Bestel hier de beste massagematerialen van Europa!\",\"email\":\"info@touchpro-europe.com\",\"telephone\":\"0858768829\",\"legalName\":\"TouchPro Europe BV\",\"foundingDate\":\"2018-01-11\",\"vatID\":\"NL855430151B01\",\"numberOfEmployees\":{\"@type\":\"QuantitativeValue\",\"minValue\":\"1\",\"maxValue\":\"10\"},\"hasMerchantReturnPolicy\":{\"@type\":\"MerchantReturnPolicy\",\"merchantReturnLink\":\"https:\\\/\\\/touchproeurope.eu\\\/de\\\/retourbeleid\\\/\"}}]}<\/script>\n<meta property=\"product:brand\" content=\"Welltouch\" \/>\n<meta property=\"product:price:amount\" content=\"361.99\" \/>\n<meta property=\"product:price:currency\" content=\"EUR\" \/>\n<meta property=\"og:availability\" content=\"instock\" \/>\n<meta property=\"product:availability\" content=\"instock\" \/>\n<meta property=\"product:retailer_item_id\" content=\"tfb84\" \/>\n<meta property=\"product:condition\" content=\"new\" \/>\n<!-- \/ Yoast SEO Premium plugin. -->","yoast_head_json":{"title":"FELDENKRAIS BASIC Massageliege: Leicht und klappbar - TouchPro Europe Shop","description":"Entdecken Sie die Vielseitigkeit der FELDENKRAIS BASIC Massageliege. Perfekt f\u00fcr die Feldenkrais-Methode und andere Therapien. Kaufen Sie noch heute!","robots":{"index":"index","follow":"follow","max-snippet":"max-snippet:-1","max-image-preview":"max-image-preview:large","max-video-preview":"max-video-preview:-1"},"canonical":"https:\/\/touchproeurope.eu\/de\/product\/feldenkrais-basic-massageliege\/","og_locale":"de_DE","og_type":"article","og_title":"FELDENKRAIS BASIC Massagetafel","og_description":"Ontdek de veelzijdigheid van de FELDENKRAIS BASIC Massagetafel. Perfect voor de Feldenkrais-methode en andere therapie\u00ebn. Koop vandaag nog!","og_url":"https:\/\/touchproeurope.eu\/de\/product\/feldenkrais-basic-massageliege\/","og_site_name":"TouchPro Europe Shop","article_publisher":"https:\/\/www.facebook.com\/TouchproNederland\/?locale=nl_NL%2f","article_modified_time":"2026-04-22T14:51:08+00:00","og_image":[{"width":800,"height":800,"url":"https:\/\/touchproeurope.eu\/wp-content\/uploads\/2026\/01\/tfb84_massage_liege_feldenkrais_basic_welltouch_kopfstuetze-e1768297231779.jpg","type":"image\/jpeg"}],"twitter_card":"summary_large_image","twitter_misc":{"Preis":"&euro;&nbsp;361,99 incl. BTW","Verf\u00fcgbarkeit":"Auf Lager"},"schema":{"@context":"https:\/\/schema.org","@graph":[{"@type":"WebPage","@id":"https:\/\/touchproeurope.eu\/product\/feldenkrais-basic-massagetafel\/","url":"https:\/\/touchproeurope.eu\/product\/feldenkrais-basic-massagetafel\/","name":"FELDENKRAIS BASIC Massageliege: Leicht und klappbar - TouchPro Europe Shop","isPartOf":{"@id":"https:\/\/touchproeurope.eu\/#website"},"primaryImageOfPage":{"@id":"https:\/\/touchproeurope.eu\/product\/feldenkrais-basic-massagetafel\/#primaryimage"},"image":{"@id":"https:\/\/touchproeurope.eu\/product\/feldenkrais-basic-massagetafel\/#primaryimage"},"thumbnailUrl":"https:\/\/i0.wp.com\/touchproeurope.eu\/wp-content\/uploads\/2026\/01\/tfb84_massage_liege_feldenkrais_basic_welltouch_kopfstuetze-e1768297231779.jpg?fit=800%2C800&ssl=1","datePublished":"2026-01-13T09:42:28+00:00","dateModified":"2026-04-22T14:51:08+00:00","description":"Entdecken Sie die Vielseitigkeit der FELDENKRAIS BASIC Massageliege. Perfekt f\u00fcr die Feldenkrais-Methode und andere Therapien. Kaufen Sie noch heute!","breadcrumb":{"@id":"https:\/\/touchproeurope.eu\/product\/feldenkrais-basic-massagetafel\/#breadcrumb"},"inLanguage":"de","potentialAction":[{"@type":"ReadAction","target":["https:\/\/touchproeurope.eu\/product\/feldenkrais-basic-massagetafel\/"]}]},{"@type":"ImageObject","inLanguage":"de","@id":"https:\/\/touchproeurope.eu\/product\/feldenkrais-basic-massagetafel\/#primaryimage","url":"https:\/\/i0.wp.com\/touchproeurope.eu\/wp-content\/uploads\/2026\/01\/tfb84_massage_liege_feldenkrais_basic_welltouch_kopfstuetze-e1768297231779.jpg?fit=800%2C800&ssl=1","contentUrl":"https:\/\/i0.wp.com\/touchproeurope.eu\/wp-content\/uploads\/2026\/01\/tfb84_massage_liege_feldenkrais_basic_welltouch_kopfstuetze-e1768297231779.jpg?fit=800%2C800&ssl=1","width":800,"height":800,"caption":"FELDENKRAIS BASIC Massagetafel"},{"@type":"BreadcrumbList","@id":"https:\/\/touchproeurope.eu\/product\/feldenkrais-basic-massagetafel\/#breadcrumb","itemListElement":[{"@type":"ListItem","position":1,"name":"Home","item":"https:\/\/touchproeurope.eu\/"},{"@type":"ListItem","position":2,"name":"Winkel","item":"https:\/\/touchproeurope.eu\/winkel\/"},{"@type":"ListItem","position":3,"name":"FELDENKRAIS BASIC Massagetafel"}]},{"@type":"WebSite","@id":"https:\/\/touchproeurope.eu\/#website","url":"https:\/\/touchproeurope.eu\/","name":"TouchPro Europe Shop","description":"Alles f\u00fcr Ihre Praxis mit einem PROfessional Touch!","publisher":{"@id":"https:\/\/touchproeurope.eu\/#organization"},"alternateName":"TPE","potentialAction":[{"@type":"SearchAction","target":{"@type":"EntryPoint","urlTemplate":"https:\/\/touchproeurope.eu\/?s={search_term_string}"},"query-input":{"@type":"PropertyValueSpecification","valueRequired":true,"valueName":"search_term_string"}}],"inLanguage":"de"},{"@type":"Organization","@id":"https:\/\/touchproeurope.eu\/#organization","name":"TouchPro Europa BV","alternateName":"TPE","url":"https:\/\/touchproeurope.eu\/","logo":{"@type":"ImageObject","inLanguage":"de","@id":"https:\/\/touchproeurope.eu\/#\/schema\/logo\/image\/","url":"https:\/\/i0.wp.com\/touchproeurope.eu\/wp-content\/uploads\/2023\/10\/2b592c_b6944d80811246d987cc2c29accedf3f.png?fit=1417%2C531&ssl=1","contentUrl":"https:\/\/i0.wp.com\/touchproeurope.eu\/wp-content\/uploads\/2023\/10\/2b592c_b6944d80811246d987cc2c29accedf3f.png?fit=1417%2C531&ssl=1","width":1417,"height":531,"caption":"TouchPro Europe BV"},"image":{"@id":"https:\/\/touchproeurope.eu\/#\/schema\/logo\/image\/"},"sameAs":["https:\/\/www.facebook.com\/TouchproNederland\/?locale=nl_NL\/","https:\/\/www.instagram.com\/touchpro2016\/","https:\/\/www.linkedin.com\/company\/touchpro-europe-bv\/"],"description":"TouchPro Europe Shop ist das Massagegesch\u00e4ft in Europa. Wir verkaufen hochwertige Massageprodukte an Masseure, Fu\u00dfpfleger, Physiotherapeuten, Manik\u00fcre, Wellness-Zentren, Ausbildungskurse, usw. TouchPro begann als kleines Gesch\u00e4ft in den Niederlanden, hat sich aber inzwischen zu einem Gesch\u00e4ft mit Kunden aus ganz Europa entwickelt. Wir bieten eine gro\u00dfe Auswahl an Massageprodukten, darunter Massageliegen, \u00d6le, Cremes und Zubeh\u00f6r von Top-Marken wie Earthlite, Stronglite und InnerStrenght, Habys, Living Earth Crafts und Continuum sowie anderen Lieferanten von Massagezubeh\u00f6r. Bestellen Sie hier die besten Massageprodukte Europas!","email":"info@touchpro-europe.com","telephone":"0858768829","legalName":"TouchPro Europe BV","foundingDate":"2018-01-11","vatID":"NL855430151B01","numberOfEmployees":{"@type":"QuantitativeValue","minValue":"1","maxValue":"10"},"hasMerchantReturnPolicy":{"@type":"MerchantReturnPolicy","merchantReturnLink":"https:\/\/touchproeurope.eu\/de\/retourbeleid\/"}}]},"product_brand":"Welltouch","product_price_amount":"361.99","product_price_currency":"EUR","og_availability":"instock","product_availability":"instock","product_retailer_item_id":"tfb84","product_condition":"new"},"_links":{"self":[{"href":"https:\/\/touchproeurope.eu\/de\/wp-json\/wp\/v2\/product\/15578","targetHints":{"allow":["GET"]}}],"collection":[{"href":"https:\/\/touchproeurope.eu\/de\/wp-json\/wp\/v2\/product"}],"about":[{"href":"https:\/\/touchproeurope.eu\/de\/wp-json\/wp\/v2\/types\/product"}],"replies":[{"embeddable":true,"href":"https:\/\/touchproeurope.eu\/de\/wp-json\/wp\/v2\/comments?post=15578"}],"version-history":[{"count":1,"href":"https:\/\/touchproeurope.eu\/de\/wp-json\/wp\/v2\/product\/15578\/revisions"}],"predecessor-version":[{"id":15583,"href":"https:\/\/touchproeurope.eu\/de\/wp-json\/wp\/v2\/product\/15578\/revisions\/15583"}],"wp:featuredmedia":[{"embeddable":true,"href":"https:\/\/touchproeurope.eu\/de\/wp-json\/wp\/v2\/media\/15580"}],"wp:attachment":[{"href":"https:\/\/touchproeurope.eu\/de\/wp-json\/wp\/v2\/media?parent=15578"}],"wp:term":[{"taxonomy":"product_brand","embeddable":true,"href":"https:\/\/touchproeurope.eu\/de\/wp-json\/wp\/v2\/product_brand?post=15578"},{"taxonomy":"product_cat","embeddable":true,"href":"https:\/\/touchproeurope.eu\/de\/wp-json\/wp\/v2\/product_cat?post=15578"},{"taxonomy":"product_tag","embeddable":true,"href":"https:\/\/touchproeurope.eu\/de\/wp-json\/wp\/v2\/product_tag?post=15578"}],"curies":[{"name":"wp","href":"https:\/\/api.w.org\/{rel}","templated":true}]}}