{"id":15687,"date":"2026-01-26T13:23:01","date_gmt":"2026-01-26T13:23:01","guid":{"rendered":"https:\/\/touchproeurope.eu\/?post_type=product&#038;p=15687"},"modified":"2026-04-22T09:41:25","modified_gmt":"2026-04-22T09:41:25","slug":"yogamatte-rishikesh-reisen-60","status":"publish","type":"product","link":"https:\/\/touchproeurope.eu\/de\/product\/yogamat-rishikesh-travel-60\/","title":{"rendered":"Yogamatte RISHIKESH TRAVEL 60"},"content":{"rendered":"<p data-start=\"252\" data-end=\"579\">Die Yogamatte RISHIKESH TRAVEL 60 ist die ideale Wahl f\u00fcr Yogis, die viel unterwegs sind und keine Kompromisse bei der Qualit\u00e4t eingehen wollen. Au\u00dferdem entscheiden Sie sich mit der Yogamatte RISHIKESH TRAVEL 60 f\u00fcr eine Matte, die nicht nur praktisch, sondern auch langlebig ist. Diese Travel-Version ist die d\u00fcnnste und leichteste Variante der beliebten Rishikesh-Linie. Dar\u00fcber hinaus kombiniert die Matte maximale Mobilit\u00e4t mit der robusten Langlebigkeit, f\u00fcr die dieser Bestseller bekannt ist.<\/p>\n<p data-start=\"581\" data-end=\"985\">Mit einer Dicke von nur 2 mm und einem Gewicht von nur 900 Gramm l\u00e4sst sich die Yogamatte leicht falten und passt m\u00fchelos in einen Rucksack, einen Koffer oder eine Reisetasche. Das macht die Rishikesh Travel 60 perfekt f\u00fcr Reisen, Yoga-Retreats, Outdoor-Yoga, Workshops und Urlaub. Trotz ihres schlanken Designs bietet die RISHIKESH TRAVEL 60 Yogamatte ausreichend Stabilit\u00e4t. Au\u00dferdem hat die Matte eine zuverl\u00e4ssige Oberfl\u00e4che f\u00fcr die t\u00e4gliche Yogapraxis.<\/p>\n<p data-start=\"987\" data-end=\"1326\">Die Yogamatte besteht aus hochwertigem PVC, wird in Deutschland hergestellt und ist nach OEKO-TEX\u00ae Standard 100 zertifiziert. Das bedeutet, dass die Matte frei von Phthalaten und anderen sch\u00e4dlichen Substanzen ist. Das macht sie sicher f\u00fcr eine intensive und langfristige Nutzung. Das Material ist strapazierf\u00e4hig, pflegeleicht und einfach zu reinigen. Selbstverst\u00e4ndlich entspricht die Yogamatte RISHIKESH TRAVEL 60 den h\u00f6chsten Qualit\u00e4tsstandards und ist f\u00fcr jeden Yogi geeignet.<\/p>\n<p data-start=\"1328\" data-end=\"1631\">Der Rishikesh Travel 60 kann bei bis zu 30\u00b0C im Schonwaschgang in der Maschine gewaschen werden. Um Sch\u00e4den zu vermeiden, verwenden Sie kein Waschmittel oder Weichsp\u00fcler und schleudern Sie sie nicht. Bitte beachten Sie, dass PVC-Yogamatten nicht saugf\u00e4hig sind; bei Schwei\u00df oder Feuchtigkeit kann die Griffigkeit vor\u00fcbergehend nachlassen.<\/p>\n<p data-start=\"1633\" data-end=\"1776\">Eine zuverl\u00e4ssige, leichte und praktische Yogamatte f\u00fcr alle, die Flexibilit\u00e4t, Hygiene und Qualit\u00e4t suchen, wo auch immer Sie Ihr Yoga praktizieren. Kurz gesagt, mit der Yogamatte RISHIKESH TRAVEL 60 sind Ihnen Komfort und Bequemlichkeit stets garantiert. Dies gilt, wo immer Sie in der Welt sind.<\/p>","protected":false},"excerpt":{"rendered":"<p>Extra leichte und d\u00fcnne Reise-Yogamatte mit nur 2 mm Dicke. Faltbar, langlebig und OEKO-TEX\u00ae-zertifiziert. Ideal f\u00fcr Yoga unterwegs, Reisen und den Einsatz im Freien.<\/p>\n<p><strong>Bitte beachten Sie: Die Lieferzeit f\u00fcr Bodynova-Artikel betr\u00e4gt mindestens 4\u20135 Tage.<\/strong><\/p>","protected":false},"featured_media":15704,"comment_status":"open","ping_status":"closed","template":"","meta":[],"product_brand":[545],"product_cat":[356,368],"product_tag":[],"class_list":{"0":"post-15687","1":"product","2":"type-product","3":"status-publish","4":"has-post-thumbnail","6":"product_brand-bodhi","7":"product_cat-yoga-meditatie","8":"product_cat-yogamat","9":"product_shipping_class-klein-pakket","10":"pa_kleur-blauw","11":"pa_kleur-bordeaux","12":"pa_kleur-paars","13":"pa_kleur-taupe","14":"pa_merk-bodhi","16":"first","17":"instock","18":"taxable","19":"shipping-taxable","20":"purchasable","21":"product-type-variable"},"yoast_head":"<!-- This site is optimized with the Yoast SEO Premium plugin v27.4 (Yoast SEO v27.4) - https:\/\/yoast.com\/product\/yoast-seo-premium-wordpress\/ -->\n<title>Yogamat RISHIKESH TRAVEL 60 - TouchPro Europe Shop<\/title>\n<meta name=\"description\" content=\"Geniet van yoga waar je ook gaat met de Yogamat RISHIKESH TRAVEL 60. Deze dunne en lichte mat is de ideale begeleider voor jouw reizen!\" \/>\n<meta name=\"robots\" content=\"index, follow, max-snippet:-1, max-image-preview:large, max-video-preview:-1\" \/>\n<link rel=\"canonical\" href=\"https:\/\/touchproeurope.eu\/de\/product\/yogamatte-rishikesh-reisen-60\/\" \/>\n<meta property=\"og:locale\" content=\"de_DE\" \/>\n<meta property=\"og:type\" content=\"article\" \/>\n<meta property=\"og:title\" content=\"Yogamat RISHIKESH TRAVEL 60\" \/>\n<meta property=\"og:description\" content=\"Geniet van yoga waar je ook gaat met de Yogamat RISHIKESH TRAVEL 60. Deze dunne en lichte mat is de ideale begeleider voor jouw reizen!\" \/>\n<meta property=\"og:url\" content=\"https:\/\/touchproeurope.eu\/de\/product\/yogamatte-rishikesh-reisen-60\/\" \/>\n<meta property=\"og:site_name\" content=\"TouchPro Europe Shop\" \/>\n<meta property=\"article:publisher\" content=\"https:\/\/www.facebook.com\/TouchproNederland\/?locale=nl_NL%2f\" \/>\n<meta property=\"article:modified_time\" content=\"2026-04-22T09:41:25+00:00\" \/>\n<meta property=\"og:image\" content=\"https:\/\/touchproeurope.eu\/wp-content\/uploads\/2026\/01\/470x_rishikesh_bodhi_reiseyogamatte_vaterbild-e1769433538602.jpg\" \/>\n\t<meta property=\"og:image:width\" content=\"800\" \/>\n\t<meta property=\"og:image:height\" content=\"800\" \/>\n\t<meta property=\"og:image:type\" content=\"image\/jpeg\" \/>\n<meta name=\"twitter:card\" content=\"summary_large_image\" \/>\n<meta name=\"twitter:label1\" content=\"Verf\u00fcgbarkeit\" \/>\n\t<meta name=\"twitter:data1\" content=\"Auf Lager\" \/>\n<script type=\"application\/ld+json\" class=\"yoast-schema-graph\">{\"@context\":\"https:\\\/\\\/schema.org\",\"@graph\":[{\"@type\":\"WebPage\",\"@id\":\"https:\\\/\\\/touchproeurope.eu\\\/product\\\/yogamat-rishikesh-travel-60\\\/\",\"url\":\"https:\\\/\\\/touchproeurope.eu\\\/product\\\/yogamat-rishikesh-travel-60\\\/\",\"name\":\"Yogamat RISHIKESH TRAVEL 60 - TouchPro Europe Shop\",\"isPartOf\":{\"@id\":\"https:\\\/\\\/touchproeurope.eu\\\/#website\"},\"primaryImageOfPage\":{\"@id\":\"https:\\\/\\\/touchproeurope.eu\\\/product\\\/yogamat-rishikesh-travel-60\\\/#primaryimage\"},\"image\":{\"@id\":\"https:\\\/\\\/touchproeurope.eu\\\/product\\\/yogamat-rishikesh-travel-60\\\/#primaryimage\"},\"thumbnailUrl\":\"https:\\\/\\\/i0.wp.com\\\/touchproeurope.eu\\\/wp-content\\\/uploads\\\/2026\\\/01\\\/470x_rishikesh_bodhi_reiseyogamatte_vaterbild-e1769433538602.jpg?fit=800%2C800&ssl=1\",\"datePublished\":\"2026-01-26T13:23:01+00:00\",\"dateModified\":\"2026-04-22T09:41:25+00:00\",\"description\":\"Geniet van yoga waar je ook gaat met de Yogamat RISHIKESH TRAVEL 60. Deze dunne en lichte mat is de ideale begeleider voor jouw reizen!\",\"breadcrumb\":{\"@id\":\"https:\\\/\\\/touchproeurope.eu\\\/product\\\/yogamat-rishikesh-travel-60\\\/#breadcrumb\"},\"inLanguage\":\"de\",\"potentialAction\":[{\"@type\":\"ReadAction\",\"target\":[\"https:\\\/\\\/touchproeurope.eu\\\/product\\\/yogamat-rishikesh-travel-60\\\/\"]}]},{\"@type\":\"ImageObject\",\"inLanguage\":\"de\",\"@id\":\"https:\\\/\\\/touchproeurope.eu\\\/product\\\/yogamat-rishikesh-travel-60\\\/#primaryimage\",\"url\":\"https:\\\/\\\/i0.wp.com\\\/touchproeurope.eu\\\/wp-content\\\/uploads\\\/2026\\\/01\\\/470x_rishikesh_bodhi_reiseyogamatte_vaterbild-e1769433538602.jpg?fit=800%2C800&ssl=1\",\"contentUrl\":\"https:\\\/\\\/i0.wp.com\\\/touchproeurope.eu\\\/wp-content\\\/uploads\\\/2026\\\/01\\\/470x_rishikesh_bodhi_reiseyogamatte_vaterbild-e1769433538602.jpg?fit=800%2C800&ssl=1\",\"width\":800,\"height\":800,\"caption\":\"Yogamat RISHIKESH TRAVEL 60 Blauw\"},{\"@type\":\"BreadcrumbList\",\"@id\":\"https:\\\/\\\/touchproeurope.eu\\\/product\\\/yogamat-rishikesh-travel-60\\\/#breadcrumb\",\"itemListElement\":[{\"@type\":\"ListItem\",\"position\":1,\"name\":\"Home\",\"item\":\"https:\\\/\\\/touchproeurope.eu\\\/\"},{\"@type\":\"ListItem\",\"position\":2,\"name\":\"Winkel\",\"item\":\"https:\\\/\\\/touchproeurope.eu\\\/winkel\\\/\"},{\"@type\":\"ListItem\",\"position\":3,\"name\":\"Yogamat RISHIKESH TRAVEL 60\"}]},{\"@type\":\"WebSite\",\"@id\":\"https:\\\/\\\/touchproeurope.eu\\\/#website\",\"url\":\"https:\\\/\\\/touchproeurope.eu\\\/\",\"name\":\"TouchPro Europe Shop\",\"description\":\"Alles voor jouw praktijk met een PROfessionele Touch!\",\"publisher\":{\"@id\":\"https:\\\/\\\/touchproeurope.eu\\\/#organization\"},\"alternateName\":\"TPE\",\"potentialAction\":[{\"@type\":\"SearchAction\",\"target\":{\"@type\":\"EntryPoint\",\"urlTemplate\":\"https:\\\/\\\/touchproeurope.eu\\\/?s={search_term_string}\"},\"query-input\":{\"@type\":\"PropertyValueSpecification\",\"valueRequired\":true,\"valueName\":\"search_term_string\"}}],\"inLanguage\":\"de\"},{\"@type\":\"Organization\",\"@id\":\"https:\\\/\\\/touchproeurope.eu\\\/#organization\",\"name\":\"TouchPro Europe BV\",\"alternateName\":\"TPE\",\"url\":\"https:\\\/\\\/touchproeurope.eu\\\/\",\"logo\":{\"@type\":\"ImageObject\",\"inLanguage\":\"de\",\"@id\":\"https:\\\/\\\/touchproeurope.eu\\\/#\\\/schema\\\/logo\\\/image\\\/\",\"url\":\"https:\\\/\\\/i0.wp.com\\\/touchproeurope.eu\\\/wp-content\\\/uploads\\\/2023\\\/10\\\/2b592c_b6944d80811246d987cc2c29accedf3f.png?fit=1417%2C531&ssl=1\",\"contentUrl\":\"https:\\\/\\\/i0.wp.com\\\/touchproeurope.eu\\\/wp-content\\\/uploads\\\/2023\\\/10\\\/2b592c_b6944d80811246d987cc2c29accedf3f.png?fit=1417%2C531&ssl=1\",\"width\":1417,\"height\":531,\"caption\":\"TouchPro Europe BV\"},\"image\":{\"@id\":\"https:\\\/\\\/touchproeurope.eu\\\/#\\\/schema\\\/logo\\\/image\\\/\"},\"sameAs\":[\"https:\\\/\\\/www.facebook.com\\\/TouchproNederland\\\/?locale=nl_NL\\\/\",\"https:\\\/\\\/www.instagram.com\\\/touchpro2016\\\/\",\"https:\\\/\\\/www.linkedin.com\\\/company\\\/touchpro-europe-bv\\\/\"],\"description\":\"TouchPro Europe Shop is de massage winkel van Europa. Wij verkopen topkwaliteit massageproducten aan masseurs, pedicures, fysiotherapeuten, manicuren, Wellness centra, opleidingen, etc. TouchPro begon als een kleine webshop in Nederland, maar is nu uitgegroeid tot een webshop met klanten uit heel Europa. Wij bieden een breed assortiment aan massageproducten, waaronder massagetafels, oli\u00ebn, cr\u00e8mes, en accessoires van topmerken, zoals Earthlite, Stronglite en InnerStrenght, Habys, Living Earth Crafts en Continuum en andere leveranciers van massage accessoires. Bestel hier de beste massagematerialen van Europa!\",\"email\":\"info@touchpro-europe.com\",\"telephone\":\"0858768829\",\"legalName\":\"TouchPro Europe BV\",\"foundingDate\":\"2018-01-11\",\"vatID\":\"NL855430151B01\",\"numberOfEmployees\":{\"@type\":\"QuantitativeValue\",\"minValue\":\"1\",\"maxValue\":\"10\"},\"hasMerchantReturnPolicy\":{\"@type\":\"MerchantReturnPolicy\",\"merchantReturnLink\":\"https:\\\/\\\/touchproeurope.eu\\\/de\\\/retourbeleid\\\/\"}}]}<\/script>\n<meta property=\"product:brand\" content=\"Bodhi\" \/>\n<meta property=\"og:availability\" content=\"instock\" \/>\n<meta property=\"product:availability\" content=\"instock\" \/>\n<meta property=\"product:retailer_item_id\" content=\"470x\" \/>\n<meta property=\"product:condition\" content=\"new\" \/>\n<!-- \/ Yoast SEO Premium plugin. -->","yoast_head_json":{"title":"Yogamatte RISHIKESH TRAVEL 60 - TouchPro Europa Shop","description":"Genie\u00dfen Sie Yoga \u00fcberall mit der RISHIKESH TRAVEL 60 Yogamatte. Diese d\u00fcnne und leichte Matte ist der ideale Begleiter f\u00fcr Ihre Reisen!","robots":{"index":"index","follow":"follow","max-snippet":"max-snippet:-1","max-image-preview":"max-image-preview:large","max-video-preview":"max-video-preview:-1"},"canonical":"https:\/\/touchproeurope.eu\/de\/product\/yogamatte-rishikesh-reisen-60\/","og_locale":"de_DE","og_type":"article","og_title":"Yogamat RISHIKESH TRAVEL 60","og_description":"Geniet van yoga waar je ook gaat met de Yogamat RISHIKESH TRAVEL 60. Deze dunne en lichte mat is de ideale begeleider voor jouw reizen!","og_url":"https:\/\/touchproeurope.eu\/de\/product\/yogamatte-rishikesh-reisen-60\/","og_site_name":"TouchPro Europe Shop","article_publisher":"https:\/\/www.facebook.com\/TouchproNederland\/?locale=nl_NL%2f","article_modified_time":"2026-04-22T09:41:25+00:00","og_image":[{"width":800,"height":800,"url":"https:\/\/touchproeurope.eu\/wp-content\/uploads\/2026\/01\/470x_rishikesh_bodhi_reiseyogamatte_vaterbild-e1769433538602.jpg","type":"image\/jpeg"}],"twitter_card":"summary_large_image","twitter_misc":{"Verf\u00fcgbarkeit":"Auf Lager"},"schema":{"@context":"https:\/\/schema.org","@graph":[{"@type":"WebPage","@id":"https:\/\/touchproeurope.eu\/product\/yogamat-rishikesh-travel-60\/","url":"https:\/\/touchproeurope.eu\/product\/yogamat-rishikesh-travel-60\/","name":"Yogamatte RISHIKESH TRAVEL 60 - TouchPro Europa Shop","isPartOf":{"@id":"https:\/\/touchproeurope.eu\/#website"},"primaryImageOfPage":{"@id":"https:\/\/touchproeurope.eu\/product\/yogamat-rishikesh-travel-60\/#primaryimage"},"image":{"@id":"https:\/\/touchproeurope.eu\/product\/yogamat-rishikesh-travel-60\/#primaryimage"},"thumbnailUrl":"https:\/\/i0.wp.com\/touchproeurope.eu\/wp-content\/uploads\/2026\/01\/470x_rishikesh_bodhi_reiseyogamatte_vaterbild-e1769433538602.jpg?fit=800%2C800&ssl=1","datePublished":"2026-01-26T13:23:01+00:00","dateModified":"2026-04-22T09:41:25+00:00","description":"Genie\u00dfen Sie Yoga \u00fcberall mit der RISHIKESH TRAVEL 60 Yogamatte. Diese d\u00fcnne und leichte Matte ist der ideale Begleiter f\u00fcr Ihre Reisen!","breadcrumb":{"@id":"https:\/\/touchproeurope.eu\/product\/yogamat-rishikesh-travel-60\/#breadcrumb"},"inLanguage":"de","potentialAction":[{"@type":"ReadAction","target":["https:\/\/touchproeurope.eu\/product\/yogamat-rishikesh-travel-60\/"]}]},{"@type":"ImageObject","inLanguage":"de","@id":"https:\/\/touchproeurope.eu\/product\/yogamat-rishikesh-travel-60\/#primaryimage","url":"https:\/\/i0.wp.com\/touchproeurope.eu\/wp-content\/uploads\/2026\/01\/470x_rishikesh_bodhi_reiseyogamatte_vaterbild-e1769433538602.jpg?fit=800%2C800&ssl=1","contentUrl":"https:\/\/i0.wp.com\/touchproeurope.eu\/wp-content\/uploads\/2026\/01\/470x_rishikesh_bodhi_reiseyogamatte_vaterbild-e1769433538602.jpg?fit=800%2C800&ssl=1","width":800,"height":800,"caption":"Yogamat RISHIKESH TRAVEL 60 Blauw"},{"@type":"BreadcrumbList","@id":"https:\/\/touchproeurope.eu\/product\/yogamat-rishikesh-travel-60\/#breadcrumb","itemListElement":[{"@type":"ListItem","position":1,"name":"Home","item":"https:\/\/touchproeurope.eu\/"},{"@type":"ListItem","position":2,"name":"Winkel","item":"https:\/\/touchproeurope.eu\/winkel\/"},{"@type":"ListItem","position":3,"name":"Yogamat RISHIKESH TRAVEL 60"}]},{"@type":"WebSite","@id":"https:\/\/touchproeurope.eu\/#website","url":"https:\/\/touchproeurope.eu\/","name":"TouchPro Europe Shop","description":"Alles f\u00fcr Ihre Praxis mit einem PROfessional Touch!","publisher":{"@id":"https:\/\/touchproeurope.eu\/#organization"},"alternateName":"TPE","potentialAction":[{"@type":"SearchAction","target":{"@type":"EntryPoint","urlTemplate":"https:\/\/touchproeurope.eu\/?s={search_term_string}"},"query-input":{"@type":"PropertyValueSpecification","valueRequired":true,"valueName":"search_term_string"}}],"inLanguage":"de"},{"@type":"Organization","@id":"https:\/\/touchproeurope.eu\/#organization","name":"TouchPro Europa BV","alternateName":"TPE","url":"https:\/\/touchproeurope.eu\/","logo":{"@type":"ImageObject","inLanguage":"de","@id":"https:\/\/touchproeurope.eu\/#\/schema\/logo\/image\/","url":"https:\/\/i0.wp.com\/touchproeurope.eu\/wp-content\/uploads\/2023\/10\/2b592c_b6944d80811246d987cc2c29accedf3f.png?fit=1417%2C531&ssl=1","contentUrl":"https:\/\/i0.wp.com\/touchproeurope.eu\/wp-content\/uploads\/2023\/10\/2b592c_b6944d80811246d987cc2c29accedf3f.png?fit=1417%2C531&ssl=1","width":1417,"height":531,"caption":"TouchPro Europe BV"},"image":{"@id":"https:\/\/touchproeurope.eu\/#\/schema\/logo\/image\/"},"sameAs":["https:\/\/www.facebook.com\/TouchproNederland\/?locale=nl_NL\/","https:\/\/www.instagram.com\/touchpro2016\/","https:\/\/www.linkedin.com\/company\/touchpro-europe-bv\/"],"description":"TouchPro Europe Shop ist das Massagegesch\u00e4ft in Europa. Wir verkaufen hochwertige Massageprodukte an Masseure, Fu\u00dfpfleger, Physiotherapeuten, Manik\u00fcre, Wellness-Zentren, Ausbildungskurse, usw. TouchPro begann als kleines Gesch\u00e4ft in den Niederlanden, hat sich aber inzwischen zu einem Gesch\u00e4ft mit Kunden aus ganz Europa entwickelt. Wir bieten eine gro\u00dfe Auswahl an Massageprodukten, darunter Massageliegen, \u00d6le, Cremes und Zubeh\u00f6r von Top-Marken wie Earthlite, Stronglite und InnerStrenght, Habys, Living Earth Crafts und Continuum sowie anderen Lieferanten von Massagezubeh\u00f6r. Bestellen Sie hier die besten Massageprodukte Europas!","email":"info@touchpro-europe.com","telephone":"0858768829","legalName":"TouchPro Europe BV","foundingDate":"2018-01-11","vatID":"NL855430151B01","numberOfEmployees":{"@type":"QuantitativeValue","minValue":"1","maxValue":"10"},"hasMerchantReturnPolicy":{"@type":"MerchantReturnPolicy","merchantReturnLink":"https:\/\/touchproeurope.eu\/de\/retourbeleid\/"}}]},"product_brand":"Bodhi","og_availability":"instock","product_availability":"instock","product_retailer_item_id":"470x","product_condition":"new"},"_links":{"self":[{"href":"https:\/\/touchproeurope.eu\/de\/wp-json\/wp\/v2\/product\/15687","targetHints":{"allow":["GET"]}}],"collection":[{"href":"https:\/\/touchproeurope.eu\/de\/wp-json\/wp\/v2\/product"}],"about":[{"href":"https:\/\/touchproeurope.eu\/de\/wp-json\/wp\/v2\/types\/product"}],"replies":[{"embeddable":true,"href":"https:\/\/touchproeurope.eu\/de\/wp-json\/wp\/v2\/comments?post=15687"}],"version-history":[{"count":1,"href":"https:\/\/touchproeurope.eu\/de\/wp-json\/wp\/v2\/product\/15687\/revisions"}],"predecessor-version":[{"id":15711,"href":"https:\/\/touchproeurope.eu\/de\/wp-json\/wp\/v2\/product\/15687\/revisions\/15711"}],"wp:featuredmedia":[{"embeddable":true,"href":"https:\/\/touchproeurope.eu\/de\/wp-json\/wp\/v2\/media\/15704"}],"wp:attachment":[{"href":"https:\/\/touchproeurope.eu\/de\/wp-json\/wp\/v2\/media?parent=15687"}],"wp:term":[{"taxonomy":"product_brand","embeddable":true,"href":"https:\/\/touchproeurope.eu\/de\/wp-json\/wp\/v2\/product_brand?post=15687"},{"taxonomy":"product_cat","embeddable":true,"href":"https:\/\/touchproeurope.eu\/de\/wp-json\/wp\/v2\/product_cat?post=15687"},{"taxonomy":"product_tag","embeddable":true,"href":"https:\/\/touchproeurope.eu\/de\/wp-json\/wp\/v2\/product_tag?post=15687"}],"curies":[{"name":"wp","href":"https:\/\/api.w.org\/{rel}","templated":true}]}}