{"id":15712,"date":"2026-01-26T13:24:01","date_gmt":"2026-01-26T13:24:01","guid":{"rendered":"https:\/\/touchproeurope.eu\/?post_type=product&#038;p=15712"},"modified":"2026-04-22T09:41:25","modified_gmt":"2026-04-22T09:41:25","slug":"yogamatte-rishikesh-reise-60-xl","status":"publish","type":"product","link":"https:\/\/touchproeurope.eu\/de\/product\/yogamat-rishikesh-travel-60-xl\/","title":{"rendered":"Yogamatte RISHIKESH TRAVEL 60 XL"},"content":{"rendered":"<p>Die Yogamatte RISHIKESH TRAVEL 60 XL wurde speziell f\u00fcr Yogis entwickelt, die mehr L\u00e4nge ben\u00f6tigen. Gleichzeitig ist die Matte f\u00fcr diejenigen geeignet, die eine leichte und kompakte Reise-Yogamatte suchen.<\/p>\n<p>Die Yogamatte RISHIKESH TRAVEL 60 ist ideal, wenn Sie auf Reisen Flexibilit\u00e4t mit Komfort verbinden m\u00f6chten.<\/p>\n<p>Diese XL-Variante bietet die gleiche robuste Qualit\u00e4t und Langlebigkeit wie die XL-Versionen der Serien Rishikesh Premium und Kailash Premium. Mit nur 2 mm Dicke ist diese Matte jedoch deutlich d\u00fcnner und leichter. Das macht die Matte ideal f\u00fcr die Reise.<\/p>\n<p>Dank ihrer gro\u00dfz\u00fcgigen L\u00e4nge von 200 cm ist diese Yogamatte perfekt f\u00fcr gr\u00f6\u00dfere Yogapraktizierende. Die Matte ist auch ideal f\u00fcr \u00dcbungen, bei denen zus\u00e4tzliche Bewegungsfreiheit erforderlich ist. Trotz ihres schlanken Designs bleibt die Matte, wie auch die Yogamatte RISHIKESH TRAVEL 60, stabil und zuverl\u00e4ssig. So k\u00f6nnen Sie auch unterwegs auf Ihrer gewohnten Yogamatte \u00fcben. Die Matte ist leicht faltbar und passt problemlos in einen Koffer oder eine Reisetasche.<\/p>\n<p>Die Rishikesh Travel 60 XL ist aus hochwertigem PVC gefertigt, in Deutschland hergestellt und nach OEKO-TEX\u00ae Standard 100 zertifiziert. Dies garantiert, dass die Matte frei von Phthalaten und anderen sch\u00e4dlichen Substanzen ist. Das Material ist strapazierf\u00e4hig, pflegeleicht und f\u00fcr den regelm\u00e4\u00dfigen Gebrauch auf Reisen, bei Retreats und Outdoor-Yoga geeignet. Zudem ist die Yogamatte RISHIKESH TRAVEL 60 eine beliebte Wahl f\u00fcr Menschen, die viel unterwegs sind.<\/p>\n<p>Die Yogamatte kann bei bis zu 30\u00b0C im Schonwaschgang in der Maschine gewaschen werden. Um Sch\u00e4den zu vermeiden, verwenden Sie kein Waschmittel oder Weichsp\u00fcler und schleudern Sie nicht. Bitte beachten Sie, dass PVC-Yogamatten nicht saugf\u00e4hig sind; bei Feuchtigkeit oder Schwei\u00df kann die Griffigkeit vor\u00fcbergehend nachlassen.<\/p>\n<p>Die Rishikesh Travel 60 XL ist die ideale Wahl f\u00fcr alle, die auch unterwegs keine Kompromisse bei L\u00e4nge, Qualit\u00e4t und Hygiene eingehen wollen. Kurz gesagt, mit der RISHIKESH TRAVEL 60 Yogamatte entscheiden Sie sich f\u00fcr Komfort, Hygiene und Mobilit\u00e4t bei jeder Yogastunde.<\/p>","protected":false},"excerpt":{"rendered":"<p>Extralange, leichte 200 cm lange Reise-Yogamatte. Nur 2 mm dick, faltbar und langlebig. OEKO-TEX\u00ae zertifiziert und frei von Schadstoffen. Perfekt f\u00fcr Yoga unterwegs.<\/p>\n<p><strong>Bitte beachten Sie: Die Lieferzeit f\u00fcr Bodynova-Artikel betr\u00e4gt mindestens 4\u20135 Tage.<\/strong><\/p>","protected":false},"featured_media":15717,"comment_status":"open","ping_status":"closed","template":"","meta":[],"product_brand":[545],"product_cat":[356,368],"product_tag":[],"class_list":{"0":"post-15712","1":"product","2":"type-product","3":"status-publish","4":"has-post-thumbnail","6":"product_brand-bodhi","7":"product_cat-yoga-meditatie","8":"product_cat-yogamat","9":"product_shipping_class-klein-pakket","10":"pa_kleur-blauw","11":"pa_kleur-bordeaux","12":"pa_kleur-taupe","13":"pa_merk-bodhi","15":"first","16":"instock","17":"taxable","18":"shipping-taxable","19":"purchasable","20":"product-type-variable"},"yoast_head":"<!-- This site is optimized with the Yoast SEO Premium plugin v27.4 (Yoast SEO v27.4) - https:\/\/yoast.com\/product\/yoast-seo-premium-wordpress\/ -->\n<title>Yogamat RISHIKESH TRAVEL 60 XL - TouchPro Europe Shop<\/title>\n<meta name=\"description\" content=\"Verbeter je yogabeoefening met de Yogamat RISHIKESH TRAVEL 60. Ideaal voor reizen, lichtgewicht en eenvoudig draagbaar, koop hem vandaag!\" \/>\n<meta name=\"robots\" content=\"index, follow, max-snippet:-1, max-image-preview:large, max-video-preview:-1\" \/>\n<link rel=\"canonical\" href=\"https:\/\/touchproeurope.eu\/de\/product\/yogamatte-rishikesh-reise-60-xl\/\" \/>\n<meta property=\"og:locale\" content=\"de_DE\" \/>\n<meta property=\"og:type\" content=\"article\" \/>\n<meta property=\"og:title\" content=\"Yogamat RISHIKESH TRAVEL 60 XL\" \/>\n<meta property=\"og:description\" content=\"Verbeter je yogabeoefening met de Yogamat RISHIKESH TRAVEL 60. Ideaal voor reizen, lichtgewicht en eenvoudig draagbaar, koop hem vandaag!\" \/>\n<meta property=\"og:url\" content=\"https:\/\/touchproeurope.eu\/de\/product\/yogamatte-rishikesh-reise-60-xl\/\" \/>\n<meta property=\"og:site_name\" content=\"TouchPro Europe Shop\" \/>\n<meta property=\"article:publisher\" content=\"https:\/\/www.facebook.com\/TouchproNederland\/?locale=nl_NL%2f\" \/>\n<meta property=\"article:modified_time\" content=\"2026-04-22T09:41:25+00:00\" \/>\n<meta property=\"og:image\" content=\"https:\/\/touchproeurope.eu\/wp-content\/uploads\/2026\/01\/471x_rishikesh_xl_bodhi_yogamatte_vaterbild-e1769435951413.jpg\" \/>\n\t<meta property=\"og:image:width\" content=\"800\" \/>\n\t<meta property=\"og:image:height\" content=\"800\" \/>\n\t<meta property=\"og:image:type\" content=\"image\/jpeg\" \/>\n<meta name=\"twitter:card\" content=\"summary_large_image\" \/>\n<meta name=\"twitter:label1\" content=\"Verf\u00fcgbarkeit\" \/>\n\t<meta name=\"twitter:data1\" content=\"Auf Lager\" \/>\n<script type=\"application\/ld+json\" class=\"yoast-schema-graph\">{\"@context\":\"https:\\\/\\\/schema.org\",\"@graph\":[{\"@type\":\"WebPage\",\"@id\":\"https:\\\/\\\/touchproeurope.eu\\\/product\\\/yogamat-rishikesh-travel-60-xl\\\/\",\"url\":\"https:\\\/\\\/touchproeurope.eu\\\/product\\\/yogamat-rishikesh-travel-60-xl\\\/\",\"name\":\"Yogamat RISHIKESH TRAVEL 60 XL - TouchPro Europe Shop\",\"isPartOf\":{\"@id\":\"https:\\\/\\\/touchproeurope.eu\\\/#website\"},\"primaryImageOfPage\":{\"@id\":\"https:\\\/\\\/touchproeurope.eu\\\/product\\\/yogamat-rishikesh-travel-60-xl\\\/#primaryimage\"},\"image\":{\"@id\":\"https:\\\/\\\/touchproeurope.eu\\\/product\\\/yogamat-rishikesh-travel-60-xl\\\/#primaryimage\"},\"thumbnailUrl\":\"https:\\\/\\\/i0.wp.com\\\/touchproeurope.eu\\\/wp-content\\\/uploads\\\/2026\\\/01\\\/471x_rishikesh_xl_bodhi_yogamatte_vaterbild-e1769435951413.jpg?fit=800%2C800&ssl=1\",\"datePublished\":\"2026-01-26T13:24:01+00:00\",\"dateModified\":\"2026-04-22T09:41:25+00:00\",\"description\":\"Verbeter je yogabeoefening met de Yogamat RISHIKESH TRAVEL 60. Ideaal voor reizen, lichtgewicht en eenvoudig draagbaar, koop hem vandaag!\",\"breadcrumb\":{\"@id\":\"https:\\\/\\\/touchproeurope.eu\\\/product\\\/yogamat-rishikesh-travel-60-xl\\\/#breadcrumb\"},\"inLanguage\":\"de\",\"potentialAction\":[{\"@type\":\"ReadAction\",\"target\":[\"https:\\\/\\\/touchproeurope.eu\\\/product\\\/yogamat-rishikesh-travel-60-xl\\\/\"]}]},{\"@type\":\"ImageObject\",\"inLanguage\":\"de\",\"@id\":\"https:\\\/\\\/touchproeurope.eu\\\/product\\\/yogamat-rishikesh-travel-60-xl\\\/#primaryimage\",\"url\":\"https:\\\/\\\/i0.wp.com\\\/touchproeurope.eu\\\/wp-content\\\/uploads\\\/2026\\\/01\\\/471x_rishikesh_xl_bodhi_yogamatte_vaterbild-e1769435951413.jpg?fit=800%2C800&ssl=1\",\"contentUrl\":\"https:\\\/\\\/i0.wp.com\\\/touchproeurope.eu\\\/wp-content\\\/uploads\\\/2026\\\/01\\\/471x_rishikesh_xl_bodhi_yogamatte_vaterbild-e1769435951413.jpg?fit=800%2C800&ssl=1\",\"width\":800,\"height\":800,\"caption\":\"Yogamat RISHIKESH TRAVEL 60 XL\"},{\"@type\":\"BreadcrumbList\",\"@id\":\"https:\\\/\\\/touchproeurope.eu\\\/product\\\/yogamat-rishikesh-travel-60-xl\\\/#breadcrumb\",\"itemListElement\":[{\"@type\":\"ListItem\",\"position\":1,\"name\":\"Home\",\"item\":\"https:\\\/\\\/touchproeurope.eu\\\/\"},{\"@type\":\"ListItem\",\"position\":2,\"name\":\"Winkel\",\"item\":\"https:\\\/\\\/touchproeurope.eu\\\/winkel\\\/\"},{\"@type\":\"ListItem\",\"position\":3,\"name\":\"Yogamat RISHIKESH TRAVEL 60 XL\"}]},{\"@type\":\"WebSite\",\"@id\":\"https:\\\/\\\/touchproeurope.eu\\\/#website\",\"url\":\"https:\\\/\\\/touchproeurope.eu\\\/\",\"name\":\"TouchPro Europe Shop\",\"description\":\"Alles voor jouw praktijk met een PROfessionele Touch!\",\"publisher\":{\"@id\":\"https:\\\/\\\/touchproeurope.eu\\\/#organization\"},\"alternateName\":\"TPE\",\"potentialAction\":[{\"@type\":\"SearchAction\",\"target\":{\"@type\":\"EntryPoint\",\"urlTemplate\":\"https:\\\/\\\/touchproeurope.eu\\\/?s={search_term_string}\"},\"query-input\":{\"@type\":\"PropertyValueSpecification\",\"valueRequired\":true,\"valueName\":\"search_term_string\"}}],\"inLanguage\":\"de\"},{\"@type\":\"Organization\",\"@id\":\"https:\\\/\\\/touchproeurope.eu\\\/#organization\",\"name\":\"TouchPro Europe BV\",\"alternateName\":\"TPE\",\"url\":\"https:\\\/\\\/touchproeurope.eu\\\/\",\"logo\":{\"@type\":\"ImageObject\",\"inLanguage\":\"de\",\"@id\":\"https:\\\/\\\/touchproeurope.eu\\\/#\\\/schema\\\/logo\\\/image\\\/\",\"url\":\"https:\\\/\\\/i0.wp.com\\\/touchproeurope.eu\\\/wp-content\\\/uploads\\\/2023\\\/10\\\/2b592c_b6944d80811246d987cc2c29accedf3f.png?fit=1417%2C531&ssl=1\",\"contentUrl\":\"https:\\\/\\\/i0.wp.com\\\/touchproeurope.eu\\\/wp-content\\\/uploads\\\/2023\\\/10\\\/2b592c_b6944d80811246d987cc2c29accedf3f.png?fit=1417%2C531&ssl=1\",\"width\":1417,\"height\":531,\"caption\":\"TouchPro Europe BV\"},\"image\":{\"@id\":\"https:\\\/\\\/touchproeurope.eu\\\/#\\\/schema\\\/logo\\\/image\\\/\"},\"sameAs\":[\"https:\\\/\\\/www.facebook.com\\\/TouchproNederland\\\/?locale=nl_NL\\\/\",\"https:\\\/\\\/www.instagram.com\\\/touchpro2016\\\/\",\"https:\\\/\\\/www.linkedin.com\\\/company\\\/touchpro-europe-bv\\\/\"],\"description\":\"TouchPro Europe Shop is de massage winkel van Europa. Wij verkopen topkwaliteit massageproducten aan masseurs, pedicures, fysiotherapeuten, manicuren, Wellness centra, opleidingen, etc. TouchPro begon als een kleine webshop in Nederland, maar is nu uitgegroeid tot een webshop met klanten uit heel Europa. Wij bieden een breed assortiment aan massageproducten, waaronder massagetafels, oli\u00ebn, cr\u00e8mes, en accessoires van topmerken, zoals Earthlite, Stronglite en InnerStrenght, Habys, Living Earth Crafts en Continuum en andere leveranciers van massage accessoires. Bestel hier de beste massagematerialen van Europa!\",\"email\":\"info@touchpro-europe.com\",\"telephone\":\"0858768829\",\"legalName\":\"TouchPro Europe BV\",\"foundingDate\":\"2018-01-11\",\"vatID\":\"NL855430151B01\",\"numberOfEmployees\":{\"@type\":\"QuantitativeValue\",\"minValue\":\"1\",\"maxValue\":\"10\"},\"hasMerchantReturnPolicy\":{\"@type\":\"MerchantReturnPolicy\",\"merchantReturnLink\":\"https:\\\/\\\/touchproeurope.eu\\\/de\\\/retourbeleid\\\/\"}}]}<\/script>\n<meta property=\"product:brand\" content=\"Bodhi\" \/>\n<meta property=\"og:availability\" content=\"instock\" \/>\n<meta property=\"product:availability\" content=\"instock\" \/>\n<meta property=\"product:retailer_item_id\" content=\"471x\" \/>\n<meta property=\"product:condition\" content=\"new\" \/>\n<!-- \/ Yoast SEO Premium plugin. -->","yoast_head_json":{"title":"Yogamatte RISHIKESH TRAVEL 60 XL - TouchPro Europe Shop","description":"Verbessern Sie Ihre Yoga-Praxis mit der RISHIKESH TRAVEL 60 Yogamatte. Ideal f\u00fcr Reisen, leicht und einfach zu transportieren, kaufen Sie sie noch heute!","robots":{"index":"index","follow":"follow","max-snippet":"max-snippet:-1","max-image-preview":"max-image-preview:large","max-video-preview":"max-video-preview:-1"},"canonical":"https:\/\/touchproeurope.eu\/de\/product\/yogamatte-rishikesh-reise-60-xl\/","og_locale":"de_DE","og_type":"article","og_title":"Yogamat RISHIKESH TRAVEL 60 XL","og_description":"Verbeter je yogabeoefening met de Yogamat RISHIKESH TRAVEL 60. Ideaal voor reizen, lichtgewicht en eenvoudig draagbaar, koop hem vandaag!","og_url":"https:\/\/touchproeurope.eu\/de\/product\/yogamatte-rishikesh-reise-60-xl\/","og_site_name":"TouchPro Europe Shop","article_publisher":"https:\/\/www.facebook.com\/TouchproNederland\/?locale=nl_NL%2f","article_modified_time":"2026-04-22T09:41:25+00:00","og_image":[{"width":800,"height":800,"url":"https:\/\/touchproeurope.eu\/wp-content\/uploads\/2026\/01\/471x_rishikesh_xl_bodhi_yogamatte_vaterbild-e1769435951413.jpg","type":"image\/jpeg"}],"twitter_card":"summary_large_image","twitter_misc":{"Verf\u00fcgbarkeit":"Auf Lager"},"schema":{"@context":"https:\/\/schema.org","@graph":[{"@type":"WebPage","@id":"https:\/\/touchproeurope.eu\/product\/yogamat-rishikesh-travel-60-xl\/","url":"https:\/\/touchproeurope.eu\/product\/yogamat-rishikesh-travel-60-xl\/","name":"Yogamatte RISHIKESH TRAVEL 60 XL - TouchPro Europe Shop","isPartOf":{"@id":"https:\/\/touchproeurope.eu\/#website"},"primaryImageOfPage":{"@id":"https:\/\/touchproeurope.eu\/product\/yogamat-rishikesh-travel-60-xl\/#primaryimage"},"image":{"@id":"https:\/\/touchproeurope.eu\/product\/yogamat-rishikesh-travel-60-xl\/#primaryimage"},"thumbnailUrl":"https:\/\/i0.wp.com\/touchproeurope.eu\/wp-content\/uploads\/2026\/01\/471x_rishikesh_xl_bodhi_yogamatte_vaterbild-e1769435951413.jpg?fit=800%2C800&ssl=1","datePublished":"2026-01-26T13:24:01+00:00","dateModified":"2026-04-22T09:41:25+00:00","description":"Verbessern Sie Ihre Yoga-Praxis mit der RISHIKESH TRAVEL 60 Yogamatte. Ideal f\u00fcr Reisen, leicht und einfach zu transportieren, kaufen Sie sie noch heute!","breadcrumb":{"@id":"https:\/\/touchproeurope.eu\/product\/yogamat-rishikesh-travel-60-xl\/#breadcrumb"},"inLanguage":"de","potentialAction":[{"@type":"ReadAction","target":["https:\/\/touchproeurope.eu\/product\/yogamat-rishikesh-travel-60-xl\/"]}]},{"@type":"ImageObject","inLanguage":"de","@id":"https:\/\/touchproeurope.eu\/product\/yogamat-rishikesh-travel-60-xl\/#primaryimage","url":"https:\/\/i0.wp.com\/touchproeurope.eu\/wp-content\/uploads\/2026\/01\/471x_rishikesh_xl_bodhi_yogamatte_vaterbild-e1769435951413.jpg?fit=800%2C800&ssl=1","contentUrl":"https:\/\/i0.wp.com\/touchproeurope.eu\/wp-content\/uploads\/2026\/01\/471x_rishikesh_xl_bodhi_yogamatte_vaterbild-e1769435951413.jpg?fit=800%2C800&ssl=1","width":800,"height":800,"caption":"Yogamat RISHIKESH TRAVEL 60 XL"},{"@type":"BreadcrumbList","@id":"https:\/\/touchproeurope.eu\/product\/yogamat-rishikesh-travel-60-xl\/#breadcrumb","itemListElement":[{"@type":"ListItem","position":1,"name":"Home","item":"https:\/\/touchproeurope.eu\/"},{"@type":"ListItem","position":2,"name":"Winkel","item":"https:\/\/touchproeurope.eu\/winkel\/"},{"@type":"ListItem","position":3,"name":"Yogamat RISHIKESH TRAVEL 60 XL"}]},{"@type":"WebSite","@id":"https:\/\/touchproeurope.eu\/#website","url":"https:\/\/touchproeurope.eu\/","name":"TouchPro Europe Shop","description":"Alles f\u00fcr Ihre Praxis mit einem PROfessional Touch!","publisher":{"@id":"https:\/\/touchproeurope.eu\/#organization"},"alternateName":"TPE","potentialAction":[{"@type":"SearchAction","target":{"@type":"EntryPoint","urlTemplate":"https:\/\/touchproeurope.eu\/?s={search_term_string}"},"query-input":{"@type":"PropertyValueSpecification","valueRequired":true,"valueName":"search_term_string"}}],"inLanguage":"de"},{"@type":"Organization","@id":"https:\/\/touchproeurope.eu\/#organization","name":"TouchPro Europa BV","alternateName":"TPE","url":"https:\/\/touchproeurope.eu\/","logo":{"@type":"ImageObject","inLanguage":"de","@id":"https:\/\/touchproeurope.eu\/#\/schema\/logo\/image\/","url":"https:\/\/i0.wp.com\/touchproeurope.eu\/wp-content\/uploads\/2023\/10\/2b592c_b6944d80811246d987cc2c29accedf3f.png?fit=1417%2C531&ssl=1","contentUrl":"https:\/\/i0.wp.com\/touchproeurope.eu\/wp-content\/uploads\/2023\/10\/2b592c_b6944d80811246d987cc2c29accedf3f.png?fit=1417%2C531&ssl=1","width":1417,"height":531,"caption":"TouchPro Europe BV"},"image":{"@id":"https:\/\/touchproeurope.eu\/#\/schema\/logo\/image\/"},"sameAs":["https:\/\/www.facebook.com\/TouchproNederland\/?locale=nl_NL\/","https:\/\/www.instagram.com\/touchpro2016\/","https:\/\/www.linkedin.com\/company\/touchpro-europe-bv\/"],"description":"TouchPro Europe Shop ist das Massagegesch\u00e4ft in Europa. Wir verkaufen hochwertige Massageprodukte an Masseure, Fu\u00dfpfleger, Physiotherapeuten, Manik\u00fcre, Wellness-Zentren, Ausbildungskurse, usw. TouchPro begann als kleines Gesch\u00e4ft in den Niederlanden, hat sich aber inzwischen zu einem Gesch\u00e4ft mit Kunden aus ganz Europa entwickelt. Wir bieten eine gro\u00dfe Auswahl an Massageprodukten, darunter Massageliegen, \u00d6le, Cremes und Zubeh\u00f6r von Top-Marken wie Earthlite, Stronglite und InnerStrenght, Habys, Living Earth Crafts und Continuum sowie anderen Lieferanten von Massagezubeh\u00f6r. Bestellen Sie hier die besten Massageprodukte Europas!","email":"info@touchpro-europe.com","telephone":"0858768829","legalName":"TouchPro Europe BV","foundingDate":"2018-01-11","vatID":"NL855430151B01","numberOfEmployees":{"@type":"QuantitativeValue","minValue":"1","maxValue":"10"},"hasMerchantReturnPolicy":{"@type":"MerchantReturnPolicy","merchantReturnLink":"https:\/\/touchproeurope.eu\/de\/retourbeleid\/"}}]},"product_brand":"Bodhi","og_availability":"instock","product_availability":"instock","product_retailer_item_id":"471x","product_condition":"new"},"_links":{"self":[{"href":"https:\/\/touchproeurope.eu\/de\/wp-json\/wp\/v2\/product\/15712","targetHints":{"allow":["GET"]}}],"collection":[{"href":"https:\/\/touchproeurope.eu\/de\/wp-json\/wp\/v2\/product"}],"about":[{"href":"https:\/\/touchproeurope.eu\/de\/wp-json\/wp\/v2\/types\/product"}],"replies":[{"embeddable":true,"href":"https:\/\/touchproeurope.eu\/de\/wp-json\/wp\/v2\/comments?post=15712"}],"version-history":[{"count":2,"href":"https:\/\/touchproeurope.eu\/de\/wp-json\/wp\/v2\/product\/15712\/revisions"}],"predecessor-version":[{"id":15719,"href":"https:\/\/touchproeurope.eu\/de\/wp-json\/wp\/v2\/product\/15712\/revisions\/15719"}],"wp:featuredmedia":[{"embeddable":true,"href":"https:\/\/touchproeurope.eu\/de\/wp-json\/wp\/v2\/media\/15717"}],"wp:attachment":[{"href":"https:\/\/touchproeurope.eu\/de\/wp-json\/wp\/v2\/media?parent=15712"}],"wp:term":[{"taxonomy":"product_brand","embeddable":true,"href":"https:\/\/touchproeurope.eu\/de\/wp-json\/wp\/v2\/product_brand?post=15712"},{"taxonomy":"product_cat","embeddable":true,"href":"https:\/\/touchproeurope.eu\/de\/wp-json\/wp\/v2\/product_cat?post=15712"},{"taxonomy":"product_tag","embeddable":true,"href":"https:\/\/touchproeurope.eu\/de\/wp-json\/wp\/v2\/product_tag?post=15712"}],"curies":[{"name":"wp","href":"https:\/\/api.w.org\/{rel}","templated":true}]}}