{"id":1629,"date":"2023-11-07T21:01:24","date_gmt":"2023-11-07T21:01:24","guid":{"rendered":"https:\/\/touchproeurope.eu\/?post_type=product&#038;p=1629"},"modified":"2026-04-16T16:01:10","modified_gmt":"2026-04-16T16:01:10","slug":"earthlite-harmony-reiki-dx-massageliege","status":"publish","type":"product","link":"https:\/\/touchproeurope.eu\/de\/product\/earthlite-harmony-reiki-dx-massagetafel\/","title":{"rendered":"Massageliege EarthLite Harmony Reiki DX"},"content":{"rendered":"<p>Erleben Sie perfekte Entspannung mit der Massageliege EarthLite Harmony Reiki DX. Die ultimative Wahl f\u00fcr Masseure, die Spitzenqualit\u00e4t zu einem erschwinglichen Preis anstreben. Diese meistverkaufte professionelle Massageliege bietet die ideale Kombination aus geringem Gewicht, Haltbarkeit und hervorragender Polsterung und ist damit ein absolutes Muss f\u00fcr jeden professionellen Masseur.<\/p>\n<p>Mit den Ma\u00dfen 76 x 185 cm und einer verstellbaren H\u00f6he von 58 bis 84 cm bietet dieser Tisch die perfekte Arbeitsfl\u00e4che f\u00fcr eine Vielzahl von Behandlungen. Der Rahmen aus hartem Ahornholz sorgt f\u00fcr Stabilit\u00e4t und Zuverl\u00e4ssigkeit. Das robuste, 6,5 cm dicke Polster verf\u00fcgt \u00fcber ein fortschrittliches Multi-Density-Polstersystem f\u00fcr den ultimativen Komfort Ihrer Kunden.<\/p>\n<p>Das Paket wird mit einer verstellbaren Deluxe-Kopfst\u00fctze inklusive Standardkissen und einer praktischen Tragetasche mit zus\u00e4tzlichem Staufach geliefert. So k\u00f6nnen Sie all Ihre Utensilien m\u00fchelos transportieren. Die EarthLite Harmony Reiki DX-Massageliege ist mit einer dynamischen Belastbarkeit von 270 kg konzipiert und eignet sich daher perfekt f\u00fcr feste Massagen und verschiedene Behandlungstechniken. Dar\u00fcber hinaus bietet die optionale Shiatsu-Release-Funktion zus\u00e4tzliche Flexibilit\u00e4t f\u00fcr spezielle Massagen.<\/p>\n<p>Der Tisch ist mit dem luxuri\u00f6sen, langlebigen und umweltfreundlichen Nature Touch-Material bezogen, von dem nicht nur Ihre Kunden, sondern auch unser Planet profitiert. Mit der begrenzten lebenslangen Garantie auf den Rahmen und der 3-Jahres-Garantie auf das Kissen und das Vinyl. So k\u00f6nnen Sie getrost in die Zukunft Ihrer Praxis investieren.<\/p>\n<p>Warten Sie nicht l\u00e4nger! Entscheiden Sie sich f\u00fcr den Earthlite Harmony DX Massagetisch und bieten Sie Ihren Kunden ein unvergessliches Massageerlebnis.<\/p>","protected":false},"excerpt":{"rendered":"<div class=\"product-details-module__title ec-header-h6\"><strong>Die Massageliege Earthlite Harmony DX<\/strong>\u00a0- Eine sehr solide, weit verbreitete professionelle Massageliege. Mit seinem relativ geringen Gewicht, solide Platte mit guter Polsterung und gute Tragf\u00e4higkeit, ist dies ein Muss f\u00fcr den Masseur, der f\u00fcr gute Qualit\u00e4t zu einem g\u00fcnstigen Preis geht. Das Paket besteht aus:<\/div>\n<div class=\"product-details-module__content\">\n<div id=\"productDescription\" class=\"product-details__product-description\">\n<ul>\n<li>Massageliege EarthLite Harmony Reiki DX<\/li>\n<li>Verstellbare Deluxe-Kopfst\u00fctze mit Standard-Kissen<\/li>\n<li>Tragetasche mit zus\u00e4tzlichem Staufach<\/li>\n<\/ul>\n<p>Merkmale:<\/p>\n<ul>\n<li>Gr\u00f6\u00dfe 76 x 185 cm<\/li>\n<li>Gewicht 15 kg<\/li>\n<li>H\u00f6henverstellbar von 58 bis 84 cm<\/li>\n<li>Qualit\u00e4tsrahmen aus hartem Ahornholz<\/li>\n<li>Festes 6,5 cm dickes Kissen mit Multi-Density-D\u00e4mpfungssystem<\/li>\n<li>Dynamische Tragf\u00e4higkeit von 270 kg<\/li>\n<li>Option Shiatsu-Befreiung<\/li>\n<li>Luxuri\u00f6se, langlebige und umweltfreundliche Nature Touch-Polsterung<\/li>\n<li>Begrenzte lebenslange Garantie auf den Rahmen und 3 Jahre auf Kissen und Vinyl<\/li>\n<li>Offizielles Verkaufsblatt:\u00a0<a href=\"https:\/\/b2b.earthlite.eu\/media\/wysiwyg\/SalesSheets\/Harmony_DX_-_1-300-0080_-_Rev_040119.pdf\" target=\"_blank\" rel=\"noopener\">Harmonie DX<\/a><\/li>\n<\/ul>\n<\/div>\n<\/div>","protected":false},"featured_media":1641,"comment_status":"open","ping_status":"closed","template":"","meta":[],"product_brand":[343],"product_cat":[94,93],"product_tag":[61,59,50,55,60],"class_list":{"0":"post-1629","1":"product","2":"type-product","3":"status-publish","4":"has-post-thumbnail","6":"product_brand-earthlite","7":"product_cat-draagbare-massagetafels","8":"product_cat-massagetafels","9":"product_tag-draagtas","10":"product_tag-earthlite-harmony-dx","11":"product_tag-massagetafels","12":"product_tag-professional","13":"product_tag-topkwalliteit","14":"product_shipping_class-groot-pakket","15":"pa_kleur-agate-mystic-blue","16":"pa_kleur-bordeaux","17":"pa_kleur-vanille-creme","18":"pa_kleur-zwart","19":"pa_merk-earthlite","21":"first","22":"instock","23":"taxable","24":"shipping-taxable","25":"purchasable","26":"product-type-variable"},"yoast_head":"<!-- This site is optimized with the Yoast SEO Premium plugin v27.4 (Yoast SEO v27.4) - https:\/\/yoast.com\/product\/yoast-seo-premium-wordpress\/ -->\n<title>EarthLite Harmony Reiki DX Massagetafel - TouchPro Europe Shop<\/title>\n<meta name=\"description\" content=\"Ontdek ontspanning met de EarthLite Harmony Reiki DX Massagetafel. De ultieme keuze voor professionele masseurs die een betaalbare topkwaliteit zoeken.\" \/>\n<meta name=\"robots\" content=\"index, follow, max-snippet:-1, max-image-preview:large, max-video-preview:-1\" \/>\n<link rel=\"canonical\" href=\"https:\/\/touchproeurope.eu\/de\/product\/earthlite-harmony-reiki-dx-massageliege\/\" \/>\n<meta property=\"og:locale\" content=\"de_DE\" \/>\n<meta property=\"og:type\" content=\"article\" \/>\n<meta property=\"og:title\" content=\"EarthLite Harmony Reiki DX Massagetafel\" \/>\n<meta property=\"og:description\" content=\"Ontdek ontspanning met de EarthLite Harmony Reiki DX Massagetafel. De ultieme keuze voor professionele masseurs die een betaalbare topkwaliteit zoeken.\" \/>\n<meta property=\"og:url\" content=\"https:\/\/touchproeurope.eu\/de\/product\/earthlite-harmony-reiki-dx-massageliege\/\" \/>\n<meta property=\"og:site_name\" content=\"TouchPro Europe Shop\" \/>\n<meta property=\"article:publisher\" content=\"https:\/\/www.facebook.com\/TouchproNederland\/?locale=nl_NL%2f\" \/>\n<meta property=\"article:modified_time\" content=\"2026-04-16T16:01:10+00:00\" \/>\n<meta property=\"og:image\" content=\"https:\/\/touchproeurope.eu\/wp-content\/uploads\/2023\/11\/EarthLite-Harmony-Reiki-DX-Massagetafel-Agate-en-Draagtas.jpg\" \/>\n\t<meta property=\"og:image:width\" content=\"2000\" \/>\n\t<meta property=\"og:image:height\" content=\"2000\" \/>\n\t<meta property=\"og:image:type\" content=\"image\/jpeg\" \/>\n<meta name=\"twitter:card\" content=\"summary_large_image\" \/>\n<meta name=\"twitter:label1\" content=\"Verf\u00fcgbarkeit\" \/>\n\t<meta name=\"twitter:data1\" content=\"Auf Lager\" \/>\n<script type=\"application\/ld+json\" class=\"yoast-schema-graph\">{\"@context\":\"https:\\\/\\\/schema.org\",\"@graph\":[{\"@type\":\"WebPage\",\"@id\":\"https:\\\/\\\/touchproeurope.eu\\\/product\\\/earthlite-harmony-reiki-dx-massagetafel\\\/\",\"url\":\"https:\\\/\\\/touchproeurope.eu\\\/product\\\/earthlite-harmony-reiki-dx-massagetafel\\\/\",\"name\":\"EarthLite Harmony Reiki DX Massagetafel - TouchPro Europe Shop\",\"isPartOf\":{\"@id\":\"https:\\\/\\\/touchproeurope.eu\\\/#website\"},\"primaryImageOfPage\":{\"@id\":\"https:\\\/\\\/touchproeurope.eu\\\/product\\\/earthlite-harmony-reiki-dx-massagetafel\\\/#primaryimage\"},\"image\":{\"@id\":\"https:\\\/\\\/touchproeurope.eu\\\/product\\\/earthlite-harmony-reiki-dx-massagetafel\\\/#primaryimage\"},\"thumbnailUrl\":\"https:\\\/\\\/i0.wp.com\\\/touchproeurope.eu\\\/wp-content\\\/uploads\\\/2023\\\/11\\\/EarthLite-Harmony-Reiki-DX-Massagetafel-Agate-en-Draagtas.jpg?fit=2000%2C2000&ssl=1\",\"datePublished\":\"2023-11-07T21:01:24+00:00\",\"dateModified\":\"2026-04-16T16:01:10+00:00\",\"description\":\"Ontdek ontspanning met de EarthLite Harmony Reiki DX Massagetafel. De ultieme keuze voor professionele masseurs die een betaalbare topkwaliteit zoeken.\",\"breadcrumb\":{\"@id\":\"https:\\\/\\\/touchproeurope.eu\\\/product\\\/earthlite-harmony-reiki-dx-massagetafel\\\/#breadcrumb\"},\"inLanguage\":\"de\",\"potentialAction\":[{\"@type\":\"ReadAction\",\"target\":[\"https:\\\/\\\/touchproeurope.eu\\\/product\\\/earthlite-harmony-reiki-dx-massagetafel\\\/\"]}]},{\"@type\":\"ImageObject\",\"inLanguage\":\"de\",\"@id\":\"https:\\\/\\\/touchproeurope.eu\\\/product\\\/earthlite-harmony-reiki-dx-massagetafel\\\/#primaryimage\",\"url\":\"https:\\\/\\\/i0.wp.com\\\/touchproeurope.eu\\\/wp-content\\\/uploads\\\/2023\\\/11\\\/EarthLite-Harmony-Reiki-DX-Massagetafel-Agate-en-Draagtas.jpg?fit=2000%2C2000&ssl=1\",\"contentUrl\":\"https:\\\/\\\/i0.wp.com\\\/touchproeurope.eu\\\/wp-content\\\/uploads\\\/2023\\\/11\\\/EarthLite-Harmony-Reiki-DX-Massagetafel-Agate-en-Draagtas.jpg?fit=2000%2C2000&ssl=1\",\"width\":2000,\"height\":2000,\"caption\":\"EarthLite Harmony Reiki DX Massagetafel Agate en Draagtas\"},{\"@type\":\"BreadcrumbList\",\"@id\":\"https:\\\/\\\/touchproeurope.eu\\\/product\\\/earthlite-harmony-reiki-dx-massagetafel\\\/#breadcrumb\",\"itemListElement\":[{\"@type\":\"ListItem\",\"position\":1,\"name\":\"Home\",\"item\":\"https:\\\/\\\/touchproeurope.eu\\\/\"},{\"@type\":\"ListItem\",\"position\":2,\"name\":\"Winkel\",\"item\":\"https:\\\/\\\/touchproeurope.eu\\\/winkel\\\/\"},{\"@type\":\"ListItem\",\"position\":3,\"name\":\"EarthLite Harmony Reiki DX Massagetafel\"}]},{\"@type\":\"WebSite\",\"@id\":\"https:\\\/\\\/touchproeurope.eu\\\/#website\",\"url\":\"https:\\\/\\\/touchproeurope.eu\\\/\",\"name\":\"TouchPro Europe Shop\",\"description\":\"Alles voor jouw praktijk met een PROfessionele Touch!\",\"publisher\":{\"@id\":\"https:\\\/\\\/touchproeurope.eu\\\/#organization\"},\"alternateName\":\"TPE\",\"potentialAction\":[{\"@type\":\"SearchAction\",\"target\":{\"@type\":\"EntryPoint\",\"urlTemplate\":\"https:\\\/\\\/touchproeurope.eu\\\/?s={search_term_string}\"},\"query-input\":{\"@type\":\"PropertyValueSpecification\",\"valueRequired\":true,\"valueName\":\"search_term_string\"}}],\"inLanguage\":\"de\"},{\"@type\":\"Organization\",\"@id\":\"https:\\\/\\\/touchproeurope.eu\\\/#organization\",\"name\":\"TouchPro Europe BV\",\"alternateName\":\"TPE\",\"url\":\"https:\\\/\\\/touchproeurope.eu\\\/\",\"logo\":{\"@type\":\"ImageObject\",\"inLanguage\":\"de\",\"@id\":\"https:\\\/\\\/touchproeurope.eu\\\/#\\\/schema\\\/logo\\\/image\\\/\",\"url\":\"https:\\\/\\\/i0.wp.com\\\/touchproeurope.eu\\\/wp-content\\\/uploads\\\/2023\\\/10\\\/2b592c_b6944d80811246d987cc2c29accedf3f.png?fit=1417%2C531&ssl=1\",\"contentUrl\":\"https:\\\/\\\/i0.wp.com\\\/touchproeurope.eu\\\/wp-content\\\/uploads\\\/2023\\\/10\\\/2b592c_b6944d80811246d987cc2c29accedf3f.png?fit=1417%2C531&ssl=1\",\"width\":1417,\"height\":531,\"caption\":\"TouchPro Europe BV\"},\"image\":{\"@id\":\"https:\\\/\\\/touchproeurope.eu\\\/#\\\/schema\\\/logo\\\/image\\\/\"},\"sameAs\":[\"https:\\\/\\\/www.facebook.com\\\/TouchproNederland\\\/?locale=nl_NL\\\/\",\"https:\\\/\\\/www.instagram.com\\\/touchpro2016\\\/\",\"https:\\\/\\\/www.linkedin.com\\\/company\\\/touchpro-europe-bv\\\/\"],\"description\":\"TouchPro Europe Shop is de massage winkel van Europa. Wij verkopen topkwaliteit massageproducten aan masseurs, pedicures, fysiotherapeuten, manicuren, Wellness centra, opleidingen, etc. TouchPro begon als een kleine webshop in Nederland, maar is nu uitgegroeid tot een webshop met klanten uit heel Europa. Wij bieden een breed assortiment aan massageproducten, waaronder massagetafels, oli\u00ebn, cr\u00e8mes, en accessoires van topmerken, zoals Earthlite, Stronglite en InnerStrenght, Habys, Living Earth Crafts en Continuum en andere leveranciers van massage accessoires. Bestel hier de beste massagematerialen van Europa!\",\"email\":\"info@touchpro-europe.com\",\"telephone\":\"0858768829\",\"legalName\":\"TouchPro Europe BV\",\"foundingDate\":\"2018-01-11\",\"vatID\":\"NL855430151B01\",\"numberOfEmployees\":{\"@type\":\"QuantitativeValue\",\"minValue\":\"1\",\"maxValue\":\"10\"},\"hasMerchantReturnPolicy\":{\"@type\":\"MerchantReturnPolicy\",\"merchantReturnLink\":\"https:\\\/\\\/touchproeurope.eu\\\/de\\\/retourbeleid\\\/\"}}]}<\/script>\n<meta property=\"product:brand\" content=\"Earthlite\" \/>\n<meta property=\"og:availability\" content=\"instock\" \/>\n<meta property=\"product:availability\" content=\"instock\" \/>\n<meta property=\"product:condition\" content=\"new\" \/>\n<!-- \/ Yoast SEO Premium plugin. -->","yoast_head_json":{"title":"EarthLite Harmony Reiki DX Massageliege - TouchPro Europe Shop","description":"Entdecken Sie die Entspannung mit der Massageliege EarthLite Harmony Reiki DX. Die ultimative Wahl f\u00fcr professionelle Masseure, die bezahlbare Spitzenqualit\u00e4t suchen.","robots":{"index":"index","follow":"follow","max-snippet":"max-snippet:-1","max-image-preview":"max-image-preview:large","max-video-preview":"max-video-preview:-1"},"canonical":"https:\/\/touchproeurope.eu\/de\/product\/earthlite-harmony-reiki-dx-massageliege\/","og_locale":"de_DE","og_type":"article","og_title":"EarthLite Harmony Reiki DX Massagetafel","og_description":"Ontdek ontspanning met de EarthLite Harmony Reiki DX Massagetafel. De ultieme keuze voor professionele masseurs die een betaalbare topkwaliteit zoeken.","og_url":"https:\/\/touchproeurope.eu\/de\/product\/earthlite-harmony-reiki-dx-massageliege\/","og_site_name":"TouchPro Europe Shop","article_publisher":"https:\/\/www.facebook.com\/TouchproNederland\/?locale=nl_NL%2f","article_modified_time":"2026-04-16T16:01:10+00:00","og_image":[{"width":2000,"height":2000,"url":"https:\/\/touchproeurope.eu\/wp-content\/uploads\/2023\/11\/EarthLite-Harmony-Reiki-DX-Massagetafel-Agate-en-Draagtas.jpg","type":"image\/jpeg"}],"twitter_card":"summary_large_image","twitter_misc":{"Verf\u00fcgbarkeit":"Auf Lager"},"schema":{"@context":"https:\/\/schema.org","@graph":[{"@type":"WebPage","@id":"https:\/\/touchproeurope.eu\/product\/earthlite-harmony-reiki-dx-massagetafel\/","url":"https:\/\/touchproeurope.eu\/product\/earthlite-harmony-reiki-dx-massagetafel\/","name":"EarthLite Harmony Reiki DX Massageliege - TouchPro Europe Shop","isPartOf":{"@id":"https:\/\/touchproeurope.eu\/#website"},"primaryImageOfPage":{"@id":"https:\/\/touchproeurope.eu\/product\/earthlite-harmony-reiki-dx-massagetafel\/#primaryimage"},"image":{"@id":"https:\/\/touchproeurope.eu\/product\/earthlite-harmony-reiki-dx-massagetafel\/#primaryimage"},"thumbnailUrl":"https:\/\/i0.wp.com\/touchproeurope.eu\/wp-content\/uploads\/2023\/11\/EarthLite-Harmony-Reiki-DX-Massagetafel-Agate-en-Draagtas.jpg?fit=2000%2C2000&ssl=1","datePublished":"2023-11-07T21:01:24+00:00","dateModified":"2026-04-16T16:01:10+00:00","description":"Entdecken Sie die Entspannung mit der Massageliege EarthLite Harmony Reiki DX. Die ultimative Wahl f\u00fcr professionelle Masseure, die bezahlbare Spitzenqualit\u00e4t suchen.","breadcrumb":{"@id":"https:\/\/touchproeurope.eu\/product\/earthlite-harmony-reiki-dx-massagetafel\/#breadcrumb"},"inLanguage":"de","potentialAction":[{"@type":"ReadAction","target":["https:\/\/touchproeurope.eu\/product\/earthlite-harmony-reiki-dx-massagetafel\/"]}]},{"@type":"ImageObject","inLanguage":"de","@id":"https:\/\/touchproeurope.eu\/product\/earthlite-harmony-reiki-dx-massagetafel\/#primaryimage","url":"https:\/\/i0.wp.com\/touchproeurope.eu\/wp-content\/uploads\/2023\/11\/EarthLite-Harmony-Reiki-DX-Massagetafel-Agate-en-Draagtas.jpg?fit=2000%2C2000&ssl=1","contentUrl":"https:\/\/i0.wp.com\/touchproeurope.eu\/wp-content\/uploads\/2023\/11\/EarthLite-Harmony-Reiki-DX-Massagetafel-Agate-en-Draagtas.jpg?fit=2000%2C2000&ssl=1","width":2000,"height":2000,"caption":"EarthLite Harmony Reiki DX Massagetafel Agate en Draagtas"},{"@type":"BreadcrumbList","@id":"https:\/\/touchproeurope.eu\/product\/earthlite-harmony-reiki-dx-massagetafel\/#breadcrumb","itemListElement":[{"@type":"ListItem","position":1,"name":"Home","item":"https:\/\/touchproeurope.eu\/"},{"@type":"ListItem","position":2,"name":"Winkel","item":"https:\/\/touchproeurope.eu\/winkel\/"},{"@type":"ListItem","position":3,"name":"EarthLite Harmony Reiki DX Massagetafel"}]},{"@type":"WebSite","@id":"https:\/\/touchproeurope.eu\/#website","url":"https:\/\/touchproeurope.eu\/","name":"TouchPro Europe Shop","description":"Alles f\u00fcr Ihre Praxis mit einem PROfessional Touch!","publisher":{"@id":"https:\/\/touchproeurope.eu\/#organization"},"alternateName":"TPE","potentialAction":[{"@type":"SearchAction","target":{"@type":"EntryPoint","urlTemplate":"https:\/\/touchproeurope.eu\/?s={search_term_string}"},"query-input":{"@type":"PropertyValueSpecification","valueRequired":true,"valueName":"search_term_string"}}],"inLanguage":"de"},{"@type":"Organization","@id":"https:\/\/touchproeurope.eu\/#organization","name":"TouchPro Europa BV","alternateName":"TPE","url":"https:\/\/touchproeurope.eu\/","logo":{"@type":"ImageObject","inLanguage":"de","@id":"https:\/\/touchproeurope.eu\/#\/schema\/logo\/image\/","url":"https:\/\/i0.wp.com\/touchproeurope.eu\/wp-content\/uploads\/2023\/10\/2b592c_b6944d80811246d987cc2c29accedf3f.png?fit=1417%2C531&ssl=1","contentUrl":"https:\/\/i0.wp.com\/touchproeurope.eu\/wp-content\/uploads\/2023\/10\/2b592c_b6944d80811246d987cc2c29accedf3f.png?fit=1417%2C531&ssl=1","width":1417,"height":531,"caption":"TouchPro Europe BV"},"image":{"@id":"https:\/\/touchproeurope.eu\/#\/schema\/logo\/image\/"},"sameAs":["https:\/\/www.facebook.com\/TouchproNederland\/?locale=nl_NL\/","https:\/\/www.instagram.com\/touchpro2016\/","https:\/\/www.linkedin.com\/company\/touchpro-europe-bv\/"],"description":"TouchPro Europe Shop ist das Massagegesch\u00e4ft in Europa. Wir verkaufen hochwertige Massageprodukte an Masseure, Fu\u00dfpfleger, Physiotherapeuten, Manik\u00fcre, Wellness-Zentren, Ausbildungskurse, usw. TouchPro begann als kleines Gesch\u00e4ft in den Niederlanden, hat sich aber inzwischen zu einem Gesch\u00e4ft mit Kunden aus ganz Europa entwickelt. Wir bieten eine gro\u00dfe Auswahl an Massageprodukten, darunter Massageliegen, \u00d6le, Cremes und Zubeh\u00f6r von Top-Marken wie Earthlite, Stronglite und InnerStrenght, Habys, Living Earth Crafts und Continuum sowie anderen Lieferanten von Massagezubeh\u00f6r. Bestellen Sie hier die besten Massageprodukte Europas!","email":"info@touchpro-europe.com","telephone":"0858768829","legalName":"TouchPro Europe BV","foundingDate":"2018-01-11","vatID":"NL855430151B01","numberOfEmployees":{"@type":"QuantitativeValue","minValue":"1","maxValue":"10"},"hasMerchantReturnPolicy":{"@type":"MerchantReturnPolicy","merchantReturnLink":"https:\/\/touchproeurope.eu\/de\/retourbeleid\/"}}]},"product_brand":"Earthlite","og_availability":"instock","product_availability":"instock","product_condition":"new"},"_links":{"self":[{"href":"https:\/\/touchproeurope.eu\/de\/wp-json\/wp\/v2\/product\/1629","targetHints":{"allow":["GET"]}}],"collection":[{"href":"https:\/\/touchproeurope.eu\/de\/wp-json\/wp\/v2\/product"}],"about":[{"href":"https:\/\/touchproeurope.eu\/de\/wp-json\/wp\/v2\/types\/product"}],"replies":[{"embeddable":true,"href":"https:\/\/touchproeurope.eu\/de\/wp-json\/wp\/v2\/comments?post=1629"}],"version-history":[{"count":6,"href":"https:\/\/touchproeurope.eu\/de\/wp-json\/wp\/v2\/product\/1629\/revisions"}],"predecessor-version":[{"id":1758,"href":"https:\/\/touchproeurope.eu\/de\/wp-json\/wp\/v2\/product\/1629\/revisions\/1758"}],"wp:featuredmedia":[{"embeddable":true,"href":"https:\/\/touchproeurope.eu\/de\/wp-json\/wp\/v2\/media\/1641"}],"wp:attachment":[{"href":"https:\/\/touchproeurope.eu\/de\/wp-json\/wp\/v2\/media?parent=1629"}],"wp:term":[{"taxonomy":"product_brand","embeddable":true,"href":"https:\/\/touchproeurope.eu\/de\/wp-json\/wp\/v2\/product_brand?post=1629"},{"taxonomy":"product_cat","embeddable":true,"href":"https:\/\/touchproeurope.eu\/de\/wp-json\/wp\/v2\/product_cat?post=1629"},{"taxonomy":"product_tag","embeddable":true,"href":"https:\/\/touchproeurope.eu\/de\/wp-json\/wp\/v2\/product_tag?post=1629"}],"curies":[{"name":"wp","href":"https:\/\/api.w.org\/{rel}","templated":true}]}}