{"id":2921,"date":"2023-11-09T15:58:21","date_gmt":"2023-11-09T15:58:21","guid":{"rendered":"https:\/\/touchproeurope.eu\/?post_type=product&#038;p=2921"},"modified":"2026-04-26T11:33:25","modified_gmt":"2026-04-26T11:33:25","slug":"handdesinfektionsmittel-70","status":"publish","type":"product","link":"https:\/\/touchproeurope.eu\/de\/product\/handalcohol-70\/","title":{"rendered":"Hand-Alkohol 70%"},"content":{"rendered":"<p>Optimieren Sie Ihren Arbeitsplatz mit Aysun Wellness Handalkohol 70%, ideal f\u00fcr den professionellen Gebrauch. Dieser hochwirksame Alkohol bietet eine lang anhaltende Desinfektion und eignet sich daher perfekt f\u00fcr die Vorbereitung von Behandlungen f\u00fcr Ihre Kunden.<\/p>\n<p>Mit einer Konzentration von 70% bek\u00e4mpft dieses Handdesinfektionsmittel wirksam sch\u00e4dliche Bakterien und Viren. Bevor Sie mit Kunden arbeiten, sorgt dieses Desinfektionsmittel f\u00fcr eine gr\u00fcndliche Desinfektion und garantiert so eine hygienische Arbeitsumgebung.<\/p>\n<p>Aysun Wellness Handalkohol ist mehr als nur ein Desinfektionsmittel; es ist ein zuverl\u00e4ssiger Begleiter in Ihrem Arbeitsalltag. Die lang anhaltende Wirkung sorgt f\u00fcr einen konstanten Schutz, sodass Sie sich auf das Wesentliche konzentrieren k\u00f6nnen \u2013 die Betreuung Ihrer Kunden.<\/p>\n<p>Machen Sie Aysun Wellness Handalkohol 70% zu einem unverzichtbaren Bestandteil Ihrer t\u00e4glichen Routine. Bestellen Sie jetzt und erleben Sie die Vorteile eines leistungsstarken Desinfektionsmittels, das speziell f\u00fcr Fachleute wie Sie entwickelt wurde. Schaffen Sie mit diesem hochwertigen Handalkohol eine sichere und hygienische Umgebung f\u00fcr sich und Ihre Kunden.<\/p>\n<p>Sorgen Sie f\u00fcr maximalen Schutz und bestellen Sie noch heute. Machen Sie Sicherheit zu Ihrer Priorit\u00e4t und geben Sie sich und Ihren Kunden mit Aysun Wellness Handalkohol 70% ein gutes Gef\u00fchl.<\/p>","protected":false},"excerpt":{"rendered":"<p>Aysun Wellness Handalkohol 70% ist ideal f\u00fcr den Einsatz w\u00e4hrend der Arbeit. Dieser Alkohol hat eine l\u00e4ngere desinfizierende Wirkung als das Desinfektionsmittel und ist daher vor der Behandlung von Kunden zu empfehlen.<\/p>","protected":false},"featured_media":4428,"comment_status":"open","ping_status":"closed","template":"","meta":[],"product_brand":[599],"product_cat":[111],"product_tag":[187,186,185],"class_list":{"0":"post-2921","1":"product","2":"type-product","3":"status-publish","4":"has-post-thumbnail","6":"product_brand-aysun","7":"product_cat-hygiene-producten","8":"product_tag-187","9":"product_tag-desinfecteren","10":"product_tag-handalcohol","11":"product_shipping_class-klein-pakket","13":"first","14":"instock","15":"taxable","16":"shipping-taxable","17":"purchasable","18":"product-type-simple"},"yoast_head":"<!-- This site is optimized with the Yoast SEO Premium plugin v27.4 (Yoast SEO v27.4) - https:\/\/yoast.com\/product\/yoast-seo-premium-wordpress\/ -->\n<title>Handalcohol 70% - TouchPro Europe Shop<\/title>\n<meta name=\"description\" content=\"Bescherm jouw klanten met Handalcohol 70% van Aysun Wellness.\ud83d\udc89 \u2795 Langdurig Desinfecterende Werking\u2795 Hygi\u00ebnische Werkomgeving \ud83d\udcaf Bestel hem bij TouchPro!\" \/>\n<meta name=\"robots\" content=\"index, follow, max-snippet:-1, max-image-preview:large, max-video-preview:-1\" \/>\n<link rel=\"canonical\" href=\"https:\/\/touchproeurope.eu\/de\/product\/handdesinfektionsmittel-70\/\" \/>\n<meta property=\"og:locale\" content=\"de_DE\" \/>\n<meta property=\"og:type\" content=\"article\" \/>\n<meta property=\"og:title\" content=\"Handalcohol 70%\" \/>\n<meta property=\"og:description\" content=\"Bescherm jouw klanten met Handalcohol 70% van Aysun Wellness.\ud83d\udc89 \u2795 Langdurig Desinfecterende Werking\u2795 Hygi\u00ebnische Werkomgeving \ud83d\udcaf Bestel hem bij TouchPro!\" \/>\n<meta property=\"og:url\" content=\"https:\/\/touchproeurope.eu\/de\/product\/handdesinfektionsmittel-70\/\" \/>\n<meta property=\"og:site_name\" content=\"TouchPro Europe Shop\" \/>\n<meta property=\"article:publisher\" content=\"https:\/\/www.facebook.com\/TouchproNederland\/?locale=nl_NL%2f\" \/>\n<meta property=\"article:modified_time\" content=\"2026-04-26T11:33:25+00:00\" \/>\n<meta property=\"og:image\" content=\"https:\/\/touchproeurope.eu\/wp-content\/uploads\/2023\/11\/Earthlite-opvouwbaremassagekruk-4.jpg\" \/>\n\t<meta property=\"og:image:width\" content=\"800\" \/>\n\t<meta property=\"og:image:height\" content=\"800\" \/>\n\t<meta property=\"og:image:type\" content=\"image\/jpeg\" \/>\n<meta name=\"twitter:card\" content=\"summary_large_image\" \/>\n<meta name=\"twitter:label1\" content=\"Preis\" \/>\n\t<meta name=\"twitter:data1\" content=\"&euro;&nbsp;12,40 incl. BTW\" \/>\n\t<meta name=\"twitter:label2\" content=\"Verf\u00fcgbarkeit\" \/>\n\t<meta name=\"twitter:data2\" content=\"Auf Lager\" \/>\n<script type=\"application\/ld+json\" class=\"yoast-schema-graph\">{\"@context\":\"https:\\\/\\\/schema.org\",\"@graph\":[{\"@type\":\"WebPage\",\"@id\":\"https:\\\/\\\/touchproeurope.eu\\\/product\\\/handalcohol-70\\\/\",\"url\":\"https:\\\/\\\/touchproeurope.eu\\\/product\\\/handalcohol-70\\\/\",\"name\":\"Handalcohol 70% - TouchPro Europe Shop\",\"isPartOf\":{\"@id\":\"https:\\\/\\\/touchproeurope.eu\\\/#website\"},\"primaryImageOfPage\":{\"@id\":\"https:\\\/\\\/touchproeurope.eu\\\/product\\\/handalcohol-70\\\/#primaryimage\"},\"image\":{\"@id\":\"https:\\\/\\\/touchproeurope.eu\\\/product\\\/handalcohol-70\\\/#primaryimage\"},\"thumbnailUrl\":\"https:\\\/\\\/i0.wp.com\\\/touchproeurope.eu\\\/wp-content\\\/uploads\\\/2023\\\/11\\\/Earthlite-opvouwbaremassagekruk-4.jpg?fit=800%2C800&ssl=1\",\"datePublished\":\"2023-11-09T15:58:21+00:00\",\"dateModified\":\"2026-04-26T11:33:25+00:00\",\"description\":\"Bescherm jouw klanten met Handalcohol 70% van Aysun Wellness.\ud83d\udc89 \u2795 Langdurig Desinfecterende Werking\u2795 Hygi\u00ebnische Werkomgeving \ud83d\udcaf Bestel hem bij TouchPro!\",\"breadcrumb\":{\"@id\":\"https:\\\/\\\/touchproeurope.eu\\\/product\\\/handalcohol-70\\\/#breadcrumb\"},\"inLanguage\":\"de\",\"potentialAction\":[{\"@type\":\"ReadAction\",\"target\":[\"https:\\\/\\\/touchproeurope.eu\\\/product\\\/handalcohol-70\\\/\"]}]},{\"@type\":\"ImageObject\",\"inLanguage\":\"de\",\"@id\":\"https:\\\/\\\/touchproeurope.eu\\\/product\\\/handalcohol-70\\\/#primaryimage\",\"url\":\"https:\\\/\\\/i0.wp.com\\\/touchproeurope.eu\\\/wp-content\\\/uploads\\\/2023\\\/11\\\/Earthlite-opvouwbaremassagekruk-4.jpg?fit=800%2C800&ssl=1\",\"contentUrl\":\"https:\\\/\\\/i0.wp.com\\\/touchproeurope.eu\\\/wp-content\\\/uploads\\\/2023\\\/11\\\/Earthlite-opvouwbaremassagekruk-4.jpg?fit=800%2C800&ssl=1\",\"width\":800,\"height\":800,\"caption\":\"Handalcohol 70% 500 ml\"},{\"@type\":\"BreadcrumbList\",\"@id\":\"https:\\\/\\\/touchproeurope.eu\\\/product\\\/handalcohol-70\\\/#breadcrumb\",\"itemListElement\":[{\"@type\":\"ListItem\",\"position\":1,\"name\":\"Home\",\"item\":\"https:\\\/\\\/touchproeurope.eu\\\/\"},{\"@type\":\"ListItem\",\"position\":2,\"name\":\"Winkel\",\"item\":\"https:\\\/\\\/touchproeurope.eu\\\/winkel\\\/\"},{\"@type\":\"ListItem\",\"position\":3,\"name\":\"Handalcohol 70%\"}]},{\"@type\":\"WebSite\",\"@id\":\"https:\\\/\\\/touchproeurope.eu\\\/#website\",\"url\":\"https:\\\/\\\/touchproeurope.eu\\\/\",\"name\":\"TouchPro Europe Shop\",\"description\":\"Alles voor jouw praktijk met een PROfessionele Touch!\",\"publisher\":{\"@id\":\"https:\\\/\\\/touchproeurope.eu\\\/#organization\"},\"alternateName\":\"TPE\",\"potentialAction\":[{\"@type\":\"SearchAction\",\"target\":{\"@type\":\"EntryPoint\",\"urlTemplate\":\"https:\\\/\\\/touchproeurope.eu\\\/?s={search_term_string}\"},\"query-input\":{\"@type\":\"PropertyValueSpecification\",\"valueRequired\":true,\"valueName\":\"search_term_string\"}}],\"inLanguage\":\"de\"},{\"@type\":\"Organization\",\"@id\":\"https:\\\/\\\/touchproeurope.eu\\\/#organization\",\"name\":\"TouchPro Europe BV\",\"alternateName\":\"TPE\",\"url\":\"https:\\\/\\\/touchproeurope.eu\\\/\",\"logo\":{\"@type\":\"ImageObject\",\"inLanguage\":\"de\",\"@id\":\"https:\\\/\\\/touchproeurope.eu\\\/#\\\/schema\\\/logo\\\/image\\\/\",\"url\":\"https:\\\/\\\/i0.wp.com\\\/touchproeurope.eu\\\/wp-content\\\/uploads\\\/2023\\\/10\\\/2b592c_b6944d80811246d987cc2c29accedf3f.png?fit=1417%2C531&ssl=1\",\"contentUrl\":\"https:\\\/\\\/i0.wp.com\\\/touchproeurope.eu\\\/wp-content\\\/uploads\\\/2023\\\/10\\\/2b592c_b6944d80811246d987cc2c29accedf3f.png?fit=1417%2C531&ssl=1\",\"width\":1417,\"height\":531,\"caption\":\"TouchPro Europe BV\"},\"image\":{\"@id\":\"https:\\\/\\\/touchproeurope.eu\\\/#\\\/schema\\\/logo\\\/image\\\/\"},\"sameAs\":[\"https:\\\/\\\/www.facebook.com\\\/TouchproNederland\\\/?locale=nl_NL\\\/\",\"https:\\\/\\\/www.instagram.com\\\/touchpro2016\\\/\",\"https:\\\/\\\/www.linkedin.com\\\/company\\\/touchpro-europe-bv\\\/\"],\"description\":\"TouchPro Europe Shop is de massage winkel van Europa. Wij verkopen topkwaliteit massageproducten aan masseurs, pedicures, fysiotherapeuten, manicuren, Wellness centra, opleidingen, etc. TouchPro begon als een kleine webshop in Nederland, maar is nu uitgegroeid tot een webshop met klanten uit heel Europa. Wij bieden een breed assortiment aan massageproducten, waaronder massagetafels, oli\u00ebn, cr\u00e8mes, en accessoires van topmerken, zoals Earthlite, Stronglite en InnerStrenght, Habys, Living Earth Crafts en Continuum en andere leveranciers van massage accessoires. Bestel hier de beste massagematerialen van Europa!\",\"email\":\"info@touchpro-europe.com\",\"telephone\":\"0858768829\",\"legalName\":\"TouchPro Europe BV\",\"foundingDate\":\"2018-01-11\",\"vatID\":\"NL855430151B01\",\"numberOfEmployees\":{\"@type\":\"QuantitativeValue\",\"minValue\":\"1\",\"maxValue\":\"10\"},\"hasMerchantReturnPolicy\":{\"@type\":\"MerchantReturnPolicy\",\"merchantReturnLink\":\"https:\\\/\\\/touchproeurope.eu\\\/de\\\/retourbeleid\\\/\"}}]}<\/script>\n<meta property=\"product:price:amount\" content=\"12.40\" \/>\n<meta property=\"product:price:currency\" content=\"EUR\" \/>\n<meta property=\"og:availability\" content=\"instock\" \/>\n<meta property=\"product:availability\" content=\"instock\" \/>\n<meta property=\"product:retailer_item_id\" content=\"63\" \/>\n<meta property=\"product:condition\" content=\"new\" \/>\n<!-- \/ Yoast SEO Premium plugin. -->","yoast_head_json":{"title":"Handdesinfektionsmittel 70% \u2013 TouchPro Europe Shop","description":"Sch\u00fctzen Sie Ihre Kunden mit Handalkohol 70% von Aysun Wellness.\ud83d\udc89 \u2795 Lang anhaltende desinfizierende Wirkung\u2795 Hygienische Arbeitsumgebung \ud83d\udcaf Bestellen Sie ihn bei TouchPro!","robots":{"index":"index","follow":"follow","max-snippet":"max-snippet:-1","max-image-preview":"max-image-preview:large","max-video-preview":"max-video-preview:-1"},"canonical":"https:\/\/touchproeurope.eu\/de\/product\/handdesinfektionsmittel-70\/","og_locale":"de_DE","og_type":"article","og_title":"Handalcohol 70%","og_description":"Bescherm jouw klanten met Handalcohol 70% van Aysun Wellness.\ud83d\udc89 \u2795 Langdurig Desinfecterende Werking\u2795 Hygi\u00ebnische Werkomgeving \ud83d\udcaf Bestel hem bij TouchPro!","og_url":"https:\/\/touchproeurope.eu\/de\/product\/handdesinfektionsmittel-70\/","og_site_name":"TouchPro Europe Shop","article_publisher":"https:\/\/www.facebook.com\/TouchproNederland\/?locale=nl_NL%2f","article_modified_time":"2026-04-26T11:33:25+00:00","og_image":[{"width":800,"height":800,"url":"https:\/\/touchproeurope.eu\/wp-content\/uploads\/2023\/11\/Earthlite-opvouwbaremassagekruk-4.jpg","type":"image\/jpeg"}],"twitter_card":"summary_large_image","twitter_misc":{"Preis":"&euro;&nbsp;12,40 incl. BTW","Verf\u00fcgbarkeit":"Auf Lager"},"schema":{"@context":"https:\/\/schema.org","@graph":[{"@type":"WebPage","@id":"https:\/\/touchproeurope.eu\/product\/handalcohol-70\/","url":"https:\/\/touchproeurope.eu\/product\/handalcohol-70\/","name":"Handdesinfektionsmittel 70% \u2013 TouchPro Europe Shop","isPartOf":{"@id":"https:\/\/touchproeurope.eu\/#website"},"primaryImageOfPage":{"@id":"https:\/\/touchproeurope.eu\/product\/handalcohol-70\/#primaryimage"},"image":{"@id":"https:\/\/touchproeurope.eu\/product\/handalcohol-70\/#primaryimage"},"thumbnailUrl":"https:\/\/i0.wp.com\/touchproeurope.eu\/wp-content\/uploads\/2023\/11\/Earthlite-opvouwbaremassagekruk-4.jpg?fit=800%2C800&ssl=1","datePublished":"2023-11-09T15:58:21+00:00","dateModified":"2026-04-26T11:33:25+00:00","description":"Sch\u00fctzen Sie Ihre Kunden mit Handalkohol 70% von Aysun Wellness.\ud83d\udc89 \u2795 Lang anhaltende desinfizierende Wirkung\u2795 Hygienische Arbeitsumgebung \ud83d\udcaf Bestellen Sie ihn bei TouchPro!","breadcrumb":{"@id":"https:\/\/touchproeurope.eu\/product\/handalcohol-70\/#breadcrumb"},"inLanguage":"de","potentialAction":[{"@type":"ReadAction","target":["https:\/\/touchproeurope.eu\/product\/handalcohol-70\/"]}]},{"@type":"ImageObject","inLanguage":"de","@id":"https:\/\/touchproeurope.eu\/product\/handalcohol-70\/#primaryimage","url":"https:\/\/i0.wp.com\/touchproeurope.eu\/wp-content\/uploads\/2023\/11\/Earthlite-opvouwbaremassagekruk-4.jpg?fit=800%2C800&ssl=1","contentUrl":"https:\/\/i0.wp.com\/touchproeurope.eu\/wp-content\/uploads\/2023\/11\/Earthlite-opvouwbaremassagekruk-4.jpg?fit=800%2C800&ssl=1","width":800,"height":800,"caption":"Handalcohol 70% 500 ml"},{"@type":"BreadcrumbList","@id":"https:\/\/touchproeurope.eu\/product\/handalcohol-70\/#breadcrumb","itemListElement":[{"@type":"ListItem","position":1,"name":"Home","item":"https:\/\/touchproeurope.eu\/"},{"@type":"ListItem","position":2,"name":"Winkel","item":"https:\/\/touchproeurope.eu\/winkel\/"},{"@type":"ListItem","position":3,"name":"Handalcohol 70%"}]},{"@type":"WebSite","@id":"https:\/\/touchproeurope.eu\/#website","url":"https:\/\/touchproeurope.eu\/","name":"TouchPro Europe Shop","description":"Alles f\u00fcr Ihre Praxis mit einem PROfessional Touch!","publisher":{"@id":"https:\/\/touchproeurope.eu\/#organization"},"alternateName":"TPE","potentialAction":[{"@type":"SearchAction","target":{"@type":"EntryPoint","urlTemplate":"https:\/\/touchproeurope.eu\/?s={search_term_string}"},"query-input":{"@type":"PropertyValueSpecification","valueRequired":true,"valueName":"search_term_string"}}],"inLanguage":"de"},{"@type":"Organization","@id":"https:\/\/touchproeurope.eu\/#organization","name":"TouchPro Europa BV","alternateName":"TPE","url":"https:\/\/touchproeurope.eu\/","logo":{"@type":"ImageObject","inLanguage":"de","@id":"https:\/\/touchproeurope.eu\/#\/schema\/logo\/image\/","url":"https:\/\/i0.wp.com\/touchproeurope.eu\/wp-content\/uploads\/2023\/10\/2b592c_b6944d80811246d987cc2c29accedf3f.png?fit=1417%2C531&ssl=1","contentUrl":"https:\/\/i0.wp.com\/touchproeurope.eu\/wp-content\/uploads\/2023\/10\/2b592c_b6944d80811246d987cc2c29accedf3f.png?fit=1417%2C531&ssl=1","width":1417,"height":531,"caption":"TouchPro Europe BV"},"image":{"@id":"https:\/\/touchproeurope.eu\/#\/schema\/logo\/image\/"},"sameAs":["https:\/\/www.facebook.com\/TouchproNederland\/?locale=nl_NL\/","https:\/\/www.instagram.com\/touchpro2016\/","https:\/\/www.linkedin.com\/company\/touchpro-europe-bv\/"],"description":"TouchPro Europe Shop ist das Massagegesch\u00e4ft in Europa. Wir verkaufen hochwertige Massageprodukte an Masseure, Fu\u00dfpfleger, Physiotherapeuten, Manik\u00fcre, Wellness-Zentren, Ausbildungskurse, usw. TouchPro begann als kleines Gesch\u00e4ft in den Niederlanden, hat sich aber inzwischen zu einem Gesch\u00e4ft mit Kunden aus ganz Europa entwickelt. Wir bieten eine gro\u00dfe Auswahl an Massageprodukten, darunter Massageliegen, \u00d6le, Cremes und Zubeh\u00f6r von Top-Marken wie Earthlite, Stronglite und InnerStrenght, Habys, Living Earth Crafts und Continuum sowie anderen Lieferanten von Massagezubeh\u00f6r. Bestellen Sie hier die besten Massageprodukte Europas!","email":"info@touchpro-europe.com","telephone":"0858768829","legalName":"TouchPro Europe BV","foundingDate":"2018-01-11","vatID":"NL855430151B01","numberOfEmployees":{"@type":"QuantitativeValue","minValue":"1","maxValue":"10"},"hasMerchantReturnPolicy":{"@type":"MerchantReturnPolicy","merchantReturnLink":"https:\/\/touchproeurope.eu\/de\/retourbeleid\/"}}]},"product_price_amount":"12.40","product_price_currency":"EUR","og_availability":"instock","product_availability":"instock","product_retailer_item_id":"63","product_condition":"new"},"_links":{"self":[{"href":"https:\/\/touchproeurope.eu\/de\/wp-json\/wp\/v2\/product\/2921","targetHints":{"allow":["GET"]}}],"collection":[{"href":"https:\/\/touchproeurope.eu\/de\/wp-json\/wp\/v2\/product"}],"about":[{"href":"https:\/\/touchproeurope.eu\/de\/wp-json\/wp\/v2\/types\/product"}],"replies":[{"embeddable":true,"href":"https:\/\/touchproeurope.eu\/de\/wp-json\/wp\/v2\/comments?post=2921"}],"version-history":[{"count":2,"href":"https:\/\/touchproeurope.eu\/de\/wp-json\/wp\/v2\/product\/2921\/revisions"}],"predecessor-version":[{"id":4429,"href":"https:\/\/touchproeurope.eu\/de\/wp-json\/wp\/v2\/product\/2921\/revisions\/4429"}],"wp:featuredmedia":[{"embeddable":true,"href":"https:\/\/touchproeurope.eu\/de\/wp-json\/wp\/v2\/media\/4428"}],"wp:attachment":[{"href":"https:\/\/touchproeurope.eu\/de\/wp-json\/wp\/v2\/media?parent=2921"}],"wp:term":[{"taxonomy":"product_brand","embeddable":true,"href":"https:\/\/touchproeurope.eu\/de\/wp-json\/wp\/v2\/product_brand?post=2921"},{"taxonomy":"product_cat","embeddable":true,"href":"https:\/\/touchproeurope.eu\/de\/wp-json\/wp\/v2\/product_cat?post=2921"},{"taxonomy":"product_tag","embeddable":true,"href":"https:\/\/touchproeurope.eu\/de\/wp-json\/wp\/v2\/product_tag?post=2921"}],"curies":[{"name":"wp","href":"https:\/\/api.w.org\/{rel}","templated":true}]}}