{"id":2926,"date":"2023-11-09T15:58:37","date_gmt":"2023-11-09T15:58:37","guid":{"rendered":"https:\/\/touchproeurope.eu\/?post_type=product&#038;p=2926"},"modified":"2026-03-04T16:55:05","modified_gmt":"2026-03-04T16:55:05","slug":"aysun-wellness-micro-pure-50","status":"publish","type":"product","link":"https:\/\/touchproeurope.eu\/de\/product\/aysun-wellness-micro-pure-50\/","title":{"rendered":"Aysun Wellness Micro Pure 50"},"content":{"rendered":"<p>Halten Sie Ihren Arbeitsbereich hygienisch sauber mit Aysun Wellness MicroPure-50 (1 Liter) \u2013 einem leistungsstarken, professionellen Reiniger in konzentrierter Form. Dieser vielseitige Reiniger eignet sich perfekt f\u00fcr die Reinigung Ihrer Praxis, Ihres Massagestuhls, Ihrer Massageliege und Ihrer Instrumente, wenn er mit Wasser verd\u00fcnnt wird (1:10).<\/p>\n<p>Mit Aysun Wellness MicroPure-50  erhalten Sie mehr als nur Reinigung; Sie erleben die Vorteile eines professionellen Hygienestandards. Die konzentrierte Formel sorgt f\u00fcr eine gr\u00fcndliche und effektive Reinigung, wodurch Sie eine optimale und saubere Umgebung f\u00fcr sich und Ihre Kunden schaffen.<\/p>\n<p>Die Vielseitigkeit dieses Reinigers macht ihn zu einem unverzichtbaren Bestandteil Ihrer t\u00e4glichen Routine. Ob Sie Ihre Massagepraxis pflegen oder Ihre Instrumente reinigen, der MicroPure-50 bietet Ihnen die kraftvolle Reinigung, die Sie ben\u00f6tigen.<\/p>\n<p>Um Ihre Sicherheit zu gew\u00e4hrleisten, k\u00f6nnen Sie auch die <a href=\"https:\/\/touchproeurope.eu\/wp-content\/uploads\/2025\/05\/75.543_Micropure-50_vs2.2_NL.pdf\">Niederl\u00e4ndisch<\/a> und <a href=\"https:\/\/touchproeurope.eu\/wp-content\/uploads\/2025\/05\/75.543_Micropure-50_vs2.2_DE.pdf\">Deutsch<\/a> Sicherheitshinweise f\u00fcr den Micro pure finden.<\/p>\n<p>Bestellen Sie jetzt und entdecken Sie selbst die professionelle Qualit\u00e4t und die Vorteile von Aysun Wellness MicroPure-50.<\/p>","protected":false},"excerpt":{"rendered":"<p>Aysun Wellness Micro Pure 50 (1 Liter) ist ein leistungsstarker, professioneller Reiniger in konzentrierter Form. Wenn Sie ihn mit Wasser verd\u00fcnnen (1:10), k\u00f6nnen Sie damit Ihre Praxis, Ihren Massagestuhl, Ihren Massagetisch und Ihre Instrumente gr\u00fcndlich reinigen.<\/p>\n<p>In gebrauchsfertiger Variante als Spray erh\u00e4ltlich (Cleaner, 1000 ml).<\/p>","protected":false},"featured_media":4431,"comment_status":"open","ping_status":"closed","template":"","meta":[],"product_brand":[],"product_cat":[111],"product_tag":[123,188,189],"class_list":{"0":"post-2926","1":"product","2":"type-product","3":"status-publish","4":"has-post-thumbnail","6":"product_cat-hygiene-producten","7":"product_tag-aysun","8":"product_tag-micro-pure","9":"product_tag-reiniger","10":"product_shipping_class-klein-pakket","12":"first","13":"instock","14":"taxable","15":"shipping-taxable","16":"purchasable","17":"product-type-simple"},"yoast_head":"<!-- This site is optimized with the Yoast SEO Premium plugin v27.3 (Yoast SEO v27.3) - https:\/\/yoast.com\/product\/yoast-seo-premium-wordpress\/ -->\n<title>Aysun Wellness Micro Pure 50 - TouchPro Europe Shop<\/title>\n<meta name=\"description\" content=\"Gebruik Aysun Wellness MicroPure-50 om de standaard van hygi\u00ebne in je werkomgeving opnieuw te defini\u00ebren. Ontdek de voordelen van professionele hygi\u00ebne!\" \/>\n<meta name=\"robots\" content=\"index, follow, max-snippet:-1, max-image-preview:large, max-video-preview:-1\" \/>\n<link rel=\"canonical\" href=\"https:\/\/touchproeurope.eu\/de\/product\/aysun-wellness-micro-pure-50\/\" \/>\n<meta property=\"og:locale\" content=\"de_DE\" \/>\n<meta property=\"og:type\" content=\"article\" \/>\n<meta property=\"og:title\" content=\"Aysun Wellness Micro Pure 50\" \/>\n<meta property=\"og:description\" content=\"Gebruik Aysun Wellness MicroPure-50 om de standaard van hygi\u00ebne in je werkomgeving opnieuw te defini\u00ebren. Ontdek de voordelen van professionele hygi\u00ebne!\" \/>\n<meta property=\"og:url\" content=\"https:\/\/touchproeurope.eu\/de\/product\/aysun-wellness-micro-pure-50\/\" \/>\n<meta property=\"og:site_name\" content=\"TouchPro Europe Shop\" \/>\n<meta property=\"article:publisher\" content=\"https:\/\/www.facebook.com\/TouchproNederland\/?locale=nl_NL%2f\" \/>\n<meta property=\"article:modified_time\" content=\"2026-03-04T16:55:05+00:00\" \/>\n<meta property=\"og:image\" content=\"https:\/\/touchproeurope.eu\/wp-content\/uploads\/2023\/11\/Producten-fotos.jpg\" \/>\n\t<meta property=\"og:image:width\" content=\"800\" \/>\n\t<meta property=\"og:image:height\" content=\"800\" \/>\n\t<meta property=\"og:image:type\" content=\"image\/jpeg\" \/>\n<meta name=\"twitter:card\" content=\"summary_large_image\" \/>\n<meta name=\"twitter:label1\" content=\"Preis\" \/>\n\t<meta name=\"twitter:data1\" content=\"&euro;&nbsp;19,95 incl. BTW\" \/>\n\t<meta name=\"twitter:label2\" content=\"Verf\u00fcgbarkeit\" \/>\n\t<meta name=\"twitter:data2\" content=\"Auf Lager\" \/>\n<script type=\"application\/ld+json\" class=\"yoast-schema-graph\">{\"@context\":\"https:\\\/\\\/schema.org\",\"@graph\":[{\"@type\":\"WebPage\",\"@id\":\"https:\\\/\\\/touchproeurope.eu\\\/product\\\/aysun-wellness-micro-pure-50\\\/\",\"url\":\"https:\\\/\\\/touchproeurope.eu\\\/product\\\/aysun-wellness-micro-pure-50\\\/\",\"name\":\"Aysun Wellness Micro Pure 50 - TouchPro Europe Shop\",\"isPartOf\":{\"@id\":\"https:\\\/\\\/touchproeurope.eu\\\/#website\"},\"primaryImageOfPage\":{\"@id\":\"https:\\\/\\\/touchproeurope.eu\\\/product\\\/aysun-wellness-micro-pure-50\\\/#primaryimage\"},\"image\":{\"@id\":\"https:\\\/\\\/touchproeurope.eu\\\/product\\\/aysun-wellness-micro-pure-50\\\/#primaryimage\"},\"thumbnailUrl\":\"https:\\\/\\\/i0.wp.com\\\/touchproeurope.eu\\\/wp-content\\\/uploads\\\/2023\\\/11\\\/Producten-fotos.jpg?fit=800%2C800&ssl=1\",\"datePublished\":\"2023-11-09T15:58:37+00:00\",\"dateModified\":\"2026-03-04T16:55:05+00:00\",\"description\":\"Gebruik Aysun Wellness MicroPure-50 om de standaard van hygi\u00ebne in je werkomgeving opnieuw te defini\u00ebren. Ontdek de voordelen van professionele hygi\u00ebne!\",\"breadcrumb\":{\"@id\":\"https:\\\/\\\/touchproeurope.eu\\\/product\\\/aysun-wellness-micro-pure-50\\\/#breadcrumb\"},\"inLanguage\":\"de\",\"potentialAction\":[{\"@type\":\"ReadAction\",\"target\":[\"https:\\\/\\\/touchproeurope.eu\\\/product\\\/aysun-wellness-micro-pure-50\\\/\"]}]},{\"@type\":\"ImageObject\",\"inLanguage\":\"de\",\"@id\":\"https:\\\/\\\/touchproeurope.eu\\\/product\\\/aysun-wellness-micro-pure-50\\\/#primaryimage\",\"url\":\"https:\\\/\\\/i0.wp.com\\\/touchproeurope.eu\\\/wp-content\\\/uploads\\\/2023\\\/11\\\/Producten-fotos.jpg?fit=800%2C800&ssl=1\",\"contentUrl\":\"https:\\\/\\\/i0.wp.com\\\/touchproeurope.eu\\\/wp-content\\\/uploads\\\/2023\\\/11\\\/Producten-fotos.jpg?fit=800%2C800&ssl=1\",\"width\":800,\"height\":800,\"caption\":\"Aysun Wellness Micro Pure 50\"},{\"@type\":\"BreadcrumbList\",\"@id\":\"https:\\\/\\\/touchproeurope.eu\\\/product\\\/aysun-wellness-micro-pure-50\\\/#breadcrumb\",\"itemListElement\":[{\"@type\":\"ListItem\",\"position\":1,\"name\":\"Home\",\"item\":\"https:\\\/\\\/touchproeurope.eu\\\/\"},{\"@type\":\"ListItem\",\"position\":2,\"name\":\"Winkel\",\"item\":\"https:\\\/\\\/touchproeurope.eu\\\/winkel\\\/\"},{\"@type\":\"ListItem\",\"position\":3,\"name\":\"Aysun Wellness Micro Pure 50\"}]},{\"@type\":\"WebSite\",\"@id\":\"https:\\\/\\\/touchproeurope.eu\\\/#website\",\"url\":\"https:\\\/\\\/touchproeurope.eu\\\/\",\"name\":\"TouchPro Europe Shop\",\"description\":\"Alles voor jouw praktijk met een PROfessionele Touch!\",\"publisher\":{\"@id\":\"https:\\\/\\\/touchproeurope.eu\\\/#organization\"},\"alternateName\":\"TPE\",\"potentialAction\":[{\"@type\":\"SearchAction\",\"target\":{\"@type\":\"EntryPoint\",\"urlTemplate\":\"https:\\\/\\\/touchproeurope.eu\\\/?s={search_term_string}\"},\"query-input\":{\"@type\":\"PropertyValueSpecification\",\"valueRequired\":true,\"valueName\":\"search_term_string\"}}],\"inLanguage\":\"de\"},{\"@type\":\"Organization\",\"@id\":\"https:\\\/\\\/touchproeurope.eu\\\/#organization\",\"name\":\"TouchPro Europe BV\",\"alternateName\":\"TPE\",\"url\":\"https:\\\/\\\/touchproeurope.eu\\\/\",\"logo\":{\"@type\":\"ImageObject\",\"inLanguage\":\"de\",\"@id\":\"https:\\\/\\\/touchproeurope.eu\\\/#\\\/schema\\\/logo\\\/image\\\/\",\"url\":\"https:\\\/\\\/i0.wp.com\\\/touchproeurope.eu\\\/wp-content\\\/uploads\\\/2023\\\/10\\\/2b592c_b6944d80811246d987cc2c29accedf3f.png?fit=1417%2C531&ssl=1\",\"contentUrl\":\"https:\\\/\\\/i0.wp.com\\\/touchproeurope.eu\\\/wp-content\\\/uploads\\\/2023\\\/10\\\/2b592c_b6944d80811246d987cc2c29accedf3f.png?fit=1417%2C531&ssl=1\",\"width\":1417,\"height\":531,\"caption\":\"TouchPro Europe BV\"},\"image\":{\"@id\":\"https:\\\/\\\/touchproeurope.eu\\\/#\\\/schema\\\/logo\\\/image\\\/\"},\"sameAs\":[\"https:\\\/\\\/www.facebook.com\\\/TouchproNederland\\\/?locale=nl_NL\\\/\",\"https:\\\/\\\/www.instagram.com\\\/touchpro2016\\\/\",\"https:\\\/\\\/www.linkedin.com\\\/company\\\/touchpro-europe-bv\\\/\"],\"description\":\"TouchPro Europe Shop is de massage winkel van Europa. Wij verkopen topkwaliteit massageproducten aan masseurs, pedicures, fysiotherapeuten, manicuren, Wellness centra, opleidingen, etc. TouchPro begon als een kleine webshop in Nederland, maar is nu uitgegroeid tot een webshop met klanten uit heel Europa. Wij bieden een breed assortiment aan massageproducten, waaronder massagetafels, oli\u00ebn, cr\u00e8mes, en accessoires van topmerken, zoals Earthlite, Stronglite en InnerStrenght, Habys, Living Earth Crafts en Continuum en andere leveranciers van massage accessoires. Bestel hier de beste massagematerialen van Europa!\",\"email\":\"info@touchpro-europe.com\",\"telephone\":\"0858768829\",\"legalName\":\"TouchPro Europe BV\",\"foundingDate\":\"2018-01-11\",\"vatID\":\"NL855430151B01\",\"numberOfEmployees\":{\"@type\":\"QuantitativeValue\",\"minValue\":\"1\",\"maxValue\":\"10\"},\"hasMerchantReturnPolicy\":{\"@type\":\"MerchantReturnPolicy\",\"merchantReturnLink\":\"https:\\\/\\\/touchproeurope.eu\\\/de\\\/retourbeleid\\\/\"}}]}<\/script>\n<meta property=\"product:price:amount\" content=\"19.95\" \/>\n<meta property=\"product:price:currency\" content=\"EUR\" \/>\n<meta property=\"og:availability\" content=\"instock\" \/>\n<meta property=\"product:availability\" content=\"instock\" \/>\n<meta property=\"product:retailer_item_id\" content=\"41523\" \/>\n<meta property=\"product:condition\" content=\"new\" \/>\n<!-- \/ Yoast SEO Premium plugin. -->","yoast_head_json":{"title":"Aysun Wellness Micro Pure 50 \u2013 TouchPro Europe Shop","description":"Verwenden Sie Aysun Wellness MicroPure-50, um den Hygienestandard in Ihrer Arbeitsumgebung neu zu definieren. Entdecken Sie die Vorteile professioneller Hygiene!","robots":{"index":"index","follow":"follow","max-snippet":"max-snippet:-1","max-image-preview":"max-image-preview:large","max-video-preview":"max-video-preview:-1"},"canonical":"https:\/\/touchproeurope.eu\/de\/product\/aysun-wellness-micro-pure-50\/","og_locale":"de_DE","og_type":"article","og_title":"Aysun Wellness Micro Pure 50","og_description":"Gebruik Aysun Wellness MicroPure-50 om de standaard van hygi\u00ebne in je werkomgeving opnieuw te defini\u00ebren. Ontdek de voordelen van professionele hygi\u00ebne!","og_url":"https:\/\/touchproeurope.eu\/de\/product\/aysun-wellness-micro-pure-50\/","og_site_name":"TouchPro Europe Shop","article_publisher":"https:\/\/www.facebook.com\/TouchproNederland\/?locale=nl_NL%2f","article_modified_time":"2026-03-04T16:55:05+00:00","og_image":[{"width":800,"height":800,"url":"https:\/\/touchproeurope.eu\/wp-content\/uploads\/2023\/11\/Producten-fotos.jpg","type":"image\/jpeg"}],"twitter_card":"summary_large_image","twitter_misc":{"Preis":"&euro;&nbsp;19,95 incl. BTW","Verf\u00fcgbarkeit":"Auf Lager"},"schema":{"@context":"https:\/\/schema.org","@graph":[{"@type":"WebPage","@id":"https:\/\/touchproeurope.eu\/product\/aysun-wellness-micro-pure-50\/","url":"https:\/\/touchproeurope.eu\/product\/aysun-wellness-micro-pure-50\/","name":"Aysun Wellness Micro Pure 50 \u2013 TouchPro Europe Shop","isPartOf":{"@id":"https:\/\/touchproeurope.eu\/#website"},"primaryImageOfPage":{"@id":"https:\/\/touchproeurope.eu\/product\/aysun-wellness-micro-pure-50\/#primaryimage"},"image":{"@id":"https:\/\/touchproeurope.eu\/product\/aysun-wellness-micro-pure-50\/#primaryimage"},"thumbnailUrl":"https:\/\/i0.wp.com\/touchproeurope.eu\/wp-content\/uploads\/2023\/11\/Producten-fotos.jpg?fit=800%2C800&ssl=1","datePublished":"2023-11-09T15:58:37+00:00","dateModified":"2026-03-04T16:55:05+00:00","description":"Verwenden Sie Aysun Wellness MicroPure-50, um den Hygienestandard in Ihrer Arbeitsumgebung neu zu definieren. Entdecken Sie die Vorteile professioneller Hygiene!","breadcrumb":{"@id":"https:\/\/touchproeurope.eu\/product\/aysun-wellness-micro-pure-50\/#breadcrumb"},"inLanguage":"de","potentialAction":[{"@type":"ReadAction","target":["https:\/\/touchproeurope.eu\/product\/aysun-wellness-micro-pure-50\/"]}]},{"@type":"ImageObject","inLanguage":"de","@id":"https:\/\/touchproeurope.eu\/product\/aysun-wellness-micro-pure-50\/#primaryimage","url":"https:\/\/i0.wp.com\/touchproeurope.eu\/wp-content\/uploads\/2023\/11\/Producten-fotos.jpg?fit=800%2C800&ssl=1","contentUrl":"https:\/\/i0.wp.com\/touchproeurope.eu\/wp-content\/uploads\/2023\/11\/Producten-fotos.jpg?fit=800%2C800&ssl=1","width":800,"height":800,"caption":"Aysun Wellness Micro Pure 50"},{"@type":"BreadcrumbList","@id":"https:\/\/touchproeurope.eu\/product\/aysun-wellness-micro-pure-50\/#breadcrumb","itemListElement":[{"@type":"ListItem","position":1,"name":"Home","item":"https:\/\/touchproeurope.eu\/"},{"@type":"ListItem","position":2,"name":"Winkel","item":"https:\/\/touchproeurope.eu\/winkel\/"},{"@type":"ListItem","position":3,"name":"Aysun Wellness Micro Pure 50"}]},{"@type":"WebSite","@id":"https:\/\/touchproeurope.eu\/#website","url":"https:\/\/touchproeurope.eu\/","name":"TouchPro Europe Shop","description":"Alles f\u00fcr Ihre Praxis mit einem PROfessional Touch!","publisher":{"@id":"https:\/\/touchproeurope.eu\/#organization"},"alternateName":"TPE","potentialAction":[{"@type":"SearchAction","target":{"@type":"EntryPoint","urlTemplate":"https:\/\/touchproeurope.eu\/?s={search_term_string}"},"query-input":{"@type":"PropertyValueSpecification","valueRequired":true,"valueName":"search_term_string"}}],"inLanguage":"de"},{"@type":"Organization","@id":"https:\/\/touchproeurope.eu\/#organization","name":"TouchPro Europa BV","alternateName":"TPE","url":"https:\/\/touchproeurope.eu\/","logo":{"@type":"ImageObject","inLanguage":"de","@id":"https:\/\/touchproeurope.eu\/#\/schema\/logo\/image\/","url":"https:\/\/i0.wp.com\/touchproeurope.eu\/wp-content\/uploads\/2023\/10\/2b592c_b6944d80811246d987cc2c29accedf3f.png?fit=1417%2C531&ssl=1","contentUrl":"https:\/\/i0.wp.com\/touchproeurope.eu\/wp-content\/uploads\/2023\/10\/2b592c_b6944d80811246d987cc2c29accedf3f.png?fit=1417%2C531&ssl=1","width":1417,"height":531,"caption":"TouchPro Europe BV"},"image":{"@id":"https:\/\/touchproeurope.eu\/#\/schema\/logo\/image\/"},"sameAs":["https:\/\/www.facebook.com\/TouchproNederland\/?locale=nl_NL\/","https:\/\/www.instagram.com\/touchpro2016\/","https:\/\/www.linkedin.com\/company\/touchpro-europe-bv\/"],"description":"TouchPro Europe Shop ist das Massagegesch\u00e4ft in Europa. Wir verkaufen hochwertige Massageprodukte an Masseure, Fu\u00dfpfleger, Physiotherapeuten, Manik\u00fcre, Wellness-Zentren, Ausbildungskurse, usw. TouchPro begann als kleines Gesch\u00e4ft in den Niederlanden, hat sich aber inzwischen zu einem Gesch\u00e4ft mit Kunden aus ganz Europa entwickelt. Wir bieten eine gro\u00dfe Auswahl an Massageprodukten, darunter Massageliegen, \u00d6le, Cremes und Zubeh\u00f6r von Top-Marken wie Earthlite, Stronglite und InnerStrenght, Habys, Living Earth Crafts und Continuum sowie anderen Lieferanten von Massagezubeh\u00f6r. Bestellen Sie hier die besten Massageprodukte Europas!","email":"info@touchpro-europe.com","telephone":"0858768829","legalName":"TouchPro Europe BV","foundingDate":"2018-01-11","vatID":"NL855430151B01","numberOfEmployees":{"@type":"QuantitativeValue","minValue":"1","maxValue":"10"},"hasMerchantReturnPolicy":{"@type":"MerchantReturnPolicy","merchantReturnLink":"https:\/\/touchproeurope.eu\/de\/retourbeleid\/"}}]},"product_price_amount":"19.95","product_price_currency":"EUR","og_availability":"instock","product_availability":"instock","product_retailer_item_id":"41523","product_condition":"new"},"_links":{"self":[{"href":"https:\/\/touchproeurope.eu\/de\/wp-json\/wp\/v2\/product\/2926","targetHints":{"allow":["GET"]}}],"collection":[{"href":"https:\/\/touchproeurope.eu\/de\/wp-json\/wp\/v2\/product"}],"about":[{"href":"https:\/\/touchproeurope.eu\/de\/wp-json\/wp\/v2\/types\/product"}],"replies":[{"embeddable":true,"href":"https:\/\/touchproeurope.eu\/de\/wp-json\/wp\/v2\/comments?post=2926"}],"version-history":[{"count":5,"href":"https:\/\/touchproeurope.eu\/de\/wp-json\/wp\/v2\/product\/2926\/revisions"}],"predecessor-version":[{"id":11701,"href":"https:\/\/touchproeurope.eu\/de\/wp-json\/wp\/v2\/product\/2926\/revisions\/11701"}],"wp:featuredmedia":[{"embeddable":true,"href":"https:\/\/touchproeurope.eu\/de\/wp-json\/wp\/v2\/media\/4431"}],"wp:attachment":[{"href":"https:\/\/touchproeurope.eu\/de\/wp-json\/wp\/v2\/media?parent=2926"}],"wp:term":[{"taxonomy":"product_brand","embeddable":true,"href":"https:\/\/touchproeurope.eu\/de\/wp-json\/wp\/v2\/product_brand?post=2926"},{"taxonomy":"product_cat","embeddable":true,"href":"https:\/\/touchproeurope.eu\/de\/wp-json\/wp\/v2\/product_cat?post=2926"},{"taxonomy":"product_tag","embeddable":true,"href":"https:\/\/touchproeurope.eu\/de\/wp-json\/wp\/v2\/product_tag?post=2926"}],"curies":[{"name":"wp","href":"https:\/\/api.w.org\/{rel}","templated":true}]}}