{"id":2928,"date":"2023-11-09T15:58:43","date_gmt":"2023-11-09T15:58:43","guid":{"rendered":"https:\/\/touchproeurope.eu\/?post_type=product&#038;p=2928"},"modified":"2026-04-22T09:31:32","modified_gmt":"2026-04-22T09:31:32","slug":"wyx-antibakterielles-handgel","status":"publish","type":"product","link":"https:\/\/touchproeurope.eu\/de\/product\/wyx-anti-bacteriele-handgel\/","title":{"rendered":"WYX antibakterielles Handgel"},"content":{"rendered":"<p>Erleben Sie maximalen Schutz f\u00fcr unterwegs mit dem WYX Anti-bakteriellen Handgel (250 ml). Dieses handliche Handgel ist ideal f\u00fcr alle Situationen, in denen gr\u00fcndliches H\u00e4ndewaschen nicht m\u00f6glich ist. Durch eine leistungsstarke Formel, die 79,8% Ethanol enth\u00e4lt, bietet dieses Handgel eine effektive und schnelle Desinfektion.<\/p>\n<p>Die handliche Gr\u00f6\u00dfe macht dieses Handgel perfekt zum Mitnehmen. So k\u00f6nnen Sie jederzeit und \u00fcberall f\u00fcr saubere und frische H\u00e4nde sorgen. Ob unterwegs, bei der Arbeit oder an \u00f6ffentlichen Pl\u00e4tzen, dieses antibakterielle Handgel ist Ihr zuverl\u00e4ssiger Begleiter f\u00fcr eine optimale Handhygiene.<\/p>\n<p>Sch\u00fctzen Sie sich und andere vor sch\u00e4dlichen Bakterien und Viren mit der schnell trocknenden Formel von WYX. Au\u00dferdem hinterl\u00e4sst das Handgel keine klebrigen R\u00fcckst\u00e4nde und bietet ein erfrischendes Gef\u00fchl. Nehmen Sie die Kontrolle \u00fcber Ihre Handhygiene in die eigenen H\u00e4nde. Mit dem handlichen WYX Anti-bakteriellen Handgel - Ihre schnelle und effektive L\u00f6sung, wo immer Sie sind.<\/p>\n<p>Bestellen Sie jetzt und erleben Sie die Gewissheit, \u00fcberall saubere H\u00e4nde zu haben. Machen Sie die Handhygiene zu einer Priorit\u00e4t mit dem antibakteriellen Handgel von WYX und tragen Sie zu einer sichereren und ges\u00fcnderen Umwelt f\u00fcr alle bei.<\/p>","protected":false},"excerpt":{"rendered":"<p>Antibakterielles Handgel (250 ml) f\u00fcr alle Gelegenheiten, bei denen Sie nicht die M\u00f6glichkeit haben, Ihre H\u00e4nde richtig zu waschen und zu desinfizieren. Enth\u00e4lt 79,8% Ethanol.<\/p>\n<p>Im handlichen Format, so dass man sie auch unterwegs leicht mitnehmen kann.<\/p>","protected":false},"featured_media":4424,"comment_status":"open","ping_status":"closed","template":"","meta":[],"product_brand":[599],"product_cat":[111],"product_tag":[184,183,182],"class_list":{"0":"post-2928","1":"product","2":"type-product","3":"status-publish","4":"has-post-thumbnail","6":"product_brand-aysun","7":"product_cat-hygiene-producten","8":"product_tag-anti-bacteriele","9":"product_tag-handgel","10":"product_tag-wyx","11":"product_shipping_class-klein-pakket","13":"first","14":"instock","15":"taxable","16":"shipping-taxable","17":"purchasable","18":"product-type-simple"},"yoast_head":"<!-- This site is optimized with the Yoast SEO Premium plugin v27.5 (Yoast SEO v27.5) - https:\/\/yoast.com\/product\/yoast-seo-premium-wordpress\/ -->\n<title>WYX anti-bacteri\u00eble handgel - TouchPro Europe Shop<\/title>\n<meta name=\"description\" content=\"Verzorg je handen direct met WYX anti-bacteri\u00eble handgel. Vergeet lange hand wassen: 79,8% Ethanol zorgt voor optimale bescherming. Aanwezig op elk moment!\" \/>\n<meta name=\"robots\" content=\"index, follow, max-snippet:-1, max-image-preview:large, max-video-preview:-1\" \/>\n<link rel=\"canonical\" href=\"https:\/\/touchproeurope.eu\/de\/product\/wyx-antibakterielles-handgel\/\" \/>\n<meta property=\"og:locale\" content=\"de_DE\" \/>\n<meta property=\"og:type\" content=\"article\" \/>\n<meta property=\"og:title\" content=\"WYX anti-bacteri\u00eble handgel\" \/>\n<meta property=\"og:description\" content=\"Verzorg je handen direct met WYX anti-bacteri\u00eble handgel. Vergeet lange hand wassen: 79,8% Ethanol zorgt voor optimale bescherming. Aanwezig op elk moment!\" \/>\n<meta property=\"og:url\" content=\"https:\/\/touchproeurope.eu\/de\/product\/wyx-antibakterielles-handgel\/\" \/>\n<meta property=\"og:site_name\" content=\"TouchPro Europe Shop\" \/>\n<meta property=\"article:publisher\" content=\"https:\/\/www.facebook.com\/TouchproNederland\/?locale=nl_NL%2f\" \/>\n<meta property=\"article:modified_time\" content=\"2026-04-22T09:31:32+00:00\" \/>\n<meta property=\"og:image\" content=\"https:\/\/touchproeurope.eu\/wp-content\/uploads\/2023\/11\/WYX-anti-bacteriele-hand-gel.jpg\" \/>\n\t<meta property=\"og:image:width\" content=\"800\" \/>\n\t<meta property=\"og:image:height\" content=\"800\" \/>\n\t<meta property=\"og:image:type\" content=\"image\/jpeg\" \/>\n<meta name=\"twitter:card\" content=\"summary_large_image\" \/>\n<meta name=\"twitter:label1\" content=\"Preis\" \/>\n\t<meta name=\"twitter:data1\" content=\"&euro;&nbsp;7,99 incl. BTW\" \/>\n\t<meta name=\"twitter:label2\" content=\"Verf\u00fcgbarkeit\" \/>\n\t<meta name=\"twitter:data2\" content=\"Auf Lager\" \/>\n<script type=\"application\/ld+json\" class=\"yoast-schema-graph\">{\"@context\":\"https:\\\/\\\/schema.org\",\"@graph\":[{\"@type\":\"WebPage\",\"@id\":\"https:\\\/\\\/touchproeurope.eu\\\/product\\\/wyx-anti-bacteriele-handgel\\\/\",\"url\":\"https:\\\/\\\/touchproeurope.eu\\\/product\\\/wyx-anti-bacteriele-handgel\\\/\",\"name\":\"WYX anti-bacteri\u00eble handgel - TouchPro Europe Shop\",\"isPartOf\":{\"@id\":\"https:\\\/\\\/touchproeurope.eu\\\/#website\"},\"primaryImageOfPage\":{\"@id\":\"https:\\\/\\\/touchproeurope.eu\\\/product\\\/wyx-anti-bacteriele-handgel\\\/#primaryimage\"},\"image\":{\"@id\":\"https:\\\/\\\/touchproeurope.eu\\\/product\\\/wyx-anti-bacteriele-handgel\\\/#primaryimage\"},\"thumbnailUrl\":\"https:\\\/\\\/i0.wp.com\\\/touchproeurope.eu\\\/wp-content\\\/uploads\\\/2023\\\/11\\\/WYX-anti-bacteriele-hand-gel.jpg?fit=800%2C800&ssl=1\",\"datePublished\":\"2023-11-09T15:58:43+00:00\",\"dateModified\":\"2026-04-22T09:31:32+00:00\",\"description\":\"Verzorg je handen direct met WYX anti-bacteri\u00eble handgel. Vergeet lange hand wassen: 79,8% Ethanol zorgt voor optimale bescherming. Aanwezig op elk moment!\",\"breadcrumb\":{\"@id\":\"https:\\\/\\\/touchproeurope.eu\\\/product\\\/wyx-anti-bacteriele-handgel\\\/#breadcrumb\"},\"inLanguage\":\"de\",\"potentialAction\":[{\"@type\":\"ReadAction\",\"target\":[\"https:\\\/\\\/touchproeurope.eu\\\/product\\\/wyx-anti-bacteriele-handgel\\\/\"]}]},{\"@type\":\"ImageObject\",\"inLanguage\":\"de\",\"@id\":\"https:\\\/\\\/touchproeurope.eu\\\/product\\\/wyx-anti-bacteriele-handgel\\\/#primaryimage\",\"url\":\"https:\\\/\\\/i0.wp.com\\\/touchproeurope.eu\\\/wp-content\\\/uploads\\\/2023\\\/11\\\/WYX-anti-bacteriele-hand-gel.jpg?fit=800%2C800&ssl=1\",\"contentUrl\":\"https:\\\/\\\/i0.wp.com\\\/touchproeurope.eu\\\/wp-content\\\/uploads\\\/2023\\\/11\\\/WYX-anti-bacteriele-hand-gel.jpg?fit=800%2C800&ssl=1\",\"width\":800,\"height\":800,\"caption\":\"WYX anti-bacteri\u00eble handgel\"},{\"@type\":\"BreadcrumbList\",\"@id\":\"https:\\\/\\\/touchproeurope.eu\\\/product\\\/wyx-anti-bacteriele-handgel\\\/#breadcrumb\",\"itemListElement\":[{\"@type\":\"ListItem\",\"position\":1,\"name\":\"Home\",\"item\":\"https:\\\/\\\/touchproeurope.eu\\\/\"},{\"@type\":\"ListItem\",\"position\":2,\"name\":\"Winkel\",\"item\":\"https:\\\/\\\/touchproeurope.eu\\\/winkel\\\/\"},{\"@type\":\"ListItem\",\"position\":3,\"name\":\"WYX anti-bacteri\u00eble handgel\"}]},{\"@type\":\"WebSite\",\"@id\":\"https:\\\/\\\/touchproeurope.eu\\\/#website\",\"url\":\"https:\\\/\\\/touchproeurope.eu\\\/\",\"name\":\"TouchPro Europe Shop\",\"description\":\"Alles voor jouw praktijk met een PROfessionele Touch!\",\"publisher\":{\"@id\":\"https:\\\/\\\/touchproeurope.eu\\\/#organization\"},\"alternateName\":\"TPE\",\"potentialAction\":[{\"@type\":\"SearchAction\",\"target\":{\"@type\":\"EntryPoint\",\"urlTemplate\":\"https:\\\/\\\/touchproeurope.eu\\\/?s={search_term_string}\"},\"query-input\":{\"@type\":\"PropertyValueSpecification\",\"valueRequired\":true,\"valueName\":\"search_term_string\"}}],\"inLanguage\":\"de\"},{\"@type\":\"Organization\",\"@id\":\"https:\\\/\\\/touchproeurope.eu\\\/#organization\",\"name\":\"TouchPro Europe BV\",\"alternateName\":\"TPE\",\"url\":\"https:\\\/\\\/touchproeurope.eu\\\/\",\"logo\":{\"@type\":\"ImageObject\",\"inLanguage\":\"de\",\"@id\":\"https:\\\/\\\/touchproeurope.eu\\\/#\\\/schema\\\/logo\\\/image\\\/\",\"url\":\"https:\\\/\\\/i0.wp.com\\\/touchproeurope.eu\\\/wp-content\\\/uploads\\\/2023\\\/10\\\/2b592c_b6944d80811246d987cc2c29accedf3f.png?fit=1417%2C531&ssl=1\",\"contentUrl\":\"https:\\\/\\\/i0.wp.com\\\/touchproeurope.eu\\\/wp-content\\\/uploads\\\/2023\\\/10\\\/2b592c_b6944d80811246d987cc2c29accedf3f.png?fit=1417%2C531&ssl=1\",\"width\":1417,\"height\":531,\"caption\":\"TouchPro Europe BV\"},\"image\":{\"@id\":\"https:\\\/\\\/touchproeurope.eu\\\/#\\\/schema\\\/logo\\\/image\\\/\"},\"sameAs\":[\"https:\\\/\\\/www.facebook.com\\\/TouchproNederland\\\/?locale=nl_NL\\\/\",\"https:\\\/\\\/www.instagram.com\\\/touchpro2016\\\/\",\"https:\\\/\\\/www.linkedin.com\\\/company\\\/touchpro-europe-bv\\\/\"],\"description\":\"TouchPro Europe Shop is de massage winkel van Europa. Wij verkopen topkwaliteit massageproducten aan masseurs, pedicures, fysiotherapeuten, manicuren, Wellness centra, opleidingen, etc. TouchPro begon als een kleine webshop in Nederland, maar is nu uitgegroeid tot een webshop met klanten uit heel Europa. Wij bieden een breed assortiment aan massageproducten, waaronder massagetafels, oli\u00ebn, cr\u00e8mes, en accessoires van topmerken, zoals Earthlite, Stronglite en InnerStrenght, Habys, Living Earth Crafts en Continuum en andere leveranciers van massage accessoires. Bestel hier de beste massagematerialen van Europa!\",\"email\":\"info@touchpro-europe.com\",\"telephone\":\"0858768829\",\"legalName\":\"TouchPro Europe BV\",\"foundingDate\":\"2018-01-11\",\"vatID\":\"NL855430151B01\",\"numberOfEmployees\":{\"@type\":\"QuantitativeValue\",\"minValue\":\"1\",\"maxValue\":\"10\"},\"hasMerchantReturnPolicy\":{\"@type\":\"MerchantReturnPolicy\",\"merchantReturnLink\":\"https:\\\/\\\/touchproeurope.eu\\\/de\\\/retourbeleid\\\/\"}}]}<\/script>\n<meta property=\"product:price:amount\" content=\"7.99\" \/>\n<meta property=\"product:price:currency\" content=\"EUR\" \/>\n<meta property=\"og:availability\" content=\"instock\" \/>\n<meta property=\"product:availability\" content=\"instock\" \/>\n<meta property=\"product:retailer_item_id\" content=\"66\" \/>\n<meta property=\"product:condition\" content=\"new\" \/>\n<!-- \/ Yoast SEO Premium plugin. -->","yoast_head_json":{"title":"WYX antibakterielles Handgel - TouchPro Europe Shop","description":"Behandeln Sie Ihre H\u00e4nde sofort mit dem antibakteriellen Handgel von WYX. Vergessen Sie langes H\u00e4ndewaschen: 79.8% Ethanol sorgt f\u00fcr optimalen Schutz. Jederzeit pr\u00e4sent!","robots":{"index":"index","follow":"follow","max-snippet":"max-snippet:-1","max-image-preview":"max-image-preview:large","max-video-preview":"max-video-preview:-1"},"canonical":"https:\/\/touchproeurope.eu\/de\/product\/wyx-antibakterielles-handgel\/","og_locale":"de_DE","og_type":"article","og_title":"WYX anti-bacteri\u00eble handgel","og_description":"Verzorg je handen direct met WYX anti-bacteri\u00eble handgel. Vergeet lange hand wassen: 79,8% Ethanol zorgt voor optimale bescherming. Aanwezig op elk moment!","og_url":"https:\/\/touchproeurope.eu\/de\/product\/wyx-antibakterielles-handgel\/","og_site_name":"TouchPro Europe Shop","article_publisher":"https:\/\/www.facebook.com\/TouchproNederland\/?locale=nl_NL%2f","article_modified_time":"2026-04-22T09:31:32+00:00","og_image":[{"width":800,"height":800,"url":"https:\/\/touchproeurope.eu\/wp-content\/uploads\/2023\/11\/WYX-anti-bacteriele-hand-gel.jpg","type":"image\/jpeg"}],"twitter_card":"summary_large_image","twitter_misc":{"Preis":"&euro;&nbsp;7,99 incl. BTW","Verf\u00fcgbarkeit":"Auf Lager"},"schema":{"@context":"https:\/\/schema.org","@graph":[{"@type":"WebPage","@id":"https:\/\/touchproeurope.eu\/product\/wyx-anti-bacteriele-handgel\/","url":"https:\/\/touchproeurope.eu\/product\/wyx-anti-bacteriele-handgel\/","name":"WYX antibakterielles Handgel - TouchPro Europe Shop","isPartOf":{"@id":"https:\/\/touchproeurope.eu\/#website"},"primaryImageOfPage":{"@id":"https:\/\/touchproeurope.eu\/product\/wyx-anti-bacteriele-handgel\/#primaryimage"},"image":{"@id":"https:\/\/touchproeurope.eu\/product\/wyx-anti-bacteriele-handgel\/#primaryimage"},"thumbnailUrl":"https:\/\/i0.wp.com\/touchproeurope.eu\/wp-content\/uploads\/2023\/11\/WYX-anti-bacteriele-hand-gel.jpg?fit=800%2C800&ssl=1","datePublished":"2023-11-09T15:58:43+00:00","dateModified":"2026-04-22T09:31:32+00:00","description":"Behandeln Sie Ihre H\u00e4nde sofort mit dem antibakteriellen Handgel von WYX. Vergessen Sie langes H\u00e4ndewaschen: 79.8% Ethanol sorgt f\u00fcr optimalen Schutz. Jederzeit pr\u00e4sent!","breadcrumb":{"@id":"https:\/\/touchproeurope.eu\/product\/wyx-anti-bacteriele-handgel\/#breadcrumb"},"inLanguage":"de","potentialAction":[{"@type":"ReadAction","target":["https:\/\/touchproeurope.eu\/product\/wyx-anti-bacteriele-handgel\/"]}]},{"@type":"ImageObject","inLanguage":"de","@id":"https:\/\/touchproeurope.eu\/product\/wyx-anti-bacteriele-handgel\/#primaryimage","url":"https:\/\/i0.wp.com\/touchproeurope.eu\/wp-content\/uploads\/2023\/11\/WYX-anti-bacteriele-hand-gel.jpg?fit=800%2C800&ssl=1","contentUrl":"https:\/\/i0.wp.com\/touchproeurope.eu\/wp-content\/uploads\/2023\/11\/WYX-anti-bacteriele-hand-gel.jpg?fit=800%2C800&ssl=1","width":800,"height":800,"caption":"WYX anti-bacteri\u00eble handgel"},{"@type":"BreadcrumbList","@id":"https:\/\/touchproeurope.eu\/product\/wyx-anti-bacteriele-handgel\/#breadcrumb","itemListElement":[{"@type":"ListItem","position":1,"name":"Home","item":"https:\/\/touchproeurope.eu\/"},{"@type":"ListItem","position":2,"name":"Winkel","item":"https:\/\/touchproeurope.eu\/winkel\/"},{"@type":"ListItem","position":3,"name":"WYX anti-bacteri\u00eble handgel"}]},{"@type":"WebSite","@id":"https:\/\/touchproeurope.eu\/#website","url":"https:\/\/touchproeurope.eu\/","name":"TouchPro Europe Shop","description":"Alles f\u00fcr Ihre Praxis mit einem PROfessional Touch!","publisher":{"@id":"https:\/\/touchproeurope.eu\/#organization"},"alternateName":"TPE","potentialAction":[{"@type":"SearchAction","target":{"@type":"EntryPoint","urlTemplate":"https:\/\/touchproeurope.eu\/?s={search_term_string}"},"query-input":{"@type":"PropertyValueSpecification","valueRequired":true,"valueName":"search_term_string"}}],"inLanguage":"de"},{"@type":"Organization","@id":"https:\/\/touchproeurope.eu\/#organization","name":"TouchPro Europa BV","alternateName":"TPE","url":"https:\/\/touchproeurope.eu\/","logo":{"@type":"ImageObject","inLanguage":"de","@id":"https:\/\/touchproeurope.eu\/#\/schema\/logo\/image\/","url":"https:\/\/i0.wp.com\/touchproeurope.eu\/wp-content\/uploads\/2023\/10\/2b592c_b6944d80811246d987cc2c29accedf3f.png?fit=1417%2C531&ssl=1","contentUrl":"https:\/\/i0.wp.com\/touchproeurope.eu\/wp-content\/uploads\/2023\/10\/2b592c_b6944d80811246d987cc2c29accedf3f.png?fit=1417%2C531&ssl=1","width":1417,"height":531,"caption":"TouchPro Europe BV"},"image":{"@id":"https:\/\/touchproeurope.eu\/#\/schema\/logo\/image\/"},"sameAs":["https:\/\/www.facebook.com\/TouchproNederland\/?locale=nl_NL\/","https:\/\/www.instagram.com\/touchpro2016\/","https:\/\/www.linkedin.com\/company\/touchpro-europe-bv\/"],"description":"TouchPro Europe Shop ist das Massagegesch\u00e4ft in Europa. Wir verkaufen hochwertige Massageprodukte an Masseure, Fu\u00dfpfleger, Physiotherapeuten, Manik\u00fcre, Wellness-Zentren, Ausbildungskurse, usw. TouchPro begann als kleines Gesch\u00e4ft in den Niederlanden, hat sich aber inzwischen zu einem Gesch\u00e4ft mit Kunden aus ganz Europa entwickelt. Wir bieten eine gro\u00dfe Auswahl an Massageprodukten, darunter Massageliegen, \u00d6le, Cremes und Zubeh\u00f6r von Top-Marken wie Earthlite, Stronglite und InnerStrenght, Habys, Living Earth Crafts und Continuum sowie anderen Lieferanten von Massagezubeh\u00f6r. Bestellen Sie hier die besten Massageprodukte Europas!","email":"info@touchpro-europe.com","telephone":"0858768829","legalName":"TouchPro Europe BV","foundingDate":"2018-01-11","vatID":"NL855430151B01","numberOfEmployees":{"@type":"QuantitativeValue","minValue":"1","maxValue":"10"},"hasMerchantReturnPolicy":{"@type":"MerchantReturnPolicy","merchantReturnLink":"https:\/\/touchproeurope.eu\/de\/retourbeleid\/"}}]},"product_price_amount":"7.99","product_price_currency":"EUR","og_availability":"instock","product_availability":"instock","product_retailer_item_id":"66","product_condition":"new"},"_links":{"self":[{"href":"https:\/\/touchproeurope.eu\/de\/wp-json\/wp\/v2\/product\/2928","targetHints":{"allow":["GET"]}}],"collection":[{"href":"https:\/\/touchproeurope.eu\/de\/wp-json\/wp\/v2\/product"}],"about":[{"href":"https:\/\/touchproeurope.eu\/de\/wp-json\/wp\/v2\/types\/product"}],"replies":[{"embeddable":true,"href":"https:\/\/touchproeurope.eu\/de\/wp-json\/wp\/v2\/comments?post=2928"}],"version-history":[{"count":2,"href":"https:\/\/touchproeurope.eu\/de\/wp-json\/wp\/v2\/product\/2928\/revisions"}],"predecessor-version":[{"id":4425,"href":"https:\/\/touchproeurope.eu\/de\/wp-json\/wp\/v2\/product\/2928\/revisions\/4425"}],"wp:featuredmedia":[{"embeddable":true,"href":"https:\/\/touchproeurope.eu\/de\/wp-json\/wp\/v2\/media\/4424"}],"wp:attachment":[{"href":"https:\/\/touchproeurope.eu\/de\/wp-json\/wp\/v2\/media?parent=2928"}],"wp:term":[{"taxonomy":"product_brand","embeddable":true,"href":"https:\/\/touchproeurope.eu\/de\/wp-json\/wp\/v2\/product_brand?post=2928"},{"taxonomy":"product_cat","embeddable":true,"href":"https:\/\/touchproeurope.eu\/de\/wp-json\/wp\/v2\/product_cat?post=2928"},{"taxonomy":"product_tag","embeddable":true,"href":"https:\/\/touchproeurope.eu\/de\/wp-json\/wp\/v2\/product_tag?post=2928"}],"curies":[{"name":"wp","href":"https:\/\/api.w.org\/{rel}","templated":true}]}}