{"id":2936,"date":"2023-11-09T15:59:04","date_gmt":"2023-11-09T15:59:04","guid":{"rendered":"https:\/\/touchproeurope.eu\/?post_type=product&#038;p=2936"},"modified":"2026-04-22T09:32:43","modified_gmt":"2026-04-22T09:32:43","slug":"earthlite-avila-ii-massagesessel","status":"publish","type":"product","link":"https:\/\/touchproeurope.eu\/de\/product\/earthlite-avila-ii-massagestoel\/","title":{"rendered":"Earthlite Avila II Massagesessel"},"content":{"rendered":"<p>Erleben Sie den ultimativen Luxus mit dem Massagesessel Earthlite Avila II. Dieser Massagesessel strahlt nicht nur Eleganz aus, sondern ist auch auf unvergleichlichen Komfort ausgelegt, sowohl f\u00fcr den Masseur als auch f\u00fcr den Kunden. Mit seiner stufenlosen Verstellbarkeit und seinem ergonomischen Design bietet der Avila II die perfekte Mischung aus Stil und Funktionalit\u00e4t.<\/p>\n<p>Das Paket enth\u00e4lt den Massagesessel Avila II, eine Tragetasche auf R\u00e4dern f\u00fcr den m\u00fchelosen Transport, eine verstellbare Deluxe-Kopfst\u00fctze mit Standardkissen und eine informative DVD mit Produktspezifikationen und Gebrauchsanweisungen. Damit ist dieser Sessel die ultimative Wahl f\u00fcr alle, die auf der Suche nach hochwertiger Mobilit\u00e4t und Benutzerfreundlichkeit sind.<\/p>\n<p>Die Earthlite Avila II wurde mit Blick auf eine optimale Gewichtsverteilung entwickelt und bietet ein Erlebnis, das die Erwartungen \u00fcbertrifft. Durch das zus\u00e4tzliche Brustbeinpolster und die abnehmbaren Soft Support-Kissen erleben Sie bei jeder Massage zus\u00e4tzlichen Komfort.<\/p>\n<p>Mit einem Gewicht von 11,5 kg und einem beeindruckenden Arbeitsgewicht von 158 kg ist dieser Stuhl nicht nur leicht, sondern auch extrem leistungsstark. Das offizielle Verkaufsblatt des Avila II best\u00e4tigt die hohe Qualit\u00e4t und Handwerkskunst dieses Produkts.<\/p>\n<p>Verwandeln Sie Ihre Massagepraxis mit dem Earthlite Avila II Massagesessel. Bestellen Sie jetzt und genie\u00dfen Sie ein unvergleichliches Massageerlebnis an jedem Ort. W\u00e4hlen Sie Luxus, w\u00e4hlen Sie Komfort - w\u00e4hlen Sie den Avila II Massagesessel. Lassen Sie sich von diesem Sessel auf eine Reise in die totale Entspannung mitnehmen!<\/p>","protected":false},"excerpt":{"rendered":"<p><strong>Der Earthlite Avila II:<\/strong> Dieser Massagestuhl hat ein luxuri\u00f6ses Aussehen und ist stufenlos verstellbar und ergonomisch gestaltet f\u00fcr ultimativen Komfort f\u00fcr den Masseur und den Kunden, auch dieser Massagestuhl ist f\u00fcr eine optimale Gewichtsverteilung ausgelegt. Mit dem mitgelieferten Trolley ist der Stuhl super einfach zu bewegen.<\/p>\n<p>Das Paket besteht aus:<\/p>\n<ul>\n<li>Der Massagesessel Avila II.<\/li>\n<li>Transportkoffer auf R\u00e4dern.<\/li>\n<li>Verstellbare Deluxe-Kopfst\u00fctze mit Standard-Kissen.<\/li>\n<li>DVD mit Produktspezifikationen und Gebrauchsanweisungen.<\/li>\n<\/ul>\n<p>Merkmale:<\/p>\n<ul>\n<li>Ausgestattet mit einem zus\u00e4tzlichen Brustbeinpolster.<\/li>\n<li>Gewicht: 11,5 kg.<\/li>\n<li>Arbeitsgewicht: 158 kg.<\/li>\n<li>Weiche, abnehmbare St\u00fctzkissen.<\/li>\n<li>Offizielles Verkaufsblatt: <a href=\"https:\/\/www.earthlite.com\/media\/wysiwyg\/SalesSheets\/2023-Reupload\/Avila_II_Chair_1-300-0066_-_Rev_092920.pdf\">Avila II<\/a><\/li>\n<\/ul>","protected":false},"featured_media":3845,"comment_status":"open","ping_status":"closed","template":"","meta":[],"product_brand":[343],"product_cat":[98],"product_tag":[142,85,19],"class_list":{"0":"post-2936","1":"product","2":"type-product","3":"status-publish","4":"has-post-thumbnail","6":"product_brand-earthlite","7":"product_cat-massagestoelen","8":"product_tag-avila","9":"product_tag-earthlite","10":"product_tag-massagestoel","11":"product_shipping_class-middel-pakket","12":"pa_kleur-blauw","13":"pa_kleur-bordeaux","14":"pa_kleur-vanille-creme","15":"pa_kleur-zwart","16":"pa_merk-earthlite","18":"first","19":"instock","20":"taxable","21":"shipping-taxable","22":"purchasable","23":"product-type-variable"},"yoast_head":"<!-- This site is optimized with the Yoast SEO Premium plugin v27.4 (Yoast SEO v27.4) - https:\/\/yoast.com\/product\/yoast-seo-premium-wordpress\/ -->\n<title>Earthlite Avila II Massagestoel - TouchPro Europe Shop<\/title>\n<meta name=\"description\" content=\"Ervaar de ultieme luxe met de Earthlite Avila II massagestoel. Deze massagestoel is ontworpen voor onge\u00ebvenaard comfort voor zowel masseur als klant\" \/>\n<meta name=\"robots\" content=\"index, follow, max-snippet:-1, max-image-preview:large, max-video-preview:-1\" \/>\n<link rel=\"canonical\" href=\"https:\/\/touchproeurope.eu\/de\/product\/earthlite-avila-ii-massagesessel\/\" \/>\n<meta property=\"og:locale\" content=\"de_DE\" \/>\n<meta property=\"og:type\" content=\"article\" \/>\n<meta property=\"og:title\" content=\"Earthlite Avila II Massagestoel\" \/>\n<meta property=\"og:description\" content=\"Ervaar de ultieme luxe met de Earthlite Avila II massagestoel. Deze massagestoel is ontworpen voor onge\u00ebvenaard comfort voor zowel masseur als klant\" \/>\n<meta property=\"og:url\" content=\"https:\/\/touchproeurope.eu\/de\/product\/earthlite-avila-ii-massagesessel\/\" \/>\n<meta property=\"og:site_name\" content=\"TouchPro Europe Shop\" \/>\n<meta property=\"article:publisher\" content=\"https:\/\/www.facebook.com\/TouchproNederland\/?locale=nl_NL%2f\" \/>\n<meta property=\"article:modified_time\" content=\"2026-04-22T09:32:43+00:00\" \/>\n<meta property=\"og:image\" content=\"https:\/\/touchproeurope.eu\/wp-content\/uploads\/2023\/11\/Earthlite-Avila-II-Massagestoel-Zwart.webp\" \/>\n\t<meta property=\"og:image:width\" content=\"1200\" \/>\n\t<meta property=\"og:image:height\" content=\"1200\" \/>\n\t<meta property=\"og:image:type\" content=\"image\/webp\" \/>\n<meta name=\"twitter:card\" content=\"summary_large_image\" \/>\n<meta name=\"twitter:label1\" content=\"Verf\u00fcgbarkeit\" \/>\n\t<meta name=\"twitter:data1\" content=\"Auf Lager\" \/>\n<script type=\"application\/ld+json\" class=\"yoast-schema-graph\">{\"@context\":\"https:\\\/\\\/schema.org\",\"@graph\":[{\"@type\":\"WebPage\",\"@id\":\"https:\\\/\\\/touchproeurope.eu\\\/product\\\/earthlite-avila-ii-massagestoel\\\/\",\"url\":\"https:\\\/\\\/touchproeurope.eu\\\/product\\\/earthlite-avila-ii-massagestoel\\\/\",\"name\":\"Earthlite Avila II Massagestoel - TouchPro Europe Shop\",\"isPartOf\":{\"@id\":\"https:\\\/\\\/touchproeurope.eu\\\/#website\"},\"primaryImageOfPage\":{\"@id\":\"https:\\\/\\\/touchproeurope.eu\\\/product\\\/earthlite-avila-ii-massagestoel\\\/#primaryimage\"},\"image\":{\"@id\":\"https:\\\/\\\/touchproeurope.eu\\\/product\\\/earthlite-avila-ii-massagestoel\\\/#primaryimage\"},\"thumbnailUrl\":\"https:\\\/\\\/i0.wp.com\\\/touchproeurope.eu\\\/wp-content\\\/uploads\\\/2023\\\/11\\\/Earthlite-Avila-II-Massagestoel-Zwart.webp?fit=1200%2C1200&ssl=1\",\"datePublished\":\"2023-11-09T15:59:04+00:00\",\"dateModified\":\"2026-04-22T09:32:43+00:00\",\"description\":\"Ervaar de ultieme luxe met de Earthlite Avila II massagestoel. Deze massagestoel is ontworpen voor onge\u00ebvenaard comfort voor zowel masseur als klant\",\"breadcrumb\":{\"@id\":\"https:\\\/\\\/touchproeurope.eu\\\/product\\\/earthlite-avila-ii-massagestoel\\\/#breadcrumb\"},\"inLanguage\":\"de\",\"potentialAction\":[{\"@type\":\"ReadAction\",\"target\":[\"https:\\\/\\\/touchproeurope.eu\\\/product\\\/earthlite-avila-ii-massagestoel\\\/\"]}]},{\"@type\":\"ImageObject\",\"inLanguage\":\"de\",\"@id\":\"https:\\\/\\\/touchproeurope.eu\\\/product\\\/earthlite-avila-ii-massagestoel\\\/#primaryimage\",\"url\":\"https:\\\/\\\/i0.wp.com\\\/touchproeurope.eu\\\/wp-content\\\/uploads\\\/2023\\\/11\\\/Earthlite-Avila-II-Massagestoel-Zwart.webp?fit=1200%2C1200&ssl=1\",\"contentUrl\":\"https:\\\/\\\/i0.wp.com\\\/touchproeurope.eu\\\/wp-content\\\/uploads\\\/2023\\\/11\\\/Earthlite-Avila-II-Massagestoel-Zwart.webp?fit=1200%2C1200&ssl=1\",\"width\":1200,\"height\":1200,\"caption\":\"Earthlite Avila II Massagestoel Zwart\"},{\"@type\":\"BreadcrumbList\",\"@id\":\"https:\\\/\\\/touchproeurope.eu\\\/product\\\/earthlite-avila-ii-massagestoel\\\/#breadcrumb\",\"itemListElement\":[{\"@type\":\"ListItem\",\"position\":1,\"name\":\"Home\",\"item\":\"https:\\\/\\\/touchproeurope.eu\\\/\"},{\"@type\":\"ListItem\",\"position\":2,\"name\":\"Winkel\",\"item\":\"https:\\\/\\\/touchproeurope.eu\\\/winkel\\\/\"},{\"@type\":\"ListItem\",\"position\":3,\"name\":\"Earthlite Avila II Massagestoel\"}]},{\"@type\":\"WebSite\",\"@id\":\"https:\\\/\\\/touchproeurope.eu\\\/#website\",\"url\":\"https:\\\/\\\/touchproeurope.eu\\\/\",\"name\":\"TouchPro Europe Shop\",\"description\":\"Alles voor jouw praktijk met een PROfessionele Touch!\",\"publisher\":{\"@id\":\"https:\\\/\\\/touchproeurope.eu\\\/#organization\"},\"alternateName\":\"TPE\",\"potentialAction\":[{\"@type\":\"SearchAction\",\"target\":{\"@type\":\"EntryPoint\",\"urlTemplate\":\"https:\\\/\\\/touchproeurope.eu\\\/?s={search_term_string}\"},\"query-input\":{\"@type\":\"PropertyValueSpecification\",\"valueRequired\":true,\"valueName\":\"search_term_string\"}}],\"inLanguage\":\"de\"},{\"@type\":\"Organization\",\"@id\":\"https:\\\/\\\/touchproeurope.eu\\\/#organization\",\"name\":\"TouchPro Europe BV\",\"alternateName\":\"TPE\",\"url\":\"https:\\\/\\\/touchproeurope.eu\\\/\",\"logo\":{\"@type\":\"ImageObject\",\"inLanguage\":\"de\",\"@id\":\"https:\\\/\\\/touchproeurope.eu\\\/#\\\/schema\\\/logo\\\/image\\\/\",\"url\":\"https:\\\/\\\/i0.wp.com\\\/touchproeurope.eu\\\/wp-content\\\/uploads\\\/2023\\\/10\\\/2b592c_b6944d80811246d987cc2c29accedf3f.png?fit=1417%2C531&ssl=1\",\"contentUrl\":\"https:\\\/\\\/i0.wp.com\\\/touchproeurope.eu\\\/wp-content\\\/uploads\\\/2023\\\/10\\\/2b592c_b6944d80811246d987cc2c29accedf3f.png?fit=1417%2C531&ssl=1\",\"width\":1417,\"height\":531,\"caption\":\"TouchPro Europe BV\"},\"image\":{\"@id\":\"https:\\\/\\\/touchproeurope.eu\\\/#\\\/schema\\\/logo\\\/image\\\/\"},\"sameAs\":[\"https:\\\/\\\/www.facebook.com\\\/TouchproNederland\\\/?locale=nl_NL\\\/\",\"https:\\\/\\\/www.instagram.com\\\/touchpro2016\\\/\",\"https:\\\/\\\/www.linkedin.com\\\/company\\\/touchpro-europe-bv\\\/\"],\"description\":\"TouchPro Europe Shop is de massage winkel van Europa. Wij verkopen topkwaliteit massageproducten aan masseurs, pedicures, fysiotherapeuten, manicuren, Wellness centra, opleidingen, etc. TouchPro begon als een kleine webshop in Nederland, maar is nu uitgegroeid tot een webshop met klanten uit heel Europa. Wij bieden een breed assortiment aan massageproducten, waaronder massagetafels, oli\u00ebn, cr\u00e8mes, en accessoires van topmerken, zoals Earthlite, Stronglite en InnerStrenght, Habys, Living Earth Crafts en Continuum en andere leveranciers van massage accessoires. Bestel hier de beste massagematerialen van Europa!\",\"email\":\"info@touchpro-europe.com\",\"telephone\":\"0858768829\",\"legalName\":\"TouchPro Europe BV\",\"foundingDate\":\"2018-01-11\",\"vatID\":\"NL855430151B01\",\"numberOfEmployees\":{\"@type\":\"QuantitativeValue\",\"minValue\":\"1\",\"maxValue\":\"10\"},\"hasMerchantReturnPolicy\":{\"@type\":\"MerchantReturnPolicy\",\"merchantReturnLink\":\"https:\\\/\\\/touchproeurope.eu\\\/de\\\/retourbeleid\\\/\"}}]}<\/script>\n<meta property=\"product:brand\" content=\"Earthlite\" \/>\n<meta property=\"og:availability\" content=\"instock\" \/>\n<meta property=\"product:availability\" content=\"instock\" \/>\n<meta property=\"product:retailer_item_id\" content=\"10600\" \/>\n<meta property=\"product:condition\" content=\"new\" \/>\n<!-- \/ Yoast SEO Premium plugin. -->","yoast_head_json":{"title":"Earthlite Avila II Massagesessel - TouchPro Europe Shop","description":"Erleben Sie ultimativen Luxus mit dem Earthlite Avila II Massagesessel. Dieser Massagesessel ist f\u00fcr unvergleichlichen Komfort f\u00fcr Masseur und Kunde konzipiert","robots":{"index":"index","follow":"follow","max-snippet":"max-snippet:-1","max-image-preview":"max-image-preview:large","max-video-preview":"max-video-preview:-1"},"canonical":"https:\/\/touchproeurope.eu\/de\/product\/earthlite-avila-ii-massagesessel\/","og_locale":"de_DE","og_type":"article","og_title":"Earthlite Avila II Massagestoel","og_description":"Ervaar de ultieme luxe met de Earthlite Avila II massagestoel. Deze massagestoel is ontworpen voor onge\u00ebvenaard comfort voor zowel masseur als klant","og_url":"https:\/\/touchproeurope.eu\/de\/product\/earthlite-avila-ii-massagesessel\/","og_site_name":"TouchPro Europe Shop","article_publisher":"https:\/\/www.facebook.com\/TouchproNederland\/?locale=nl_NL%2f","article_modified_time":"2026-04-22T09:32:43+00:00","og_image":[{"width":1200,"height":1200,"url":"https:\/\/touchproeurope.eu\/wp-content\/uploads\/2023\/11\/Earthlite-Avila-II-Massagestoel-Zwart.webp","type":"image\/webp"}],"twitter_card":"summary_large_image","twitter_misc":{"Verf\u00fcgbarkeit":"Auf Lager"},"schema":{"@context":"https:\/\/schema.org","@graph":[{"@type":"WebPage","@id":"https:\/\/touchproeurope.eu\/product\/earthlite-avila-ii-massagestoel\/","url":"https:\/\/touchproeurope.eu\/product\/earthlite-avila-ii-massagestoel\/","name":"Earthlite Avila II Massagesessel - TouchPro Europe Shop","isPartOf":{"@id":"https:\/\/touchproeurope.eu\/#website"},"primaryImageOfPage":{"@id":"https:\/\/touchproeurope.eu\/product\/earthlite-avila-ii-massagestoel\/#primaryimage"},"image":{"@id":"https:\/\/touchproeurope.eu\/product\/earthlite-avila-ii-massagestoel\/#primaryimage"},"thumbnailUrl":"https:\/\/i0.wp.com\/touchproeurope.eu\/wp-content\/uploads\/2023\/11\/Earthlite-Avila-II-Massagestoel-Zwart.webp?fit=1200%2C1200&ssl=1","datePublished":"2023-11-09T15:59:04+00:00","dateModified":"2026-04-22T09:32:43+00:00","description":"Erleben Sie ultimativen Luxus mit dem Earthlite Avila II Massagesessel. Dieser Massagesessel ist f\u00fcr unvergleichlichen Komfort f\u00fcr Masseur und Kunde konzipiert","breadcrumb":{"@id":"https:\/\/touchproeurope.eu\/product\/earthlite-avila-ii-massagestoel\/#breadcrumb"},"inLanguage":"de","potentialAction":[{"@type":"ReadAction","target":["https:\/\/touchproeurope.eu\/product\/earthlite-avila-ii-massagestoel\/"]}]},{"@type":"ImageObject","inLanguage":"de","@id":"https:\/\/touchproeurope.eu\/product\/earthlite-avila-ii-massagestoel\/#primaryimage","url":"https:\/\/i0.wp.com\/touchproeurope.eu\/wp-content\/uploads\/2023\/11\/Earthlite-Avila-II-Massagestoel-Zwart.webp?fit=1200%2C1200&ssl=1","contentUrl":"https:\/\/i0.wp.com\/touchproeurope.eu\/wp-content\/uploads\/2023\/11\/Earthlite-Avila-II-Massagestoel-Zwart.webp?fit=1200%2C1200&ssl=1","width":1200,"height":1200,"caption":"Earthlite Avila II Massagestoel Zwart"},{"@type":"BreadcrumbList","@id":"https:\/\/touchproeurope.eu\/product\/earthlite-avila-ii-massagestoel\/#breadcrumb","itemListElement":[{"@type":"ListItem","position":1,"name":"Home","item":"https:\/\/touchproeurope.eu\/"},{"@type":"ListItem","position":2,"name":"Winkel","item":"https:\/\/touchproeurope.eu\/winkel\/"},{"@type":"ListItem","position":3,"name":"Earthlite Avila II Massagestoel"}]},{"@type":"WebSite","@id":"https:\/\/touchproeurope.eu\/#website","url":"https:\/\/touchproeurope.eu\/","name":"TouchPro Europe Shop","description":"Alles f\u00fcr Ihre Praxis mit einem PROfessional Touch!","publisher":{"@id":"https:\/\/touchproeurope.eu\/#organization"},"alternateName":"TPE","potentialAction":[{"@type":"SearchAction","target":{"@type":"EntryPoint","urlTemplate":"https:\/\/touchproeurope.eu\/?s={search_term_string}"},"query-input":{"@type":"PropertyValueSpecification","valueRequired":true,"valueName":"search_term_string"}}],"inLanguage":"de"},{"@type":"Organization","@id":"https:\/\/touchproeurope.eu\/#organization","name":"TouchPro Europa BV","alternateName":"TPE","url":"https:\/\/touchproeurope.eu\/","logo":{"@type":"ImageObject","inLanguage":"de","@id":"https:\/\/touchproeurope.eu\/#\/schema\/logo\/image\/","url":"https:\/\/i0.wp.com\/touchproeurope.eu\/wp-content\/uploads\/2023\/10\/2b592c_b6944d80811246d987cc2c29accedf3f.png?fit=1417%2C531&ssl=1","contentUrl":"https:\/\/i0.wp.com\/touchproeurope.eu\/wp-content\/uploads\/2023\/10\/2b592c_b6944d80811246d987cc2c29accedf3f.png?fit=1417%2C531&ssl=1","width":1417,"height":531,"caption":"TouchPro Europe BV"},"image":{"@id":"https:\/\/touchproeurope.eu\/#\/schema\/logo\/image\/"},"sameAs":["https:\/\/www.facebook.com\/TouchproNederland\/?locale=nl_NL\/","https:\/\/www.instagram.com\/touchpro2016\/","https:\/\/www.linkedin.com\/company\/touchpro-europe-bv\/"],"description":"TouchPro Europe Shop ist das Massagegesch\u00e4ft in Europa. Wir verkaufen hochwertige Massageprodukte an Masseure, Fu\u00dfpfleger, Physiotherapeuten, Manik\u00fcre, Wellness-Zentren, Ausbildungskurse, usw. TouchPro begann als kleines Gesch\u00e4ft in den Niederlanden, hat sich aber inzwischen zu einem Gesch\u00e4ft mit Kunden aus ganz Europa entwickelt. Wir bieten eine gro\u00dfe Auswahl an Massageprodukten, darunter Massageliegen, \u00d6le, Cremes und Zubeh\u00f6r von Top-Marken wie Earthlite, Stronglite und InnerStrenght, Habys, Living Earth Crafts und Continuum sowie anderen Lieferanten von Massagezubeh\u00f6r. Bestellen Sie hier die besten Massageprodukte Europas!","email":"info@touchpro-europe.com","telephone":"0858768829","legalName":"TouchPro Europe BV","foundingDate":"2018-01-11","vatID":"NL855430151B01","numberOfEmployees":{"@type":"QuantitativeValue","minValue":"1","maxValue":"10"},"hasMerchantReturnPolicy":{"@type":"MerchantReturnPolicy","merchantReturnLink":"https:\/\/touchproeurope.eu\/de\/retourbeleid\/"}}]},"product_brand":"Earthlite","og_availability":"instock","product_availability":"instock","product_retailer_item_id":"10600","product_condition":"new"},"_links":{"self":[{"href":"https:\/\/touchproeurope.eu\/de\/wp-json\/wp\/v2\/product\/2936","targetHints":{"allow":["GET"]}}],"collection":[{"href":"https:\/\/touchproeurope.eu\/de\/wp-json\/wp\/v2\/product"}],"about":[{"href":"https:\/\/touchproeurope.eu\/de\/wp-json\/wp\/v2\/types\/product"}],"replies":[{"embeddable":true,"href":"https:\/\/touchproeurope.eu\/de\/wp-json\/wp\/v2\/comments?post=2936"}],"version-history":[{"count":4,"href":"https:\/\/touchproeurope.eu\/de\/wp-json\/wp\/v2\/product\/2936\/revisions"}],"predecessor-version":[{"id":8359,"href":"https:\/\/touchproeurope.eu\/de\/wp-json\/wp\/v2\/product\/2936\/revisions\/8359"}],"wp:featuredmedia":[{"embeddable":true,"href":"https:\/\/touchproeurope.eu\/de\/wp-json\/wp\/v2\/media\/3845"}],"wp:attachment":[{"href":"https:\/\/touchproeurope.eu\/de\/wp-json\/wp\/v2\/media?parent=2936"}],"wp:term":[{"taxonomy":"product_brand","embeddable":true,"href":"https:\/\/touchproeurope.eu\/de\/wp-json\/wp\/v2\/product_brand?post=2936"},{"taxonomy":"product_cat","embeddable":true,"href":"https:\/\/touchproeurope.eu\/de\/wp-json\/wp\/v2\/product_cat?post=2936"},{"taxonomy":"product_tag","embeddable":true,"href":"https:\/\/touchproeurope.eu\/de\/wp-json\/wp\/v2\/product_tag?post=2936"}],"curies":[{"name":"wp","href":"https:\/\/api.w.org\/{rel}","templated":true}]}}