{"id":2963,"date":"2023-11-09T15:59:59","date_gmt":"2023-11-09T15:59:59","guid":{"rendered":"https:\/\/touchproeurope.eu\/?post_type=product&#038;p=2963"},"modified":"2026-03-04T16:55:46","modified_gmt":"2026-03-04T16:55:46","slug":"erdgeist","status":"publish","type":"product","link":"https:\/\/touchproeurope.eu\/de\/product\/earthlite-spirit\/","title":{"rendered":"EarthLite Spirit Massageliege"},"content":{"rendered":"<p>Der Earthlite Spirit Massagetisch, eine hochwertige klappbare Behandlungsliege, ist der ideale Arbeitsplatz f\u00fcr professionelle Massagetherapeuten. Mit einer stabilen Konstruktion und einer komfortablen Liegefl\u00e4che ist dieser Tisch eine zuverl\u00e4ssige Wahl f\u00fcr verschiedene Massagetherapien.<\/p>\n<p>Die EarthLite Spirit-Massageliege kombiniert Langlebigkeit mit Portabilit\u00e4t. Zusammenklappbar und mit einer praktischen Tragetasche versehen, ist er der perfekte Begleiter f\u00fcr mobile Masseure.<\/p>\n<p>Mit einer Breite von 71, 76 oder 81 cm, h\u00f6henverstellbar von 58 - 84 cm. Mit dem 3-lagigen ProPlush Deluxe Kissen bietet diese Liege individuellen Komfort f\u00fcr Therapeut und Klient.<\/p>\n<p>Der Tisch ist mit zwei Rippen unter der durchgehenden Platte verst\u00e4rkt, was ein zul\u00e4ssiges Gesamtarbeitsgewicht von 360 kg erm\u00f6glicht. Die Vinylpolsterung Natursoft 100% garantiert Haltbarkeit und Stil.<\/p>","protected":false},"excerpt":{"rendered":"<p>Die Earthlite Spirit Massageliege ist eine hochwertige, zusammenklappbare Behandlungsliege, die sich perfekt f\u00fcr verschiedene Massagetherapien eignet. Mit seiner robusten Konstruktion und der komfortablen Liegefl\u00e4che ist er der ideale Arbeitsplatz f\u00fcr professionelle Massagetherapeuten. Erleben Sie die Qualit\u00e4t und Vielseitigkeit der Earthlite Spirit Massageliege; eine zuverl\u00e4ssige Wahl f\u00fcr alle Ihre Massagebehandlungen.<\/p>\n<p>Das Paket besteht aus:<\/p>\n<ul>\n<li>Die Spirit-Massageliege<\/li>\n<li>Flexrest-Kopfst\u00fctze mit LEC Strata Memory Foam-Kissen f\u00fcr zus\u00e4tzlichen Komfort<\/li>\n<li>Passende professionelle Tragetasche mit Staufach<\/li>\n<\/ul>\n<p>Merkmale:<\/p>\n<ul>\n<li>Gewicht 15 bis 17 kg (je nach bestellter Breite)<\/li>\n<li>Breite erh\u00e4ltlich in 71, 76 und 81 cm<\/li>\n<li>L\u00e4nge 185 cm<\/li>\n<li>Einstellbare H\u00f6he von 58 - 84cm<\/li>\n<li>Unter der Tischplatte befinden sich \u00fcber die gesamte L\u00e4nge 2 Rippen zur Verst\u00e4rkung des Tisches.<\/li>\n<li>Zul\u00e4ssiges Gesamtarbeitsgewicht 360 kg<\/li>\n<li>ProPlush Deluxe 3-Schicht-Polster, damit Sie das Brett auf dem Tisch nicht sp\u00fcren und Ihr Kunde bequem liegt.<\/li>\n<li>Ausgestattet mit halb Reiki \/ halb Standard Endplatten<\/li>\n<li>Natursoft 100% Vinyl-Polsterung<\/li>\n<li>Offizielles Verkaufsblatt: <a href=\"https:\/\/b2b.earthlite.eu\/media\/wysiwyg\/SalesSheets\/Spirit_1-300-0069_-_Rev_011122.pdf\" target=\"_blank\" rel=\"noopener\">Geist<\/a><\/li>\n<\/ul>\n<p>Der Tisch kann nur als Vorbestellung bestellt werden. Eine Lieferzeit von 12 bis 16 Wochen sollte einkalkuliert werden.<\/p>","protected":false},"featured_media":2962,"comment_status":"open","ping_status":"closed","template":"","meta":[],"product_brand":[343],"product_cat":[94,93],"product_tag":[85,50,90],"class_list":{"0":"post-2963","1":"product","2":"type-product","3":"status-publish","4":"has-post-thumbnail","6":"product_brand-earthlite","7":"product_cat-draagbare-massagetafels","8":"product_cat-massagetafels","9":"product_tag-earthlite","10":"product_tag-massagetafels","11":"product_tag-spirit","12":"product_shipping_class-groot-pakket","13":"pa_kleur-blauw","14":"pa_kleur-bordeaux","15":"pa_kleur-groen","16":"pa_kleur-latte","17":"pa_kleur-paars","18":"pa_kleur-vanille-creme","19":"pa_kleur-zilver","20":"pa_kleur-zwart","21":"pa_merk-earthlite","23":"first","24":"onbackorder","25":"taxable","26":"shipping-taxable","27":"purchasable","28":"product-type-variable"},"yoast_head":"<!-- This site is optimized with the Yoast SEO Premium plugin v27.3 (Yoast SEO v27.3) - https:\/\/yoast.com\/product\/yoast-seo-premium-wordpress\/ -->\n<title>EarthLite Spirit Massagetafel - TouchPro Europe Shop<\/title>\n<meta name=\"description\" content=\"Ervaar onge\u00ebvenaarde kwaliteit in massagebehandelingen met de Earthlite Spirit Massagetafel. Duurzaam, verstelbaar comfort en nu beschikbaar voor pre-order!\" \/>\n<meta name=\"robots\" content=\"index, follow, max-snippet:-1, max-image-preview:large, max-video-preview:-1\" \/>\n<link rel=\"canonical\" href=\"https:\/\/touchproeurope.eu\/de\/product\/erdgeist\/\" \/>\n<meta property=\"og:locale\" content=\"de_DE\" \/>\n<meta property=\"og:type\" content=\"article\" \/>\n<meta property=\"og:title\" content=\"EarthLite Spirit Massagetafel\" \/>\n<meta property=\"og:description\" content=\"Ervaar onge\u00ebvenaarde kwaliteit in massagebehandelingen met de Earthlite Spirit Massagetafel. Duurzaam, verstelbaar comfort en nu beschikbaar voor pre-order!\" \/>\n<meta property=\"og:url\" content=\"https:\/\/touchproeurope.eu\/de\/product\/erdgeist\/\" \/>\n<meta property=\"og:site_name\" content=\"TouchPro Europe Shop\" \/>\n<meta property=\"article:publisher\" content=\"https:\/\/www.facebook.com\/TouchproNederland\/?locale=nl_NL%2f\" \/>\n<meta property=\"article:modified_time\" content=\"2026-03-04T16:55:46+00:00\" \/>\n<meta property=\"og:image\" content=\"https:\/\/touchproeurope.eu\/wp-content\/uploads\/2023\/11\/861540761.jpg\" \/>\n\t<meta property=\"og:image:width\" content=\"2000\" \/>\n\t<meta property=\"og:image:height\" content=\"2000\" \/>\n\t<meta property=\"og:image:type\" content=\"image\/jpeg\" \/>\n<meta name=\"twitter:card\" content=\"summary_large_image\" \/>\n<meta name=\"twitter:label1\" content=\"Verf\u00fcgbarkeit\" \/>\n\t<meta name=\"twitter:data1\" content=\"bei Nachbestellung\" \/>\n<script type=\"application\/ld+json\" class=\"yoast-schema-graph\">{\"@context\":\"https:\\\/\\\/schema.org\",\"@graph\":[{\"@type\":\"WebPage\",\"@id\":\"https:\\\/\\\/touchproeurope.eu\\\/product\\\/earthlite-spirit\\\/\",\"url\":\"https:\\\/\\\/touchproeurope.eu\\\/product\\\/earthlite-spirit\\\/\",\"name\":\"EarthLite Spirit Massagetafel - TouchPro Europe Shop\",\"isPartOf\":{\"@id\":\"https:\\\/\\\/touchproeurope.eu\\\/#website\"},\"primaryImageOfPage\":{\"@id\":\"https:\\\/\\\/touchproeurope.eu\\\/product\\\/earthlite-spirit\\\/#primaryimage\"},\"image\":{\"@id\":\"https:\\\/\\\/touchproeurope.eu\\\/product\\\/earthlite-spirit\\\/#primaryimage\"},\"thumbnailUrl\":\"https:\\\/\\\/i0.wp.com\\\/touchproeurope.eu\\\/wp-content\\\/uploads\\\/2023\\\/11\\\/861540761.jpg?fit=2000%2C2000&ssl=1\",\"datePublished\":\"2023-11-09T15:59:59+00:00\",\"dateModified\":\"2026-03-04T16:55:46+00:00\",\"description\":\"Ervaar onge\u00ebvenaarde kwaliteit in massagebehandelingen met de Earthlite Spirit Massagetafel. Duurzaam, verstelbaar comfort en nu beschikbaar voor pre-order!\",\"breadcrumb\":{\"@id\":\"https:\\\/\\\/touchproeurope.eu\\\/product\\\/earthlite-spirit\\\/#breadcrumb\"},\"inLanguage\":\"de\",\"potentialAction\":[{\"@type\":\"ReadAction\",\"target\":[\"https:\\\/\\\/touchproeurope.eu\\\/product\\\/earthlite-spirit\\\/\"]}]},{\"@type\":\"ImageObject\",\"inLanguage\":\"de\",\"@id\":\"https:\\\/\\\/touchproeurope.eu\\\/product\\\/earthlite-spirit\\\/#primaryimage\",\"url\":\"https:\\\/\\\/i0.wp.com\\\/touchproeurope.eu\\\/wp-content\\\/uploads\\\/2023\\\/11\\\/861540761.jpg?fit=2000%2C2000&ssl=1\",\"contentUrl\":\"https:\\\/\\\/i0.wp.com\\\/touchproeurope.eu\\\/wp-content\\\/uploads\\\/2023\\\/11\\\/861540761.jpg?fit=2000%2C2000&ssl=1\",\"width\":2000,\"height\":2000,\"caption\":\"EarthLite Spirit Massagetafel Blauw\"},{\"@type\":\"BreadcrumbList\",\"@id\":\"https:\\\/\\\/touchproeurope.eu\\\/product\\\/earthlite-spirit\\\/#breadcrumb\",\"itemListElement\":[{\"@type\":\"ListItem\",\"position\":1,\"name\":\"Home\",\"item\":\"https:\\\/\\\/touchproeurope.eu\\\/\"},{\"@type\":\"ListItem\",\"position\":2,\"name\":\"Winkel\",\"item\":\"https:\\\/\\\/touchproeurope.eu\\\/winkel\\\/\"},{\"@type\":\"ListItem\",\"position\":3,\"name\":\"EarthLite Spirit Massagetafel\"}]},{\"@type\":\"WebSite\",\"@id\":\"https:\\\/\\\/touchproeurope.eu\\\/#website\",\"url\":\"https:\\\/\\\/touchproeurope.eu\\\/\",\"name\":\"TouchPro Europe Shop\",\"description\":\"Alles voor jouw praktijk met een PROfessionele Touch!\",\"publisher\":{\"@id\":\"https:\\\/\\\/touchproeurope.eu\\\/#organization\"},\"alternateName\":\"TPE\",\"potentialAction\":[{\"@type\":\"SearchAction\",\"target\":{\"@type\":\"EntryPoint\",\"urlTemplate\":\"https:\\\/\\\/touchproeurope.eu\\\/?s={search_term_string}\"},\"query-input\":{\"@type\":\"PropertyValueSpecification\",\"valueRequired\":true,\"valueName\":\"search_term_string\"}}],\"inLanguage\":\"de\"},{\"@type\":\"Organization\",\"@id\":\"https:\\\/\\\/touchproeurope.eu\\\/#organization\",\"name\":\"TouchPro Europe BV\",\"alternateName\":\"TPE\",\"url\":\"https:\\\/\\\/touchproeurope.eu\\\/\",\"logo\":{\"@type\":\"ImageObject\",\"inLanguage\":\"de\",\"@id\":\"https:\\\/\\\/touchproeurope.eu\\\/#\\\/schema\\\/logo\\\/image\\\/\",\"url\":\"https:\\\/\\\/i0.wp.com\\\/touchproeurope.eu\\\/wp-content\\\/uploads\\\/2023\\\/10\\\/2b592c_b6944d80811246d987cc2c29accedf3f.png?fit=1417%2C531&ssl=1\",\"contentUrl\":\"https:\\\/\\\/i0.wp.com\\\/touchproeurope.eu\\\/wp-content\\\/uploads\\\/2023\\\/10\\\/2b592c_b6944d80811246d987cc2c29accedf3f.png?fit=1417%2C531&ssl=1\",\"width\":1417,\"height\":531,\"caption\":\"TouchPro Europe BV\"},\"image\":{\"@id\":\"https:\\\/\\\/touchproeurope.eu\\\/#\\\/schema\\\/logo\\\/image\\\/\"},\"sameAs\":[\"https:\\\/\\\/www.facebook.com\\\/TouchproNederland\\\/?locale=nl_NL\\\/\",\"https:\\\/\\\/www.instagram.com\\\/touchpro2016\\\/\",\"https:\\\/\\\/www.linkedin.com\\\/company\\\/touchpro-europe-bv\\\/\"],\"description\":\"TouchPro Europe Shop is de massage winkel van Europa. Wij verkopen topkwaliteit massageproducten aan masseurs, pedicures, fysiotherapeuten, manicuren, Wellness centra, opleidingen, etc. TouchPro begon als een kleine webshop in Nederland, maar is nu uitgegroeid tot een webshop met klanten uit heel Europa. Wij bieden een breed assortiment aan massageproducten, waaronder massagetafels, oli\u00ebn, cr\u00e8mes, en accessoires van topmerken, zoals Earthlite, Stronglite en InnerStrenght, Habys, Living Earth Crafts en Continuum en andere leveranciers van massage accessoires. Bestel hier de beste massagematerialen van Europa!\",\"email\":\"info@touchpro-europe.com\",\"telephone\":\"0858768829\",\"legalName\":\"TouchPro Europe BV\",\"foundingDate\":\"2018-01-11\",\"vatID\":\"NL855430151B01\",\"numberOfEmployees\":{\"@type\":\"QuantitativeValue\",\"minValue\":\"1\",\"maxValue\":\"10\"},\"hasMerchantReturnPolicy\":{\"@type\":\"MerchantReturnPolicy\",\"merchantReturnLink\":\"https:\\\/\\\/touchproeurope.eu\\\/de\\\/retourbeleid\\\/\"}}]}<\/script>\n<meta property=\"product:brand\" content=\"Earthlite\" \/>\n<meta property=\"og:availability\" content=\"backorder\" \/>\n<meta property=\"product:availability\" content=\"available for order\" \/>\n<meta property=\"product:retailer_item_id\" content=\"26400\" \/>\n<meta property=\"product:condition\" content=\"new\" \/>\n<!-- \/ Yoast SEO Premium plugin. -->","yoast_head_json":{"title":"EarthLite Spirit Massageliege - TouchPro Europe Shop","description":"Erleben Sie unvergleichliche Qualit\u00e4t bei Massagebehandlungen mit dem Earthlite Spirit Massagetisch. Langlebig, verstellbarer Komfort und ab sofort vorbestellbar!","robots":{"index":"index","follow":"follow","max-snippet":"max-snippet:-1","max-image-preview":"max-image-preview:large","max-video-preview":"max-video-preview:-1"},"canonical":"https:\/\/touchproeurope.eu\/de\/product\/erdgeist\/","og_locale":"de_DE","og_type":"article","og_title":"EarthLite Spirit Massagetafel","og_description":"Ervaar onge\u00ebvenaarde kwaliteit in massagebehandelingen met de Earthlite Spirit Massagetafel. Duurzaam, verstelbaar comfort en nu beschikbaar voor pre-order!","og_url":"https:\/\/touchproeurope.eu\/de\/product\/erdgeist\/","og_site_name":"TouchPro Europe Shop","article_publisher":"https:\/\/www.facebook.com\/TouchproNederland\/?locale=nl_NL%2f","article_modified_time":"2026-03-04T16:55:46+00:00","og_image":[{"width":2000,"height":2000,"url":"https:\/\/touchproeurope.eu\/wp-content\/uploads\/2023\/11\/861540761.jpg","type":"image\/jpeg"}],"twitter_card":"summary_large_image","twitter_misc":{"Verf\u00fcgbarkeit":"bei Nachbestellung"},"schema":{"@context":"https:\/\/schema.org","@graph":[{"@type":"WebPage","@id":"https:\/\/touchproeurope.eu\/product\/earthlite-spirit\/","url":"https:\/\/touchproeurope.eu\/product\/earthlite-spirit\/","name":"EarthLite Spirit Massageliege - TouchPro Europe Shop","isPartOf":{"@id":"https:\/\/touchproeurope.eu\/#website"},"primaryImageOfPage":{"@id":"https:\/\/touchproeurope.eu\/product\/earthlite-spirit\/#primaryimage"},"image":{"@id":"https:\/\/touchproeurope.eu\/product\/earthlite-spirit\/#primaryimage"},"thumbnailUrl":"https:\/\/i0.wp.com\/touchproeurope.eu\/wp-content\/uploads\/2023\/11\/861540761.jpg?fit=2000%2C2000&ssl=1","datePublished":"2023-11-09T15:59:59+00:00","dateModified":"2026-03-04T16:55:46+00:00","description":"Erleben Sie unvergleichliche Qualit\u00e4t bei Massagebehandlungen mit dem Earthlite Spirit Massagetisch. Langlebig, verstellbarer Komfort und ab sofort vorbestellbar!","breadcrumb":{"@id":"https:\/\/touchproeurope.eu\/product\/earthlite-spirit\/#breadcrumb"},"inLanguage":"de","potentialAction":[{"@type":"ReadAction","target":["https:\/\/touchproeurope.eu\/product\/earthlite-spirit\/"]}]},{"@type":"ImageObject","inLanguage":"de","@id":"https:\/\/touchproeurope.eu\/product\/earthlite-spirit\/#primaryimage","url":"https:\/\/i0.wp.com\/touchproeurope.eu\/wp-content\/uploads\/2023\/11\/861540761.jpg?fit=2000%2C2000&ssl=1","contentUrl":"https:\/\/i0.wp.com\/touchproeurope.eu\/wp-content\/uploads\/2023\/11\/861540761.jpg?fit=2000%2C2000&ssl=1","width":2000,"height":2000,"caption":"EarthLite Spirit Massagetafel Blauw"},{"@type":"BreadcrumbList","@id":"https:\/\/touchproeurope.eu\/product\/earthlite-spirit\/#breadcrumb","itemListElement":[{"@type":"ListItem","position":1,"name":"Home","item":"https:\/\/touchproeurope.eu\/"},{"@type":"ListItem","position":2,"name":"Winkel","item":"https:\/\/touchproeurope.eu\/winkel\/"},{"@type":"ListItem","position":3,"name":"EarthLite Spirit Massagetafel"}]},{"@type":"WebSite","@id":"https:\/\/touchproeurope.eu\/#website","url":"https:\/\/touchproeurope.eu\/","name":"TouchPro Europe Shop","description":"Alles f\u00fcr Ihre Praxis mit einem PROfessional Touch!","publisher":{"@id":"https:\/\/touchproeurope.eu\/#organization"},"alternateName":"TPE","potentialAction":[{"@type":"SearchAction","target":{"@type":"EntryPoint","urlTemplate":"https:\/\/touchproeurope.eu\/?s={search_term_string}"},"query-input":{"@type":"PropertyValueSpecification","valueRequired":true,"valueName":"search_term_string"}}],"inLanguage":"de"},{"@type":"Organization","@id":"https:\/\/touchproeurope.eu\/#organization","name":"TouchPro Europa BV","alternateName":"TPE","url":"https:\/\/touchproeurope.eu\/","logo":{"@type":"ImageObject","inLanguage":"de","@id":"https:\/\/touchproeurope.eu\/#\/schema\/logo\/image\/","url":"https:\/\/i0.wp.com\/touchproeurope.eu\/wp-content\/uploads\/2023\/10\/2b592c_b6944d80811246d987cc2c29accedf3f.png?fit=1417%2C531&ssl=1","contentUrl":"https:\/\/i0.wp.com\/touchproeurope.eu\/wp-content\/uploads\/2023\/10\/2b592c_b6944d80811246d987cc2c29accedf3f.png?fit=1417%2C531&ssl=1","width":1417,"height":531,"caption":"TouchPro Europe BV"},"image":{"@id":"https:\/\/touchproeurope.eu\/#\/schema\/logo\/image\/"},"sameAs":["https:\/\/www.facebook.com\/TouchproNederland\/?locale=nl_NL\/","https:\/\/www.instagram.com\/touchpro2016\/","https:\/\/www.linkedin.com\/company\/touchpro-europe-bv\/"],"description":"TouchPro Europe Shop ist das Massagegesch\u00e4ft in Europa. Wir verkaufen hochwertige Massageprodukte an Masseure, Fu\u00dfpfleger, Physiotherapeuten, Manik\u00fcre, Wellness-Zentren, Ausbildungskurse, usw. TouchPro begann als kleines Gesch\u00e4ft in den Niederlanden, hat sich aber inzwischen zu einem Gesch\u00e4ft mit Kunden aus ganz Europa entwickelt. Wir bieten eine gro\u00dfe Auswahl an Massageprodukten, darunter Massageliegen, \u00d6le, Cremes und Zubeh\u00f6r von Top-Marken wie Earthlite, Stronglite und InnerStrenght, Habys, Living Earth Crafts und Continuum sowie anderen Lieferanten von Massagezubeh\u00f6r. Bestellen Sie hier die besten Massageprodukte Europas!","email":"info@touchpro-europe.com","telephone":"0858768829","legalName":"TouchPro Europe BV","foundingDate":"2018-01-11","vatID":"NL855430151B01","numberOfEmployees":{"@type":"QuantitativeValue","minValue":"1","maxValue":"10"},"hasMerchantReturnPolicy":{"@type":"MerchantReturnPolicy","merchantReturnLink":"https:\/\/touchproeurope.eu\/de\/retourbeleid\/"}}]},"product_brand":"Earthlite","og_availability":"backorder","product_availability":"available for order","product_retailer_item_id":"26400","product_condition":"new"},"_links":{"self":[{"href":"https:\/\/touchproeurope.eu\/de\/wp-json\/wp\/v2\/product\/2963","targetHints":{"allow":["GET"]}}],"collection":[{"href":"https:\/\/touchproeurope.eu\/de\/wp-json\/wp\/v2\/product"}],"about":[{"href":"https:\/\/touchproeurope.eu\/de\/wp-json\/wp\/v2\/types\/product"}],"replies":[{"embeddable":true,"href":"https:\/\/touchproeurope.eu\/de\/wp-json\/wp\/v2\/comments?post=2963"}],"version-history":[{"count":3,"href":"https:\/\/touchproeurope.eu\/de\/wp-json\/wp\/v2\/product\/2963\/revisions"}],"predecessor-version":[{"id":3405,"href":"https:\/\/touchproeurope.eu\/de\/wp-json\/wp\/v2\/product\/2963\/revisions\/3405"}],"wp:featuredmedia":[{"embeddable":true,"href":"https:\/\/touchproeurope.eu\/de\/wp-json\/wp\/v2\/media\/2962"}],"wp:attachment":[{"href":"https:\/\/touchproeurope.eu\/de\/wp-json\/wp\/v2\/media?parent=2963"}],"wp:term":[{"taxonomy":"product_brand","embeddable":true,"href":"https:\/\/touchproeurope.eu\/de\/wp-json\/wp\/v2\/product_brand?post=2963"},{"taxonomy":"product_cat","embeddable":true,"href":"https:\/\/touchproeurope.eu\/de\/wp-json\/wp\/v2\/product_cat?post=2963"},{"taxonomy":"product_tag","embeddable":true,"href":"https:\/\/touchproeurope.eu\/de\/wp-json\/wp\/v2\/product_tag?post=2963"}],"curies":[{"name":"wp","href":"https:\/\/api.w.org\/{rel}","templated":true}]}}