{"id":2965,"date":"2023-11-09T16:00:04","date_gmt":"2023-11-09T16:00:04","guid":{"rendered":"https:\/\/touchproeurope.eu\/?post_type=product&#038;p=2965"},"modified":"2026-04-01T13:25:51","modified_gmt":"2026-04-01T13:25:51","slug":"earthlite-spirit-reiki-massageliege","status":"publish","type":"product","link":"https:\/\/touchproeurope.eu\/de\/product\/earthlite-spirit-reiki-massagetafel\/","title":{"rendered":"Earthlite Spirit Reiki Massagetisch"},"content":{"rendered":"<p>Die Earthlite Spirit Reiki-Massageliege, die speziell f\u00fcr Reiki-Behandlungen entwickelt wurde, bietet eine hochwertige, zusammenklappbare Behandlungsliege mit einer langlebigen Konstruktion und einer bequemen Liegefl\u00e4che. Diese Liege verk\u00f6rpert die perfekte Balance zwischen Stabilit\u00e4t und Komfort. Das macht sie zur idealen Wahl f\u00fcr Reiki-Praktizierende und Masseure gleicherma\u00dfen.<\/p>\n<p>Der Earthlite Spirit Reiki-Massagetisch wurde sorgf\u00e4ltig entwickelt, um den einzigartigen Anforderungen von Reiki-Behandlungen gerecht zu werden. Die vollst\u00e4ndigen Reiki-Endplatten und die Shiatsu Release-Option bieten ultimative Vielseitigkeit.<\/p>\n<p>Mit einer Breite von 71, 76 oder 81 cm, einer verstellbaren H\u00f6he von 58 - 84 cm und dem 3-lagigen ProPlush Deluxe-Kissen bietet diese Liege individuellen Komfort f\u00fcr eine Vielzahl von Behandlungen.<\/p>\n<p>Das zul\u00e4ssige Gesamtarbeitsgewicht von 360 kg, die Verwendung der Stitched Fit-Methode f\u00fcr die Polsterung und die langlebige Konstruktion. Dies macht den Spirit Reiki Tisch zu einem Symbol f\u00fcr Haltbarkeit und Stil.<\/p>","protected":false},"excerpt":{"rendered":"<p><strong>Die Earthlite Spirit Reiki-Massageliege<\/strong> - Eine hochwertige, zusammenklappbare Behandlungsliege, die speziell f\u00fcr Reiki-Behandlungen entwickelt wurde. Mit ihrer robusten Konstruktion und der bequemen Liegefl\u00e4che bietet diese Liege die perfekte Balance aus Stabilit\u00e4t und Komfort. Erleben Sie die Qualit\u00e4t und Vielseitigkeit der Earthlite Spirit Reiki-Massageliege, eine ideale Wahl f\u00fcr Reiki-Praktiker und Masseure gleicherma\u00dfen.<\/p>\n<p>Das Paket besteht aus:<\/p>\n<ul>\n<li>Die Earthlite Spirit Reiki-Massageliege<\/li>\n<li>Flexrest-Kopfst\u00fctze mit LEC Strata Memory Foam-Kissen<\/li>\n<li>Passende professionelle Tragetasche mit Staufach<\/li>\n<\/ul>\n<p>Eigenschaften des Produkts<\/p>\n<ul>\n<li>Gewicht 15 bis 17 kg; je nach Breitenma\u00df<\/li>\n<li>Breite: 71, 76, 81 cm<\/li>\n<li>L\u00e4nge: 185 cm<\/li>\n<li>h\u00f6henverstellbar von 58 - 84 cm<\/li>\n<li>Zul\u00e4ssiges Gesamtarbeitsgewicht 360 kg<\/li>\n<li>Option Shiatsu-Befreiung<\/li>\n<li>ProPlush Deluxe 3-Schicht-Kissen<\/li>\n<li>Ausgestattet mit vollst\u00e4ndigen Reiki-Endplatten<\/li>\n<li>Abdecken mit der Stitched Fit Methode<\/li>\n<li>Offizielles Verkaufsblatt: <a href=\"https:\/\/b2b.earthlite.eu\/media\/wysiwyg\/SalesSheets\/Spirit_1-300-0069_-_Rev_092220.pdf\" target=\"_blank\" rel=\"noopener\">Neuer Geist Reiki<\/a><\/li>\n<\/ul>\n<p>Die Farben Teal, Sterling, Amethyst und Latte sind nur als Vorbestellung erh\u00e4ltlich. In diesem Fall sollten Sie eine Lieferzeit von 12 bis 16 Wochen einkalkulieren.<\/p>","protected":false},"featured_media":2964,"comment_status":"open","ping_status":"closed","template":"","meta":[],"product_brand":[343],"product_cat":[94,93],"product_tag":[85,39,49,90],"class_list":{"0":"post-2965","1":"product","2":"type-product","3":"status-publish","4":"has-post-thumbnail","6":"product_brand-earthlite","7":"product_cat-draagbare-massagetafels","8":"product_cat-massagetafels","9":"product_tag-earthlite","10":"product_tag-massagetafel","11":"product_tag-reiki","12":"product_tag-spirit","13":"product_shipping_class-groot-pakket","14":"pa_kleur-blauw","15":"pa_kleur-bordeaux","16":"pa_kleur-groen","17":"pa_kleur-latte","18":"pa_kleur-paars","19":"pa_kleur-vanille-creme","20":"pa_kleur-zilver","21":"pa_kleur-zwart","22":"pa_merk-earthlite","24":"first","25":"instock","26":"taxable","27":"shipping-taxable","28":"purchasable","29":"product-type-variable"},"yoast_head":"<!-- This site is optimized with the Yoast SEO Premium plugin v27.3 (Yoast SEO v27.3) - https:\/\/yoast.com\/product\/yoast-seo-premium-wordpress\/ -->\n<title>Earthlite Spirit Reiki Massagetafel - TouchPro Europe Shop<\/title>\n<meta name=\"description\" content=\"Ontdek de ideale balans tussen stabiliteit en comfort met de Earthlite Spirit Reiki Massagetafel. Bestel nu voor de ultieme Reiki-ervaring!\" \/>\n<meta name=\"robots\" content=\"index, follow, max-snippet:-1, max-image-preview:large, max-video-preview:-1\" \/>\n<link rel=\"canonical\" href=\"https:\/\/touchproeurope.eu\/de\/product\/earthlite-spirit-reiki-massageliege\/\" \/>\n<meta property=\"og:locale\" content=\"de_DE\" \/>\n<meta property=\"og:type\" content=\"article\" \/>\n<meta property=\"og:title\" content=\"Earthlite Spirit Reiki Massagetafel\" \/>\n<meta property=\"og:description\" content=\"Ontdek de ideale balans tussen stabiliteit en comfort met de Earthlite Spirit Reiki Massagetafel. Bestel nu voor de ultieme Reiki-ervaring!\" \/>\n<meta property=\"og:url\" content=\"https:\/\/touchproeurope.eu\/de\/product\/earthlite-spirit-reiki-massageliege\/\" \/>\n<meta property=\"og:site_name\" content=\"TouchPro Europe Shop\" \/>\n<meta property=\"article:publisher\" content=\"https:\/\/www.facebook.com\/TouchproNederland\/?locale=nl_NL%2f\" \/>\n<meta property=\"article:modified_time\" content=\"2026-04-01T13:25:51+00:00\" \/>\n<meta property=\"og:image\" content=\"https:\/\/touchproeurope.eu\/wp-content\/uploads\/2023\/11\/3099765255.jpg\" \/>\n\t<meta property=\"og:image:width\" content=\"2000\" \/>\n\t<meta property=\"og:image:height\" content=\"2000\" \/>\n\t<meta property=\"og:image:type\" content=\"image\/jpeg\" \/>\n<meta name=\"twitter:card\" content=\"summary_large_image\" \/>\n<meta name=\"twitter:label1\" content=\"Verf\u00fcgbarkeit\" \/>\n\t<meta name=\"twitter:data1\" content=\"Auf Lager\" \/>\n<script type=\"application\/ld+json\" class=\"yoast-schema-graph\">{\"@context\":\"https:\\\/\\\/schema.org\",\"@graph\":[{\"@type\":\"WebPage\",\"@id\":\"https:\\\/\\\/touchproeurope.eu\\\/product\\\/earthlite-spirit-reiki-massagetafel\\\/\",\"url\":\"https:\\\/\\\/touchproeurope.eu\\\/product\\\/earthlite-spirit-reiki-massagetafel\\\/\",\"name\":\"Earthlite Spirit Reiki Massagetafel - TouchPro Europe Shop\",\"isPartOf\":{\"@id\":\"https:\\\/\\\/touchproeurope.eu\\\/#website\"},\"primaryImageOfPage\":{\"@id\":\"https:\\\/\\\/touchproeurope.eu\\\/product\\\/earthlite-spirit-reiki-massagetafel\\\/#primaryimage\"},\"image\":{\"@id\":\"https:\\\/\\\/touchproeurope.eu\\\/product\\\/earthlite-spirit-reiki-massagetafel\\\/#primaryimage\"},\"thumbnailUrl\":\"https:\\\/\\\/i0.wp.com\\\/touchproeurope.eu\\\/wp-content\\\/uploads\\\/2023\\\/11\\\/3099765255.jpg?fit=2000%2C2000&ssl=1\",\"datePublished\":\"2023-11-09T16:00:04+00:00\",\"dateModified\":\"2026-04-01T13:25:51+00:00\",\"description\":\"Ontdek de ideale balans tussen stabiliteit en comfort met de Earthlite Spirit Reiki Massagetafel. Bestel nu voor de ultieme Reiki-ervaring!\",\"breadcrumb\":{\"@id\":\"https:\\\/\\\/touchproeurope.eu\\\/product\\\/earthlite-spirit-reiki-massagetafel\\\/#breadcrumb\"},\"inLanguage\":\"de\",\"potentialAction\":[{\"@type\":\"ReadAction\",\"target\":[\"https:\\\/\\\/touchproeurope.eu\\\/product\\\/earthlite-spirit-reiki-massagetafel\\\/\"]}]},{\"@type\":\"ImageObject\",\"inLanguage\":\"de\",\"@id\":\"https:\\\/\\\/touchproeurope.eu\\\/product\\\/earthlite-spirit-reiki-massagetafel\\\/#primaryimage\",\"url\":\"https:\\\/\\\/i0.wp.com\\\/touchproeurope.eu\\\/wp-content\\\/uploads\\\/2023\\\/11\\\/3099765255.jpg?fit=2000%2C2000&ssl=1\",\"contentUrl\":\"https:\\\/\\\/i0.wp.com\\\/touchproeurope.eu\\\/wp-content\\\/uploads\\\/2023\\\/11\\\/3099765255.jpg?fit=2000%2C2000&ssl=1\",\"width\":2000,\"height\":2000,\"caption\":\"Earthlite Spirit Reiki Massagetafel Vanille Creme\"},{\"@type\":\"BreadcrumbList\",\"@id\":\"https:\\\/\\\/touchproeurope.eu\\\/product\\\/earthlite-spirit-reiki-massagetafel\\\/#breadcrumb\",\"itemListElement\":[{\"@type\":\"ListItem\",\"position\":1,\"name\":\"Home\",\"item\":\"https:\\\/\\\/touchproeurope.eu\\\/\"},{\"@type\":\"ListItem\",\"position\":2,\"name\":\"Winkel\",\"item\":\"https:\\\/\\\/touchproeurope.eu\\\/winkel\\\/\"},{\"@type\":\"ListItem\",\"position\":3,\"name\":\"Earthlite Spirit Reiki Massagetafel\"}]},{\"@type\":\"WebSite\",\"@id\":\"https:\\\/\\\/touchproeurope.eu\\\/#website\",\"url\":\"https:\\\/\\\/touchproeurope.eu\\\/\",\"name\":\"TouchPro Europe Shop\",\"description\":\"Alles voor jouw praktijk met een PROfessionele Touch!\",\"publisher\":{\"@id\":\"https:\\\/\\\/touchproeurope.eu\\\/#organization\"},\"alternateName\":\"TPE\",\"potentialAction\":[{\"@type\":\"SearchAction\",\"target\":{\"@type\":\"EntryPoint\",\"urlTemplate\":\"https:\\\/\\\/touchproeurope.eu\\\/?s={search_term_string}\"},\"query-input\":{\"@type\":\"PropertyValueSpecification\",\"valueRequired\":true,\"valueName\":\"search_term_string\"}}],\"inLanguage\":\"de\"},{\"@type\":\"Organization\",\"@id\":\"https:\\\/\\\/touchproeurope.eu\\\/#organization\",\"name\":\"TouchPro Europe BV\",\"alternateName\":\"TPE\",\"url\":\"https:\\\/\\\/touchproeurope.eu\\\/\",\"logo\":{\"@type\":\"ImageObject\",\"inLanguage\":\"de\",\"@id\":\"https:\\\/\\\/touchproeurope.eu\\\/#\\\/schema\\\/logo\\\/image\\\/\",\"url\":\"https:\\\/\\\/i0.wp.com\\\/touchproeurope.eu\\\/wp-content\\\/uploads\\\/2023\\\/10\\\/2b592c_b6944d80811246d987cc2c29accedf3f.png?fit=1417%2C531&ssl=1\",\"contentUrl\":\"https:\\\/\\\/i0.wp.com\\\/touchproeurope.eu\\\/wp-content\\\/uploads\\\/2023\\\/10\\\/2b592c_b6944d80811246d987cc2c29accedf3f.png?fit=1417%2C531&ssl=1\",\"width\":1417,\"height\":531,\"caption\":\"TouchPro Europe BV\"},\"image\":{\"@id\":\"https:\\\/\\\/touchproeurope.eu\\\/#\\\/schema\\\/logo\\\/image\\\/\"},\"sameAs\":[\"https:\\\/\\\/www.facebook.com\\\/TouchproNederland\\\/?locale=nl_NL\\\/\",\"https:\\\/\\\/www.instagram.com\\\/touchpro2016\\\/\",\"https:\\\/\\\/www.linkedin.com\\\/company\\\/touchpro-europe-bv\\\/\"],\"description\":\"TouchPro Europe Shop is de massage winkel van Europa. Wij verkopen topkwaliteit massageproducten aan masseurs, pedicures, fysiotherapeuten, manicuren, Wellness centra, opleidingen, etc. TouchPro begon als een kleine webshop in Nederland, maar is nu uitgegroeid tot een webshop met klanten uit heel Europa. Wij bieden een breed assortiment aan massageproducten, waaronder massagetafels, oli\u00ebn, cr\u00e8mes, en accessoires van topmerken, zoals Earthlite, Stronglite en InnerStrenght, Habys, Living Earth Crafts en Continuum en andere leveranciers van massage accessoires. Bestel hier de beste massagematerialen van Europa!\",\"email\":\"info@touchpro-europe.com\",\"telephone\":\"0858768829\",\"legalName\":\"TouchPro Europe BV\",\"foundingDate\":\"2018-01-11\",\"vatID\":\"NL855430151B01\",\"numberOfEmployees\":{\"@type\":\"QuantitativeValue\",\"minValue\":\"1\",\"maxValue\":\"10\"},\"hasMerchantReturnPolicy\":{\"@type\":\"MerchantReturnPolicy\",\"merchantReturnLink\":\"https:\\\/\\\/touchproeurope.eu\\\/de\\\/retourbeleid\\\/\"}}]}<\/script>\n<meta property=\"product:brand\" content=\"Earthlite\" \/>\n<meta property=\"og:availability\" content=\"instock\" \/>\n<meta property=\"product:availability\" content=\"instock\" \/>\n<meta property=\"product:retailer_item_id\" content=\"27000\" \/>\n<meta property=\"product:condition\" content=\"new\" \/>\n<!-- \/ Yoast SEO Premium plugin. -->","yoast_head_json":{"title":"Earthlite Spirit Reiki Massageliege - TouchPro Europe Shop","description":"Entdecken Sie die ideale Balance zwischen Stabilit\u00e4t und Komfort mit dem Earthlite Spirit Reiki Massagetisch. Bestellen Sie jetzt f\u00fcr die ultimative Reiki-Erfahrung!","robots":{"index":"index","follow":"follow","max-snippet":"max-snippet:-1","max-image-preview":"max-image-preview:large","max-video-preview":"max-video-preview:-1"},"canonical":"https:\/\/touchproeurope.eu\/de\/product\/earthlite-spirit-reiki-massageliege\/","og_locale":"de_DE","og_type":"article","og_title":"Earthlite Spirit Reiki Massagetafel","og_description":"Ontdek de ideale balans tussen stabiliteit en comfort met de Earthlite Spirit Reiki Massagetafel. Bestel nu voor de ultieme Reiki-ervaring!","og_url":"https:\/\/touchproeurope.eu\/de\/product\/earthlite-spirit-reiki-massageliege\/","og_site_name":"TouchPro Europe Shop","article_publisher":"https:\/\/www.facebook.com\/TouchproNederland\/?locale=nl_NL%2f","article_modified_time":"2026-04-01T13:25:51+00:00","og_image":[{"width":2000,"height":2000,"url":"https:\/\/touchproeurope.eu\/wp-content\/uploads\/2023\/11\/3099765255.jpg","type":"image\/jpeg"}],"twitter_card":"summary_large_image","twitter_misc":{"Verf\u00fcgbarkeit":"Auf Lager"},"schema":{"@context":"https:\/\/schema.org","@graph":[{"@type":"WebPage","@id":"https:\/\/touchproeurope.eu\/product\/earthlite-spirit-reiki-massagetafel\/","url":"https:\/\/touchproeurope.eu\/product\/earthlite-spirit-reiki-massagetafel\/","name":"Earthlite Spirit Reiki Massageliege - TouchPro Europe Shop","isPartOf":{"@id":"https:\/\/touchproeurope.eu\/#website"},"primaryImageOfPage":{"@id":"https:\/\/touchproeurope.eu\/product\/earthlite-spirit-reiki-massagetafel\/#primaryimage"},"image":{"@id":"https:\/\/touchproeurope.eu\/product\/earthlite-spirit-reiki-massagetafel\/#primaryimage"},"thumbnailUrl":"https:\/\/i0.wp.com\/touchproeurope.eu\/wp-content\/uploads\/2023\/11\/3099765255.jpg?fit=2000%2C2000&ssl=1","datePublished":"2023-11-09T16:00:04+00:00","dateModified":"2026-04-01T13:25:51+00:00","description":"Entdecken Sie die ideale Balance zwischen Stabilit\u00e4t und Komfort mit dem Earthlite Spirit Reiki Massagetisch. Bestellen Sie jetzt f\u00fcr die ultimative Reiki-Erfahrung!","breadcrumb":{"@id":"https:\/\/touchproeurope.eu\/product\/earthlite-spirit-reiki-massagetafel\/#breadcrumb"},"inLanguage":"de","potentialAction":[{"@type":"ReadAction","target":["https:\/\/touchproeurope.eu\/product\/earthlite-spirit-reiki-massagetafel\/"]}]},{"@type":"ImageObject","inLanguage":"de","@id":"https:\/\/touchproeurope.eu\/product\/earthlite-spirit-reiki-massagetafel\/#primaryimage","url":"https:\/\/i0.wp.com\/touchproeurope.eu\/wp-content\/uploads\/2023\/11\/3099765255.jpg?fit=2000%2C2000&ssl=1","contentUrl":"https:\/\/i0.wp.com\/touchproeurope.eu\/wp-content\/uploads\/2023\/11\/3099765255.jpg?fit=2000%2C2000&ssl=1","width":2000,"height":2000,"caption":"Earthlite Spirit Reiki Massagetafel Vanille Creme"},{"@type":"BreadcrumbList","@id":"https:\/\/touchproeurope.eu\/product\/earthlite-spirit-reiki-massagetafel\/#breadcrumb","itemListElement":[{"@type":"ListItem","position":1,"name":"Home","item":"https:\/\/touchproeurope.eu\/"},{"@type":"ListItem","position":2,"name":"Winkel","item":"https:\/\/touchproeurope.eu\/winkel\/"},{"@type":"ListItem","position":3,"name":"Earthlite Spirit Reiki Massagetafel"}]},{"@type":"WebSite","@id":"https:\/\/touchproeurope.eu\/#website","url":"https:\/\/touchproeurope.eu\/","name":"TouchPro Europe Shop","description":"Alles f\u00fcr Ihre Praxis mit einem PROfessional Touch!","publisher":{"@id":"https:\/\/touchproeurope.eu\/#organization"},"alternateName":"TPE","potentialAction":[{"@type":"SearchAction","target":{"@type":"EntryPoint","urlTemplate":"https:\/\/touchproeurope.eu\/?s={search_term_string}"},"query-input":{"@type":"PropertyValueSpecification","valueRequired":true,"valueName":"search_term_string"}}],"inLanguage":"de"},{"@type":"Organization","@id":"https:\/\/touchproeurope.eu\/#organization","name":"TouchPro Europa BV","alternateName":"TPE","url":"https:\/\/touchproeurope.eu\/","logo":{"@type":"ImageObject","inLanguage":"de","@id":"https:\/\/touchproeurope.eu\/#\/schema\/logo\/image\/","url":"https:\/\/i0.wp.com\/touchproeurope.eu\/wp-content\/uploads\/2023\/10\/2b592c_b6944d80811246d987cc2c29accedf3f.png?fit=1417%2C531&ssl=1","contentUrl":"https:\/\/i0.wp.com\/touchproeurope.eu\/wp-content\/uploads\/2023\/10\/2b592c_b6944d80811246d987cc2c29accedf3f.png?fit=1417%2C531&ssl=1","width":1417,"height":531,"caption":"TouchPro Europe BV"},"image":{"@id":"https:\/\/touchproeurope.eu\/#\/schema\/logo\/image\/"},"sameAs":["https:\/\/www.facebook.com\/TouchproNederland\/?locale=nl_NL\/","https:\/\/www.instagram.com\/touchpro2016\/","https:\/\/www.linkedin.com\/company\/touchpro-europe-bv\/"],"description":"TouchPro Europe Shop ist das Massagegesch\u00e4ft in Europa. Wir verkaufen hochwertige Massageprodukte an Masseure, Fu\u00dfpfleger, Physiotherapeuten, Manik\u00fcre, Wellness-Zentren, Ausbildungskurse, usw. TouchPro begann als kleines Gesch\u00e4ft in den Niederlanden, hat sich aber inzwischen zu einem Gesch\u00e4ft mit Kunden aus ganz Europa entwickelt. Wir bieten eine gro\u00dfe Auswahl an Massageprodukten, darunter Massageliegen, \u00d6le, Cremes und Zubeh\u00f6r von Top-Marken wie Earthlite, Stronglite und InnerStrenght, Habys, Living Earth Crafts und Continuum sowie anderen Lieferanten von Massagezubeh\u00f6r. Bestellen Sie hier die besten Massageprodukte Europas!","email":"info@touchpro-europe.com","telephone":"0858768829","legalName":"TouchPro Europe BV","foundingDate":"2018-01-11","vatID":"NL855430151B01","numberOfEmployees":{"@type":"QuantitativeValue","minValue":"1","maxValue":"10"},"hasMerchantReturnPolicy":{"@type":"MerchantReturnPolicy","merchantReturnLink":"https:\/\/touchproeurope.eu\/de\/retourbeleid\/"}}]},"product_brand":"Earthlite","og_availability":"instock","product_availability":"instock","product_retailer_item_id":"27000","product_condition":"new"},"_links":{"self":[{"href":"https:\/\/touchproeurope.eu\/de\/wp-json\/wp\/v2\/product\/2965","targetHints":{"allow":["GET"]}}],"collection":[{"href":"https:\/\/touchproeurope.eu\/de\/wp-json\/wp\/v2\/product"}],"about":[{"href":"https:\/\/touchproeurope.eu\/de\/wp-json\/wp\/v2\/types\/product"}],"replies":[{"embeddable":true,"href":"https:\/\/touchproeurope.eu\/de\/wp-json\/wp\/v2\/comments?post=2965"}],"version-history":[{"count":4,"href":"https:\/\/touchproeurope.eu\/de\/wp-json\/wp\/v2\/product\/2965\/revisions"}],"predecessor-version":[{"id":3446,"href":"https:\/\/touchproeurope.eu\/de\/wp-json\/wp\/v2\/product\/2965\/revisions\/3446"}],"wp:featuredmedia":[{"embeddable":true,"href":"https:\/\/touchproeurope.eu\/de\/wp-json\/wp\/v2\/media\/2964"}],"wp:attachment":[{"href":"https:\/\/touchproeurope.eu\/de\/wp-json\/wp\/v2\/media?parent=2965"}],"wp:term":[{"taxonomy":"product_brand","embeddable":true,"href":"https:\/\/touchproeurope.eu\/de\/wp-json\/wp\/v2\/product_brand?post=2965"},{"taxonomy":"product_cat","embeddable":true,"href":"https:\/\/touchproeurope.eu\/de\/wp-json\/wp\/v2\/product_cat?post=2965"},{"taxonomy":"product_tag","embeddable":true,"href":"https:\/\/touchproeurope.eu\/de\/wp-json\/wp\/v2\/product_tag?post=2965"}],"curies":[{"name":"wp","href":"https:\/\/api.w.org\/{rel}","templated":true}]}}