{"id":2967,"date":"2023-11-09T16:00:05","date_gmt":"2023-11-09T16:00:05","guid":{"rendered":"https:\/\/touchproeurope.eu\/?post_type=product&#038;p=2967"},"modified":"2026-05-12T09:23:53","modified_gmt":"2026-05-12T09:23:53","slug":"earthlite-deluxe-vlies-kissen-set","status":"publish","type":"product","link":"https:\/\/touchproeurope.eu\/de\/product\/earthlite-deluxe-fleece-pad-set\/","title":{"rendered":"Earthlite Deluxe Vlies-Kissen-Set"},"content":{"rendered":"<p>Verw\u00f6hnen Sie Ihre Kunden mit dem Earthlite Deluxe Fleece Pad Set, einer opulenten Erg\u00e4nzung f\u00fcr Ihre Massagepraxis, die eine einzigartige Kombination aus Weichheit und Komfort bietet. Bestehend aus einer Fleece-Tischauflage und einem passenden Kopfteilbezug, schafft dieses Set eine warme und einladende Atmosph\u00e4re f\u00fcr jede Behandlung.<\/p>\n<p>Die weiche Dicke von einem Zoll sorgt f\u00fcr ultimativen Komfort, w\u00e4hrend der luxuri\u00f6se Flor, der doppelt so dick ist wie herk\u00f6mmliches Vlies, jedem Tisch einen Hauch von Opulenz verleiht. Vollst\u00e4ndig umgeschlagene Seiten mit perfekter Passform sorgen f\u00fcr ein gepflegtes Aussehen, w\u00e4hrend der Gummizug rundherum auch bei dynamischen Behandlungen einen festen Sitz gew\u00e4hrleistet.<\/p>\n<p>Das Deluxe Fleece Pad Set beinhaltet nicht nur eine Tischunterlage, sondern auch einen Verbindungsbezug f\u00fcr das Kopfteil, der Ihren Tisch professionell aussehen l\u00e4sst und Ihren Kunden ein Gesamterlebnis von Luxus bietet.<\/p>\n<p>Mit dem Komfort der Maschinenwaschbarkeit und Trocknbarkeit geht Hygiene weiterhin Hand in Hand mit Luxus. Geeignet f\u00fcr die meisten Tischmarken, bietet dieses Set nicht nur Komfort, sondern auch Vielseitigkeit f\u00fcr jede professionelle Praxis.<\/p>\n<p>Entscheiden Sie sich f\u00fcr das Deluxe Fleece Pad Set und verleihen Sie Ihren Behandlungen eine unvergleichliche Dimension des Komforts. Ver\u00e4ndern Sie die Atmosph\u00e4re in Ihrer Praxis und bieten Sie Ihren Kunden eine luxuri\u00f6se Erfahrung, die sie zu sch\u00e4tzen wissen werden. Bestellen Sie jetzt und geben Sie Ihren Kunden die Weichheit und W\u00e4rme, die sie verdienen.<\/p>","protected":false},"excerpt":{"rendered":"<p><strong>Earthlite Vlies-Kissen-Set DeLuxe <\/strong>passt auf Massageliegen mit einer Breite von 71 bis 81 cm, hat elastische, abgerundete Ecken und wird mit einem Spannbetttuch und einem Bezug f\u00fcr das Kissen geliefert.<\/p>\n<ul>\n<li>Geeignet f\u00fcr die Waschmaschine: Kaltw\u00e4sche, Feinwaschmittel.<\/li>\n<li>Handbuch <a href=\"https:\/\/b2b.earthlite.eu\/media\/wysiwyg\/UserManuals-UserGuides\/Fleece_Pad_Deluxe_1-400-0080_3-12-19.pdf\" target=\"_blank\" rel=\"noopener\">Fleece-Pad-Set<\/a><\/li>\n<\/ul>","protected":false},"featured_media":5108,"comment_status":"open","ping_status":"closed","template":"","meta":[],"product_brand":[343],"product_cat":[109,480,104],"product_tag":[240,85,239],"class_list":{"0":"post-2967","1":"product","2":"type-product","3":"status-publish","4":"has-post-thumbnail","6":"product_brand-earthlite","7":"product_cat-katoenen-covers-tafellinnen","8":"product_cat-tafellinnen-covers","9":"product_cat-tafelwarmers","10":"product_tag-comfortabel","11":"product_tag-earthlite","12":"product_tag-fleece","13":"product_shipping_class-normaal-pakket","14":"pa_kleur-wit","15":"pa_merk-earthlite","17":"first","18":"onbackorder","19":"taxable","20":"shipping-taxable","21":"purchasable","22":"product-type-simple"},"yoast_head":"<!-- This site is optimized with the Yoast SEO Premium plugin v27.6 (Yoast SEO v27.6) - https:\/\/yoast.com\/product\/yoast-seo-premium-wordpress\/ -->\n<title>Earthlite Deluxe Fleece Pad Set - TouchPro Europe Shop<\/title>\n<meta name=\"description\" content=\"Earthlite Deluxe Fleece Pad Set biedt uw cli\u00ebnten een unieke ervaring van luxe en comfort. Verwen uw cli\u00ebnten \ud83e\udd17 bestel nu bij TouchPro Europe Shop\" \/>\n<meta name=\"robots\" content=\"index, follow, max-snippet:-1, max-image-preview:large, max-video-preview:-1\" \/>\n<link rel=\"canonical\" href=\"https:\/\/touchproeurope.eu\/de\/product\/earthlite-deluxe-vlies-kissen-set\/\" \/>\n<meta property=\"og:locale\" content=\"de_DE\" \/>\n<meta property=\"og:type\" content=\"article\" \/>\n<meta property=\"og:title\" content=\"Earthlite Deluxe Fleece Pad Set\" \/>\n<meta property=\"og:description\" content=\"Earthlite Deluxe Fleece Pad Set biedt uw cli\u00ebnten een unieke ervaring van luxe en comfort. Verwen uw cli\u00ebnten \ud83e\udd17 bestel nu bij TouchPro Europe Shop\" \/>\n<meta property=\"og:url\" content=\"https:\/\/touchproeurope.eu\/de\/product\/earthlite-deluxe-vlies-kissen-set\/\" \/>\n<meta property=\"og:site_name\" content=\"TouchPro Europe Shop\" \/>\n<meta property=\"article:publisher\" content=\"https:\/\/www.facebook.com\/TouchproNederland\/?locale=nl_NL%2f\" \/>\n<meta property=\"article:modified_time\" content=\"2026-05-12T09:23:53+00:00\" \/>\n<meta property=\"og:image\" content=\"https:\/\/touchproeurope.eu\/wp-content\/uploads\/2023\/11\/Producten-fotos-9-min.jpg\" \/>\n\t<meta property=\"og:image:width\" content=\"800\" \/>\n\t<meta property=\"og:image:height\" content=\"800\" \/>\n\t<meta property=\"og:image:type\" content=\"image\/jpeg\" \/>\n<meta name=\"twitter:card\" content=\"summary_large_image\" \/>\n<meta name=\"twitter:label1\" content=\"Preis\" \/>\n\t<meta name=\"twitter:data1\" content=\"&euro;&nbsp;67,50 incl. BTW\" \/>\n\t<meta name=\"twitter:label2\" content=\"Verf\u00fcgbarkeit\" \/>\n\t<meta name=\"twitter:data2\" content=\"bei Nachbestellung\" \/>\n<script type=\"application\/ld+json\" class=\"yoast-schema-graph\">{\"@context\":\"https:\\\/\\\/schema.org\",\"@graph\":[{\"@type\":\"WebPage\",\"@id\":\"https:\\\/\\\/touchproeurope.eu\\\/product\\\/earthlite-deluxe-fleece-pad-set\\\/\",\"url\":\"https:\\\/\\\/touchproeurope.eu\\\/product\\\/earthlite-deluxe-fleece-pad-set\\\/\",\"name\":\"Earthlite Deluxe Fleece Pad Set - TouchPro Europe Shop\",\"isPartOf\":{\"@id\":\"https:\\\/\\\/touchproeurope.eu\\\/#website\"},\"primaryImageOfPage\":{\"@id\":\"https:\\\/\\\/touchproeurope.eu\\\/product\\\/earthlite-deluxe-fleece-pad-set\\\/#primaryimage\"},\"image\":{\"@id\":\"https:\\\/\\\/touchproeurope.eu\\\/product\\\/earthlite-deluxe-fleece-pad-set\\\/#primaryimage\"},\"thumbnailUrl\":\"https:\\\/\\\/i0.wp.com\\\/touchproeurope.eu\\\/wp-content\\\/uploads\\\/2023\\\/11\\\/Producten-fotos-9-min.jpg?fit=800%2C800&ssl=1\",\"datePublished\":\"2023-11-09T16:00:05+00:00\",\"dateModified\":\"2026-05-12T09:23:53+00:00\",\"description\":\"Earthlite Deluxe Fleece Pad Set biedt uw cli\u00ebnten een unieke ervaring van luxe en comfort. Verwen uw cli\u00ebnten \ud83e\udd17 bestel nu bij TouchPro Europe Shop\",\"breadcrumb\":{\"@id\":\"https:\\\/\\\/touchproeurope.eu\\\/product\\\/earthlite-deluxe-fleece-pad-set\\\/#breadcrumb\"},\"inLanguage\":\"de\",\"potentialAction\":[{\"@type\":\"ReadAction\",\"target\":[\"https:\\\/\\\/touchproeurope.eu\\\/product\\\/earthlite-deluxe-fleece-pad-set\\\/\"]}]},{\"@type\":\"ImageObject\",\"inLanguage\":\"de\",\"@id\":\"https:\\\/\\\/touchproeurope.eu\\\/product\\\/earthlite-deluxe-fleece-pad-set\\\/#primaryimage\",\"url\":\"https:\\\/\\\/i0.wp.com\\\/touchproeurope.eu\\\/wp-content\\\/uploads\\\/2023\\\/11\\\/Producten-fotos-9-min.jpg?fit=800%2C800&ssl=1\",\"contentUrl\":\"https:\\\/\\\/i0.wp.com\\\/touchproeurope.eu\\\/wp-content\\\/uploads\\\/2023\\\/11\\\/Producten-fotos-9-min.jpg?fit=800%2C800&ssl=1\",\"width\":800,\"height\":800,\"caption\":\"Earthlite Deluxe Fleece Pad Set\"},{\"@type\":\"BreadcrumbList\",\"@id\":\"https:\\\/\\\/touchproeurope.eu\\\/product\\\/earthlite-deluxe-fleece-pad-set\\\/#breadcrumb\",\"itemListElement\":[{\"@type\":\"ListItem\",\"position\":1,\"name\":\"Home\",\"item\":\"https:\\\/\\\/touchproeurope.eu\\\/\"},{\"@type\":\"ListItem\",\"position\":2,\"name\":\"Winkel\",\"item\":\"https:\\\/\\\/touchproeurope.eu\\\/winkel\\\/\"},{\"@type\":\"ListItem\",\"position\":3,\"name\":\"Earthlite Deluxe Fleece Pad Set\"}]},{\"@type\":\"WebSite\",\"@id\":\"https:\\\/\\\/touchproeurope.eu\\\/#website\",\"url\":\"https:\\\/\\\/touchproeurope.eu\\\/\",\"name\":\"TouchPro Europe Shop\",\"description\":\"Alles voor jouw praktijk met een PROfessionele Touch!\",\"publisher\":{\"@id\":\"https:\\\/\\\/touchproeurope.eu\\\/#organization\"},\"alternateName\":\"TPE\",\"potentialAction\":[{\"@type\":\"SearchAction\",\"target\":{\"@type\":\"EntryPoint\",\"urlTemplate\":\"https:\\\/\\\/touchproeurope.eu\\\/?s={search_term_string}\"},\"query-input\":{\"@type\":\"PropertyValueSpecification\",\"valueRequired\":true,\"valueName\":\"search_term_string\"}}],\"inLanguage\":\"de\"},{\"@type\":\"Organization\",\"@id\":\"https:\\\/\\\/touchproeurope.eu\\\/#organization\",\"name\":\"TouchPro Europe BV\",\"alternateName\":\"TPE\",\"url\":\"https:\\\/\\\/touchproeurope.eu\\\/\",\"logo\":{\"@type\":\"ImageObject\",\"inLanguage\":\"de\",\"@id\":\"https:\\\/\\\/touchproeurope.eu\\\/#\\\/schema\\\/logo\\\/image\\\/\",\"url\":\"https:\\\/\\\/i0.wp.com\\\/touchproeurope.eu\\\/wp-content\\\/uploads\\\/2023\\\/10\\\/2b592c_b6944d80811246d987cc2c29accedf3f.png?fit=1417%2C531&ssl=1\",\"contentUrl\":\"https:\\\/\\\/i0.wp.com\\\/touchproeurope.eu\\\/wp-content\\\/uploads\\\/2023\\\/10\\\/2b592c_b6944d80811246d987cc2c29accedf3f.png?fit=1417%2C531&ssl=1\",\"width\":1417,\"height\":531,\"caption\":\"TouchPro Europe BV\"},\"image\":{\"@id\":\"https:\\\/\\\/touchproeurope.eu\\\/#\\\/schema\\\/logo\\\/image\\\/\"},\"sameAs\":[\"https:\\\/\\\/www.facebook.com\\\/TouchproNederland\\\/?locale=nl_NL\\\/\",\"https:\\\/\\\/www.instagram.com\\\/touchpro2016\\\/\",\"https:\\\/\\\/www.linkedin.com\\\/company\\\/touchpro-europe-bv\\\/\"],\"description\":\"TouchPro Europe Shop is de massage winkel van Europa. Wij verkopen topkwaliteit massageproducten aan masseurs, pedicures, fysiotherapeuten, manicuren, Wellness centra, opleidingen, etc. TouchPro begon als een kleine webshop in Nederland, maar is nu uitgegroeid tot een webshop met klanten uit heel Europa. Wij bieden een breed assortiment aan massageproducten, waaronder massagetafels, oli\u00ebn, cr\u00e8mes, en accessoires van topmerken, zoals Earthlite, Stronglite en InnerStrenght, Habys, Living Earth Crafts en Continuum en andere leveranciers van massage accessoires. Bestel hier de beste massagematerialen van Europa!\",\"email\":\"info@touchpro-europe.com\",\"telephone\":\"0858768829\",\"legalName\":\"TouchPro Europe BV\",\"foundingDate\":\"2018-01-11\",\"vatID\":\"NL855430151B01\",\"numberOfEmployees\":{\"@type\":\"QuantitativeValue\",\"minValue\":\"1\",\"maxValue\":\"10\"},\"hasMerchantReturnPolicy\":{\"@type\":\"MerchantReturnPolicy\",\"merchantReturnLink\":\"https:\\\/\\\/touchproeurope.eu\\\/de\\\/retourbeleid\\\/\"}}]}<\/script>\n<meta property=\"product:brand\" content=\"Earthlite\" \/>\n<meta property=\"product:price:amount\" content=\"67.50\" \/>\n<meta property=\"product:price:currency\" content=\"EUR\" \/>\n<meta property=\"og:availability\" content=\"backorder\" \/>\n<meta property=\"product:availability\" content=\"available for order\" \/>\n<meta property=\"product:retailer_item_id\" content=\"30600\" \/>\n<meta property=\"product:condition\" content=\"new\" \/>\n<!-- \/ Yoast SEO Premium plugin. -->","yoast_head_json":{"title":"Earthlite Deluxe Vlies-Pad-Set - TouchPro Europe Shop","description":"Das Earthlite Deluxe Fleece Pad Set bietet Ihren Kunden eine einzigartige Erfahrung von Luxus und Komfort. Verw\u00f6hnen Sie Ihre Kunden \ud83e\udd17 jetzt im TouchPro Europe Shop bestellen","robots":{"index":"index","follow":"follow","max-snippet":"max-snippet:-1","max-image-preview":"max-image-preview:large","max-video-preview":"max-video-preview:-1"},"canonical":"https:\/\/touchproeurope.eu\/de\/product\/earthlite-deluxe-vlies-kissen-set\/","og_locale":"de_DE","og_type":"article","og_title":"Earthlite Deluxe Fleece Pad Set","og_description":"Earthlite Deluxe Fleece Pad Set biedt uw cli\u00ebnten een unieke ervaring van luxe en comfort. Verwen uw cli\u00ebnten \ud83e\udd17 bestel nu bij TouchPro Europe Shop","og_url":"https:\/\/touchproeurope.eu\/de\/product\/earthlite-deluxe-vlies-kissen-set\/","og_site_name":"TouchPro Europe Shop","article_publisher":"https:\/\/www.facebook.com\/TouchproNederland\/?locale=nl_NL%2f","article_modified_time":"2026-05-12T09:23:53+00:00","og_image":[{"width":800,"height":800,"url":"https:\/\/touchproeurope.eu\/wp-content\/uploads\/2023\/11\/Producten-fotos-9-min.jpg","type":"image\/jpeg"}],"twitter_card":"summary_large_image","twitter_misc":{"Preis":"&euro;&nbsp;67,50 incl. BTW","Verf\u00fcgbarkeit":"bei Nachbestellung"},"schema":{"@context":"https:\/\/schema.org","@graph":[{"@type":"WebPage","@id":"https:\/\/touchproeurope.eu\/product\/earthlite-deluxe-fleece-pad-set\/","url":"https:\/\/touchproeurope.eu\/product\/earthlite-deluxe-fleece-pad-set\/","name":"Earthlite Deluxe Vlies-Pad-Set - TouchPro Europe Shop","isPartOf":{"@id":"https:\/\/touchproeurope.eu\/#website"},"primaryImageOfPage":{"@id":"https:\/\/touchproeurope.eu\/product\/earthlite-deluxe-fleece-pad-set\/#primaryimage"},"image":{"@id":"https:\/\/touchproeurope.eu\/product\/earthlite-deluxe-fleece-pad-set\/#primaryimage"},"thumbnailUrl":"https:\/\/i0.wp.com\/touchproeurope.eu\/wp-content\/uploads\/2023\/11\/Producten-fotos-9-min.jpg?fit=800%2C800&ssl=1","datePublished":"2023-11-09T16:00:05+00:00","dateModified":"2026-05-12T09:23:53+00:00","description":"Das Earthlite Deluxe Fleece Pad Set bietet Ihren Kunden eine einzigartige Erfahrung von Luxus und Komfort. Verw\u00f6hnen Sie Ihre Kunden \ud83e\udd17 jetzt im TouchPro Europe Shop bestellen","breadcrumb":{"@id":"https:\/\/touchproeurope.eu\/product\/earthlite-deluxe-fleece-pad-set\/#breadcrumb"},"inLanguage":"de","potentialAction":[{"@type":"ReadAction","target":["https:\/\/touchproeurope.eu\/product\/earthlite-deluxe-fleece-pad-set\/"]}]},{"@type":"ImageObject","inLanguage":"de","@id":"https:\/\/touchproeurope.eu\/product\/earthlite-deluxe-fleece-pad-set\/#primaryimage","url":"https:\/\/i0.wp.com\/touchproeurope.eu\/wp-content\/uploads\/2023\/11\/Producten-fotos-9-min.jpg?fit=800%2C800&ssl=1","contentUrl":"https:\/\/i0.wp.com\/touchproeurope.eu\/wp-content\/uploads\/2023\/11\/Producten-fotos-9-min.jpg?fit=800%2C800&ssl=1","width":800,"height":800,"caption":"Earthlite Deluxe Fleece Pad Set"},{"@type":"BreadcrumbList","@id":"https:\/\/touchproeurope.eu\/product\/earthlite-deluxe-fleece-pad-set\/#breadcrumb","itemListElement":[{"@type":"ListItem","position":1,"name":"Home","item":"https:\/\/touchproeurope.eu\/"},{"@type":"ListItem","position":2,"name":"Winkel","item":"https:\/\/touchproeurope.eu\/winkel\/"},{"@type":"ListItem","position":3,"name":"Earthlite Deluxe Fleece Pad Set"}]},{"@type":"WebSite","@id":"https:\/\/touchproeurope.eu\/#website","url":"https:\/\/touchproeurope.eu\/","name":"TouchPro Europe Shop","description":"Alles f\u00fcr Ihre Praxis mit einem PROfessional Touch!","publisher":{"@id":"https:\/\/touchproeurope.eu\/#organization"},"alternateName":"TPE","potentialAction":[{"@type":"SearchAction","target":{"@type":"EntryPoint","urlTemplate":"https:\/\/touchproeurope.eu\/?s={search_term_string}"},"query-input":{"@type":"PropertyValueSpecification","valueRequired":true,"valueName":"search_term_string"}}],"inLanguage":"de"},{"@type":"Organization","@id":"https:\/\/touchproeurope.eu\/#organization","name":"TouchPro Europa BV","alternateName":"TPE","url":"https:\/\/touchproeurope.eu\/","logo":{"@type":"ImageObject","inLanguage":"de","@id":"https:\/\/touchproeurope.eu\/#\/schema\/logo\/image\/","url":"https:\/\/i0.wp.com\/touchproeurope.eu\/wp-content\/uploads\/2023\/10\/2b592c_b6944d80811246d987cc2c29accedf3f.png?fit=1417%2C531&ssl=1","contentUrl":"https:\/\/i0.wp.com\/touchproeurope.eu\/wp-content\/uploads\/2023\/10\/2b592c_b6944d80811246d987cc2c29accedf3f.png?fit=1417%2C531&ssl=1","width":1417,"height":531,"caption":"TouchPro Europe BV"},"image":{"@id":"https:\/\/touchproeurope.eu\/#\/schema\/logo\/image\/"},"sameAs":["https:\/\/www.facebook.com\/TouchproNederland\/?locale=nl_NL\/","https:\/\/www.instagram.com\/touchpro2016\/","https:\/\/www.linkedin.com\/company\/touchpro-europe-bv\/"],"description":"TouchPro Europe Shop ist das Massagegesch\u00e4ft in Europa. Wir verkaufen hochwertige Massageprodukte an Masseure, Fu\u00dfpfleger, Physiotherapeuten, Manik\u00fcre, Wellness-Zentren, Ausbildungskurse, usw. TouchPro begann als kleines Gesch\u00e4ft in den Niederlanden, hat sich aber inzwischen zu einem Gesch\u00e4ft mit Kunden aus ganz Europa entwickelt. Wir bieten eine gro\u00dfe Auswahl an Massageprodukten, darunter Massageliegen, \u00d6le, Cremes und Zubeh\u00f6r von Top-Marken wie Earthlite, Stronglite und InnerStrenght, Habys, Living Earth Crafts und Continuum sowie anderen Lieferanten von Massagezubeh\u00f6r. Bestellen Sie hier die besten Massageprodukte Europas!","email":"info@touchpro-europe.com","telephone":"0858768829","legalName":"TouchPro Europe BV","foundingDate":"2018-01-11","vatID":"NL855430151B01","numberOfEmployees":{"@type":"QuantitativeValue","minValue":"1","maxValue":"10"},"hasMerchantReturnPolicy":{"@type":"MerchantReturnPolicy","merchantReturnLink":"https:\/\/touchproeurope.eu\/de\/retourbeleid\/"}}]},"product_brand":"Earthlite","product_price_amount":"67.50","product_price_currency":"EUR","og_availability":"backorder","product_availability":"available for order","product_retailer_item_id":"30600","product_condition":"new"},"_links":{"self":[{"href":"https:\/\/touchproeurope.eu\/de\/wp-json\/wp\/v2\/product\/2967","targetHints":{"allow":["GET"]}}],"collection":[{"href":"https:\/\/touchproeurope.eu\/de\/wp-json\/wp\/v2\/product"}],"about":[{"href":"https:\/\/touchproeurope.eu\/de\/wp-json\/wp\/v2\/types\/product"}],"replies":[{"embeddable":true,"href":"https:\/\/touchproeurope.eu\/de\/wp-json\/wp\/v2\/comments?post=2967"}],"version-history":[{"count":2,"href":"https:\/\/touchproeurope.eu\/de\/wp-json\/wp\/v2\/product\/2967\/revisions"}],"predecessor-version":[{"id":5110,"href":"https:\/\/touchproeurope.eu\/de\/wp-json\/wp\/v2\/product\/2967\/revisions\/5110"}],"wp:featuredmedia":[{"embeddable":true,"href":"https:\/\/touchproeurope.eu\/de\/wp-json\/wp\/v2\/media\/5108"}],"wp:attachment":[{"href":"https:\/\/touchproeurope.eu\/de\/wp-json\/wp\/v2\/media?parent=2967"}],"wp:term":[{"taxonomy":"product_brand","embeddable":true,"href":"https:\/\/touchproeurope.eu\/de\/wp-json\/wp\/v2\/product_brand?post=2967"},{"taxonomy":"product_cat","embeddable":true,"href":"https:\/\/touchproeurope.eu\/de\/wp-json\/wp\/v2\/product_cat?post=2967"},{"taxonomy":"product_tag","embeddable":true,"href":"https:\/\/touchproeurope.eu\/de\/wp-json\/wp\/v2\/product_tag?post=2967"}],"curies":[{"name":"wp","href":"https:\/\/api.w.org\/{rel}","templated":true}]}}