{"id":2975,"date":"2023-11-09T16:00:20","date_gmt":"2023-11-09T16:00:20","guid":{"rendered":"https:\/\/touchproeurope.eu\/?post_type=product&#038;p=2975"},"modified":"2026-05-13T21:03:24","modified_gmt":"2026-05-13T21:03:24","slug":"earthlite-dura-luxe-flanell-laken-set-pro","status":"publish","type":"product","link":"https:\/\/touchproeurope.eu\/de\/product\/earthlite-dura-luxe-flanel-sheet-set-pro\/","title":{"rendered":"Earthlite Dura-Luxe Flanell-Betttuch-Set PRO"},"content":{"rendered":"<p>Erleben Sie h\u00f6chsten Luxus und Komfort mit dem Earthlite Dura-Luxe Flanell-Laken-Set PRO. Speziell f\u00fcr Profis in der Massagebranche entwickelt. Dieses Set aus vorgeschrumpftem Baumwollflanell bietet unvergleichliche Weichheit und luxuri\u00f6sen Komfort. So wird jedes Massageerlebnis auf ein neues Niveau gehoben.<\/p>\n<p>Das Set umfasst ein Spannbetttuch, ein Oberlaken und einen Kopfkissenbezug, die alle aus extra dickem Flanell von h\u00f6chster Qualit\u00e4t gefertigt sind. Diese Materialien sorgen nicht nur f\u00fcr ein luxuri\u00f6ses Gef\u00fchl, sondern bieten auch Langlebigkeit, sodass Ihre Investition langfristig wertvoll bleibt.<\/p>\n<p>Erh\u00e4ltlich in den zeitlosen Farben Wei\u00df und Natur, verleiht dieses Bettw\u00e4scheset Ihrer Praxis nicht nur Komfort, sondern auch einen Hauch von Stil. Dar\u00fcber hinaus schafft es eine beruhigende Umgebung f\u00fcr Ihre Kunden und l\u00e4sst sie die ultimative Entspannung genie\u00dfen.<\/p>\n<p>Bestellen Sie jetzt das Earthlite Dura-Luxe Flanell-Laken-Set PR. Erleben Sie das Beste f\u00fcr Ihre Praxis und bieten Sie Ihren Kunden den Luxus, den sie verdienen.<\/p>","protected":false},"excerpt":{"rendered":"<p><strong>Flanell-Laken-Set f\u00fcr Massageliege (PROfessional)<\/strong><\/p>\n<p>Erleben Sie ultimativen Komfort und zeitlosen Stil mit dem Earthlite Dura-Luxe Flanell-Bettw\u00e4scheset PRO. Perfekt f\u00fcr professionelle Massagen.<\/p>\n<p>Sofern vorr\u00e4tig, betr\u00e4gt die Lieferzeit (nach Zahlungseingang) 1 bis 3 Werktage.<br \/>\nWenn nicht vorr\u00e4tig, betr\u00e4gt die Lieferzeit zwischen 3 und 5 Wochen.<\/p>\n<p><strong>\u00a0<\/strong><\/p>","protected":false},"featured_media":7273,"comment_status":"open","ping_status":"closed","template":"","meta":[],"product_brand":[343],"product_cat":[109,480],"product_tag":[194,85,196],"class_list":{"0":"post-2975","1":"product","2":"type-product","3":"status-publish","4":"has-post-thumbnail","6":"product_brand-earthlite","7":"product_cat-katoenen-covers-tafellinnen","8":"product_cat-tafellinnen-covers","9":"product_tag-dura-luxe","10":"product_tag-earthlite","11":"product_tag-flanel","12":"product_shipping_class-normaal-pakket","13":"pa_kleur-natural","14":"pa_kleur-wit","15":"pa_merk-earthlite","17":"first","18":"outofstock","19":"taxable","20":"shipping-taxable","21":"purchasable","22":"product-type-variable"},"yoast_head":"<!-- This site is optimized with the Yoast SEO Premium plugin v27.6 (Yoast SEO v27.6) - https:\/\/yoast.com\/product\/yoast-seo-premium-wordpress\/ -->\n<title>Earthlite Dura-Luxe Flanel sheet set PRO - TouchPro Europe Shop<\/title>\n<meta name=\"description\" content=\"Ervaar \ud83c\udf1funiek comfort\ud83c\udf1f met de Earthlite Dura-Luxe Flanel Sheet Set PRO. Ontworpen voor de beste massages. Bestel nu bij TouchPro Europe Shop\" \/>\n<meta name=\"robots\" content=\"index, follow, max-snippet:-1, max-image-preview:large, max-video-preview:-1\" \/>\n<link rel=\"canonical\" href=\"https:\/\/touchproeurope.eu\/de\/product\/earthlite-dura-luxe-flanell-laken-set-pro\/\" \/>\n<meta property=\"og:locale\" content=\"de_DE\" \/>\n<meta property=\"og:type\" content=\"article\" \/>\n<meta property=\"og:title\" content=\"Earthlite Dura-Luxe Flanel sheet set PRO\" \/>\n<meta property=\"og:description\" content=\"Ervaar \ud83c\udf1funiek comfort\ud83c\udf1f met de Earthlite Dura-Luxe Flanel Sheet Set PRO. Ontworpen voor de beste massages. Bestel nu bij TouchPro Europe Shop\" \/>\n<meta property=\"og:url\" content=\"https:\/\/touchproeurope.eu\/de\/product\/earthlite-dura-luxe-flanell-laken-set-pro\/\" \/>\n<meta property=\"og:site_name\" content=\"TouchPro Europe Shop\" \/>\n<meta property=\"article:publisher\" content=\"https:\/\/www.facebook.com\/TouchproNederland\/?locale=nl_NL%2f\" \/>\n<meta property=\"article:modified_time\" content=\"2026-05-13T21:03:24+00:00\" \/>\n<meta property=\"og:image\" content=\"https:\/\/touchproeurope.eu\/wp-content\/uploads\/2023\/11\/50170120736_1474fce8c3_c.jpg\" \/>\n\t<meta property=\"og:image:width\" content=\"800\" \/>\n\t<meta property=\"og:image:height\" content=\"800\" \/>\n\t<meta property=\"og:image:type\" content=\"image\/jpeg\" \/>\n<meta name=\"twitter:card\" content=\"summary_large_image\" \/>\n<meta name=\"twitter:label1\" content=\"Verf\u00fcgbarkeit\" \/>\n\t<meta name=\"twitter:data1\" content=\"ausverkauft\" \/>\n<script type=\"application\/ld+json\" class=\"yoast-schema-graph\">{\"@context\":\"https:\\\/\\\/schema.org\",\"@graph\":[{\"@type\":\"WebPage\",\"@id\":\"https:\\\/\\\/touchproeurope.eu\\\/product\\\/earthlite-dura-luxe-flanel-sheet-set-pro\\\/\",\"url\":\"https:\\\/\\\/touchproeurope.eu\\\/product\\\/earthlite-dura-luxe-flanel-sheet-set-pro\\\/\",\"name\":\"Earthlite Dura-Luxe Flanel sheet set PRO - TouchPro Europe Shop\",\"isPartOf\":{\"@id\":\"https:\\\/\\\/touchproeurope.eu\\\/#website\"},\"primaryImageOfPage\":{\"@id\":\"https:\\\/\\\/touchproeurope.eu\\\/product\\\/earthlite-dura-luxe-flanel-sheet-set-pro\\\/#primaryimage\"},\"image\":{\"@id\":\"https:\\\/\\\/touchproeurope.eu\\\/product\\\/earthlite-dura-luxe-flanel-sheet-set-pro\\\/#primaryimage\"},\"thumbnailUrl\":\"https:\\\/\\\/i0.wp.com\\\/touchproeurope.eu\\\/wp-content\\\/uploads\\\/2023\\\/11\\\/50170120736_1474fce8c3_c.jpg?fit=800%2C800&ssl=1\",\"datePublished\":\"2023-11-09T16:00:20+00:00\",\"dateModified\":\"2026-05-13T21:03:24+00:00\",\"description\":\"Ervaar \ud83c\udf1funiek comfort\ud83c\udf1f met de Earthlite Dura-Luxe Flanel Sheet Set PRO. Ontworpen voor de beste massages. Bestel nu bij TouchPro Europe Shop\",\"breadcrumb\":{\"@id\":\"https:\\\/\\\/touchproeurope.eu\\\/product\\\/earthlite-dura-luxe-flanel-sheet-set-pro\\\/#breadcrumb\"},\"inLanguage\":\"de\",\"potentialAction\":[{\"@type\":\"ReadAction\",\"target\":[\"https:\\\/\\\/touchproeurope.eu\\\/product\\\/earthlite-dura-luxe-flanel-sheet-set-pro\\\/\"]}]},{\"@type\":\"ImageObject\",\"inLanguage\":\"de\",\"@id\":\"https:\\\/\\\/touchproeurope.eu\\\/product\\\/earthlite-dura-luxe-flanel-sheet-set-pro\\\/#primaryimage\",\"url\":\"https:\\\/\\\/i0.wp.com\\\/touchproeurope.eu\\\/wp-content\\\/uploads\\\/2023\\\/11\\\/50170120736_1474fce8c3_c.jpg?fit=800%2C800&ssl=1\",\"contentUrl\":\"https:\\\/\\\/i0.wp.com\\\/touchproeurope.eu\\\/wp-content\\\/uploads\\\/2023\\\/11\\\/50170120736_1474fce8c3_c.jpg?fit=800%2C800&ssl=1\",\"width\":800,\"height\":800,\"caption\":\"Earthlite Dura-Luxe Flanel sheet set PRO natural\"},{\"@type\":\"BreadcrumbList\",\"@id\":\"https:\\\/\\\/touchproeurope.eu\\\/product\\\/earthlite-dura-luxe-flanel-sheet-set-pro\\\/#breadcrumb\",\"itemListElement\":[{\"@type\":\"ListItem\",\"position\":1,\"name\":\"Home\",\"item\":\"https:\\\/\\\/touchproeurope.eu\\\/\"},{\"@type\":\"ListItem\",\"position\":2,\"name\":\"Winkel\",\"item\":\"https:\\\/\\\/touchproeurope.eu\\\/winkel\\\/\"},{\"@type\":\"ListItem\",\"position\":3,\"name\":\"Earthlite Dura-Luxe Flanel sheet set PRO\"}]},{\"@type\":\"WebSite\",\"@id\":\"https:\\\/\\\/touchproeurope.eu\\\/#website\",\"url\":\"https:\\\/\\\/touchproeurope.eu\\\/\",\"name\":\"TouchPro Europe Shop\",\"description\":\"Alles voor jouw praktijk met een PROfessionele Touch!\",\"publisher\":{\"@id\":\"https:\\\/\\\/touchproeurope.eu\\\/#organization\"},\"alternateName\":\"TPE\",\"potentialAction\":[{\"@type\":\"SearchAction\",\"target\":{\"@type\":\"EntryPoint\",\"urlTemplate\":\"https:\\\/\\\/touchproeurope.eu\\\/?s={search_term_string}\"},\"query-input\":{\"@type\":\"PropertyValueSpecification\",\"valueRequired\":true,\"valueName\":\"search_term_string\"}}],\"inLanguage\":\"de\"},{\"@type\":\"Organization\",\"@id\":\"https:\\\/\\\/touchproeurope.eu\\\/#organization\",\"name\":\"TouchPro Europe BV\",\"alternateName\":\"TPE\",\"url\":\"https:\\\/\\\/touchproeurope.eu\\\/\",\"logo\":{\"@type\":\"ImageObject\",\"inLanguage\":\"de\",\"@id\":\"https:\\\/\\\/touchproeurope.eu\\\/#\\\/schema\\\/logo\\\/image\\\/\",\"url\":\"https:\\\/\\\/i0.wp.com\\\/touchproeurope.eu\\\/wp-content\\\/uploads\\\/2023\\\/10\\\/2b592c_b6944d80811246d987cc2c29accedf3f.png?fit=1417%2C531&ssl=1\",\"contentUrl\":\"https:\\\/\\\/i0.wp.com\\\/touchproeurope.eu\\\/wp-content\\\/uploads\\\/2023\\\/10\\\/2b592c_b6944d80811246d987cc2c29accedf3f.png?fit=1417%2C531&ssl=1\",\"width\":1417,\"height\":531,\"caption\":\"TouchPro Europe BV\"},\"image\":{\"@id\":\"https:\\\/\\\/touchproeurope.eu\\\/#\\\/schema\\\/logo\\\/image\\\/\"},\"sameAs\":[\"https:\\\/\\\/www.facebook.com\\\/TouchproNederland\\\/?locale=nl_NL\\\/\",\"https:\\\/\\\/www.instagram.com\\\/touchpro2016\\\/\",\"https:\\\/\\\/www.linkedin.com\\\/company\\\/touchpro-europe-bv\\\/\"],\"description\":\"TouchPro Europe Shop is de massage winkel van Europa. Wij verkopen topkwaliteit massageproducten aan masseurs, pedicures, fysiotherapeuten, manicuren, Wellness centra, opleidingen, etc. TouchPro begon als een kleine webshop in Nederland, maar is nu uitgegroeid tot een webshop met klanten uit heel Europa. Wij bieden een breed assortiment aan massageproducten, waaronder massagetafels, oli\u00ebn, cr\u00e8mes, en accessoires van topmerken, zoals Earthlite, Stronglite en InnerStrenght, Habys, Living Earth Crafts en Continuum en andere leveranciers van massage accessoires. Bestel hier de beste massagematerialen van Europa!\",\"email\":\"info@touchpro-europe.com\",\"telephone\":\"0858768829\",\"legalName\":\"TouchPro Europe BV\",\"foundingDate\":\"2018-01-11\",\"vatID\":\"NL855430151B01\",\"numberOfEmployees\":{\"@type\":\"QuantitativeValue\",\"minValue\":\"1\",\"maxValue\":\"10\"},\"hasMerchantReturnPolicy\":{\"@type\":\"MerchantReturnPolicy\",\"merchantReturnLink\":\"https:\\\/\\\/touchproeurope.eu\\\/de\\\/retourbeleid\\\/\"}}]}<\/script>\n<meta property=\"product:brand\" content=\"Earthlite\" \/>\n<meta property=\"og:availability\" content=\"out of stock\" \/>\n<meta property=\"product:availability\" content=\"out of stock\" \/>\n<meta property=\"product:retailer_item_id\" content=\"31850\" \/>\n<meta property=\"product:condition\" content=\"new\" \/>\n<!-- \/ Yoast SEO Premium plugin. -->","yoast_head_json":{"title":"Earthlite Dura-Luxe Flanell-Laken-Set PRO \u2013 TouchPro Europe Shop","description":"Erleben Sie \ud83c\udf1feinzigartigen Komfort\ud83c\udf1f mit dem Earthlite Dura-Luxe Flanell-Laken-Set PRO. Entwickelt f\u00fcr die besten Massagen. Bestellen Sie jetzt im TouchPro Europe Shop.","robots":{"index":"index","follow":"follow","max-snippet":"max-snippet:-1","max-image-preview":"max-image-preview:large","max-video-preview":"max-video-preview:-1"},"canonical":"https:\/\/touchproeurope.eu\/de\/product\/earthlite-dura-luxe-flanell-laken-set-pro\/","og_locale":"de_DE","og_type":"article","og_title":"Earthlite Dura-Luxe Flanel sheet set PRO","og_description":"Ervaar \ud83c\udf1funiek comfort\ud83c\udf1f met de Earthlite Dura-Luxe Flanel Sheet Set PRO. Ontworpen voor de beste massages. Bestel nu bij TouchPro Europe Shop","og_url":"https:\/\/touchproeurope.eu\/de\/product\/earthlite-dura-luxe-flanell-laken-set-pro\/","og_site_name":"TouchPro Europe Shop","article_publisher":"https:\/\/www.facebook.com\/TouchproNederland\/?locale=nl_NL%2f","article_modified_time":"2026-05-13T21:03:24+00:00","og_image":[{"width":800,"height":800,"url":"https:\/\/touchproeurope.eu\/wp-content\/uploads\/2023\/11\/50170120736_1474fce8c3_c.jpg","type":"image\/jpeg"}],"twitter_card":"summary_large_image","twitter_misc":{"Verf\u00fcgbarkeit":"ausverkauft"},"schema":{"@context":"https:\/\/schema.org","@graph":[{"@type":"WebPage","@id":"https:\/\/touchproeurope.eu\/product\/earthlite-dura-luxe-flanel-sheet-set-pro\/","url":"https:\/\/touchproeurope.eu\/product\/earthlite-dura-luxe-flanel-sheet-set-pro\/","name":"Earthlite Dura-Luxe Flanell-Laken-Set PRO \u2013 TouchPro Europe Shop","isPartOf":{"@id":"https:\/\/touchproeurope.eu\/#website"},"primaryImageOfPage":{"@id":"https:\/\/touchproeurope.eu\/product\/earthlite-dura-luxe-flanel-sheet-set-pro\/#primaryimage"},"image":{"@id":"https:\/\/touchproeurope.eu\/product\/earthlite-dura-luxe-flanel-sheet-set-pro\/#primaryimage"},"thumbnailUrl":"https:\/\/i0.wp.com\/touchproeurope.eu\/wp-content\/uploads\/2023\/11\/50170120736_1474fce8c3_c.jpg?fit=800%2C800&ssl=1","datePublished":"2023-11-09T16:00:20+00:00","dateModified":"2026-05-13T21:03:24+00:00","description":"Erleben Sie \ud83c\udf1feinzigartigen Komfort\ud83c\udf1f mit dem Earthlite Dura-Luxe Flanell-Laken-Set PRO. Entwickelt f\u00fcr die besten Massagen. Bestellen Sie jetzt im TouchPro Europe Shop.","breadcrumb":{"@id":"https:\/\/touchproeurope.eu\/product\/earthlite-dura-luxe-flanel-sheet-set-pro\/#breadcrumb"},"inLanguage":"de","potentialAction":[{"@type":"ReadAction","target":["https:\/\/touchproeurope.eu\/product\/earthlite-dura-luxe-flanel-sheet-set-pro\/"]}]},{"@type":"ImageObject","inLanguage":"de","@id":"https:\/\/touchproeurope.eu\/product\/earthlite-dura-luxe-flanel-sheet-set-pro\/#primaryimage","url":"https:\/\/i0.wp.com\/touchproeurope.eu\/wp-content\/uploads\/2023\/11\/50170120736_1474fce8c3_c.jpg?fit=800%2C800&ssl=1","contentUrl":"https:\/\/i0.wp.com\/touchproeurope.eu\/wp-content\/uploads\/2023\/11\/50170120736_1474fce8c3_c.jpg?fit=800%2C800&ssl=1","width":800,"height":800,"caption":"Earthlite Dura-Luxe Flanel sheet set PRO natural"},{"@type":"BreadcrumbList","@id":"https:\/\/touchproeurope.eu\/product\/earthlite-dura-luxe-flanel-sheet-set-pro\/#breadcrumb","itemListElement":[{"@type":"ListItem","position":1,"name":"Home","item":"https:\/\/touchproeurope.eu\/"},{"@type":"ListItem","position":2,"name":"Winkel","item":"https:\/\/touchproeurope.eu\/winkel\/"},{"@type":"ListItem","position":3,"name":"Earthlite Dura-Luxe Flanel sheet set PRO"}]},{"@type":"WebSite","@id":"https:\/\/touchproeurope.eu\/#website","url":"https:\/\/touchproeurope.eu\/","name":"TouchPro Europe Shop","description":"Alles f\u00fcr Ihre Praxis mit einem PROfessional Touch!","publisher":{"@id":"https:\/\/touchproeurope.eu\/#organization"},"alternateName":"TPE","potentialAction":[{"@type":"SearchAction","target":{"@type":"EntryPoint","urlTemplate":"https:\/\/touchproeurope.eu\/?s={search_term_string}"},"query-input":{"@type":"PropertyValueSpecification","valueRequired":true,"valueName":"search_term_string"}}],"inLanguage":"de"},{"@type":"Organization","@id":"https:\/\/touchproeurope.eu\/#organization","name":"TouchPro Europa BV","alternateName":"TPE","url":"https:\/\/touchproeurope.eu\/","logo":{"@type":"ImageObject","inLanguage":"de","@id":"https:\/\/touchproeurope.eu\/#\/schema\/logo\/image\/","url":"https:\/\/i0.wp.com\/touchproeurope.eu\/wp-content\/uploads\/2023\/10\/2b592c_b6944d80811246d987cc2c29accedf3f.png?fit=1417%2C531&ssl=1","contentUrl":"https:\/\/i0.wp.com\/touchproeurope.eu\/wp-content\/uploads\/2023\/10\/2b592c_b6944d80811246d987cc2c29accedf3f.png?fit=1417%2C531&ssl=1","width":1417,"height":531,"caption":"TouchPro Europe BV"},"image":{"@id":"https:\/\/touchproeurope.eu\/#\/schema\/logo\/image\/"},"sameAs":["https:\/\/www.facebook.com\/TouchproNederland\/?locale=nl_NL\/","https:\/\/www.instagram.com\/touchpro2016\/","https:\/\/www.linkedin.com\/company\/touchpro-europe-bv\/"],"description":"TouchPro Europe Shop ist das Massagegesch\u00e4ft in Europa. Wir verkaufen hochwertige Massageprodukte an Masseure, Fu\u00dfpfleger, Physiotherapeuten, Manik\u00fcre, Wellness-Zentren, Ausbildungskurse, usw. TouchPro begann als kleines Gesch\u00e4ft in den Niederlanden, hat sich aber inzwischen zu einem Gesch\u00e4ft mit Kunden aus ganz Europa entwickelt. Wir bieten eine gro\u00dfe Auswahl an Massageprodukten, darunter Massageliegen, \u00d6le, Cremes und Zubeh\u00f6r von Top-Marken wie Earthlite, Stronglite und InnerStrenght, Habys, Living Earth Crafts und Continuum sowie anderen Lieferanten von Massagezubeh\u00f6r. Bestellen Sie hier die besten Massageprodukte Europas!","email":"info@touchpro-europe.com","telephone":"0858768829","legalName":"TouchPro Europe BV","foundingDate":"2018-01-11","vatID":"NL855430151B01","numberOfEmployees":{"@type":"QuantitativeValue","minValue":"1","maxValue":"10"},"hasMerchantReturnPolicy":{"@type":"MerchantReturnPolicy","merchantReturnLink":"https:\/\/touchproeurope.eu\/de\/retourbeleid\/"}}]},"product_brand":"Earthlite","og_availability":"out of stock","product_availability":"out of stock","product_retailer_item_id":"31850","product_condition":"new"},"_links":{"self":[{"href":"https:\/\/touchproeurope.eu\/de\/wp-json\/wp\/v2\/product\/2975","targetHints":{"allow":["GET"]}}],"collection":[{"href":"https:\/\/touchproeurope.eu\/de\/wp-json\/wp\/v2\/product"}],"about":[{"href":"https:\/\/touchproeurope.eu\/de\/wp-json\/wp\/v2\/types\/product"}],"replies":[{"embeddable":true,"href":"https:\/\/touchproeurope.eu\/de\/wp-json\/wp\/v2\/comments?post=2975"}],"version-history":[{"count":4,"href":"https:\/\/touchproeurope.eu\/de\/wp-json\/wp\/v2\/product\/2975\/revisions"}],"predecessor-version":[{"id":16279,"href":"https:\/\/touchproeurope.eu\/de\/wp-json\/wp\/v2\/product\/2975\/revisions\/16279"}],"wp:featuredmedia":[{"embeddable":true,"href":"https:\/\/touchproeurope.eu\/de\/wp-json\/wp\/v2\/media\/7273"}],"wp:attachment":[{"href":"https:\/\/touchproeurope.eu\/de\/wp-json\/wp\/v2\/media?parent=2975"}],"wp:term":[{"taxonomy":"product_brand","embeddable":true,"href":"https:\/\/touchproeurope.eu\/de\/wp-json\/wp\/v2\/product_brand?post=2975"},{"taxonomy":"product_cat","embeddable":true,"href":"https:\/\/touchproeurope.eu\/de\/wp-json\/wp\/v2\/product_cat?post=2975"},{"taxonomy":"product_tag","embeddable":true,"href":"https:\/\/touchproeurope.eu\/de\/wp-json\/wp\/v2\/product_tag?post=2975"}],"curies":[{"name":"wp","href":"https:\/\/api.w.org\/{rel}","templated":true}]}}