{"id":3029,"date":"2023-11-09T16:02:03","date_gmt":"2023-11-09T16:02:03","guid":{"rendered":"https:\/\/touchproeurope.eu\/?post_type=product&#038;p=3029"},"modified":"2026-04-16T16:02:45","modified_gmt":"2026-04-16T16:02:45","slug":"bodyworkers-choice-tischwarmer","status":"publish","type":"product","link":"https:\/\/touchproeurope.eu\/de\/product\/bodyworkers-choice-tafelverwarmer\/","title":{"rendered":"Bodyworker's Choice Tischw\u00e4rmer EURO-Stecker &amp; UK-Stecker"},"content":{"rendered":"<p>Verleihen Sie Ihrer Massagepraxis mit dem Bodyworker's Choice Table Heater von Earthlite eine zus\u00e4tzliche Schicht von Luxus und Komfort. Dieser Tischw\u00e4rmer ist der ideale Begleiter f\u00fcr jeden professionellen Masseur, mit durchdachten Funktionen, die den Unterschied ausmachen.<\/p>\n<p>Mit einer Gr\u00f6\u00dfe von 180 x 76 cm passt dieser Tischw\u00e4rmer perfekt auf Ihre Massageliege und schafft ein warmes und einladendes Erlebnis f\u00fcr Ihre Kunden. Dank seiner 220-Volt- und 70-Watt-Leistung genie\u00dfen Sie bei jeder Behandlung gleichm\u00e4\u00dfige und starke W\u00e4rme.<\/p>\n<p>W\u00e4hlen Sie zwischen zwei Heizstufen und stellen Sie die Temperatur nach Ihren W\u00fcnschen ein. Der Tischw\u00e4rmer verf\u00fcgt au\u00dferdem \u00fcber einen \u00dcberhitzungsschutz, sodass Sie sich voll und ganz auf die Behandlung konzentrieren k\u00f6nnen, ohne sich um die Sicherheit sorgen zu m\u00fcssen.<\/p>\n<p>Die rutschfesten Gummib\u00e4nder an den Ecken sorgen f\u00fcr eine sichere Befestigung am Tisch, so dass der Tischw\u00e4rmer auch bei dynamischen Behandlungen an seinem Platz bleibt.<\/p>\n<p>Bestellen Sie noch heute den Earthlite Bodyworker's Choice Table Heater und entdecken Sie den Unterschied, den eine warme und angenehme Behandlung f\u00fcr Sie und Ihre Kunden ausmachen kann.<\/p>","protected":false},"excerpt":{"rendered":"<p><strong>Tabelle von Earthlite<\/strong><strong>w\u00e4rmer - Bodyworker's Choice<\/strong><\/p>\n<p>Idealer Tischw\u00e4rmer f\u00fcr Ihren Massagetisch, mit:<\/p>\n<ul>\n<li>Abmessungen: 180 x 76 cm<\/li>\n<li>220 Volt - 70 Watt<\/li>\n<li>2 Heizstufen und \u00dcberhitzungsschutz<\/li>\n<li>rutschfeste Gummib\u00e4nder an den Ecken zur Befestigung am Tisch<\/li>\n<\/ul>","protected":false},"featured_media":5102,"comment_status":"open","ping_status":"closed","template":"","meta":[],"product_brand":[],"product_cat":[99,104],"product_tag":[85,238],"class_list":{"0":"post-3029","1":"product","2":"type-product","3":"status-publish","4":"has-post-thumbnail","6":"product_cat-accessoires","7":"product_cat-tafelwarmers","8":"product_tag-earthlite","9":"product_tag-tafelverwarmer","10":"product_shipping_class-klein-pakket","12":"first","13":"instock","14":"taxable","15":"shipping-taxable","16":"purchasable","17":"product-type-variable"},"yoast_head":"<!-- This site is optimized with the Yoast SEO Premium plugin v27.4 (Yoast SEO v27.4) - https:\/\/yoast.com\/product\/yoast-seo-premium-wordpress\/ -->\n<title>Bodyworker&#039;s Choice Tafelverwarmer EURO plug &amp; UK plug - TouchPro Europe Shop<\/title>\n<meta name=\"description\" content=\"Doe je cli\u00ebnten een warm welkom met de Bodyworker&#039;s Choice Tafelverwarmer van Earthlite. Ontworpen voor echte professionals \ud83e\udd1d\" \/>\n<meta name=\"robots\" content=\"index, follow, max-snippet:-1, max-image-preview:large, max-video-preview:-1\" \/>\n<link rel=\"canonical\" href=\"https:\/\/touchproeurope.eu\/de\/product\/bodyworkers-choice-tischwarmer\/\" \/>\n<meta property=\"og:locale\" content=\"de_DE\" \/>\n<meta property=\"og:type\" content=\"article\" \/>\n<meta property=\"og:title\" content=\"Bodyworker&#039;s Choice Tafelverwarmer EURO plug &amp; UK plug\" \/>\n<meta property=\"og:description\" content=\"Doe je cli\u00ebnten een warm welkom met de Bodyworker&#039;s Choice Tafelverwarmer van Earthlite. Ontworpen voor echte professionals \ud83e\udd1d\" \/>\n<meta property=\"og:url\" content=\"https:\/\/touchproeurope.eu\/de\/product\/bodyworkers-choice-tischwarmer\/\" \/>\n<meta property=\"og:site_name\" content=\"TouchPro Europe Shop\" \/>\n<meta property=\"article:publisher\" content=\"https:\/\/www.facebook.com\/TouchproNederland\/?locale=nl_NL%2f\" \/>\n<meta property=\"article:modified_time\" content=\"2026-04-16T16:02:45+00:00\" \/>\n<meta property=\"og:image\" content=\"https:\/\/touchproeurope.eu\/wp-content\/uploads\/2023\/11\/Producten-fotos-8-min.jpg\" \/>\n\t<meta property=\"og:image:width\" content=\"800\" \/>\n\t<meta property=\"og:image:height\" content=\"800\" \/>\n\t<meta property=\"og:image:type\" content=\"image\/jpeg\" \/>\n<meta name=\"twitter:card\" content=\"summary_large_image\" \/>\n<meta name=\"twitter:label1\" content=\"Verf\u00fcgbarkeit\" \/>\n\t<meta name=\"twitter:data1\" content=\"Auf Lager\" \/>\n<script type=\"application\/ld+json\" class=\"yoast-schema-graph\">{\"@context\":\"https:\\\/\\\/schema.org\",\"@graph\":[{\"@type\":\"WebPage\",\"@id\":\"https:\\\/\\\/touchproeurope.eu\\\/product\\\/bodyworkers-choice-tafelverwarmer\\\/\",\"url\":\"https:\\\/\\\/touchproeurope.eu\\\/product\\\/bodyworkers-choice-tafelverwarmer\\\/\",\"name\":\"Bodyworker's Choice Tafelverwarmer EURO plug & UK plug - TouchPro Europe Shop\",\"isPartOf\":{\"@id\":\"https:\\\/\\\/touchproeurope.eu\\\/#website\"},\"primaryImageOfPage\":{\"@id\":\"https:\\\/\\\/touchproeurope.eu\\\/product\\\/bodyworkers-choice-tafelverwarmer\\\/#primaryimage\"},\"image\":{\"@id\":\"https:\\\/\\\/touchproeurope.eu\\\/product\\\/bodyworkers-choice-tafelverwarmer\\\/#primaryimage\"},\"thumbnailUrl\":\"https:\\\/\\\/i0.wp.com\\\/touchproeurope.eu\\\/wp-content\\\/uploads\\\/2023\\\/11\\\/Producten-fotos-8-min.jpg?fit=800%2C800&ssl=1\",\"datePublished\":\"2023-11-09T16:02:03+00:00\",\"dateModified\":\"2026-04-16T16:02:45+00:00\",\"description\":\"Doe je cli\u00ebnten een warm welkom met de Bodyworker's Choice Tafelverwarmer van Earthlite. Ontworpen voor echte professionals \ud83e\udd1d\",\"breadcrumb\":{\"@id\":\"https:\\\/\\\/touchproeurope.eu\\\/product\\\/bodyworkers-choice-tafelverwarmer\\\/#breadcrumb\"},\"inLanguage\":\"de\",\"potentialAction\":[{\"@type\":\"ReadAction\",\"target\":[\"https:\\\/\\\/touchproeurope.eu\\\/product\\\/bodyworkers-choice-tafelverwarmer\\\/\"]}]},{\"@type\":\"ImageObject\",\"inLanguage\":\"de\",\"@id\":\"https:\\\/\\\/touchproeurope.eu\\\/product\\\/bodyworkers-choice-tafelverwarmer\\\/#primaryimage\",\"url\":\"https:\\\/\\\/i0.wp.com\\\/touchproeurope.eu\\\/wp-content\\\/uploads\\\/2023\\\/11\\\/Producten-fotos-8-min.jpg?fit=800%2C800&ssl=1\",\"contentUrl\":\"https:\\\/\\\/i0.wp.com\\\/touchproeurope.eu\\\/wp-content\\\/uploads\\\/2023\\\/11\\\/Producten-fotos-8-min.jpg?fit=800%2C800&ssl=1\",\"width\":800,\"height\":800,\"caption\":\"Bodyworker's Choice Tafelverwarmer\"},{\"@type\":\"BreadcrumbList\",\"@id\":\"https:\\\/\\\/touchproeurope.eu\\\/product\\\/bodyworkers-choice-tafelverwarmer\\\/#breadcrumb\",\"itemListElement\":[{\"@type\":\"ListItem\",\"position\":1,\"name\":\"Home\",\"item\":\"https:\\\/\\\/touchproeurope.eu\\\/\"},{\"@type\":\"ListItem\",\"position\":2,\"name\":\"Winkel\",\"item\":\"https:\\\/\\\/touchproeurope.eu\\\/winkel\\\/\"},{\"@type\":\"ListItem\",\"position\":3,\"name\":\"Bodyworker&#8217;s Choice Tafelverwarmer EURO plug &#038; UK plug\"}]},{\"@type\":\"WebSite\",\"@id\":\"https:\\\/\\\/touchproeurope.eu\\\/#website\",\"url\":\"https:\\\/\\\/touchproeurope.eu\\\/\",\"name\":\"TouchPro Europe Shop\",\"description\":\"Alles voor jouw praktijk met een PROfessionele Touch!\",\"publisher\":{\"@id\":\"https:\\\/\\\/touchproeurope.eu\\\/#organization\"},\"alternateName\":\"TPE\",\"potentialAction\":[{\"@type\":\"SearchAction\",\"target\":{\"@type\":\"EntryPoint\",\"urlTemplate\":\"https:\\\/\\\/touchproeurope.eu\\\/?s={search_term_string}\"},\"query-input\":{\"@type\":\"PropertyValueSpecification\",\"valueRequired\":true,\"valueName\":\"search_term_string\"}}],\"inLanguage\":\"de\"},{\"@type\":\"Organization\",\"@id\":\"https:\\\/\\\/touchproeurope.eu\\\/#organization\",\"name\":\"TouchPro Europe BV\",\"alternateName\":\"TPE\",\"url\":\"https:\\\/\\\/touchproeurope.eu\\\/\",\"logo\":{\"@type\":\"ImageObject\",\"inLanguage\":\"de\",\"@id\":\"https:\\\/\\\/touchproeurope.eu\\\/#\\\/schema\\\/logo\\\/image\\\/\",\"url\":\"https:\\\/\\\/i0.wp.com\\\/touchproeurope.eu\\\/wp-content\\\/uploads\\\/2023\\\/10\\\/2b592c_b6944d80811246d987cc2c29accedf3f.png?fit=1417%2C531&ssl=1\",\"contentUrl\":\"https:\\\/\\\/i0.wp.com\\\/touchproeurope.eu\\\/wp-content\\\/uploads\\\/2023\\\/10\\\/2b592c_b6944d80811246d987cc2c29accedf3f.png?fit=1417%2C531&ssl=1\",\"width\":1417,\"height\":531,\"caption\":\"TouchPro Europe BV\"},\"image\":{\"@id\":\"https:\\\/\\\/touchproeurope.eu\\\/#\\\/schema\\\/logo\\\/image\\\/\"},\"sameAs\":[\"https:\\\/\\\/www.facebook.com\\\/TouchproNederland\\\/?locale=nl_NL\\\/\",\"https:\\\/\\\/www.instagram.com\\\/touchpro2016\\\/\",\"https:\\\/\\\/www.linkedin.com\\\/company\\\/touchpro-europe-bv\\\/\"],\"description\":\"TouchPro Europe Shop is de massage winkel van Europa. Wij verkopen topkwaliteit massageproducten aan masseurs, pedicures, fysiotherapeuten, manicuren, Wellness centra, opleidingen, etc. TouchPro begon als een kleine webshop in Nederland, maar is nu uitgegroeid tot een webshop met klanten uit heel Europa. Wij bieden een breed assortiment aan massageproducten, waaronder massagetafels, oli\u00ebn, cr\u00e8mes, en accessoires van topmerken, zoals Earthlite, Stronglite en InnerStrenght, Habys, Living Earth Crafts en Continuum en andere leveranciers van massage accessoires. Bestel hier de beste massagematerialen van Europa!\",\"email\":\"info@touchpro-europe.com\",\"telephone\":\"0858768829\",\"legalName\":\"TouchPro Europe BV\",\"foundingDate\":\"2018-01-11\",\"vatID\":\"NL855430151B01\",\"numberOfEmployees\":{\"@type\":\"QuantitativeValue\",\"minValue\":\"1\",\"maxValue\":\"10\"},\"hasMerchantReturnPolicy\":{\"@type\":\"MerchantReturnPolicy\",\"merchantReturnLink\":\"https:\\\/\\\/touchproeurope.eu\\\/de\\\/retourbeleid\\\/\"}}]}<\/script>\n<meta property=\"og:availability\" content=\"instock\" \/>\n<meta property=\"product:availability\" content=\"instock\" \/>\n<meta property=\"product:retailer_item_id\" content=\"38400\" \/>\n<meta property=\"product:condition\" content=\"new\" \/>\n<!-- \/ Yoast SEO Premium plugin. -->","yoast_head_json":{"title":"Bodyworker's Choice Tischw\u00e4rmer EURO-Stecker &amp; UK-Stecker - TouchPro Europe Shop","description":"Bereiten Sie Ihren Kunden einen warmen Empfang mit dem Bodyworker's Choice Table Heater von Earthlite. Entwickelt f\u00fcr echte Profis \ud83e\udd1d.","robots":{"index":"index","follow":"follow","max-snippet":"max-snippet:-1","max-image-preview":"max-image-preview:large","max-video-preview":"max-video-preview:-1"},"canonical":"https:\/\/touchproeurope.eu\/de\/product\/bodyworkers-choice-tischwarmer\/","og_locale":"de_DE","og_type":"article","og_title":"Bodyworker's Choice Tafelverwarmer EURO plug & UK plug","og_description":"Doe je cli\u00ebnten een warm welkom met de Bodyworker's Choice Tafelverwarmer van Earthlite. Ontworpen voor echte professionals \ud83e\udd1d","og_url":"https:\/\/touchproeurope.eu\/de\/product\/bodyworkers-choice-tischwarmer\/","og_site_name":"TouchPro Europe Shop","article_publisher":"https:\/\/www.facebook.com\/TouchproNederland\/?locale=nl_NL%2f","article_modified_time":"2026-04-16T16:02:45+00:00","og_image":[{"width":800,"height":800,"url":"https:\/\/touchproeurope.eu\/wp-content\/uploads\/2023\/11\/Producten-fotos-8-min.jpg","type":"image\/jpeg"}],"twitter_card":"summary_large_image","twitter_misc":{"Verf\u00fcgbarkeit":"Auf Lager"},"schema":{"@context":"https:\/\/schema.org","@graph":[{"@type":"WebPage","@id":"https:\/\/touchproeurope.eu\/product\/bodyworkers-choice-tafelverwarmer\/","url":"https:\/\/touchproeurope.eu\/product\/bodyworkers-choice-tafelverwarmer\/","name":"Bodyworker's Choice Tischw\u00e4rmer EURO-Stecker &amp; UK-Stecker - TouchPro Europe Shop","isPartOf":{"@id":"https:\/\/touchproeurope.eu\/#website"},"primaryImageOfPage":{"@id":"https:\/\/touchproeurope.eu\/product\/bodyworkers-choice-tafelverwarmer\/#primaryimage"},"image":{"@id":"https:\/\/touchproeurope.eu\/product\/bodyworkers-choice-tafelverwarmer\/#primaryimage"},"thumbnailUrl":"https:\/\/i0.wp.com\/touchproeurope.eu\/wp-content\/uploads\/2023\/11\/Producten-fotos-8-min.jpg?fit=800%2C800&ssl=1","datePublished":"2023-11-09T16:02:03+00:00","dateModified":"2026-04-16T16:02:45+00:00","description":"Bereiten Sie Ihren Kunden einen warmen Empfang mit dem Bodyworker's Choice Table Heater von Earthlite. Entwickelt f\u00fcr echte Profis \ud83e\udd1d.","breadcrumb":{"@id":"https:\/\/touchproeurope.eu\/product\/bodyworkers-choice-tafelverwarmer\/#breadcrumb"},"inLanguage":"de","potentialAction":[{"@type":"ReadAction","target":["https:\/\/touchproeurope.eu\/product\/bodyworkers-choice-tafelverwarmer\/"]}]},{"@type":"ImageObject","inLanguage":"de","@id":"https:\/\/touchproeurope.eu\/product\/bodyworkers-choice-tafelverwarmer\/#primaryimage","url":"https:\/\/i0.wp.com\/touchproeurope.eu\/wp-content\/uploads\/2023\/11\/Producten-fotos-8-min.jpg?fit=800%2C800&ssl=1","contentUrl":"https:\/\/i0.wp.com\/touchproeurope.eu\/wp-content\/uploads\/2023\/11\/Producten-fotos-8-min.jpg?fit=800%2C800&ssl=1","width":800,"height":800,"caption":"Bodyworker's Choice Tafelverwarmer"},{"@type":"BreadcrumbList","@id":"https:\/\/touchproeurope.eu\/product\/bodyworkers-choice-tafelverwarmer\/#breadcrumb","itemListElement":[{"@type":"ListItem","position":1,"name":"Home","item":"https:\/\/touchproeurope.eu\/"},{"@type":"ListItem","position":2,"name":"Winkel","item":"https:\/\/touchproeurope.eu\/winkel\/"},{"@type":"ListItem","position":3,"name":"Bodyworker&#8217;s Choice Tafelverwarmer EURO plug &#038; UK plug"}]},{"@type":"WebSite","@id":"https:\/\/touchproeurope.eu\/#website","url":"https:\/\/touchproeurope.eu\/","name":"TouchPro Europe Shop","description":"Alles f\u00fcr Ihre Praxis mit einem PROfessional Touch!","publisher":{"@id":"https:\/\/touchproeurope.eu\/#organization"},"alternateName":"TPE","potentialAction":[{"@type":"SearchAction","target":{"@type":"EntryPoint","urlTemplate":"https:\/\/touchproeurope.eu\/?s={search_term_string}"},"query-input":{"@type":"PropertyValueSpecification","valueRequired":true,"valueName":"search_term_string"}}],"inLanguage":"de"},{"@type":"Organization","@id":"https:\/\/touchproeurope.eu\/#organization","name":"TouchPro Europa BV","alternateName":"TPE","url":"https:\/\/touchproeurope.eu\/","logo":{"@type":"ImageObject","inLanguage":"de","@id":"https:\/\/touchproeurope.eu\/#\/schema\/logo\/image\/","url":"https:\/\/i0.wp.com\/touchproeurope.eu\/wp-content\/uploads\/2023\/10\/2b592c_b6944d80811246d987cc2c29accedf3f.png?fit=1417%2C531&ssl=1","contentUrl":"https:\/\/i0.wp.com\/touchproeurope.eu\/wp-content\/uploads\/2023\/10\/2b592c_b6944d80811246d987cc2c29accedf3f.png?fit=1417%2C531&ssl=1","width":1417,"height":531,"caption":"TouchPro Europe BV"},"image":{"@id":"https:\/\/touchproeurope.eu\/#\/schema\/logo\/image\/"},"sameAs":["https:\/\/www.facebook.com\/TouchproNederland\/?locale=nl_NL\/","https:\/\/www.instagram.com\/touchpro2016\/","https:\/\/www.linkedin.com\/company\/touchpro-europe-bv\/"],"description":"TouchPro Europe Shop ist das Massagegesch\u00e4ft in Europa. Wir verkaufen hochwertige Massageprodukte an Masseure, Fu\u00dfpfleger, Physiotherapeuten, Manik\u00fcre, Wellness-Zentren, Ausbildungskurse, usw. TouchPro begann als kleines Gesch\u00e4ft in den Niederlanden, hat sich aber inzwischen zu einem Gesch\u00e4ft mit Kunden aus ganz Europa entwickelt. Wir bieten eine gro\u00dfe Auswahl an Massageprodukten, darunter Massageliegen, \u00d6le, Cremes und Zubeh\u00f6r von Top-Marken wie Earthlite, Stronglite und InnerStrenght, Habys, Living Earth Crafts und Continuum sowie anderen Lieferanten von Massagezubeh\u00f6r. Bestellen Sie hier die besten Massageprodukte Europas!","email":"info@touchpro-europe.com","telephone":"0858768829","legalName":"TouchPro Europe BV","foundingDate":"2018-01-11","vatID":"NL855430151B01","numberOfEmployees":{"@type":"QuantitativeValue","minValue":"1","maxValue":"10"},"hasMerchantReturnPolicy":{"@type":"MerchantReturnPolicy","merchantReturnLink":"https:\/\/touchproeurope.eu\/de\/retourbeleid\/"}}]},"og_availability":"instock","product_availability":"instock","product_retailer_item_id":"38400","product_condition":"new"},"_links":{"self":[{"href":"https:\/\/touchproeurope.eu\/de\/wp-json\/wp\/v2\/product\/3029","targetHints":{"allow":["GET"]}}],"collection":[{"href":"https:\/\/touchproeurope.eu\/de\/wp-json\/wp\/v2\/product"}],"about":[{"href":"https:\/\/touchproeurope.eu\/de\/wp-json\/wp\/v2\/types\/product"}],"replies":[{"embeddable":true,"href":"https:\/\/touchproeurope.eu\/de\/wp-json\/wp\/v2\/comments?post=3029"}],"version-history":[{"count":4,"href":"https:\/\/touchproeurope.eu\/de\/wp-json\/wp\/v2\/product\/3029\/revisions"}],"predecessor-version":[{"id":6459,"href":"https:\/\/touchproeurope.eu\/de\/wp-json\/wp\/v2\/product\/3029\/revisions\/6459"}],"wp:featuredmedia":[{"embeddable":true,"href":"https:\/\/touchproeurope.eu\/de\/wp-json\/wp\/v2\/media\/5102"}],"wp:attachment":[{"href":"https:\/\/touchproeurope.eu\/de\/wp-json\/wp\/v2\/media?parent=3029"}],"wp:term":[{"taxonomy":"product_brand","embeddable":true,"href":"https:\/\/touchproeurope.eu\/de\/wp-json\/wp\/v2\/product_brand?post=3029"},{"taxonomy":"product_cat","embeddable":true,"href":"https:\/\/touchproeurope.eu\/de\/wp-json\/wp\/v2\/product_cat?post=3029"},{"taxonomy":"product_tag","embeddable":true,"href":"https:\/\/touchproeurope.eu\/de\/wp-json\/wp\/v2\/product_tag?post=3029"}],"curies":[{"name":"wp","href":"https:\/\/api.w.org\/{rel}","templated":true}]}}