{"id":3038,"date":"2023-11-09T16:02:34","date_gmt":"2023-11-09T16:02:34","guid":{"rendered":"https:\/\/touchproeurope.eu\/?post_type=product&#038;p=3038"},"modified":"2026-03-04T16:56:53","modified_gmt":"2026-03-04T16:56:53","slug":"sternum-ersatzpolster-fur-den-vortex-massagesessel","status":"publish","type":"product","link":"https:\/\/touchproeurope.eu\/de\/product\/sternum-vervanging-pads-voor-de-vortex-massagestoel\/","title":{"rendered":"Ersatzpads f\u00fcr den Vortex Massagesessel komplett oder separat f\u00fcr das Brustbein"},"content":{"rendered":"<p>Die Ersatzauflagen f\u00fcr den Vortex-Massagesessel sind unerl\u00e4sslich, um Ihren Massagesessel zu optimieren. Mit diesem Set haben Sie alle notwendigen Polster, um Ihren Vortex-Massagesessel zu erneuern und bequemer zu machen. Das Set enth\u00e4lt ein Brustpolster, die Sterum-Polster Vortex f\u00fcr Massagesessel, Armlehnenpolster, ein Sitzkissen und Knieschoner (Satz von zwei).<\/p>\n<p>Diese Polster bieten zus\u00e4tzlichen Halt w\u00e4hrend der Massage. Dadurch f\u00fchlen Sie sich bei jeder Sitzung entspannter und bequemer. Au\u00dferdem sind alle Auflagen aus hochwertigen Materialien gefertigt. Dies gew\u00e4hrleistet eine lange Haltbarkeit und optimale Leistung.<\/p>\n<p>Dar\u00fcber hinaus verbessern die Sternum-Ersatzpolster f\u00fcr den Vortex-Massagesessel nicht nur den Komfort, sondern tragen auch zur Aufrechterhaltung der richtigen K\u00f6rperhaltung bei. Dies kann R\u00fcckenschmerzen reduzieren und eine bessere Blutzirkulation f\u00f6rdern. Au\u00dferdem sind die Pads einfach zu installieren und passen perfekt auf Ihren Vortex-Massagesessel.<\/p>\n<p>M\u00f6chten Sie Ihren Massagesessel wieder wie neu machen? Mit unseren Polstern und den anderen Kissen im Set k\u00f6nnen Sie das ganz einfach erreichen. Dank des ergonomischen Designs der Kissen erhalten Sie die Unterst\u00fctzung, die Sie verdienen. Kurzum, ein Muss f\u00fcr jeden Besitzer eines Vortex-Massagesessels, der Wert auf Komfort und Qualit\u00e4t legt.<\/p>\n<p>Investieren Sie in die Sternum Ersatzpads f\u00fcr den Vortex Massagesessel und erleben Sie den Unterschied bei Ihren Massagesitzungen.<\/p>","protected":false},"excerpt":{"rendered":"<p>De vervangings pads voor de Vortex massagestoel is essentieel voor het optimaliseren van uw massagestoel. Met deze set heeft u alle nodige kussens om uw Vortex massagestoel te vernieuwen en comfortabeler te maken. De set bevat een borstpad, de Sterum pads vortex voor een massagestoel, armleuningkussens, een zitkussen en kniepads (set van twee). Deze pads [&hellip;]<\/p>\n","protected":false},"featured_media":6486,"comment_status":"open","ping_status":"closed","template":"","meta":[],"product_brand":[],"product_cat":[284],"product_tag":[85,292,291],"class_list":{"0":"post-3038","1":"product","2":"type-product","3":"status-publish","4":"has-post-thumbnail","6":"product_cat-overige-accesoires","7":"product_tag-earthlite","8":"product_tag-massagestoel-pads","9":"product_tag-vortrex","10":"product_shipping_class-klein-pakket","12":"first","13":"instock","14":"taxable","15":"shipping-taxable","16":"purchasable","17":"product-type-variable"},"yoast_head":"<!-- This site is optimized with the Yoast SEO Premium plugin v27.3 (Yoast SEO v27.3) - https:\/\/yoast.com\/product\/yoast-seo-premium-wordpress\/ -->\n<title>Vervangings pads voor de Vortex massagestoel complete set of losse sternum - TouchPro Europe Shop<\/title>\n<meta name=\"description\" content=\"Maak uw Vortex massagestoel nog comfortabeler met de Sternum vervanging pads voor de Vortex massagestoel. Ontdek de beste massage-ervaring en bestel ze hier\" \/>\n<meta name=\"robots\" content=\"index, follow, max-snippet:-1, max-image-preview:large, max-video-preview:-1\" \/>\n<link rel=\"canonical\" href=\"https:\/\/touchproeurope.eu\/de\/product\/sternum-ersatzpolster-fur-den-vortex-massagesessel\/\" \/>\n<meta property=\"og:locale\" content=\"de_DE\" \/>\n<meta property=\"og:type\" content=\"article\" \/>\n<meta property=\"og:title\" content=\"Vervangings pads voor de Vortex massagestoel complete set of losse sternum\" \/>\n<meta property=\"og:description\" content=\"Maak uw Vortex massagestoel nog comfortabeler met de Sternum vervanging pads voor de Vortex massagestoel. Ontdek de beste massage-ervaring en bestel ze hier\" \/>\n<meta property=\"og:url\" content=\"https:\/\/touchproeurope.eu\/de\/product\/sternum-ersatzpolster-fur-den-vortex-massagesessel\/\" \/>\n<meta property=\"og:site_name\" content=\"TouchPro Europe Shop\" \/>\n<meta property=\"article:publisher\" content=\"https:\/\/www.facebook.com\/TouchproNederland\/?locale=nl_NL%2f\" \/>\n<meta property=\"article:modified_time\" content=\"2026-03-04T16:56:53+00:00\" \/>\n<meta property=\"og:image\" content=\"https:\/\/touchproeurope.eu\/wp-content\/uploads\/2023\/11\/52095214606_d8f710cd2d_c.jpg\" \/>\n\t<meta property=\"og:image:width\" content=\"800\" \/>\n\t<meta property=\"og:image:height\" content=\"800\" \/>\n\t<meta property=\"og:image:type\" content=\"image\/jpeg\" \/>\n<meta name=\"twitter:card\" content=\"summary_large_image\" \/>\n<meta name=\"twitter:label1\" content=\"Verf\u00fcgbarkeit\" \/>\n\t<meta name=\"twitter:data1\" content=\"Auf Lager\" \/>\n<script type=\"application\/ld+json\" class=\"yoast-schema-graph\">{\"@context\":\"https:\\\/\\\/schema.org\",\"@graph\":[{\"@type\":\"WebPage\",\"@id\":\"https:\\\/\\\/touchproeurope.eu\\\/product\\\/sternum-vervanging-pads-voor-de-vortex-massagestoel\\\/\",\"url\":\"https:\\\/\\\/touchproeurope.eu\\\/product\\\/sternum-vervanging-pads-voor-de-vortex-massagestoel\\\/\",\"name\":\"Vervangings pads voor de Vortex massagestoel complete set of losse sternum - TouchPro Europe Shop\",\"isPartOf\":{\"@id\":\"https:\\\/\\\/touchproeurope.eu\\\/#website\"},\"primaryImageOfPage\":{\"@id\":\"https:\\\/\\\/touchproeurope.eu\\\/product\\\/sternum-vervanging-pads-voor-de-vortex-massagestoel\\\/#primaryimage\"},\"image\":{\"@id\":\"https:\\\/\\\/touchproeurope.eu\\\/product\\\/sternum-vervanging-pads-voor-de-vortex-massagestoel\\\/#primaryimage\"},\"thumbnailUrl\":\"https:\\\/\\\/i0.wp.com\\\/touchproeurope.eu\\\/wp-content\\\/uploads\\\/2023\\\/11\\\/52095214606_d8f710cd2d_c.jpg?fit=800%2C800&ssl=1\",\"datePublished\":\"2023-11-09T16:02:34+00:00\",\"dateModified\":\"2026-03-04T16:56:53+00:00\",\"description\":\"Maak uw Vortex massagestoel nog comfortabeler met de Sternum vervanging pads voor de Vortex massagestoel. Ontdek de beste massage-ervaring en bestel ze hier\",\"breadcrumb\":{\"@id\":\"https:\\\/\\\/touchproeurope.eu\\\/product\\\/sternum-vervanging-pads-voor-de-vortex-massagestoel\\\/#breadcrumb\"},\"inLanguage\":\"de\",\"potentialAction\":[{\"@type\":\"ReadAction\",\"target\":[\"https:\\\/\\\/touchproeurope.eu\\\/product\\\/sternum-vervanging-pads-voor-de-vortex-massagestoel\\\/\"]}]},{\"@type\":\"ImageObject\",\"inLanguage\":\"de\",\"@id\":\"https:\\\/\\\/touchproeurope.eu\\\/product\\\/sternum-vervanging-pads-voor-de-vortex-massagestoel\\\/#primaryimage\",\"url\":\"https:\\\/\\\/i0.wp.com\\\/touchproeurope.eu\\\/wp-content\\\/uploads\\\/2023\\\/11\\\/52095214606_d8f710cd2d_c.jpg?fit=800%2C800&ssl=1\",\"contentUrl\":\"https:\\\/\\\/i0.wp.com\\\/touchproeurope.eu\\\/wp-content\\\/uploads\\\/2023\\\/11\\\/52095214606_d8f710cd2d_c.jpg?fit=800%2C800&ssl=1\",\"width\":800,\"height\":800,\"caption\":\"Sternum vervanging pads voor de Vortex massagestoel\"},{\"@type\":\"BreadcrumbList\",\"@id\":\"https:\\\/\\\/touchproeurope.eu\\\/product\\\/sternum-vervanging-pads-voor-de-vortex-massagestoel\\\/#breadcrumb\",\"itemListElement\":[{\"@type\":\"ListItem\",\"position\":1,\"name\":\"Home\",\"item\":\"https:\\\/\\\/touchproeurope.eu\\\/\"},{\"@type\":\"ListItem\",\"position\":2,\"name\":\"Winkel\",\"item\":\"https:\\\/\\\/touchproeurope.eu\\\/winkel\\\/\"},{\"@type\":\"ListItem\",\"position\":3,\"name\":\"Vervangings pads voor de Vortex massagestoel complete set of losse sternum\"}]},{\"@type\":\"WebSite\",\"@id\":\"https:\\\/\\\/touchproeurope.eu\\\/#website\",\"url\":\"https:\\\/\\\/touchproeurope.eu\\\/\",\"name\":\"TouchPro Europe Shop\",\"description\":\"Alles voor jouw praktijk met een PROfessionele Touch!\",\"publisher\":{\"@id\":\"https:\\\/\\\/touchproeurope.eu\\\/#organization\"},\"alternateName\":\"TPE\",\"potentialAction\":[{\"@type\":\"SearchAction\",\"target\":{\"@type\":\"EntryPoint\",\"urlTemplate\":\"https:\\\/\\\/touchproeurope.eu\\\/?s={search_term_string}\"},\"query-input\":{\"@type\":\"PropertyValueSpecification\",\"valueRequired\":true,\"valueName\":\"search_term_string\"}}],\"inLanguage\":\"de\"},{\"@type\":\"Organization\",\"@id\":\"https:\\\/\\\/touchproeurope.eu\\\/#organization\",\"name\":\"TouchPro Europe BV\",\"alternateName\":\"TPE\",\"url\":\"https:\\\/\\\/touchproeurope.eu\\\/\",\"logo\":{\"@type\":\"ImageObject\",\"inLanguage\":\"de\",\"@id\":\"https:\\\/\\\/touchproeurope.eu\\\/#\\\/schema\\\/logo\\\/image\\\/\",\"url\":\"https:\\\/\\\/i0.wp.com\\\/touchproeurope.eu\\\/wp-content\\\/uploads\\\/2023\\\/10\\\/2b592c_b6944d80811246d987cc2c29accedf3f.png?fit=1417%2C531&ssl=1\",\"contentUrl\":\"https:\\\/\\\/i0.wp.com\\\/touchproeurope.eu\\\/wp-content\\\/uploads\\\/2023\\\/10\\\/2b592c_b6944d80811246d987cc2c29accedf3f.png?fit=1417%2C531&ssl=1\",\"width\":1417,\"height\":531,\"caption\":\"TouchPro Europe BV\"},\"image\":{\"@id\":\"https:\\\/\\\/touchproeurope.eu\\\/#\\\/schema\\\/logo\\\/image\\\/\"},\"sameAs\":[\"https:\\\/\\\/www.facebook.com\\\/TouchproNederland\\\/?locale=nl_NL\\\/\",\"https:\\\/\\\/www.instagram.com\\\/touchpro2016\\\/\",\"https:\\\/\\\/www.linkedin.com\\\/company\\\/touchpro-europe-bv\\\/\"],\"description\":\"TouchPro Europe Shop is de massage winkel van Europa. Wij verkopen topkwaliteit massageproducten aan masseurs, pedicures, fysiotherapeuten, manicuren, Wellness centra, opleidingen, etc. TouchPro begon als een kleine webshop in Nederland, maar is nu uitgegroeid tot een webshop met klanten uit heel Europa. Wij bieden een breed assortiment aan massageproducten, waaronder massagetafels, oli\u00ebn, cr\u00e8mes, en accessoires van topmerken, zoals Earthlite, Stronglite en InnerStrenght, Habys, Living Earth Crafts en Continuum en andere leveranciers van massage accessoires. Bestel hier de beste massagematerialen van Europa!\",\"email\":\"info@touchpro-europe.com\",\"telephone\":\"0858768829\",\"legalName\":\"TouchPro Europe BV\",\"foundingDate\":\"2018-01-11\",\"vatID\":\"NL855430151B01\",\"numberOfEmployees\":{\"@type\":\"QuantitativeValue\",\"minValue\":\"1\",\"maxValue\":\"10\"},\"hasMerchantReturnPolicy\":{\"@type\":\"MerchantReturnPolicy\",\"merchantReturnLink\":\"https:\\\/\\\/touchproeurope.eu\\\/de\\\/retourbeleid\\\/\"}}]}<\/script>\n<meta property=\"og:availability\" content=\"instock\" \/>\n<meta property=\"product:availability\" content=\"instock\" \/>\n<meta property=\"product:retailer_item_id\" content=\"41300\" \/>\n<meta property=\"product:condition\" content=\"new\" \/>\n<!-- \/ Yoast SEO Premium plugin. -->","yoast_head_json":{"title":"Ersatzpads f\u00fcr den Vortex Massagesessel komplett oder separat - TouchPro Europe Shop","description":"Machen Sie Ihren Vortex-Massagesessel noch komfortabler mit den Sternum-Ersatzauflagen f\u00fcr den Vortex-Massagesessel. Entdecken Sie das beste Massageerlebnis und bestellen Sie sie hier","robots":{"index":"index","follow":"follow","max-snippet":"max-snippet:-1","max-image-preview":"max-image-preview:large","max-video-preview":"max-video-preview:-1"},"canonical":"https:\/\/touchproeurope.eu\/de\/product\/sternum-ersatzpolster-fur-den-vortex-massagesessel\/","og_locale":"de_DE","og_type":"article","og_title":"Vervangings pads voor de Vortex massagestoel complete set of losse sternum","og_description":"Maak uw Vortex massagestoel nog comfortabeler met de Sternum vervanging pads voor de Vortex massagestoel. Ontdek de beste massage-ervaring en bestel ze hier","og_url":"https:\/\/touchproeurope.eu\/de\/product\/sternum-ersatzpolster-fur-den-vortex-massagesessel\/","og_site_name":"TouchPro Europe Shop","article_publisher":"https:\/\/www.facebook.com\/TouchproNederland\/?locale=nl_NL%2f","article_modified_time":"2026-03-04T16:56:53+00:00","og_image":[{"width":800,"height":800,"url":"https:\/\/touchproeurope.eu\/wp-content\/uploads\/2023\/11\/52095214606_d8f710cd2d_c.jpg","type":"image\/jpeg"}],"twitter_card":"summary_large_image","twitter_misc":{"Verf\u00fcgbarkeit":"Auf Lager"},"schema":{"@context":"https:\/\/schema.org","@graph":[{"@type":"WebPage","@id":"https:\/\/touchproeurope.eu\/product\/sternum-vervanging-pads-voor-de-vortex-massagestoel\/","url":"https:\/\/touchproeurope.eu\/product\/sternum-vervanging-pads-voor-de-vortex-massagestoel\/","name":"Ersatzpads f\u00fcr den Vortex Massagesessel komplett oder separat - TouchPro Europe Shop","isPartOf":{"@id":"https:\/\/touchproeurope.eu\/#website"},"primaryImageOfPage":{"@id":"https:\/\/touchproeurope.eu\/product\/sternum-vervanging-pads-voor-de-vortex-massagestoel\/#primaryimage"},"image":{"@id":"https:\/\/touchproeurope.eu\/product\/sternum-vervanging-pads-voor-de-vortex-massagestoel\/#primaryimage"},"thumbnailUrl":"https:\/\/i0.wp.com\/touchproeurope.eu\/wp-content\/uploads\/2023\/11\/52095214606_d8f710cd2d_c.jpg?fit=800%2C800&ssl=1","datePublished":"2023-11-09T16:02:34+00:00","dateModified":"2026-03-04T16:56:53+00:00","description":"Machen Sie Ihren Vortex-Massagesessel noch komfortabler mit den Sternum-Ersatzauflagen f\u00fcr den Vortex-Massagesessel. Entdecken Sie das beste Massageerlebnis und bestellen Sie sie hier","breadcrumb":{"@id":"https:\/\/touchproeurope.eu\/product\/sternum-vervanging-pads-voor-de-vortex-massagestoel\/#breadcrumb"},"inLanguage":"de","potentialAction":[{"@type":"ReadAction","target":["https:\/\/touchproeurope.eu\/product\/sternum-vervanging-pads-voor-de-vortex-massagestoel\/"]}]},{"@type":"ImageObject","inLanguage":"de","@id":"https:\/\/touchproeurope.eu\/product\/sternum-vervanging-pads-voor-de-vortex-massagestoel\/#primaryimage","url":"https:\/\/i0.wp.com\/touchproeurope.eu\/wp-content\/uploads\/2023\/11\/52095214606_d8f710cd2d_c.jpg?fit=800%2C800&ssl=1","contentUrl":"https:\/\/i0.wp.com\/touchproeurope.eu\/wp-content\/uploads\/2023\/11\/52095214606_d8f710cd2d_c.jpg?fit=800%2C800&ssl=1","width":800,"height":800,"caption":"Sternum vervanging pads voor de Vortex massagestoel"},{"@type":"BreadcrumbList","@id":"https:\/\/touchproeurope.eu\/product\/sternum-vervanging-pads-voor-de-vortex-massagestoel\/#breadcrumb","itemListElement":[{"@type":"ListItem","position":1,"name":"Home","item":"https:\/\/touchproeurope.eu\/"},{"@type":"ListItem","position":2,"name":"Winkel","item":"https:\/\/touchproeurope.eu\/winkel\/"},{"@type":"ListItem","position":3,"name":"Vervangings pads voor de Vortex massagestoel complete set of losse sternum"}]},{"@type":"WebSite","@id":"https:\/\/touchproeurope.eu\/#website","url":"https:\/\/touchproeurope.eu\/","name":"TouchPro Europe Shop","description":"Alles f\u00fcr Ihre Praxis mit einem PROfessional Touch!","publisher":{"@id":"https:\/\/touchproeurope.eu\/#organization"},"alternateName":"TPE","potentialAction":[{"@type":"SearchAction","target":{"@type":"EntryPoint","urlTemplate":"https:\/\/touchproeurope.eu\/?s={search_term_string}"},"query-input":{"@type":"PropertyValueSpecification","valueRequired":true,"valueName":"search_term_string"}}],"inLanguage":"de"},{"@type":"Organization","@id":"https:\/\/touchproeurope.eu\/#organization","name":"TouchPro Europa BV","alternateName":"TPE","url":"https:\/\/touchproeurope.eu\/","logo":{"@type":"ImageObject","inLanguage":"de","@id":"https:\/\/touchproeurope.eu\/#\/schema\/logo\/image\/","url":"https:\/\/i0.wp.com\/touchproeurope.eu\/wp-content\/uploads\/2023\/10\/2b592c_b6944d80811246d987cc2c29accedf3f.png?fit=1417%2C531&ssl=1","contentUrl":"https:\/\/i0.wp.com\/touchproeurope.eu\/wp-content\/uploads\/2023\/10\/2b592c_b6944d80811246d987cc2c29accedf3f.png?fit=1417%2C531&ssl=1","width":1417,"height":531,"caption":"TouchPro Europe BV"},"image":{"@id":"https:\/\/touchproeurope.eu\/#\/schema\/logo\/image\/"},"sameAs":["https:\/\/www.facebook.com\/TouchproNederland\/?locale=nl_NL\/","https:\/\/www.instagram.com\/touchpro2016\/","https:\/\/www.linkedin.com\/company\/touchpro-europe-bv\/"],"description":"TouchPro Europe Shop ist das Massagegesch\u00e4ft in Europa. Wir verkaufen hochwertige Massageprodukte an Masseure, Fu\u00dfpfleger, Physiotherapeuten, Manik\u00fcre, Wellness-Zentren, Ausbildungskurse, usw. TouchPro begann als kleines Gesch\u00e4ft in den Niederlanden, hat sich aber inzwischen zu einem Gesch\u00e4ft mit Kunden aus ganz Europa entwickelt. Wir bieten eine gro\u00dfe Auswahl an Massageprodukten, darunter Massageliegen, \u00d6le, Cremes und Zubeh\u00f6r von Top-Marken wie Earthlite, Stronglite und InnerStrenght, Habys, Living Earth Crafts und Continuum sowie anderen Lieferanten von Massagezubeh\u00f6r. Bestellen Sie hier die besten Massageprodukte Europas!","email":"info@touchpro-europe.com","telephone":"0858768829","legalName":"TouchPro Europe BV","foundingDate":"2018-01-11","vatID":"NL855430151B01","numberOfEmployees":{"@type":"QuantitativeValue","minValue":"1","maxValue":"10"},"hasMerchantReturnPolicy":{"@type":"MerchantReturnPolicy","merchantReturnLink":"https:\/\/touchproeurope.eu\/de\/retourbeleid\/"}}]},"og_availability":"instock","product_availability":"instock","product_retailer_item_id":"41300","product_condition":"new"},"_links":{"self":[{"href":"https:\/\/touchproeurope.eu\/de\/wp-json\/wp\/v2\/product\/3038","targetHints":{"allow":["GET"]}}],"collection":[{"href":"https:\/\/touchproeurope.eu\/de\/wp-json\/wp\/v2\/product"}],"about":[{"href":"https:\/\/touchproeurope.eu\/de\/wp-json\/wp\/v2\/types\/product"}],"replies":[{"embeddable":true,"href":"https:\/\/touchproeurope.eu\/de\/wp-json\/wp\/v2\/comments?post=3038"}],"version-history":[{"count":7,"href":"https:\/\/touchproeurope.eu\/de\/wp-json\/wp\/v2\/product\/3038\/revisions"}],"predecessor-version":[{"id":6616,"href":"https:\/\/touchproeurope.eu\/de\/wp-json\/wp\/v2\/product\/3038\/revisions\/6616"}],"wp:featuredmedia":[{"embeddable":true,"href":"https:\/\/touchproeurope.eu\/de\/wp-json\/wp\/v2\/media\/6486"}],"wp:attachment":[{"href":"https:\/\/touchproeurope.eu\/de\/wp-json\/wp\/v2\/media?parent=3038"}],"wp:term":[{"taxonomy":"product_brand","embeddable":true,"href":"https:\/\/touchproeurope.eu\/de\/wp-json\/wp\/v2\/product_brand?post=3038"},{"taxonomy":"product_cat","embeddable":true,"href":"https:\/\/touchproeurope.eu\/de\/wp-json\/wp\/v2\/product_cat?post=3038"},{"taxonomy":"product_tag","embeddable":true,"href":"https:\/\/touchproeurope.eu\/de\/wp-json\/wp\/v2\/product_tag?post=3038"}],"curies":[{"name":"wp","href":"https:\/\/api.w.org\/{rel}","templated":true}]}}