{"id":3044,"date":"2023-11-09T16:02:46","date_gmt":"2023-11-09T16:02:46","guid":{"rendered":"https:\/\/touchproeurope.eu\/?post_type=product&#038;p=3044"},"modified":"2026-04-22T09:32:52","modified_gmt":"2026-04-22T09:32:52","slug":"earthlite-dura-luxus-flanell-spanntuch","status":"publish","type":"product","link":"https:\/\/touchproeurope.eu\/de\/product\/earthlite-dura-luxe-flanel-fitted-sheet\/","title":{"rendered":"Earthlite Dura-Luxe Flanell-Spannbetttuch"},"content":{"rendered":"<p>Entdecken Sie ultimativen Komfort mit dem Earthlite Dura-Luxe Flannel Spannbetttuch f\u00fcr Ihre Massageliege. Hergestellt aus vorgeschrumpftem Baumwollflanell. Dar\u00fcber hinaus bietet dieses Spannbetttuch nicht nur eine perfekte Passform, sondern auch eine unvergleichliche Weichheit, die f\u00fcr ein luxuri\u00f6ses Erlebnis sorgt.<\/p>\n<p>Der extra dicke Flanell von h\u00f6chster Qualit\u00e4t f\u00fchlt sich nicht nur seidig weich an, sondern bietet auch einen guten Schutz f\u00fcr Ihre Massageliege. Vermitteln Sie Ihren Kunden ein Gef\u00fchl von purem Genuss. Dieses Laken ist in zwei Farben erh\u00e4ltlich: reinwei\u00df und beruhigendes Natur.<\/p>\n<p>Ob Sie nun ein professioneller Masseur sind, der h\u00f6chste Standards anstrebt, oder ein Wellness-Liebhaber, der zu Hause Qualit\u00e4t genie\u00dfen m\u00f6chte, das Earthlite Dura-Luxe Flannel Spannbetttuch passt perfekt zu Ihren Bed\u00fcrfnissen. Dank der hochwertigen Materialien ist Ihnen Langlebigkeit garantiert.<\/p>\n<p>G\u00f6nnen Sie sich den Komfort einer einfachen Pflege, denn dieses Spannbetttuch ist leicht zu waschen und beh\u00e4lt seine Form und Weichheit auch nach wiederholtem Gebrauch. Verleihen Sie jedem Massageerlebnis einen Hauch von Luxus und schaffen Sie eine Umgebung der totalen Entspannung.<\/p>\n<p>Bestellen Sie noch heute und erh\u00f6hen Sie den Komfort f\u00fcr sich und Ihre Kunden!<\/p>","protected":false},"excerpt":{"rendered":"<p>Das Earthlite Flanell-Spannbetttuch f\u00fcr die Massageliege besteht aus vorgeschrumpftem Baumwollflanell. Das Laken ist extra dick und bietet ein weiches und luxuri\u00f6ses, komfortables Gef\u00fchl.<\/p>\n<p>Erh\u00e4ltlich in den Farben: Wei\u00df und Natur<\/p>","protected":false},"featured_media":3043,"comment_status":"open","ping_status":"closed","template":"","meta":[],"product_brand":[343],"product_cat":[109,480],"product_tag":[194,85,195,196],"class_list":{"0":"post-3044","1":"product","2":"type-product","3":"status-publish","4":"has-post-thumbnail","6":"product_brand-earthlite","7":"product_cat-katoenen-covers-tafellinnen","8":"product_cat-tafellinnen-covers","9":"product_tag-dura-luxe","10":"product_tag-earthlite","11":"product_tag-fitted-sheet","12":"product_tag-flanel","13":"product_shipping_class-klein-pakket","14":"pa_kleur-natural","15":"pa_kleur-wit","16":"pa_merk-earthlite","18":"first","19":"instock","20":"taxable","21":"shipping-taxable","22":"purchasable","23":"product-type-variable"},"yoast_head":"<!-- This site is optimized with the Yoast SEO Premium plugin v27.4 (Yoast SEO v27.4) - https:\/\/yoast.com\/product\/yoast-seo-premium-wordpress\/ -->\n<title>Earthlite Dura-Luxe Flannel fitted sheet - TouchPro Europe Shop<\/title>\n<meta name=\"description\" content=\"Kies voor de beste bescherming voor je massagetafel met de Earthlite Dura-Luxe Flanel fitted sheet. \ud83e\udd17 Bestel hem nu bij TouchPro Europe Shop\" \/>\n<meta name=\"robots\" content=\"index, follow, max-snippet:-1, max-image-preview:large, max-video-preview:-1\" \/>\n<link rel=\"canonical\" href=\"https:\/\/touchproeurope.eu\/de\/product\/earthlite-dura-luxus-flanell-spanntuch\/\" \/>\n<meta property=\"og:locale\" content=\"de_DE\" \/>\n<meta property=\"og:type\" content=\"article\" \/>\n<meta property=\"og:title\" content=\"Earthlite Dura-Luxe Flannel fitted sheet\" \/>\n<meta property=\"og:description\" content=\"Kies voor de beste bescherming voor je massagetafel met de Earthlite Dura-Luxe Flanel fitted sheet. \ud83e\udd17 Bestel hem nu bij TouchPro Europe Shop\" \/>\n<meta property=\"og:url\" content=\"https:\/\/touchproeurope.eu\/de\/product\/earthlite-dura-luxus-flanell-spanntuch\/\" \/>\n<meta property=\"og:site_name\" content=\"TouchPro Europe Shop\" \/>\n<meta property=\"article:publisher\" content=\"https:\/\/www.facebook.com\/TouchproNederland\/?locale=nl_NL%2f\" \/>\n<meta property=\"article:modified_time\" content=\"2026-04-22T09:32:52+00:00\" \/>\n<meta property=\"og:image\" content=\"https:\/\/touchproeurope.eu\/wp-content\/uploads\/2023\/11\/1506767995-e1701614792846.jpg\" \/>\n\t<meta property=\"og:image:width\" content=\"800\" \/>\n\t<meta property=\"og:image:height\" content=\"800\" \/>\n\t<meta property=\"og:image:type\" content=\"image\/jpeg\" \/>\n<meta name=\"twitter:card\" content=\"summary_large_image\" \/>\n<meta name=\"twitter:label1\" content=\"Verf\u00fcgbarkeit\" \/>\n\t<meta name=\"twitter:data1\" content=\"Auf Lager\" \/>\n<script type=\"application\/ld+json\" class=\"yoast-schema-graph\">{\"@context\":\"https:\\\/\\\/schema.org\",\"@graph\":[{\"@type\":\"WebPage\",\"@id\":\"https:\\\/\\\/touchproeurope.eu\\\/product\\\/earthlite-dura-luxe-flanel-fitted-sheet\\\/\",\"url\":\"https:\\\/\\\/touchproeurope.eu\\\/product\\\/earthlite-dura-luxe-flanel-fitted-sheet\\\/\",\"name\":\"Earthlite Dura-Luxe Flannel fitted sheet - TouchPro Europe Shop\",\"isPartOf\":{\"@id\":\"https:\\\/\\\/touchproeurope.eu\\\/#website\"},\"primaryImageOfPage\":{\"@id\":\"https:\\\/\\\/touchproeurope.eu\\\/product\\\/earthlite-dura-luxe-flanel-fitted-sheet\\\/#primaryimage\"},\"image\":{\"@id\":\"https:\\\/\\\/touchproeurope.eu\\\/product\\\/earthlite-dura-luxe-flanel-fitted-sheet\\\/#primaryimage\"},\"thumbnailUrl\":\"https:\\\/\\\/i0.wp.com\\\/touchproeurope.eu\\\/wp-content\\\/uploads\\\/2023\\\/11\\\/1506767995-e1701614792846.jpg?fit=800%2C800&ssl=1\",\"datePublished\":\"2023-11-09T16:02:46+00:00\",\"dateModified\":\"2026-04-22T09:32:52+00:00\",\"description\":\"Kies voor de beste bescherming voor je massagetafel met de Earthlite Dura-Luxe Flanel fitted sheet. \ud83e\udd17 Bestel hem nu bij TouchPro Europe Shop\",\"breadcrumb\":{\"@id\":\"https:\\\/\\\/touchproeurope.eu\\\/product\\\/earthlite-dura-luxe-flanel-fitted-sheet\\\/#breadcrumb\"},\"inLanguage\":\"de\",\"potentialAction\":[{\"@type\":\"ReadAction\",\"target\":[\"https:\\\/\\\/touchproeurope.eu\\\/product\\\/earthlite-dura-luxe-flanel-fitted-sheet\\\/\"]}]},{\"@type\":\"ImageObject\",\"inLanguage\":\"de\",\"@id\":\"https:\\\/\\\/touchproeurope.eu\\\/product\\\/earthlite-dura-luxe-flanel-fitted-sheet\\\/#primaryimage\",\"url\":\"https:\\\/\\\/i0.wp.com\\\/touchproeurope.eu\\\/wp-content\\\/uploads\\\/2023\\\/11\\\/1506767995-e1701614792846.jpg?fit=800%2C800&ssl=1\",\"contentUrl\":\"https:\\\/\\\/i0.wp.com\\\/touchproeurope.eu\\\/wp-content\\\/uploads\\\/2023\\\/11\\\/1506767995-e1701614792846.jpg?fit=800%2C800&ssl=1\",\"width\":800,\"height\":800,\"caption\":\"Earthlite Dura-Luxe Flanel fitted sheet\"},{\"@type\":\"BreadcrumbList\",\"@id\":\"https:\\\/\\\/touchproeurope.eu\\\/product\\\/earthlite-dura-luxe-flanel-fitted-sheet\\\/#breadcrumb\",\"itemListElement\":[{\"@type\":\"ListItem\",\"position\":1,\"name\":\"Home\",\"item\":\"https:\\\/\\\/touchproeurope.eu\\\/\"},{\"@type\":\"ListItem\",\"position\":2,\"name\":\"Winkel\",\"item\":\"https:\\\/\\\/touchproeurope.eu\\\/winkel\\\/\"},{\"@type\":\"ListItem\",\"position\":3,\"name\":\"Earthlite Dura-Luxe Flannel fitted sheet\"}]},{\"@type\":\"WebSite\",\"@id\":\"https:\\\/\\\/touchproeurope.eu\\\/#website\",\"url\":\"https:\\\/\\\/touchproeurope.eu\\\/\",\"name\":\"TouchPro Europe Shop\",\"description\":\"Alles voor jouw praktijk met een PROfessionele Touch!\",\"publisher\":{\"@id\":\"https:\\\/\\\/touchproeurope.eu\\\/#organization\"},\"alternateName\":\"TPE\",\"potentialAction\":[{\"@type\":\"SearchAction\",\"target\":{\"@type\":\"EntryPoint\",\"urlTemplate\":\"https:\\\/\\\/touchproeurope.eu\\\/?s={search_term_string}\"},\"query-input\":{\"@type\":\"PropertyValueSpecification\",\"valueRequired\":true,\"valueName\":\"search_term_string\"}}],\"inLanguage\":\"de\"},{\"@type\":\"Organization\",\"@id\":\"https:\\\/\\\/touchproeurope.eu\\\/#organization\",\"name\":\"TouchPro Europe BV\",\"alternateName\":\"TPE\",\"url\":\"https:\\\/\\\/touchproeurope.eu\\\/\",\"logo\":{\"@type\":\"ImageObject\",\"inLanguage\":\"de\",\"@id\":\"https:\\\/\\\/touchproeurope.eu\\\/#\\\/schema\\\/logo\\\/image\\\/\",\"url\":\"https:\\\/\\\/i0.wp.com\\\/touchproeurope.eu\\\/wp-content\\\/uploads\\\/2023\\\/10\\\/2b592c_b6944d80811246d987cc2c29accedf3f.png?fit=1417%2C531&ssl=1\",\"contentUrl\":\"https:\\\/\\\/i0.wp.com\\\/touchproeurope.eu\\\/wp-content\\\/uploads\\\/2023\\\/10\\\/2b592c_b6944d80811246d987cc2c29accedf3f.png?fit=1417%2C531&ssl=1\",\"width\":1417,\"height\":531,\"caption\":\"TouchPro Europe BV\"},\"image\":{\"@id\":\"https:\\\/\\\/touchproeurope.eu\\\/#\\\/schema\\\/logo\\\/image\\\/\"},\"sameAs\":[\"https:\\\/\\\/www.facebook.com\\\/TouchproNederland\\\/?locale=nl_NL\\\/\",\"https:\\\/\\\/www.instagram.com\\\/touchpro2016\\\/\",\"https:\\\/\\\/www.linkedin.com\\\/company\\\/touchpro-europe-bv\\\/\"],\"description\":\"TouchPro Europe Shop is de massage winkel van Europa. Wij verkopen topkwaliteit massageproducten aan masseurs, pedicures, fysiotherapeuten, manicuren, Wellness centra, opleidingen, etc. TouchPro begon als een kleine webshop in Nederland, maar is nu uitgegroeid tot een webshop met klanten uit heel Europa. Wij bieden een breed assortiment aan massageproducten, waaronder massagetafels, oli\u00ebn, cr\u00e8mes, en accessoires van topmerken, zoals Earthlite, Stronglite en InnerStrenght, Habys, Living Earth Crafts en Continuum en andere leveranciers van massage accessoires. Bestel hier de beste massagematerialen van Europa!\",\"email\":\"info@touchpro-europe.com\",\"telephone\":\"0858768829\",\"legalName\":\"TouchPro Europe BV\",\"foundingDate\":\"2018-01-11\",\"vatID\":\"NL855430151B01\",\"numberOfEmployees\":{\"@type\":\"QuantitativeValue\",\"minValue\":\"1\",\"maxValue\":\"10\"},\"hasMerchantReturnPolicy\":{\"@type\":\"MerchantReturnPolicy\",\"merchantReturnLink\":\"https:\\\/\\\/touchproeurope.eu\\\/de\\\/retourbeleid\\\/\"}}]}<\/script>\n<meta property=\"product:brand\" content=\"Earthlite\" \/>\n<meta property=\"og:availability\" content=\"instock\" \/>\n<meta property=\"product:availability\" content=\"instock\" \/>\n<meta property=\"product:retailer_item_id\" content=\"42050\" \/>\n<meta property=\"product:condition\" content=\"new\" \/>\n<!-- \/ Yoast SEO Premium plugin. -->","yoast_head_json":{"title":"Earthlite Dura-Luxe Flanell-Spannbetttuch \u2013 TouchPro Europe Shop","description":"W\u00e4hlen Sie den besten Schutz f\u00fcr Ihren Massagetisch mit dem Earthlite Dura-Luxe Flanell-Spannbetttuch. \ud83e\udd17 Bestellen Sie es jetzt im TouchPro Europe Shop","robots":{"index":"index","follow":"follow","max-snippet":"max-snippet:-1","max-image-preview":"max-image-preview:large","max-video-preview":"max-video-preview:-1"},"canonical":"https:\/\/touchproeurope.eu\/de\/product\/earthlite-dura-luxus-flanell-spanntuch\/","og_locale":"de_DE","og_type":"article","og_title":"Earthlite Dura-Luxe Flannel fitted sheet","og_description":"Kies voor de beste bescherming voor je massagetafel met de Earthlite Dura-Luxe Flanel fitted sheet. \ud83e\udd17 Bestel hem nu bij TouchPro Europe Shop","og_url":"https:\/\/touchproeurope.eu\/de\/product\/earthlite-dura-luxus-flanell-spanntuch\/","og_site_name":"TouchPro Europe Shop","article_publisher":"https:\/\/www.facebook.com\/TouchproNederland\/?locale=nl_NL%2f","article_modified_time":"2026-04-22T09:32:52+00:00","og_image":[{"width":800,"height":800,"url":"https:\/\/touchproeurope.eu\/wp-content\/uploads\/2023\/11\/1506767995-e1701614792846.jpg","type":"image\/jpeg"}],"twitter_card":"summary_large_image","twitter_misc":{"Verf\u00fcgbarkeit":"Auf Lager"},"schema":{"@context":"https:\/\/schema.org","@graph":[{"@type":"WebPage","@id":"https:\/\/touchproeurope.eu\/product\/earthlite-dura-luxe-flanel-fitted-sheet\/","url":"https:\/\/touchproeurope.eu\/product\/earthlite-dura-luxe-flanel-fitted-sheet\/","name":"Earthlite Dura-Luxe Flanell-Spannbetttuch \u2013 TouchPro Europe Shop","isPartOf":{"@id":"https:\/\/touchproeurope.eu\/#website"},"primaryImageOfPage":{"@id":"https:\/\/touchproeurope.eu\/product\/earthlite-dura-luxe-flanel-fitted-sheet\/#primaryimage"},"image":{"@id":"https:\/\/touchproeurope.eu\/product\/earthlite-dura-luxe-flanel-fitted-sheet\/#primaryimage"},"thumbnailUrl":"https:\/\/i0.wp.com\/touchproeurope.eu\/wp-content\/uploads\/2023\/11\/1506767995-e1701614792846.jpg?fit=800%2C800&ssl=1","datePublished":"2023-11-09T16:02:46+00:00","dateModified":"2026-04-22T09:32:52+00:00","description":"W\u00e4hlen Sie den besten Schutz f\u00fcr Ihren Massagetisch mit dem Earthlite Dura-Luxe Flanell-Spannbetttuch. \ud83e\udd17 Bestellen Sie es jetzt im TouchPro Europe Shop","breadcrumb":{"@id":"https:\/\/touchproeurope.eu\/product\/earthlite-dura-luxe-flanel-fitted-sheet\/#breadcrumb"},"inLanguage":"de","potentialAction":[{"@type":"ReadAction","target":["https:\/\/touchproeurope.eu\/product\/earthlite-dura-luxe-flanel-fitted-sheet\/"]}]},{"@type":"ImageObject","inLanguage":"de","@id":"https:\/\/touchproeurope.eu\/product\/earthlite-dura-luxe-flanel-fitted-sheet\/#primaryimage","url":"https:\/\/i0.wp.com\/touchproeurope.eu\/wp-content\/uploads\/2023\/11\/1506767995-e1701614792846.jpg?fit=800%2C800&ssl=1","contentUrl":"https:\/\/i0.wp.com\/touchproeurope.eu\/wp-content\/uploads\/2023\/11\/1506767995-e1701614792846.jpg?fit=800%2C800&ssl=1","width":800,"height":800,"caption":"Earthlite Dura-Luxe Flanel fitted sheet"},{"@type":"BreadcrumbList","@id":"https:\/\/touchproeurope.eu\/product\/earthlite-dura-luxe-flanel-fitted-sheet\/#breadcrumb","itemListElement":[{"@type":"ListItem","position":1,"name":"Home","item":"https:\/\/touchproeurope.eu\/"},{"@type":"ListItem","position":2,"name":"Winkel","item":"https:\/\/touchproeurope.eu\/winkel\/"},{"@type":"ListItem","position":3,"name":"Earthlite Dura-Luxe Flannel fitted sheet"}]},{"@type":"WebSite","@id":"https:\/\/touchproeurope.eu\/#website","url":"https:\/\/touchproeurope.eu\/","name":"TouchPro Europe Shop","description":"Alles f\u00fcr Ihre Praxis mit einem PROfessional Touch!","publisher":{"@id":"https:\/\/touchproeurope.eu\/#organization"},"alternateName":"TPE","potentialAction":[{"@type":"SearchAction","target":{"@type":"EntryPoint","urlTemplate":"https:\/\/touchproeurope.eu\/?s={search_term_string}"},"query-input":{"@type":"PropertyValueSpecification","valueRequired":true,"valueName":"search_term_string"}}],"inLanguage":"de"},{"@type":"Organization","@id":"https:\/\/touchproeurope.eu\/#organization","name":"TouchPro Europa BV","alternateName":"TPE","url":"https:\/\/touchproeurope.eu\/","logo":{"@type":"ImageObject","inLanguage":"de","@id":"https:\/\/touchproeurope.eu\/#\/schema\/logo\/image\/","url":"https:\/\/i0.wp.com\/touchproeurope.eu\/wp-content\/uploads\/2023\/10\/2b592c_b6944d80811246d987cc2c29accedf3f.png?fit=1417%2C531&ssl=1","contentUrl":"https:\/\/i0.wp.com\/touchproeurope.eu\/wp-content\/uploads\/2023\/10\/2b592c_b6944d80811246d987cc2c29accedf3f.png?fit=1417%2C531&ssl=1","width":1417,"height":531,"caption":"TouchPro Europe BV"},"image":{"@id":"https:\/\/touchproeurope.eu\/#\/schema\/logo\/image\/"},"sameAs":["https:\/\/www.facebook.com\/TouchproNederland\/?locale=nl_NL\/","https:\/\/www.instagram.com\/touchpro2016\/","https:\/\/www.linkedin.com\/company\/touchpro-europe-bv\/"],"description":"TouchPro Europe Shop ist das Massagegesch\u00e4ft in Europa. Wir verkaufen hochwertige Massageprodukte an Masseure, Fu\u00dfpfleger, Physiotherapeuten, Manik\u00fcre, Wellness-Zentren, Ausbildungskurse, usw. TouchPro begann als kleines Gesch\u00e4ft in den Niederlanden, hat sich aber inzwischen zu einem Gesch\u00e4ft mit Kunden aus ganz Europa entwickelt. Wir bieten eine gro\u00dfe Auswahl an Massageprodukten, darunter Massageliegen, \u00d6le, Cremes und Zubeh\u00f6r von Top-Marken wie Earthlite, Stronglite und InnerStrenght, Habys, Living Earth Crafts und Continuum sowie anderen Lieferanten von Massagezubeh\u00f6r. Bestellen Sie hier die besten Massageprodukte Europas!","email":"info@touchpro-europe.com","telephone":"0858768829","legalName":"TouchPro Europe BV","foundingDate":"2018-01-11","vatID":"NL855430151B01","numberOfEmployees":{"@type":"QuantitativeValue","minValue":"1","maxValue":"10"},"hasMerchantReturnPolicy":{"@type":"MerchantReturnPolicy","merchantReturnLink":"https:\/\/touchproeurope.eu\/de\/retourbeleid\/"}}]},"product_brand":"Earthlite","og_availability":"instock","product_availability":"instock","product_retailer_item_id":"42050","product_condition":"new"},"_links":{"self":[{"href":"https:\/\/touchproeurope.eu\/de\/wp-json\/wp\/v2\/product\/3044","targetHints":{"allow":["GET"]}}],"collection":[{"href":"https:\/\/touchproeurope.eu\/de\/wp-json\/wp\/v2\/product"}],"about":[{"href":"https:\/\/touchproeurope.eu\/de\/wp-json\/wp\/v2\/types\/product"}],"replies":[{"embeddable":true,"href":"https:\/\/touchproeurope.eu\/de\/wp-json\/wp\/v2\/comments?post=3044"}],"version-history":[{"count":5,"href":"https:\/\/touchproeurope.eu\/de\/wp-json\/wp\/v2\/product\/3044\/revisions"}],"predecessor-version":[{"id":15079,"href":"https:\/\/touchproeurope.eu\/de\/wp-json\/wp\/v2\/product\/3044\/revisions\/15079"}],"wp:featuredmedia":[{"embeddable":true,"href":"https:\/\/touchproeurope.eu\/de\/wp-json\/wp\/v2\/media\/3043"}],"wp:attachment":[{"href":"https:\/\/touchproeurope.eu\/de\/wp-json\/wp\/v2\/media?parent=3044"}],"wp:term":[{"taxonomy":"product_brand","embeddable":true,"href":"https:\/\/touchproeurope.eu\/de\/wp-json\/wp\/v2\/product_brand?post=3044"},{"taxonomy":"product_cat","embeddable":true,"href":"https:\/\/touchproeurope.eu\/de\/wp-json\/wp\/v2\/product_cat?post=3044"},{"taxonomy":"product_tag","embeddable":true,"href":"https:\/\/touchproeurope.eu\/de\/wp-json\/wp\/v2\/product_tag?post=3044"}],"curies":[{"name":"wp","href":"https:\/\/api.w.org\/{rel}","templated":true}]}}