{"id":3101,"date":"2023-11-09T16:05:06","date_gmt":"2023-11-09T16:05:06","guid":{"rendered":"https:\/\/touchproeurope.eu\/?post_type=product&#038;p=3101"},"modified":"2026-04-22T09:32:51","modified_gmt":"2026-04-22T09:32:51","slug":"earthlite-reines-bio-massageol","status":"publish","type":"product","link":"https:\/\/touchproeurope.eu\/de\/product\/earthlite-pure-organic-massage-olie\/","title":{"rendered":"Earthlite Reines Bio-Massage\u00f6l"},"content":{"rendered":"<p>Genie\u00dfen Sie puren Genuss mit Earthlite Pure Organic Massage Oil. Bestehend aus 100% zertifizierten Bio-Zutaten, bietet dieses exklusive \u00d6l eine hypoallergene Erfahrung von beispielloser Qualit\u00e4t.<\/p>\n<p>Was macht dieses Massage\u00f6l so besonders?<\/p>\n<ul>\n<li>Hypoallergen: Ohne Zusatz von Chemikalien, Nuss\u00f6len, vegan und frei von Gluten, Parabenen, Mineralien und Silikonen.<\/li>\n<li>Vielseitigkeit: Das \u00d6l gleitet sanft und hat die perfekte Absorptionsrate f\u00fcr verschiedene Massagetechniken.<\/li>\n<li>Unparf\u00fcmiert: Ideal f\u00fcr die Verwendung mit Aromatherapie. F\u00fcgen Sie einfach Ihre bevorzugte \u00e4therische \u00d6lmischung hinzu, um noch tiefer zu entspannen.<\/li>\n<\/ul>\n<p>Die Inhaltsstoffe sprechen f\u00fcr sich: zertifiziertes, flockig gepresstes Bio-Distel\u00f6l, zertifiziertes, flockig gepresstes Bio-Sonnenblumen\u00f6l und Vitamin E. Erleben Sie die Reinheit und den Luxus des rein biologischen Massage\u00f6ls von Earthlite. Verwandeln Sie Ihr Massageerlebnis und g\u00f6nnen Sie sich das Beste.<\/p>\n<p>W\u00e4hlen Sie Qualit\u00e4t, w\u00e4hlen Sie Reinheit. Bestellen Sie jetzt und entdecken Sie die nat\u00fcrlichen Vorteile von Earthlite Pure Organic Massage Oil. Verw\u00f6hnen Sie sich, Ihre Haut hat es verdient.<\/p>","protected":false},"excerpt":{"rendered":"<p>Das reine Bio-Massage\u00f6l von Earthlite besteht aus 100% zertifizierten Bio-Zutaten und ist hypoallergen. Das \u00d6l besteht aus nachhaltig produzierten, hochwertig gepressten Sonnenblumen- und Saflor\u00f6len, die mit Vitamin E angereichert sind.<\/p>\n<ul>\n<li><a href=\"https:\/\/b2b.earthlite.eu\/media\/wysiwyg\/SalesSheets\/2023-Reupload\/Massage_Oils_-_1-300-0087_-_Rev_050422.pdf\" target=\"_blank\" rel=\"noopener\">Offizielles Earthlite-Verkaufsblatt<\/a><\/li>\n<\/ul>\n<p>&nbsp;<\/p>","protected":false},"featured_media":3100,"comment_status":"open","ping_status":"closed","template":"","meta":[],"product_brand":[343],"product_cat":[115],"product_tag":[85,156,159],"class_list":{"0":"post-3101","1":"product","2":"type-product","3":"status-publish","4":"has-post-thumbnail","6":"product_brand-earthlite","7":"product_cat-massageolie","8":"product_tag-earthlite","9":"product_tag-massage-olie","10":"product_tag-organic","11":"product_shipping_class-klein-pakket","13":"first","14":"instock","15":"taxable","16":"shipping-taxable","17":"purchasable","18":"product-type-variable"},"yoast_head":"<!-- This site is optimized with the Yoast SEO Premium plugin v27.4 (Yoast SEO v27.4) - https:\/\/yoast.com\/product\/yoast-seo-premium-wordpress\/ -->\n<title>Earthlite Pure Organic Massage Olie - TouchPro Europe Shop<\/title>\n<meta name=\"description\" content=\"Geniet van pure verwennerij met Earthlite Pure Organic Massage Olie \ud83d\udc86\u200d\u2642\ufe0f. 100% gecertificeerd en hypoallergeen. Ontdek het nu!\ud83d\udc40\" \/>\n<meta name=\"robots\" content=\"index, follow, max-snippet:-1, max-image-preview:large, max-video-preview:-1\" \/>\n<link rel=\"canonical\" href=\"https:\/\/touchproeurope.eu\/de\/product\/earthlite-reines-bio-massageol\/\" \/>\n<meta property=\"og:locale\" content=\"de_DE\" \/>\n<meta property=\"og:type\" content=\"article\" \/>\n<meta property=\"og:title\" content=\"Earthlite Pure Organic Massage Olie\" \/>\n<meta property=\"og:description\" content=\"Geniet van pure verwennerij met Earthlite Pure Organic Massage Olie \ud83d\udc86\u200d\u2642\ufe0f. 100% gecertificeerd en hypoallergeen. Ontdek het nu!\ud83d\udc40\" \/>\n<meta property=\"og:url\" content=\"https:\/\/touchproeurope.eu\/de\/product\/earthlite-reines-bio-massageol\/\" \/>\n<meta property=\"og:site_name\" content=\"TouchPro Europe Shop\" \/>\n<meta property=\"article:publisher\" content=\"https:\/\/www.facebook.com\/TouchproNederland\/?locale=nl_NL%2f\" \/>\n<meta property=\"article:modified_time\" content=\"2026-04-22T09:32:51+00:00\" \/>\n<meta property=\"og:image\" content=\"https:\/\/touchproeurope.eu\/wp-content\/uploads\/2023\/11\/3962751996-e1701527606711.jpg\" \/>\n\t<meta property=\"og:image:width\" content=\"800\" \/>\n\t<meta property=\"og:image:height\" content=\"800\" \/>\n\t<meta property=\"og:image:type\" content=\"image\/jpeg\" \/>\n<meta name=\"twitter:card\" content=\"summary_large_image\" \/>\n<meta name=\"twitter:label1\" content=\"Verf\u00fcgbarkeit\" \/>\n\t<meta name=\"twitter:data1\" content=\"Auf Lager\" \/>\n<script type=\"application\/ld+json\" class=\"yoast-schema-graph\">{\"@context\":\"https:\\\/\\\/schema.org\",\"@graph\":[{\"@type\":\"WebPage\",\"@id\":\"https:\\\/\\\/touchproeurope.eu\\\/product\\\/earthlite-pure-organic-massage-olie\\\/\",\"url\":\"https:\\\/\\\/touchproeurope.eu\\\/product\\\/earthlite-pure-organic-massage-olie\\\/\",\"name\":\"Earthlite Pure Organic Massage Olie - TouchPro Europe Shop\",\"isPartOf\":{\"@id\":\"https:\\\/\\\/touchproeurope.eu\\\/#website\"},\"primaryImageOfPage\":{\"@id\":\"https:\\\/\\\/touchproeurope.eu\\\/product\\\/earthlite-pure-organic-massage-olie\\\/#primaryimage\"},\"image\":{\"@id\":\"https:\\\/\\\/touchproeurope.eu\\\/product\\\/earthlite-pure-organic-massage-olie\\\/#primaryimage\"},\"thumbnailUrl\":\"https:\\\/\\\/i0.wp.com\\\/touchproeurope.eu\\\/wp-content\\\/uploads\\\/2023\\\/11\\\/3962751996-e1701527606711.jpg?fit=800%2C800&ssl=1\",\"datePublished\":\"2023-11-09T16:05:06+00:00\",\"dateModified\":\"2026-04-22T09:32:51+00:00\",\"description\":\"Geniet van pure verwennerij met Earthlite Pure Organic Massage Olie \ud83d\udc86\u200d\u2642\ufe0f. 100% gecertificeerd en hypoallergeen. Ontdek het nu!\ud83d\udc40\",\"breadcrumb\":{\"@id\":\"https:\\\/\\\/touchproeurope.eu\\\/product\\\/earthlite-pure-organic-massage-olie\\\/#breadcrumb\"},\"inLanguage\":\"de\",\"potentialAction\":[{\"@type\":\"ReadAction\",\"target\":[\"https:\\\/\\\/touchproeurope.eu\\\/product\\\/earthlite-pure-organic-massage-olie\\\/\"]}]},{\"@type\":\"ImageObject\",\"inLanguage\":\"de\",\"@id\":\"https:\\\/\\\/touchproeurope.eu\\\/product\\\/earthlite-pure-organic-massage-olie\\\/#primaryimage\",\"url\":\"https:\\\/\\\/i0.wp.com\\\/touchproeurope.eu\\\/wp-content\\\/uploads\\\/2023\\\/11\\\/3962751996-e1701527606711.jpg?fit=800%2C800&ssl=1\",\"contentUrl\":\"https:\\\/\\\/i0.wp.com\\\/touchproeurope.eu\\\/wp-content\\\/uploads\\\/2023\\\/11\\\/3962751996-e1701527606711.jpg?fit=800%2C800&ssl=1\",\"width\":800,\"height\":800,\"caption\":\"Earthlite |Pure Organic Massage olie\"},{\"@type\":\"BreadcrumbList\",\"@id\":\"https:\\\/\\\/touchproeurope.eu\\\/product\\\/earthlite-pure-organic-massage-olie\\\/#breadcrumb\",\"itemListElement\":[{\"@type\":\"ListItem\",\"position\":1,\"name\":\"Home\",\"item\":\"https:\\\/\\\/touchproeurope.eu\\\/\"},{\"@type\":\"ListItem\",\"position\":2,\"name\":\"Winkel\",\"item\":\"https:\\\/\\\/touchproeurope.eu\\\/winkel\\\/\"},{\"@type\":\"ListItem\",\"position\":3,\"name\":\"Earthlite Pure Organic Massage Olie\"}]},{\"@type\":\"WebSite\",\"@id\":\"https:\\\/\\\/touchproeurope.eu\\\/#website\",\"url\":\"https:\\\/\\\/touchproeurope.eu\\\/\",\"name\":\"TouchPro Europe Shop\",\"description\":\"Alles voor jouw praktijk met een PROfessionele Touch!\",\"publisher\":{\"@id\":\"https:\\\/\\\/touchproeurope.eu\\\/#organization\"},\"alternateName\":\"TPE\",\"potentialAction\":[{\"@type\":\"SearchAction\",\"target\":{\"@type\":\"EntryPoint\",\"urlTemplate\":\"https:\\\/\\\/touchproeurope.eu\\\/?s={search_term_string}\"},\"query-input\":{\"@type\":\"PropertyValueSpecification\",\"valueRequired\":true,\"valueName\":\"search_term_string\"}}],\"inLanguage\":\"de\"},{\"@type\":\"Organization\",\"@id\":\"https:\\\/\\\/touchproeurope.eu\\\/#organization\",\"name\":\"TouchPro Europe BV\",\"alternateName\":\"TPE\",\"url\":\"https:\\\/\\\/touchproeurope.eu\\\/\",\"logo\":{\"@type\":\"ImageObject\",\"inLanguage\":\"de\",\"@id\":\"https:\\\/\\\/touchproeurope.eu\\\/#\\\/schema\\\/logo\\\/image\\\/\",\"url\":\"https:\\\/\\\/i0.wp.com\\\/touchproeurope.eu\\\/wp-content\\\/uploads\\\/2023\\\/10\\\/2b592c_b6944d80811246d987cc2c29accedf3f.png?fit=1417%2C531&ssl=1\",\"contentUrl\":\"https:\\\/\\\/i0.wp.com\\\/touchproeurope.eu\\\/wp-content\\\/uploads\\\/2023\\\/10\\\/2b592c_b6944d80811246d987cc2c29accedf3f.png?fit=1417%2C531&ssl=1\",\"width\":1417,\"height\":531,\"caption\":\"TouchPro Europe BV\"},\"image\":{\"@id\":\"https:\\\/\\\/touchproeurope.eu\\\/#\\\/schema\\\/logo\\\/image\\\/\"},\"sameAs\":[\"https:\\\/\\\/www.facebook.com\\\/TouchproNederland\\\/?locale=nl_NL\\\/\",\"https:\\\/\\\/www.instagram.com\\\/touchpro2016\\\/\",\"https:\\\/\\\/www.linkedin.com\\\/company\\\/touchpro-europe-bv\\\/\"],\"description\":\"TouchPro Europe Shop is de massage winkel van Europa. Wij verkopen topkwaliteit massageproducten aan masseurs, pedicures, fysiotherapeuten, manicuren, Wellness centra, opleidingen, etc. TouchPro begon als een kleine webshop in Nederland, maar is nu uitgegroeid tot een webshop met klanten uit heel Europa. Wij bieden een breed assortiment aan massageproducten, waaronder massagetafels, oli\u00ebn, cr\u00e8mes, en accessoires van topmerken, zoals Earthlite, Stronglite en InnerStrenght, Habys, Living Earth Crafts en Continuum en andere leveranciers van massage accessoires. Bestel hier de beste massagematerialen van Europa!\",\"email\":\"info@touchpro-europe.com\",\"telephone\":\"0858768829\",\"legalName\":\"TouchPro Europe BV\",\"foundingDate\":\"2018-01-11\",\"vatID\":\"NL855430151B01\",\"numberOfEmployees\":{\"@type\":\"QuantitativeValue\",\"minValue\":\"1\",\"maxValue\":\"10\"},\"hasMerchantReturnPolicy\":{\"@type\":\"MerchantReturnPolicy\",\"merchantReturnLink\":\"https:\\\/\\\/touchproeurope.eu\\\/de\\\/retourbeleid\\\/\"}}]}<\/script>\n<meta property=\"og:availability\" content=\"instock\" \/>\n<meta property=\"product:availability\" content=\"instock\" \/>\n<meta property=\"product:retailer_item_id\" content=\"53500\" \/>\n<meta property=\"product:condition\" content=\"new\" \/>\n<!-- \/ Yoast SEO Premium plugin. -->","yoast_head_json":{"title":"Earthlite Reines Bio-Massage\u00f6l - TouchPro Europe Shop","description":"Genie\u00dfen Sie puren Genuss mit Earthlite Pure Organic Massage Oil \ud83d\udc86\u200d\u2642\ufe0f. 100% zertifiziert und hypoallergen. Entdecken Sie es jetzt!\ud83d\udc40","robots":{"index":"index","follow":"follow","max-snippet":"max-snippet:-1","max-image-preview":"max-image-preview:large","max-video-preview":"max-video-preview:-1"},"canonical":"https:\/\/touchproeurope.eu\/de\/product\/earthlite-reines-bio-massageol\/","og_locale":"de_DE","og_type":"article","og_title":"Earthlite Pure Organic Massage Olie","og_description":"Geniet van pure verwennerij met Earthlite Pure Organic Massage Olie \ud83d\udc86\u200d\u2642\ufe0f. 100% gecertificeerd en hypoallergeen. Ontdek het nu!\ud83d\udc40","og_url":"https:\/\/touchproeurope.eu\/de\/product\/earthlite-reines-bio-massageol\/","og_site_name":"TouchPro Europe Shop","article_publisher":"https:\/\/www.facebook.com\/TouchproNederland\/?locale=nl_NL%2f","article_modified_time":"2026-04-22T09:32:51+00:00","og_image":[{"width":800,"height":800,"url":"https:\/\/touchproeurope.eu\/wp-content\/uploads\/2023\/11\/3962751996-e1701527606711.jpg","type":"image\/jpeg"}],"twitter_card":"summary_large_image","twitter_misc":{"Verf\u00fcgbarkeit":"Auf Lager"},"schema":{"@context":"https:\/\/schema.org","@graph":[{"@type":"WebPage","@id":"https:\/\/touchproeurope.eu\/product\/earthlite-pure-organic-massage-olie\/","url":"https:\/\/touchproeurope.eu\/product\/earthlite-pure-organic-massage-olie\/","name":"Earthlite Reines Bio-Massage\u00f6l - TouchPro Europe Shop","isPartOf":{"@id":"https:\/\/touchproeurope.eu\/#website"},"primaryImageOfPage":{"@id":"https:\/\/touchproeurope.eu\/product\/earthlite-pure-organic-massage-olie\/#primaryimage"},"image":{"@id":"https:\/\/touchproeurope.eu\/product\/earthlite-pure-organic-massage-olie\/#primaryimage"},"thumbnailUrl":"https:\/\/i0.wp.com\/touchproeurope.eu\/wp-content\/uploads\/2023\/11\/3962751996-e1701527606711.jpg?fit=800%2C800&ssl=1","datePublished":"2023-11-09T16:05:06+00:00","dateModified":"2026-04-22T09:32:51+00:00","description":"Genie\u00dfen Sie puren Genuss mit Earthlite Pure Organic Massage Oil \ud83d\udc86\u200d\u2642\ufe0f. 100% zertifiziert und hypoallergen. Entdecken Sie es jetzt!\ud83d\udc40","breadcrumb":{"@id":"https:\/\/touchproeurope.eu\/product\/earthlite-pure-organic-massage-olie\/#breadcrumb"},"inLanguage":"de","potentialAction":[{"@type":"ReadAction","target":["https:\/\/touchproeurope.eu\/product\/earthlite-pure-organic-massage-olie\/"]}]},{"@type":"ImageObject","inLanguage":"de","@id":"https:\/\/touchproeurope.eu\/product\/earthlite-pure-organic-massage-olie\/#primaryimage","url":"https:\/\/i0.wp.com\/touchproeurope.eu\/wp-content\/uploads\/2023\/11\/3962751996-e1701527606711.jpg?fit=800%2C800&ssl=1","contentUrl":"https:\/\/i0.wp.com\/touchproeurope.eu\/wp-content\/uploads\/2023\/11\/3962751996-e1701527606711.jpg?fit=800%2C800&ssl=1","width":800,"height":800,"caption":"Earthlite |Pure Organic Massage olie"},{"@type":"BreadcrumbList","@id":"https:\/\/touchproeurope.eu\/product\/earthlite-pure-organic-massage-olie\/#breadcrumb","itemListElement":[{"@type":"ListItem","position":1,"name":"Home","item":"https:\/\/touchproeurope.eu\/"},{"@type":"ListItem","position":2,"name":"Winkel","item":"https:\/\/touchproeurope.eu\/winkel\/"},{"@type":"ListItem","position":3,"name":"Earthlite Pure Organic Massage Olie"}]},{"@type":"WebSite","@id":"https:\/\/touchproeurope.eu\/#website","url":"https:\/\/touchproeurope.eu\/","name":"TouchPro Europe Shop","description":"Alles f\u00fcr Ihre Praxis mit einem PROfessional Touch!","publisher":{"@id":"https:\/\/touchproeurope.eu\/#organization"},"alternateName":"TPE","potentialAction":[{"@type":"SearchAction","target":{"@type":"EntryPoint","urlTemplate":"https:\/\/touchproeurope.eu\/?s={search_term_string}"},"query-input":{"@type":"PropertyValueSpecification","valueRequired":true,"valueName":"search_term_string"}}],"inLanguage":"de"},{"@type":"Organization","@id":"https:\/\/touchproeurope.eu\/#organization","name":"TouchPro Europa BV","alternateName":"TPE","url":"https:\/\/touchproeurope.eu\/","logo":{"@type":"ImageObject","inLanguage":"de","@id":"https:\/\/touchproeurope.eu\/#\/schema\/logo\/image\/","url":"https:\/\/i0.wp.com\/touchproeurope.eu\/wp-content\/uploads\/2023\/10\/2b592c_b6944d80811246d987cc2c29accedf3f.png?fit=1417%2C531&ssl=1","contentUrl":"https:\/\/i0.wp.com\/touchproeurope.eu\/wp-content\/uploads\/2023\/10\/2b592c_b6944d80811246d987cc2c29accedf3f.png?fit=1417%2C531&ssl=1","width":1417,"height":531,"caption":"TouchPro Europe BV"},"image":{"@id":"https:\/\/touchproeurope.eu\/#\/schema\/logo\/image\/"},"sameAs":["https:\/\/www.facebook.com\/TouchproNederland\/?locale=nl_NL\/","https:\/\/www.instagram.com\/touchpro2016\/","https:\/\/www.linkedin.com\/company\/touchpro-europe-bv\/"],"description":"TouchPro Europe Shop ist das Massagegesch\u00e4ft in Europa. Wir verkaufen hochwertige Massageprodukte an Masseure, Fu\u00dfpfleger, Physiotherapeuten, Manik\u00fcre, Wellness-Zentren, Ausbildungskurse, usw. TouchPro begann als kleines Gesch\u00e4ft in den Niederlanden, hat sich aber inzwischen zu einem Gesch\u00e4ft mit Kunden aus ganz Europa entwickelt. Wir bieten eine gro\u00dfe Auswahl an Massageprodukten, darunter Massageliegen, \u00d6le, Cremes und Zubeh\u00f6r von Top-Marken wie Earthlite, Stronglite und InnerStrenght, Habys, Living Earth Crafts und Continuum sowie anderen Lieferanten von Massagezubeh\u00f6r. Bestellen Sie hier die besten Massageprodukte Europas!","email":"info@touchpro-europe.com","telephone":"0858768829","legalName":"TouchPro Europe BV","foundingDate":"2018-01-11","vatID":"NL855430151B01","numberOfEmployees":{"@type":"QuantitativeValue","minValue":"1","maxValue":"10"},"hasMerchantReturnPolicy":{"@type":"MerchantReturnPolicy","merchantReturnLink":"https:\/\/touchproeurope.eu\/de\/retourbeleid\/"}}]},"og_availability":"instock","product_availability":"instock","product_retailer_item_id":"53500","product_condition":"new"},"_links":{"self":[{"href":"https:\/\/touchproeurope.eu\/de\/wp-json\/wp\/v2\/product\/3101","targetHints":{"allow":["GET"]}}],"collection":[{"href":"https:\/\/touchproeurope.eu\/de\/wp-json\/wp\/v2\/product"}],"about":[{"href":"https:\/\/touchproeurope.eu\/de\/wp-json\/wp\/v2\/types\/product"}],"replies":[{"embeddable":true,"href":"https:\/\/touchproeurope.eu\/de\/wp-json\/wp\/v2\/comments?post=3101"}],"version-history":[{"count":3,"href":"https:\/\/touchproeurope.eu\/de\/wp-json\/wp\/v2\/product\/3101\/revisions"}],"predecessor-version":[{"id":4275,"href":"https:\/\/touchproeurope.eu\/de\/wp-json\/wp\/v2\/product\/3101\/revisions\/4275"}],"wp:featuredmedia":[{"embeddable":true,"href":"https:\/\/touchproeurope.eu\/de\/wp-json\/wp\/v2\/media\/3100"}],"wp:attachment":[{"href":"https:\/\/touchproeurope.eu\/de\/wp-json\/wp\/v2\/media?parent=3101"}],"wp:term":[{"taxonomy":"product_brand","embeddable":true,"href":"https:\/\/touchproeurope.eu\/de\/wp-json\/wp\/v2\/product_brand?post=3101"},{"taxonomy":"product_cat","embeddable":true,"href":"https:\/\/touchproeurope.eu\/de\/wp-json\/wp\/v2\/product_cat?post=3101"},{"taxonomy":"product_tag","embeddable":true,"href":"https:\/\/touchproeurope.eu\/de\/wp-json\/wp\/v2\/product_tag?post=3101"}],"curies":[{"name":"wp","href":"https:\/\/api.w.org\/{rel}","templated":true}]}}