{"id":3103,"date":"2023-11-09T16:05:11","date_gmt":"2023-11-09T16:05:11","guid":{"rendered":"https:\/\/touchproeurope.eu\/?post_type=product&#038;p=3103"},"modified":"2026-04-22T09:31:58","modified_gmt":"2026-04-22T09:31:58","slug":"dlx-digitaler-massagetischwarmer","status":"publish","type":"product","link":"https:\/\/touchproeurope.eu\/de\/product\/dlx-digital-massagetafel-warmer\/","title":{"rendered":"DLX Digitaler Massagetischw\u00e4rmer"},"content":{"rendered":"<p>Der DLX\u2122 Massagetischw\u00e4rmer von Earthlite: Luxuri\u00f6se W\u00e4rme f\u00fcr un\u00fcbertroffenen Komfort. Verw\u00f6hnen Sie Ihre Kunden mit dem ultimativen W\u00e4rmeerlebnis dank des DLX\u2122 Massage Table Warmer von Earthlite. Dieses Premium-Heizkissen mit einem \u00fcppigen Fleece-Au\u00dfenmaterial bietet nicht nur luxuri\u00f6sen Komfort, sondern hebt Ihre Massagepraxis auf die n\u00e4chste Stufe.<\/p>\n<p>Vorteile, die Sie erwarten k\u00f6nnen:<\/p>\n<ol>\n<li>Zwei-in-Eins-Massagetischw\u00e4rmer &amp; Fleece-Pad: Dank des hochwertigen 2,5 cm (1\u201d) dicken Fleece-Heizkissens bleiben Ihre Kunden auch in den k\u00e4ltesten Umgebungen warm und gem\u00fctlich.<\/li>\n<li>Propriet\u00e4re digitale Touchscreen-Steuerung: Mit dem digitalen Touchscreen wird die Programmierung zum Kinderspiel. Er dimmt sich automatisch nach 1 Minute Inaktivit\u00e4t und spart so Energie.<\/li>\n<li>Digital gesteuerte Temperatur und Zeitschaltuhr: W\u00e4hlen Sie mit den einfachen Bedienelementen die perfekte Temperatur (bis zu 135 Grad) f\u00fcr Ihre Kunden. Stellen Sie den Timer in Schritten von einer halben Stunde bis zu 10 Stunden ein.<\/li>\n<li>\u00dcberhitzungsschutz und automatische Abschaltung: Die exklusive digitale Schaltung bietet ultimative Sicherheit und Komfort, so dass Sie unbesorgt arbeiten k\u00f6nnen.<\/li>\n<li>Gro\u00dfz\u00fcgige Gr\u00f6\u00dfe und robustes Design: Geeignet f\u00fcr alle Massageliegen in voller Gr\u00f6\u00dfe (33 \u201dx73 \u201dx8\u201d). Die elastische Einfassung h\u00e4lt die Heizung sicher an ihrem Platz. Mit einem praktischen 3m (9ft) Stromkabel, das m\u00fchelos Wandsteckdosen erreicht. Maschinenwaschbar: Der abnehmbare Vliesbezug kann in der Maschine gewaschen werden, was Hygiene und Wartung erleichtert.<\/li>\n<\/ol>\n<p>Investieren Sie in das Beste f\u00fcr Ihre Kunden und Ihre Praxis mit dem DLX\u2122-Massagetischw\u00e4rmer von Earthlite. Machen Sie jede Behandlung zu einem unvergesslichen Erlebnis. Bestellen Sie jetzt und bieten Sie Ihren Kunden den Komfort, den sie verdienen!<\/p>","protected":false},"excerpt":{"rendered":"<p><strong>Der aktualisierte Earthlite DLX-Tischw\u00e4rmer bietet Ihren Kunden zus\u00e4tzlichen Komfort und besteht jetzt aus einem 2-in-1-Tischw\u00e4rmer.<\/strong><\/p>\n<div>\n<ul>\n<li>Weiches 2,5 cm dickes \u201cSchaffell\u201d, abnehmbar vom darunter liegenden Tischw\u00e4rmer<\/li>\n<li>Die Vlieseinlage ist maschinenwaschbar<\/li>\n<li>Ein Klettverschluss verhindert, dass das Schaffell auf dem Tischw\u00e4rmer herumrutscht<\/li>\n<li>Digitale Steuerung und Timer, mit denen Zeit und Temperatur eingestellt werden k\u00f6nnen.<\/li>\n<li>Einstellbare Zeit und Temperatur<\/li>\n<li>Schnellw\u00e4rmefunktion<\/li>\n<li>Automatischer Schutz vor \u00dcberhitzung<\/li>\n<li>Isoliermaterial sch\u00fctzt die Massageliege<\/li>\n<li>Ger\u00e4umige Passform 84 x 185 x 20 cm<\/li>\n<li>Offizielles Verkaufsblatt <a href=\"\/de\/Users\/Nicole\/AppData\/Local\/Microsoft\/Windows\/INetCache\/Content.Outlook\/8W7W19U0\/DLX%20Digital%20Table%20Warmer%20-%201-300-0166%20-%20Rev_072621.pdf\/\" target=\"_blank\" rel=\"noopener\">DLX-Tischw\u00e4rmer<\/a><\/li>\n<\/ul>\n<div><strong>\u00a0<\/strong><\/div>\n<\/div>","protected":false},"featured_media":5091,"comment_status":"open","ping_status":"closed","template":"","meta":[],"product_brand":[343],"product_cat":[99,104],"product_tag":[237,85,236],"class_list":{"0":"post-3103","1":"product","2":"type-product","3":"status-publish","4":"has-post-thumbnail","6":"product_brand-earthlite","7":"product_cat-accessoires","8":"product_cat-tafelwarmers","9":"product_tag-digitale-verwarmer","10":"product_tag-earthlite","11":"product_tag-massagetafel-warmer","12":"product_shipping_class-klein-pakket","14":"first","15":"instock","16":"taxable","17":"shipping-taxable","18":"purchasable","19":"product-type-simple"},"yoast_head":"<!-- This site is optimized with the Yoast SEO Premium plugin v27.4 (Yoast SEO v27.4) - https:\/\/yoast.com\/product\/yoast-seo-premium-wordpress\/ -->\n<title>DLX Digital Massagetafel warmer - TouchPro Europe Shop<\/title>\n<meta name=\"description\" content=\"Ontdek de ultieme warmte-ervaring met Earthlite&#039;s DLX\u2122 Massagetafel warmer! Verwen uw cli\u00ebnten met een luxueus comfort. Bestel nu!\" \/>\n<meta name=\"robots\" content=\"index, follow, max-snippet:-1, max-image-preview:large, max-video-preview:-1\" \/>\n<link rel=\"canonical\" href=\"https:\/\/touchproeurope.eu\/de\/product\/dlx-digitaler-massagetischwarmer\/\" \/>\n<meta property=\"og:locale\" content=\"de_DE\" \/>\n<meta property=\"og:type\" content=\"article\" \/>\n<meta property=\"og:title\" content=\"DLX Digital Massagetafel warmer\" \/>\n<meta property=\"og:description\" content=\"Ontdek de ultieme warmte-ervaring met Earthlite&#039;s DLX\u2122 Massagetafel warmer! Verwen uw cli\u00ebnten met een luxueus comfort. Bestel nu!\" \/>\n<meta property=\"og:url\" content=\"https:\/\/touchproeurope.eu\/de\/product\/dlx-digitaler-massagetischwarmer\/\" \/>\n<meta property=\"og:site_name\" content=\"TouchPro Europe Shop\" \/>\n<meta property=\"article:publisher\" content=\"https:\/\/www.facebook.com\/TouchproNederland\/?locale=nl_NL%2f\" \/>\n<meta property=\"article:modified_time\" content=\"2026-04-22T09:31:58+00:00\" \/>\n<meta property=\"og:image\" content=\"https:\/\/touchproeurope.eu\/wp-content\/uploads\/2023\/11\/127-min.jpg\" \/>\n\t<meta property=\"og:image:width\" content=\"800\" \/>\n\t<meta property=\"og:image:height\" content=\"800\" \/>\n\t<meta property=\"og:image:type\" content=\"image\/jpeg\" \/>\n<meta name=\"twitter:card\" content=\"summary_large_image\" \/>\n<meta name=\"twitter:label1\" content=\"Preis\" \/>\n\t<meta name=\"twitter:data1\" content=\"&euro;&nbsp;145,00 incl. BTW\" \/>\n\t<meta name=\"twitter:label2\" content=\"Verf\u00fcgbarkeit\" \/>\n\t<meta name=\"twitter:data2\" content=\"Auf Lager\" \/>\n<script type=\"application\/ld+json\" class=\"yoast-schema-graph\">{\"@context\":\"https:\\\/\\\/schema.org\",\"@graph\":[{\"@type\":\"WebPage\",\"@id\":\"https:\\\/\\\/touchproeurope.eu\\\/product\\\/dlx-digital-massagetafel-warmer\\\/\",\"url\":\"https:\\\/\\\/touchproeurope.eu\\\/product\\\/dlx-digital-massagetafel-warmer\\\/\",\"name\":\"DLX Digital Massagetafel warmer - TouchPro Europe Shop\",\"isPartOf\":{\"@id\":\"https:\\\/\\\/touchproeurope.eu\\\/#website\"},\"primaryImageOfPage\":{\"@id\":\"https:\\\/\\\/touchproeurope.eu\\\/product\\\/dlx-digital-massagetafel-warmer\\\/#primaryimage\"},\"image\":{\"@id\":\"https:\\\/\\\/touchproeurope.eu\\\/product\\\/dlx-digital-massagetafel-warmer\\\/#primaryimage\"},\"thumbnailUrl\":\"https:\\\/\\\/i0.wp.com\\\/touchproeurope.eu\\\/wp-content\\\/uploads\\\/2023\\\/11\\\/127-min.jpg?fit=800%2C800&ssl=1\",\"datePublished\":\"2023-11-09T16:05:11+00:00\",\"dateModified\":\"2026-04-22T09:31:58+00:00\",\"description\":\"Ontdek de ultieme warmte-ervaring met Earthlite's DLX\u2122 Massagetafel warmer! Verwen uw cli\u00ebnten met een luxueus comfort. Bestel nu!\",\"breadcrumb\":{\"@id\":\"https:\\\/\\\/touchproeurope.eu\\\/product\\\/dlx-digital-massagetafel-warmer\\\/#breadcrumb\"},\"inLanguage\":\"de\",\"potentialAction\":[{\"@type\":\"ReadAction\",\"target\":[\"https:\\\/\\\/touchproeurope.eu\\\/product\\\/dlx-digital-massagetafel-warmer\\\/\"]}]},{\"@type\":\"ImageObject\",\"inLanguage\":\"de\",\"@id\":\"https:\\\/\\\/touchproeurope.eu\\\/product\\\/dlx-digital-massagetafel-warmer\\\/#primaryimage\",\"url\":\"https:\\\/\\\/i0.wp.com\\\/touchproeurope.eu\\\/wp-content\\\/uploads\\\/2023\\\/11\\\/127-min.jpg?fit=800%2C800&ssl=1\",\"contentUrl\":\"https:\\\/\\\/i0.wp.com\\\/touchproeurope.eu\\\/wp-content\\\/uploads\\\/2023\\\/11\\\/127-min.jpg?fit=800%2C800&ssl=1\",\"width\":800,\"height\":800,\"caption\":\"DLX Digital Massagetafel warmer\"},{\"@type\":\"BreadcrumbList\",\"@id\":\"https:\\\/\\\/touchproeurope.eu\\\/product\\\/dlx-digital-massagetafel-warmer\\\/#breadcrumb\",\"itemListElement\":[{\"@type\":\"ListItem\",\"position\":1,\"name\":\"Home\",\"item\":\"https:\\\/\\\/touchproeurope.eu\\\/\"},{\"@type\":\"ListItem\",\"position\":2,\"name\":\"Winkel\",\"item\":\"https:\\\/\\\/touchproeurope.eu\\\/winkel\\\/\"},{\"@type\":\"ListItem\",\"position\":3,\"name\":\"DLX Digital Massagetafel warmer\"}]},{\"@type\":\"WebSite\",\"@id\":\"https:\\\/\\\/touchproeurope.eu\\\/#website\",\"url\":\"https:\\\/\\\/touchproeurope.eu\\\/\",\"name\":\"TouchPro Europe Shop\",\"description\":\"Alles voor jouw praktijk met een PROfessionele Touch!\",\"publisher\":{\"@id\":\"https:\\\/\\\/touchproeurope.eu\\\/#organization\"},\"alternateName\":\"TPE\",\"potentialAction\":[{\"@type\":\"SearchAction\",\"target\":{\"@type\":\"EntryPoint\",\"urlTemplate\":\"https:\\\/\\\/touchproeurope.eu\\\/?s={search_term_string}\"},\"query-input\":{\"@type\":\"PropertyValueSpecification\",\"valueRequired\":true,\"valueName\":\"search_term_string\"}}],\"inLanguage\":\"de\"},{\"@type\":\"Organization\",\"@id\":\"https:\\\/\\\/touchproeurope.eu\\\/#organization\",\"name\":\"TouchPro Europe BV\",\"alternateName\":\"TPE\",\"url\":\"https:\\\/\\\/touchproeurope.eu\\\/\",\"logo\":{\"@type\":\"ImageObject\",\"inLanguage\":\"de\",\"@id\":\"https:\\\/\\\/touchproeurope.eu\\\/#\\\/schema\\\/logo\\\/image\\\/\",\"url\":\"https:\\\/\\\/i0.wp.com\\\/touchproeurope.eu\\\/wp-content\\\/uploads\\\/2023\\\/10\\\/2b592c_b6944d80811246d987cc2c29accedf3f.png?fit=1417%2C531&ssl=1\",\"contentUrl\":\"https:\\\/\\\/i0.wp.com\\\/touchproeurope.eu\\\/wp-content\\\/uploads\\\/2023\\\/10\\\/2b592c_b6944d80811246d987cc2c29accedf3f.png?fit=1417%2C531&ssl=1\",\"width\":1417,\"height\":531,\"caption\":\"TouchPro Europe BV\"},\"image\":{\"@id\":\"https:\\\/\\\/touchproeurope.eu\\\/#\\\/schema\\\/logo\\\/image\\\/\"},\"sameAs\":[\"https:\\\/\\\/www.facebook.com\\\/TouchproNederland\\\/?locale=nl_NL\\\/\",\"https:\\\/\\\/www.instagram.com\\\/touchpro2016\\\/\",\"https:\\\/\\\/www.linkedin.com\\\/company\\\/touchpro-europe-bv\\\/\"],\"description\":\"TouchPro Europe Shop is de massage winkel van Europa. Wij verkopen topkwaliteit massageproducten aan masseurs, pedicures, fysiotherapeuten, manicuren, Wellness centra, opleidingen, etc. TouchPro begon als een kleine webshop in Nederland, maar is nu uitgegroeid tot een webshop met klanten uit heel Europa. Wij bieden een breed assortiment aan massageproducten, waaronder massagetafels, oli\u00ebn, cr\u00e8mes, en accessoires van topmerken, zoals Earthlite, Stronglite en InnerStrenght, Habys, Living Earth Crafts en Continuum en andere leveranciers van massage accessoires. Bestel hier de beste massagematerialen van Europa!\",\"email\":\"info@touchpro-europe.com\",\"telephone\":\"0858768829\",\"legalName\":\"TouchPro Europe BV\",\"foundingDate\":\"2018-01-11\",\"vatID\":\"NL855430151B01\",\"numberOfEmployees\":{\"@type\":\"QuantitativeValue\",\"minValue\":\"1\",\"maxValue\":\"10\"},\"hasMerchantReturnPolicy\":{\"@type\":\"MerchantReturnPolicy\",\"merchantReturnLink\":\"https:\\\/\\\/touchproeurope.eu\\\/de\\\/retourbeleid\\\/\"}}]}<\/script>\n<meta property=\"product:price:amount\" content=\"145.00\" \/>\n<meta property=\"product:price:currency\" content=\"EUR\" \/>\n<meta property=\"og:availability\" content=\"instock\" \/>\n<meta property=\"product:availability\" content=\"instock\" \/>\n<meta property=\"product:retailer_item_id\" content=\"54401\" \/>\n<meta property=\"product:condition\" content=\"new\" \/>\n<!-- \/ Yoast SEO Premium plugin. -->","yoast_head_json":{"title":"DLX Digitaler Massagetischw\u00e4rmer - TouchPro Europe Shop","description":"Entdecken Sie das ultimative W\u00e4rmeerlebnis mit dem DLX\u2122 Massagetischw\u00e4rmer von Earthlite! Verw\u00f6hnen Sie Ihre Kunden mit luxuri\u00f6sem Komfort. Jetzt bestellen!","robots":{"index":"index","follow":"follow","max-snippet":"max-snippet:-1","max-image-preview":"max-image-preview:large","max-video-preview":"max-video-preview:-1"},"canonical":"https:\/\/touchproeurope.eu\/de\/product\/dlx-digitaler-massagetischwarmer\/","og_locale":"de_DE","og_type":"article","og_title":"DLX Digital Massagetafel warmer","og_description":"Ontdek de ultieme warmte-ervaring met Earthlite's DLX\u2122 Massagetafel warmer! Verwen uw cli\u00ebnten met een luxueus comfort. Bestel nu!","og_url":"https:\/\/touchproeurope.eu\/de\/product\/dlx-digitaler-massagetischwarmer\/","og_site_name":"TouchPro Europe Shop","article_publisher":"https:\/\/www.facebook.com\/TouchproNederland\/?locale=nl_NL%2f","article_modified_time":"2026-04-22T09:31:58+00:00","og_image":[{"width":800,"height":800,"url":"https:\/\/touchproeurope.eu\/wp-content\/uploads\/2023\/11\/127-min.jpg","type":"image\/jpeg"}],"twitter_card":"summary_large_image","twitter_misc":{"Preis":"&euro;&nbsp;145,00 incl. BTW","Verf\u00fcgbarkeit":"Auf Lager"},"schema":{"@context":"https:\/\/schema.org","@graph":[{"@type":"WebPage","@id":"https:\/\/touchproeurope.eu\/product\/dlx-digital-massagetafel-warmer\/","url":"https:\/\/touchproeurope.eu\/product\/dlx-digital-massagetafel-warmer\/","name":"DLX Digitaler Massagetischw\u00e4rmer - TouchPro Europe Shop","isPartOf":{"@id":"https:\/\/touchproeurope.eu\/#website"},"primaryImageOfPage":{"@id":"https:\/\/touchproeurope.eu\/product\/dlx-digital-massagetafel-warmer\/#primaryimage"},"image":{"@id":"https:\/\/touchproeurope.eu\/product\/dlx-digital-massagetafel-warmer\/#primaryimage"},"thumbnailUrl":"https:\/\/i0.wp.com\/touchproeurope.eu\/wp-content\/uploads\/2023\/11\/127-min.jpg?fit=800%2C800&ssl=1","datePublished":"2023-11-09T16:05:11+00:00","dateModified":"2026-04-22T09:31:58+00:00","description":"Entdecken Sie das ultimative W\u00e4rmeerlebnis mit dem DLX\u2122 Massagetischw\u00e4rmer von Earthlite! Verw\u00f6hnen Sie Ihre Kunden mit luxuri\u00f6sem Komfort. Jetzt bestellen!","breadcrumb":{"@id":"https:\/\/touchproeurope.eu\/product\/dlx-digital-massagetafel-warmer\/#breadcrumb"},"inLanguage":"de","potentialAction":[{"@type":"ReadAction","target":["https:\/\/touchproeurope.eu\/product\/dlx-digital-massagetafel-warmer\/"]}]},{"@type":"ImageObject","inLanguage":"de","@id":"https:\/\/touchproeurope.eu\/product\/dlx-digital-massagetafel-warmer\/#primaryimage","url":"https:\/\/i0.wp.com\/touchproeurope.eu\/wp-content\/uploads\/2023\/11\/127-min.jpg?fit=800%2C800&ssl=1","contentUrl":"https:\/\/i0.wp.com\/touchproeurope.eu\/wp-content\/uploads\/2023\/11\/127-min.jpg?fit=800%2C800&ssl=1","width":800,"height":800,"caption":"DLX Digital Massagetafel warmer"},{"@type":"BreadcrumbList","@id":"https:\/\/touchproeurope.eu\/product\/dlx-digital-massagetafel-warmer\/#breadcrumb","itemListElement":[{"@type":"ListItem","position":1,"name":"Home","item":"https:\/\/touchproeurope.eu\/"},{"@type":"ListItem","position":2,"name":"Winkel","item":"https:\/\/touchproeurope.eu\/winkel\/"},{"@type":"ListItem","position":3,"name":"DLX Digital Massagetafel warmer"}]},{"@type":"WebSite","@id":"https:\/\/touchproeurope.eu\/#website","url":"https:\/\/touchproeurope.eu\/","name":"TouchPro Europe Shop","description":"Alles f\u00fcr Ihre Praxis mit einem PROfessional Touch!","publisher":{"@id":"https:\/\/touchproeurope.eu\/#organization"},"alternateName":"TPE","potentialAction":[{"@type":"SearchAction","target":{"@type":"EntryPoint","urlTemplate":"https:\/\/touchproeurope.eu\/?s={search_term_string}"},"query-input":{"@type":"PropertyValueSpecification","valueRequired":true,"valueName":"search_term_string"}}],"inLanguage":"de"},{"@type":"Organization","@id":"https:\/\/touchproeurope.eu\/#organization","name":"TouchPro Europa BV","alternateName":"TPE","url":"https:\/\/touchproeurope.eu\/","logo":{"@type":"ImageObject","inLanguage":"de","@id":"https:\/\/touchproeurope.eu\/#\/schema\/logo\/image\/","url":"https:\/\/i0.wp.com\/touchproeurope.eu\/wp-content\/uploads\/2023\/10\/2b592c_b6944d80811246d987cc2c29accedf3f.png?fit=1417%2C531&ssl=1","contentUrl":"https:\/\/i0.wp.com\/touchproeurope.eu\/wp-content\/uploads\/2023\/10\/2b592c_b6944d80811246d987cc2c29accedf3f.png?fit=1417%2C531&ssl=1","width":1417,"height":531,"caption":"TouchPro Europe BV"},"image":{"@id":"https:\/\/touchproeurope.eu\/#\/schema\/logo\/image\/"},"sameAs":["https:\/\/www.facebook.com\/TouchproNederland\/?locale=nl_NL\/","https:\/\/www.instagram.com\/touchpro2016\/","https:\/\/www.linkedin.com\/company\/touchpro-europe-bv\/"],"description":"TouchPro Europe Shop ist das Massagegesch\u00e4ft in Europa. Wir verkaufen hochwertige Massageprodukte an Masseure, Fu\u00dfpfleger, Physiotherapeuten, Manik\u00fcre, Wellness-Zentren, Ausbildungskurse, usw. TouchPro begann als kleines Gesch\u00e4ft in den Niederlanden, hat sich aber inzwischen zu einem Gesch\u00e4ft mit Kunden aus ganz Europa entwickelt. Wir bieten eine gro\u00dfe Auswahl an Massageprodukten, darunter Massageliegen, \u00d6le, Cremes und Zubeh\u00f6r von Top-Marken wie Earthlite, Stronglite und InnerStrenght, Habys, Living Earth Crafts und Continuum sowie anderen Lieferanten von Massagezubeh\u00f6r. Bestellen Sie hier die besten Massageprodukte Europas!","email":"info@touchpro-europe.com","telephone":"0858768829","legalName":"TouchPro Europe BV","foundingDate":"2018-01-11","vatID":"NL855430151B01","numberOfEmployees":{"@type":"QuantitativeValue","minValue":"1","maxValue":"10"},"hasMerchantReturnPolicy":{"@type":"MerchantReturnPolicy","merchantReturnLink":"https:\/\/touchproeurope.eu\/de\/retourbeleid\/"}}]},"product_price_amount":"145.00","product_price_currency":"EUR","og_availability":"instock","product_availability":"instock","product_retailer_item_id":"54401","product_condition":"new"},"_links":{"self":[{"href":"https:\/\/touchproeurope.eu\/de\/wp-json\/wp\/v2\/product\/3103","targetHints":{"allow":["GET"]}}],"collection":[{"href":"https:\/\/touchproeurope.eu\/de\/wp-json\/wp\/v2\/product"}],"about":[{"href":"https:\/\/touchproeurope.eu\/de\/wp-json\/wp\/v2\/types\/product"}],"replies":[{"embeddable":true,"href":"https:\/\/touchproeurope.eu\/de\/wp-json\/wp\/v2\/comments?post=3103"}],"version-history":[{"count":4,"href":"https:\/\/touchproeurope.eu\/de\/wp-json\/wp\/v2\/product\/3103\/revisions"}],"predecessor-version":[{"id":15668,"href":"https:\/\/touchproeurope.eu\/de\/wp-json\/wp\/v2\/product\/3103\/revisions\/15668"}],"wp:featuredmedia":[{"embeddable":true,"href":"https:\/\/touchproeurope.eu\/de\/wp-json\/wp\/v2\/media\/5091"}],"wp:attachment":[{"href":"https:\/\/touchproeurope.eu\/de\/wp-json\/wp\/v2\/media?parent=3103"}],"wp:term":[{"taxonomy":"product_brand","embeddable":true,"href":"https:\/\/touchproeurope.eu\/de\/wp-json\/wp\/v2\/product_brand?post=3103"},{"taxonomy":"product_cat","embeddable":true,"href":"https:\/\/touchproeurope.eu\/de\/wp-json\/wp\/v2\/product_cat?post=3103"},{"taxonomy":"product_tag","embeddable":true,"href":"https:\/\/touchproeurope.eu\/de\/wp-json\/wp\/v2\/product_tag?post=3103"}],"curies":[{"name":"wp","href":"https:\/\/api.w.org\/{rel}","templated":true}]}}