{"id":3124,"date":"2023-11-09T16:05:56","date_gmt":"2023-11-09T16:05:56","guid":{"rendered":"https:\/\/touchproeurope.eu\/?post_type=product&#038;p=3124"},"modified":"2026-03-04T16:55:30","modified_gmt":"2026-03-04T16:55:30","slug":"earthlite-calistoga-tragbare-massageliege","status":"publish","type":"product","link":"https:\/\/touchproeurope.eu\/de\/product\/earthlite-calistoga-draagbare-massagetafel\/","title":{"rendered":"Tragbare Massageliege Earthlite Calistoga"},"content":{"rendered":"<p>Entdecken Sie die ultimative Vielseitigkeit, die hohe Qualit\u00e4t und den Komfort der tragbaren Massageliege Earthlite Calistoga. Diese Liege ist nicht nur ein Symbol f\u00fcr Robustheit und Langlebigkeit, sondern kann auch m\u00fchelos in einen luxuri\u00f6sen Stuhl umgewandelt werden, was sie zur perfekten Wahl f\u00fcr Therapeuten macht, die Mobilit\u00e4t und Flexibilit\u00e4t sch\u00e4tzen.<\/p>\n<p>Das Paket enth\u00e4lt die tragbare Massageliege Earthlite Calistoga, bequeme Armlehnen, eine Fu\u00dfst\u00fctze, ein Salonkissen und ein Nackenkissen sowie eine praktische Tragetasche mit zus\u00e4tzlichem Staufach.<\/p>\n<p>Mit einem Gewicht von nur 21 kg und einem faltbaren Design ist der Calistoga ideal f\u00fcr Therapeuten, die viel unterwegs sind. Die verstellbaren R\u00fccken- und Beinteile sorgen f\u00fcr eine optimale Positionierung, w\u00e4hrend das Pro-Plush Deluxe 3-Lagen-Polster mit einer Dicke von 7,5 cm den ultimativen Komfort f\u00fcr Ihre Kunden gew\u00e4hrleistet.<\/p>\n<p>Das hochwertige Hartholzgestell garantiert Langlebigkeit, w\u00e4hrend die Breite von 69 cm und die L\u00e4nge von 155 - 196 cm (nach Verl\u00e4ngerung mit der Fu\u00dfst\u00fctze) die Vielseitigkeit dieses Tisches unterstreichen. Mit einer verstellbaren H\u00f6he von 59 - 84 cm, einer statischen Belastbarkeit von bis zu 907 kg und einem zul\u00e4ssigen Arbeitsgewicht von 227 kg erf\u00fcllt der Calistoga die h\u00f6chsten Anspr\u00fcche an Zuverl\u00e4ssigkeit und Qualit\u00e4t.<\/p>\n<p>Bestellen Sie jetzt und erfahren Sie, warum der Earthlite Calistoga die bevorzugte Wahl f\u00fcr Therapeuten ist, die nach Spitzenleistungen streben. Mit dem Calistoga haben Sie die Gewissheit, ein professionelles Instrument zu besitzen, das Mobilit\u00e4t, Komfort und Haltbarkeit nahtlos miteinander verbindet. Werten Sie Ihre Massagen auf und bieten Sie Ihren Kunden die Behandlung, die sie verdienen!<\/p>","protected":false},"excerpt":{"rendered":"<p><strong>Der Earthlite Calistoga<\/strong> - vielseitig, hochwertig und l\u00e4sst sich leicht in einen bequemen Stuhl verwandeln. Mit seiner robusten, langlebigen Konstruktion und seinem faltbaren Design ist dieser Massagetisch perfekt f\u00fcr Therapeuten, die Mobilit\u00e4t und Flexibilit\u00e4t ben\u00f6tigen. Erleben Sie Zuverl\u00e4ssigkeit, Qualit\u00e4t und Multifunktionalit\u00e4t mit dem Earthlite Calistoga. Das Paket enth\u00e4lt:<\/p>\n<ul>\n<li>Die Massageliege Earthlite Calistoga<\/li>\n<li>Bequeme Armlehnen, Fu\u00dfst\u00fctze, Lounge-Kissen und Nackenkissen<\/li>\n<li>Tragetasche mit zus\u00e4tzlichem Staufach<\/li>\n<\/ul>\n<p>Merkmale:<\/p>\n<ul>\n<li>Gewicht: 21 kg<\/li>\n<li>Verstellbare R\u00fccken- und Beinteile f\u00fcr optimale Positionierung<\/li>\n<li>Pro-Plush Deluxe 3-Schicht-Kissen von 7,5 cm Dicke<\/li>\n<li>Hochwertiger Hartholzrahmen<\/li>\n<li>Breite 69 cm<\/li>\n<li>L\u00e4nge von 155 - 196 cm (nach Verl\u00e4ngerung mit Fu\u00dfst\u00fctze)<\/li>\n<li>H\u00f6henverstellbar von 59 - 84 cm<\/li>\n<li>Statische Tragf\u00e4higkeit bis zu 907 kg<\/li>\n<li>Zul\u00e4ssiges Arbeitsgewicht von 227 kg<\/li>\n<li>Offizielles Verkaufsblatt: <a href=\"https:\/\/www.earthlite.com\/media\/wysiwyg\/SalesSheets\/2023-Reupload\/Calistoga_1-300-0090_-_Rev_012323.pdf\" target=\"_blank\" rel=\"noopener\">Calistoga<\/a><\/li>\n<\/ul>","protected":false},"featured_media":3123,"comment_status":"open","ping_status":"closed","template":"","meta":[],"product_brand":[343],"product_cat":[94,93],"product_tag":[121,122,85,39],"class_list":{"0":"post-3124","1":"product","2":"type-product","3":"status-publish","4":"has-post-thumbnail","6":"product_brand-earthlite","7":"product_cat-draagbare-massagetafels","8":"product_cat-massagetafels","9":"product_tag-calistoga","10":"product_tag-draagbaar","11":"product_tag-earthlite","12":"product_tag-massagetafel","13":"product_shipping_class-groot-pakket","14":"pa_merk-earthlite","16":"first","17":"instock","18":"taxable","19":"shipping-taxable","20":"purchasable","21":"product-type-simple"},"yoast_head":"<!-- This site is optimized with the Yoast SEO Premium plugin v27.3 (Yoast SEO v27.3) - https:\/\/yoast.com\/product\/yoast-seo-premium-wordpress\/ -->\n<title>Earthlite Calistoga draagbare Massagetafel - TouchPro Europe Shop<\/title>\n<meta name=\"description\" content=\"Ontdek de veelzijdige Earthlite Calistoga draagbare Massagetafel: mobiliteit, comfort en duurzaamheid gecombineerd. Bestel nu voor professionele massages!\" \/>\n<meta name=\"robots\" content=\"index, follow, max-snippet:-1, max-image-preview:large, max-video-preview:-1\" \/>\n<link rel=\"canonical\" href=\"https:\/\/touchproeurope.eu\/de\/product\/earthlite-calistoga-tragbare-massageliege\/\" \/>\n<meta property=\"og:locale\" content=\"de_DE\" \/>\n<meta property=\"og:type\" content=\"article\" \/>\n<meta property=\"og:title\" content=\"Earthlite Calistoga draagbare Massagetafel\" \/>\n<meta property=\"og:description\" content=\"Ontdek de veelzijdige Earthlite Calistoga draagbare Massagetafel: mobiliteit, comfort en duurzaamheid gecombineerd. Bestel nu voor professionele massages!\" \/>\n<meta property=\"og:url\" content=\"https:\/\/touchproeurope.eu\/de\/product\/earthlite-calistoga-tragbare-massageliege\/\" \/>\n<meta property=\"og:site_name\" content=\"TouchPro Europe Shop\" \/>\n<meta property=\"article:publisher\" content=\"https:\/\/www.facebook.com\/TouchproNederland\/?locale=nl_NL%2f\" \/>\n<meta property=\"article:modified_time\" content=\"2026-03-04T16:55:30+00:00\" \/>\n<meta property=\"og:image\" content=\"https:\/\/touchproeurope.eu\/wp-content\/uploads\/2023\/11\/1600963590.jpg\" \/>\n\t<meta property=\"og:image:width\" content=\"1896\" \/>\n\t<meta property=\"og:image:height\" content=\"1529\" \/>\n\t<meta property=\"og:image:type\" content=\"image\/jpeg\" \/>\n<meta name=\"twitter:card\" content=\"summary_large_image\" \/>\n<meta name=\"twitter:label1\" content=\"Preis\" \/>\n\t<meta name=\"twitter:data1\" content=\"&euro;&nbsp;1.995,00 incl. BTW\" \/>\n\t<meta name=\"twitter:label2\" content=\"Verf\u00fcgbarkeit\" \/>\n\t<meta name=\"twitter:data2\" content=\"Auf Lager\" \/>\n<script type=\"application\/ld+json\" class=\"yoast-schema-graph\">{\"@context\":\"https:\\\/\\\/schema.org\",\"@graph\":[{\"@type\":\"WebPage\",\"@id\":\"https:\\\/\\\/touchproeurope.eu\\\/product\\\/earthlite-calistoga-draagbare-massagetafel\\\/\",\"url\":\"https:\\\/\\\/touchproeurope.eu\\\/product\\\/earthlite-calistoga-draagbare-massagetafel\\\/\",\"name\":\"Earthlite Calistoga draagbare Massagetafel - TouchPro Europe Shop\",\"isPartOf\":{\"@id\":\"https:\\\/\\\/touchproeurope.eu\\\/#website\"},\"primaryImageOfPage\":{\"@id\":\"https:\\\/\\\/touchproeurope.eu\\\/product\\\/earthlite-calistoga-draagbare-massagetafel\\\/#primaryimage\"},\"image\":{\"@id\":\"https:\\\/\\\/touchproeurope.eu\\\/product\\\/earthlite-calistoga-draagbare-massagetafel\\\/#primaryimage\"},\"thumbnailUrl\":\"https:\\\/\\\/i0.wp.com\\\/touchproeurope.eu\\\/wp-content\\\/uploads\\\/2023\\\/11\\\/1600963590.jpg?fit=1896%2C1529&ssl=1\",\"datePublished\":\"2023-11-09T16:05:56+00:00\",\"dateModified\":\"2026-03-04T16:55:30+00:00\",\"description\":\"Ontdek de veelzijdige Earthlite Calistoga draagbare Massagetafel: mobiliteit, comfort en duurzaamheid gecombineerd. Bestel nu voor professionele massages!\",\"breadcrumb\":{\"@id\":\"https:\\\/\\\/touchproeurope.eu\\\/product\\\/earthlite-calistoga-draagbare-massagetafel\\\/#breadcrumb\"},\"inLanguage\":\"de\",\"potentialAction\":[{\"@type\":\"ReadAction\",\"target\":[\"https:\\\/\\\/touchproeurope.eu\\\/product\\\/earthlite-calistoga-draagbare-massagetafel\\\/\"]}]},{\"@type\":\"ImageObject\",\"inLanguage\":\"de\",\"@id\":\"https:\\\/\\\/touchproeurope.eu\\\/product\\\/earthlite-calistoga-draagbare-massagetafel\\\/#primaryimage\",\"url\":\"https:\\\/\\\/i0.wp.com\\\/touchproeurope.eu\\\/wp-content\\\/uploads\\\/2023\\\/11\\\/1600963590.jpg?fit=1896%2C1529&ssl=1\",\"contentUrl\":\"https:\\\/\\\/i0.wp.com\\\/touchproeurope.eu\\\/wp-content\\\/uploads\\\/2023\\\/11\\\/1600963590.jpg?fit=1896%2C1529&ssl=1\",\"width\":1896,\"height\":1529,\"caption\":\"Earthlite Calistoga draagbare Massagetafel\"},{\"@type\":\"BreadcrumbList\",\"@id\":\"https:\\\/\\\/touchproeurope.eu\\\/product\\\/earthlite-calistoga-draagbare-massagetafel\\\/#breadcrumb\",\"itemListElement\":[{\"@type\":\"ListItem\",\"position\":1,\"name\":\"Home\",\"item\":\"https:\\\/\\\/touchproeurope.eu\\\/\"},{\"@type\":\"ListItem\",\"position\":2,\"name\":\"Winkel\",\"item\":\"https:\\\/\\\/touchproeurope.eu\\\/winkel\\\/\"},{\"@type\":\"ListItem\",\"position\":3,\"name\":\"Earthlite Calistoga draagbare Massagetafel\"}]},{\"@type\":\"WebSite\",\"@id\":\"https:\\\/\\\/touchproeurope.eu\\\/#website\",\"url\":\"https:\\\/\\\/touchproeurope.eu\\\/\",\"name\":\"TouchPro Europe Shop\",\"description\":\"Alles voor jouw praktijk met een PROfessionele Touch!\",\"publisher\":{\"@id\":\"https:\\\/\\\/touchproeurope.eu\\\/#organization\"},\"alternateName\":\"TPE\",\"potentialAction\":[{\"@type\":\"SearchAction\",\"target\":{\"@type\":\"EntryPoint\",\"urlTemplate\":\"https:\\\/\\\/touchproeurope.eu\\\/?s={search_term_string}\"},\"query-input\":{\"@type\":\"PropertyValueSpecification\",\"valueRequired\":true,\"valueName\":\"search_term_string\"}}],\"inLanguage\":\"de\"},{\"@type\":\"Organization\",\"@id\":\"https:\\\/\\\/touchproeurope.eu\\\/#organization\",\"name\":\"TouchPro Europe BV\",\"alternateName\":\"TPE\",\"url\":\"https:\\\/\\\/touchproeurope.eu\\\/\",\"logo\":{\"@type\":\"ImageObject\",\"inLanguage\":\"de\",\"@id\":\"https:\\\/\\\/touchproeurope.eu\\\/#\\\/schema\\\/logo\\\/image\\\/\",\"url\":\"https:\\\/\\\/i0.wp.com\\\/touchproeurope.eu\\\/wp-content\\\/uploads\\\/2023\\\/10\\\/2b592c_b6944d80811246d987cc2c29accedf3f.png?fit=1417%2C531&ssl=1\",\"contentUrl\":\"https:\\\/\\\/i0.wp.com\\\/touchproeurope.eu\\\/wp-content\\\/uploads\\\/2023\\\/10\\\/2b592c_b6944d80811246d987cc2c29accedf3f.png?fit=1417%2C531&ssl=1\",\"width\":1417,\"height\":531,\"caption\":\"TouchPro Europe BV\"},\"image\":{\"@id\":\"https:\\\/\\\/touchproeurope.eu\\\/#\\\/schema\\\/logo\\\/image\\\/\"},\"sameAs\":[\"https:\\\/\\\/www.facebook.com\\\/TouchproNederland\\\/?locale=nl_NL\\\/\",\"https:\\\/\\\/www.instagram.com\\\/touchpro2016\\\/\",\"https:\\\/\\\/www.linkedin.com\\\/company\\\/touchpro-europe-bv\\\/\"],\"description\":\"TouchPro Europe Shop is de massage winkel van Europa. Wij verkopen topkwaliteit massageproducten aan masseurs, pedicures, fysiotherapeuten, manicuren, Wellness centra, opleidingen, etc. TouchPro begon als een kleine webshop in Nederland, maar is nu uitgegroeid tot een webshop met klanten uit heel Europa. Wij bieden een breed assortiment aan massageproducten, waaronder massagetafels, oli\u00ebn, cr\u00e8mes, en accessoires van topmerken, zoals Earthlite, Stronglite en InnerStrenght, Habys, Living Earth Crafts en Continuum en andere leveranciers van massage accessoires. Bestel hier de beste massagematerialen van Europa!\",\"email\":\"info@touchpro-europe.com\",\"telephone\":\"0858768829\",\"legalName\":\"TouchPro Europe BV\",\"foundingDate\":\"2018-01-11\",\"vatID\":\"NL855430151B01\",\"numberOfEmployees\":{\"@type\":\"QuantitativeValue\",\"minValue\":\"1\",\"maxValue\":\"10\"},\"hasMerchantReturnPolicy\":{\"@type\":\"MerchantReturnPolicy\",\"merchantReturnLink\":\"https:\\\/\\\/touchproeurope.eu\\\/de\\\/retourbeleid\\\/\"}}]}<\/script>\n<meta property=\"product:brand\" content=\"Earthlite\" \/>\n<meta property=\"product:price:amount\" content=\"1995.00\" \/>\n<meta property=\"product:price:currency\" content=\"EUR\" \/>\n<meta property=\"og:availability\" content=\"instock\" \/>\n<meta property=\"product:availability\" content=\"instock\" \/>\n<meta property=\"product:retailer_item_id\" content=\"68404\" \/>\n<meta property=\"product:condition\" content=\"new\" \/>\n<!-- \/ Yoast SEO Premium plugin. -->","yoast_head_json":{"title":"Tragbare Massageliege Earthlite Calistoga - TouchPro Europe Shop","description":"Entdecken Sie die vielseitige tragbare Massageliege Earthlite Calistoga: Mobilit\u00e4t, Komfort und Haltbarkeit in einem. Bestellen Sie jetzt f\u00fcr professionelle Massagen!","robots":{"index":"index","follow":"follow","max-snippet":"max-snippet:-1","max-image-preview":"max-image-preview:large","max-video-preview":"max-video-preview:-1"},"canonical":"https:\/\/touchproeurope.eu\/de\/product\/earthlite-calistoga-tragbare-massageliege\/","og_locale":"de_DE","og_type":"article","og_title":"Earthlite Calistoga draagbare Massagetafel","og_description":"Ontdek de veelzijdige Earthlite Calistoga draagbare Massagetafel: mobiliteit, comfort en duurzaamheid gecombineerd. Bestel nu voor professionele massages!","og_url":"https:\/\/touchproeurope.eu\/de\/product\/earthlite-calistoga-tragbare-massageliege\/","og_site_name":"TouchPro Europe Shop","article_publisher":"https:\/\/www.facebook.com\/TouchproNederland\/?locale=nl_NL%2f","article_modified_time":"2026-03-04T16:55:30+00:00","og_image":[{"width":1896,"height":1529,"url":"https:\/\/touchproeurope.eu\/wp-content\/uploads\/2023\/11\/1600963590.jpg","type":"image\/jpeg"}],"twitter_card":"summary_large_image","twitter_misc":{"Preis":"&euro;&nbsp;1.995,00 incl. BTW","Verf\u00fcgbarkeit":"Auf Lager"},"schema":{"@context":"https:\/\/schema.org","@graph":[{"@type":"WebPage","@id":"https:\/\/touchproeurope.eu\/product\/earthlite-calistoga-draagbare-massagetafel\/","url":"https:\/\/touchproeurope.eu\/product\/earthlite-calistoga-draagbare-massagetafel\/","name":"Tragbare Massageliege Earthlite Calistoga - TouchPro Europe Shop","isPartOf":{"@id":"https:\/\/touchproeurope.eu\/#website"},"primaryImageOfPage":{"@id":"https:\/\/touchproeurope.eu\/product\/earthlite-calistoga-draagbare-massagetafel\/#primaryimage"},"image":{"@id":"https:\/\/touchproeurope.eu\/product\/earthlite-calistoga-draagbare-massagetafel\/#primaryimage"},"thumbnailUrl":"https:\/\/i0.wp.com\/touchproeurope.eu\/wp-content\/uploads\/2023\/11\/1600963590.jpg?fit=1896%2C1529&ssl=1","datePublished":"2023-11-09T16:05:56+00:00","dateModified":"2026-03-04T16:55:30+00:00","description":"Entdecken Sie die vielseitige tragbare Massageliege Earthlite Calistoga: Mobilit\u00e4t, Komfort und Haltbarkeit in einem. Bestellen Sie jetzt f\u00fcr professionelle Massagen!","breadcrumb":{"@id":"https:\/\/touchproeurope.eu\/product\/earthlite-calistoga-draagbare-massagetafel\/#breadcrumb"},"inLanguage":"de","potentialAction":[{"@type":"ReadAction","target":["https:\/\/touchproeurope.eu\/product\/earthlite-calistoga-draagbare-massagetafel\/"]}]},{"@type":"ImageObject","inLanguage":"de","@id":"https:\/\/touchproeurope.eu\/product\/earthlite-calistoga-draagbare-massagetafel\/#primaryimage","url":"https:\/\/i0.wp.com\/touchproeurope.eu\/wp-content\/uploads\/2023\/11\/1600963590.jpg?fit=1896%2C1529&ssl=1","contentUrl":"https:\/\/i0.wp.com\/touchproeurope.eu\/wp-content\/uploads\/2023\/11\/1600963590.jpg?fit=1896%2C1529&ssl=1","width":1896,"height":1529,"caption":"Earthlite Calistoga draagbare Massagetafel"},{"@type":"BreadcrumbList","@id":"https:\/\/touchproeurope.eu\/product\/earthlite-calistoga-draagbare-massagetafel\/#breadcrumb","itemListElement":[{"@type":"ListItem","position":1,"name":"Home","item":"https:\/\/touchproeurope.eu\/"},{"@type":"ListItem","position":2,"name":"Winkel","item":"https:\/\/touchproeurope.eu\/winkel\/"},{"@type":"ListItem","position":3,"name":"Earthlite Calistoga draagbare Massagetafel"}]},{"@type":"WebSite","@id":"https:\/\/touchproeurope.eu\/#website","url":"https:\/\/touchproeurope.eu\/","name":"TouchPro Europe Shop","description":"Alles f\u00fcr Ihre Praxis mit einem PROfessional Touch!","publisher":{"@id":"https:\/\/touchproeurope.eu\/#organization"},"alternateName":"TPE","potentialAction":[{"@type":"SearchAction","target":{"@type":"EntryPoint","urlTemplate":"https:\/\/touchproeurope.eu\/?s={search_term_string}"},"query-input":{"@type":"PropertyValueSpecification","valueRequired":true,"valueName":"search_term_string"}}],"inLanguage":"de"},{"@type":"Organization","@id":"https:\/\/touchproeurope.eu\/#organization","name":"TouchPro Europa BV","alternateName":"TPE","url":"https:\/\/touchproeurope.eu\/","logo":{"@type":"ImageObject","inLanguage":"de","@id":"https:\/\/touchproeurope.eu\/#\/schema\/logo\/image\/","url":"https:\/\/i0.wp.com\/touchproeurope.eu\/wp-content\/uploads\/2023\/10\/2b592c_b6944d80811246d987cc2c29accedf3f.png?fit=1417%2C531&ssl=1","contentUrl":"https:\/\/i0.wp.com\/touchproeurope.eu\/wp-content\/uploads\/2023\/10\/2b592c_b6944d80811246d987cc2c29accedf3f.png?fit=1417%2C531&ssl=1","width":1417,"height":531,"caption":"TouchPro Europe BV"},"image":{"@id":"https:\/\/touchproeurope.eu\/#\/schema\/logo\/image\/"},"sameAs":["https:\/\/www.facebook.com\/TouchproNederland\/?locale=nl_NL\/","https:\/\/www.instagram.com\/touchpro2016\/","https:\/\/www.linkedin.com\/company\/touchpro-europe-bv\/"],"description":"TouchPro Europe Shop ist das Massagegesch\u00e4ft in Europa. Wir verkaufen hochwertige Massageprodukte an Masseure, Fu\u00dfpfleger, Physiotherapeuten, Manik\u00fcre, Wellness-Zentren, Ausbildungskurse, usw. TouchPro begann als kleines Gesch\u00e4ft in den Niederlanden, hat sich aber inzwischen zu einem Gesch\u00e4ft mit Kunden aus ganz Europa entwickelt. Wir bieten eine gro\u00dfe Auswahl an Massageprodukten, darunter Massageliegen, \u00d6le, Cremes und Zubeh\u00f6r von Top-Marken wie Earthlite, Stronglite und InnerStrenght, Habys, Living Earth Crafts und Continuum sowie anderen Lieferanten von Massagezubeh\u00f6r. Bestellen Sie hier die besten Massageprodukte Europas!","email":"info@touchpro-europe.com","telephone":"0858768829","legalName":"TouchPro Europe BV","foundingDate":"2018-01-11","vatID":"NL855430151B01","numberOfEmployees":{"@type":"QuantitativeValue","minValue":"1","maxValue":"10"},"hasMerchantReturnPolicy":{"@type":"MerchantReturnPolicy","merchantReturnLink":"https:\/\/touchproeurope.eu\/de\/retourbeleid\/"}}]},"product_brand":"Earthlite","product_price_amount":"1995.00","product_price_currency":"EUR","og_availability":"instock","product_availability":"instock","product_retailer_item_id":"68404","product_condition":"new"},"_links":{"self":[{"href":"https:\/\/touchproeurope.eu\/de\/wp-json\/wp\/v2\/product\/3124","targetHints":{"allow":["GET"]}}],"collection":[{"href":"https:\/\/touchproeurope.eu\/de\/wp-json\/wp\/v2\/product"}],"about":[{"href":"https:\/\/touchproeurope.eu\/de\/wp-json\/wp\/v2\/types\/product"}],"replies":[{"embeddable":true,"href":"https:\/\/touchproeurope.eu\/de\/wp-json\/wp\/v2\/comments?post=3124"}],"version-history":[{"count":2,"href":"https:\/\/touchproeurope.eu\/de\/wp-json\/wp\/v2\/product\/3124\/revisions"}],"predecessor-version":[{"id":3628,"href":"https:\/\/touchproeurope.eu\/de\/wp-json\/wp\/v2\/product\/3124\/revisions\/3628"}],"wp:featuredmedia":[{"embeddable":true,"href":"https:\/\/touchproeurope.eu\/de\/wp-json\/wp\/v2\/media\/3123"}],"wp:attachment":[{"href":"https:\/\/touchproeurope.eu\/de\/wp-json\/wp\/v2\/media?parent=3124"}],"wp:term":[{"taxonomy":"product_brand","embeddable":true,"href":"https:\/\/touchproeurope.eu\/de\/wp-json\/wp\/v2\/product_brand?post=3124"},{"taxonomy":"product_cat","embeddable":true,"href":"https:\/\/touchproeurope.eu\/de\/wp-json\/wp\/v2\/product_cat?post=3124"},{"taxonomy":"product_tag","embeddable":true,"href":"https:\/\/touchproeurope.eu\/de\/wp-json\/wp\/v2\/product_tag?post=3124"}],"curies":[{"name":"wp","href":"https:\/\/api.w.org\/{rel}","templated":true}]}}