{"id":3214,"date":"2023-11-09T16:08:32","date_gmt":"2023-11-09T16:08:32","guid":{"rendered":"https:\/\/touchproeurope.eu\/?post_type=product&#038;p=3214"},"modified":"2026-03-04T16:55:40","modified_gmt":"2026-03-04T16:55:40","slug":"versalite-pro-massageliege","status":"publish","type":"product","link":"https:\/\/touchproeurope.eu\/de\/product\/versalite-pro-massagetafel\/","title":{"rendered":"Versalite PRO Massageliege"},"content":{"rendered":"<p><strong>Der StrongLite Versalite Pro Massagetisch - <\/strong>Entdecken Sie den Komfort dieser leichten, zusammenklappbaren Aluminium-Massageliege! Die StrongLite Versalite Pro bietet Komfort und professionelle Qualit\u00e4t. Das macht diese Liege zur perfekten Wahl f\u00fcr Ihre eigene Praxis, aber auch f\u00fcr den mobilen Masseur.<\/p>\n<p>Mit den Ma\u00dfen 76 x 185 cm und einer H\u00f6he, die von 54 bis 84 cm verstellbar ist, bietet diese Massageliege die ideale Arbeitsfl\u00e4che f\u00fcr verschiedene Massagetechniken. Das 5,7 cm dicke 2-Schicht-Schaumstoffsystem sorgt f\u00fcr lang anhaltenden Komfort, den sowohl der Masseur als auch der Kunde in vollen Z\u00fcgen genie\u00dfen k\u00f6nnen.<\/p>\n<p>Dank der luxuri\u00f6sen 100% PU-Satin Touch Vinyl-Polsterung f\u00fchlt sich der Tisch nicht nur bequem an, sondern ist auch leicht zu reinigen und zu pflegen. Mit einem beeindruckenden belastbaren Arbeitsgewicht von bis zu 226 kg ist dieser Tisch langlebig und robust. Das macht den Tisch f\u00fcr ein breites Publikum geeignet.<\/p>\n<p>Das Paket enth\u00e4lt die StrongLite Versalite Pro Massageliege, eine gebogene verstellbare Kopfst\u00fctze mit gebogenem Kissen und eine praktische Tragetasche mit extra Staufach. Die Liege ist in den stilvollen Farben Royal Blue, Bordeaux und Schwarz erh\u00e4ltlich.<\/p>","protected":false},"excerpt":{"rendered":"<p>Produktdaten<\/p>\n<p><strong>D<\/strong><strong>Die Massageliege StrongLite Versalite Pro<\/strong> - Diese hochwertige Massageliege mit leichtem Aluminiumrahmen und faltbarem Design ist die perfekte Wahl f\u00fcr Sie. Erleben Sie den Komfort und die professionelle Qualit\u00e4t der StrongLite Versalite Pro. Mit seiner Tragbarkeit und einfachen Klappfunktion ist dieser Massagetisch ideal f\u00fcr den professionellen und privaten Gebrauch.<\/p>\n<p>Das Paket besteht aus:<\/p>\n<ul>\n<li>die Massageliege StrongLite Versalite Pro<\/li>\n<li>Gebogene verstellbare Deluxe-Kopfst\u00fctze mit gebogenem Kissen<\/li>\n<li>Passende Tragetasche mit zus\u00e4tzlichem Staufach<\/li>\n<\/ul>\n<p>Merkmale:<\/p>\n<ul>\n<li>Abmessungen 76 x 185 cm<\/li>\n<li>H\u00f6henverstellbar von 54 bis 84 cm<\/li>\n<li>Gewicht: 14 kg<\/li>\n<li>Luxury 100% PU- Satin Touch Vinyl Polsterung<\/li>\n<li>5,7 cm dickes 2-Schicht-Schaumsystem f\u00fcr lang anhaltenden Komfort<\/li>\n<li>Bis zu 226 kg belastbares Arbeitsgewicht.<\/li>\n<li>Offizielles Verkaufsblatt: <a href=\"https:\/\/b2b.earthlite.eu\/media\/wysiwyg\/SalesSheets\/Versalite_Pro_Sales_Sheet_Rev_092220.pdf\">Versalite Pro<\/a><\/li>\n<li>Erh\u00e4ltlich in K\u00f6nigsblau, Bordeaux und Schwarz.<\/li>\n<\/ul>","protected":false},"featured_media":3213,"comment_status":"open","ping_status":"closed","template":"","meta":[],"product_brand":[396],"product_cat":[94,93],"product_tag":[39,21,80,81],"class_list":{"0":"post-3214","1":"product","2":"type-product","3":"status-publish","4":"has-post-thumbnail","6":"product_brand-stronglite","7":"product_cat-draagbare-massagetafels","8":"product_cat-massagetafels","9":"product_tag-massagetafel","10":"product_tag-stronglite","11":"product_tag-versalite-pro","12":"product_tag-verstelbaar-hoofdkussen","13":"product_shipping_class-groot-pakket","14":"pa_merk-stronglite","16":"first","17":"instock","18":"featured","19":"taxable","20":"shipping-taxable","21":"purchasable","22":"product-type-variable"},"yoast_head":"<!-- This site is optimized with the Yoast SEO Premium plugin v27.3 (Yoast SEO v27.3) - https:\/\/yoast.com\/product\/yoast-seo-premium-wordpress\/ -->\n<title>Versalite PRO Massagetafel - TouchPro Europe Shop<\/title>\n<meta name=\"description\" content=\"Ervaar de ultieme ontspanning met onze Versalite PRO Massagetafel! Hoog comfort en professionele kwaliteit gegarandeerd voor een perfecte massage-ervaring.\" \/>\n<meta name=\"robots\" content=\"index, follow, max-snippet:-1, max-image-preview:large, max-video-preview:-1\" \/>\n<link rel=\"canonical\" href=\"https:\/\/touchproeurope.eu\/de\/product\/versalite-pro-massageliege\/\" \/>\n<meta property=\"og:locale\" content=\"de_DE\" \/>\n<meta property=\"og:type\" content=\"article\" \/>\n<meta property=\"og:title\" content=\"Versalite PRO Massagetafel\" \/>\n<meta property=\"og:description\" content=\"Ervaar de ultieme ontspanning met onze Versalite PRO Massagetafel! Hoog comfort en professionele kwaliteit gegarandeerd voor een perfecte massage-ervaring.\" \/>\n<meta property=\"og:url\" content=\"https:\/\/touchproeurope.eu\/de\/product\/versalite-pro-massageliege\/\" \/>\n<meta property=\"og:site_name\" content=\"TouchPro Europe Shop\" \/>\n<meta property=\"article:publisher\" content=\"https:\/\/www.facebook.com\/TouchproNederland\/?locale=nl_NL%2f\" \/>\n<meta property=\"article:modified_time\" content=\"2026-03-04T16:55:40+00:00\" \/>\n<meta property=\"og:image\" content=\"https:\/\/touchproeurope.eu\/wp-content\/uploads\/2023\/11\/831093078.jpg\" \/>\n\t<meta property=\"og:image:width\" content=\"360\" \/>\n\t<meta property=\"og:image:height\" content=\"360\" \/>\n\t<meta property=\"og:image:type\" content=\"image\/jpeg\" \/>\n<meta name=\"twitter:card\" content=\"summary_large_image\" \/>\n<meta name=\"twitter:label1\" content=\"Verf\u00fcgbarkeit\" \/>\n\t<meta name=\"twitter:data1\" content=\"Auf Lager\" \/>\n<script type=\"application\/ld+json\" class=\"yoast-schema-graph\">{\"@context\":\"https:\\\/\\\/schema.org\",\"@graph\":[{\"@type\":\"WebPage\",\"@id\":\"https:\\\/\\\/touchproeurope.eu\\\/product\\\/versalite-pro-massagetafel\\\/\",\"url\":\"https:\\\/\\\/touchproeurope.eu\\\/product\\\/versalite-pro-massagetafel\\\/\",\"name\":\"Versalite PRO Massagetafel - TouchPro Europe Shop\",\"isPartOf\":{\"@id\":\"https:\\\/\\\/touchproeurope.eu\\\/#website\"},\"primaryImageOfPage\":{\"@id\":\"https:\\\/\\\/touchproeurope.eu\\\/product\\\/versalite-pro-massagetafel\\\/#primaryimage\"},\"image\":{\"@id\":\"https:\\\/\\\/touchproeurope.eu\\\/product\\\/versalite-pro-massagetafel\\\/#primaryimage\"},\"thumbnailUrl\":\"https:\\\/\\\/i0.wp.com\\\/touchproeurope.eu\\\/wp-content\\\/uploads\\\/2023\\\/11\\\/831093078.jpg?fit=360%2C360&ssl=1\",\"datePublished\":\"2023-11-09T16:08:32+00:00\",\"dateModified\":\"2026-03-04T16:55:40+00:00\",\"description\":\"Ervaar de ultieme ontspanning met onze Versalite PRO Massagetafel! Hoog comfort en professionele kwaliteit gegarandeerd voor een perfecte massage-ervaring.\",\"breadcrumb\":{\"@id\":\"https:\\\/\\\/touchproeurope.eu\\\/product\\\/versalite-pro-massagetafel\\\/#breadcrumb\"},\"inLanguage\":\"de\",\"potentialAction\":[{\"@type\":\"ReadAction\",\"target\":[\"https:\\\/\\\/touchproeurope.eu\\\/product\\\/versalite-pro-massagetafel\\\/\"]}]},{\"@type\":\"ImageObject\",\"inLanguage\":\"de\",\"@id\":\"https:\\\/\\\/touchproeurope.eu\\\/product\\\/versalite-pro-massagetafel\\\/#primaryimage\",\"url\":\"https:\\\/\\\/i0.wp.com\\\/touchproeurope.eu\\\/wp-content\\\/uploads\\\/2023\\\/11\\\/831093078.jpg?fit=360%2C360&ssl=1\",\"contentUrl\":\"https:\\\/\\\/i0.wp.com\\\/touchproeurope.eu\\\/wp-content\\\/uploads\\\/2023\\\/11\\\/831093078.jpg?fit=360%2C360&ssl=1\",\"width\":360,\"height\":360,\"caption\":\"Versalite PRO Massagetafel\"},{\"@type\":\"BreadcrumbList\",\"@id\":\"https:\\\/\\\/touchproeurope.eu\\\/product\\\/versalite-pro-massagetafel\\\/#breadcrumb\",\"itemListElement\":[{\"@type\":\"ListItem\",\"position\":1,\"name\":\"Home\",\"item\":\"https:\\\/\\\/touchproeurope.eu\\\/\"},{\"@type\":\"ListItem\",\"position\":2,\"name\":\"Winkel\",\"item\":\"https:\\\/\\\/touchproeurope.eu\\\/winkel\\\/\"},{\"@type\":\"ListItem\",\"position\":3,\"name\":\"Versalite PRO Massagetafel\"}]},{\"@type\":\"WebSite\",\"@id\":\"https:\\\/\\\/touchproeurope.eu\\\/#website\",\"url\":\"https:\\\/\\\/touchproeurope.eu\\\/\",\"name\":\"TouchPro Europe Shop\",\"description\":\"Alles voor jouw praktijk met een PROfessionele Touch!\",\"publisher\":{\"@id\":\"https:\\\/\\\/touchproeurope.eu\\\/#organization\"},\"alternateName\":\"TPE\",\"potentialAction\":[{\"@type\":\"SearchAction\",\"target\":{\"@type\":\"EntryPoint\",\"urlTemplate\":\"https:\\\/\\\/touchproeurope.eu\\\/?s={search_term_string}\"},\"query-input\":{\"@type\":\"PropertyValueSpecification\",\"valueRequired\":true,\"valueName\":\"search_term_string\"}}],\"inLanguage\":\"de\"},{\"@type\":\"Organization\",\"@id\":\"https:\\\/\\\/touchproeurope.eu\\\/#organization\",\"name\":\"TouchPro Europe BV\",\"alternateName\":\"TPE\",\"url\":\"https:\\\/\\\/touchproeurope.eu\\\/\",\"logo\":{\"@type\":\"ImageObject\",\"inLanguage\":\"de\",\"@id\":\"https:\\\/\\\/touchproeurope.eu\\\/#\\\/schema\\\/logo\\\/image\\\/\",\"url\":\"https:\\\/\\\/i0.wp.com\\\/touchproeurope.eu\\\/wp-content\\\/uploads\\\/2023\\\/10\\\/2b592c_b6944d80811246d987cc2c29accedf3f.png?fit=1417%2C531&ssl=1\",\"contentUrl\":\"https:\\\/\\\/i0.wp.com\\\/touchproeurope.eu\\\/wp-content\\\/uploads\\\/2023\\\/10\\\/2b592c_b6944d80811246d987cc2c29accedf3f.png?fit=1417%2C531&ssl=1\",\"width\":1417,\"height\":531,\"caption\":\"TouchPro Europe BV\"},\"image\":{\"@id\":\"https:\\\/\\\/touchproeurope.eu\\\/#\\\/schema\\\/logo\\\/image\\\/\"},\"sameAs\":[\"https:\\\/\\\/www.facebook.com\\\/TouchproNederland\\\/?locale=nl_NL\\\/\",\"https:\\\/\\\/www.instagram.com\\\/touchpro2016\\\/\",\"https:\\\/\\\/www.linkedin.com\\\/company\\\/touchpro-europe-bv\\\/\"],\"description\":\"TouchPro Europe Shop is de massage winkel van Europa. Wij verkopen topkwaliteit massageproducten aan masseurs, pedicures, fysiotherapeuten, manicuren, Wellness centra, opleidingen, etc. TouchPro begon als een kleine webshop in Nederland, maar is nu uitgegroeid tot een webshop met klanten uit heel Europa. Wij bieden een breed assortiment aan massageproducten, waaronder massagetafels, oli\u00ebn, cr\u00e8mes, en accessoires van topmerken, zoals Earthlite, Stronglite en InnerStrenght, Habys, Living Earth Crafts en Continuum en andere leveranciers van massage accessoires. Bestel hier de beste massagematerialen van Europa!\",\"email\":\"info@touchpro-europe.com\",\"telephone\":\"0858768829\",\"legalName\":\"TouchPro Europe BV\",\"foundingDate\":\"2018-01-11\",\"vatID\":\"NL855430151B01\",\"numberOfEmployees\":{\"@type\":\"QuantitativeValue\",\"minValue\":\"1\",\"maxValue\":\"10\"},\"hasMerchantReturnPolicy\":{\"@type\":\"MerchantReturnPolicy\",\"merchantReturnLink\":\"https:\\\/\\\/touchproeurope.eu\\\/de\\\/retourbeleid\\\/\"}}]}<\/script>\n<meta property=\"product:brand\" content=\"Stronglite\" \/>\n<meta property=\"og:availability\" content=\"instock\" \/>\n<meta property=\"product:availability\" content=\"instock\" \/>\n<meta property=\"product:retailer_item_id\" content=\"51875\" \/>\n<meta property=\"product:condition\" content=\"new\" \/>\n<!-- \/ Yoast SEO Premium plugin. -->","yoast_head_json":{"title":"Versalite PRO Massageliege - TouchPro Europe Shop","description":"Erleben Sie ultimative Entspannung mit unserer Versalite PRO Massageliege! Hoher Komfort und professionelle Qualit\u00e4t garantiert f\u00fcr ein perfektes Massageerlebnis.","robots":{"index":"index","follow":"follow","max-snippet":"max-snippet:-1","max-image-preview":"max-image-preview:large","max-video-preview":"max-video-preview:-1"},"canonical":"https:\/\/touchproeurope.eu\/de\/product\/versalite-pro-massageliege\/","og_locale":"de_DE","og_type":"article","og_title":"Versalite PRO Massagetafel","og_description":"Ervaar de ultieme ontspanning met onze Versalite PRO Massagetafel! Hoog comfort en professionele kwaliteit gegarandeerd voor een perfecte massage-ervaring.","og_url":"https:\/\/touchproeurope.eu\/de\/product\/versalite-pro-massageliege\/","og_site_name":"TouchPro Europe Shop","article_publisher":"https:\/\/www.facebook.com\/TouchproNederland\/?locale=nl_NL%2f","article_modified_time":"2026-03-04T16:55:40+00:00","og_image":[{"width":360,"height":360,"url":"https:\/\/touchproeurope.eu\/wp-content\/uploads\/2023\/11\/831093078.jpg","type":"image\/jpeg"}],"twitter_card":"summary_large_image","twitter_misc":{"Verf\u00fcgbarkeit":"Auf Lager"},"schema":{"@context":"https:\/\/schema.org","@graph":[{"@type":"WebPage","@id":"https:\/\/touchproeurope.eu\/product\/versalite-pro-massagetafel\/","url":"https:\/\/touchproeurope.eu\/product\/versalite-pro-massagetafel\/","name":"Versalite PRO Massageliege - TouchPro Europe Shop","isPartOf":{"@id":"https:\/\/touchproeurope.eu\/#website"},"primaryImageOfPage":{"@id":"https:\/\/touchproeurope.eu\/product\/versalite-pro-massagetafel\/#primaryimage"},"image":{"@id":"https:\/\/touchproeurope.eu\/product\/versalite-pro-massagetafel\/#primaryimage"},"thumbnailUrl":"https:\/\/i0.wp.com\/touchproeurope.eu\/wp-content\/uploads\/2023\/11\/831093078.jpg?fit=360%2C360&ssl=1","datePublished":"2023-11-09T16:08:32+00:00","dateModified":"2026-03-04T16:55:40+00:00","description":"Erleben Sie ultimative Entspannung mit unserer Versalite PRO Massageliege! Hoher Komfort und professionelle Qualit\u00e4t garantiert f\u00fcr ein perfektes Massageerlebnis.","breadcrumb":{"@id":"https:\/\/touchproeurope.eu\/product\/versalite-pro-massagetafel\/#breadcrumb"},"inLanguage":"de","potentialAction":[{"@type":"ReadAction","target":["https:\/\/touchproeurope.eu\/product\/versalite-pro-massagetafel\/"]}]},{"@type":"ImageObject","inLanguage":"de","@id":"https:\/\/touchproeurope.eu\/product\/versalite-pro-massagetafel\/#primaryimage","url":"https:\/\/i0.wp.com\/touchproeurope.eu\/wp-content\/uploads\/2023\/11\/831093078.jpg?fit=360%2C360&ssl=1","contentUrl":"https:\/\/i0.wp.com\/touchproeurope.eu\/wp-content\/uploads\/2023\/11\/831093078.jpg?fit=360%2C360&ssl=1","width":360,"height":360,"caption":"Versalite PRO Massagetafel"},{"@type":"BreadcrumbList","@id":"https:\/\/touchproeurope.eu\/product\/versalite-pro-massagetafel\/#breadcrumb","itemListElement":[{"@type":"ListItem","position":1,"name":"Home","item":"https:\/\/touchproeurope.eu\/"},{"@type":"ListItem","position":2,"name":"Winkel","item":"https:\/\/touchproeurope.eu\/winkel\/"},{"@type":"ListItem","position":3,"name":"Versalite PRO Massagetafel"}]},{"@type":"WebSite","@id":"https:\/\/touchproeurope.eu\/#website","url":"https:\/\/touchproeurope.eu\/","name":"TouchPro Europe Shop","description":"Alles f\u00fcr Ihre Praxis mit einem PROfessional Touch!","publisher":{"@id":"https:\/\/touchproeurope.eu\/#organization"},"alternateName":"TPE","potentialAction":[{"@type":"SearchAction","target":{"@type":"EntryPoint","urlTemplate":"https:\/\/touchproeurope.eu\/?s={search_term_string}"},"query-input":{"@type":"PropertyValueSpecification","valueRequired":true,"valueName":"search_term_string"}}],"inLanguage":"de"},{"@type":"Organization","@id":"https:\/\/touchproeurope.eu\/#organization","name":"TouchPro Europa BV","alternateName":"TPE","url":"https:\/\/touchproeurope.eu\/","logo":{"@type":"ImageObject","inLanguage":"de","@id":"https:\/\/touchproeurope.eu\/#\/schema\/logo\/image\/","url":"https:\/\/i0.wp.com\/touchproeurope.eu\/wp-content\/uploads\/2023\/10\/2b592c_b6944d80811246d987cc2c29accedf3f.png?fit=1417%2C531&ssl=1","contentUrl":"https:\/\/i0.wp.com\/touchproeurope.eu\/wp-content\/uploads\/2023\/10\/2b592c_b6944d80811246d987cc2c29accedf3f.png?fit=1417%2C531&ssl=1","width":1417,"height":531,"caption":"TouchPro Europe BV"},"image":{"@id":"https:\/\/touchproeurope.eu\/#\/schema\/logo\/image\/"},"sameAs":["https:\/\/www.facebook.com\/TouchproNederland\/?locale=nl_NL\/","https:\/\/www.instagram.com\/touchpro2016\/","https:\/\/www.linkedin.com\/company\/touchpro-europe-bv\/"],"description":"TouchPro Europe Shop ist das Massagegesch\u00e4ft in Europa. Wir verkaufen hochwertige Massageprodukte an Masseure, Fu\u00dfpfleger, Physiotherapeuten, Manik\u00fcre, Wellness-Zentren, Ausbildungskurse, usw. TouchPro begann als kleines Gesch\u00e4ft in den Niederlanden, hat sich aber inzwischen zu einem Gesch\u00e4ft mit Kunden aus ganz Europa entwickelt. Wir bieten eine gro\u00dfe Auswahl an Massageprodukten, darunter Massageliegen, \u00d6le, Cremes und Zubeh\u00f6r von Top-Marken wie Earthlite, Stronglite und InnerStrenght, Habys, Living Earth Crafts und Continuum sowie anderen Lieferanten von Massagezubeh\u00f6r. Bestellen Sie hier die besten Massageprodukte Europas!","email":"info@touchpro-europe.com","telephone":"0858768829","legalName":"TouchPro Europe BV","foundingDate":"2018-01-11","vatID":"NL855430151B01","numberOfEmployees":{"@type":"QuantitativeValue","minValue":"1","maxValue":"10"},"hasMerchantReturnPolicy":{"@type":"MerchantReturnPolicy","merchantReturnLink":"https:\/\/touchproeurope.eu\/de\/retourbeleid\/"}}]},"product_brand":"Stronglite","og_availability":"instock","product_availability":"instock","product_retailer_item_id":"51875","product_condition":"new"},"_links":{"self":[{"href":"https:\/\/touchproeurope.eu\/de\/wp-json\/wp\/v2\/product\/3214","targetHints":{"allow":["GET"]}}],"collection":[{"href":"https:\/\/touchproeurope.eu\/de\/wp-json\/wp\/v2\/product"}],"about":[{"href":"https:\/\/touchproeurope.eu\/de\/wp-json\/wp\/v2\/types\/product"}],"replies":[{"embeddable":true,"href":"https:\/\/touchproeurope.eu\/de\/wp-json\/wp\/v2\/comments?post=3214"}],"version-history":[{"count":10,"href":"https:\/\/touchproeurope.eu\/de\/wp-json\/wp\/v2\/product\/3214\/revisions"}],"predecessor-version":[{"id":4952,"href":"https:\/\/touchproeurope.eu\/de\/wp-json\/wp\/v2\/product\/3214\/revisions\/4952"}],"wp:featuredmedia":[{"embeddable":true,"href":"https:\/\/touchproeurope.eu\/de\/wp-json\/wp\/v2\/media\/3213"}],"wp:attachment":[{"href":"https:\/\/touchproeurope.eu\/de\/wp-json\/wp\/v2\/media?parent=3214"}],"wp:term":[{"taxonomy":"product_brand","embeddable":true,"href":"https:\/\/touchproeurope.eu\/de\/wp-json\/wp\/v2\/product_brand?post=3214"},{"taxonomy":"product_cat","embeddable":true,"href":"https:\/\/touchproeurope.eu\/de\/wp-json\/wp\/v2\/product_cat?post=3214"},{"taxonomy":"product_tag","embeddable":true,"href":"https:\/\/touchproeurope.eu\/de\/wp-json\/wp\/v2\/product_tag?post=3214"}],"curies":[{"name":"wp","href":"https:\/\/api.w.org\/{rel}","templated":true}]}}