{"id":5005,"date":"2024-01-21T12:08:47","date_gmt":"2024-01-21T12:08:47","guid":{"rendered":"https:\/\/touchproeurope.eu\/?post_type=product&#038;p=5005"},"modified":"2026-03-04T16:56:25","modified_gmt":"2026-03-04T16:56:25","slug":"hot-stone-massagestabe","status":"publish","type":"product","link":"https:\/\/touchproeurope.eu\/de\/product\/hot-stone-massage-wands\/","title":{"rendered":"Hot-Stone-Massagest\u00e4be-Set"},"content":{"rendered":"<p>Die Hot-Stone-Massagest\u00e4be. Das weltweit erste Massageger\u00e4t seiner Art - ein Meisterwerk der Technik, handgefertigt von Profis. 1,5 - 3 Stunden konstante W\u00e4rme - ein leistungsstarker 6600-mAh-Li-Ionen-Akku bietet bis zu drei Stunden W\u00e4rme mit einer vollen Ladung.<\/p>\n<p>Bian-Stein - S2 wird aus handpoliertem Natur-Bian-Stein hergestellt, der seit Tausenden von Jahren in der traditionellen Medizin verwendet wird.<\/p>\n<p>Hot-Stone-Massagest\u00e4be Innerhalb von nur f\u00fcnf bis 10 Minuten sind die Massagest\u00e4be einsatzbereit und k\u00f6nnen in jede Massage integriert werden.<\/p>\n<p>Unterschied zur LavaShell Massage Die Massagest\u00e4be werden anders als die LavaShells \/ LavaHotStones verwendet. Mit den LavaShells k\u00f6nnen Sie \u00fcber den K\u00f6rper gleiten, Druck aus\u00fcben und verschiedene K\u00f6rperpartien behandeln. Die LavaShell-Massage ist nicht mit der Massage mit den Hot Stone-Massagest\u00e4ben zu vergleichen.<\/p>\n<p>Mit den Hot-Stone-Massagest\u00e4ben haben Sie die M\u00f6glichkeit, W\u00e4rme in die Massage zu integrieren und abwechselnd mit den H\u00e4nden zu verwenden.<\/p>\n<p>Vorteile f\u00fcr den Benutzer<\/p>\n<ul>\n<li>Kann Therapeuten vor \u00dcberlastung der H\u00e4nde sch\u00fctzen<\/li>\n<li>Kontinuierliche W\u00e4rme, kein Verlust des Kundenkontakts<\/li>\n<li>Vier verschiedene W\u00e4rmestufen<\/li>\n<li>Tragbar und kann \u00fcberall eingesetzt werden<\/li>\n<li>Schnelles Aufheizen dank leistungsstarkem Akku<\/li>\n<li>Leicht und einfach zu bedienen<\/li>\n<li>Zwei Massageleisten f\u00fcr 7 verschiedene Massagetechniken<\/li>\n<li>Ideal f\u00fcr mobile Therapeuten<\/li>\n<\/ul>\n<p>Vorteile f\u00fcr G\u00e4ste<\/p>\n<ul>\n<li>Verbesserung der Blutzirkulation<\/li>\n<li>Muskeln werden gelockert und entspannt<\/li>\n<li>Kontinuierliche Massage durch W\u00e4rme und Ber\u00fchrung<\/li>\n<li>Seidig weich und beruhigend f\u00fcr die Haut<\/li>\n<\/ul>\n<p>In wenigen Schritten einsatzbereit<\/p>\n<ol>\n<li>Stellen Sie die gew\u00fcnschte Temperatur ein (45 bis 60 Grad Celsius).<\/li>\n<li>Setzen Sie die Massagest\u00e4be auf den Halter<\/li>\n<li>Nach drei Minuten sind die Riegel einsatzbereit.<\/li>\n<li>Vollst\u00e4ndige Erw\u00e4rmung des gesamten Steins nach etwa 10 Minuten<\/li>\n<li>Nach der Massage den Massagestab ausschalten und reinigen<\/li>\n<\/ol>\n<p>Inhalt: 1 flacher Hot-Stone-Stab 1 Pr\u00e4zisions-Hot-Stone-Stab 1 Flasche Massage\u00f6l 1 Ladeger\u00e4t (unter der Massage\u00f6lflasche) 2 Halter<\/p>\n<p>Die Massagest\u00e4be erm\u00f6glichen 7 Massagetechniken und verst\u00e4rken Ihre Massage mit W\u00e4rme. Lassen Sie den Gast Ihre H\u00e4nde und die W\u00e4rme sp\u00fcren!<\/p>\n<ul>\n<li>W\u00e4rmebehandlung<\/li>\n<li>Shiatsu<\/li>\n<li>Knie<\/li>\n<li>H\u00e4mmern<\/li>\n<li>Kreisen<\/li>\n<li>Kratzen<\/li>\n<li>Gleiten<\/li>\n<\/ul>\n<p>Dauer der W\u00e4rme - wichtig Die Massagest\u00e4be haben vier verschiedene W\u00e4rmestufen von warm bis hei\u00df, die f\u00fcr jede Massage geeignet sind. Auf der niedrigsten Stufe bleibt der Massagebalken bis zu drei Stunden lang hei\u00df, sofern er nicht zwischendurch ausgeschaltet wird. Auf der h\u00f6chsten Stufe bleibt er bis zu 1,5 Stunden lang hei\u00df, sofern er nicht zwischendurch ausgeschaltet wird. Wenn der Massagebalken h\u00e4ufig ein- und ausgeschaltet wird, kann sich die Aufw\u00e4rmzeit verk\u00fcrzen und er muss schneller wieder aufgeladen werden. Beachten Sie dies bei Ihren Massageanwendungen.<\/p>\n<p>Reinigung - wichtiger Hinweis Reinigen Sie die St\u00e4be nur mit einem trockenen, weichen Tuch und f\u00fcgen Sie eine minimale Menge an Reinigungsmittel hinzu, um \u00d6l zu entfernen. Verwenden Sie keinen Alkohol oder Chemikalien. Wenn durch unsachgem\u00e4\u00dfe Verwendung Wasser oder \u00d6l in die Rute eindringt, kann dies zu Fehlfunktionen f\u00fchren und die Garantie erl\u00f6schen lassen. Selbst kleine Fl\u00fcssigkeitsmengen k\u00f6nnen elektrische Fehler in der Angelrute verursachen, verwenden Sie daher nur ein weiches, trockenes Tuch mit etwas Reinigungsmittel. Jeder Stab wird w\u00e4hrend der Produktion einer strengen Qualit\u00e4ts- und Funktionskontrolle unterzogen und vor dem Versand erneut auf seine Funktionst\u00fcchtigkeit gepr\u00fcft.<\/p>\n<p>Technische Daten Modell ELEEELS S2 Aufladen: USB Typ-C Akku: 6600 mAh wiederaufladbarer Li-Ionen-Akku Ladezeit: ca. 4 Stunden Nutzungszeit: 3 Stunden am St\u00fcck, je nach Nutzung und W\u00e4rmegrad Nennleistung: 18W WEEE Reg No DE 55750600<\/p>\n<p>Wichtiger Hinweis W\u00e4hrend des Herstellungsprozesses k\u00f6nnen leichte Kratzer auf dem Bian-Stein entstehen. Auch wei\u00dfe Linien (nat\u00fcrliches Merkmal des Bian-Steins) sind oft sichtbar. Dies hat keinen Einfluss auf die Qualit\u00e4t des Produkts oder die Massage. Weitere Kratzer k\u00f6nnen bei der Arbeit mit den Steinen entstehen, z.B. wenn man die Steine auf eine harte Oberfl\u00e4che legt. Das Produkt ist neu und unbenutzt.<\/p>","protected":false},"excerpt":{"rendered":"<p>Hot-Stone-Massagest\u00e4be sind fortschrittliche Massageger\u00e4te, die aus handgeschliffenem Naturbianstein hergestellt werden. Diese St\u00e4be bieten ein einzigartiges Massageerlebnis, angetrieben von einem leistungsstarken, wiederaufladbaren Akku. Hier sind die wichtigsten Merkmale:<\/p>\n<ul>\n<li><strong>Innovatives Design<\/strong>Handpolierter Bian Stone f\u00fcr ein einzigartiges Massageerlebnis.<\/li>\n<li><strong>Konstante W\u00e4rme<\/strong>Leistungsstarke wiederaufladbare Batterie f\u00fcr 1,5-3 Stunden konstante W\u00e4rme.<\/li>\n<li><strong>Schnell zu bedienen<\/strong>: Gebrauchsfertig in 5-10 Minuten, unverwechselbar durch die LavaShell-Massage.<\/li>\n<li><strong>Vorteile f\u00fcr Therapeuten<\/strong>: \u00dcberlastungsschutz, Dauerw\u00e4rme, Tragbarkeit.<\/li>\n<li><strong>Verschiedene Massagetechniken<\/strong>: M\u00f6glichkeit von 7 verschiedenen Massagetechniken.<\/li>\n<li><strong>Zentrale Funktionen<\/strong>4 Heizstufen, 4 Stunden Ladezeit, sorgf\u00e4ltige Reinigung.<\/li>\n<li><strong>Modell: ELEEELS S2<\/strong>USB-Typ-C-Ladung, 6600-mAh-Akku, 3 Stunden Nutzungszeit.<\/li>\n<\/ul>\n<p>Die Hot-Stone-Massagest\u00e4be bieten ein perfektes Gleichgewicht zwischen technologischer Innovation und traditioneller Massagetherapie und sind damit ideal f\u00fcr Therapeuten und Anwender gleicherma\u00dfen.<\/p>","protected":false},"featured_media":5016,"comment_status":"open","ping_status":"closed","template":"","meta":[],"product_brand":[],"product_cat":[99,103],"product_tag":[],"class_list":{"0":"post-5005","1":"product","2":"type-product","3":"status-publish","4":"has-post-thumbnail","6":"product_cat-accessoires","7":"product_cat-hotstones","9":"first","10":"instock","11":"taxable","12":"shipping-taxable","13":"purchasable","14":"product-type-simple"},"yoast_head":"<!-- This site is optimized with the Yoast SEO Premium plugin v27.3 (Yoast SEO v27.3) - https:\/\/yoast.com\/product\/yoast-seo-premium-wordpress\/ -->\n<title>Hot Stone Massage Wands set - TouchPro Europe Shop<\/title>\n<meta name=\"description\" content=\"Hot Stone Massage Wands: Innovatief, handgepolijst bian stone voor constante warmte. Ideaal voor therapeuten en ontspanning. Ontdek nu!\" \/>\n<meta name=\"robots\" content=\"index, follow, max-snippet:-1, max-image-preview:large, max-video-preview:-1\" \/>\n<link rel=\"canonical\" href=\"https:\/\/touchproeurope.eu\/de\/product\/hot-stone-massagestabe\/\" \/>\n<meta property=\"og:locale\" content=\"de_DE\" \/>\n<meta property=\"og:type\" content=\"article\" \/>\n<meta property=\"og:title\" content=\"Hot Stone Massage Wands set\" \/>\n<meta property=\"og:description\" content=\"Hot Stone Massage Wands: Innovatief, handgepolijst bian stone voor constante warmte. Ideaal voor therapeuten en ontspanning. Ontdek nu!\" \/>\n<meta property=\"og:url\" content=\"https:\/\/touchproeurope.eu\/de\/product\/hot-stone-massagestabe\/\" \/>\n<meta property=\"og:site_name\" content=\"TouchPro Europe Shop\" \/>\n<meta property=\"article:publisher\" content=\"https:\/\/www.facebook.com\/TouchproNederland\/?locale=nl_NL%2f\" \/>\n<meta property=\"article:modified_time\" content=\"2026-03-04T16:56:25+00:00\" \/>\n<meta property=\"og:image\" content=\"https:\/\/touchproeurope.eu\/wp-content\/uploads\/2024\/01\/Ontwerp-zonder-titel-1.png\" \/>\n\t<meta property=\"og:image:width\" content=\"800\" \/>\n\t<meta property=\"og:image:height\" content=\"800\" \/>\n\t<meta property=\"og:image:type\" content=\"image\/png\" \/>\n<meta name=\"twitter:card\" content=\"summary_large_image\" \/>\n<meta name=\"twitter:label1\" content=\"Preis\" \/>\n\t<meta name=\"twitter:data1\" content=\"&euro;&nbsp;229,00 incl. BTW\" \/>\n\t<meta name=\"twitter:label2\" content=\"Verf\u00fcgbarkeit\" \/>\n\t<meta name=\"twitter:data2\" content=\"Auf Lager\" \/>\n<script type=\"application\/ld+json\" class=\"yoast-schema-graph\">{\"@context\":\"https:\\\/\\\/schema.org\",\"@graph\":[{\"@type\":\"WebPage\",\"@id\":\"https:\\\/\\\/touchproeurope.eu\\\/product\\\/hot-stone-massage-wands\\\/\",\"url\":\"https:\\\/\\\/touchproeurope.eu\\\/product\\\/hot-stone-massage-wands\\\/\",\"name\":\"Hot Stone Massage Wands set - TouchPro Europe Shop\",\"isPartOf\":{\"@id\":\"https:\\\/\\\/touchproeurope.eu\\\/#website\"},\"primaryImageOfPage\":{\"@id\":\"https:\\\/\\\/touchproeurope.eu\\\/product\\\/hot-stone-massage-wands\\\/#primaryimage\"},\"image\":{\"@id\":\"https:\\\/\\\/touchproeurope.eu\\\/product\\\/hot-stone-massage-wands\\\/#primaryimage\"},\"thumbnailUrl\":\"https:\\\/\\\/i0.wp.com\\\/touchproeurope.eu\\\/wp-content\\\/uploads\\\/2024\\\/01\\\/Ontwerp-zonder-titel-1.png?fit=800%2C800&ssl=1\",\"datePublished\":\"2024-01-21T12:08:47+00:00\",\"dateModified\":\"2026-03-04T16:56:25+00:00\",\"description\":\"Hot Stone Massage Wands: Innovatief, handgepolijst bian stone voor constante warmte. Ideaal voor therapeuten en ontspanning. Ontdek nu!\",\"breadcrumb\":{\"@id\":\"https:\\\/\\\/touchproeurope.eu\\\/product\\\/hot-stone-massage-wands\\\/#breadcrumb\"},\"inLanguage\":\"de\",\"potentialAction\":[{\"@type\":\"ReadAction\",\"target\":[\"https:\\\/\\\/touchproeurope.eu\\\/product\\\/hot-stone-massage-wands\\\/\"]}]},{\"@type\":\"ImageObject\",\"inLanguage\":\"de\",\"@id\":\"https:\\\/\\\/touchproeurope.eu\\\/product\\\/hot-stone-massage-wands\\\/#primaryimage\",\"url\":\"https:\\\/\\\/i0.wp.com\\\/touchproeurope.eu\\\/wp-content\\\/uploads\\\/2024\\\/01\\\/Ontwerp-zonder-titel-1.png?fit=800%2C800&ssl=1\",\"contentUrl\":\"https:\\\/\\\/i0.wp.com\\\/touchproeurope.eu\\\/wp-content\\\/uploads\\\/2024\\\/01\\\/Ontwerp-zonder-titel-1.png?fit=800%2C800&ssl=1\",\"width\":800,\"height\":800,\"caption\":\"Hot Stones Massage Wand S2\"},{\"@type\":\"BreadcrumbList\",\"@id\":\"https:\\\/\\\/touchproeurope.eu\\\/product\\\/hot-stone-massage-wands\\\/#breadcrumb\",\"itemListElement\":[{\"@type\":\"ListItem\",\"position\":1,\"name\":\"Home\",\"item\":\"https:\\\/\\\/touchproeurope.eu\\\/\"},{\"@type\":\"ListItem\",\"position\":2,\"name\":\"Winkel\",\"item\":\"https:\\\/\\\/touchproeurope.eu\\\/winkel\\\/\"},{\"@type\":\"ListItem\",\"position\":3,\"name\":\"Hot Stone Massage Wands set\"}]},{\"@type\":\"WebSite\",\"@id\":\"https:\\\/\\\/touchproeurope.eu\\\/#website\",\"url\":\"https:\\\/\\\/touchproeurope.eu\\\/\",\"name\":\"TouchPro Europe Shop\",\"description\":\"Alles voor jouw praktijk met een PROfessionele Touch!\",\"publisher\":{\"@id\":\"https:\\\/\\\/touchproeurope.eu\\\/#organization\"},\"alternateName\":\"TPE\",\"potentialAction\":[{\"@type\":\"SearchAction\",\"target\":{\"@type\":\"EntryPoint\",\"urlTemplate\":\"https:\\\/\\\/touchproeurope.eu\\\/?s={search_term_string}\"},\"query-input\":{\"@type\":\"PropertyValueSpecification\",\"valueRequired\":true,\"valueName\":\"search_term_string\"}}],\"inLanguage\":\"de\"},{\"@type\":\"Organization\",\"@id\":\"https:\\\/\\\/touchproeurope.eu\\\/#organization\",\"name\":\"TouchPro Europe BV\",\"alternateName\":\"TPE\",\"url\":\"https:\\\/\\\/touchproeurope.eu\\\/\",\"logo\":{\"@type\":\"ImageObject\",\"inLanguage\":\"de\",\"@id\":\"https:\\\/\\\/touchproeurope.eu\\\/#\\\/schema\\\/logo\\\/image\\\/\",\"url\":\"https:\\\/\\\/i0.wp.com\\\/touchproeurope.eu\\\/wp-content\\\/uploads\\\/2023\\\/10\\\/2b592c_b6944d80811246d987cc2c29accedf3f.png?fit=1417%2C531&ssl=1\",\"contentUrl\":\"https:\\\/\\\/i0.wp.com\\\/touchproeurope.eu\\\/wp-content\\\/uploads\\\/2023\\\/10\\\/2b592c_b6944d80811246d987cc2c29accedf3f.png?fit=1417%2C531&ssl=1\",\"width\":1417,\"height\":531,\"caption\":\"TouchPro Europe BV\"},\"image\":{\"@id\":\"https:\\\/\\\/touchproeurope.eu\\\/#\\\/schema\\\/logo\\\/image\\\/\"},\"sameAs\":[\"https:\\\/\\\/www.facebook.com\\\/TouchproNederland\\\/?locale=nl_NL\\\/\",\"https:\\\/\\\/www.instagram.com\\\/touchpro2016\\\/\",\"https:\\\/\\\/www.linkedin.com\\\/company\\\/touchpro-europe-bv\\\/\"],\"description\":\"TouchPro Europe Shop is de massage winkel van Europa. Wij verkopen topkwaliteit massageproducten aan masseurs, pedicures, fysiotherapeuten, manicuren, Wellness centra, opleidingen, etc. TouchPro begon als een kleine webshop in Nederland, maar is nu uitgegroeid tot een webshop met klanten uit heel Europa. Wij bieden een breed assortiment aan massageproducten, waaronder massagetafels, oli\u00ebn, cr\u00e8mes, en accessoires van topmerken, zoals Earthlite, Stronglite en InnerStrenght, Habys, Living Earth Crafts en Continuum en andere leveranciers van massage accessoires. Bestel hier de beste massagematerialen van Europa!\",\"email\":\"info@touchpro-europe.com\",\"telephone\":\"0858768829\",\"legalName\":\"TouchPro Europe BV\",\"foundingDate\":\"2018-01-11\",\"vatID\":\"NL855430151B01\",\"numberOfEmployees\":{\"@type\":\"QuantitativeValue\",\"minValue\":\"1\",\"maxValue\":\"10\"},\"hasMerchantReturnPolicy\":{\"@type\":\"MerchantReturnPolicy\",\"merchantReturnLink\":\"https:\\\/\\\/touchproeurope.eu\\\/de\\\/retourbeleid\\\/\"}}]}<\/script>\n<meta property=\"product:price:amount\" content=\"229.00\" \/>\n<meta property=\"product:price:currency\" content=\"EUR\" \/>\n<meta property=\"og:availability\" content=\"instock\" \/>\n<meta property=\"product:availability\" content=\"instock\" \/>\n<meta property=\"product:condition\" content=\"new\" \/>\n<!-- \/ Yoast SEO Premium plugin. -->","yoast_head_json":{"title":"Hot Stone Massagest\u00e4be Set - TouchPro Europe Shop","description":"Hot-Stone-Massagest\u00e4be: Innovativer, handpolierter Bian Stone f\u00fcr konstante W\u00e4rme. Ideal f\u00fcr Therapeuten und zur Entspannung. Jetzt entdecken!","robots":{"index":"index","follow":"follow","max-snippet":"max-snippet:-1","max-image-preview":"max-image-preview:large","max-video-preview":"max-video-preview:-1"},"canonical":"https:\/\/touchproeurope.eu\/de\/product\/hot-stone-massagestabe\/","og_locale":"de_DE","og_type":"article","og_title":"Hot Stone Massage Wands set","og_description":"Hot Stone Massage Wands: Innovatief, handgepolijst bian stone voor constante warmte. Ideaal voor therapeuten en ontspanning. Ontdek nu!","og_url":"https:\/\/touchproeurope.eu\/de\/product\/hot-stone-massagestabe\/","og_site_name":"TouchPro Europe Shop","article_publisher":"https:\/\/www.facebook.com\/TouchproNederland\/?locale=nl_NL%2f","article_modified_time":"2026-03-04T16:56:25+00:00","og_image":[{"width":800,"height":800,"url":"https:\/\/touchproeurope.eu\/wp-content\/uploads\/2024\/01\/Ontwerp-zonder-titel-1.png","type":"image\/png"}],"twitter_card":"summary_large_image","twitter_misc":{"Preis":"&euro;&nbsp;229,00 incl. BTW","Verf\u00fcgbarkeit":"Auf Lager"},"schema":{"@context":"https:\/\/schema.org","@graph":[{"@type":"WebPage","@id":"https:\/\/touchproeurope.eu\/product\/hot-stone-massage-wands\/","url":"https:\/\/touchproeurope.eu\/product\/hot-stone-massage-wands\/","name":"Hot Stone Massagest\u00e4be Set - TouchPro Europe Shop","isPartOf":{"@id":"https:\/\/touchproeurope.eu\/#website"},"primaryImageOfPage":{"@id":"https:\/\/touchproeurope.eu\/product\/hot-stone-massage-wands\/#primaryimage"},"image":{"@id":"https:\/\/touchproeurope.eu\/product\/hot-stone-massage-wands\/#primaryimage"},"thumbnailUrl":"https:\/\/i0.wp.com\/touchproeurope.eu\/wp-content\/uploads\/2024\/01\/Ontwerp-zonder-titel-1.png?fit=800%2C800&ssl=1","datePublished":"2024-01-21T12:08:47+00:00","dateModified":"2026-03-04T16:56:25+00:00","description":"Hot-Stone-Massagest\u00e4be: Innovativer, handpolierter Bian Stone f\u00fcr konstante W\u00e4rme. Ideal f\u00fcr Therapeuten und zur Entspannung. Jetzt entdecken!","breadcrumb":{"@id":"https:\/\/touchproeurope.eu\/product\/hot-stone-massage-wands\/#breadcrumb"},"inLanguage":"de","potentialAction":[{"@type":"ReadAction","target":["https:\/\/touchproeurope.eu\/product\/hot-stone-massage-wands\/"]}]},{"@type":"ImageObject","inLanguage":"de","@id":"https:\/\/touchproeurope.eu\/product\/hot-stone-massage-wands\/#primaryimage","url":"https:\/\/i0.wp.com\/touchproeurope.eu\/wp-content\/uploads\/2024\/01\/Ontwerp-zonder-titel-1.png?fit=800%2C800&ssl=1","contentUrl":"https:\/\/i0.wp.com\/touchproeurope.eu\/wp-content\/uploads\/2024\/01\/Ontwerp-zonder-titel-1.png?fit=800%2C800&ssl=1","width":800,"height":800,"caption":"Hot Stones Massage Wand S2"},{"@type":"BreadcrumbList","@id":"https:\/\/touchproeurope.eu\/product\/hot-stone-massage-wands\/#breadcrumb","itemListElement":[{"@type":"ListItem","position":1,"name":"Home","item":"https:\/\/touchproeurope.eu\/"},{"@type":"ListItem","position":2,"name":"Winkel","item":"https:\/\/touchproeurope.eu\/winkel\/"},{"@type":"ListItem","position":3,"name":"Hot Stone Massage Wands set"}]},{"@type":"WebSite","@id":"https:\/\/touchproeurope.eu\/#website","url":"https:\/\/touchproeurope.eu\/","name":"TouchPro Europe Shop","description":"Alles f\u00fcr Ihre Praxis mit einem PROfessional Touch!","publisher":{"@id":"https:\/\/touchproeurope.eu\/#organization"},"alternateName":"TPE","potentialAction":[{"@type":"SearchAction","target":{"@type":"EntryPoint","urlTemplate":"https:\/\/touchproeurope.eu\/?s={search_term_string}"},"query-input":{"@type":"PropertyValueSpecification","valueRequired":true,"valueName":"search_term_string"}}],"inLanguage":"de"},{"@type":"Organization","@id":"https:\/\/touchproeurope.eu\/#organization","name":"TouchPro Europa BV","alternateName":"TPE","url":"https:\/\/touchproeurope.eu\/","logo":{"@type":"ImageObject","inLanguage":"de","@id":"https:\/\/touchproeurope.eu\/#\/schema\/logo\/image\/","url":"https:\/\/i0.wp.com\/touchproeurope.eu\/wp-content\/uploads\/2023\/10\/2b592c_b6944d80811246d987cc2c29accedf3f.png?fit=1417%2C531&ssl=1","contentUrl":"https:\/\/i0.wp.com\/touchproeurope.eu\/wp-content\/uploads\/2023\/10\/2b592c_b6944d80811246d987cc2c29accedf3f.png?fit=1417%2C531&ssl=1","width":1417,"height":531,"caption":"TouchPro Europe BV"},"image":{"@id":"https:\/\/touchproeurope.eu\/#\/schema\/logo\/image\/"},"sameAs":["https:\/\/www.facebook.com\/TouchproNederland\/?locale=nl_NL\/","https:\/\/www.instagram.com\/touchpro2016\/","https:\/\/www.linkedin.com\/company\/touchpro-europe-bv\/"],"description":"TouchPro Europe Shop ist das Massagegesch\u00e4ft in Europa. Wir verkaufen hochwertige Massageprodukte an Masseure, Fu\u00dfpfleger, Physiotherapeuten, Manik\u00fcre, Wellness-Zentren, Ausbildungskurse, usw. TouchPro begann als kleines Gesch\u00e4ft in den Niederlanden, hat sich aber inzwischen zu einem Gesch\u00e4ft mit Kunden aus ganz Europa entwickelt. Wir bieten eine gro\u00dfe Auswahl an Massageprodukten, darunter Massageliegen, \u00d6le, Cremes und Zubeh\u00f6r von Top-Marken wie Earthlite, Stronglite und InnerStrenght, Habys, Living Earth Crafts und Continuum sowie anderen Lieferanten von Massagezubeh\u00f6r. Bestellen Sie hier die besten Massageprodukte Europas!","email":"info@touchpro-europe.com","telephone":"0858768829","legalName":"TouchPro Europe BV","foundingDate":"2018-01-11","vatID":"NL855430151B01","numberOfEmployees":{"@type":"QuantitativeValue","minValue":"1","maxValue":"10"},"hasMerchantReturnPolicy":{"@type":"MerchantReturnPolicy","merchantReturnLink":"https:\/\/touchproeurope.eu\/de\/retourbeleid\/"}}]},"product_price_amount":"229.00","product_price_currency":"EUR","og_availability":"instock","product_availability":"instock","product_condition":"new"},"_links":{"self":[{"href":"https:\/\/touchproeurope.eu\/de\/wp-json\/wp\/v2\/product\/5005","targetHints":{"allow":["GET"]}}],"collection":[{"href":"https:\/\/touchproeurope.eu\/de\/wp-json\/wp\/v2\/product"}],"about":[{"href":"https:\/\/touchproeurope.eu\/de\/wp-json\/wp\/v2\/types\/product"}],"replies":[{"embeddable":true,"href":"https:\/\/touchproeurope.eu\/de\/wp-json\/wp\/v2\/comments?post=5005"}],"version-history":[{"count":2,"href":"https:\/\/touchproeurope.eu\/de\/wp-json\/wp\/v2\/product\/5005\/revisions"}],"predecessor-version":[{"id":5055,"href":"https:\/\/touchproeurope.eu\/de\/wp-json\/wp\/v2\/product\/5005\/revisions\/5055"}],"wp:featuredmedia":[{"embeddable":true,"href":"https:\/\/touchproeurope.eu\/de\/wp-json\/wp\/v2\/media\/5016"}],"wp:attachment":[{"href":"https:\/\/touchproeurope.eu\/de\/wp-json\/wp\/v2\/media?parent=5005"}],"wp:term":[{"taxonomy":"product_brand","embeddable":true,"href":"https:\/\/touchproeurope.eu\/de\/wp-json\/wp\/v2\/product_brand?post=5005"},{"taxonomy":"product_cat","embeddable":true,"href":"https:\/\/touchproeurope.eu\/de\/wp-json\/wp\/v2\/product_cat?post=5005"},{"taxonomy":"product_tag","embeddable":true,"href":"https:\/\/touchproeurope.eu\/de\/wp-json\/wp\/v2\/product_tag?post=5005"}],"curies":[{"name":"wp","href":"https:\/\/api.w.org\/{rel}","templated":true}]}}