{"id":5213,"date":"2024-02-05T12:12:54","date_gmt":"2024-02-05T12:12:54","guid":{"rendered":"https:\/\/touchproeurope.eu\/?post_type=product&#038;p=5213"},"modified":"2026-04-22T09:33:22","modified_gmt":"2026-04-22T09:33:22","slug":"ganzheitliche-alchemie-einzelne-noten","status":"publish","type":"product","link":"https:\/\/touchproeurope.eu\/de\/product\/holistic-alchemy-single-notes\/","title":{"rendered":"Ganzheitliche Alchemie Einzelnoten"},"content":{"rendered":"<div class=\"react-scroll-to-bottom--css-rfdxj-1n7m0yu\">\n<div class=\"flex flex-col pb-9 text-sm\">\n<div class=\"w-full text-token-text-primary sm:AIPRM__conversation__response\" data-testid=\"conversation-turn-17\">\n<div class=\"px-4 py-2 justify-center text-base md:gap-6 m-auto\">\n<div class=\"flex flex-1 text-base mx-auto gap-3 md:px-5 lg:px-1 xl:px-5 md:max-w-3xl lg:max-w-[40rem] xl:max-w-[48rem] group final-completion\">\n<div class=\"relative flex w-full flex-col lg:w-[calc(100%-115px)] agent-turn\">\n<div class=\"flex-col gap-1 md:gap-3\">\n<div class=\"flex flex-grow flex-col max-w-full\">\n<div class=\"min-h-[20px] text-message flex flex-col items-start gap-3 whitespace-pre-wrap break-words [.text-message+&amp;]:mt-5 overflow-x-auto\" data-message-author-role=\"assistant\" data-message-id=\"d637ee01-a607-49c2-b24b-f6017bbd2cde\">\n<div class=\"markdown prose w-full break-words dark:prose-invert light AIPRM__conversation__response\">\n<p>Deze 100% biologische Holistic alchemy single notes, 100% pure, therapeutische essenti\u00eble oli\u00ebn zijn veelzijdig inzetbaar: aangepaste gezichts- en lichaamsprogramma&#8217;s, diffusers, baden en thuisverzorging.<\/p>\n<ul>\n<li>CEDERHOUT \u2013 Aarden, Ontspannen, Centreren. Cederhout is aards en grondend, met levendige houtachtige tonen die doen denken aan een bergretraite. Het biedt diepe ontspanning, centreren, balanceren en is een goede basisnoot voor je aangepaste mengprogramma.<\/li>\n<li>EUCALYPTUS \u2013 Adem, Verzacht, Balans. Eucalyptus heeft een schone en ruime geur, bekend om de adem te vergemakkelijken in stoombaden. Een klassieke olie voor sportmassages en gerichte behandeling van vermoeide spieren en stijve gewrichten.<\/li>\n<li>GRAPEFRUIT \u2013 Inspireren, Opbeuren, Verfrissen. Koud geperst uit de schil van de grapefruit, een van de populairste oli\u00ebn voor mengsels. Grapefruit verhoogt mindfulness en is licht opbeurend. Een topkeuze voor lymfedrainagemassage en waterretentie.<\/li>\n<li>LAVENDEL \u2013 Balanceren, Verlichten, Ontspannen. Lavendel in een diffuser cre\u00ebert een kalme omgeving met een subtiele geur. Perfect bij ontspannende massages en stressverlichting.<\/li>\n<li>CITROENGRAS \u2013 Revitaliseren, Herstellen, Opbeuren. Citroengras geeft een schone, heldere geur om de omgeving op te frissen, vooral in een diffuser. Een verkwikkende toevoeging aan massages voor comfort bij vermoeide spieren.<\/li>\n<li>SINAASAPPEL \u2013 Verfrissen, Vrolijk, Positief. Orange behoort tot de citrusoli\u00ebn, bekend als &#8220;vreugdeoli\u00ebn&#8221; vanwege hun positieve, opbeurende karakter. Een klassieke keuze voor kalmeren van kinderen en lymfedrainagemassage.<\/li>\n<li>PEPERMUNT \u2013 Opbeuren, Verkoelen, Vitaliseren. Verfrissend en opbeurend, pepermunt koelt, geeft energie en wekt op. Ideaal in diffusers, vooral tijdens studie, middagdipjes en om te ontspannen.<\/li>\n<li>ROZEMARIJN \u2013 Opbeuren, Stimuleren, Ontwaken. Een van de meest energieke oli\u00ebn, bevordert de bloedsomloop, verlicht stijfheid en verbetert alertheid. Ideaal voor hoofdmassages, het revitaliseert de hoofdhuid en laat je verfrist achter. Tijd voor een massageafspraak!<\/li>\n<\/ul>\n<p>Koop deze Holistic alchemy single notes los of in 1 van deze zorgvuldig samengestelde kits:<\/p>\n<ul>\n<li>UNWIND KIT \u2013 De UNWIND Kit biedt alles om te ontspannen en tegenwicht te bieden aan dagelijkse stress en spanning. De meegeleverde recepten tonen veilig en effectief gebruik van de biologische essenti\u00eble oli\u00ebn voor lichaam\/massage, bad en diffuser. Deze kit bevat drie 100% biologische essenti\u00eble oli\u00ebn: Cederhout, Lavendel en Sinaasappel.<\/li>\n<li>UPLIFT KIT \u2013 De UPLIFT Kit geeft je alles om te verfrissen, opladen en energie te geven. De meegeleverde recepten tonen veilig en effectief gebruik van de biologische essenti\u00eble oli\u00ebn voor lichaam\/massage, bad en diffuser. Deze kit bevat drie 100% biologische essenti\u00eble oli\u00ebn: Grapefruit, Pepermunt en Sinaasappel.<\/li>\n<li>IMMUNE KICK KIT \u2013 De IMMUNE Kit geeft je alles om de weerstand te versterken, essentieel om het hele jaar gezond te blijven. De meegeleverde recepten tonen veilig en effectief gebruik van de gecertificeerd biologische essenti\u00eble oli\u00ebn voor lichaam\/massage, bad en diffuser. Deze kit bevat drie 100% gecertificeerd biologische essenti\u00eble oli\u00ebn: Cederhout, Eucalyptus en Citroengras.<\/li>\n<\/ul>\n<\/div>\n<\/div>\n<\/div>\n<div class=\"mt-1 flex justify-start gap-3 empty:hidden\"><\/div>\n<\/div>\n<\/div>\n<\/div>\n<\/div>\n<\/div>\n<\/div>\n<\/div>\n","protected":false},"excerpt":{"rendered":"<p>Deze 100% biologische Holistic alchemy single notes, 100% pure, therapeutische essenti\u00eble oli\u00ebn zijn veelzijdig inzetbaar: aangepaste gezichts- en lichaamsprogramma&#8217;s, diffusers, baden en thuisverzorging. CEDERHOUT \u2013 Aarden, Ontspannen, Centreren. Cederhout is aards en grondend, met levendige houtachtige tonen die doen denken aan een bergretraite. Het biedt diepe ontspanning, centreren, balanceren en is een goede basisnoot voor [&hellip;]<\/p>\n","protected":false},"featured_media":5226,"comment_status":"open","ping_status":"closed","template":"","meta":[],"product_brand":[343],"product_cat":[105],"product_tag":[205,215,259,261],"class_list":{"0":"post-5213","1":"product","2":"type-product","3":"status-publish","4":"has-post-thumbnail","6":"product_brand-earthlite","7":"product_cat-aromatherapie","8":"product_tag-essential","9":"product_tag-massage","10":"product_tag-olie","11":"product_tag-single-note","12":"product_shipping_class-klein-pakket","14":"first","15":"instock","16":"taxable","17":"shipping-taxable","18":"purchasable","19":"product-type-variable"},"yoast_head":"<!-- This site is optimized with the Yoast SEO Premium plugin v27.4 (Yoast SEO v27.5) - https:\/\/yoast.com\/product\/yoast-seo-premium-wordpress\/ -->\n<title>Holistic alchemy single notes - TouchPro Europe Shop<\/title>\n<meta name=\"description\" content=\"Ontspan en verfris met onze Holistic alchemy single notes. Ontdek kits voor ontspanning, energieboost en immuunversterking. Bestel nu voor pure welzijn!\" \/>\n<meta name=\"robots\" content=\"index, follow, max-snippet:-1, max-image-preview:large, max-video-preview:-1\" \/>\n<link rel=\"canonical\" href=\"https:\/\/touchproeurope.eu\/de\/product\/ganzheitliche-alchemie-einzelne-noten\/\" \/>\n<meta property=\"og:locale\" content=\"de_DE\" \/>\n<meta property=\"og:type\" content=\"article\" \/>\n<meta property=\"og:title\" content=\"Holistic alchemy single notes\" \/>\n<meta property=\"og:description\" content=\"Ontspan en verfris met onze Holistic alchemy single notes. Ontdek kits voor ontspanning, energieboost en immuunversterking. Bestel nu voor pure welzijn!\" \/>\n<meta property=\"og:url\" content=\"https:\/\/touchproeurope.eu\/de\/product\/ganzheitliche-alchemie-einzelne-noten\/\" \/>\n<meta property=\"og:site_name\" content=\"TouchPro Europe Shop\" \/>\n<meta property=\"article:publisher\" content=\"https:\/\/www.facebook.com\/TouchproNederland\/?locale=nl_NL%2f\" \/>\n<meta property=\"article:modified_time\" content=\"2026-04-22T09:33:22+00:00\" \/>\n<meta property=\"og:image\" content=\"https:\/\/touchproeurope.eu\/wp-content\/uploads\/2024\/02\/49235348916_d47f1a5940_c.jpg\" \/>\n\t<meta property=\"og:image:width\" content=\"800\" \/>\n\t<meta property=\"og:image:height\" content=\"800\" \/>\n\t<meta property=\"og:image:type\" content=\"image\/jpeg\" \/>\n<meta name=\"twitter:card\" content=\"summary_large_image\" \/>\n<meta name=\"twitter:label1\" content=\"Verf\u00fcgbarkeit\" \/>\n\t<meta name=\"twitter:data1\" content=\"Auf Lager\" \/>\n<script type=\"application\/ld+json\" class=\"yoast-schema-graph\">{\"@context\":\"https:\\\/\\\/schema.org\",\"@graph\":[{\"@type\":\"WebPage\",\"@id\":\"https:\\\/\\\/touchproeurope.eu\\\/product\\\/holistic-alchemy-single-notes\\\/\",\"url\":\"https:\\\/\\\/touchproeurope.eu\\\/product\\\/holistic-alchemy-single-notes\\\/\",\"name\":\"Holistic alchemy single notes - TouchPro Europe Shop\",\"isPartOf\":{\"@id\":\"https:\\\/\\\/touchproeurope.eu\\\/#website\"},\"primaryImageOfPage\":{\"@id\":\"https:\\\/\\\/touchproeurope.eu\\\/product\\\/holistic-alchemy-single-notes\\\/#primaryimage\"},\"image\":{\"@id\":\"https:\\\/\\\/touchproeurope.eu\\\/product\\\/holistic-alchemy-single-notes\\\/#primaryimage\"},\"thumbnailUrl\":\"https:\\\/\\\/i0.wp.com\\\/touchproeurope.eu\\\/wp-content\\\/uploads\\\/2024\\\/02\\\/49235348916_d47f1a5940_c.jpg?fit=800%2C800&ssl=1\",\"datePublished\":\"2024-02-05T12:12:54+00:00\",\"dateModified\":\"2026-04-22T09:33:22+00:00\",\"description\":\"Ontspan en verfris met onze Holistic alchemy single notes. Ontdek kits voor ontspanning, energieboost en immuunversterking. Bestel nu voor pure welzijn!\",\"breadcrumb\":{\"@id\":\"https:\\\/\\\/touchproeurope.eu\\\/product\\\/holistic-alchemy-single-notes\\\/#breadcrumb\"},\"inLanguage\":\"de\",\"potentialAction\":[{\"@type\":\"ReadAction\",\"target\":[\"https:\\\/\\\/touchproeurope.eu\\\/product\\\/holistic-alchemy-single-notes\\\/\"]}]},{\"@type\":\"ImageObject\",\"inLanguage\":\"de\",\"@id\":\"https:\\\/\\\/touchproeurope.eu\\\/product\\\/holistic-alchemy-single-notes\\\/#primaryimage\",\"url\":\"https:\\\/\\\/i0.wp.com\\\/touchproeurope.eu\\\/wp-content\\\/uploads\\\/2024\\\/02\\\/49235348916_d47f1a5940_c.jpg?fit=800%2C800&ssl=1\",\"contentUrl\":\"https:\\\/\\\/i0.wp.com\\\/touchproeurope.eu\\\/wp-content\\\/uploads\\\/2024\\\/02\\\/49235348916_d47f1a5940_c.jpg?fit=800%2C800&ssl=1\",\"width\":800,\"height\":800,\"caption\":\"Holistic alchemy single notes\"},{\"@type\":\"BreadcrumbList\",\"@id\":\"https:\\\/\\\/touchproeurope.eu\\\/product\\\/holistic-alchemy-single-notes\\\/#breadcrumb\",\"itemListElement\":[{\"@type\":\"ListItem\",\"position\":1,\"name\":\"Home\",\"item\":\"https:\\\/\\\/touchproeurope.eu\\\/\"},{\"@type\":\"ListItem\",\"position\":2,\"name\":\"Winkel\",\"item\":\"https:\\\/\\\/touchproeurope.eu\\\/winkel\\\/\"},{\"@type\":\"ListItem\",\"position\":3,\"name\":\"Holistic alchemy single notes\"}]},{\"@type\":\"WebSite\",\"@id\":\"https:\\\/\\\/touchproeurope.eu\\\/#website\",\"url\":\"https:\\\/\\\/touchproeurope.eu\\\/\",\"name\":\"TouchPro Europe Shop\",\"description\":\"Alles voor jouw praktijk met een PROfessionele Touch!\",\"publisher\":{\"@id\":\"https:\\\/\\\/touchproeurope.eu\\\/#organization\"},\"alternateName\":\"TPE\",\"potentialAction\":[{\"@type\":\"SearchAction\",\"target\":{\"@type\":\"EntryPoint\",\"urlTemplate\":\"https:\\\/\\\/touchproeurope.eu\\\/?s={search_term_string}\"},\"query-input\":{\"@type\":\"PropertyValueSpecification\",\"valueRequired\":true,\"valueName\":\"search_term_string\"}}],\"inLanguage\":\"de\"},{\"@type\":\"Organization\",\"@id\":\"https:\\\/\\\/touchproeurope.eu\\\/#organization\",\"name\":\"TouchPro Europe BV\",\"alternateName\":\"TPE\",\"url\":\"https:\\\/\\\/touchproeurope.eu\\\/\",\"logo\":{\"@type\":\"ImageObject\",\"inLanguage\":\"de\",\"@id\":\"https:\\\/\\\/touchproeurope.eu\\\/#\\\/schema\\\/logo\\\/image\\\/\",\"url\":\"https:\\\/\\\/i0.wp.com\\\/touchproeurope.eu\\\/wp-content\\\/uploads\\\/2023\\\/10\\\/2b592c_b6944d80811246d987cc2c29accedf3f.png?fit=1417%2C531&ssl=1\",\"contentUrl\":\"https:\\\/\\\/i0.wp.com\\\/touchproeurope.eu\\\/wp-content\\\/uploads\\\/2023\\\/10\\\/2b592c_b6944d80811246d987cc2c29accedf3f.png?fit=1417%2C531&ssl=1\",\"width\":1417,\"height\":531,\"caption\":\"TouchPro Europe BV\"},\"image\":{\"@id\":\"https:\\\/\\\/touchproeurope.eu\\\/#\\\/schema\\\/logo\\\/image\\\/\"},\"sameAs\":[\"https:\\\/\\\/www.facebook.com\\\/TouchproNederland\\\/?locale=nl_NL\\\/\",\"https:\\\/\\\/www.instagram.com\\\/touchpro2016\\\/\",\"https:\\\/\\\/www.linkedin.com\\\/company\\\/touchpro-europe-bv\\\/\"],\"description\":\"TouchPro Europe Shop is de massage winkel van Europa. Wij verkopen topkwaliteit massageproducten aan masseurs, pedicures, fysiotherapeuten, manicuren, Wellness centra, opleidingen, etc. TouchPro begon als een kleine webshop in Nederland, maar is nu uitgegroeid tot een webshop met klanten uit heel Europa. Wij bieden een breed assortiment aan massageproducten, waaronder massagetafels, oli\u00ebn, cr\u00e8mes, en accessoires van topmerken, zoals Earthlite, Stronglite en InnerStrenght, Habys, Living Earth Crafts en Continuum en andere leveranciers van massage accessoires. Bestel hier de beste massagematerialen van Europa!\",\"email\":\"info@touchpro-europe.com\",\"telephone\":\"0858768829\",\"legalName\":\"TouchPro Europe BV\",\"foundingDate\":\"2018-01-11\",\"vatID\":\"NL855430151B01\",\"numberOfEmployees\":{\"@type\":\"QuantitativeValue\",\"minValue\":\"1\",\"maxValue\":\"10\"},\"hasMerchantReturnPolicy\":{\"@type\":\"MerchantReturnPolicy\",\"merchantReturnLink\":\"https:\\\/\\\/touchproeurope.eu\\\/de\\\/retourbeleid\\\/\"}}]}<\/script>\n<meta property=\"og:availability\" content=\"instock\" \/>\n<meta property=\"product:availability\" content=\"instock\" \/>\n<meta property=\"product:retailer_item_id\" content=\"52674\" \/>\n<meta property=\"product:condition\" content=\"new\" \/>\n<!-- \/ Yoast SEO Premium plugin. -->","yoast_head_json":{"title":"Ganzheitliche Alchemie Einzelnoten - TouchPro Europe Shop","description":"Entspannen und erfrischen Sie sich mit unseren Holistic Alchemy Einzelnoten. Entdecken Sie Kits zur Entspannung, Energiegewinnung und St\u00e4rkung des Immunsystems. Bestellen Sie jetzt f\u00fcr pures Wohlbefinden!","robots":{"index":"index","follow":"follow","max-snippet":"max-snippet:-1","max-image-preview":"max-image-preview:large","max-video-preview":"max-video-preview:-1"},"canonical":"https:\/\/touchproeurope.eu\/de\/product\/ganzheitliche-alchemie-einzelne-noten\/","og_locale":"de_DE","og_type":"article","og_title":"Holistic alchemy single notes","og_description":"Ontspan en verfris met onze Holistic alchemy single notes. Ontdek kits voor ontspanning, energieboost en immuunversterking. Bestel nu voor pure welzijn!","og_url":"https:\/\/touchproeurope.eu\/de\/product\/ganzheitliche-alchemie-einzelne-noten\/","og_site_name":"TouchPro Europe Shop","article_publisher":"https:\/\/www.facebook.com\/TouchproNederland\/?locale=nl_NL%2f","article_modified_time":"2026-04-22T09:33:22+00:00","og_image":[{"width":800,"height":800,"url":"https:\/\/touchproeurope.eu\/wp-content\/uploads\/2024\/02\/49235348916_d47f1a5940_c.jpg","type":"image\/jpeg"}],"twitter_card":"summary_large_image","twitter_misc":{"Verf\u00fcgbarkeit":"Auf Lager"},"schema":{"@context":"https:\/\/schema.org","@graph":[{"@type":"WebPage","@id":"https:\/\/touchproeurope.eu\/product\/holistic-alchemy-single-notes\/","url":"https:\/\/touchproeurope.eu\/product\/holistic-alchemy-single-notes\/","name":"Ganzheitliche Alchemie Einzelnoten - TouchPro Europe Shop","isPartOf":{"@id":"https:\/\/touchproeurope.eu\/#website"},"primaryImageOfPage":{"@id":"https:\/\/touchproeurope.eu\/product\/holistic-alchemy-single-notes\/#primaryimage"},"image":{"@id":"https:\/\/touchproeurope.eu\/product\/holistic-alchemy-single-notes\/#primaryimage"},"thumbnailUrl":"https:\/\/i0.wp.com\/touchproeurope.eu\/wp-content\/uploads\/2024\/02\/49235348916_d47f1a5940_c.jpg?fit=800%2C800&ssl=1","datePublished":"2024-02-05T12:12:54+00:00","dateModified":"2026-04-22T09:33:22+00:00","description":"Entspannen und erfrischen Sie sich mit unseren Holistic Alchemy Einzelnoten. Entdecken Sie Kits zur Entspannung, Energiegewinnung und St\u00e4rkung des Immunsystems. Bestellen Sie jetzt f\u00fcr pures Wohlbefinden!","breadcrumb":{"@id":"https:\/\/touchproeurope.eu\/product\/holistic-alchemy-single-notes\/#breadcrumb"},"inLanguage":"de","potentialAction":[{"@type":"ReadAction","target":["https:\/\/touchproeurope.eu\/product\/holistic-alchemy-single-notes\/"]}]},{"@type":"ImageObject","inLanguage":"de","@id":"https:\/\/touchproeurope.eu\/product\/holistic-alchemy-single-notes\/#primaryimage","url":"https:\/\/i0.wp.com\/touchproeurope.eu\/wp-content\/uploads\/2024\/02\/49235348916_d47f1a5940_c.jpg?fit=800%2C800&ssl=1","contentUrl":"https:\/\/i0.wp.com\/touchproeurope.eu\/wp-content\/uploads\/2024\/02\/49235348916_d47f1a5940_c.jpg?fit=800%2C800&ssl=1","width":800,"height":800,"caption":"Holistic alchemy single notes"},{"@type":"BreadcrumbList","@id":"https:\/\/touchproeurope.eu\/product\/holistic-alchemy-single-notes\/#breadcrumb","itemListElement":[{"@type":"ListItem","position":1,"name":"Home","item":"https:\/\/touchproeurope.eu\/"},{"@type":"ListItem","position":2,"name":"Winkel","item":"https:\/\/touchproeurope.eu\/winkel\/"},{"@type":"ListItem","position":3,"name":"Holistic alchemy single notes"}]},{"@type":"WebSite","@id":"https:\/\/touchproeurope.eu\/#website","url":"https:\/\/touchproeurope.eu\/","name":"TouchPro Europe Shop","description":"Alles f\u00fcr Ihre Praxis mit einem PROfessional Touch!","publisher":{"@id":"https:\/\/touchproeurope.eu\/#organization"},"alternateName":"TPE","potentialAction":[{"@type":"SearchAction","target":{"@type":"EntryPoint","urlTemplate":"https:\/\/touchproeurope.eu\/?s={search_term_string}"},"query-input":{"@type":"PropertyValueSpecification","valueRequired":true,"valueName":"search_term_string"}}],"inLanguage":"de"},{"@type":"Organization","@id":"https:\/\/touchproeurope.eu\/#organization","name":"TouchPro Europa BV","alternateName":"TPE","url":"https:\/\/touchproeurope.eu\/","logo":{"@type":"ImageObject","inLanguage":"de","@id":"https:\/\/touchproeurope.eu\/#\/schema\/logo\/image\/","url":"https:\/\/i0.wp.com\/touchproeurope.eu\/wp-content\/uploads\/2023\/10\/2b592c_b6944d80811246d987cc2c29accedf3f.png?fit=1417%2C531&ssl=1","contentUrl":"https:\/\/i0.wp.com\/touchproeurope.eu\/wp-content\/uploads\/2023\/10\/2b592c_b6944d80811246d987cc2c29accedf3f.png?fit=1417%2C531&ssl=1","width":1417,"height":531,"caption":"TouchPro Europe BV"},"image":{"@id":"https:\/\/touchproeurope.eu\/#\/schema\/logo\/image\/"},"sameAs":["https:\/\/www.facebook.com\/TouchproNederland\/?locale=nl_NL\/","https:\/\/www.instagram.com\/touchpro2016\/","https:\/\/www.linkedin.com\/company\/touchpro-europe-bv\/"],"description":"TouchPro Europe Shop ist das Massagegesch\u00e4ft in Europa. Wir verkaufen hochwertige Massageprodukte an Masseure, Fu\u00dfpfleger, Physiotherapeuten, Manik\u00fcre, Wellness-Zentren, Ausbildungskurse, usw. TouchPro begann als kleines Gesch\u00e4ft in den Niederlanden, hat sich aber inzwischen zu einem Gesch\u00e4ft mit Kunden aus ganz Europa entwickelt. Wir bieten eine gro\u00dfe Auswahl an Massageprodukten, darunter Massageliegen, \u00d6le, Cremes und Zubeh\u00f6r von Top-Marken wie Earthlite, Stronglite und InnerStrenght, Habys, Living Earth Crafts und Continuum sowie anderen Lieferanten von Massagezubeh\u00f6r. Bestellen Sie hier die besten Massageprodukte Europas!","email":"info@touchpro-europe.com","telephone":"0858768829","legalName":"TouchPro Europe BV","foundingDate":"2018-01-11","vatID":"NL855430151B01","numberOfEmployees":{"@type":"QuantitativeValue","minValue":"1","maxValue":"10"},"hasMerchantReturnPolicy":{"@type":"MerchantReturnPolicy","merchantReturnLink":"https:\/\/touchproeurope.eu\/de\/retourbeleid\/"}}]},"og_availability":"instock","product_availability":"instock","product_retailer_item_id":"52674","product_condition":"new"},"_links":{"self":[{"href":"https:\/\/touchproeurope.eu\/de\/wp-json\/wp\/v2\/product\/5213","targetHints":{"allow":["GET"]}}],"collection":[{"href":"https:\/\/touchproeurope.eu\/de\/wp-json\/wp\/v2\/product"}],"about":[{"href":"https:\/\/touchproeurope.eu\/de\/wp-json\/wp\/v2\/types\/product"}],"replies":[{"embeddable":true,"href":"https:\/\/touchproeurope.eu\/de\/wp-json\/wp\/v2\/comments?post=5213"}],"version-history":[{"count":4,"href":"https:\/\/touchproeurope.eu\/de\/wp-json\/wp\/v2\/product\/5213\/revisions"}],"predecessor-version":[{"id":6591,"href":"https:\/\/touchproeurope.eu\/de\/wp-json\/wp\/v2\/product\/5213\/revisions\/6591"}],"wp:featuredmedia":[{"embeddable":true,"href":"https:\/\/touchproeurope.eu\/de\/wp-json\/wp\/v2\/media\/5226"}],"wp:attachment":[{"href":"https:\/\/touchproeurope.eu\/de\/wp-json\/wp\/v2\/media?parent=5213"}],"wp:term":[{"taxonomy":"product_brand","embeddable":true,"href":"https:\/\/touchproeurope.eu\/de\/wp-json\/wp\/v2\/product_brand?post=5213"},{"taxonomy":"product_cat","embeddable":true,"href":"https:\/\/touchproeurope.eu\/de\/wp-json\/wp\/v2\/product_cat?post=5213"},{"taxonomy":"product_tag","embeddable":true,"href":"https:\/\/touchproeurope.eu\/de\/wp-json\/wp\/v2\/product_tag?post=5213"}],"curies":[{"name":"wp","href":"https:\/\/api.w.org\/{rel}","templated":true}]}}