{"id":7883,"date":"2025-03-10T10:07:28","date_gmt":"2025-03-10T10:07:28","guid":{"rendered":"https:\/\/touchproeurope.eu\/?post_type=product&#038;p=7883"},"modified":"2026-03-04T16:57:08","modified_gmt":"2026-03-04T16:57:08","slug":"entspannung-mobile-massageliege-welltouch","status":"publish","type":"product","link":"https:\/\/touchproeurope.eu\/de\/product\/relax-mobiele-massagetafel-welltouch\/","title":{"rendered":"RELAX mobile Massageliege WellTouch"},"content":{"rendered":"<h2 data-start=\"0\" data-end=\"71\"><strong data-start=\"0\" data-end=\"69\">Mobile und tragbare Massageliege mit verschiedenen Befestigungsm\u00f6glichkeiten<\/strong><\/h2>\n<p data-start=\"73\" data-end=\"420\">Die <strong data-start=\"76\" data-end=\"98\">RELAX-Massageliege<\/strong> von WellTouch ist solide gebaut und wird mit diversem Zubeh\u00f6r geliefert. Der Tisch hat einen stabilen Holzrahmen und eine weiche, leicht zu reinigende Polyurethan (PU)-Polsterung mit bequemer Schaumstoffpolsterung. An beiden Enden des Tisches befindet sich ein <strong data-start=\"351\" data-end=\"366\">Reiki-Option<\/strong> f\u00fcr zus\u00e4tzliche Beinfreiheit beim Arbeiten im Sitzen angebracht.<\/p>\n<p data-start=\"422\" data-end=\"762\">Die <strong data-start=\"425\" data-end=\"454\">doppelt verriegelnde Tasten<\/strong> an den Beinen sorgen f\u00fcr zus\u00e4tzliche Stabilit\u00e4t. F\u00fcr zus\u00e4tzlichen Komfort beim Liegen sorgt die RELAX <strong data-start=\"549\" data-end=\"573\">mobile Massageliege<\/strong> ausgestattet mit einem <strong data-start=\"592\" data-end=\"612\">vordere Armlehne<\/strong> und <strong data-start=\"616\" data-end=\"638\">zwei Seitenarmst\u00fctzen<\/strong> (34 cm lang x 10 cm breit). Dar\u00fcber hinaus verf\u00fcgt der Tisch \u00fcber eine <strong data-start=\"704\" data-end=\"726\">Gesichtsaussparung<\/strong> und eine <strong data-start=\"734\" data-end=\"759\">Kopfst\u00fctze mit Kissen<\/strong>.<\/p>\n<p data-start=\"764\" data-end=\"992\">Die <strong data-start=\"767\" data-end=\"793\">tragbare Massageliege<\/strong> ist <strong data-start=\"797\" data-end=\"811\">faltbar<\/strong>Dadurch ist er leicht zu transportieren, aufzubauen und zu demontieren. Es kann leicht getragen oder in der mitgelieferten Tasche aufbewahrt werden. <strong data-start=\"952\" data-end=\"964\">Tragetasche<\/strong> und kann \u00fcberall aufgestellt werden.<\/p>\n<h3 data-start=\"994\" data-end=\"1025\"><strong data-start=\"998\" data-end=\"1023\">Abmessungen und Design<\/strong><\/h3>\n<ul data-start=\"1026\" data-end=\"1541\">\n<li data-start=\"1026\" data-end=\"1048\"><strong data-start=\"1028\" data-end=\"1040\">Breite:<\/strong> 70 cm<\/li>\n<li data-start=\"1049\" data-end=\"1110\"><strong data-start=\"1051\" data-end=\"1074\">H\u00f6henverstellbar:<\/strong> \u00fcber 11 Positionen von 60 bis 85,6 cm<\/li>\n<li data-start=\"1111\" data-end=\"1133\"><strong data-start=\"1113\" data-end=\"1124\">L\u00e4nge:<\/strong> 185 cm<\/li>\n<li data-start=\"1134\" data-end=\"1195\"><strong data-start=\"1136\" data-end=\"1148\">Gewicht:<\/strong> 14 kg (Tisch), 15 kg (einschlie\u00dflich Zubeh\u00f6r)<\/li>\n<li data-start=\"1196\" data-end=\"1232\"><strong data-start=\"1198\" data-end=\"1223\">Maximales Arbeitsgewicht:<\/strong> 150 kg<\/li>\n<li data-start=\"1233\" data-end=\"1277\"><strong data-start=\"1235\" data-end=\"1268\">Maximale statische Belastung:<\/strong> 600 kg<\/li>\n<li data-start=\"1278\" data-end=\"1324\"><strong data-start=\"1280\" data-end=\"1322\">Doppelte Verriegelungskn\u00f6pfe an den Beinen<\/strong><\/li>\n<li data-start=\"1325\" data-end=\"1362\"><strong data-start=\"1327\" data-end=\"1344\">PU-Beschichtung:<\/strong> robust &amp; weich<\/li>\n<li data-start=\"1363\" data-end=\"1394\"><strong data-start=\"1365\" data-end=\"1383\">Schaumstoff-Polsterung:<\/strong> 4 cm dick<\/li>\n<li data-start=\"1395\" data-end=\"1480\"><strong data-start=\"1397\" data-end=\"1411\">Enth\u00e4lt:<\/strong> Gesichtsaussparung, seitliche und vordere Armlehnen, gepolsterte Kopfst\u00fctze<\/li>\n<li data-start=\"1481\" data-end=\"1541\"><strong data-start=\"1483\" data-end=\"1496\">Tragetasche:<\/strong> geeignet f\u00fcr den Tisch und das gesamte Zubeh\u00f6r<\/li>\n<\/ul>\n<h3 data-start=\"1543\" data-end=\"1579\"><strong data-start=\"1547\" data-end=\"1577\">Pflege von Polsterm\u00f6beln<\/strong><\/h3>\n<p data-start=\"1580\" data-end=\"2068\">Unser <strong data-start=\"1585\" data-end=\"1623\">mobile und tragbare Massageliegen<\/strong>Hocker, Massagesessel und Knierollen sind mit hochwertigem Stoff bezogen. <strong data-start=\"1692\" data-end=\"1713\">Polyurethan (PU)<\/strong>. Dieses Material ist mit Wasser und etwas Sp\u00fclmittel leicht zu reinigen. F\u00fcr die gelegentliche Desinfektion empfehlen wir unser <strong data-start=\"1840\" data-end=\"1887\">alkoholfreier Desinfektionsreiniger \"Aysun Cleaning Spray\"<\/strong> zu. Das Aysun Reinigungsspray enth\u00e4lt keinen Alkohol, keine Aldehyde oder Phenole und ist daher sehr materialschonend. Einfach aufspr\u00fchen, eine Minute einwirken lassen und mit einem weichen Tuch abwischen.<\/p>\n<h4 data-start=\"2070\" data-end=\"2086\"><strong data-start=\"2070\" data-end=\"2084\">Bemerkung:<\/strong><\/h4>\n<ul data-start=\"2087\" data-end=\"2642\">\n<li data-start=\"2087\" data-end=\"2277\"><strong data-start=\"2089\" data-end=\"2118\">Haut\u00f6le und Massage\u00f6le<\/strong> kann das PU-Material besch\u00e4digen. Sch\u00fctzen Sie die Oberfl\u00e4che immer mit einer sauberen Abdeckung und achten Sie darauf, dass keine \u00d6lr\u00fcckst\u00e4nde auf dem Material verbleiben.<\/li>\n<li data-start=\"2278\" data-end=\"2447\">Bei der Verwendung gro\u00dfer \u00d6lmengen, z. B. f\u00fcr <strong data-start=\"2343\" data-end=\"2369\">Ayurveda-Behandlungen<\/strong>sollte der Tisch immer mit einem Tuch abgedeckt werden. <strong data-start=\"2414\" data-end=\"2444\">spezieller \u00d6lschutzdeckel<\/strong>.<\/li>\n<li data-start=\"2448\" data-end=\"2642\"><strong data-start=\"2450\" data-end=\"2503\">Aggressive oder alkoholische Desinfektionsmittel<\/strong> k\u00f6nnen Sch\u00e4den verursachen. Sch\u00e4den, die durch die Verwendung anderer als der vorgeschriebenen Reinigungsmittel verursacht werden, fallen nicht unter die Garantie.<\/li>\n<\/ul>\n<h4 data-start=\"2644\" data-end=\"2701\"><strong data-start=\"2648\" data-end=\"2699\">Garantie innerhalb der EU, der Schweiz und Norwegens<\/strong><\/h4>\n<p data-start=\"2702\" data-end=\"3050\">Auf der <strong data-start=\"2708\" data-end=\"2734\">tragbare Massageliege<\/strong> und Zubeh\u00f6r gilt ein <strong data-start=\"2760\" data-end=\"2790\">Garantiezeit von 2 Jahren<\/strong>. Innerhalb dieses Zeitraums <strong data-start=\"2823\" data-end=\"2840\">TouchPro Europa BV<\/strong> dass der Tisch und das Zubeh\u00f6r frei von Herstellungsfehlern sind. Die Garantie erstreckt sich nicht auf Sch\u00e4den, die durch unsachgem\u00e4\u00dfen Gebrauch (z. B. \u00d6lsch\u00e4den oder Sch\u00e4den durch ungeeignete Kosmetika oder Reinigungsmittel) oder normale Abnutzung entstanden sind.<\/p>\n<p data-start=\"2702\" data-end=\"3050\">Sicherheitshinweise:<\/p>\n<p>Vorsicht: Quetschgefahr.<br \/>\nBefolgen Sie die Anweisungen des Produkts.<br \/>\nBestimmungsgem\u00e4\u00dfe Verwendung.<\/p>\n<p>Anweisungen zum Produkt: <a href=\"https:\/\/bodynova.de\/media\/pdf\/welltouch-massage-tables-instructions.pdf\">Massageliegen von Welltouch (PDF)<\/a><\/p>","protected":false},"excerpt":{"rendered":"<p>Mobiele en draagbare massagetafel met verschillende montageopties De RELAX massagetafel van WellTouch is stevig gebouwd en wordt geleverd met diverse accessoires. De tafel heeft een robuust houten frame en een zachte, eenvoudig te reinigen polyurethaan (PU) bekleding met comfortabele schuimvulling. Aan beide uiteinden van de tafel is een Reiki-optie bevestigd voor extra beenruimte bij zittend [&hellip;]<\/p>\n","protected":false},"featured_media":7890,"comment_status":"open","ping_status":"closed","template":"","meta":[],"product_brand":[347],"product_cat":[94,93],"product_tag":[348,349],"class_list":{"0":"post-7883","1":"product","2":"type-product","3":"status-publish","4":"has-post-thumbnail","6":"product_brand-welltouch","7":"product_cat-draagbare-massagetafels","8":"product_cat-massagetafels","9":"product_tag-beginners","10":"product_tag-persoonlijk-gebruik","11":"product_shipping_class-groot-pakket","12":"pa_kleur-beige","13":"pa_kleur-blauw","14":"pa_merk-welltouch","16":"first","17":"outofstock","18":"taxable","19":"shipping-taxable","20":"purchasable","21":"product-type-variable"},"yoast_head":"<!-- This site is optimized with the Yoast SEO Premium plugin v27.3 (Yoast SEO v27.3) - https:\/\/yoast.com\/product\/yoast-seo-premium-wordpress\/ -->\n<title>Bestel de RELAX mobiele massagetafel WellTouch gemakkelijk bij - TouchPro Europe Shop<\/title>\n<meta name=\"description\" content=\"Met de RELAX mobiele massagetafel ervaar je ultiem gemak en praktische montageopties. Breng je massage-ervaring naar een hoger niveau! Bestel hem bij TouchPro Europe de massagewinkel van Europa\" \/>\n<meta name=\"robots\" content=\"index, follow, max-snippet:-1, max-image-preview:large, max-video-preview:-1\" \/>\n<link rel=\"canonical\" href=\"https:\/\/touchproeurope.eu\/de\/product\/entspannung-mobile-massageliege-welltouch\/\" \/>\n<meta property=\"og:locale\" content=\"de_DE\" \/>\n<meta property=\"og:type\" content=\"article\" \/>\n<meta property=\"og:title\" content=\"RELAX mobiele massagetafel WellTouch\" \/>\n<meta property=\"og:description\" content=\"Met de RELAX mobiele massagetafel ervaar je ultiem gemak en praktische montageopties. Breng je massage-ervaring naar een hoger niveau! Bestel hem bij TouchPro Europe de massagewinkel van Europa\" \/>\n<meta property=\"og:url\" content=\"https:\/\/touchproeurope.eu\/de\/product\/entspannung-mobile-massageliege-welltouch\/\" \/>\n<meta property=\"og:site_name\" content=\"TouchPro Europe Shop\" \/>\n<meta property=\"article:publisher\" content=\"https:\/\/www.facebook.com\/TouchproNederland\/?locale=nl_NL%2f\" \/>\n<meta property=\"article:modified_time\" content=\"2026-03-04T16:57:08+00:00\" \/>\n<meta property=\"og:image\" content=\"https:\/\/touchproeurope.eu\/wp-content\/uploads\/2025\/03\/table-de-massage-pliante-RELAX-bleu.jpg\" \/>\n\t<meta property=\"og:image:width\" content=\"1500\" \/>\n\t<meta property=\"og:image:height\" content=\"1500\" \/>\n\t<meta property=\"og:image:type\" content=\"image\/jpeg\" \/>\n<meta name=\"twitter:card\" content=\"summary_large_image\" \/>\n<meta name=\"twitter:label1\" content=\"Verf\u00fcgbarkeit\" \/>\n\t<meta name=\"twitter:data1\" content=\"ausverkauft\" \/>\n<script type=\"application\/ld+json\" class=\"yoast-schema-graph\">{\"@context\":\"https:\\\/\\\/schema.org\",\"@graph\":[{\"@type\":\"WebPage\",\"@id\":\"https:\\\/\\\/touchproeurope.eu\\\/product\\\/relax-mobiele-massagetafel-welltouch\\\/\",\"url\":\"https:\\\/\\\/touchproeurope.eu\\\/product\\\/relax-mobiele-massagetafel-welltouch\\\/\",\"name\":\"Bestel de RELAX mobiele massagetafel WellTouch gemakkelijk bij - TouchPro Europe Shop\",\"isPartOf\":{\"@id\":\"https:\\\/\\\/touchproeurope.eu\\\/#website\"},\"primaryImageOfPage\":{\"@id\":\"https:\\\/\\\/touchproeurope.eu\\\/product\\\/relax-mobiele-massagetafel-welltouch\\\/#primaryimage\"},\"image\":{\"@id\":\"https:\\\/\\\/touchproeurope.eu\\\/product\\\/relax-mobiele-massagetafel-welltouch\\\/#primaryimage\"},\"thumbnailUrl\":\"https:\\\/\\\/i0.wp.com\\\/touchproeurope.eu\\\/wp-content\\\/uploads\\\/2025\\\/03\\\/table-de-massage-pliante-RELAX-bleu.jpg?fit=1500%2C1500&ssl=1\",\"datePublished\":\"2025-03-10T10:07:28+00:00\",\"dateModified\":\"2026-03-04T16:57:08+00:00\",\"description\":\"Met de RELAX mobiele massagetafel ervaar je ultiem gemak en praktische montageopties. Breng je massage-ervaring naar een hoger niveau! Bestel hem bij TouchPro Europe de massagewinkel van Europa\",\"breadcrumb\":{\"@id\":\"https:\\\/\\\/touchproeurope.eu\\\/product\\\/relax-mobiele-massagetafel-welltouch\\\/#breadcrumb\"},\"inLanguage\":\"de\",\"potentialAction\":[{\"@type\":\"ReadAction\",\"target\":[\"https:\\\/\\\/touchproeurope.eu\\\/product\\\/relax-mobiele-massagetafel-welltouch\\\/\"]}]},{\"@type\":\"ImageObject\",\"inLanguage\":\"de\",\"@id\":\"https:\\\/\\\/touchproeurope.eu\\\/product\\\/relax-mobiele-massagetafel-welltouch\\\/#primaryimage\",\"url\":\"https:\\\/\\\/i0.wp.com\\\/touchproeurope.eu\\\/wp-content\\\/uploads\\\/2025\\\/03\\\/table-de-massage-pliante-RELAX-bleu.jpg?fit=1500%2C1500&ssl=1\",\"contentUrl\":\"https:\\\/\\\/i0.wp.com\\\/touchproeurope.eu\\\/wp-content\\\/uploads\\\/2025\\\/03\\\/table-de-massage-pliante-RELAX-bleu.jpg?fit=1500%2C1500&ssl=1\",\"width\":1500,\"height\":1500,\"caption\":\"RELAX massagetafel WellTouch blauw\"},{\"@type\":\"BreadcrumbList\",\"@id\":\"https:\\\/\\\/touchproeurope.eu\\\/product\\\/relax-mobiele-massagetafel-welltouch\\\/#breadcrumb\",\"itemListElement\":[{\"@type\":\"ListItem\",\"position\":1,\"name\":\"Home\",\"item\":\"https:\\\/\\\/touchproeurope.eu\\\/\"},{\"@type\":\"ListItem\",\"position\":2,\"name\":\"Winkel\",\"item\":\"https:\\\/\\\/touchproeurope.eu\\\/winkel\\\/\"},{\"@type\":\"ListItem\",\"position\":3,\"name\":\"RELAX mobiele massagetafel WellTouch\"}]},{\"@type\":\"WebSite\",\"@id\":\"https:\\\/\\\/touchproeurope.eu\\\/#website\",\"url\":\"https:\\\/\\\/touchproeurope.eu\\\/\",\"name\":\"TouchPro Europe Shop\",\"description\":\"Alles voor jouw praktijk met een PROfessionele Touch!\",\"publisher\":{\"@id\":\"https:\\\/\\\/touchproeurope.eu\\\/#organization\"},\"alternateName\":\"TPE\",\"potentialAction\":[{\"@type\":\"SearchAction\",\"target\":{\"@type\":\"EntryPoint\",\"urlTemplate\":\"https:\\\/\\\/touchproeurope.eu\\\/?s={search_term_string}\"},\"query-input\":{\"@type\":\"PropertyValueSpecification\",\"valueRequired\":true,\"valueName\":\"search_term_string\"}}],\"inLanguage\":\"de\"},{\"@type\":\"Organization\",\"@id\":\"https:\\\/\\\/touchproeurope.eu\\\/#organization\",\"name\":\"TouchPro Europe BV\",\"alternateName\":\"TPE\",\"url\":\"https:\\\/\\\/touchproeurope.eu\\\/\",\"logo\":{\"@type\":\"ImageObject\",\"inLanguage\":\"de\",\"@id\":\"https:\\\/\\\/touchproeurope.eu\\\/#\\\/schema\\\/logo\\\/image\\\/\",\"url\":\"https:\\\/\\\/i0.wp.com\\\/touchproeurope.eu\\\/wp-content\\\/uploads\\\/2023\\\/10\\\/2b592c_b6944d80811246d987cc2c29accedf3f.png?fit=1417%2C531&ssl=1\",\"contentUrl\":\"https:\\\/\\\/i0.wp.com\\\/touchproeurope.eu\\\/wp-content\\\/uploads\\\/2023\\\/10\\\/2b592c_b6944d80811246d987cc2c29accedf3f.png?fit=1417%2C531&ssl=1\",\"width\":1417,\"height\":531,\"caption\":\"TouchPro Europe BV\"},\"image\":{\"@id\":\"https:\\\/\\\/touchproeurope.eu\\\/#\\\/schema\\\/logo\\\/image\\\/\"},\"sameAs\":[\"https:\\\/\\\/www.facebook.com\\\/TouchproNederland\\\/?locale=nl_NL\\\/\",\"https:\\\/\\\/www.instagram.com\\\/touchpro2016\\\/\",\"https:\\\/\\\/www.linkedin.com\\\/company\\\/touchpro-europe-bv\\\/\"],\"description\":\"TouchPro Europe Shop is de massage winkel van Europa. Wij verkopen topkwaliteit massageproducten aan masseurs, pedicures, fysiotherapeuten, manicuren, Wellness centra, opleidingen, etc. TouchPro begon als een kleine webshop in Nederland, maar is nu uitgegroeid tot een webshop met klanten uit heel Europa. Wij bieden een breed assortiment aan massageproducten, waaronder massagetafels, oli\u00ebn, cr\u00e8mes, en accessoires van topmerken, zoals Earthlite, Stronglite en InnerStrenght, Habys, Living Earth Crafts en Continuum en andere leveranciers van massage accessoires. Bestel hier de beste massagematerialen van Europa!\",\"email\":\"info@touchpro-europe.com\",\"telephone\":\"0858768829\",\"legalName\":\"TouchPro Europe BV\",\"foundingDate\":\"2018-01-11\",\"vatID\":\"NL855430151B01\",\"numberOfEmployees\":{\"@type\":\"QuantitativeValue\",\"minValue\":\"1\",\"maxValue\":\"10\"},\"hasMerchantReturnPolicy\":{\"@type\":\"MerchantReturnPolicy\",\"merchantReturnLink\":\"https:\\\/\\\/touchproeurope.eu\\\/de\\\/retourbeleid\\\/\"}}]}<\/script>\n<meta property=\"product:brand\" content=\"Welltouch\" \/>\n<meta property=\"og:availability\" content=\"out of stock\" \/>\n<meta property=\"product:availability\" content=\"out of stock\" \/>\n<meta property=\"product:condition\" content=\"new\" \/>\n<!-- \/ Yoast SEO Premium plugin. -->","yoast_head_json":{"title":"Bestellen Sie den mobilen RELAX-Massagetisch WellTouch ganz einfach bei - TouchPro Europe Shop","description":"Mit der mobilen Massageliege RELAX erleben Sie h\u00f6chsten Komfort und praktische Aufbaum\u00f6glichkeiten. Bringen Sie Ihr Massageerlebnis auf die n\u00e4chste Stufe! Bestellen Sie ihn bei TouchPro Europe, dem Massageshop Europas","robots":{"index":"index","follow":"follow","max-snippet":"max-snippet:-1","max-image-preview":"max-image-preview:large","max-video-preview":"max-video-preview:-1"},"canonical":"https:\/\/touchproeurope.eu\/de\/product\/entspannung-mobile-massageliege-welltouch\/","og_locale":"de_DE","og_type":"article","og_title":"RELAX mobiele massagetafel WellTouch","og_description":"Met de RELAX mobiele massagetafel ervaar je ultiem gemak en praktische montageopties. Breng je massage-ervaring naar een hoger niveau! Bestel hem bij TouchPro Europe de massagewinkel van Europa","og_url":"https:\/\/touchproeurope.eu\/de\/product\/entspannung-mobile-massageliege-welltouch\/","og_site_name":"TouchPro Europe Shop","article_publisher":"https:\/\/www.facebook.com\/TouchproNederland\/?locale=nl_NL%2f","article_modified_time":"2026-03-04T16:57:08+00:00","og_image":[{"width":1500,"height":1500,"url":"https:\/\/touchproeurope.eu\/wp-content\/uploads\/2025\/03\/table-de-massage-pliante-RELAX-bleu.jpg","type":"image\/jpeg"}],"twitter_card":"summary_large_image","twitter_misc":{"Verf\u00fcgbarkeit":"ausverkauft"},"schema":{"@context":"https:\/\/schema.org","@graph":[{"@type":"WebPage","@id":"https:\/\/touchproeurope.eu\/product\/relax-mobiele-massagetafel-welltouch\/","url":"https:\/\/touchproeurope.eu\/product\/relax-mobiele-massagetafel-welltouch\/","name":"Bestellen Sie den mobilen RELAX-Massagetisch WellTouch ganz einfach bei - TouchPro Europe Shop","isPartOf":{"@id":"https:\/\/touchproeurope.eu\/#website"},"primaryImageOfPage":{"@id":"https:\/\/touchproeurope.eu\/product\/relax-mobiele-massagetafel-welltouch\/#primaryimage"},"image":{"@id":"https:\/\/touchproeurope.eu\/product\/relax-mobiele-massagetafel-welltouch\/#primaryimage"},"thumbnailUrl":"https:\/\/i0.wp.com\/touchproeurope.eu\/wp-content\/uploads\/2025\/03\/table-de-massage-pliante-RELAX-bleu.jpg?fit=1500%2C1500&ssl=1","datePublished":"2025-03-10T10:07:28+00:00","dateModified":"2026-03-04T16:57:08+00:00","description":"Mit der mobilen Massageliege RELAX erleben Sie h\u00f6chsten Komfort und praktische Aufbaum\u00f6glichkeiten. Bringen Sie Ihr Massageerlebnis auf die n\u00e4chste Stufe! Bestellen Sie ihn bei TouchPro Europe, dem Massageshop Europas","breadcrumb":{"@id":"https:\/\/touchproeurope.eu\/product\/relax-mobiele-massagetafel-welltouch\/#breadcrumb"},"inLanguage":"de","potentialAction":[{"@type":"ReadAction","target":["https:\/\/touchproeurope.eu\/product\/relax-mobiele-massagetafel-welltouch\/"]}]},{"@type":"ImageObject","inLanguage":"de","@id":"https:\/\/touchproeurope.eu\/product\/relax-mobiele-massagetafel-welltouch\/#primaryimage","url":"https:\/\/i0.wp.com\/touchproeurope.eu\/wp-content\/uploads\/2025\/03\/table-de-massage-pliante-RELAX-bleu.jpg?fit=1500%2C1500&ssl=1","contentUrl":"https:\/\/i0.wp.com\/touchproeurope.eu\/wp-content\/uploads\/2025\/03\/table-de-massage-pliante-RELAX-bleu.jpg?fit=1500%2C1500&ssl=1","width":1500,"height":1500,"caption":"RELAX massagetafel WellTouch blauw"},{"@type":"BreadcrumbList","@id":"https:\/\/touchproeurope.eu\/product\/relax-mobiele-massagetafel-welltouch\/#breadcrumb","itemListElement":[{"@type":"ListItem","position":1,"name":"Home","item":"https:\/\/touchproeurope.eu\/"},{"@type":"ListItem","position":2,"name":"Winkel","item":"https:\/\/touchproeurope.eu\/winkel\/"},{"@type":"ListItem","position":3,"name":"RELAX mobiele massagetafel WellTouch"}]},{"@type":"WebSite","@id":"https:\/\/touchproeurope.eu\/#website","url":"https:\/\/touchproeurope.eu\/","name":"TouchPro Europe Shop","description":"Alles f\u00fcr Ihre Praxis mit einem PROfessional Touch!","publisher":{"@id":"https:\/\/touchproeurope.eu\/#organization"},"alternateName":"TPE","potentialAction":[{"@type":"SearchAction","target":{"@type":"EntryPoint","urlTemplate":"https:\/\/touchproeurope.eu\/?s={search_term_string}"},"query-input":{"@type":"PropertyValueSpecification","valueRequired":true,"valueName":"search_term_string"}}],"inLanguage":"de"},{"@type":"Organization","@id":"https:\/\/touchproeurope.eu\/#organization","name":"TouchPro Europa BV","alternateName":"TPE","url":"https:\/\/touchproeurope.eu\/","logo":{"@type":"ImageObject","inLanguage":"de","@id":"https:\/\/touchproeurope.eu\/#\/schema\/logo\/image\/","url":"https:\/\/i0.wp.com\/touchproeurope.eu\/wp-content\/uploads\/2023\/10\/2b592c_b6944d80811246d987cc2c29accedf3f.png?fit=1417%2C531&ssl=1","contentUrl":"https:\/\/i0.wp.com\/touchproeurope.eu\/wp-content\/uploads\/2023\/10\/2b592c_b6944d80811246d987cc2c29accedf3f.png?fit=1417%2C531&ssl=1","width":1417,"height":531,"caption":"TouchPro Europe BV"},"image":{"@id":"https:\/\/touchproeurope.eu\/#\/schema\/logo\/image\/"},"sameAs":["https:\/\/www.facebook.com\/TouchproNederland\/?locale=nl_NL\/","https:\/\/www.instagram.com\/touchpro2016\/","https:\/\/www.linkedin.com\/company\/touchpro-europe-bv\/"],"description":"TouchPro Europe Shop ist das Massagegesch\u00e4ft in Europa. Wir verkaufen hochwertige Massageprodukte an Masseure, Fu\u00dfpfleger, Physiotherapeuten, Manik\u00fcre, Wellness-Zentren, Ausbildungskurse, usw. TouchPro begann als kleines Gesch\u00e4ft in den Niederlanden, hat sich aber inzwischen zu einem Gesch\u00e4ft mit Kunden aus ganz Europa entwickelt. Wir bieten eine gro\u00dfe Auswahl an Massageprodukten, darunter Massageliegen, \u00d6le, Cremes und Zubeh\u00f6r von Top-Marken wie Earthlite, Stronglite und InnerStrenght, Habys, Living Earth Crafts und Continuum sowie anderen Lieferanten von Massagezubeh\u00f6r. Bestellen Sie hier die besten Massageprodukte Europas!","email":"info@touchpro-europe.com","telephone":"0858768829","legalName":"TouchPro Europe BV","foundingDate":"2018-01-11","vatID":"NL855430151B01","numberOfEmployees":{"@type":"QuantitativeValue","minValue":"1","maxValue":"10"},"hasMerchantReturnPolicy":{"@type":"MerchantReturnPolicy","merchantReturnLink":"https:\/\/touchproeurope.eu\/de\/retourbeleid\/"}}]},"product_brand":"Welltouch","og_availability":"out of stock","product_availability":"out of stock","product_condition":"new"},"_links":{"self":[{"href":"https:\/\/touchproeurope.eu\/de\/wp-json\/wp\/v2\/product\/7883","targetHints":{"allow":["GET"]}}],"collection":[{"href":"https:\/\/touchproeurope.eu\/de\/wp-json\/wp\/v2\/product"}],"about":[{"href":"https:\/\/touchproeurope.eu\/de\/wp-json\/wp\/v2\/types\/product"}],"replies":[{"embeddable":true,"href":"https:\/\/touchproeurope.eu\/de\/wp-json\/wp\/v2\/comments?post=7883"}],"version-history":[{"count":3,"href":"https:\/\/touchproeurope.eu\/de\/wp-json\/wp\/v2\/product\/7883\/revisions"}],"predecessor-version":[{"id":7894,"href":"https:\/\/touchproeurope.eu\/de\/wp-json\/wp\/v2\/product\/7883\/revisions\/7894"}],"wp:featuredmedia":[{"embeddable":true,"href":"https:\/\/touchproeurope.eu\/de\/wp-json\/wp\/v2\/media\/7890"}],"wp:attachment":[{"href":"https:\/\/touchproeurope.eu\/de\/wp-json\/wp\/v2\/media?parent=7883"}],"wp:term":[{"taxonomy":"product_brand","embeddable":true,"href":"https:\/\/touchproeurope.eu\/de\/wp-json\/wp\/v2\/product_brand?post=7883"},{"taxonomy":"product_cat","embeddable":true,"href":"https:\/\/touchproeurope.eu\/de\/wp-json\/wp\/v2\/product_cat?post=7883"},{"taxonomy":"product_tag","embeddable":true,"href":"https:\/\/touchproeurope.eu\/de\/wp-json\/wp\/v2\/product_tag?post=7883"}],"curies":[{"name":"wp","href":"https:\/\/api.w.org\/{rel}","templated":true}]}}