{"id":7913,"date":"2025-03-11T11:45:59","date_gmt":"2025-03-11T11:45:59","guid":{"rendered":"https:\/\/touchproeurope.eu\/?post_type=product&#038;p=7913"},"modified":"2026-03-04T16:57:08","modified_gmt":"2026-03-04T16:57:08","slug":"massageliege-balance-ii","status":"publish","type":"product","link":"https:\/\/touchproeurope.eu\/de\/product\/massagetafel-balance-ii\/","title":{"rendered":"BALANCE II Massageliege 71 cm"},"content":{"rendered":"<h2 data-start=\"0\" data-end=\"76\"><strong data-start=\"0\" data-end=\"74\">Massageliege BALANCE II 71 cm - Stabiler und komfortabler Behandlungstisch<\/strong><\/h2>\n<p data-start=\"78\" data-end=\"376\">Die Massageliege BALANCE II ist eine robuste und komfortable <strong data-start=\"147\" data-end=\"184\">mobile und tragbare Massageliege<\/strong>Die Liege ist sowohl f\u00fcr professionelle Therapeuten als auch f\u00fcr unerfahrene Masseure geeignet. Diese Liege l\u00e4sst sich leicht auf- und wieder abbauen und ist somit perfekt f\u00fcr den flexiblen Einsatz und Transport geeignet.<\/p>\n<h3><strong data-start=\"382\" data-end=\"396\">Enth\u00e4lt:<\/strong><\/h3>\n<p data-start=\"399\" data-end=\"610\">\u2714 <strong data-start=\"401\" data-end=\"434\">BALANCE II Massageliege 71 cm<\/strong><br data-start=\"434\" data-end=\"437\" \/>\u2714 <strong data-start=\"439\" data-end=\"465\">Verstellbare Kopfst\u00fctze<\/strong><br data-start=\"465\" data-end=\"468\" \/>\u2714 <strong data-start=\"470\" data-end=\"482\">Armlehne<\/strong><br data-start=\"482\" data-end=\"485\" \/>\u2714 <strong data-start=\"487\" data-end=\"502\">Reiki-Option<\/strong> an beiden Enden f\u00fcr zus\u00e4tzliche Beinfreiheit<br data-start=\"544\" data-end=\"547\" \/>\u2714 <strong data-start=\"549\" data-end=\"561\">Tragetasche<\/strong> (<em data-start=\"563\" data-end=\"607\">Artikel kann von der Tasche auf dem Foto abweichen<\/em>)<\/p>\n<p><strong data-start=\"616\" data-end=\"645\">Technische Daten:<\/strong><\/p>\n<ul data-start=\"648\" data-end=\"912\">\n<li data-start=\"648\" data-end=\"670\"><strong data-start=\"650\" data-end=\"662\">Breite:<\/strong> 71 cm<\/li>\n<li data-start=\"671\" data-end=\"709\"><strong data-start=\"673\" data-end=\"696\">H\u00f6henverstellbar:<\/strong> 61 - 83 cm<\/li>\n<li data-start=\"710\" data-end=\"732\"><strong data-start=\"712\" data-end=\"723\">L\u00e4nge:<\/strong> 185 cm<\/li>\n<li data-start=\"733\" data-end=\"761\"><strong data-start=\"735\" data-end=\"747\">Gewicht:<\/strong> ca. 15,5 kg<\/li>\n<li data-start=\"762\" data-end=\"798\"><strong data-start=\"764\" data-end=\"789\">Dynamische Belastung:<\/strong> 180 kg<\/li>\n<li data-start=\"799\" data-end=\"834\"><strong data-start=\"801\" data-end=\"825\">Statische Belastung:<\/strong> 720 kg<\/li>\n<li data-start=\"835\" data-end=\"873\"><strong data-start=\"837\" data-end=\"859\">Standard-Polsterung:<\/strong> 5 cm Schaumstoff<\/li>\n<li data-start=\"874\" data-end=\"912\"><strong data-start=\"876\" data-end=\"910\">Weicher &amp; robuster PU-Bezug<\/strong><\/li>\n<\/ul>\n<p><strong data-start=\"918\" data-end=\"951\">Pflege der PU-Beschichtung<\/strong><\/p>\n<p data-start=\"954\" data-end=\"1209\">Die mobile Massageliege ist mit einem hochwertigen Bezug <strong data-start=\"1018\" data-end=\"1039\">Polyurethan (PU)<\/strong>die mit Wasser und ein wenig Sp\u00fclmittel leicht zu reinigen ist. F\u00fcr die gelegentliche Desinfektion empfehlen wir die <strong data-start=\"1155\" data-end=\"1202\">alkoholfreier Desinfektionsreiniger \"Aysun Reinigungsspray\"<\/strong> zu.<\/p>\n<p data-start=\"1211\" data-end=\"1247\">\ud83d\udca1 <strong data-start=\"1214\" data-end=\"1245\">Wichtige Pflegehinweise:<\/strong><\/p>\n<ul data-start=\"1248\" data-end=\"1616\">\n<li data-start=\"1248\" data-end=\"1366\">Sch\u00fctzen Sie den Massagetisch immer mit einer <strong data-start=\"1290\" data-end=\"1305\">saubere Abdeckung<\/strong> zur Besch\u00e4digung durch <strong data-start=\"1321\" data-end=\"1350\">Haut\u00f6le und Massage\u00f6le<\/strong> verhindern.<\/li>\n<li data-start=\"1367\" data-end=\"1505\">Bei der Verwendung von <strong data-start=\"1385\" data-end=\"1412\">gro\u00dfe Mengen an \u00d6l<\/strong>wie bei Ayurveda-Massagen, eine <strong data-start=\"1453\" data-end=\"1483\">spezieller \u00d6lschutzdeckel<\/strong> verwendet werden.<\/li>\n<li data-start=\"1506\" data-end=\"1616\">Vermeiden Sie <strong data-start=\"1516\" data-end=\"1568\">aggressive oder alkoholische Reinigungsmittel<\/strong>da sie das Material besch\u00e4digen k\u00f6nnen.<\/li>\n<\/ul>\n<p><strong data-start=\"1622\" data-end=\"1676\">Gew\u00e4hrleistungsinformationen (EU, Schweiz und Norwegen)<\/strong><\/p>\n<p data-start=\"1679\" data-end=\"1792\">Die <strong data-start=\"1682\" data-end=\"1715\">BALANCE II Massageliege 71 cm<\/strong> hat eine <strong data-start=\"1726\" data-end=\"1756\">Garantiezeit von 2 Jahren<\/strong> auf Material- und Herstellungsfehler.<\/p>\n<p data-start=\"1794\" data-end=\"1825\"><strong data-start=\"1794\" data-end=\"1823\">Von der Garantie ausgeschlossen:<\/strong><\/p>\n<ul data-start=\"1826\" data-end=\"1978\">\n<li data-start=\"1826\" data-end=\"1929\">Sch\u00e4den verursacht durch <strong data-start=\"1840\" data-end=\"1864\">falsche Handhabung<\/strong> (z. B. \u00d6lsch\u00e4den oder unsachgem\u00e4\u00dfe Verwendung von Reinigungsmitteln).<\/li>\n<li data-start=\"1930\" data-end=\"1978\">Normal <strong data-start=\"1940\" data-end=\"1952\">Abnutzung und Verschlei\u00df<\/strong> durch den t\u00e4glichen Gebrauch.<\/li>\n<\/ul>\n<h4>Sicherheitshinweise:<\/h4>\n<p>Vorsicht: Quetschgefahr.<br \/>\nBefolgen Sie die Anweisungen des Produkts.<br \/>\nBestimmungsgem\u00e4\u00dfe Verwendung.<br \/>\nAnweisungen zum Produkt: <a href=\"https:\/\/bodynova.de\/media\/pdf\/welltouch-massage-tables-instructions.pdf\">Massageliegen von Welltouch (PDF)<\/a><\/p>","protected":false},"excerpt":{"rendered":"<p>Massagetafel BALANCE II 71 cm \u2013 Stabiele en Comfortabele Behandeltafel De Massagetafel BALANCE II is een robuuste en comfortabele mobiele en draagbare massagetafel, ideaal voor zowel professionele therapeuten als beginnende masseurs. Deze tafel is eenvoudig op te zetten en weer in te klappen, waardoor hij perfect is voor flexibel gebruik en transport. Inclusief: \u2714 Massagetafel [&hellip;]<\/p>\n","protected":false},"featured_media":7915,"comment_status":"open","ping_status":"closed","template":"","meta":[],"product_brand":[347],"product_cat":[94,93],"product_tag":[],"class_list":{"0":"post-7913","1":"product","2":"type-product","3":"status-publish","4":"has-post-thumbnail","6":"product_brand-welltouch","7":"product_cat-draagbare-massagetafels","8":"product_cat-massagetafels","9":"product_shipping_class-groot-pakket","10":"pa_kleur-beige","11":"pa_kleur-blauw","12":"pa_kleur-bordeaux","13":"pa_merk-welltouch","15":"first","16":"instock","17":"taxable","18":"shipping-taxable","19":"purchasable","20":"product-type-variable"},"yoast_head":"<!-- This site is optimized with the Yoast SEO Premium plugin v27.3 (Yoast SEO v27.3) - https:\/\/yoast.com\/product\/yoast-seo-premium-wordpress\/ -->\n<title>Massagetafel BALANCE II 71 cm - TouchPro Europe Shop<\/title>\n<meta name=\"description\" content=\"Maak je massage-ervaring compleet met de Massagetafel BALANCE II 71 cm. Deze multifunctionele tafel is ideaal voor elke therapeut! Te koop bij TouchPro Europe\" \/>\n<meta name=\"robots\" content=\"index, follow, max-snippet:-1, max-image-preview:large, max-video-preview:-1\" \/>\n<link rel=\"canonical\" href=\"https:\/\/touchproeurope.eu\/de\/product\/massageliege-balance-ii\/\" \/>\n<meta property=\"og:locale\" content=\"de_DE\" \/>\n<meta property=\"og:type\" content=\"article\" \/>\n<meta property=\"og:title\" content=\"Massagetafel BALANCE II 71 cm\" \/>\n<meta property=\"og:description\" content=\"Maak je massage-ervaring compleet met de Massagetafel BALANCE II 71 cm. Deze multifunctionele tafel is ideaal voor elke therapeut! Te koop bij TouchPro Europe\" \/>\n<meta property=\"og:url\" content=\"https:\/\/touchproeurope.eu\/de\/product\/massageliege-balance-ii\/\" \/>\n<meta property=\"og:site_name\" content=\"TouchPro Europe Shop\" \/>\n<meta property=\"article:publisher\" content=\"https:\/\/www.facebook.com\/TouchproNederland\/?locale=nl_NL%2f\" \/>\n<meta property=\"article:modified_time\" content=\"2026-03-04T16:57:08+00:00\" \/>\n<meta property=\"og:image\" content=\"https:\/\/touchproeurope.eu\/wp-content\/uploads\/2025\/03\/table-de-massage-pliante-balance-bordeau.jpeg\" \/>\n\t<meta property=\"og:image:width\" content=\"1500\" \/>\n\t<meta property=\"og:image:height\" content=\"1500\" \/>\n\t<meta property=\"og:image:type\" content=\"image\/jpeg\" \/>\n<meta name=\"twitter:card\" content=\"summary_large_image\" \/>\n<meta name=\"twitter:label1\" content=\"Verf\u00fcgbarkeit\" \/>\n\t<meta name=\"twitter:data1\" content=\"Auf Lager\" \/>\n<script type=\"application\/ld+json\" class=\"yoast-schema-graph\">{\"@context\":\"https:\\\/\\\/schema.org\",\"@graph\":[{\"@type\":\"WebPage\",\"@id\":\"https:\\\/\\\/touchproeurope.eu\\\/product\\\/massagetafel-balance-ii\\\/\",\"url\":\"https:\\\/\\\/touchproeurope.eu\\\/product\\\/massagetafel-balance-ii\\\/\",\"name\":\"Massagetafel BALANCE II 71 cm - TouchPro Europe Shop\",\"isPartOf\":{\"@id\":\"https:\\\/\\\/touchproeurope.eu\\\/#website\"},\"primaryImageOfPage\":{\"@id\":\"https:\\\/\\\/touchproeurope.eu\\\/product\\\/massagetafel-balance-ii\\\/#primaryimage\"},\"image\":{\"@id\":\"https:\\\/\\\/touchproeurope.eu\\\/product\\\/massagetafel-balance-ii\\\/#primaryimage\"},\"thumbnailUrl\":\"https:\\\/\\\/i0.wp.com\\\/touchproeurope.eu\\\/wp-content\\\/uploads\\\/2025\\\/03\\\/table-de-massage-pliante-balance-bordeau.jpeg?fit=1500%2C1500&ssl=1\",\"datePublished\":\"2025-03-11T11:45:59+00:00\",\"dateModified\":\"2026-03-04T16:57:08+00:00\",\"description\":\"Maak je massage-ervaring compleet met de Massagetafel BALANCE II 71 cm. Deze multifunctionele tafel is ideaal voor elke therapeut! Te koop bij TouchPro Europe\",\"breadcrumb\":{\"@id\":\"https:\\\/\\\/touchproeurope.eu\\\/product\\\/massagetafel-balance-ii\\\/#breadcrumb\"},\"inLanguage\":\"de\",\"potentialAction\":[{\"@type\":\"ReadAction\",\"target\":[\"https:\\\/\\\/touchproeurope.eu\\\/product\\\/massagetafel-balance-ii\\\/\"]}]},{\"@type\":\"ImageObject\",\"inLanguage\":\"de\",\"@id\":\"https:\\\/\\\/touchproeurope.eu\\\/product\\\/massagetafel-balance-ii\\\/#primaryimage\",\"url\":\"https:\\\/\\\/i0.wp.com\\\/touchproeurope.eu\\\/wp-content\\\/uploads\\\/2025\\\/03\\\/table-de-massage-pliante-balance-bordeau.jpeg?fit=1500%2C1500&ssl=1\",\"contentUrl\":\"https:\\\/\\\/i0.wp.com\\\/touchproeurope.eu\\\/wp-content\\\/uploads\\\/2025\\\/03\\\/table-de-massage-pliante-balance-bordeau.jpeg?fit=1500%2C1500&ssl=1\",\"width\":1500,\"height\":1500,\"caption\":\"Massagetafel BALANCE II 71 cm\"},{\"@type\":\"BreadcrumbList\",\"@id\":\"https:\\\/\\\/touchproeurope.eu\\\/product\\\/massagetafel-balance-ii\\\/#breadcrumb\",\"itemListElement\":[{\"@type\":\"ListItem\",\"position\":1,\"name\":\"Home\",\"item\":\"https:\\\/\\\/touchproeurope.eu\\\/\"},{\"@type\":\"ListItem\",\"position\":2,\"name\":\"Winkel\",\"item\":\"https:\\\/\\\/touchproeurope.eu\\\/winkel\\\/\"},{\"@type\":\"ListItem\",\"position\":3,\"name\":\"Massagetafel BALANCE II 71 cm\"}]},{\"@type\":\"WebSite\",\"@id\":\"https:\\\/\\\/touchproeurope.eu\\\/#website\",\"url\":\"https:\\\/\\\/touchproeurope.eu\\\/\",\"name\":\"TouchPro Europe Shop\",\"description\":\"Alles voor jouw praktijk met een PROfessionele Touch!\",\"publisher\":{\"@id\":\"https:\\\/\\\/touchproeurope.eu\\\/#organization\"},\"alternateName\":\"TPE\",\"potentialAction\":[{\"@type\":\"SearchAction\",\"target\":{\"@type\":\"EntryPoint\",\"urlTemplate\":\"https:\\\/\\\/touchproeurope.eu\\\/?s={search_term_string}\"},\"query-input\":{\"@type\":\"PropertyValueSpecification\",\"valueRequired\":true,\"valueName\":\"search_term_string\"}}],\"inLanguage\":\"de\"},{\"@type\":\"Organization\",\"@id\":\"https:\\\/\\\/touchproeurope.eu\\\/#organization\",\"name\":\"TouchPro Europe BV\",\"alternateName\":\"TPE\",\"url\":\"https:\\\/\\\/touchproeurope.eu\\\/\",\"logo\":{\"@type\":\"ImageObject\",\"inLanguage\":\"de\",\"@id\":\"https:\\\/\\\/touchproeurope.eu\\\/#\\\/schema\\\/logo\\\/image\\\/\",\"url\":\"https:\\\/\\\/i0.wp.com\\\/touchproeurope.eu\\\/wp-content\\\/uploads\\\/2023\\\/10\\\/2b592c_b6944d80811246d987cc2c29accedf3f.png?fit=1417%2C531&ssl=1\",\"contentUrl\":\"https:\\\/\\\/i0.wp.com\\\/touchproeurope.eu\\\/wp-content\\\/uploads\\\/2023\\\/10\\\/2b592c_b6944d80811246d987cc2c29accedf3f.png?fit=1417%2C531&ssl=1\",\"width\":1417,\"height\":531,\"caption\":\"TouchPro Europe BV\"},\"image\":{\"@id\":\"https:\\\/\\\/touchproeurope.eu\\\/#\\\/schema\\\/logo\\\/image\\\/\"},\"sameAs\":[\"https:\\\/\\\/www.facebook.com\\\/TouchproNederland\\\/?locale=nl_NL\\\/\",\"https:\\\/\\\/www.instagram.com\\\/touchpro2016\\\/\",\"https:\\\/\\\/www.linkedin.com\\\/company\\\/touchpro-europe-bv\\\/\"],\"description\":\"TouchPro Europe Shop is de massage winkel van Europa. Wij verkopen topkwaliteit massageproducten aan masseurs, pedicures, fysiotherapeuten, manicuren, Wellness centra, opleidingen, etc. TouchPro begon als een kleine webshop in Nederland, maar is nu uitgegroeid tot een webshop met klanten uit heel Europa. Wij bieden een breed assortiment aan massageproducten, waaronder massagetafels, oli\u00ebn, cr\u00e8mes, en accessoires van topmerken, zoals Earthlite, Stronglite en InnerStrenght, Habys, Living Earth Crafts en Continuum en andere leveranciers van massage accessoires. Bestel hier de beste massagematerialen van Europa!\",\"email\":\"info@touchpro-europe.com\",\"telephone\":\"0858768829\",\"legalName\":\"TouchPro Europe BV\",\"foundingDate\":\"2018-01-11\",\"vatID\":\"NL855430151B01\",\"numberOfEmployees\":{\"@type\":\"QuantitativeValue\",\"minValue\":\"1\",\"maxValue\":\"10\"},\"hasMerchantReturnPolicy\":{\"@type\":\"MerchantReturnPolicy\",\"merchantReturnLink\":\"https:\\\/\\\/touchproeurope.eu\\\/de\\\/retourbeleid\\\/\"}}]}<\/script>\n<meta property=\"product:brand\" content=\"Welltouch\" \/>\n<meta property=\"og:availability\" content=\"instock\" \/>\n<meta property=\"product:availability\" content=\"instock\" \/>\n<meta property=\"product:retailer_item_id\" content=\"b71x\" \/>\n<meta property=\"product:condition\" content=\"new\" \/>\n<!-- \/ Yoast SEO Premium plugin. -->","yoast_head_json":{"title":"Massageliege BALANCE II 71 cm - TouchPro Europe Shop","description":"Vervollst\u00e4ndigen Sie Ihr Massageerlebnis mit der Massageliege BALANCE II 71 cm. Diese multifunktionale Liege ist ideal f\u00fcr jeden Therapeuten! Zu verkaufen bei TouchPro Europe","robots":{"index":"index","follow":"follow","max-snippet":"max-snippet:-1","max-image-preview":"max-image-preview:large","max-video-preview":"max-video-preview:-1"},"canonical":"https:\/\/touchproeurope.eu\/de\/product\/massageliege-balance-ii\/","og_locale":"de_DE","og_type":"article","og_title":"Massagetafel BALANCE II 71 cm","og_description":"Maak je massage-ervaring compleet met de Massagetafel BALANCE II 71 cm. Deze multifunctionele tafel is ideaal voor elke therapeut! Te koop bij TouchPro Europe","og_url":"https:\/\/touchproeurope.eu\/de\/product\/massageliege-balance-ii\/","og_site_name":"TouchPro Europe Shop","article_publisher":"https:\/\/www.facebook.com\/TouchproNederland\/?locale=nl_NL%2f","article_modified_time":"2026-03-04T16:57:08+00:00","og_image":[{"width":1500,"height":1500,"url":"https:\/\/touchproeurope.eu\/wp-content\/uploads\/2025\/03\/table-de-massage-pliante-balance-bordeau.jpeg","type":"image\/jpeg"}],"twitter_card":"summary_large_image","twitter_misc":{"Verf\u00fcgbarkeit":"Auf Lager"},"schema":{"@context":"https:\/\/schema.org","@graph":[{"@type":"WebPage","@id":"https:\/\/touchproeurope.eu\/product\/massagetafel-balance-ii\/","url":"https:\/\/touchproeurope.eu\/product\/massagetafel-balance-ii\/","name":"Massageliege BALANCE II 71 cm - TouchPro Europe Shop","isPartOf":{"@id":"https:\/\/touchproeurope.eu\/#website"},"primaryImageOfPage":{"@id":"https:\/\/touchproeurope.eu\/product\/massagetafel-balance-ii\/#primaryimage"},"image":{"@id":"https:\/\/touchproeurope.eu\/product\/massagetafel-balance-ii\/#primaryimage"},"thumbnailUrl":"https:\/\/i0.wp.com\/touchproeurope.eu\/wp-content\/uploads\/2025\/03\/table-de-massage-pliante-balance-bordeau.jpeg?fit=1500%2C1500&ssl=1","datePublished":"2025-03-11T11:45:59+00:00","dateModified":"2026-03-04T16:57:08+00:00","description":"Vervollst\u00e4ndigen Sie Ihr Massageerlebnis mit der Massageliege BALANCE II 71 cm. Diese multifunktionale Liege ist ideal f\u00fcr jeden Therapeuten! Zu verkaufen bei TouchPro Europe","breadcrumb":{"@id":"https:\/\/touchproeurope.eu\/product\/massagetafel-balance-ii\/#breadcrumb"},"inLanguage":"de","potentialAction":[{"@type":"ReadAction","target":["https:\/\/touchproeurope.eu\/product\/massagetafel-balance-ii\/"]}]},{"@type":"ImageObject","inLanguage":"de","@id":"https:\/\/touchproeurope.eu\/product\/massagetafel-balance-ii\/#primaryimage","url":"https:\/\/i0.wp.com\/touchproeurope.eu\/wp-content\/uploads\/2025\/03\/table-de-massage-pliante-balance-bordeau.jpeg?fit=1500%2C1500&ssl=1","contentUrl":"https:\/\/i0.wp.com\/touchproeurope.eu\/wp-content\/uploads\/2025\/03\/table-de-massage-pliante-balance-bordeau.jpeg?fit=1500%2C1500&ssl=1","width":1500,"height":1500,"caption":"Massagetafel BALANCE II 71 cm"},{"@type":"BreadcrumbList","@id":"https:\/\/touchproeurope.eu\/product\/massagetafel-balance-ii\/#breadcrumb","itemListElement":[{"@type":"ListItem","position":1,"name":"Home","item":"https:\/\/touchproeurope.eu\/"},{"@type":"ListItem","position":2,"name":"Winkel","item":"https:\/\/touchproeurope.eu\/winkel\/"},{"@type":"ListItem","position":3,"name":"Massagetafel BALANCE II 71 cm"}]},{"@type":"WebSite","@id":"https:\/\/touchproeurope.eu\/#website","url":"https:\/\/touchproeurope.eu\/","name":"TouchPro Europe Shop","description":"Alles f\u00fcr Ihre Praxis mit einem PROfessional Touch!","publisher":{"@id":"https:\/\/touchproeurope.eu\/#organization"},"alternateName":"TPE","potentialAction":[{"@type":"SearchAction","target":{"@type":"EntryPoint","urlTemplate":"https:\/\/touchproeurope.eu\/?s={search_term_string}"},"query-input":{"@type":"PropertyValueSpecification","valueRequired":true,"valueName":"search_term_string"}}],"inLanguage":"de"},{"@type":"Organization","@id":"https:\/\/touchproeurope.eu\/#organization","name":"TouchPro Europa BV","alternateName":"TPE","url":"https:\/\/touchproeurope.eu\/","logo":{"@type":"ImageObject","inLanguage":"de","@id":"https:\/\/touchproeurope.eu\/#\/schema\/logo\/image\/","url":"https:\/\/i0.wp.com\/touchproeurope.eu\/wp-content\/uploads\/2023\/10\/2b592c_b6944d80811246d987cc2c29accedf3f.png?fit=1417%2C531&ssl=1","contentUrl":"https:\/\/i0.wp.com\/touchproeurope.eu\/wp-content\/uploads\/2023\/10\/2b592c_b6944d80811246d987cc2c29accedf3f.png?fit=1417%2C531&ssl=1","width":1417,"height":531,"caption":"TouchPro Europe BV"},"image":{"@id":"https:\/\/touchproeurope.eu\/#\/schema\/logo\/image\/"},"sameAs":["https:\/\/www.facebook.com\/TouchproNederland\/?locale=nl_NL\/","https:\/\/www.instagram.com\/touchpro2016\/","https:\/\/www.linkedin.com\/company\/touchpro-europe-bv\/"],"description":"TouchPro Europe Shop ist das Massagegesch\u00e4ft in Europa. Wir verkaufen hochwertige Massageprodukte an Masseure, Fu\u00dfpfleger, Physiotherapeuten, Manik\u00fcre, Wellness-Zentren, Ausbildungskurse, usw. TouchPro begann als kleines Gesch\u00e4ft in den Niederlanden, hat sich aber inzwischen zu einem Gesch\u00e4ft mit Kunden aus ganz Europa entwickelt. Wir bieten eine gro\u00dfe Auswahl an Massageprodukten, darunter Massageliegen, \u00d6le, Cremes und Zubeh\u00f6r von Top-Marken wie Earthlite, Stronglite und InnerStrenght, Habys, Living Earth Crafts und Continuum sowie anderen Lieferanten von Massagezubeh\u00f6r. Bestellen Sie hier die besten Massageprodukte Europas!","email":"info@touchpro-europe.com","telephone":"0858768829","legalName":"TouchPro Europe BV","foundingDate":"2018-01-11","vatID":"NL855430151B01","numberOfEmployees":{"@type":"QuantitativeValue","minValue":"1","maxValue":"10"},"hasMerchantReturnPolicy":{"@type":"MerchantReturnPolicy","merchantReturnLink":"https:\/\/touchproeurope.eu\/de\/retourbeleid\/"}}]},"product_brand":"Welltouch","og_availability":"instock","product_availability":"instock","product_retailer_item_id":"b71x","product_condition":"new"},"_links":{"self":[{"href":"https:\/\/touchproeurope.eu\/de\/wp-json\/wp\/v2\/product\/7913","targetHints":{"allow":["GET"]}}],"collection":[{"href":"https:\/\/touchproeurope.eu\/de\/wp-json\/wp\/v2\/product"}],"about":[{"href":"https:\/\/touchproeurope.eu\/de\/wp-json\/wp\/v2\/types\/product"}],"replies":[{"embeddable":true,"href":"https:\/\/touchproeurope.eu\/de\/wp-json\/wp\/v2\/comments?post=7913"}],"version-history":[{"count":4,"href":"https:\/\/touchproeurope.eu\/de\/wp-json\/wp\/v2\/product\/7913\/revisions"}],"predecessor-version":[{"id":7925,"href":"https:\/\/touchproeurope.eu\/de\/wp-json\/wp\/v2\/product\/7913\/revisions\/7925"}],"wp:featuredmedia":[{"embeddable":true,"href":"https:\/\/touchproeurope.eu\/de\/wp-json\/wp\/v2\/media\/7915"}],"wp:attachment":[{"href":"https:\/\/touchproeurope.eu\/de\/wp-json\/wp\/v2\/media?parent=7913"}],"wp:term":[{"taxonomy":"product_brand","embeddable":true,"href":"https:\/\/touchproeurope.eu\/de\/wp-json\/wp\/v2\/product_brand?post=7913"},{"taxonomy":"product_cat","embeddable":true,"href":"https:\/\/touchproeurope.eu\/de\/wp-json\/wp\/v2\/product_cat?post=7913"},{"taxonomy":"product_tag","embeddable":true,"href":"https:\/\/touchproeurope.eu\/de\/wp-json\/wp\/v2\/product_tag?post=7913"}],"curies":[{"name":"wp","href":"https:\/\/api.w.org\/{rel}","templated":true}]}}