{"id":7937,"date":"2025-03-16T18:47:25","date_gmt":"2025-03-16T18:47:25","guid":{"rendered":"https:\/\/touchproeurope.eu\/?post_type=product&#038;p=7937"},"modified":"2026-04-22T14:51:44","modified_gmt":"2026-04-22T14:51:44","slug":"massageliege-balance-ii-76-cm","status":"publish","type":"product","link":"https:\/\/touchproeurope.eu\/de\/product\/massagetafel-balance-ii-76-cm\/","title":{"rendered":"BALANCE II Massageliege 76 cm"},"content":{"rendered":"<p data-start=\"0\" data-end=\"173\"><strong data-start=\"0\" data-end=\"110\">Die BALANCE II 76 cm Massageliege mit CableLock-Rahmen im g\u00fcnstigen Preissegment, jetzt in vielen Details verbessert!<\/strong><br data-start=\"110\" data-end=\"113\" \/>Der Massagetisch l\u00e4sst sich leicht auf- und abbauen.<\/p>\n<h3 data-start=\"175\" data-end=\"194\">Jetzt inklusive:<\/h3>\n<ul data-start=\"195\" data-end=\"349\">\n<li data-start=\"195\" data-end=\"211\">Die Massageliege BALANCE II 76 cm<\/li>\n<li data-start=\"212\" data-end=\"238\">Verstellbare Kopfst\u00fctze<\/li>\n<li data-start=\"239\" data-end=\"251\">Armlehne<\/li>\n<li data-start=\"252\" data-end=\"287\">Reiki-Option an beiden Enden<\/li>\n<li data-start=\"288\" data-end=\"349\">Tragetasche (Artikel kann von der Tasche auf dem Foto abweichen)<\/li>\n<\/ul>\n<h3 data-start=\"351\" data-end=\"376\">Details zur Konstruktion:<\/h3>\n<ul data-start=\"377\" data-end=\"620\">\n<li data-start=\"377\" data-end=\"417\">Verf\u00fcgbare Breiten: 71 cm und 76 cm<\/li>\n<li data-start=\"418\" data-end=\"446\">H\u00f6henbereich: 61 - 83 cm<\/li>\n<li data-start=\"447\" data-end=\"465\">L\u00e4nge: 185 cm<\/li>\n<li data-start=\"466\" data-end=\"490\">Gewicht: ca. 16,5 kg<\/li>\n<li data-start=\"491\" data-end=\"553\">Dynamische Belastung: 180 kg \/ statische Belastung: 720 kg<\/li>\n<li data-start=\"554\" data-end=\"588\">Standard-Polsterung: 5 cm Schaumstoff<\/li>\n<li data-start=\"589\" data-end=\"620\">Weich &amp; stark: PU-Beschichtung<\/li>\n<\/ul>\n<h3 data-start=\"622\" data-end=\"667\">Pflegehinweise f\u00fcr Polyurethan<\/h3>\n<p data-start=\"668\" data-end=\"970\">Unsere Massageliegen, Hocker, Massagesessel, Rollen usw. sind mit hochwertigem Polyurethan (PU) bezogen. Dieses Material l\u00e4sst sich leicht mit Wasser und etwas Sp\u00fclmittel reinigen. Zur gelegentlichen Desinfektion empfehlen wir unseren alkoholfreien Desinfektionsreiniger <strong data-start=\"949\" data-end=\"963\">\u201cAysun Reinigungsspray\u201d<\/strong> zu.<\/p>\n<p data-start=\"972\" data-end=\"1275\">Aysun Reinigungsspray ist frei von Alkohol, Aldehyden und Phenolen und daher sehr materialschonend. Einfach aufspr\u00fchen, 1 Minute einwirken lassen und dann mit einem feuchten, weichen Tuch abwischen. Haushalts\u00fcbliches Bleichmittel, 1:10 mit Wasser verd\u00fcnnt, eignet sich ebenfalls zur Reinigung von PU-Polstern.<\/p>\n<p data-start=\"1277\" data-end=\"1650\">\u00d6le, auch nat\u00fcrliche Haut\u00f6le, k\u00f6nnen das Bezugsmaterial besch\u00e4digen. Sch\u00fctzen Sie daher die Liegefl\u00e4che immer mit einem sauberen Bezug und achten Sie darauf, dass keine \u00d6lreste auf dem Material zur\u00fcckbleiben. Bei der Verwendung gr\u00f6\u00dferer \u00d6lmengen, wie z. B. bei ayurvedischen Behandlungen, sollte die Liege immer mit einem speziellen \u00f6lbest\u00e4ndigen Bezug gesch\u00fctzt werden.<\/p>\n<p data-start=\"1652\" data-end=\"1865\">Aggressive oder alkoholhaltige Desinfektionsmittel k\u00f6nnen das Material ebenfalls besch\u00e4digen. Sch\u00e4den, die durch die Verwendung anderer als der oben genannten Reinigungsmittel verursacht werden, sind nicht durch die Garantie abgedeckt.<\/p>\n<h3 data-start=\"1867\" data-end=\"1892\">Informationen zur Garantie<\/h3>\n<p data-start=\"1893\" data-end=\"2109\"><em data-start=\"1893\" data-end=\"1940\">(G\u00fcltig f\u00fcr die EU, die Schweiz und Norwegen)<\/em><br data-start=\"1940\" data-end=\"1943\" \/>TouchPro Europe garantiert, dass WellTouch-Produkte, einschlie\u00dflich des Bezugsmaterials und des Zubeh\u00f6rs, zwei Jahre lang frei von Material- und Verarbeitungsfehlern sind.<\/p>\n<p data-start=\"2111\" data-end=\"2146\">Von der Garantie ausgeschlossen sind:<\/p>\n<ul data-start=\"2147\" data-end=\"2304\">\n<li data-start=\"2147\" data-end=\"2283\">Sch\u00e4den durch unsachgem\u00e4\u00dfen Gebrauch oder Handhabung (z. B. \u00d6lsch\u00e4den oder Sch\u00e4den durch Kosmetika oder ungeeignete Reinigungsmittel)<\/li>\n<li data-start=\"2284\" data-end=\"2304\">Normale Abnutzung und Verschlei\u00df<\/li>\n<\/ul>\n<h4>Sicherheitshinweise:<\/h4>\n<p>Vorsicht: Quetschgefahr.<br \/>\nBefolgen Sie die Anweisungen des Produkts.<br \/>\nBestimmungsgem\u00e4\u00dfe Verwendung.<br \/>\nAnweisungen zum Produkt: <a href=\"https:\/\/bodynova.de\/media\/pdf\/welltouch-massage-tables-instructions.pdf\">Massageliegen von Welltouch (PDF)<\/a><\/p>","protected":false},"excerpt":{"rendered":"<p data-start=\"0\" data-end=\"53\"><strong data-start=\"0\" data-end=\"51\">WellTouch Massageliege BALANCE II 76 cm- Komfort und Stabilit\u00e4t<\/strong><\/p>\n<p data-start=\"55\" data-end=\"426\" data-is-last-node=\"\" data-is-only-node=\"\">Unsere Massageliege mit stabilem CableLock-Rahmen, jetzt noch besser! Einfach aufzustellen und ideal f\u00fcr Profis. Inklusive verstellbarem Kopfteil, Armlehne und Tragetasche. Erh\u00e4ltlich in 71 cm und 76 cm Breite, mit einem bequemen 5 cm dicken Schaumstoffkissen und einer strapazierf\u00e4higen PU-Polsterung. Dynamisch bis zu 180 kg belastbar. Perfekt f\u00fcr Massagen, Physiotherapie und Wellness!<\/p>","protected":false},"featured_media":7938,"comment_status":"open","ping_status":"closed","template":"","meta":[],"product_brand":[347],"product_cat":[94,93],"product_tag":[],"class_list":{"0":"post-7937","1":"product","2":"type-product","3":"status-publish","4":"has-post-thumbnail","6":"product_brand-welltouch","7":"product_cat-draagbare-massagetafels","8":"product_cat-massagetafels","9":"product_shipping_class-groot-pakket","10":"pa_kleur-beige","11":"pa_kleur-blauw","12":"pa_kleur-bordeaux","13":"pa_kleur-chocolade","14":"pa_merk-welltouch","16":"first","17":"instock","18":"taxable","19":"shipping-taxable","20":"purchasable","21":"product-type-variable"},"yoast_head":"<!-- This site is optimized with the Yoast SEO Premium plugin v27.5 (Yoast SEO v27.5) - https:\/\/yoast.com\/product\/yoast-seo-premium-wordpress\/ -->\n<title>Massagetafel BALANCE II 76 cm - TouchPro Europe Shop<\/title>\n<meta name=\"description\" content=\"Bestel de massagetafel BALANCE II 76 cm met een sterk CableLock-frame voor optimale veiligheid bij TouchPro Europe. Perfect voor elke massagetoepassing!\" \/>\n<meta name=\"robots\" content=\"index, follow, max-snippet:-1, max-image-preview:large, max-video-preview:-1\" \/>\n<link rel=\"canonical\" href=\"https:\/\/touchproeurope.eu\/de\/product\/massageliege-balance-ii-76-cm\/\" \/>\n<meta property=\"og:locale\" content=\"de_DE\" \/>\n<meta property=\"og:type\" content=\"article\" \/>\n<meta property=\"og:title\" content=\"Massagetafel BALANCE II 76 cm\" \/>\n<meta property=\"og:description\" content=\"Bestel de massagetafel BALANCE II 76 cm met een sterk CableLock-frame voor optimale veiligheid bij TouchPro Europe. Perfect voor elke massagetoepassing!\" \/>\n<meta property=\"og:url\" content=\"https:\/\/touchproeurope.eu\/de\/product\/massageliege-balance-ii-76-cm\/\" \/>\n<meta property=\"og:site_name\" content=\"TouchPro Europe Shop\" \/>\n<meta property=\"article:publisher\" content=\"https:\/\/www.facebook.com\/TouchproNederland\/?locale=nl_NL%2f\" \/>\n<meta property=\"article:modified_time\" content=\"2026-04-22T14:51:44+00:00\" \/>\n<meta property=\"og:image\" content=\"https:\/\/touchproeurope.eu\/wp-content\/uploads\/2025\/03\/b76s_massage_liege_welltouch_welness_schoko_aufgebaut_kopfstuetze-e1742150378963.jpeg\" \/>\n\t<meta property=\"og:image:width\" content=\"800\" \/>\n\t<meta property=\"og:image:height\" content=\"800\" \/>\n\t<meta property=\"og:image:type\" content=\"image\/jpeg\" \/>\n<meta name=\"twitter:card\" content=\"summary_large_image\" \/>\n<meta name=\"twitter:label1\" content=\"Verf\u00fcgbarkeit\" \/>\n\t<meta name=\"twitter:data1\" content=\"Auf Lager\" \/>\n<script type=\"application\/ld+json\" class=\"yoast-schema-graph\">{\"@context\":\"https:\\\/\\\/schema.org\",\"@graph\":[{\"@type\":\"WebPage\",\"@id\":\"https:\\\/\\\/touchproeurope.eu\\\/product\\\/massagetafel-balance-ii-76-cm\\\/\",\"url\":\"https:\\\/\\\/touchproeurope.eu\\\/product\\\/massagetafel-balance-ii-76-cm\\\/\",\"name\":\"Massagetafel BALANCE II 76 cm - TouchPro Europe Shop\",\"isPartOf\":{\"@id\":\"https:\\\/\\\/touchproeurope.eu\\\/#website\"},\"primaryImageOfPage\":{\"@id\":\"https:\\\/\\\/touchproeurope.eu\\\/product\\\/massagetafel-balance-ii-76-cm\\\/#primaryimage\"},\"image\":{\"@id\":\"https:\\\/\\\/touchproeurope.eu\\\/product\\\/massagetafel-balance-ii-76-cm\\\/#primaryimage\"},\"thumbnailUrl\":\"https:\\\/\\\/i0.wp.com\\\/touchproeurope.eu\\\/wp-content\\\/uploads\\\/2025\\\/03\\\/b76s_massage_liege_welltouch_welness_schoko_aufgebaut_kopfstuetze-e1742150378963.jpeg?fit=800%2C800&ssl=1\",\"datePublished\":\"2025-03-16T18:47:25+00:00\",\"dateModified\":\"2026-04-22T14:51:44+00:00\",\"description\":\"Bestel de massagetafel BALANCE II 76 cm met een sterk CableLock-frame voor optimale veiligheid bij TouchPro Europe. Perfect voor elke massagetoepassing!\",\"breadcrumb\":{\"@id\":\"https:\\\/\\\/touchproeurope.eu\\\/product\\\/massagetafel-balance-ii-76-cm\\\/#breadcrumb\"},\"inLanguage\":\"de\",\"potentialAction\":[{\"@type\":\"ReadAction\",\"target\":[\"https:\\\/\\\/touchproeurope.eu\\\/product\\\/massagetafel-balance-ii-76-cm\\\/\"]}]},{\"@type\":\"ImageObject\",\"inLanguage\":\"de\",\"@id\":\"https:\\\/\\\/touchproeurope.eu\\\/product\\\/massagetafel-balance-ii-76-cm\\\/#primaryimage\",\"url\":\"https:\\\/\\\/i0.wp.com\\\/touchproeurope.eu\\\/wp-content\\\/uploads\\\/2025\\\/03\\\/b76s_massage_liege_welltouch_welness_schoko_aufgebaut_kopfstuetze-e1742150378963.jpeg?fit=800%2C800&ssl=1\",\"contentUrl\":\"https:\\\/\\\/i0.wp.com\\\/touchproeurope.eu\\\/wp-content\\\/uploads\\\/2025\\\/03\\\/b76s_massage_liege_welltouch_welness_schoko_aufgebaut_kopfstuetze-e1742150378963.jpeg?fit=800%2C800&ssl=1\",\"width\":800,\"height\":800,\"caption\":\"Massagetafel BALANCE II 76 cm\"},{\"@type\":\"BreadcrumbList\",\"@id\":\"https:\\\/\\\/touchproeurope.eu\\\/product\\\/massagetafel-balance-ii-76-cm\\\/#breadcrumb\",\"itemListElement\":[{\"@type\":\"ListItem\",\"position\":1,\"name\":\"Home\",\"item\":\"https:\\\/\\\/touchproeurope.eu\\\/\"},{\"@type\":\"ListItem\",\"position\":2,\"name\":\"Winkel\",\"item\":\"https:\\\/\\\/touchproeurope.eu\\\/winkel\\\/\"},{\"@type\":\"ListItem\",\"position\":3,\"name\":\"Massagetafel BALANCE II 76 cm\"}]},{\"@type\":\"WebSite\",\"@id\":\"https:\\\/\\\/touchproeurope.eu\\\/#website\",\"url\":\"https:\\\/\\\/touchproeurope.eu\\\/\",\"name\":\"TouchPro Europe Shop\",\"description\":\"Alles voor jouw praktijk met een PROfessionele Touch!\",\"publisher\":{\"@id\":\"https:\\\/\\\/touchproeurope.eu\\\/#organization\"},\"alternateName\":\"TPE\",\"potentialAction\":[{\"@type\":\"SearchAction\",\"target\":{\"@type\":\"EntryPoint\",\"urlTemplate\":\"https:\\\/\\\/touchproeurope.eu\\\/?s={search_term_string}\"},\"query-input\":{\"@type\":\"PropertyValueSpecification\",\"valueRequired\":true,\"valueName\":\"search_term_string\"}}],\"inLanguage\":\"de\"},{\"@type\":\"Organization\",\"@id\":\"https:\\\/\\\/touchproeurope.eu\\\/#organization\",\"name\":\"TouchPro Europe BV\",\"alternateName\":\"TPE\",\"url\":\"https:\\\/\\\/touchproeurope.eu\\\/\",\"logo\":{\"@type\":\"ImageObject\",\"inLanguage\":\"de\",\"@id\":\"https:\\\/\\\/touchproeurope.eu\\\/#\\\/schema\\\/logo\\\/image\\\/\",\"url\":\"https:\\\/\\\/i0.wp.com\\\/touchproeurope.eu\\\/wp-content\\\/uploads\\\/2023\\\/10\\\/2b592c_b6944d80811246d987cc2c29accedf3f.png?fit=1417%2C531&ssl=1\",\"contentUrl\":\"https:\\\/\\\/i0.wp.com\\\/touchproeurope.eu\\\/wp-content\\\/uploads\\\/2023\\\/10\\\/2b592c_b6944d80811246d987cc2c29accedf3f.png?fit=1417%2C531&ssl=1\",\"width\":1417,\"height\":531,\"caption\":\"TouchPro Europe BV\"},\"image\":{\"@id\":\"https:\\\/\\\/touchproeurope.eu\\\/#\\\/schema\\\/logo\\\/image\\\/\"},\"sameAs\":[\"https:\\\/\\\/www.facebook.com\\\/TouchproNederland\\\/?locale=nl_NL\\\/\",\"https:\\\/\\\/www.instagram.com\\\/touchpro2016\\\/\",\"https:\\\/\\\/www.linkedin.com\\\/company\\\/touchpro-europe-bv\\\/\"],\"description\":\"TouchPro Europe Shop is de massage winkel van Europa. Wij verkopen topkwaliteit massageproducten aan masseurs, pedicures, fysiotherapeuten, manicuren, Wellness centra, opleidingen, etc. TouchPro begon als een kleine webshop in Nederland, maar is nu uitgegroeid tot een webshop met klanten uit heel Europa. Wij bieden een breed assortiment aan massageproducten, waaronder massagetafels, oli\u00ebn, cr\u00e8mes, en accessoires van topmerken, zoals Earthlite, Stronglite en InnerStrenght, Habys, Living Earth Crafts en Continuum en andere leveranciers van massage accessoires. Bestel hier de beste massagematerialen van Europa!\",\"email\":\"info@touchpro-europe.com\",\"telephone\":\"0858768829\",\"legalName\":\"TouchPro Europe BV\",\"foundingDate\":\"2018-01-11\",\"vatID\":\"NL855430151B01\",\"numberOfEmployees\":{\"@type\":\"QuantitativeValue\",\"minValue\":\"1\",\"maxValue\":\"10\"},\"hasMerchantReturnPolicy\":{\"@type\":\"MerchantReturnPolicy\",\"merchantReturnLink\":\"https:\\\/\\\/touchproeurope.eu\\\/de\\\/retourbeleid\\\/\"}}]}<\/script>\n<meta property=\"product:brand\" content=\"Welltouch\" \/>\n<meta property=\"og:availability\" content=\"instock\" \/>\n<meta property=\"product:availability\" content=\"instock\" \/>\n<meta property=\"product:retailer_item_id\" content=\"b76x\" \/>\n<meta property=\"product:condition\" content=\"new\" \/>\n<!-- \/ Yoast SEO Premium plugin. -->","yoast_head_json":{"title":"Massageliege BALANCE II 76 cm - TouchPro Europe Shop","description":"Bestellen Sie die Massageliege BALANCE II 76 cm mit einem starken CableLock-Rahmen f\u00fcr optimale Sicherheit bei TouchPro Europe. Perfekt f\u00fcr jede Massageanwendung!","robots":{"index":"index","follow":"follow","max-snippet":"max-snippet:-1","max-image-preview":"max-image-preview:large","max-video-preview":"max-video-preview:-1"},"canonical":"https:\/\/touchproeurope.eu\/de\/product\/massageliege-balance-ii-76-cm\/","og_locale":"de_DE","og_type":"article","og_title":"Massagetafel BALANCE II 76 cm","og_description":"Bestel de massagetafel BALANCE II 76 cm met een sterk CableLock-frame voor optimale veiligheid bij TouchPro Europe. Perfect voor elke massagetoepassing!","og_url":"https:\/\/touchproeurope.eu\/de\/product\/massageliege-balance-ii-76-cm\/","og_site_name":"TouchPro Europe Shop","article_publisher":"https:\/\/www.facebook.com\/TouchproNederland\/?locale=nl_NL%2f","article_modified_time":"2026-04-22T14:51:44+00:00","og_image":[{"width":800,"height":800,"url":"https:\/\/touchproeurope.eu\/wp-content\/uploads\/2025\/03\/b76s_massage_liege_welltouch_welness_schoko_aufgebaut_kopfstuetze-e1742150378963.jpeg","type":"image\/jpeg"}],"twitter_card":"summary_large_image","twitter_misc":{"Verf\u00fcgbarkeit":"Auf Lager"},"schema":{"@context":"https:\/\/schema.org","@graph":[{"@type":"WebPage","@id":"https:\/\/touchproeurope.eu\/product\/massagetafel-balance-ii-76-cm\/","url":"https:\/\/touchproeurope.eu\/product\/massagetafel-balance-ii-76-cm\/","name":"Massageliege BALANCE II 76 cm - TouchPro Europe Shop","isPartOf":{"@id":"https:\/\/touchproeurope.eu\/#website"},"primaryImageOfPage":{"@id":"https:\/\/touchproeurope.eu\/product\/massagetafel-balance-ii-76-cm\/#primaryimage"},"image":{"@id":"https:\/\/touchproeurope.eu\/product\/massagetafel-balance-ii-76-cm\/#primaryimage"},"thumbnailUrl":"https:\/\/i0.wp.com\/touchproeurope.eu\/wp-content\/uploads\/2025\/03\/b76s_massage_liege_welltouch_welness_schoko_aufgebaut_kopfstuetze-e1742150378963.jpeg?fit=800%2C800&ssl=1","datePublished":"2025-03-16T18:47:25+00:00","dateModified":"2026-04-22T14:51:44+00:00","description":"Bestellen Sie die Massageliege BALANCE II 76 cm mit einem starken CableLock-Rahmen f\u00fcr optimale Sicherheit bei TouchPro Europe. Perfekt f\u00fcr jede Massageanwendung!","breadcrumb":{"@id":"https:\/\/touchproeurope.eu\/product\/massagetafel-balance-ii-76-cm\/#breadcrumb"},"inLanguage":"de","potentialAction":[{"@type":"ReadAction","target":["https:\/\/touchproeurope.eu\/product\/massagetafel-balance-ii-76-cm\/"]}]},{"@type":"ImageObject","inLanguage":"de","@id":"https:\/\/touchproeurope.eu\/product\/massagetafel-balance-ii-76-cm\/#primaryimage","url":"https:\/\/i0.wp.com\/touchproeurope.eu\/wp-content\/uploads\/2025\/03\/b76s_massage_liege_welltouch_welness_schoko_aufgebaut_kopfstuetze-e1742150378963.jpeg?fit=800%2C800&ssl=1","contentUrl":"https:\/\/i0.wp.com\/touchproeurope.eu\/wp-content\/uploads\/2025\/03\/b76s_massage_liege_welltouch_welness_schoko_aufgebaut_kopfstuetze-e1742150378963.jpeg?fit=800%2C800&ssl=1","width":800,"height":800,"caption":"Massagetafel BALANCE II 76 cm"},{"@type":"BreadcrumbList","@id":"https:\/\/touchproeurope.eu\/product\/massagetafel-balance-ii-76-cm\/#breadcrumb","itemListElement":[{"@type":"ListItem","position":1,"name":"Home","item":"https:\/\/touchproeurope.eu\/"},{"@type":"ListItem","position":2,"name":"Winkel","item":"https:\/\/touchproeurope.eu\/winkel\/"},{"@type":"ListItem","position":3,"name":"Massagetafel BALANCE II 76 cm"}]},{"@type":"WebSite","@id":"https:\/\/touchproeurope.eu\/#website","url":"https:\/\/touchproeurope.eu\/","name":"TouchPro Europe Shop","description":"Alles f\u00fcr Ihre Praxis mit einem PROfessional Touch!","publisher":{"@id":"https:\/\/touchproeurope.eu\/#organization"},"alternateName":"TPE","potentialAction":[{"@type":"SearchAction","target":{"@type":"EntryPoint","urlTemplate":"https:\/\/touchproeurope.eu\/?s={search_term_string}"},"query-input":{"@type":"PropertyValueSpecification","valueRequired":true,"valueName":"search_term_string"}}],"inLanguage":"de"},{"@type":"Organization","@id":"https:\/\/touchproeurope.eu\/#organization","name":"TouchPro Europa BV","alternateName":"TPE","url":"https:\/\/touchproeurope.eu\/","logo":{"@type":"ImageObject","inLanguage":"de","@id":"https:\/\/touchproeurope.eu\/#\/schema\/logo\/image\/","url":"https:\/\/i0.wp.com\/touchproeurope.eu\/wp-content\/uploads\/2023\/10\/2b592c_b6944d80811246d987cc2c29accedf3f.png?fit=1417%2C531&ssl=1","contentUrl":"https:\/\/i0.wp.com\/touchproeurope.eu\/wp-content\/uploads\/2023\/10\/2b592c_b6944d80811246d987cc2c29accedf3f.png?fit=1417%2C531&ssl=1","width":1417,"height":531,"caption":"TouchPro Europe BV"},"image":{"@id":"https:\/\/touchproeurope.eu\/#\/schema\/logo\/image\/"},"sameAs":["https:\/\/www.facebook.com\/TouchproNederland\/?locale=nl_NL\/","https:\/\/www.instagram.com\/touchpro2016\/","https:\/\/www.linkedin.com\/company\/touchpro-europe-bv\/"],"description":"TouchPro Europe Shop ist das Massagegesch\u00e4ft in Europa. Wir verkaufen hochwertige Massageprodukte an Masseure, Fu\u00dfpfleger, Physiotherapeuten, Manik\u00fcre, Wellness-Zentren, Ausbildungskurse, usw. TouchPro begann als kleines Gesch\u00e4ft in den Niederlanden, hat sich aber inzwischen zu einem Gesch\u00e4ft mit Kunden aus ganz Europa entwickelt. Wir bieten eine gro\u00dfe Auswahl an Massageprodukten, darunter Massageliegen, \u00d6le, Cremes und Zubeh\u00f6r von Top-Marken wie Earthlite, Stronglite und InnerStrenght, Habys, Living Earth Crafts und Continuum sowie anderen Lieferanten von Massagezubeh\u00f6r. Bestellen Sie hier die besten Massageprodukte Europas!","email":"info@touchpro-europe.com","telephone":"0858768829","legalName":"TouchPro Europe BV","foundingDate":"2018-01-11","vatID":"NL855430151B01","numberOfEmployees":{"@type":"QuantitativeValue","minValue":"1","maxValue":"10"},"hasMerchantReturnPolicy":{"@type":"MerchantReturnPolicy","merchantReturnLink":"https:\/\/touchproeurope.eu\/de\/retourbeleid\/"}}]},"product_brand":"Welltouch","og_availability":"instock","product_availability":"instock","product_retailer_item_id":"b76x","product_condition":"new"},"_links":{"self":[{"href":"https:\/\/touchproeurope.eu\/de\/wp-json\/wp\/v2\/product\/7937","targetHints":{"allow":["GET"]}}],"collection":[{"href":"https:\/\/touchproeurope.eu\/de\/wp-json\/wp\/v2\/product"}],"about":[{"href":"https:\/\/touchproeurope.eu\/de\/wp-json\/wp\/v2\/types\/product"}],"replies":[{"embeddable":true,"href":"https:\/\/touchproeurope.eu\/de\/wp-json\/wp\/v2\/comments?post=7937"}],"version-history":[{"count":3,"href":"https:\/\/touchproeurope.eu\/de\/wp-json\/wp\/v2\/product\/7937\/revisions"}],"predecessor-version":[{"id":13921,"href":"https:\/\/touchproeurope.eu\/de\/wp-json\/wp\/v2\/product\/7937\/revisions\/13921"}],"wp:featuredmedia":[{"embeddable":true,"href":"https:\/\/touchproeurope.eu\/de\/wp-json\/wp\/v2\/media\/7938"}],"wp:attachment":[{"href":"https:\/\/touchproeurope.eu\/de\/wp-json\/wp\/v2\/media?parent=7937"}],"wp:term":[{"taxonomy":"product_brand","embeddable":true,"href":"https:\/\/touchproeurope.eu\/de\/wp-json\/wp\/v2\/product_brand?post=7937"},{"taxonomy":"product_cat","embeddable":true,"href":"https:\/\/touchproeurope.eu\/de\/wp-json\/wp\/v2\/product_cat?post=7937"},{"taxonomy":"product_tag","embeddable":true,"href":"https:\/\/touchproeurope.eu\/de\/wp-json\/wp\/v2\/product_tag?post=7937"}],"curies":[{"name":"wp","href":"https:\/\/api.w.org\/{rel}","templated":true}]}}