{"id":7951,"date":"2025-03-16T19:00:42","date_gmt":"2025-03-16T19:00:42","guid":{"rendered":"https:\/\/touchproeurope.eu\/?post_type=product&#038;p=7951"},"modified":"2026-04-22T14:51:01","modified_gmt":"2026-04-22T14:51:01","slug":"massageliege-komfort-ii-klangschale-welltouch","status":"publish","type":"product","link":"https:\/\/touchproeurope.eu\/de\/product\/massagetafel-komfort-ii-singing-bowl-welltouch\/","title":{"rendered":"Massageliege KOMFORT II (Klangschale) WellTouch"},"content":{"rendered":"<h2><strong data-start=\"0\" data-end=\"69\">Mobiler Massagetisch mit gro\u00dfer Fl\u00e4che f\u00fcr die Klangschalentherapie<\/strong><\/h2>\n<p data-start=\"73\" data-end=\"280\">Diese Massageliege KOMFORT II (Klangschale) von WellTouch ist extra breit und lang, speziell f\u00fcr die professionelle Klangschalentherapie konzipiert. Tragbar und einschlie\u00dflich Tragetasche, so dass die Tabelle leicht zu transportieren und zu speichern.<\/p>\n<p data-start=\"282\" data-end=\"519\">Der 80 cm breite Massagetisch kann mit den mitgelieferten Verl\u00e4ngerungen auf 120 cm Breite und 250 cm L\u00e4nge erweitert werden. So k\u00f6nnen Klangschalen um den Klienten herum platziert werden und der Therapeut kann sich bequem um den Tisch herum bewegen.<\/p>\n<p data-start=\"521\" data-end=\"663\">Die WellTouch Massageliege KOMFORT II (Klangschale) verf\u00fcgt \u00fcber mehrere Befestigungspunkte f\u00fcr die 80 cm langen Verl\u00e4ngerungen, so dass diese in verschiedenen Positionen angebracht werden k\u00f6nnen.<\/p>\n<h3>Im Lieferumfang enthalten:<\/h3>\n<ul data-start=\"696\" data-end=\"861\">\n<li data-start=\"696\" data-end=\"723\">Klangschalen-Massagetisch<\/li>\n<li data-start=\"724\" data-end=\"750\">Verstellbare Kopfst\u00fctze<\/li>\n<li data-start=\"751\" data-end=\"763\">Armlehne<\/li>\n<li data-start=\"764\" data-end=\"815\">1 Trittbrettverl\u00e4ngerung (60 x 20 cm)<\/li>\n<li data-start=\"816\" data-end=\"848\">2 seitliche Verl\u00e4ngerungen (80 x 20 cm)<\/li>\n<li data-start=\"849\" data-end=\"861\">Tragetasche<\/li>\n<\/ul>\n<h3>Einzelheiten:<\/h3>\n<ul data-start=\"878\" data-end=\"1260\">\n<li data-start=\"878\" data-end=\"933\"><strong data-start=\"880\" data-end=\"898\">Breite des Tisches:<\/strong> 80 cm, mit Verl\u00e4ngerungen bis zu 121 cm<\/li>\n<li data-start=\"934\" data-end=\"1017\"><strong data-start=\"936\" data-end=\"953\">L\u00e4nge des Tisches:<\/strong> 202 cm, erweiterbar auf 250 cm mit Kopfst\u00fctze und Verl\u00e4ngerungsst\u00fcck<\/li>\n<li data-start=\"1018\" data-end=\"1038\"><strong data-start=\"1020\" data-end=\"1030\">Farbe:<\/strong> Beige<\/li>\n<li data-start=\"1039\" data-end=\"1077\"><strong data-start=\"1041\" data-end=\"1064\">H\u00f6henverstellbar:<\/strong> 57 - 83 cm<\/li>\n<li data-start=\"1078\" data-end=\"1106\"><strong data-start=\"1080\" data-end=\"1092\">Gewicht:<\/strong> ca. 18,5 kg<\/li>\n<li data-start=\"1107\" data-end=\"1177\"><strong data-start=\"1109\" data-end=\"1134\">Dynamische Belastung:<\/strong> 180 kg \/ <strong data-start=\"1144\" data-end=\"1168\">statische Belastung:<\/strong> 720 kg<\/li>\n<li data-start=\"1178\" data-end=\"1217\"><strong data-start=\"1180\" data-end=\"1215\">Strapazierf\u00e4higer und weicher PU-Bezug<\/strong><\/li>\n<li data-start=\"1218\" data-end=\"1260\"><strong data-start=\"1220\" data-end=\"1251\">Komfortable Schaumstoffpolsterung:<\/strong> 6,5 cm<\/li>\n<\/ul>\n<h3>Pflegehinweise f\u00fcr Polyurethan<\/h3>\n<p data-start=\"1308\" data-end=\"1601\">Unsere Massagetische, Hocker, Massagesessel und -rollen sind mit hochwertigem Polyurethan (PU) bezogen. Dieses Material l\u00e4sst sich mit Wasser und ein wenig Sp\u00fclmittel leicht reinigen. Zur gelegentlichen Desinfektion empfehlen wir unseren alkoholfreien Desinfektionsreiniger <strong data-start=\"1580\" data-end=\"1594\">\u201cAysun Reinigungsspray\u201d<\/strong> zu.<\/p>\n<p data-start=\"1603\" data-end=\"1905\">Das Aysun Reinigungsspray ist frei von Alkohol, Aldehyden und Phenolen, wodurch das Material optimal gesch\u00fctzt wird. Spr\u00fchen Sie das Mittel auf, lassen Sie es 1 Minute lang einwirken und wischen Sie es mit einem feuchten, weichen Tuch ab. Verd\u00fcnnte Haushaltsbleiche (1:10 mit Wasser) eignet sich ebenfalls zur Reinigung von PU-Polstern.<\/p>\n<p data-start=\"1907\" data-end=\"2273\">\u00d6le, auch nat\u00fcrliche Hautfette, k\u00f6nnen die Polsterung besch\u00e4digen. Sch\u00fctzen Sie daher die Liegefl\u00e4che immer mit einem sauberen Bezug und achten Sie darauf, dass keine \u00d6lr\u00fcckst\u00e4nde auf dem Material verbleiben. Bei der Verwendung gr\u00f6\u00dferer \u00d6lmengen, z. B. bei ayurvedischen Behandlungen, sollte die Liege immer mit einem speziellen \u00f6lbest\u00e4ndigen Bezug gesch\u00fctzt werden.<\/p>\n<p data-start=\"2275\" data-end=\"2476\">Aggressive oder alkoholhaltige Desinfektionsmittel k\u00f6nnen das Material ebenfalls besch\u00e4digen. Sch\u00e4den, die durch die Verwendung anderer als der oben genannten Reinigungsmittel verursacht werden, sind nicht durch die Garantie abgedeckt.<\/p>\n<h3>Informationen zur Garantie<\/h3>\n<p data-start=\"2504\" data-end=\"2720\"><em data-start=\"2504\" data-end=\"2551\">(G\u00fcltig f\u00fcr die EU, die Schweiz und Norwegen)<\/em><br data-start=\"2551\" data-end=\"2554\" \/>TouchPro garantiert, dass WellTouch-Produkte, einschlie\u00dflich des Bezugsmaterials und des Zubeh\u00f6rs, zwei Jahre lang frei von Material- und Verarbeitungsfehlern sind.<\/p>\n<p data-start=\"2722\" data-end=\"2757\">Von der Garantie ausgeschlossen sind:<\/p>\n<ul data-start=\"2758\" data-end=\"2903\">\n<li data-start=\"2758\" data-end=\"2882\">Sch\u00e4den durch unsachgem\u00e4\u00dfen Gebrauch oder Handhabung (z. B. \u00d6lsch\u00e4den oder Sch\u00e4den durch Kosmetika oder ungeeignete Reinigungsmittel)<\/li>\n<li data-start=\"2883\" data-end=\"2903\">Normale Abnutzung und Verschlei\u00df<\/li>\n<\/ul>\n<h3>Sicherheitshinweise:<\/h3>\n<p>Vorsicht: Quetschgefahr.<br \/>\nBefolgen Sie die Anweisungen des Produkts.<br \/>\nBestimmungsgem\u00e4\u00dfe Verwendung.<br \/>\nAnweisungen zum Produkt: <a href=\"https:\/\/bodynova.de\/media\/pdf\/welltouch-massage-tables-instructions.pdf\">Massageliegen von Welltouch (PDF)<\/a><\/p>","protected":false},"excerpt":{"rendered":"<p data-start=\"0\" data-end=\"73\"><strong data-start=\"0\" data-end=\"71\">Die Massageliege KOMFORT II (Klangschale) von WellTouch - Raum und Komfort f\u00fcr die Therapie<\/strong><\/p>\n<p data-start=\"75\" data-end=\"539\" data-is-last-node=\"\" data-is-only-node=\"\">Dieser extra breite und lange Massagetisch ist speziell f\u00fcr die Klangschalentherapie konzipiert. Dank der mitgelieferten Verl\u00e4ngerungen kann der Tisch bis zu 120 cm breit und 250 cm lang werden und bietet somit gen\u00fcgend Platz f\u00fcr den Klienten und die Klangschalen. Leicht, faltbar und einfach in der Tragetasche zu transportieren. Ausgestattet mit einer weichen PU-Polsterung und einem komfortablen 6,5 cm dicken Schaumstoffkissen. Perfekt f\u00fcr Therapeuten, die auf Flexibilit\u00e4t und Qualit\u00e4t Wert legen!<\/p>","protected":false},"featured_media":7960,"comment_status":"open","ping_status":"closed","template":"","meta":[],"product_brand":[347],"product_cat":[94,93],"product_tag":[],"class_list":{"0":"post-7951","1":"product","2":"type-product","3":"status-publish","4":"has-post-thumbnail","6":"product_brand-welltouch","7":"product_cat-draagbare-massagetafels","8":"product_cat-massagetafels","9":"product_shipping_class-groot-pakket","10":"pa_kleur-beige","12":"first","13":"instock","14":"taxable","15":"shipping-taxable","16":"purchasable","17":"product-type-simple"},"yoast_head":"<!-- This site is optimized with the Yoast SEO Premium plugin v27.4 (Yoast SEO v27.4) - https:\/\/yoast.com\/product\/yoast-seo-premium-wordpress\/ -->\n<title>Massagetafel KOMFORT II (singing bowl) WellTouch - TouchPro Europe Shop<\/title>\n<meta name=\"description\" content=\"De ideale keuze voor therapeuten: de Massagetafel KOMFORT II (singing bowl) van WellTouch is makkelijk te vervoeren en aan te passen. Koop vandaag nog!\" \/>\n<meta name=\"robots\" content=\"index, follow, max-snippet:-1, max-image-preview:large, max-video-preview:-1\" \/>\n<link rel=\"canonical\" href=\"https:\/\/touchproeurope.eu\/de\/product\/massageliege-komfort-ii-klangschale-welltouch\/\" \/>\n<meta property=\"og:locale\" content=\"de_DE\" \/>\n<meta property=\"og:type\" content=\"article\" \/>\n<meta property=\"og:title\" content=\"Massagetafel KOMFORT II (singing bowl) WellTouch\" \/>\n<meta property=\"og:description\" content=\"De ideale keuze voor therapeuten: de Massagetafel KOMFORT II (singing bowl) van WellTouch is makkelijk te vervoeren en aan te passen. Koop vandaag nog!\" \/>\n<meta property=\"og:url\" content=\"https:\/\/touchproeurope.eu\/de\/product\/massageliege-komfort-ii-klangschale-welltouch\/\" \/>\n<meta property=\"og:site_name\" content=\"TouchPro Europe Shop\" \/>\n<meta property=\"article:publisher\" content=\"https:\/\/www.facebook.com\/TouchproNederland\/?locale=nl_NL%2f\" \/>\n<meta property=\"article:modified_time\" content=\"2026-04-22T14:51:01+00:00\" \/>\n<meta property=\"og:image\" content=\"https:\/\/touchproeurope.eu\/wp-content\/uploads\/2025\/03\/kls80_massageliege_klangschalenliege_welltouch_creme_aufgebaut_extender1.jpeg\" \/>\n\t<meta property=\"og:image:width\" content=\"1500\" \/>\n\t<meta property=\"og:image:height\" content=\"1500\" \/>\n\t<meta property=\"og:image:type\" content=\"image\/jpeg\" \/>\n<meta name=\"twitter:card\" content=\"summary_large_image\" \/>\n<meta name=\"twitter:label1\" content=\"Preis\" \/>\n\t<meta name=\"twitter:data1\" content=\"&euro;&nbsp;475,00 incl. BTW\" \/>\n\t<meta name=\"twitter:label2\" content=\"Verf\u00fcgbarkeit\" \/>\n\t<meta name=\"twitter:data2\" content=\"Auf Lager\" \/>\n<script type=\"application\/ld+json\" class=\"yoast-schema-graph\">{\"@context\":\"https:\\\/\\\/schema.org\",\"@graph\":[{\"@type\":\"WebPage\",\"@id\":\"https:\\\/\\\/touchproeurope.eu\\\/product\\\/massagetafel-komfort-ii-singing-bowl-welltouch\\\/\",\"url\":\"https:\\\/\\\/touchproeurope.eu\\\/product\\\/massagetafel-komfort-ii-singing-bowl-welltouch\\\/\",\"name\":\"Massagetafel KOMFORT II (singing bowl) WellTouch - TouchPro Europe Shop\",\"isPartOf\":{\"@id\":\"https:\\\/\\\/touchproeurope.eu\\\/#website\"},\"primaryImageOfPage\":{\"@id\":\"https:\\\/\\\/touchproeurope.eu\\\/product\\\/massagetafel-komfort-ii-singing-bowl-welltouch\\\/#primaryimage\"},\"image\":{\"@id\":\"https:\\\/\\\/touchproeurope.eu\\\/product\\\/massagetafel-komfort-ii-singing-bowl-welltouch\\\/#primaryimage\"},\"thumbnailUrl\":\"https:\\\/\\\/i0.wp.com\\\/touchproeurope.eu\\\/wp-content\\\/uploads\\\/2025\\\/03\\\/kls80_massageliege_klangschalenliege_welltouch_creme_aufgebaut_extender1.jpeg?fit=1500%2C1500&ssl=1\",\"datePublished\":\"2025-03-16T19:00:42+00:00\",\"dateModified\":\"2026-04-22T14:51:01+00:00\",\"description\":\"De ideale keuze voor therapeuten: de Massagetafel KOMFORT II (singing bowl) van WellTouch is makkelijk te vervoeren en aan te passen. Koop vandaag nog!\",\"breadcrumb\":{\"@id\":\"https:\\\/\\\/touchproeurope.eu\\\/product\\\/massagetafel-komfort-ii-singing-bowl-welltouch\\\/#breadcrumb\"},\"inLanguage\":\"de\",\"potentialAction\":[{\"@type\":\"ReadAction\",\"target\":[\"https:\\\/\\\/touchproeurope.eu\\\/product\\\/massagetafel-komfort-ii-singing-bowl-welltouch\\\/\"]}]},{\"@type\":\"ImageObject\",\"inLanguage\":\"de\",\"@id\":\"https:\\\/\\\/touchproeurope.eu\\\/product\\\/massagetafel-komfort-ii-singing-bowl-welltouch\\\/#primaryimage\",\"url\":\"https:\\\/\\\/i0.wp.com\\\/touchproeurope.eu\\\/wp-content\\\/uploads\\\/2025\\\/03\\\/kls80_massageliege_klangschalenliege_welltouch_creme_aufgebaut_extender1.jpeg?fit=1500%2C1500&ssl=1\",\"contentUrl\":\"https:\\\/\\\/i0.wp.com\\\/touchproeurope.eu\\\/wp-content\\\/uploads\\\/2025\\\/03\\\/kls80_massageliege_klangschalenliege_welltouch_creme_aufgebaut_extender1.jpeg?fit=1500%2C1500&ssl=1\",\"width\":1500,\"height\":1500,\"caption\":\"Massagetafel singing bowl massage table\"},{\"@type\":\"BreadcrumbList\",\"@id\":\"https:\\\/\\\/touchproeurope.eu\\\/product\\\/massagetafel-komfort-ii-singing-bowl-welltouch\\\/#breadcrumb\",\"itemListElement\":[{\"@type\":\"ListItem\",\"position\":1,\"name\":\"Home\",\"item\":\"https:\\\/\\\/touchproeurope.eu\\\/\"},{\"@type\":\"ListItem\",\"position\":2,\"name\":\"Winkel\",\"item\":\"https:\\\/\\\/touchproeurope.eu\\\/winkel\\\/\"},{\"@type\":\"ListItem\",\"position\":3,\"name\":\"Massagetafel KOMFORT II (singing bowl) WellTouch\"}]},{\"@type\":\"WebSite\",\"@id\":\"https:\\\/\\\/touchproeurope.eu\\\/#website\",\"url\":\"https:\\\/\\\/touchproeurope.eu\\\/\",\"name\":\"TouchPro Europe Shop\",\"description\":\"Alles voor jouw praktijk met een PROfessionele Touch!\",\"publisher\":{\"@id\":\"https:\\\/\\\/touchproeurope.eu\\\/#organization\"},\"alternateName\":\"TPE\",\"potentialAction\":[{\"@type\":\"SearchAction\",\"target\":{\"@type\":\"EntryPoint\",\"urlTemplate\":\"https:\\\/\\\/touchproeurope.eu\\\/?s={search_term_string}\"},\"query-input\":{\"@type\":\"PropertyValueSpecification\",\"valueRequired\":true,\"valueName\":\"search_term_string\"}}],\"inLanguage\":\"de\"},{\"@type\":\"Organization\",\"@id\":\"https:\\\/\\\/touchproeurope.eu\\\/#organization\",\"name\":\"TouchPro Europe BV\",\"alternateName\":\"TPE\",\"url\":\"https:\\\/\\\/touchproeurope.eu\\\/\",\"logo\":{\"@type\":\"ImageObject\",\"inLanguage\":\"de\",\"@id\":\"https:\\\/\\\/touchproeurope.eu\\\/#\\\/schema\\\/logo\\\/image\\\/\",\"url\":\"https:\\\/\\\/i0.wp.com\\\/touchproeurope.eu\\\/wp-content\\\/uploads\\\/2023\\\/10\\\/2b592c_b6944d80811246d987cc2c29accedf3f.png?fit=1417%2C531&ssl=1\",\"contentUrl\":\"https:\\\/\\\/i0.wp.com\\\/touchproeurope.eu\\\/wp-content\\\/uploads\\\/2023\\\/10\\\/2b592c_b6944d80811246d987cc2c29accedf3f.png?fit=1417%2C531&ssl=1\",\"width\":1417,\"height\":531,\"caption\":\"TouchPro Europe BV\"},\"image\":{\"@id\":\"https:\\\/\\\/touchproeurope.eu\\\/#\\\/schema\\\/logo\\\/image\\\/\"},\"sameAs\":[\"https:\\\/\\\/www.facebook.com\\\/TouchproNederland\\\/?locale=nl_NL\\\/\",\"https:\\\/\\\/www.instagram.com\\\/touchpro2016\\\/\",\"https:\\\/\\\/www.linkedin.com\\\/company\\\/touchpro-europe-bv\\\/\"],\"description\":\"TouchPro Europe Shop is de massage winkel van Europa. Wij verkopen topkwaliteit massageproducten aan masseurs, pedicures, fysiotherapeuten, manicuren, Wellness centra, opleidingen, etc. TouchPro begon als een kleine webshop in Nederland, maar is nu uitgegroeid tot een webshop met klanten uit heel Europa. Wij bieden een breed assortiment aan massageproducten, waaronder massagetafels, oli\u00ebn, cr\u00e8mes, en accessoires van topmerken, zoals Earthlite, Stronglite en InnerStrenght, Habys, Living Earth Crafts en Continuum en andere leveranciers van massage accessoires. Bestel hier de beste massagematerialen van Europa!\",\"email\":\"info@touchpro-europe.com\",\"telephone\":\"0858768829\",\"legalName\":\"TouchPro Europe BV\",\"foundingDate\":\"2018-01-11\",\"vatID\":\"NL855430151B01\",\"numberOfEmployees\":{\"@type\":\"QuantitativeValue\",\"minValue\":\"1\",\"maxValue\":\"10\"},\"hasMerchantReturnPolicy\":{\"@type\":\"MerchantReturnPolicy\",\"merchantReturnLink\":\"https:\\\/\\\/touchproeurope.eu\\\/de\\\/retourbeleid\\\/\"}}]}<\/script>\n<meta property=\"product:price:amount\" content=\"475.00\" \/>\n<meta property=\"product:price:currency\" content=\"EUR\" \/>\n<meta property=\"og:availability\" content=\"instock\" \/>\n<meta property=\"product:availability\" content=\"instock\" \/>\n<meta property=\"product:retailer_item_id\" content=\"k80\" \/>\n<meta property=\"product:condition\" content=\"new\" \/>\n<!-- \/ Yoast SEO Premium plugin. -->","yoast_head_json":{"title":"Massageliege KOMFORT II (Klangschale) WellTouch - TouchPro Europe Shop","description":"Die ideale Wahl f\u00fcr Therapeuten: Die Massageliege KOMFORT II (Klangschale) von WellTouch ist leicht zu transportieren und einzustellen. Kaufen Sie noch heute!","robots":{"index":"index","follow":"follow","max-snippet":"max-snippet:-1","max-image-preview":"max-image-preview:large","max-video-preview":"max-video-preview:-1"},"canonical":"https:\/\/touchproeurope.eu\/de\/product\/massageliege-komfort-ii-klangschale-welltouch\/","og_locale":"de_DE","og_type":"article","og_title":"Massagetafel KOMFORT II (singing bowl) WellTouch","og_description":"De ideale keuze voor therapeuten: de Massagetafel KOMFORT II (singing bowl) van WellTouch is makkelijk te vervoeren en aan te passen. Koop vandaag nog!","og_url":"https:\/\/touchproeurope.eu\/de\/product\/massageliege-komfort-ii-klangschale-welltouch\/","og_site_name":"TouchPro Europe Shop","article_publisher":"https:\/\/www.facebook.com\/TouchproNederland\/?locale=nl_NL%2f","article_modified_time":"2026-04-22T14:51:01+00:00","og_image":[{"width":1500,"height":1500,"url":"https:\/\/touchproeurope.eu\/wp-content\/uploads\/2025\/03\/kls80_massageliege_klangschalenliege_welltouch_creme_aufgebaut_extender1.jpeg","type":"image\/jpeg"}],"twitter_card":"summary_large_image","twitter_misc":{"Preis":"&euro;&nbsp;475,00 incl. BTW","Verf\u00fcgbarkeit":"Auf Lager"},"schema":{"@context":"https:\/\/schema.org","@graph":[{"@type":"WebPage","@id":"https:\/\/touchproeurope.eu\/product\/massagetafel-komfort-ii-singing-bowl-welltouch\/","url":"https:\/\/touchproeurope.eu\/product\/massagetafel-komfort-ii-singing-bowl-welltouch\/","name":"Massageliege KOMFORT II (Klangschale) WellTouch - TouchPro Europe Shop","isPartOf":{"@id":"https:\/\/touchproeurope.eu\/#website"},"primaryImageOfPage":{"@id":"https:\/\/touchproeurope.eu\/product\/massagetafel-komfort-ii-singing-bowl-welltouch\/#primaryimage"},"image":{"@id":"https:\/\/touchproeurope.eu\/product\/massagetafel-komfort-ii-singing-bowl-welltouch\/#primaryimage"},"thumbnailUrl":"https:\/\/i0.wp.com\/touchproeurope.eu\/wp-content\/uploads\/2025\/03\/kls80_massageliege_klangschalenliege_welltouch_creme_aufgebaut_extender1.jpeg?fit=1500%2C1500&ssl=1","datePublished":"2025-03-16T19:00:42+00:00","dateModified":"2026-04-22T14:51:01+00:00","description":"Die ideale Wahl f\u00fcr Therapeuten: Die Massageliege KOMFORT II (Klangschale) von WellTouch ist leicht zu transportieren und einzustellen. Kaufen Sie noch heute!","breadcrumb":{"@id":"https:\/\/touchproeurope.eu\/product\/massagetafel-komfort-ii-singing-bowl-welltouch\/#breadcrumb"},"inLanguage":"de","potentialAction":[{"@type":"ReadAction","target":["https:\/\/touchproeurope.eu\/product\/massagetafel-komfort-ii-singing-bowl-welltouch\/"]}]},{"@type":"ImageObject","inLanguage":"de","@id":"https:\/\/touchproeurope.eu\/product\/massagetafel-komfort-ii-singing-bowl-welltouch\/#primaryimage","url":"https:\/\/i0.wp.com\/touchproeurope.eu\/wp-content\/uploads\/2025\/03\/kls80_massageliege_klangschalenliege_welltouch_creme_aufgebaut_extender1.jpeg?fit=1500%2C1500&ssl=1","contentUrl":"https:\/\/i0.wp.com\/touchproeurope.eu\/wp-content\/uploads\/2025\/03\/kls80_massageliege_klangschalenliege_welltouch_creme_aufgebaut_extender1.jpeg?fit=1500%2C1500&ssl=1","width":1500,"height":1500,"caption":"Massagetafel singing bowl massage table"},{"@type":"BreadcrumbList","@id":"https:\/\/touchproeurope.eu\/product\/massagetafel-komfort-ii-singing-bowl-welltouch\/#breadcrumb","itemListElement":[{"@type":"ListItem","position":1,"name":"Home","item":"https:\/\/touchproeurope.eu\/"},{"@type":"ListItem","position":2,"name":"Winkel","item":"https:\/\/touchproeurope.eu\/winkel\/"},{"@type":"ListItem","position":3,"name":"Massagetafel KOMFORT II (singing bowl) WellTouch"}]},{"@type":"WebSite","@id":"https:\/\/touchproeurope.eu\/#website","url":"https:\/\/touchproeurope.eu\/","name":"TouchPro Europe Shop","description":"Alles f\u00fcr Ihre Praxis mit einem PROfessional Touch!","publisher":{"@id":"https:\/\/touchproeurope.eu\/#organization"},"alternateName":"TPE","potentialAction":[{"@type":"SearchAction","target":{"@type":"EntryPoint","urlTemplate":"https:\/\/touchproeurope.eu\/?s={search_term_string}"},"query-input":{"@type":"PropertyValueSpecification","valueRequired":true,"valueName":"search_term_string"}}],"inLanguage":"de"},{"@type":"Organization","@id":"https:\/\/touchproeurope.eu\/#organization","name":"TouchPro Europa BV","alternateName":"TPE","url":"https:\/\/touchproeurope.eu\/","logo":{"@type":"ImageObject","inLanguage":"de","@id":"https:\/\/touchproeurope.eu\/#\/schema\/logo\/image\/","url":"https:\/\/i0.wp.com\/touchproeurope.eu\/wp-content\/uploads\/2023\/10\/2b592c_b6944d80811246d987cc2c29accedf3f.png?fit=1417%2C531&ssl=1","contentUrl":"https:\/\/i0.wp.com\/touchproeurope.eu\/wp-content\/uploads\/2023\/10\/2b592c_b6944d80811246d987cc2c29accedf3f.png?fit=1417%2C531&ssl=1","width":1417,"height":531,"caption":"TouchPro Europe BV"},"image":{"@id":"https:\/\/touchproeurope.eu\/#\/schema\/logo\/image\/"},"sameAs":["https:\/\/www.facebook.com\/TouchproNederland\/?locale=nl_NL\/","https:\/\/www.instagram.com\/touchpro2016\/","https:\/\/www.linkedin.com\/company\/touchpro-europe-bv\/"],"description":"TouchPro Europe Shop ist das Massagegesch\u00e4ft in Europa. Wir verkaufen hochwertige Massageprodukte an Masseure, Fu\u00dfpfleger, Physiotherapeuten, Manik\u00fcre, Wellness-Zentren, Ausbildungskurse, usw. TouchPro begann als kleines Gesch\u00e4ft in den Niederlanden, hat sich aber inzwischen zu einem Gesch\u00e4ft mit Kunden aus ganz Europa entwickelt. Wir bieten eine gro\u00dfe Auswahl an Massageprodukten, darunter Massageliegen, \u00d6le, Cremes und Zubeh\u00f6r von Top-Marken wie Earthlite, Stronglite und InnerStrenght, Habys, Living Earth Crafts und Continuum sowie anderen Lieferanten von Massagezubeh\u00f6r. Bestellen Sie hier die besten Massageprodukte Europas!","email":"info@touchpro-europe.com","telephone":"0858768829","legalName":"TouchPro Europe BV","foundingDate":"2018-01-11","vatID":"NL855430151B01","numberOfEmployees":{"@type":"QuantitativeValue","minValue":"1","maxValue":"10"},"hasMerchantReturnPolicy":{"@type":"MerchantReturnPolicy","merchantReturnLink":"https:\/\/touchproeurope.eu\/de\/retourbeleid\/"}}]},"product_price_amount":"475.00","product_price_currency":"EUR","og_availability":"instock","product_availability":"instock","product_retailer_item_id":"k80","product_condition":"new"},"_links":{"self":[{"href":"https:\/\/touchproeurope.eu\/de\/wp-json\/wp\/v2\/product\/7951","targetHints":{"allow":["GET"]}}],"collection":[{"href":"https:\/\/touchproeurope.eu\/de\/wp-json\/wp\/v2\/product"}],"about":[{"href":"https:\/\/touchproeurope.eu\/de\/wp-json\/wp\/v2\/types\/product"}],"replies":[{"embeddable":true,"href":"https:\/\/touchproeurope.eu\/de\/wp-json\/wp\/v2\/comments?post=7951"}],"version-history":[{"count":3,"href":"https:\/\/touchproeurope.eu\/de\/wp-json\/wp\/v2\/product\/7951\/revisions"}],"predecessor-version":[{"id":8116,"href":"https:\/\/touchproeurope.eu\/de\/wp-json\/wp\/v2\/product\/7951\/revisions\/8116"}],"wp:featuredmedia":[{"embeddable":true,"href":"https:\/\/touchproeurope.eu\/de\/wp-json\/wp\/v2\/media\/7960"}],"wp:attachment":[{"href":"https:\/\/touchproeurope.eu\/de\/wp-json\/wp\/v2\/media?parent=7951"}],"wp:term":[{"taxonomy":"product_brand","embeddable":true,"href":"https:\/\/touchproeurope.eu\/de\/wp-json\/wp\/v2\/product_brand?post=7951"},{"taxonomy":"product_cat","embeddable":true,"href":"https:\/\/touchproeurope.eu\/de\/wp-json\/wp\/v2\/product_cat?post=7951"},{"taxonomy":"product_tag","embeddable":true,"href":"https:\/\/touchproeurope.eu\/de\/wp-json\/wp\/v2\/product_tag?post=7951"}],"curies":[{"name":"wp","href":"https:\/\/api.w.org\/{rel}","templated":true}]}}