{"id":9445,"date":"2025-05-21T16:10:11","date_gmt":"2025-05-21T16:10:11","guid":{"rendered":"https:\/\/touchproeurope.eu\/?post_type=product&#038;p=9445"},"modified":"2026-04-22T09:41:46","modified_gmt":"2026-04-22T09:41:46","slug":"shiatsu-matte-extra-gros-mit-festem-bezug","status":"publish","type":"product","link":"https:\/\/touchproeurope.eu\/de\/product\/shiatsu-mat-extra-groot-met-vaste-hoes\/","title":{"rendered":"Shiatsu-Matte (EXTRA LARGE) mit festem Bezug"},"content":{"rendered":"<h1>Shiatsu-Matte (EXTRA BIG) mit festem Bezug von Bodynova:<\/h1>\n<h2>F\u00fcr Shiatsu, Massage und K\u00f6rperarbeit<\/h2>\n<p>Unsere extragro\u00dfe Shiatsu-Matte \"Made in Germany\" wird mit gr\u00f6\u00dfter Sorgfalt in unserer eigenen Manufaktur handgefertigt. Sie ist ideal f\u00fcr Shiatsu, Thaimassage und jede andere Form der K\u00f6rperarbeit auf dem Boden.<\/p>\n<h3>Ma\u00dfgeschneiderte Produkte mit vielen Optionen<\/h3>\n<p>W\u00e4hlen Sie frei nach Ihren W\u00fcnschen: Gr\u00f6\u00dfe, Farbe und Anzahl der Schichten.<br \/>\nBitte beachten Sie, dass unsere Shiatsu-Matten speziell f\u00fcr Sie angefertigt werden und daher nicht umgetauscht werden k\u00f6nnen.<br \/>\nDie Shiatsu-Matte hat einen festen K\u00f6perbezug, der direkt mit dem Vliesstoff versteppt ist. Der Bezug entspricht dem \u00d6ko-Tex Standard 100 und ist nach den deutschen Vorschriften ohne AZO-Farbstoffe gef\u00e4rbt. Das speziell angefertigte Vliesmaterial besteht aus 70% Baumwolle und 30% Polyesterfaser. Die synthetischen Fasern sorgen daf\u00fcr, dass das Vlies elastisch und formstabil bleibt.<\/p>\n<p>Die Standard-Schei\u00dfmatte ist mit vier Lagen Vlies gef\u00fcllt und wird im Futon-Verfahren an den Bezugsstoff gen\u00e4ht. Alle Futons haben zwei aufgen\u00e4hte schwarze Kunststoffb\u00e4nder zur Aufbewahrung der aufgerollten Matte. In der Regel sind die \u00fcblichen vier Lagen Vlies (ca. 5 kg pro Quadratmeter) ausreichend, da eine zu weiche Matte die Matratze zu sehr einsinken l\u00e4sst. F\u00fcr diejenigen, die mehr Volumen ben\u00f6tigen, bieten wir auch Shiatsu-Matten mit f\u00fcnf Lagen an.<\/p>\n<h3>Extra gro\u00dfe Shiatsu-Matte mit stabilem Bezug<\/h3>\n<ul>\n<li>Extra-gro\u00dfe Matte f\u00fcr Shiatsu, Massage und K\u00f6rperarbeit<\/li>\n<li>Bezug: 100% K\u00f6per<\/li>\n<li>F\u00fcllung: 70% Baumwolle, 30% Polyesterfaser<\/li>\n<li>Hergestellt in Deutschland<\/li>\n<li>Nicht abnehmbarer Bezug (direkt mit dem Vlies vern\u00e4ht)<\/li>\n<li>\u00d6ko-Tex Standard 100 (Zertifikat Nr. A06-0488)<\/li>\n<li>Gef\u00e4rbt nach den deutschen Vorschriften (keine AZO-Farbstoffe)<\/li>\n<\/ul>\n<p>Tipp: Unsere Shiatsu-Matte Made in Germany ist auch mit einem abnehmbaren Bezug erh\u00e4ltlich. Diese Variante finden Sie in der Kategorie Shiatsu-Matten.<\/p>\n<h3>Shiatsu-Matte (EXTRA GREAT) mit fester Bezugsh\u00f6he:<\/h3>\n<ul>\n<li>4-lagig ca. 5 - 6 cm<\/li>\n<li>5-lagig ca. 6 - 7 cm<\/li>\n<li>6-lagig ca. 7 - 8 cm<\/li>\n<\/ul>\n<p><strong>Bitte beachten Sie, dass unsere Ma\u00dfe ungef\u00e4hre Angaben sind und leicht variieren k\u00f6nnen! Au\u00dferdem k\u00f6nnen die Shiatsu-Matten beim Versand leicht zusammengedr\u00fcckt werden und daher kleiner erscheinen als im zugeschnittenen Zustand. Legen Sie die Matten flach hin und dehnen Sie sie ein wenig.<\/strong><\/p>","protected":false},"excerpt":{"rendered":"<p>Die Shiatsu-Matte (EXTRA BIG) mit festem Bezug ist perfekt f\u00fcr Massage, Yoga und K\u00f6rperarbeit. Made in Germany, mit abnehmbarem Bezug und nach Belieben zusammenstellbar. Entdecken Sie Ihren idealen, individuellen Yoga-Futon Bodhi!<\/p>","protected":false},"featured_media":8162,"comment_status":"open","ping_status":"closed","template":"","meta":[],"product_brand":[363],"product_cat":[367,356],"product_tag":[],"class_list":{"0":"post-9445","1":"product","2":"type-product","3":"status-publish","4":"has-post-thumbnail","6":"product_brand-bodynova","7":"product_cat-shiatsu-mat","8":"product_cat-yoga-meditatie","9":"product_shipping_class-klein-pakket","10":"pa_kleur-aubergine","11":"pa_kleur-bordeaux","12":"pa_kleur-donker-blauw","13":"pa_kleur-groen","14":"pa_kleur-honing-geel","15":"pa_kleur-licht-beige","16":"pa_kleur-mineraal-blauw","17":"pa_kleur-stoffig-paars","18":"pa_kleur-zwart","20":"first","21":"instock","22":"taxable","23":"shipping-taxable","24":"purchasable","25":"product-type-variable","26":"has-default-attributes"},"yoast_head":"<!-- This site is optimized with the Yoast SEO Premium plugin v27.4 (Yoast SEO v27.4) - https:\/\/yoast.com\/product\/yoast-seo-premium-wordpress\/ -->\n<title>Shiatsu-mat (EXTRA GROOT) met vaste hoes - TouchPro Europe Shop<\/title>\n<meta name=\"description\" content=\"Verwen jezelf met de unieke Shiatsu-mat (EXTRA GROOT) met vaste hoes. Cre\u00eber de ideale mat voor jouw persoonlijke ontspanningservaring!\" \/>\n<meta name=\"robots\" content=\"index, follow, max-snippet:-1, max-image-preview:large, max-video-preview:-1\" \/>\n<link rel=\"canonical\" href=\"https:\/\/touchproeurope.eu\/de\/product\/shiatsu-matte-extra-gros-mit-festem-bezug\/\" \/>\n<meta property=\"og:locale\" content=\"de_DE\" \/>\n<meta property=\"og:type\" content=\"article\" \/>\n<meta property=\"og:title\" content=\"Shiatsu-mat (EXTRA GROOT) met vaste hoes\" \/>\n<meta property=\"og:description\" content=\"Verwen jezelf met de unieke Shiatsu-mat (EXTRA GROOT) met vaste hoes. Cre\u00eber de ideale mat voor jouw persoonlijke ontspanningservaring!\" \/>\n<meta property=\"og:url\" content=\"https:\/\/touchproeurope.eu\/de\/product\/shiatsu-matte-extra-gros-mit-festem-bezug\/\" \/>\n<meta property=\"og:site_name\" content=\"TouchPro Europe Shop\" \/>\n<meta property=\"article:publisher\" content=\"https:\/\/www.facebook.com\/TouchproNederland\/?locale=nl_NL%2f\" \/>\n<meta property=\"article:modified_time\" content=\"2026-04-22T09:41:46+00:00\" \/>\n<meta property=\"og:image\" content=\"https:\/\/touchproeurope.eu\/wp-content\/uploads\/2025\/05\/smx_shiatsumatte_eco_bodhi_honiggelb_halb_gerollt.jpg\" \/>\n\t<meta property=\"og:image:width\" content=\"1500\" \/>\n\t<meta property=\"og:image:height\" content=\"1500\" \/>\n\t<meta property=\"og:image:type\" content=\"image\/jpeg\" \/>\n<meta name=\"twitter:card\" content=\"summary_large_image\" \/>\n<meta name=\"twitter:label1\" content=\"Verf\u00fcgbarkeit\" \/>\n\t<meta name=\"twitter:data1\" content=\"Auf Lager\" \/>\n<script type=\"application\/ld+json\" class=\"yoast-schema-graph\">{\"@context\":\"https:\\\/\\\/schema.org\",\"@graph\":[{\"@type\":\"WebPage\",\"@id\":\"https:\\\/\\\/touchproeurope.eu\\\/product\\\/shiatsu-mat-extra-groot-met-vaste-hoes\\\/\",\"url\":\"https:\\\/\\\/touchproeurope.eu\\\/product\\\/shiatsu-mat-extra-groot-met-vaste-hoes\\\/\",\"name\":\"Shiatsu-mat (EXTRA GROOT) met vaste hoes - TouchPro Europe Shop\",\"isPartOf\":{\"@id\":\"https:\\\/\\\/touchproeurope.eu\\\/#website\"},\"primaryImageOfPage\":{\"@id\":\"https:\\\/\\\/touchproeurope.eu\\\/product\\\/shiatsu-mat-extra-groot-met-vaste-hoes\\\/#primaryimage\"},\"image\":{\"@id\":\"https:\\\/\\\/touchproeurope.eu\\\/product\\\/shiatsu-mat-extra-groot-met-vaste-hoes\\\/#primaryimage\"},\"thumbnailUrl\":\"https:\\\/\\\/i0.wp.com\\\/touchproeurope.eu\\\/wp-content\\\/uploads\\\/2025\\\/05\\\/smx_shiatsumatte_eco_bodhi_honiggelb_halb_gerollt.jpg?fit=1500%2C1500&ssl=1\",\"datePublished\":\"2025-05-21T16:10:11+00:00\",\"dateModified\":\"2026-04-22T09:41:46+00:00\",\"description\":\"Verwen jezelf met de unieke Shiatsu-mat (EXTRA GROOT) met vaste hoes. Cre\u00eber de ideale mat voor jouw persoonlijke ontspanningservaring!\",\"breadcrumb\":{\"@id\":\"https:\\\/\\\/touchproeurope.eu\\\/product\\\/shiatsu-mat-extra-groot-met-vaste-hoes\\\/#breadcrumb\"},\"inLanguage\":\"de\",\"potentialAction\":[{\"@type\":\"ReadAction\",\"target\":[\"https:\\\/\\\/touchproeurope.eu\\\/product\\\/shiatsu-mat-extra-groot-met-vaste-hoes\\\/\"]}]},{\"@type\":\"ImageObject\",\"inLanguage\":\"de\",\"@id\":\"https:\\\/\\\/touchproeurope.eu\\\/product\\\/shiatsu-mat-extra-groot-met-vaste-hoes\\\/#primaryimage\",\"url\":\"https:\\\/\\\/i0.wp.com\\\/touchproeurope.eu\\\/wp-content\\\/uploads\\\/2025\\\/05\\\/smx_shiatsumatte_eco_bodhi_honiggelb_halb_gerollt.jpg?fit=1500%2C1500&ssl=1\",\"contentUrl\":\"https:\\\/\\\/i0.wp.com\\\/touchproeurope.eu\\\/wp-content\\\/uploads\\\/2025\\\/05\\\/smx_shiatsumatte_eco_bodhi_honiggelb_halb_gerollt.jpg?fit=1500%2C1500&ssl=1\",\"width\":1500,\"height\":1500,\"caption\":\"Shiatsu-mat met afneembare hoes yogamat honing geel\"},{\"@type\":\"BreadcrumbList\",\"@id\":\"https:\\\/\\\/touchproeurope.eu\\\/product\\\/shiatsu-mat-extra-groot-met-vaste-hoes\\\/#breadcrumb\",\"itemListElement\":[{\"@type\":\"ListItem\",\"position\":1,\"name\":\"Home\",\"item\":\"https:\\\/\\\/touchproeurope.eu\\\/\"},{\"@type\":\"ListItem\",\"position\":2,\"name\":\"Winkel\",\"item\":\"https:\\\/\\\/touchproeurope.eu\\\/winkel\\\/\"},{\"@type\":\"ListItem\",\"position\":3,\"name\":\"Shiatsu-mat (EXTRA GROOT) met vaste hoes\"}]},{\"@type\":\"WebSite\",\"@id\":\"https:\\\/\\\/touchproeurope.eu\\\/#website\",\"url\":\"https:\\\/\\\/touchproeurope.eu\\\/\",\"name\":\"TouchPro Europe Shop\",\"description\":\"Alles voor jouw praktijk met een PROfessionele Touch!\",\"publisher\":{\"@id\":\"https:\\\/\\\/touchproeurope.eu\\\/#organization\"},\"alternateName\":\"TPE\",\"potentialAction\":[{\"@type\":\"SearchAction\",\"target\":{\"@type\":\"EntryPoint\",\"urlTemplate\":\"https:\\\/\\\/touchproeurope.eu\\\/?s={search_term_string}\"},\"query-input\":{\"@type\":\"PropertyValueSpecification\",\"valueRequired\":true,\"valueName\":\"search_term_string\"}}],\"inLanguage\":\"de\"},{\"@type\":\"Organization\",\"@id\":\"https:\\\/\\\/touchproeurope.eu\\\/#organization\",\"name\":\"TouchPro Europe BV\",\"alternateName\":\"TPE\",\"url\":\"https:\\\/\\\/touchproeurope.eu\\\/\",\"logo\":{\"@type\":\"ImageObject\",\"inLanguage\":\"de\",\"@id\":\"https:\\\/\\\/touchproeurope.eu\\\/#\\\/schema\\\/logo\\\/image\\\/\",\"url\":\"https:\\\/\\\/i0.wp.com\\\/touchproeurope.eu\\\/wp-content\\\/uploads\\\/2023\\\/10\\\/2b592c_b6944d80811246d987cc2c29accedf3f.png?fit=1417%2C531&ssl=1\",\"contentUrl\":\"https:\\\/\\\/i0.wp.com\\\/touchproeurope.eu\\\/wp-content\\\/uploads\\\/2023\\\/10\\\/2b592c_b6944d80811246d987cc2c29accedf3f.png?fit=1417%2C531&ssl=1\",\"width\":1417,\"height\":531,\"caption\":\"TouchPro Europe BV\"},\"image\":{\"@id\":\"https:\\\/\\\/touchproeurope.eu\\\/#\\\/schema\\\/logo\\\/image\\\/\"},\"sameAs\":[\"https:\\\/\\\/www.facebook.com\\\/TouchproNederland\\\/?locale=nl_NL\\\/\",\"https:\\\/\\\/www.instagram.com\\\/touchpro2016\\\/\",\"https:\\\/\\\/www.linkedin.com\\\/company\\\/touchpro-europe-bv\\\/\"],\"description\":\"TouchPro Europe Shop is de massage winkel van Europa. Wij verkopen topkwaliteit massageproducten aan masseurs, pedicures, fysiotherapeuten, manicuren, Wellness centra, opleidingen, etc. TouchPro begon als een kleine webshop in Nederland, maar is nu uitgegroeid tot een webshop met klanten uit heel Europa. Wij bieden een breed assortiment aan massageproducten, waaronder massagetafels, oli\u00ebn, cr\u00e8mes, en accessoires van topmerken, zoals Earthlite, Stronglite en InnerStrenght, Habys, Living Earth Crafts en Continuum en andere leveranciers van massage accessoires. Bestel hier de beste massagematerialen van Europa!\",\"email\":\"info@touchpro-europe.com\",\"telephone\":\"0858768829\",\"legalName\":\"TouchPro Europe BV\",\"foundingDate\":\"2018-01-11\",\"vatID\":\"NL855430151B01\",\"numberOfEmployees\":{\"@type\":\"QuantitativeValue\",\"minValue\":\"1\",\"maxValue\":\"10\"},\"hasMerchantReturnPolicy\":{\"@type\":\"MerchantReturnPolicy\",\"merchantReturnLink\":\"https:\\\/\\\/touchproeurope.eu\\\/de\\\/retourbeleid\\\/\"}}]}<\/script>\n<meta property=\"og:availability\" content=\"instock\" \/>\n<meta property=\"product:availability\" content=\"instock\" \/>\n<meta property=\"product:retailer_item_id\" content=\"Shiatsu-mat (EXTRA GROOT) met vaste hoes\" \/>\n<meta property=\"product:condition\" content=\"new\" \/>\n<!-- \/ Yoast SEO Premium plugin. -->","yoast_head_json":{"title":"Shiatsu-Matte (EXTRA BIG) mit festem Bezug - TouchPro Europe Shop","description":"Verw\u00f6hnen Sie sich mit der einzigartigen Shiatsu-Matte (EXTRA GREAT) mit festem Bezug. Kreieren Sie die ideale Matte f\u00fcr Ihr pers\u00f6nliches Entspannungserlebnis!","robots":{"index":"index","follow":"follow","max-snippet":"max-snippet:-1","max-image-preview":"max-image-preview:large","max-video-preview":"max-video-preview:-1"},"canonical":"https:\/\/touchproeurope.eu\/de\/product\/shiatsu-matte-extra-gros-mit-festem-bezug\/","og_locale":"de_DE","og_type":"article","og_title":"Shiatsu-mat (EXTRA GROOT) met vaste hoes","og_description":"Verwen jezelf met de unieke Shiatsu-mat (EXTRA GROOT) met vaste hoes. Cre\u00eber de ideale mat voor jouw persoonlijke ontspanningservaring!","og_url":"https:\/\/touchproeurope.eu\/de\/product\/shiatsu-matte-extra-gros-mit-festem-bezug\/","og_site_name":"TouchPro Europe Shop","article_publisher":"https:\/\/www.facebook.com\/TouchproNederland\/?locale=nl_NL%2f","article_modified_time":"2026-04-22T09:41:46+00:00","og_image":[{"width":1500,"height":1500,"url":"https:\/\/touchproeurope.eu\/wp-content\/uploads\/2025\/05\/smx_shiatsumatte_eco_bodhi_honiggelb_halb_gerollt.jpg","type":"image\/jpeg"}],"twitter_card":"summary_large_image","twitter_misc":{"Verf\u00fcgbarkeit":"Auf Lager"},"schema":{"@context":"https:\/\/schema.org","@graph":[{"@type":"WebPage","@id":"https:\/\/touchproeurope.eu\/product\/shiatsu-mat-extra-groot-met-vaste-hoes\/","url":"https:\/\/touchproeurope.eu\/product\/shiatsu-mat-extra-groot-met-vaste-hoes\/","name":"Shiatsu-Matte (EXTRA BIG) mit festem Bezug - TouchPro Europe Shop","isPartOf":{"@id":"https:\/\/touchproeurope.eu\/#website"},"primaryImageOfPage":{"@id":"https:\/\/touchproeurope.eu\/product\/shiatsu-mat-extra-groot-met-vaste-hoes\/#primaryimage"},"image":{"@id":"https:\/\/touchproeurope.eu\/product\/shiatsu-mat-extra-groot-met-vaste-hoes\/#primaryimage"},"thumbnailUrl":"https:\/\/i0.wp.com\/touchproeurope.eu\/wp-content\/uploads\/2025\/05\/smx_shiatsumatte_eco_bodhi_honiggelb_halb_gerollt.jpg?fit=1500%2C1500&ssl=1","datePublished":"2025-05-21T16:10:11+00:00","dateModified":"2026-04-22T09:41:46+00:00","description":"Verw\u00f6hnen Sie sich mit der einzigartigen Shiatsu-Matte (EXTRA GREAT) mit festem Bezug. Kreieren Sie die ideale Matte f\u00fcr Ihr pers\u00f6nliches Entspannungserlebnis!","breadcrumb":{"@id":"https:\/\/touchproeurope.eu\/product\/shiatsu-mat-extra-groot-met-vaste-hoes\/#breadcrumb"},"inLanguage":"de","potentialAction":[{"@type":"ReadAction","target":["https:\/\/touchproeurope.eu\/product\/shiatsu-mat-extra-groot-met-vaste-hoes\/"]}]},{"@type":"ImageObject","inLanguage":"de","@id":"https:\/\/touchproeurope.eu\/product\/shiatsu-mat-extra-groot-met-vaste-hoes\/#primaryimage","url":"https:\/\/i0.wp.com\/touchproeurope.eu\/wp-content\/uploads\/2025\/05\/smx_shiatsumatte_eco_bodhi_honiggelb_halb_gerollt.jpg?fit=1500%2C1500&ssl=1","contentUrl":"https:\/\/i0.wp.com\/touchproeurope.eu\/wp-content\/uploads\/2025\/05\/smx_shiatsumatte_eco_bodhi_honiggelb_halb_gerollt.jpg?fit=1500%2C1500&ssl=1","width":1500,"height":1500,"caption":"Shiatsu-mat met afneembare hoes yogamat honing geel"},{"@type":"BreadcrumbList","@id":"https:\/\/touchproeurope.eu\/product\/shiatsu-mat-extra-groot-met-vaste-hoes\/#breadcrumb","itemListElement":[{"@type":"ListItem","position":1,"name":"Home","item":"https:\/\/touchproeurope.eu\/"},{"@type":"ListItem","position":2,"name":"Winkel","item":"https:\/\/touchproeurope.eu\/winkel\/"},{"@type":"ListItem","position":3,"name":"Shiatsu-mat (EXTRA GROOT) met vaste hoes"}]},{"@type":"WebSite","@id":"https:\/\/touchproeurope.eu\/#website","url":"https:\/\/touchproeurope.eu\/","name":"TouchPro Europe Shop","description":"Alles f\u00fcr Ihre Praxis mit einem PROfessional Touch!","publisher":{"@id":"https:\/\/touchproeurope.eu\/#organization"},"alternateName":"TPE","potentialAction":[{"@type":"SearchAction","target":{"@type":"EntryPoint","urlTemplate":"https:\/\/touchproeurope.eu\/?s={search_term_string}"},"query-input":{"@type":"PropertyValueSpecification","valueRequired":true,"valueName":"search_term_string"}}],"inLanguage":"de"},{"@type":"Organization","@id":"https:\/\/touchproeurope.eu\/#organization","name":"TouchPro Europa BV","alternateName":"TPE","url":"https:\/\/touchproeurope.eu\/","logo":{"@type":"ImageObject","inLanguage":"de","@id":"https:\/\/touchproeurope.eu\/#\/schema\/logo\/image\/","url":"https:\/\/i0.wp.com\/touchproeurope.eu\/wp-content\/uploads\/2023\/10\/2b592c_b6944d80811246d987cc2c29accedf3f.png?fit=1417%2C531&ssl=1","contentUrl":"https:\/\/i0.wp.com\/touchproeurope.eu\/wp-content\/uploads\/2023\/10\/2b592c_b6944d80811246d987cc2c29accedf3f.png?fit=1417%2C531&ssl=1","width":1417,"height":531,"caption":"TouchPro Europe BV"},"image":{"@id":"https:\/\/touchproeurope.eu\/#\/schema\/logo\/image\/"},"sameAs":["https:\/\/www.facebook.com\/TouchproNederland\/?locale=nl_NL\/","https:\/\/www.instagram.com\/touchpro2016\/","https:\/\/www.linkedin.com\/company\/touchpro-europe-bv\/"],"description":"TouchPro Europe Shop ist das Massagegesch\u00e4ft in Europa. Wir verkaufen hochwertige Massageprodukte an Masseure, Fu\u00dfpfleger, Physiotherapeuten, Manik\u00fcre, Wellness-Zentren, Ausbildungskurse, usw. TouchPro begann als kleines Gesch\u00e4ft in den Niederlanden, hat sich aber inzwischen zu einem Gesch\u00e4ft mit Kunden aus ganz Europa entwickelt. Wir bieten eine gro\u00dfe Auswahl an Massageprodukten, darunter Massageliegen, \u00d6le, Cremes und Zubeh\u00f6r von Top-Marken wie Earthlite, Stronglite und InnerStrenght, Habys, Living Earth Crafts und Continuum sowie anderen Lieferanten von Massagezubeh\u00f6r. Bestellen Sie hier die besten Massageprodukte Europas!","email":"info@touchpro-europe.com","telephone":"0858768829","legalName":"TouchPro Europe BV","foundingDate":"2018-01-11","vatID":"NL855430151B01","numberOfEmployees":{"@type":"QuantitativeValue","minValue":"1","maxValue":"10"},"hasMerchantReturnPolicy":{"@type":"MerchantReturnPolicy","merchantReturnLink":"https:\/\/touchproeurope.eu\/de\/retourbeleid\/"}}]},"og_availability":"instock","product_availability":"instock","product_retailer_item_id":"Shiatsu-mat (EXTRA GROOT) met vaste hoes","product_condition":"new"},"_links":{"self":[{"href":"https:\/\/touchproeurope.eu\/de\/wp-json\/wp\/v2\/product\/9445","targetHints":{"allow":["GET"]}}],"collection":[{"href":"https:\/\/touchproeurope.eu\/de\/wp-json\/wp\/v2\/product"}],"about":[{"href":"https:\/\/touchproeurope.eu\/de\/wp-json\/wp\/v2\/types\/product"}],"replies":[{"embeddable":true,"href":"https:\/\/touchproeurope.eu\/de\/wp-json\/wp\/v2\/comments?post=9445"}],"version-history":[{"count":3,"href":"https:\/\/touchproeurope.eu\/de\/wp-json\/wp\/v2\/product\/9445\/revisions"}],"predecessor-version":[{"id":16288,"href":"https:\/\/touchproeurope.eu\/de\/wp-json\/wp\/v2\/product\/9445\/revisions\/16288"}],"wp:featuredmedia":[{"embeddable":true,"href":"https:\/\/touchproeurope.eu\/de\/wp-json\/wp\/v2\/media\/8162"}],"wp:attachment":[{"href":"https:\/\/touchproeurope.eu\/de\/wp-json\/wp\/v2\/media?parent=9445"}],"wp:term":[{"taxonomy":"product_brand","embeddable":true,"href":"https:\/\/touchproeurope.eu\/de\/wp-json\/wp\/v2\/product_brand?post=9445"},{"taxonomy":"product_cat","embeddable":true,"href":"https:\/\/touchproeurope.eu\/de\/wp-json\/wp\/v2\/product_cat?post=9445"},{"taxonomy":"product_tag","embeddable":true,"href":"https:\/\/touchproeurope.eu\/de\/wp-json\/wp\/v2\/product_tag?post=9445"}],"curies":[{"name":"wp","href":"https:\/\/api.w.org\/{rel}","templated":true}]}}