{"id":9536,"date":"2025-05-21T16:21:47","date_gmt":"2025-05-21T16:21:47","guid":{"rendered":"https:\/\/touchproeurope.eu\/?post_type=product&#038;p=9536"},"modified":"2026-05-12T09:26:15","modified_gmt":"2026-05-12T09:26:15","slug":"bezug-fur-shiatsu-matte","status":"publish","type":"product","link":"https:\/\/touchproeurope.eu\/de\/product\/hoes-voor-shiatsu-mat\/","title":{"rendered":"Bezug f\u00fcr Shiatsu-Matte"},"content":{"rendered":"<p>Baumwollbezug f\u00fcr Shiatsu-Matte<br \/>\nBez\u00fcge f\u00fcr Ihre Shiatsu-Matte mit zwei Befestigungsb\u00e4ndern f\u00fcr den Bezug in den untenstehenden Farben.<br \/>\nDie Bez\u00fcge sind f\u00fcr 4-lagige Matten aus unserem Sortiment geeignet.<\/p>\n<p>Bei 5- oder 6-lagigen Matten informieren Sie uns bitte bei der Bestellung, damit die richtige Breite des Bezuges ber\u00fccksichtigt werden kann. (Maximal waschbar bis zu 40\u00b0).<\/p>\n<p>Bitte beachten Sie auch, dass die Shiatsu-Mattenbez\u00fcge speziell f\u00fcr Sie angefertigt werden und daher nicht umgetauscht werden k\u00f6nnen.<\/p>","protected":false},"excerpt":{"rendered":"<p class=\"\">Shiatsu-Mattenbezug aus Baumwolle, erh\u00e4ltlich in verschiedenen Gr\u00f6\u00dfen, mit Befestigungsb\u00e4ndern.<\/p>\n<p class=\"\" data-start=\"86\" data-end=\"150\">Verwendung in 4-, 5- oder 6-lagigen Matten<\/p>\n<p class=\"\" data-start=\"152\" data-end=\"211\">","protected":false},"featured_media":8162,"comment_status":"open","ping_status":"closed","template":"","meta":[],"product_brand":[363],"product_cat":[367,356],"product_tag":[],"class_list":{"0":"post-9536","1":"product","2":"type-product","3":"status-publish","4":"has-post-thumbnail","6":"product_brand-bodynova","7":"product_cat-shiatsu-mat","8":"product_cat-yoga-meditatie","9":"product_shipping_class-normaal-pakket","10":"pa_kleur-antraciet","11":"pa_kleur-aubergine","12":"pa_kleur-blauw","13":"pa_kleur-groen","14":"pa_kleur-honing-geel","15":"pa_kleur-licht-beige","16":"pa_kleur-mineraal-blauw","17":"pa_kleur-natuur","18":"pa_kleur-stoffig-paars","19":"pa_kleur-wijnrood","20":"pa_kleur-zwart","22":"first","23":"instock","24":"taxable","25":"shipping-taxable","26":"purchasable","27":"product-type-variable","28":"has-default-attributes"},"yoast_head":"<!-- This site is optimized with the Yoast SEO Premium plugin v27.6 (Yoast SEO v27.6) - https:\/\/yoast.com\/product\/yoast-seo-premium-wordpress\/ -->\n<title>Hoes voor Shiatsu Mat - TouchPro Europe Shop<\/title>\n<meta name=\"description\" content=\"Ontdek de perfecte pasvorm met onze Shiatsu-mat hoes van katoen. Ze zijn functioneel en stijlvol, vind de jouwe vandaag nog bij TouchPro Europe de beste massagewinkel van Europa!\" \/>\n<meta name=\"robots\" content=\"index, follow, max-snippet:-1, max-image-preview:large, max-video-preview:-1\" \/>\n<link rel=\"canonical\" href=\"https:\/\/touchproeurope.eu\/de\/product\/bezug-fur-shiatsu-matte\/\" \/>\n<meta property=\"og:locale\" content=\"de_DE\" \/>\n<meta property=\"og:type\" content=\"article\" \/>\n<meta property=\"og:title\" content=\"Hoes voor Shiatsu Mat\" \/>\n<meta property=\"og:description\" content=\"Ontdek de perfecte pasvorm met onze Shiatsu-mat hoes van katoen. Ze zijn functioneel en stijlvol, vind de jouwe vandaag nog bij TouchPro Europe de beste massagewinkel van Europa!\" \/>\n<meta property=\"og:url\" content=\"https:\/\/touchproeurope.eu\/de\/product\/bezug-fur-shiatsu-matte\/\" \/>\n<meta property=\"og:site_name\" content=\"TouchPro Europe Shop\" \/>\n<meta property=\"article:publisher\" content=\"https:\/\/www.facebook.com\/TouchproNederland\/?locale=nl_NL%2f\" \/>\n<meta property=\"article:modified_time\" content=\"2026-05-12T09:26:15+00:00\" \/>\n<meta property=\"og:image\" content=\"https:\/\/touchproeurope.eu\/wp-content\/uploads\/2025\/05\/smx_shiatsumatte_eco_bodhi_honiggelb_halb_gerollt.jpg\" \/>\n\t<meta property=\"og:image:width\" content=\"1500\" \/>\n\t<meta property=\"og:image:height\" content=\"1500\" \/>\n\t<meta property=\"og:image:type\" content=\"image\/jpeg\" \/>\n<meta name=\"twitter:card\" content=\"summary_large_image\" \/>\n<meta name=\"twitter:label1\" content=\"Verf\u00fcgbarkeit\" \/>\n\t<meta name=\"twitter:data1\" content=\"Auf Lager\" \/>\n<script type=\"application\/ld+json\" class=\"yoast-schema-graph\">{\"@context\":\"https:\\\/\\\/schema.org\",\"@graph\":[{\"@type\":\"WebPage\",\"@id\":\"https:\\\/\\\/touchproeurope.eu\\\/product\\\/hoes-voor-shiatsu-mat\\\/\",\"url\":\"https:\\\/\\\/touchproeurope.eu\\\/product\\\/hoes-voor-shiatsu-mat\\\/\",\"name\":\"Hoes voor Shiatsu Mat - TouchPro Europe Shop\",\"isPartOf\":{\"@id\":\"https:\\\/\\\/touchproeurope.eu\\\/#website\"},\"primaryImageOfPage\":{\"@id\":\"https:\\\/\\\/touchproeurope.eu\\\/product\\\/hoes-voor-shiatsu-mat\\\/#primaryimage\"},\"image\":{\"@id\":\"https:\\\/\\\/touchproeurope.eu\\\/product\\\/hoes-voor-shiatsu-mat\\\/#primaryimage\"},\"thumbnailUrl\":\"https:\\\/\\\/i0.wp.com\\\/touchproeurope.eu\\\/wp-content\\\/uploads\\\/2025\\\/05\\\/smx_shiatsumatte_eco_bodhi_honiggelb_halb_gerollt.jpg?fit=1500%2C1500&ssl=1\",\"datePublished\":\"2025-05-21T16:21:47+00:00\",\"dateModified\":\"2026-05-12T09:26:15+00:00\",\"description\":\"Ontdek de perfecte pasvorm met onze Shiatsu-mat hoes van katoen. Ze zijn functioneel en stijlvol, vind de jouwe vandaag nog bij TouchPro Europe de beste massagewinkel van Europa!\",\"breadcrumb\":{\"@id\":\"https:\\\/\\\/touchproeurope.eu\\\/product\\\/hoes-voor-shiatsu-mat\\\/#breadcrumb\"},\"inLanguage\":\"de\",\"potentialAction\":[{\"@type\":\"ReadAction\",\"target\":[\"https:\\\/\\\/touchproeurope.eu\\\/product\\\/hoes-voor-shiatsu-mat\\\/\"]}]},{\"@type\":\"ImageObject\",\"inLanguage\":\"de\",\"@id\":\"https:\\\/\\\/touchproeurope.eu\\\/product\\\/hoes-voor-shiatsu-mat\\\/#primaryimage\",\"url\":\"https:\\\/\\\/i0.wp.com\\\/touchproeurope.eu\\\/wp-content\\\/uploads\\\/2025\\\/05\\\/smx_shiatsumatte_eco_bodhi_honiggelb_halb_gerollt.jpg?fit=1500%2C1500&ssl=1\",\"contentUrl\":\"https:\\\/\\\/i0.wp.com\\\/touchproeurope.eu\\\/wp-content\\\/uploads\\\/2025\\\/05\\\/smx_shiatsumatte_eco_bodhi_honiggelb_halb_gerollt.jpg?fit=1500%2C1500&ssl=1\",\"width\":1500,\"height\":1500,\"caption\":\"Shiatsu-mat met afneembare hoes yogamat honing geel\"},{\"@type\":\"BreadcrumbList\",\"@id\":\"https:\\\/\\\/touchproeurope.eu\\\/product\\\/hoes-voor-shiatsu-mat\\\/#breadcrumb\",\"itemListElement\":[{\"@type\":\"ListItem\",\"position\":1,\"name\":\"Home\",\"item\":\"https:\\\/\\\/touchproeurope.eu\\\/\"},{\"@type\":\"ListItem\",\"position\":2,\"name\":\"Winkel\",\"item\":\"https:\\\/\\\/touchproeurope.eu\\\/winkel\\\/\"},{\"@type\":\"ListItem\",\"position\":3,\"name\":\"Hoes voor Shiatsu Mat\"}]},{\"@type\":\"WebSite\",\"@id\":\"https:\\\/\\\/touchproeurope.eu\\\/#website\",\"url\":\"https:\\\/\\\/touchproeurope.eu\\\/\",\"name\":\"TouchPro Europe Shop\",\"description\":\"Alles voor jouw praktijk met een PROfessionele Touch!\",\"publisher\":{\"@id\":\"https:\\\/\\\/touchproeurope.eu\\\/#organization\"},\"alternateName\":\"TPE\",\"potentialAction\":[{\"@type\":\"SearchAction\",\"target\":{\"@type\":\"EntryPoint\",\"urlTemplate\":\"https:\\\/\\\/touchproeurope.eu\\\/?s={search_term_string}\"},\"query-input\":{\"@type\":\"PropertyValueSpecification\",\"valueRequired\":true,\"valueName\":\"search_term_string\"}}],\"inLanguage\":\"de\"},{\"@type\":\"Organization\",\"@id\":\"https:\\\/\\\/touchproeurope.eu\\\/#organization\",\"name\":\"TouchPro Europe BV\",\"alternateName\":\"TPE\",\"url\":\"https:\\\/\\\/touchproeurope.eu\\\/\",\"logo\":{\"@type\":\"ImageObject\",\"inLanguage\":\"de\",\"@id\":\"https:\\\/\\\/touchproeurope.eu\\\/#\\\/schema\\\/logo\\\/image\\\/\",\"url\":\"https:\\\/\\\/i0.wp.com\\\/touchproeurope.eu\\\/wp-content\\\/uploads\\\/2023\\\/10\\\/2b592c_b6944d80811246d987cc2c29accedf3f.png?fit=1417%2C531&ssl=1\",\"contentUrl\":\"https:\\\/\\\/i0.wp.com\\\/touchproeurope.eu\\\/wp-content\\\/uploads\\\/2023\\\/10\\\/2b592c_b6944d80811246d987cc2c29accedf3f.png?fit=1417%2C531&ssl=1\",\"width\":1417,\"height\":531,\"caption\":\"TouchPro Europe BV\"},\"image\":{\"@id\":\"https:\\\/\\\/touchproeurope.eu\\\/#\\\/schema\\\/logo\\\/image\\\/\"},\"sameAs\":[\"https:\\\/\\\/www.facebook.com\\\/TouchproNederland\\\/?locale=nl_NL\\\/\",\"https:\\\/\\\/www.instagram.com\\\/touchpro2016\\\/\",\"https:\\\/\\\/www.linkedin.com\\\/company\\\/touchpro-europe-bv\\\/\"],\"description\":\"TouchPro Europe Shop is de massage winkel van Europa. Wij verkopen topkwaliteit massageproducten aan masseurs, pedicures, fysiotherapeuten, manicuren, Wellness centra, opleidingen, etc. TouchPro begon als een kleine webshop in Nederland, maar is nu uitgegroeid tot een webshop met klanten uit heel Europa. Wij bieden een breed assortiment aan massageproducten, waaronder massagetafels, oli\u00ebn, cr\u00e8mes, en accessoires van topmerken, zoals Earthlite, Stronglite en InnerStrenght, Habys, Living Earth Crafts en Continuum en andere leveranciers van massage accessoires. Bestel hier de beste massagematerialen van Europa!\",\"email\":\"info@touchpro-europe.com\",\"telephone\":\"0858768829\",\"legalName\":\"TouchPro Europe BV\",\"foundingDate\":\"2018-01-11\",\"vatID\":\"NL855430151B01\",\"numberOfEmployees\":{\"@type\":\"QuantitativeValue\",\"minValue\":\"1\",\"maxValue\":\"10\"},\"hasMerchantReturnPolicy\":{\"@type\":\"MerchantReturnPolicy\",\"merchantReturnLink\":\"https:\\\/\\\/touchproeurope.eu\\\/de\\\/retourbeleid\\\/\"}}]}<\/script>\n<meta property=\"og:availability\" content=\"instock\" \/>\n<meta property=\"product:availability\" content=\"instock\" \/>\n<meta property=\"product:retailer_item_id\" content=\"Hoes voor Shiatsu Mat\" \/>\n<meta property=\"product:condition\" content=\"new\" \/>\n<!-- \/ Yoast SEO Premium plugin. -->","yoast_head_json":{"title":"Bezug f\u00fcr Shiatsu-Matte - TouchPro Europe Shop","description":"Entdecken Sie die perfekte Passform mit unserem Shiatsu-Mattenbezug aus Baumwolle. Sie sind funktionell und stilvoll, finden Sie Ihre noch heute bei TouchPro Europe, dem besten Massage-Shop in Europa!","robots":{"index":"index","follow":"follow","max-snippet":"max-snippet:-1","max-image-preview":"max-image-preview:large","max-video-preview":"max-video-preview:-1"},"canonical":"https:\/\/touchproeurope.eu\/de\/product\/bezug-fur-shiatsu-matte\/","og_locale":"de_DE","og_type":"article","og_title":"Hoes voor Shiatsu Mat","og_description":"Ontdek de perfecte pasvorm met onze Shiatsu-mat hoes van katoen. Ze zijn functioneel en stijlvol, vind de jouwe vandaag nog bij TouchPro Europe de beste massagewinkel van Europa!","og_url":"https:\/\/touchproeurope.eu\/de\/product\/bezug-fur-shiatsu-matte\/","og_site_name":"TouchPro Europe Shop","article_publisher":"https:\/\/www.facebook.com\/TouchproNederland\/?locale=nl_NL%2f","article_modified_time":"2026-05-12T09:26:15+00:00","og_image":[{"width":1500,"height":1500,"url":"https:\/\/touchproeurope.eu\/wp-content\/uploads\/2025\/05\/smx_shiatsumatte_eco_bodhi_honiggelb_halb_gerollt.jpg","type":"image\/jpeg"}],"twitter_card":"summary_large_image","twitter_misc":{"Verf\u00fcgbarkeit":"Auf Lager"},"schema":{"@context":"https:\/\/schema.org","@graph":[{"@type":"WebPage","@id":"https:\/\/touchproeurope.eu\/product\/hoes-voor-shiatsu-mat\/","url":"https:\/\/touchproeurope.eu\/product\/hoes-voor-shiatsu-mat\/","name":"Bezug f\u00fcr Shiatsu-Matte - TouchPro Europe Shop","isPartOf":{"@id":"https:\/\/touchproeurope.eu\/#website"},"primaryImageOfPage":{"@id":"https:\/\/touchproeurope.eu\/product\/hoes-voor-shiatsu-mat\/#primaryimage"},"image":{"@id":"https:\/\/touchproeurope.eu\/product\/hoes-voor-shiatsu-mat\/#primaryimage"},"thumbnailUrl":"https:\/\/i0.wp.com\/touchproeurope.eu\/wp-content\/uploads\/2025\/05\/smx_shiatsumatte_eco_bodhi_honiggelb_halb_gerollt.jpg?fit=1500%2C1500&ssl=1","datePublished":"2025-05-21T16:21:47+00:00","dateModified":"2026-05-12T09:26:15+00:00","description":"Entdecken Sie die perfekte Passform mit unserem Shiatsu-Mattenbezug aus Baumwolle. Sie sind funktionell und stilvoll, finden Sie Ihre noch heute bei TouchPro Europe, dem besten Massage-Shop in Europa!","breadcrumb":{"@id":"https:\/\/touchproeurope.eu\/product\/hoes-voor-shiatsu-mat\/#breadcrumb"},"inLanguage":"de","potentialAction":[{"@type":"ReadAction","target":["https:\/\/touchproeurope.eu\/product\/hoes-voor-shiatsu-mat\/"]}]},{"@type":"ImageObject","inLanguage":"de","@id":"https:\/\/touchproeurope.eu\/product\/hoes-voor-shiatsu-mat\/#primaryimage","url":"https:\/\/i0.wp.com\/touchproeurope.eu\/wp-content\/uploads\/2025\/05\/smx_shiatsumatte_eco_bodhi_honiggelb_halb_gerollt.jpg?fit=1500%2C1500&ssl=1","contentUrl":"https:\/\/i0.wp.com\/touchproeurope.eu\/wp-content\/uploads\/2025\/05\/smx_shiatsumatte_eco_bodhi_honiggelb_halb_gerollt.jpg?fit=1500%2C1500&ssl=1","width":1500,"height":1500,"caption":"Shiatsu-mat met afneembare hoes yogamat honing geel"},{"@type":"BreadcrumbList","@id":"https:\/\/touchproeurope.eu\/product\/hoes-voor-shiatsu-mat\/#breadcrumb","itemListElement":[{"@type":"ListItem","position":1,"name":"Home","item":"https:\/\/touchproeurope.eu\/"},{"@type":"ListItem","position":2,"name":"Winkel","item":"https:\/\/touchproeurope.eu\/winkel\/"},{"@type":"ListItem","position":3,"name":"Hoes voor Shiatsu Mat"}]},{"@type":"WebSite","@id":"https:\/\/touchproeurope.eu\/#website","url":"https:\/\/touchproeurope.eu\/","name":"TouchPro Europe Shop","description":"Alles f\u00fcr Ihre Praxis mit einem PROfessional Touch!","publisher":{"@id":"https:\/\/touchproeurope.eu\/#organization"},"alternateName":"TPE","potentialAction":[{"@type":"SearchAction","target":{"@type":"EntryPoint","urlTemplate":"https:\/\/touchproeurope.eu\/?s={search_term_string}"},"query-input":{"@type":"PropertyValueSpecification","valueRequired":true,"valueName":"search_term_string"}}],"inLanguage":"de"},{"@type":"Organization","@id":"https:\/\/touchproeurope.eu\/#organization","name":"TouchPro Europa BV","alternateName":"TPE","url":"https:\/\/touchproeurope.eu\/","logo":{"@type":"ImageObject","inLanguage":"de","@id":"https:\/\/touchproeurope.eu\/#\/schema\/logo\/image\/","url":"https:\/\/i0.wp.com\/touchproeurope.eu\/wp-content\/uploads\/2023\/10\/2b592c_b6944d80811246d987cc2c29accedf3f.png?fit=1417%2C531&ssl=1","contentUrl":"https:\/\/i0.wp.com\/touchproeurope.eu\/wp-content\/uploads\/2023\/10\/2b592c_b6944d80811246d987cc2c29accedf3f.png?fit=1417%2C531&ssl=1","width":1417,"height":531,"caption":"TouchPro Europe BV"},"image":{"@id":"https:\/\/touchproeurope.eu\/#\/schema\/logo\/image\/"},"sameAs":["https:\/\/www.facebook.com\/TouchproNederland\/?locale=nl_NL\/","https:\/\/www.instagram.com\/touchpro2016\/","https:\/\/www.linkedin.com\/company\/touchpro-europe-bv\/"],"description":"TouchPro Europe Shop ist das Massagegesch\u00e4ft in Europa. Wir verkaufen hochwertige Massageprodukte an Masseure, Fu\u00dfpfleger, Physiotherapeuten, Manik\u00fcre, Wellness-Zentren, Ausbildungskurse, usw. TouchPro begann als kleines Gesch\u00e4ft in den Niederlanden, hat sich aber inzwischen zu einem Gesch\u00e4ft mit Kunden aus ganz Europa entwickelt. Wir bieten eine gro\u00dfe Auswahl an Massageprodukten, darunter Massageliegen, \u00d6le, Cremes und Zubeh\u00f6r von Top-Marken wie Earthlite, Stronglite und InnerStrenght, Habys, Living Earth Crafts und Continuum sowie anderen Lieferanten von Massagezubeh\u00f6r. Bestellen Sie hier die besten Massageprodukte Europas!","email":"info@touchpro-europe.com","telephone":"0858768829","legalName":"TouchPro Europe BV","foundingDate":"2018-01-11","vatID":"NL855430151B01","numberOfEmployees":{"@type":"QuantitativeValue","minValue":"1","maxValue":"10"},"hasMerchantReturnPolicy":{"@type":"MerchantReturnPolicy","merchantReturnLink":"https:\/\/touchproeurope.eu\/de\/retourbeleid\/"}}]},"og_availability":"instock","product_availability":"instock","product_retailer_item_id":"Hoes voor Shiatsu Mat","product_condition":"new"},"_links":{"self":[{"href":"https:\/\/touchproeurope.eu\/de\/wp-json\/wp\/v2\/product\/9536","targetHints":{"allow":["GET"]}}],"collection":[{"href":"https:\/\/touchproeurope.eu\/de\/wp-json\/wp\/v2\/product"}],"about":[{"href":"https:\/\/touchproeurope.eu\/de\/wp-json\/wp\/v2\/types\/product"}],"replies":[{"embeddable":true,"href":"https:\/\/touchproeurope.eu\/de\/wp-json\/wp\/v2\/comments?post=9536"}],"version-history":[{"count":4,"href":"https:\/\/touchproeurope.eu\/de\/wp-json\/wp\/v2\/product\/9536\/revisions"}],"predecessor-version":[{"id":12562,"href":"https:\/\/touchproeurope.eu\/de\/wp-json\/wp\/v2\/product\/9536\/revisions\/12562"}],"wp:featuredmedia":[{"embeddable":true,"href":"https:\/\/touchproeurope.eu\/de\/wp-json\/wp\/v2\/media\/8162"}],"wp:attachment":[{"href":"https:\/\/touchproeurope.eu\/de\/wp-json\/wp\/v2\/media?parent=9536"}],"wp:term":[{"taxonomy":"product_brand","embeddable":true,"href":"https:\/\/touchproeurope.eu\/de\/wp-json\/wp\/v2\/product_brand?post=9536"},{"taxonomy":"product_cat","embeddable":true,"href":"https:\/\/touchproeurope.eu\/de\/wp-json\/wp\/v2\/product_cat?post=9536"},{"taxonomy":"product_tag","embeddable":true,"href":"https:\/\/touchproeurope.eu\/de\/wp-json\/wp\/v2\/product_tag?post=9536"}],"curies":[{"name":"wp","href":"https:\/\/api.w.org\/{rel}","templated":true}]}}