{"id":12683,"date":"2025-07-23T15:14:14","date_gmt":"2025-07-23T15:14:14","guid":{"rendered":"https:\/\/touchproeurope.eu\/?post_type=product&#038;p=12683"},"modified":"2026-03-04T17:01:43","modified_gmt":"2026-03-04T17:01:43","slug":"elevador-electrico-ellora","status":"publish","type":"product","link":"https:\/\/touchproeurope.eu\/es\/product\/ellora-electric-lift\/","title":{"rendered":"Ellora\u2122 Elevador el\u00e9ctrico"},"content":{"rendered":"<p>La camilla de masaje de elevaci\u00f3n el\u00e9ctrica Ellora\u2122 de Earthlite est\u00e1 dise\u00f1ada para proporcionar la combinaci\u00f3n definitiva de fiabilidad, funcionalidad y comodidad para los profesionales del bienestar. Esta popular camilla de masaje ajustable el\u00e9ctricamente es la primera elecci\u00f3n de spas, fisioterapeutas y masajistas de todo el mundo, gracias a su s\u00f3lida construcci\u00f3n, funcionamiento silencioso y excepcional facilidad de uso.<\/p>\n<p>Equipada con un motor fiable, la robusta estructura de acero soporta sin esfuerzo hasta 272 kg (600 lb). Gracias al sistema de espuma de 3 capas Pro-Plush\u2122 Deluxe y a la duradera tapicer\u00eda Comfort-Flex\u2122, esta mesa ofrece una experiencia de lujo a los clientes a\u00f1o tras a\u00f1o.<\/p>\n<p>La altura de la camilla se puede ajustar el\u00e9ctricamente de 18\u2033 a 37\u2033 (de 45 a 94 cm) mediante el mando de pedal manos libres. Para facilitar la movilidad, la camilla dispone de ruedas integradas que permiten desplazarla f\u00e1cilmente por la consulta o la sala de tratamiento. Adem\u00e1s, Ellora\u2122 es totalmente compatible con el T\u00edtulo III de la ADA, por lo que es adecuada para los requisitos de accesibilidad.<\/p>\n<p>Puede personalizar completamente la camilla con diferentes anchuras (71 cm, 76 cm, 81 cm u 89 cm), paneles superiores (plano, inclinaci\u00f3n manual, inclinaci\u00f3n neum\u00e1tica o el\u00e9ctrica), mejoras opcionales como espuma viscoel\u00e1stica de 10 cm, certificaci\u00f3n ETL y accesorios adicionales como coj\u00edn reposacabezas, reposacuellos y reposabrazos.<\/p>\n<p>Tanto si dirige un concurrido spa como si tiene una consulta privada, la mesa elevadora el\u00e9ctrica Ellora\u2122 es una inversi\u00f3n duradera que ofrece el m\u00e1ximo rendimiento durante a\u00f1os.<\/p>\n<p><a href=\"https:\/\/www.earthlite.com\/media\/wysiwyg\/SalesSheets\/2025\/Ellora_Sales_Sheet_-_Rev_032725.pdf\">Detalles del producto<\/a> y <a href=\"https:\/\/www.earthlite.com\/media\/wysiwyg\/EL-Manuals_User-Guides\/1-400-0026_-_Ellora_User_Manual_4-25-25.pdf\">manual<\/a><\/p>","protected":false},"excerpt":{"rendered":"<p>La camilla de masaje con elevaci\u00f3n el\u00e9ctrica Ellora\u2122 es la camilla de masaje el\u00e9ctrica m\u00e1s popular de Earthlite, con altura ajustable, armaz\u00f3n de acero duradero y lujoso confort. Ideal para spas y terapeutas, con m\u00faltiples opciones de personalizaci\u00f3n, gran capacidad de carga y funcionamiento silencioso.<\/p>","protected":false},"featured_media":12767,"comment_status":"open","ping_status":"closed","template":"","meta":[],"product_brand":[343],"product_cat":[97,93],"product_tag":[338,389],"class_list":{"0":"post-12683","1":"product","2":"type-product","3":"status-publish","4":"has-post-thumbnail","6":"product_brand-earthlite","7":"product_cat-elektrische-massagetafels","8":"product_cat-massagetafels","9":"product_tag-elektrisch-verstelbaar","10":"product_tag-sterk-en-duurzaam","11":"product_shipping_class-offerte-aanvraag","12":"pa_kleur-beige","13":"pa_kleur-bordeaux","14":"pa_kleur-grijs","15":"pa_kleur-latte","16":"pa_kleur-mystic-blue","17":"pa_kleur-paars","18":"pa_kleur-teal","19":"pa_kleur-vanille-creme","20":"pa_kleur-wit","21":"pa_kleur-zilver","22":"pa_kleur-zwart","23":"pa_merk-earthlite","25":"first","26":"instock","27":"taxable","28":"shipping-taxable","29":"purchasable","30":"product-type-variable"},"yoast_head":"<!-- This site is optimized with the Yoast SEO Premium plugin v27.3 (Yoast SEO v27.3) - https:\/\/yoast.com\/product\/yoast-seo-premium-wordpress\/ -->\n<title>Ellora\u2122 Electric Lift Massage Table \u2013 Professionele Massagetafel - TouchPro Europe Shop<\/title>\n<meta name=\"description\" content=\"Ontdek de Ellora\u2122 Electric Lift Massage Table, Earthlite\u2019s populairste elektrische in hoogte verstelbare massagetafel, luxe comfort en tot 600 lbs draagvermogen.\" \/>\n<meta name=\"robots\" content=\"index, follow, max-snippet:-1, max-image-preview:large, max-video-preview:-1\" \/>\n<link rel=\"canonical\" href=\"https:\/\/touchproeurope.eu\/es\/product\/elevador-electrico-ellora\/\" \/>\n<meta property=\"og:locale\" content=\"es_ES\" \/>\n<meta property=\"og:type\" content=\"article\" \/>\n<meta property=\"og:title\" content=\"Ellora\u2122 Electric Lift\" \/>\n<meta property=\"og:description\" content=\"Ontdek de Ellora\u2122 Electric Lift Massage Table, Earthlite\u2019s populairste elektrische in hoogte verstelbare massagetafel, luxe comfort en tot 600 lbs draagvermogen.\" \/>\n<meta property=\"og:url\" content=\"https:\/\/touchproeurope.eu\/es\/product\/elevador-electrico-ellora\/\" \/>\n<meta property=\"og:site_name\" content=\"TouchPro Europe Shop\" \/>\n<meta property=\"article:publisher\" content=\"https:\/\/www.facebook.com\/TouchproNederland\/?locale=nl_NL%2f\" \/>\n<meta property=\"article:modified_time\" content=\"2026-03-04T17:01:43+00:00\" \/>\n<meta property=\"og:image\" content=\"https:\/\/touchproeurope.eu\/wp-content\/uploads\/2025\/07\/Ellora_Flat_-_Black_ICONS.jpg\" \/>\n\t<meta property=\"og:image:width\" content=\"1600\" \/>\n\t<meta property=\"og:image:height\" content=\"1600\" \/>\n\t<meta property=\"og:image:type\" content=\"image\/jpeg\" \/>\n<meta name=\"twitter:card\" content=\"summary_large_image\" \/>\n<meta name=\"twitter:label1\" content=\"Disponibilidad\" \/>\n\t<meta name=\"twitter:data1\" content=\"Disponible\" \/>\n<script type=\"application\/ld+json\" class=\"yoast-schema-graph\">{\"@context\":\"https:\\\/\\\/schema.org\",\"@graph\":[{\"@type\":\"WebPage\",\"@id\":\"https:\\\/\\\/touchproeurope.eu\\\/product\\\/ellora-electric-lift\\\/\",\"url\":\"https:\\\/\\\/touchproeurope.eu\\\/product\\\/ellora-electric-lift\\\/\",\"name\":\"Ellora\u2122 Electric Lift Massage Table \u2013 Professionele Massagetafel - TouchPro Europe Shop\",\"isPartOf\":{\"@id\":\"https:\\\/\\\/touchproeurope.eu\\\/#website\"},\"primaryImageOfPage\":{\"@id\":\"https:\\\/\\\/touchproeurope.eu\\\/product\\\/ellora-electric-lift\\\/#primaryimage\"},\"image\":{\"@id\":\"https:\\\/\\\/touchproeurope.eu\\\/product\\\/ellora-electric-lift\\\/#primaryimage\"},\"thumbnailUrl\":\"https:\\\/\\\/i0.wp.com\\\/touchproeurope.eu\\\/wp-content\\\/uploads\\\/2025\\\/07\\\/Ellora_Flat_-_Black_ICONS.jpg?fit=1600%2C1600&ssl=1\",\"datePublished\":\"2025-07-23T15:14:14+00:00\",\"dateModified\":\"2026-03-04T17:01:43+00:00\",\"description\":\"Ontdek de Ellora\u2122 Electric Lift Massage Table, Earthlite\u2019s populairste elektrische in hoogte verstelbare massagetafel, luxe comfort en tot 600 lbs draagvermogen.\",\"breadcrumb\":{\"@id\":\"https:\\\/\\\/touchproeurope.eu\\\/product\\\/ellora-electric-lift\\\/#breadcrumb\"},\"inLanguage\":\"es\",\"potentialAction\":[{\"@type\":\"ReadAction\",\"target\":[\"https:\\\/\\\/touchproeurope.eu\\\/product\\\/ellora-electric-lift\\\/\"]}]},{\"@type\":\"ImageObject\",\"inLanguage\":\"es\",\"@id\":\"https:\\\/\\\/touchproeurope.eu\\\/product\\\/ellora-electric-lift\\\/#primaryimage\",\"url\":\"https:\\\/\\\/i0.wp.com\\\/touchproeurope.eu\\\/wp-content\\\/uploads\\\/2025\\\/07\\\/Ellora_Flat_-_Black_ICONS.jpg?fit=1600%2C1600&ssl=1\",\"contentUrl\":\"https:\\\/\\\/i0.wp.com\\\/touchproeurope.eu\\\/wp-content\\\/uploads\\\/2025\\\/07\\\/Ellora_Flat_-_Black_ICONS.jpg?fit=1600%2C1600&ssl=1\",\"width\":1600,\"height\":1600,\"caption\":\"Ellora\u2122 Electric Lift Zwart\"},{\"@type\":\"BreadcrumbList\",\"@id\":\"https:\\\/\\\/touchproeurope.eu\\\/product\\\/ellora-electric-lift\\\/#breadcrumb\",\"itemListElement\":[{\"@type\":\"ListItem\",\"position\":1,\"name\":\"Home\",\"item\":\"https:\\\/\\\/touchproeurope.eu\\\/\"},{\"@type\":\"ListItem\",\"position\":2,\"name\":\"Winkel\",\"item\":\"https:\\\/\\\/touchproeurope.eu\\\/winkel\\\/\"},{\"@type\":\"ListItem\",\"position\":3,\"name\":\"Ellora\u2122 Electric Lift\"}]},{\"@type\":\"WebSite\",\"@id\":\"https:\\\/\\\/touchproeurope.eu\\\/#website\",\"url\":\"https:\\\/\\\/touchproeurope.eu\\\/\",\"name\":\"TouchPro Europe Shop\",\"description\":\"Alles voor jouw praktijk met een PROfessionele Touch!\",\"publisher\":{\"@id\":\"https:\\\/\\\/touchproeurope.eu\\\/#organization\"},\"alternateName\":\"TPE\",\"potentialAction\":[{\"@type\":\"SearchAction\",\"target\":{\"@type\":\"EntryPoint\",\"urlTemplate\":\"https:\\\/\\\/touchproeurope.eu\\\/?s={search_term_string}\"},\"query-input\":{\"@type\":\"PropertyValueSpecification\",\"valueRequired\":true,\"valueName\":\"search_term_string\"}}],\"inLanguage\":\"es\"},{\"@type\":\"Organization\",\"@id\":\"https:\\\/\\\/touchproeurope.eu\\\/#organization\",\"name\":\"TouchPro Europe BV\",\"alternateName\":\"TPE\",\"url\":\"https:\\\/\\\/touchproeurope.eu\\\/\",\"logo\":{\"@type\":\"ImageObject\",\"inLanguage\":\"es\",\"@id\":\"https:\\\/\\\/touchproeurope.eu\\\/#\\\/schema\\\/logo\\\/image\\\/\",\"url\":\"https:\\\/\\\/i0.wp.com\\\/touchproeurope.eu\\\/wp-content\\\/uploads\\\/2023\\\/10\\\/2b592c_b6944d80811246d987cc2c29accedf3f.png?fit=1417%2C531&ssl=1\",\"contentUrl\":\"https:\\\/\\\/i0.wp.com\\\/touchproeurope.eu\\\/wp-content\\\/uploads\\\/2023\\\/10\\\/2b592c_b6944d80811246d987cc2c29accedf3f.png?fit=1417%2C531&ssl=1\",\"width\":1417,\"height\":531,\"caption\":\"TouchPro Europe BV\"},\"image\":{\"@id\":\"https:\\\/\\\/touchproeurope.eu\\\/#\\\/schema\\\/logo\\\/image\\\/\"},\"sameAs\":[\"https:\\\/\\\/www.facebook.com\\\/TouchproNederland\\\/?locale=nl_NL\\\/\",\"https:\\\/\\\/www.instagram.com\\\/touchpro2016\\\/\",\"https:\\\/\\\/www.linkedin.com\\\/company\\\/touchpro-europe-bv\\\/\"],\"description\":\"TouchPro Europe Shop is de massage winkel van Europa. Wij verkopen topkwaliteit massageproducten aan masseurs, pedicures, fysiotherapeuten, manicuren, Wellness centra, opleidingen, etc. TouchPro begon als een kleine webshop in Nederland, maar is nu uitgegroeid tot een webshop met klanten uit heel Europa. Wij bieden een breed assortiment aan massageproducten, waaronder massagetafels, oli\u00ebn, cr\u00e8mes, en accessoires van topmerken, zoals Earthlite, Stronglite en InnerStrenght, Habys, Living Earth Crafts en Continuum en andere leveranciers van massage accessoires. Bestel hier de beste massagematerialen van Europa!\",\"email\":\"info@touchpro-europe.com\",\"telephone\":\"0858768829\",\"legalName\":\"TouchPro Europe BV\",\"foundingDate\":\"2018-01-11\",\"vatID\":\"NL855430151B01\",\"numberOfEmployees\":{\"@type\":\"QuantitativeValue\",\"minValue\":\"1\",\"maxValue\":\"10\"},\"hasMerchantReturnPolicy\":{\"@type\":\"MerchantReturnPolicy\",\"merchantReturnLink\":\"https:\\\/\\\/touchproeurope.eu\\\/es\\\/retourbeleid\\\/\"}}]}<\/script>\n<meta property=\"product:brand\" content=\"Earthlite\" \/>\n<meta property=\"og:availability\" content=\"instock\" \/>\n<meta property=\"product:availability\" content=\"instock\" \/>\n<meta property=\"product:condition\" content=\"new\" \/>\n<!-- \/ Yoast SEO Premium plugin. -->","yoast_head_json":{"title":"Ellora\u2122 Camilla de masaje con elevaci\u00f3n el\u00e9ctrica - Camilla de masaje profesional - Tienda TouchPro Europe","description":"Descubra la camilla de masaje de elevaci\u00f3n el\u00e9ctrica Ellora\u2122, la camilla de masaje el\u00e9ctrica de altura ajustable m\u00e1s popular de Earthlite, lujosa comodidad y capacidad de carga de hasta 600 lbs.","robots":{"index":"index","follow":"follow","max-snippet":"max-snippet:-1","max-image-preview":"max-image-preview:large","max-video-preview":"max-video-preview:-1"},"canonical":"https:\/\/touchproeurope.eu\/es\/product\/elevador-electrico-ellora\/","og_locale":"es_ES","og_type":"article","og_title":"Ellora\u2122 Electric Lift","og_description":"Ontdek de Ellora\u2122 Electric Lift Massage Table, Earthlite\u2019s populairste elektrische in hoogte verstelbare massagetafel, luxe comfort en tot 600 lbs draagvermogen.","og_url":"https:\/\/touchproeurope.eu\/es\/product\/elevador-electrico-ellora\/","og_site_name":"TouchPro Europe Shop","article_publisher":"https:\/\/www.facebook.com\/TouchproNederland\/?locale=nl_NL%2f","article_modified_time":"2026-03-04T17:01:43+00:00","og_image":[{"width":1600,"height":1600,"url":"https:\/\/touchproeurope.eu\/wp-content\/uploads\/2025\/07\/Ellora_Flat_-_Black_ICONS.jpg","type":"image\/jpeg"}],"twitter_card":"summary_large_image","twitter_misc":{"Disponibilidad":"Disponible"},"schema":{"@context":"https:\/\/schema.org","@graph":[{"@type":"WebPage","@id":"https:\/\/touchproeurope.eu\/product\/ellora-electric-lift\/","url":"https:\/\/touchproeurope.eu\/product\/ellora-electric-lift\/","name":"Ellora\u2122 Camilla de masaje con elevaci\u00f3n el\u00e9ctrica - Camilla de masaje profesional - Tienda TouchPro Europe","isPartOf":{"@id":"https:\/\/touchproeurope.eu\/#website"},"primaryImageOfPage":{"@id":"https:\/\/touchproeurope.eu\/product\/ellora-electric-lift\/#primaryimage"},"image":{"@id":"https:\/\/touchproeurope.eu\/product\/ellora-electric-lift\/#primaryimage"},"thumbnailUrl":"https:\/\/i0.wp.com\/touchproeurope.eu\/wp-content\/uploads\/2025\/07\/Ellora_Flat_-_Black_ICONS.jpg?fit=1600%2C1600&ssl=1","datePublished":"2025-07-23T15:14:14+00:00","dateModified":"2026-03-04T17:01:43+00:00","description":"Descubra la camilla de masaje de elevaci\u00f3n el\u00e9ctrica Ellora\u2122, la camilla de masaje el\u00e9ctrica de altura ajustable m\u00e1s popular de Earthlite, lujosa comodidad y capacidad de carga de hasta 600 lbs.","breadcrumb":{"@id":"https:\/\/touchproeurope.eu\/product\/ellora-electric-lift\/#breadcrumb"},"inLanguage":"es","potentialAction":[{"@type":"ReadAction","target":["https:\/\/touchproeurope.eu\/product\/ellora-electric-lift\/"]}]},{"@type":"ImageObject","inLanguage":"es","@id":"https:\/\/touchproeurope.eu\/product\/ellora-electric-lift\/#primaryimage","url":"https:\/\/i0.wp.com\/touchproeurope.eu\/wp-content\/uploads\/2025\/07\/Ellora_Flat_-_Black_ICONS.jpg?fit=1600%2C1600&ssl=1","contentUrl":"https:\/\/i0.wp.com\/touchproeurope.eu\/wp-content\/uploads\/2025\/07\/Ellora_Flat_-_Black_ICONS.jpg?fit=1600%2C1600&ssl=1","width":1600,"height":1600,"caption":"Ellora\u2122 Electric Lift Zwart"},{"@type":"BreadcrumbList","@id":"https:\/\/touchproeurope.eu\/product\/ellora-electric-lift\/#breadcrumb","itemListElement":[{"@type":"ListItem","position":1,"name":"Home","item":"https:\/\/touchproeurope.eu\/"},{"@type":"ListItem","position":2,"name":"Winkel","item":"https:\/\/touchproeurope.eu\/winkel\/"},{"@type":"ListItem","position":3,"name":"Ellora\u2122 Electric Lift"}]},{"@type":"WebSite","@id":"https:\/\/touchproeurope.eu\/#website","url":"https:\/\/touchproeurope.eu\/","name":"Tienda TouchPro Europe","description":"\u00a1Todo para su consulta con un toque PROfesional!","publisher":{"@id":"https:\/\/touchproeurope.eu\/#organization"},"alternateName":"TPE","potentialAction":[{"@type":"SearchAction","target":{"@type":"EntryPoint","urlTemplate":"https:\/\/touchproeurope.eu\/?s={search_term_string}"},"query-input":{"@type":"PropertyValueSpecification","valueRequired":true,"valueName":"search_term_string"}}],"inLanguage":"es"},{"@type":"Organization","@id":"https:\/\/touchproeurope.eu\/#organization","name":"TouchPro Europe BV","alternateName":"TPE","url":"https:\/\/touchproeurope.eu\/","logo":{"@type":"ImageObject","inLanguage":"es","@id":"https:\/\/touchproeurope.eu\/#\/schema\/logo\/image\/","url":"https:\/\/i0.wp.com\/touchproeurope.eu\/wp-content\/uploads\/2023\/10\/2b592c_b6944d80811246d987cc2c29accedf3f.png?fit=1417%2C531&ssl=1","contentUrl":"https:\/\/i0.wp.com\/touchproeurope.eu\/wp-content\/uploads\/2023\/10\/2b592c_b6944d80811246d987cc2c29accedf3f.png?fit=1417%2C531&ssl=1","width":1417,"height":531,"caption":"TouchPro Europe BV"},"image":{"@id":"https:\/\/touchproeurope.eu\/#\/schema\/logo\/image\/"},"sameAs":["https:\/\/www.facebook.com\/TouchproNederland\/?locale=nl_NL\/","https:\/\/www.instagram.com\/touchpro2016\/","https:\/\/www.linkedin.com\/company\/touchpro-europe-bv\/"],"description":"TouchPro Europe Shop es la tienda de masajes de Europa. Vendemos productos de masaje de primera calidad a masajistas, pedicuras, fisioterapeutas, manicuras, centros de bienestar, cursos de formaci\u00f3n, etc. TouchPro comenz\u00f3 como una peque\u00f1a tienda en los Pa\u00edses Bajos, pero ahora se ha convertido en una tienda con clientes de toda Europa. Ofrecemos una amplia gama de productos de masaje, incluyendo camillas de masaje, aceites, cremas y accesorios de las mejores marcas como Earthlite, Stronglite e InnerStrenght, Habys, Living Earth Crafts y Continuum y otros proveedores de accesorios de masaje. Pida aqu\u00ed los mejores art\u00edculos de masaje de Europa.","email":"info@touchpro-europe.com","telephone":"0858768829","legalName":"TouchPro Europe BV","foundingDate":"2018-01-11","vatID":"NL855430151B01","numberOfEmployees":{"@type":"QuantitativeValue","minValue":"1","maxValue":"10"},"hasMerchantReturnPolicy":{"@type":"MerchantReturnPolicy","merchantReturnLink":"https:\/\/touchproeurope.eu\/es\/retourbeleid\/"}}]},"product_brand":"Earthlite","og_availability":"instock","product_availability":"instock","product_condition":"new"},"_links":{"self":[{"href":"https:\/\/touchproeurope.eu\/es\/wp-json\/wp\/v2\/product\/12683","targetHints":{"allow":["GET"]}}],"collection":[{"href":"https:\/\/touchproeurope.eu\/es\/wp-json\/wp\/v2\/product"}],"about":[{"href":"https:\/\/touchproeurope.eu\/es\/wp-json\/wp\/v2\/types\/product"}],"replies":[{"embeddable":true,"href":"https:\/\/touchproeurope.eu\/es\/wp-json\/wp\/v2\/comments?post=12683"}],"version-history":[{"count":5,"href":"https:\/\/touchproeurope.eu\/es\/wp-json\/wp\/v2\/product\/12683\/revisions"}],"predecessor-version":[{"id":13013,"href":"https:\/\/touchproeurope.eu\/es\/wp-json\/wp\/v2\/product\/12683\/revisions\/13013"}],"wp:featuredmedia":[{"embeddable":true,"href":"https:\/\/touchproeurope.eu\/es\/wp-json\/wp\/v2\/media\/12767"}],"wp:attachment":[{"href":"https:\/\/touchproeurope.eu\/es\/wp-json\/wp\/v2\/media?parent=12683"}],"wp:term":[{"taxonomy":"product_brand","embeddable":true,"href":"https:\/\/touchproeurope.eu\/es\/wp-json\/wp\/v2\/product_brand?post=12683"},{"taxonomy":"product_cat","embeddable":true,"href":"https:\/\/touchproeurope.eu\/es\/wp-json\/wp\/v2\/product_cat?post=12683"},{"taxonomy":"product_tag","embeddable":true,"href":"https:\/\/touchproeurope.eu\/es\/wp-json\/wp\/v2\/product_tag?post=12683"}],"curies":[{"name":"wp","href":"https:\/\/api.w.org\/{rel}","templated":true}]}}