{"id":13016,"date":"2025-07-24T09:16:48","date_gmt":"2025-07-24T09:16:48","guid":{"rendered":"https:\/\/touchproeurope.eu\/?post_type=product&#038;p=13016"},"modified":"2026-04-22T14:54:52","modified_gmt":"2026-04-22T14:54:52","slug":"ellora-lx","status":"publish","type":"product","link":"https:\/\/touchproeurope.eu\/es\/product\/ellora-lx\/","title":{"rendered":"ELLORA LX\u2122"},"content":{"rendered":"<p>La camilla multifunci\u00f3n ajustable el\u00e9ctricamente ELLORA LX\u2122 de Earthlite es una camilla el\u00e9ctrica profesional dise\u00f1ada para uso comercial intensivo en spas, centros de bienestar, cl\u00ednicas y consultas de fisioterapia. Esta camilla ofrece la m\u00e1xima versatilidad, un lujoso confort y una durabilidad fiable.<\/p>\n<p>La ELLORA LX\u2122 est\u00e1 equipada con un colch\u00f3n extra\u00edble y reemplazable, acabado con la tapicer\u00eda Comfort-Flex\u2122 de alta calidad con tecnolog\u00eda TriBond\u2122 hasta 3 veces m\u00e1s duradera que los materiales est\u00e1ndar. El colch\u00f3n contiene una generosa capa de 10 cm de espuma con memoria Strata\u2122, que garantiza una experiencia excepcionalmente c\u00f3moda para cada cliente.<\/p>\n<p>Gracias a su altura regulable el\u00e9ctricamente (de 47,6 a 95,9 cm) mediante mandos de pie manos libres, esta camilla es extremadamente f\u00e1cil de usar para los terapeutas. El pesado armaz\u00f3n de acero, el potente motor con homologaci\u00f3n ETL y las ruedas de transporte integradas garantizan estabilidad, fiabilidad y movilidad.<\/p>\n<p>La ELLORA LX\u2122 cumple la normativa de accesibilidad ADA T\u00edtulo III, gracias a su baja altura de escal\u00f3n de tan solo 47,6 cm.<\/p>\n<p><strong>Caracter\u00edsticas principales:<\/strong><\/p>\n<ul>\n<li>Colch\u00f3n reemplazable de 1 pieza con espuma de memoria Strata\u2122 de 10 cm.<\/li>\n<li>Tapicer\u00eda Comfort-Flex\u2122 con duradera tecnolog\u00eda TriBond\u2122.<\/li>\n<li>Cumple con el T\u00edtulo III de la ADA: altura de escal\u00f3n baja (47,6 cm)<\/li>\n<li>Motor y controles con certificaci\u00f3n ETL<\/li>\n<li>Bastidor comercial de acero (capacidad de carga de hasta 272 kg)<\/li>\n<li>Ajuste de altura el\u00e9ctrico manos libres mediante pedal<\/li>\n<li>Ruedas incorporadas para facilitar el desplazamiento<\/li>\n<li>Posibilidad de tensi\u00f3n internacional<\/li>\n<\/ul>\n<p><strong>Opciones y ampliaciones:<\/strong><\/p>\n<ul>\n<li>Inclinaci\u00f3n plana o el\u00e9ctrica<\/li>\n<li>Pedal adicional<\/li>\n<li>Conforma Lux\u2122 Sistema de Confort Pectoral Adaptable (se necesitan dos piezas)<\/li>\n<li>Pack de accesorios para tops de sal\u00f3n: brazos flexibles, rodillo cervical y almohada de sal\u00f3n<\/li>\n<li>Opciones de tapicer\u00eda en varios colores<\/li>\n<li>Fundas de vinilo y colchones de repuesto disponibles por separado<\/li>\n<\/ul>","protected":false},"excerpt":{"rendered":"<p>ELLORA LX\u2122 es una camilla ajustable el\u00e9ctricamente de alta calidad con un colch\u00f3n de espuma viscoel\u00e1stica reemplazable de 10 cm. Dise\u00f1ada para un uso profesional intensivo con altura de acceso reducida, funcionamiento manos libres y acabado duradero.<\/p>\n<p><a href=\"https:\/\/www.earthlite.com\/media\/wysiwyg\/SalesSheets\/2025\/Ellora_LX_-_1-300-0197_-_Rev_033125.pdf\">Hoja de ventas<\/a><\/p>","protected":false},"featured_media":13205,"comment_status":"open","ping_status":"closed","template":"","meta":[],"product_brand":[343],"product_cat":[97,93],"product_tag":[338,389],"class_list":{"0":"post-13016","1":"product","2":"type-product","3":"status-publish","4":"has-post-thumbnail","6":"product_brand-earthlite","7":"product_cat-elektrische-massagetafels","8":"product_cat-massagetafels","9":"product_tag-elektrisch-verstelbaar","10":"product_tag-sterk-en-duurzaam","11":"product_shipping_class-offerte-aanvraag","12":"pa_kleur-beige","13":"pa_kleur-bordeaux","14":"pa_kleur-grijs","15":"pa_kleur-latte","16":"pa_kleur-mystic-blue","17":"pa_kleur-paars","18":"pa_kleur-teal","19":"pa_kleur-vanille-creme","20":"pa_kleur-wit","21":"pa_kleur-zwart","22":"pa_merk-earthlite","24":"first","25":"instock","26":"taxable","27":"shipping-taxable","28":"purchasable","29":"product-type-variable"},"yoast_head":"<!-- This site is optimized with the Yoast SEO Premium plugin v27.4 (Yoast SEO v27.5) - https:\/\/yoast.com\/product\/yoast-seo-premium-wordpress\/ -->\n<title>ELLORA LX\u2122 Elektrische Behandeltafel \u2013 Professioneel - TouchPro Europe Shop<\/title>\n<meta name=\"description\" content=\"De ELLORA LX\u2122 is een elektrische behandeltafel met 10 cm memory foam, vervangbaar matras, handsfree bediening. Ideaal voor wellness, zorg en fysiotherapie.\" \/>\n<meta name=\"robots\" content=\"index, follow, max-snippet:-1, max-image-preview:large, max-video-preview:-1\" \/>\n<link rel=\"canonical\" href=\"https:\/\/touchproeurope.eu\/es\/product\/ellora-lx\/\" \/>\n<meta property=\"og:locale\" content=\"es_ES\" \/>\n<meta property=\"og:type\" content=\"article\" \/>\n<meta property=\"og:title\" content=\"ELLORA LX\u2122\" \/>\n<meta property=\"og:description\" content=\"De ELLORA LX\u2122 is een elektrische behandeltafel met 10 cm memory foam, vervangbaar matras, handsfree bediening. Ideaal voor wellness, zorg en fysiotherapie.\" \/>\n<meta property=\"og:url\" content=\"https:\/\/touchproeurope.eu\/es\/product\/ellora-lx\/\" \/>\n<meta property=\"og:site_name\" content=\"TouchPro Europe Shop\" \/>\n<meta property=\"article:publisher\" content=\"https:\/\/www.facebook.com\/TouchproNederland\/?locale=nl_NL%2f\" \/>\n<meta property=\"article:modified_time\" content=\"2026-04-22T14:54:52+00:00\" \/>\n<meta property=\"og:image\" content=\"https:\/\/touchproeurope.eu\/wp-content\/uploads\/2025\/07\/Ellora_LX_-_Salon_-_Mystic_Blue.webp\" \/>\n\t<meta property=\"og:image:width\" content=\"1950\" \/>\n\t<meta property=\"og:image:height\" content=\"1950\" \/>\n\t<meta property=\"og:image:type\" content=\"image\/webp\" \/>\n<meta name=\"twitter:card\" content=\"summary_large_image\" \/>\n<meta name=\"twitter:label1\" content=\"Disponibilidad\" \/>\n\t<meta name=\"twitter:data1\" content=\"Disponible\" \/>\n<script type=\"application\/ld+json\" class=\"yoast-schema-graph\">{\"@context\":\"https:\\\/\\\/schema.org\",\"@graph\":[{\"@type\":\"WebPage\",\"@id\":\"https:\\\/\\\/touchproeurope.eu\\\/product\\\/ellora-lx\\\/\",\"url\":\"https:\\\/\\\/touchproeurope.eu\\\/product\\\/ellora-lx\\\/\",\"name\":\"ELLORA LX\u2122 Elektrische Behandeltafel \u2013 Professioneel - TouchPro Europe Shop\",\"isPartOf\":{\"@id\":\"https:\\\/\\\/touchproeurope.eu\\\/#website\"},\"primaryImageOfPage\":{\"@id\":\"https:\\\/\\\/touchproeurope.eu\\\/product\\\/ellora-lx\\\/#primaryimage\"},\"image\":{\"@id\":\"https:\\\/\\\/touchproeurope.eu\\\/product\\\/ellora-lx\\\/#primaryimage\"},\"thumbnailUrl\":\"https:\\\/\\\/i0.wp.com\\\/touchproeurope.eu\\\/wp-content\\\/uploads\\\/2025\\\/07\\\/Ellora_LX_-_Salon_-_Mystic_Blue.webp?fit=1950%2C1950&ssl=1\",\"datePublished\":\"2025-07-24T09:16:48+00:00\",\"dateModified\":\"2026-04-22T14:54:52+00:00\",\"description\":\"De ELLORA LX\u2122 is een elektrische behandeltafel met 10 cm memory foam, vervangbaar matras, handsfree bediening. Ideaal voor wellness, zorg en fysiotherapie.\",\"breadcrumb\":{\"@id\":\"https:\\\/\\\/touchproeurope.eu\\\/product\\\/ellora-lx\\\/#breadcrumb\"},\"inLanguage\":\"es\",\"potentialAction\":[{\"@type\":\"ReadAction\",\"target\":[\"https:\\\/\\\/touchproeurope.eu\\\/product\\\/ellora-lx\\\/\"]}]},{\"@type\":\"ImageObject\",\"inLanguage\":\"es\",\"@id\":\"https:\\\/\\\/touchproeurope.eu\\\/product\\\/ellora-lx\\\/#primaryimage\",\"url\":\"https:\\\/\\\/i0.wp.com\\\/touchproeurope.eu\\\/wp-content\\\/uploads\\\/2025\\\/07\\\/Ellora_LX_-_Salon_-_Mystic_Blue.webp?fit=1950%2C1950&ssl=1\",\"contentUrl\":\"https:\\\/\\\/i0.wp.com\\\/touchproeurope.eu\\\/wp-content\\\/uploads\\\/2025\\\/07\\\/Ellora_LX_-_Salon_-_Mystic_Blue.webp?fit=1950%2C1950&ssl=1\",\"width\":1950,\"height\":1950,\"caption\":\"Ellora_LX_-_Salon_-_Mystic_Blue\"},{\"@type\":\"BreadcrumbList\",\"@id\":\"https:\\\/\\\/touchproeurope.eu\\\/product\\\/ellora-lx\\\/#breadcrumb\",\"itemListElement\":[{\"@type\":\"ListItem\",\"position\":1,\"name\":\"Home\",\"item\":\"https:\\\/\\\/touchproeurope.eu\\\/\"},{\"@type\":\"ListItem\",\"position\":2,\"name\":\"Winkel\",\"item\":\"https:\\\/\\\/touchproeurope.eu\\\/winkel\\\/\"},{\"@type\":\"ListItem\",\"position\":3,\"name\":\"ELLORA LX\u2122\"}]},{\"@type\":\"WebSite\",\"@id\":\"https:\\\/\\\/touchproeurope.eu\\\/#website\",\"url\":\"https:\\\/\\\/touchproeurope.eu\\\/\",\"name\":\"TouchPro Europe Shop\",\"description\":\"Alles voor jouw praktijk met een PROfessionele Touch!\",\"publisher\":{\"@id\":\"https:\\\/\\\/touchproeurope.eu\\\/#organization\"},\"alternateName\":\"TPE\",\"potentialAction\":[{\"@type\":\"SearchAction\",\"target\":{\"@type\":\"EntryPoint\",\"urlTemplate\":\"https:\\\/\\\/touchproeurope.eu\\\/?s={search_term_string}\"},\"query-input\":{\"@type\":\"PropertyValueSpecification\",\"valueRequired\":true,\"valueName\":\"search_term_string\"}}],\"inLanguage\":\"es\"},{\"@type\":\"Organization\",\"@id\":\"https:\\\/\\\/touchproeurope.eu\\\/#organization\",\"name\":\"TouchPro Europe BV\",\"alternateName\":\"TPE\",\"url\":\"https:\\\/\\\/touchproeurope.eu\\\/\",\"logo\":{\"@type\":\"ImageObject\",\"inLanguage\":\"es\",\"@id\":\"https:\\\/\\\/touchproeurope.eu\\\/#\\\/schema\\\/logo\\\/image\\\/\",\"url\":\"https:\\\/\\\/i0.wp.com\\\/touchproeurope.eu\\\/wp-content\\\/uploads\\\/2023\\\/10\\\/2b592c_b6944d80811246d987cc2c29accedf3f.png?fit=1417%2C531&ssl=1\",\"contentUrl\":\"https:\\\/\\\/i0.wp.com\\\/touchproeurope.eu\\\/wp-content\\\/uploads\\\/2023\\\/10\\\/2b592c_b6944d80811246d987cc2c29accedf3f.png?fit=1417%2C531&ssl=1\",\"width\":1417,\"height\":531,\"caption\":\"TouchPro Europe BV\"},\"image\":{\"@id\":\"https:\\\/\\\/touchproeurope.eu\\\/#\\\/schema\\\/logo\\\/image\\\/\"},\"sameAs\":[\"https:\\\/\\\/www.facebook.com\\\/TouchproNederland\\\/?locale=nl_NL\\\/\",\"https:\\\/\\\/www.instagram.com\\\/touchpro2016\\\/\",\"https:\\\/\\\/www.linkedin.com\\\/company\\\/touchpro-europe-bv\\\/\"],\"description\":\"TouchPro Europe Shop is de massage winkel van Europa. Wij verkopen topkwaliteit massageproducten aan masseurs, pedicures, fysiotherapeuten, manicuren, Wellness centra, opleidingen, etc. TouchPro begon als een kleine webshop in Nederland, maar is nu uitgegroeid tot een webshop met klanten uit heel Europa. Wij bieden een breed assortiment aan massageproducten, waaronder massagetafels, oli\u00ebn, cr\u00e8mes, en accessoires van topmerken, zoals Earthlite, Stronglite en InnerStrenght, Habys, Living Earth Crafts en Continuum en andere leveranciers van massage accessoires. Bestel hier de beste massagematerialen van Europa!\",\"email\":\"info@touchpro-europe.com\",\"telephone\":\"0858768829\",\"legalName\":\"TouchPro Europe BV\",\"foundingDate\":\"2018-01-11\",\"vatID\":\"NL855430151B01\",\"numberOfEmployees\":{\"@type\":\"QuantitativeValue\",\"minValue\":\"1\",\"maxValue\":\"10\"},\"hasMerchantReturnPolicy\":{\"@type\":\"MerchantReturnPolicy\",\"merchantReturnLink\":\"https:\\\/\\\/touchproeurope.eu\\\/es\\\/retourbeleid\\\/\"}}]}<\/script>\n<meta property=\"product:brand\" content=\"Earthlite\" \/>\n<meta property=\"og:availability\" content=\"instock\" \/>\n<meta property=\"product:availability\" content=\"instock\" \/>\n<meta property=\"product:retailer_item_id\" content=\"ELLORA LX\u2122\" \/>\n<meta property=\"product:condition\" content=\"new\" \/>\n<!-- \/ Yoast SEO Premium plugin. -->","yoast_head_json":{"title":"ELLORA LX\u2122 Camilla el\u00e9ctrica - Profesional - Tienda TouchPro Europe","description":"La ELLORA LX\u2122 es una camilla el\u00e9ctrica con 10 cm de espuma con memoria, colch\u00f3n reemplazable, funcionamiento manos libres. Ideal para bienestar, cuidados y fisioterapia.","robots":{"index":"index","follow":"follow","max-snippet":"max-snippet:-1","max-image-preview":"max-image-preview:large","max-video-preview":"max-video-preview:-1"},"canonical":"https:\/\/touchproeurope.eu\/es\/product\/ellora-lx\/","og_locale":"es_ES","og_type":"article","og_title":"ELLORA LX\u2122","og_description":"De ELLORA LX\u2122 is een elektrische behandeltafel met 10 cm memory foam, vervangbaar matras, handsfree bediening. Ideaal voor wellness, zorg en fysiotherapie.","og_url":"https:\/\/touchproeurope.eu\/es\/product\/ellora-lx\/","og_site_name":"TouchPro Europe Shop","article_publisher":"https:\/\/www.facebook.com\/TouchproNederland\/?locale=nl_NL%2f","article_modified_time":"2026-04-22T14:54:52+00:00","og_image":[{"width":1950,"height":1950,"url":"https:\/\/touchproeurope.eu\/wp-content\/uploads\/2025\/07\/Ellora_LX_-_Salon_-_Mystic_Blue.webp","type":"image\/webp"}],"twitter_card":"summary_large_image","twitter_misc":{"Disponibilidad":"Disponible"},"schema":{"@context":"https:\/\/schema.org","@graph":[{"@type":"WebPage","@id":"https:\/\/touchproeurope.eu\/product\/ellora-lx\/","url":"https:\/\/touchproeurope.eu\/product\/ellora-lx\/","name":"ELLORA LX\u2122 Camilla el\u00e9ctrica - Profesional - Tienda TouchPro Europe","isPartOf":{"@id":"https:\/\/touchproeurope.eu\/#website"},"primaryImageOfPage":{"@id":"https:\/\/touchproeurope.eu\/product\/ellora-lx\/#primaryimage"},"image":{"@id":"https:\/\/touchproeurope.eu\/product\/ellora-lx\/#primaryimage"},"thumbnailUrl":"https:\/\/i0.wp.com\/touchproeurope.eu\/wp-content\/uploads\/2025\/07\/Ellora_LX_-_Salon_-_Mystic_Blue.webp?fit=1950%2C1950&ssl=1","datePublished":"2025-07-24T09:16:48+00:00","dateModified":"2026-04-22T14:54:52+00:00","description":"La ELLORA LX\u2122 es una camilla el\u00e9ctrica con 10 cm de espuma con memoria, colch\u00f3n reemplazable, funcionamiento manos libres. Ideal para bienestar, cuidados y fisioterapia.","breadcrumb":{"@id":"https:\/\/touchproeurope.eu\/product\/ellora-lx\/#breadcrumb"},"inLanguage":"es","potentialAction":[{"@type":"ReadAction","target":["https:\/\/touchproeurope.eu\/product\/ellora-lx\/"]}]},{"@type":"ImageObject","inLanguage":"es","@id":"https:\/\/touchproeurope.eu\/product\/ellora-lx\/#primaryimage","url":"https:\/\/i0.wp.com\/touchproeurope.eu\/wp-content\/uploads\/2025\/07\/Ellora_LX_-_Salon_-_Mystic_Blue.webp?fit=1950%2C1950&ssl=1","contentUrl":"https:\/\/i0.wp.com\/touchproeurope.eu\/wp-content\/uploads\/2025\/07\/Ellora_LX_-_Salon_-_Mystic_Blue.webp?fit=1950%2C1950&ssl=1","width":1950,"height":1950,"caption":"Ellora_LX_-_Salon_-_Mystic_Blue"},{"@type":"BreadcrumbList","@id":"https:\/\/touchproeurope.eu\/product\/ellora-lx\/#breadcrumb","itemListElement":[{"@type":"ListItem","position":1,"name":"Home","item":"https:\/\/touchproeurope.eu\/"},{"@type":"ListItem","position":2,"name":"Winkel","item":"https:\/\/touchproeurope.eu\/winkel\/"},{"@type":"ListItem","position":3,"name":"ELLORA LX\u2122"}]},{"@type":"WebSite","@id":"https:\/\/touchproeurope.eu\/#website","url":"https:\/\/touchproeurope.eu\/","name":"Tienda TouchPro Europe","description":"\u00a1Todo para su consulta con un toque PROfesional!","publisher":{"@id":"https:\/\/touchproeurope.eu\/#organization"},"alternateName":"TPE","potentialAction":[{"@type":"SearchAction","target":{"@type":"EntryPoint","urlTemplate":"https:\/\/touchproeurope.eu\/?s={search_term_string}"},"query-input":{"@type":"PropertyValueSpecification","valueRequired":true,"valueName":"search_term_string"}}],"inLanguage":"es"},{"@type":"Organization","@id":"https:\/\/touchproeurope.eu\/#organization","name":"TouchPro Europe BV","alternateName":"TPE","url":"https:\/\/touchproeurope.eu\/","logo":{"@type":"ImageObject","inLanguage":"es","@id":"https:\/\/touchproeurope.eu\/#\/schema\/logo\/image\/","url":"https:\/\/i0.wp.com\/touchproeurope.eu\/wp-content\/uploads\/2023\/10\/2b592c_b6944d80811246d987cc2c29accedf3f.png?fit=1417%2C531&ssl=1","contentUrl":"https:\/\/i0.wp.com\/touchproeurope.eu\/wp-content\/uploads\/2023\/10\/2b592c_b6944d80811246d987cc2c29accedf3f.png?fit=1417%2C531&ssl=1","width":1417,"height":531,"caption":"TouchPro Europe BV"},"image":{"@id":"https:\/\/touchproeurope.eu\/#\/schema\/logo\/image\/"},"sameAs":["https:\/\/www.facebook.com\/TouchproNederland\/?locale=nl_NL\/","https:\/\/www.instagram.com\/touchpro2016\/","https:\/\/www.linkedin.com\/company\/touchpro-europe-bv\/"],"description":"TouchPro Europe Shop es la tienda de masajes de Europa. Vendemos productos de masaje de primera calidad a masajistas, pedicuras, fisioterapeutas, manicuras, centros de bienestar, cursos de formaci\u00f3n, etc. TouchPro comenz\u00f3 como una peque\u00f1a tienda en los Pa\u00edses Bajos, pero ahora se ha convertido en una tienda con clientes de toda Europa. Ofrecemos una amplia gama de productos de masaje, incluyendo camillas de masaje, aceites, cremas y accesorios de las mejores marcas como Earthlite, Stronglite e InnerStrenght, Habys, Living Earth Crafts y Continuum y otros proveedores de accesorios de masaje. Pida aqu\u00ed los mejores art\u00edculos de masaje de Europa.","email":"info@touchpro-europe.com","telephone":"0858768829","legalName":"TouchPro Europe BV","foundingDate":"2018-01-11","vatID":"NL855430151B01","numberOfEmployees":{"@type":"QuantitativeValue","minValue":"1","maxValue":"10"},"hasMerchantReturnPolicy":{"@type":"MerchantReturnPolicy","merchantReturnLink":"https:\/\/touchproeurope.eu\/es\/retourbeleid\/"}}]},"product_brand":"Earthlite","og_availability":"instock","product_availability":"instock","product_retailer_item_id":"ELLORA LX\u2122","product_condition":"new"},"_links":{"self":[{"href":"https:\/\/touchproeurope.eu\/es\/wp-json\/wp\/v2\/product\/13016","targetHints":{"allow":["GET"]}}],"collection":[{"href":"https:\/\/touchproeurope.eu\/es\/wp-json\/wp\/v2\/product"}],"about":[{"href":"https:\/\/touchproeurope.eu\/es\/wp-json\/wp\/v2\/types\/product"}],"replies":[{"embeddable":true,"href":"https:\/\/touchproeurope.eu\/es\/wp-json\/wp\/v2\/comments?post=13016"}],"version-history":[{"count":3,"href":"https:\/\/touchproeurope.eu\/es\/wp-json\/wp\/v2\/product\/13016\/revisions"}],"predecessor-version":[{"id":16090,"href":"https:\/\/touchproeurope.eu\/es\/wp-json\/wp\/v2\/product\/13016\/revisions\/16090"}],"wp:featuredmedia":[{"embeddable":true,"href":"https:\/\/touchproeurope.eu\/es\/wp-json\/wp\/v2\/media\/13205"}],"wp:attachment":[{"href":"https:\/\/touchproeurope.eu\/es\/wp-json\/wp\/v2\/media?parent=13016"}],"wp:term":[{"taxonomy":"product_brand","embeddable":true,"href":"https:\/\/touchproeurope.eu\/es\/wp-json\/wp\/v2\/product_brand?post=13016"},{"taxonomy":"product_cat","embeddable":true,"href":"https:\/\/touchproeurope.eu\/es\/wp-json\/wp\/v2\/product_cat?post=13016"},{"taxonomy":"product_tag","embeddable":true,"href":"https:\/\/touchproeurope.eu\/es\/wp-json\/wp\/v2\/product_tag?post=13016"}],"curies":[{"name":"wp","href":"https:\/\/api.w.org\/{rel}","templated":true}]}}