{"id":13737,"date":"2025-09-17T12:09:39","date_gmt":"2025-09-17T12:09:39","guid":{"rendered":"https:\/\/touchproeurope.eu\/?post_type=product&#038;p=13737"},"modified":"2026-05-12T09:29:18","modified_gmt":"2026-05-12T09:29:18","slug":"funda-de-reposacabezas-de-franela-100-algodon","status":"publish","type":"product","link":"https:\/\/touchproeurope.eu\/es\/product\/flannel-hoofdsteuncover-100-katoen\/","title":{"rendered":"Fundas para reposacabezas de franela est\u00e1ndar (paquete de 3) \u2013 100% algod\u00f3n"},"content":{"rendered":"<p data-start=\"248\" data-end=\"509\">Facilita a\u00fan m\u00e1s tus masajes con las c\u00f3modas fundas de franela para reposacabezas de 100% algod\u00f3n. Estas suaves fundas est\u00e1n especialmente dise\u00f1adas para el reposacabezas de tu camilla o sill\u00f3n de masaje y ofrecen a tus clientes mayor comodidad e higiene durante cada tratamiento.<\/p>\n<p data-start=\"511\" data-end=\"873\">Las fundas de franela para reposacabezas son agradables al tacto y transpirables, lo que las hace ideales para sesiones de masaje prolongadas. Al estar fabricadas con algod\u00f3n 100%, son duraderas, respetuosas con la piel y f\u00e1ciles de lavar. Esto las convierte en una opci\u00f3n pr\u00e1ctica e higi\u00e9nica para salones de masaje, fisioterapeutas, salones de belleza y centros de bienestar.<\/p>\n<p data-start=\"875\" data-end=\"1105\">Tanto si opta por una configuraci\u00f3n profesional en su consulta como por un masaje relajante en casa, con estas fundas de franela para reposacabezas garantizar\u00e1 una experiencia a\u00fan m\u00e1s c\u00f3moda y prolongar\u00e1 la vida \u00fatil del revestimiento de su reposacabezas.<\/p>","protected":false},"excerpt":{"rendered":"<p>Suave y transpirable <strong data-start=\"1184\" data-end=\"1211\">Funda de franela para reposacabezas<\/strong> 100% algod\u00f3n para un confort y una higiene \u00f3ptimos durante los masajes.<\/p>","protected":false},"featured_media":13746,"comment_status":"open","ping_status":"closed","template":"","meta":[],"product_brand":[],"product_cat":[109,480],"product_tag":[],"class_list":{"0":"post-13737","1":"product","2":"type-product","3":"status-publish","4":"has-post-thumbnail","6":"product_cat-katoenen-covers-tafellinnen","7":"product_cat-tafellinnen-covers","8":"product_shipping_class-normaal-pakket","9":"pa_kleur-blauw","10":"pa_kleur-natural","11":"pa_kleur-wit","12":"pa_kleur-zwart","13":"pa_merk-touchpro","15":"first","16":"instock","17":"taxable","18":"shipping-taxable","19":"purchasable","20":"product-type-variable"},"yoast_head":"<!-- This site is optimized with the Yoast SEO Premium plugin v27.6 (Yoast SEO v27.6) - https:\/\/yoast.com\/product\/yoast-seo-premium-wordpress\/ -->\n<title>Standaard Flannel hoofdsteuncovers (3-pack) - 100% katoen - TouchPro Europe Shop<\/title>\n<meta name=\"description\" content=\"Geef je client de ultieme ervaring met onze zachte flannel hoofdsteuncover van 100% katoen. Bestel ze vandaag bij TouchPro Europe!\" \/>\n<meta name=\"robots\" content=\"index, follow, max-snippet:-1, max-image-preview:large, max-video-preview:-1\" \/>\n<link rel=\"canonical\" href=\"https:\/\/touchproeurope.eu\/es\/product\/funda-de-reposacabezas-de-franela-100-algodon\/\" \/>\n<meta property=\"og:locale\" content=\"es_ES\" \/>\n<meta property=\"og:type\" content=\"article\" \/>\n<meta property=\"og:title\" content=\"Standaard Flannel hoofdsteuncovers (3-pack) - 100% katoen\" \/>\n<meta property=\"og:description\" content=\"Geef je client de ultieme ervaring met onze zachte flannel hoofdsteuncover van 100% katoen. Bestel ze vandaag bij TouchPro Europe!\" \/>\n<meta property=\"og:url\" content=\"https:\/\/touchproeurope.eu\/es\/product\/funda-de-reposacabezas-de-franela-100-algodon\/\" \/>\n<meta property=\"og:site_name\" content=\"TouchPro Europe Shop\" \/>\n<meta property=\"article:publisher\" content=\"https:\/\/www.facebook.com\/TouchproNederland\/?locale=nl_NL%2f\" \/>\n<meta property=\"article:modified_time\" content=\"2026-05-12T09:29:18+00:00\" \/>\n<meta property=\"og:image\" content=\"https:\/\/touchproeurope.eu\/wp-content\/uploads\/2025\/09\/Flannel-Natural-Head-Rest-scaled-e1756822162605.jpg\" \/>\n\t<meta property=\"og:image:width\" content=\"800\" \/>\n\t<meta property=\"og:image:height\" content=\"773\" \/>\n\t<meta property=\"og:image:type\" content=\"image\/jpeg\" \/>\n<meta name=\"twitter:card\" content=\"summary_large_image\" \/>\n<meta name=\"twitter:label1\" content=\"Disponibilidad\" \/>\n\t<meta name=\"twitter:data1\" content=\"Disponible\" \/>\n<script type=\"application\/ld+json\" class=\"yoast-schema-graph\">{\"@context\":\"https:\\\/\\\/schema.org\",\"@graph\":[{\"@type\":\"WebPage\",\"@id\":\"https:\\\/\\\/touchproeurope.eu\\\/product\\\/flannel-hoofdsteuncover-100-katoen\\\/\",\"url\":\"https:\\\/\\\/touchproeurope.eu\\\/product\\\/flannel-hoofdsteuncover-100-katoen\\\/\",\"name\":\"Standaard Flannel hoofdsteuncovers (3-pack) - 100% katoen - TouchPro Europe Shop\",\"isPartOf\":{\"@id\":\"https:\\\/\\\/touchproeurope.eu\\\/#website\"},\"primaryImageOfPage\":{\"@id\":\"https:\\\/\\\/touchproeurope.eu\\\/product\\\/flannel-hoofdsteuncover-100-katoen\\\/#primaryimage\"},\"image\":{\"@id\":\"https:\\\/\\\/touchproeurope.eu\\\/product\\\/flannel-hoofdsteuncover-100-katoen\\\/#primaryimage\"},\"thumbnailUrl\":\"https:\\\/\\\/i0.wp.com\\\/touchproeurope.eu\\\/wp-content\\\/uploads\\\/2025\\\/09\\\/Flannel-Natural-Head-Rest-scaled-e1756822162605.jpg?fit=800%2C773&ssl=1\",\"datePublished\":\"2025-09-17T12:09:39+00:00\",\"dateModified\":\"2026-05-12T09:29:18+00:00\",\"description\":\"Geef je client de ultieme ervaring met onze zachte flannel hoofdsteuncover van 100% katoen. Bestel ze vandaag bij TouchPro Europe!\",\"breadcrumb\":{\"@id\":\"https:\\\/\\\/touchproeurope.eu\\\/product\\\/flannel-hoofdsteuncover-100-katoen\\\/#breadcrumb\"},\"inLanguage\":\"es\",\"potentialAction\":[{\"@type\":\"ReadAction\",\"target\":[\"https:\\\/\\\/touchproeurope.eu\\\/product\\\/flannel-hoofdsteuncover-100-katoen\\\/\"]}]},{\"@type\":\"ImageObject\",\"inLanguage\":\"es\",\"@id\":\"https:\\\/\\\/touchproeurope.eu\\\/product\\\/flannel-hoofdsteuncover-100-katoen\\\/#primaryimage\",\"url\":\"https:\\\/\\\/i0.wp.com\\\/touchproeurope.eu\\\/wp-content\\\/uploads\\\/2025\\\/09\\\/Flannel-Natural-Head-Rest-scaled-e1756822162605.jpg?fit=800%2C773&ssl=1\",\"contentUrl\":\"https:\\\/\\\/i0.wp.com\\\/touchproeurope.eu\\\/wp-content\\\/uploads\\\/2025\\\/09\\\/Flannel-Natural-Head-Rest-scaled-e1756822162605.jpg?fit=800%2C773&ssl=1\",\"width\":800,\"height\":773,\"caption\":\"Flannel hoofdsteuncover 100% katoen\"},{\"@type\":\"BreadcrumbList\",\"@id\":\"https:\\\/\\\/touchproeurope.eu\\\/product\\\/flannel-hoofdsteuncover-100-katoen\\\/#breadcrumb\",\"itemListElement\":[{\"@type\":\"ListItem\",\"position\":1,\"name\":\"Home\",\"item\":\"https:\\\/\\\/touchproeurope.eu\\\/\"},{\"@type\":\"ListItem\",\"position\":2,\"name\":\"Winkel\",\"item\":\"https:\\\/\\\/touchproeurope.eu\\\/winkel\\\/\"},{\"@type\":\"ListItem\",\"position\":3,\"name\":\"Standaard Flannel hoofdsteuncovers (3-pack) &#8211; 100% katoen\"}]},{\"@type\":\"WebSite\",\"@id\":\"https:\\\/\\\/touchproeurope.eu\\\/#website\",\"url\":\"https:\\\/\\\/touchproeurope.eu\\\/\",\"name\":\"TouchPro Europe Shop\",\"description\":\"Alles voor jouw praktijk met een PROfessionele Touch!\",\"publisher\":{\"@id\":\"https:\\\/\\\/touchproeurope.eu\\\/#organization\"},\"alternateName\":\"TPE\",\"potentialAction\":[{\"@type\":\"SearchAction\",\"target\":{\"@type\":\"EntryPoint\",\"urlTemplate\":\"https:\\\/\\\/touchproeurope.eu\\\/?s={search_term_string}\"},\"query-input\":{\"@type\":\"PropertyValueSpecification\",\"valueRequired\":true,\"valueName\":\"search_term_string\"}}],\"inLanguage\":\"es\"},{\"@type\":\"Organization\",\"@id\":\"https:\\\/\\\/touchproeurope.eu\\\/#organization\",\"name\":\"TouchPro Europe BV\",\"alternateName\":\"TPE\",\"url\":\"https:\\\/\\\/touchproeurope.eu\\\/\",\"logo\":{\"@type\":\"ImageObject\",\"inLanguage\":\"es\",\"@id\":\"https:\\\/\\\/touchproeurope.eu\\\/#\\\/schema\\\/logo\\\/image\\\/\",\"url\":\"https:\\\/\\\/i0.wp.com\\\/touchproeurope.eu\\\/wp-content\\\/uploads\\\/2023\\\/10\\\/2b592c_b6944d80811246d987cc2c29accedf3f.png?fit=1417%2C531&ssl=1\",\"contentUrl\":\"https:\\\/\\\/i0.wp.com\\\/touchproeurope.eu\\\/wp-content\\\/uploads\\\/2023\\\/10\\\/2b592c_b6944d80811246d987cc2c29accedf3f.png?fit=1417%2C531&ssl=1\",\"width\":1417,\"height\":531,\"caption\":\"TouchPro Europe BV\"},\"image\":{\"@id\":\"https:\\\/\\\/touchproeurope.eu\\\/#\\\/schema\\\/logo\\\/image\\\/\"},\"sameAs\":[\"https:\\\/\\\/www.facebook.com\\\/TouchproNederland\\\/?locale=nl_NL\\\/\",\"https:\\\/\\\/www.instagram.com\\\/touchpro2016\\\/\",\"https:\\\/\\\/www.linkedin.com\\\/company\\\/touchpro-europe-bv\\\/\"],\"description\":\"TouchPro Europe Shop is de massage winkel van Europa. Wij verkopen topkwaliteit massageproducten aan masseurs, pedicures, fysiotherapeuten, manicuren, Wellness centra, opleidingen, etc. TouchPro begon als een kleine webshop in Nederland, maar is nu uitgegroeid tot een webshop met klanten uit heel Europa. Wij bieden een breed assortiment aan massageproducten, waaronder massagetafels, oli\u00ebn, cr\u00e8mes, en accessoires van topmerken, zoals Earthlite, Stronglite en InnerStrenght, Habys, Living Earth Crafts en Continuum en andere leveranciers van massage accessoires. Bestel hier de beste massagematerialen van Europa!\",\"email\":\"info@touchpro-europe.com\",\"telephone\":\"0858768829\",\"legalName\":\"TouchPro Europe BV\",\"foundingDate\":\"2018-01-11\",\"vatID\":\"NL855430151B01\",\"numberOfEmployees\":{\"@type\":\"QuantitativeValue\",\"minValue\":\"1\",\"maxValue\":\"10\"},\"hasMerchantReturnPolicy\":{\"@type\":\"MerchantReturnPolicy\",\"merchantReturnLink\":\"https:\\\/\\\/touchproeurope.eu\\\/es\\\/retourbeleid\\\/\"}}]}<\/script>\n<meta property=\"product:brand\" content=\"TouchPro\" \/>\n<meta property=\"og:availability\" content=\"instock\" \/>\n<meta property=\"product:availability\" content=\"instock\" \/>\n<meta property=\"product:retailer_item_id\" content=\"3530x\" \/>\n<meta property=\"product:condition\" content=\"new\" \/>\n<!-- \/ Yoast SEO Premium plugin. -->","yoast_head_json":{"title":"Fundas est\u00e1ndar para reposacabezas de franela (paquete de 3) - 100% algod\u00f3n - TouchPro Europe Shop","description":"Ofrece a tus clientes la mejor experiencia con nuestras suaves fundas de almohadilla para reposacabezas de franela 100% de algod\u00f3n. \u00a1P\u00eddelas hoy mismo en TouchPro Europe!","robots":{"index":"index","follow":"follow","max-snippet":"max-snippet:-1","max-image-preview":"max-image-preview:large","max-video-preview":"max-video-preview:-1"},"canonical":"https:\/\/touchproeurope.eu\/es\/product\/funda-de-reposacabezas-de-franela-100-algodon\/","og_locale":"es_ES","og_type":"article","og_title":"Standaard Flannel hoofdsteuncovers (3-pack) - 100% katoen","og_description":"Geef je client de ultieme ervaring met onze zachte flannel hoofdsteuncover van 100% katoen. Bestel ze vandaag bij TouchPro Europe!","og_url":"https:\/\/touchproeurope.eu\/es\/product\/funda-de-reposacabezas-de-franela-100-algodon\/","og_site_name":"TouchPro Europe Shop","article_publisher":"https:\/\/www.facebook.com\/TouchproNederland\/?locale=nl_NL%2f","article_modified_time":"2026-05-12T09:29:18+00:00","og_image":[{"width":800,"height":773,"url":"https:\/\/touchproeurope.eu\/wp-content\/uploads\/2025\/09\/Flannel-Natural-Head-Rest-scaled-e1756822162605.jpg","type":"image\/jpeg"}],"twitter_card":"summary_large_image","twitter_misc":{"Disponibilidad":"Disponible"},"schema":{"@context":"https:\/\/schema.org","@graph":[{"@type":"WebPage","@id":"https:\/\/touchproeurope.eu\/product\/flannel-hoofdsteuncover-100-katoen\/","url":"https:\/\/touchproeurope.eu\/product\/flannel-hoofdsteuncover-100-katoen\/","name":"Fundas est\u00e1ndar para reposacabezas de franela (paquete de 3) - 100% algod\u00f3n - TouchPro Europe Shop","isPartOf":{"@id":"https:\/\/touchproeurope.eu\/#website"},"primaryImageOfPage":{"@id":"https:\/\/touchproeurope.eu\/product\/flannel-hoofdsteuncover-100-katoen\/#primaryimage"},"image":{"@id":"https:\/\/touchproeurope.eu\/product\/flannel-hoofdsteuncover-100-katoen\/#primaryimage"},"thumbnailUrl":"https:\/\/i0.wp.com\/touchproeurope.eu\/wp-content\/uploads\/2025\/09\/Flannel-Natural-Head-Rest-scaled-e1756822162605.jpg?fit=800%2C773&ssl=1","datePublished":"2025-09-17T12:09:39+00:00","dateModified":"2026-05-12T09:29:18+00:00","description":"Ofrece a tus clientes la mejor experiencia con nuestras suaves fundas de almohadilla para reposacabezas de franela 100% de algod\u00f3n. \u00a1P\u00eddelas hoy mismo en TouchPro Europe!","breadcrumb":{"@id":"https:\/\/touchproeurope.eu\/product\/flannel-hoofdsteuncover-100-katoen\/#breadcrumb"},"inLanguage":"es","potentialAction":[{"@type":"ReadAction","target":["https:\/\/touchproeurope.eu\/product\/flannel-hoofdsteuncover-100-katoen\/"]}]},{"@type":"ImageObject","inLanguage":"es","@id":"https:\/\/touchproeurope.eu\/product\/flannel-hoofdsteuncover-100-katoen\/#primaryimage","url":"https:\/\/i0.wp.com\/touchproeurope.eu\/wp-content\/uploads\/2025\/09\/Flannel-Natural-Head-Rest-scaled-e1756822162605.jpg?fit=800%2C773&ssl=1","contentUrl":"https:\/\/i0.wp.com\/touchproeurope.eu\/wp-content\/uploads\/2025\/09\/Flannel-Natural-Head-Rest-scaled-e1756822162605.jpg?fit=800%2C773&ssl=1","width":800,"height":773,"caption":"Flannel hoofdsteuncover 100% katoen"},{"@type":"BreadcrumbList","@id":"https:\/\/touchproeurope.eu\/product\/flannel-hoofdsteuncover-100-katoen\/#breadcrumb","itemListElement":[{"@type":"ListItem","position":1,"name":"Home","item":"https:\/\/touchproeurope.eu\/"},{"@type":"ListItem","position":2,"name":"Winkel","item":"https:\/\/touchproeurope.eu\/winkel\/"},{"@type":"ListItem","position":3,"name":"Standaard Flannel hoofdsteuncovers (3-pack) &#8211; 100% katoen"}]},{"@type":"WebSite","@id":"https:\/\/touchproeurope.eu\/#website","url":"https:\/\/touchproeurope.eu\/","name":"Tienda TouchPro Europe","description":"\u00a1Todo para su consulta con un toque PROfesional!","publisher":{"@id":"https:\/\/touchproeurope.eu\/#organization"},"alternateName":"TPE","potentialAction":[{"@type":"SearchAction","target":{"@type":"EntryPoint","urlTemplate":"https:\/\/touchproeurope.eu\/?s={search_term_string}"},"query-input":{"@type":"PropertyValueSpecification","valueRequired":true,"valueName":"search_term_string"}}],"inLanguage":"es"},{"@type":"Organization","@id":"https:\/\/touchproeurope.eu\/#organization","name":"TouchPro Europe BV","alternateName":"TPE","url":"https:\/\/touchproeurope.eu\/","logo":{"@type":"ImageObject","inLanguage":"es","@id":"https:\/\/touchproeurope.eu\/#\/schema\/logo\/image\/","url":"https:\/\/i0.wp.com\/touchproeurope.eu\/wp-content\/uploads\/2023\/10\/2b592c_b6944d80811246d987cc2c29accedf3f.png?fit=1417%2C531&ssl=1","contentUrl":"https:\/\/i0.wp.com\/touchproeurope.eu\/wp-content\/uploads\/2023\/10\/2b592c_b6944d80811246d987cc2c29accedf3f.png?fit=1417%2C531&ssl=1","width":1417,"height":531,"caption":"TouchPro Europe BV"},"image":{"@id":"https:\/\/touchproeurope.eu\/#\/schema\/logo\/image\/"},"sameAs":["https:\/\/www.facebook.com\/TouchproNederland\/?locale=nl_NL\/","https:\/\/www.instagram.com\/touchpro2016\/","https:\/\/www.linkedin.com\/company\/touchpro-europe-bv\/"],"description":"TouchPro Europe Shop es la tienda de masajes de Europa. Vendemos productos de masaje de primera calidad a masajistas, pedicuras, fisioterapeutas, manicuras, centros de bienestar, cursos de formaci\u00f3n, etc. TouchPro comenz\u00f3 como una peque\u00f1a tienda en los Pa\u00edses Bajos, pero ahora se ha convertido en una tienda con clientes de toda Europa. Ofrecemos una amplia gama de productos de masaje, incluyendo camillas de masaje, aceites, cremas y accesorios de las mejores marcas como Earthlite, Stronglite e InnerStrenght, Habys, Living Earth Crafts y Continuum y otros proveedores de accesorios de masaje. Pida aqu\u00ed los mejores art\u00edculos de masaje de Europa.","email":"info@touchpro-europe.com","telephone":"0858768829","legalName":"TouchPro Europe BV","foundingDate":"2018-01-11","vatID":"NL855430151B01","numberOfEmployees":{"@type":"QuantitativeValue","minValue":"1","maxValue":"10"},"hasMerchantReturnPolicy":{"@type":"MerchantReturnPolicy","merchantReturnLink":"https:\/\/touchproeurope.eu\/es\/retourbeleid\/"}}]},"product_brand":"TouchPro","og_availability":"instock","product_availability":"instock","product_retailer_item_id":"3530x","product_condition":"new"},"_links":{"self":[{"href":"https:\/\/touchproeurope.eu\/es\/wp-json\/wp\/v2\/product\/13737","targetHints":{"allow":["GET"]}}],"collection":[{"href":"https:\/\/touchproeurope.eu\/es\/wp-json\/wp\/v2\/product"}],"about":[{"href":"https:\/\/touchproeurope.eu\/es\/wp-json\/wp\/v2\/types\/product"}],"replies":[{"embeddable":true,"href":"https:\/\/touchproeurope.eu\/es\/wp-json\/wp\/v2\/comments?post=13737"}],"version-history":[{"count":6,"href":"https:\/\/touchproeurope.eu\/es\/wp-json\/wp\/v2\/product\/13737\/revisions"}],"predecessor-version":[{"id":15157,"href":"https:\/\/touchproeurope.eu\/es\/wp-json\/wp\/v2\/product\/13737\/revisions\/15157"}],"wp:featuredmedia":[{"embeddable":true,"href":"https:\/\/touchproeurope.eu\/es\/wp-json\/wp\/v2\/media\/13746"}],"wp:attachment":[{"href":"https:\/\/touchproeurope.eu\/es\/wp-json\/wp\/v2\/media?parent=13737"}],"wp:term":[{"taxonomy":"product_brand","embeddable":true,"href":"https:\/\/touchproeurope.eu\/es\/wp-json\/wp\/v2\/product_brand?post=13737"},{"taxonomy":"product_cat","embeddable":true,"href":"https:\/\/touchproeurope.eu\/es\/wp-json\/wp\/v2\/product_cat?post=13737"},{"taxonomy":"product_tag","embeddable":true,"href":"https:\/\/touchproeurope.eu\/es\/wp-json\/wp\/v2\/product_tag?post=13737"}],"curies":[{"name":"wp","href":"https:\/\/api.w.org\/{rel}","templated":true}]}}