{"id":14823,"date":"2025-10-22T07:58:40","date_gmt":"2025-10-22T07:58:40","guid":{"rendered":"https:\/\/touchproeurope.eu\/?post_type=product&#038;p=14823"},"modified":"2026-04-22T14:55:43","modified_gmt":"2026-04-22T14:55:43","slug":"everest","status":"publish","type":"product","link":"https:\/\/touchproeurope.eu\/es\/product\/everest\/","title":{"rendered":"Elevador el\u00e9ctrico Everest"},"content":{"rendered":"<p data-start=\"378\" data-end=\"815\">La camilla el\u00e9ctrica Everest\u2122 de Earthlite combina un dise\u00f1o elegante y moderno con una estabilidad excepcional y un rendimiento profesional. Esta camilla est\u00e1 dise\u00f1ada para terapeutas y profesionales del bienestar. Ellos conf\u00edan a diario en la eficiencia, la comodidad y la fiabilidad. Con su robusto marco de acero, su silencioso elevador el\u00e9ctrico y sus lujosos acabados, la Everest\u2122 ofrece un equilibrio entre elegancia, potencia y facilidad de uso.<\/p>\n<p data-start=\"817\" data-end=\"1259\">La mesa est\u00e1 equipada con un potente actuador el\u00e9ctrico. Este permite un ajuste suave de la altura mediante un pedal manos libres. Gracias a la estructura de columna \u00fanica, se crea un espacio adicional para las piernas y las rodillas del terapeuta. Esto favorece una postura de trabajo ergon\u00f3mica y optimiza la comodidad tanto para el terapeuta como para el cliente. La mesa cuenta con la certificaci\u00f3n CE y est\u00e1 fabricada para soportar a\u00f1os de uso intensivo.<\/p>\n<p data-start=\"1261\" data-end=\"1800\">La superficie de descanso est\u00e1 acabada con el sistema de acolchado Pro-Plush\u2122 Deluxe de alta calidad de 7,6 cm (3\u201d). Este sistema consta de tres capas de espuma con diferentes densidades para ofrecer el m\u00e1ximo confort. El revestimiento est\u00e1 fabricado con material PU Comfort-Flex\u2122. Es suave al tacto y extremadamente duradero. Adem\u00e1s, es resistente a las roturas, la decoloraci\u00f3n y el desprendimiento, con una garant\u00eda de hasta tres a\u00f1os.<\/p>\n<p data-start=\"1261\" data-end=\"1800\">Las esquinas redondeadas del sal\u00f3n le dan un aspecto elegante. Tambi\u00e9n hacen que la mesa sea m\u00e1s c\u00f3moda para los terapeutas cuando trabajan alrededor del cliente.<\/p>\n<p data-start=\"1802\" data-end=\"2146\">La mesa elevadora el\u00e9ctrica Everest\u2122 se fabrica en EE. UU. con componentes seleccionados cuidadosamente en todo el mundo. Est\u00e1 disponible en diferentes anchuras (71, 76 u 81 cm). Opcionalmente, la mesa puede equiparse con accesorios como un reposabrazos colgante Deluxe, una actualizaci\u00f3n ETL o una almohada facial con plataforma (se venden por separado).<\/p>\n<p data-start=\"2148\" data-end=\"2393\">En resumen: una camilla sostenible, fiable y lujosa. Combina funcionalidad y elegancia, perfecta para spas, salones de masajes, consultas de fisioterapia y centros de bienestar que dan gran importancia a la profesionalidad y la comodidad.<\/p>","protected":false},"excerpt":{"rendered":"<p>En <strong data-start=\"2440\" data-end=\"2466\">Elevador el\u00e9ctrico Everest\u2122<\/strong> Es una camilla el\u00e9ctrica de alta calidad con un potente y silencioso sistema de ajuste de altura. Cuenta con un robusto armaz\u00f3n de acero, colchones Pro-Plush\u2122 de tres capas y un revestimiento Comfort-Flex\u2122 duradero. Dise\u00f1ada para ofrecer la m\u00e1xima estabilidad, ergonom\u00eda y lujo en cualquier sala de bienestar o tratamiento.<\/p>\n<p><a href=\"https:\/\/touchproeurope.eu\/wp-content\/uploads\/2025\/10\/Everest_Pedestal_Lift_1-300-0110_-_Rev_012323.pdf\">Hoja de ventas<\/a><\/p>","protected":false},"featured_media":14950,"comment_status":"open","ping_status":"closed","template":"","meta":[],"product_brand":[343],"product_cat":[97,93],"product_tag":[458,461,459,462,460],"class_list":{"0":"post-14823","1":"product","2":"type-product","3":"status-publish","4":"has-post-thumbnail","6":"product_brand-earthlite","7":"product_cat-elektrische-massagetafels","8":"product_cat-massagetafels","9":"product_tag-elektrische-behandeltafel","10":"product_tag-ergonomische-massagetafel","11":"product_tag-professionele-massagetafel","12":"product_tag-therapietafel","13":"product_tag-wellness-behandeltafel","14":"product_shipping_class-offerte-aanvraag","15":"pa_kleur-bordeaux","16":"pa_kleur-latte","17":"pa_kleur-maries-beige","18":"pa_kleur-mystic-blue","19":"pa_kleur-paars","20":"pa_kleur-teal","21":"pa_kleur-vanille-creme","22":"pa_kleur-wit","23":"pa_kleur-zilver","24":"pa_kleur-zwart","25":"pa_merk-earthlite","27":"first","28":"instock","29":"taxable","30":"shipping-taxable","31":"purchasable","32":"product-type-variable"},"yoast_head":"<!-- This site is optimized with the Yoast SEO Premium plugin v27.4 (Yoast SEO v27.4) - https:\/\/yoast.com\/product\/yoast-seo-premium-wordpress\/ -->\n<title>Everest\u2122 Electric Lift: De Perfecte Balans van Sterkte in een tafel- TouchPro Europe Shop<\/title>\n<meta name=\"description\" content=\"De Everest\u2122 Electric lift biedt een luxe afwerking en professionele prestaties. Verbeter uw wellnesspraktijk met deze betrouwbare behandeltafel! \ud83c\udf1f\" \/>\n<meta name=\"robots\" content=\"index, follow, max-snippet:-1, max-image-preview:large, max-video-preview:-1\" \/>\n<link rel=\"canonical\" href=\"https:\/\/touchproeurope.eu\/es\/product\/everest\/\" \/>\n<meta property=\"og:locale\" content=\"es_ES\" \/>\n<meta property=\"og:type\" content=\"article\" \/>\n<meta property=\"og:title\" content=\"Everest\u2122 Electric lift\" \/>\n<meta property=\"og:description\" content=\"De Everest\u2122 Electric lift biedt een luxe afwerking en professionele prestaties. Verbeter uw wellnesspraktijk met deze betrouwbare behandeltafel! \ud83c\udf1f\" \/>\n<meta property=\"og:url\" content=\"https:\/\/touchproeurope.eu\/es\/product\/everest\/\" \/>\n<meta property=\"og:site_name\" content=\"TouchPro Europe Shop\" \/>\n<meta property=\"article:publisher\" content=\"https:\/\/www.facebook.com\/TouchproNederland\/?locale=nl_NL%2f\" \/>\n<meta property=\"article:modified_time\" content=\"2026-04-22T14:55:43+00:00\" \/>\n<meta property=\"og:image\" content=\"https:\/\/touchproeurope.eu\/wp-content\/uploads\/2025\/10\/Everest_Pedestal_-_Tilt_-_Mystic_Blue-e1761147417207.jpg\" \/>\n\t<meta property=\"og:image:width\" content=\"800\" \/>\n\t<meta property=\"og:image:height\" content=\"800\" \/>\n\t<meta property=\"og:image:type\" content=\"image\/jpeg\" \/>\n<meta name=\"twitter:card\" content=\"summary_large_image\" \/>\n<meta name=\"twitter:label1\" content=\"Disponibilidad\" \/>\n\t<meta name=\"twitter:data1\" content=\"Disponible\" \/>\n<script type=\"application\/ld+json\" class=\"yoast-schema-graph\">{\"@context\":\"https:\\\/\\\/schema.org\",\"@graph\":[{\"@type\":\"WebPage\",\"@id\":\"https:\\\/\\\/touchproeurope.eu\\\/product\\\/everest\\\/\",\"url\":\"https:\\\/\\\/touchproeurope.eu\\\/product\\\/everest\\\/\",\"name\":\"Everest\u2122 Electric Lift: De Perfecte Balans van Sterkte in een tafel- TouchPro Europe Shop\",\"isPartOf\":{\"@id\":\"https:\\\/\\\/touchproeurope.eu\\\/#website\"},\"primaryImageOfPage\":{\"@id\":\"https:\\\/\\\/touchproeurope.eu\\\/product\\\/everest\\\/#primaryimage\"},\"image\":{\"@id\":\"https:\\\/\\\/touchproeurope.eu\\\/product\\\/everest\\\/#primaryimage\"},\"thumbnailUrl\":\"https:\\\/\\\/i0.wp.com\\\/touchproeurope.eu\\\/wp-content\\\/uploads\\\/2025\\\/10\\\/Everest_Pedestal_-_Tilt_-_Mystic_Blue-e1761147417207.jpg?fit=800%2C800&ssl=1\",\"datePublished\":\"2025-10-22T07:58:40+00:00\",\"dateModified\":\"2026-04-22T14:55:43+00:00\",\"description\":\"De Everest\u2122 Electric lift biedt een luxe afwerking en professionele prestaties. Verbeter uw wellnesspraktijk met deze betrouwbare behandeltafel! \ud83c\udf1f\",\"breadcrumb\":{\"@id\":\"https:\\\/\\\/touchproeurope.eu\\\/product\\\/everest\\\/#breadcrumb\"},\"inLanguage\":\"es\",\"potentialAction\":[{\"@type\":\"ReadAction\",\"target\":[\"https:\\\/\\\/touchproeurope.eu\\\/product\\\/everest\\\/\"]}]},{\"@type\":\"ImageObject\",\"inLanguage\":\"es\",\"@id\":\"https:\\\/\\\/touchproeurope.eu\\\/product\\\/everest\\\/#primaryimage\",\"url\":\"https:\\\/\\\/i0.wp.com\\\/touchproeurope.eu\\\/wp-content\\\/uploads\\\/2025\\\/10\\\/Everest_Pedestal_-_Tilt_-_Mystic_Blue-e1761147417207.jpg?fit=800%2C800&ssl=1\",\"contentUrl\":\"https:\\\/\\\/i0.wp.com\\\/touchproeurope.eu\\\/wp-content\\\/uploads\\\/2025\\\/10\\\/Everest_Pedestal_-_Tilt_-_Mystic_Blue-e1761147417207.jpg?fit=800%2C800&ssl=1\",\"width\":800,\"height\":800,\"caption\":\"Everest\u2122 Electric lift tilt\"},{\"@type\":\"BreadcrumbList\",\"@id\":\"https:\\\/\\\/touchproeurope.eu\\\/product\\\/everest\\\/#breadcrumb\",\"itemListElement\":[{\"@type\":\"ListItem\",\"position\":1,\"name\":\"Home\",\"item\":\"https:\\\/\\\/touchproeurope.eu\\\/\"},{\"@type\":\"ListItem\",\"position\":2,\"name\":\"Winkel\",\"item\":\"https:\\\/\\\/touchproeurope.eu\\\/winkel\\\/\"},{\"@type\":\"ListItem\",\"position\":3,\"name\":\"Everest\u2122 Electric lift\"}]},{\"@type\":\"WebSite\",\"@id\":\"https:\\\/\\\/touchproeurope.eu\\\/#website\",\"url\":\"https:\\\/\\\/touchproeurope.eu\\\/\",\"name\":\"TouchPro Europe Shop\",\"description\":\"Alles voor jouw praktijk met een PROfessionele Touch!\",\"publisher\":{\"@id\":\"https:\\\/\\\/touchproeurope.eu\\\/#organization\"},\"alternateName\":\"TPE\",\"potentialAction\":[{\"@type\":\"SearchAction\",\"target\":{\"@type\":\"EntryPoint\",\"urlTemplate\":\"https:\\\/\\\/touchproeurope.eu\\\/?s={search_term_string}\"},\"query-input\":{\"@type\":\"PropertyValueSpecification\",\"valueRequired\":true,\"valueName\":\"search_term_string\"}}],\"inLanguage\":\"es\"},{\"@type\":\"Organization\",\"@id\":\"https:\\\/\\\/touchproeurope.eu\\\/#organization\",\"name\":\"TouchPro Europe BV\",\"alternateName\":\"TPE\",\"url\":\"https:\\\/\\\/touchproeurope.eu\\\/\",\"logo\":{\"@type\":\"ImageObject\",\"inLanguage\":\"es\",\"@id\":\"https:\\\/\\\/touchproeurope.eu\\\/#\\\/schema\\\/logo\\\/image\\\/\",\"url\":\"https:\\\/\\\/i0.wp.com\\\/touchproeurope.eu\\\/wp-content\\\/uploads\\\/2023\\\/10\\\/2b592c_b6944d80811246d987cc2c29accedf3f.png?fit=1417%2C531&ssl=1\",\"contentUrl\":\"https:\\\/\\\/i0.wp.com\\\/touchproeurope.eu\\\/wp-content\\\/uploads\\\/2023\\\/10\\\/2b592c_b6944d80811246d987cc2c29accedf3f.png?fit=1417%2C531&ssl=1\",\"width\":1417,\"height\":531,\"caption\":\"TouchPro Europe BV\"},\"image\":{\"@id\":\"https:\\\/\\\/touchproeurope.eu\\\/#\\\/schema\\\/logo\\\/image\\\/\"},\"sameAs\":[\"https:\\\/\\\/www.facebook.com\\\/TouchproNederland\\\/?locale=nl_NL\\\/\",\"https:\\\/\\\/www.instagram.com\\\/touchpro2016\\\/\",\"https:\\\/\\\/www.linkedin.com\\\/company\\\/touchpro-europe-bv\\\/\"],\"description\":\"TouchPro Europe Shop is de massage winkel van Europa. Wij verkopen topkwaliteit massageproducten aan masseurs, pedicures, fysiotherapeuten, manicuren, Wellness centra, opleidingen, etc. TouchPro begon als een kleine webshop in Nederland, maar is nu uitgegroeid tot een webshop met klanten uit heel Europa. Wij bieden een breed assortiment aan massageproducten, waaronder massagetafels, oli\u00ebn, cr\u00e8mes, en accessoires van topmerken, zoals Earthlite, Stronglite en InnerStrenght, Habys, Living Earth Crafts en Continuum en andere leveranciers van massage accessoires. Bestel hier de beste massagematerialen van Europa!\",\"email\":\"info@touchpro-europe.com\",\"telephone\":\"0858768829\",\"legalName\":\"TouchPro Europe BV\",\"foundingDate\":\"2018-01-11\",\"vatID\":\"NL855430151B01\",\"numberOfEmployees\":{\"@type\":\"QuantitativeValue\",\"minValue\":\"1\",\"maxValue\":\"10\"},\"hasMerchantReturnPolicy\":{\"@type\":\"MerchantReturnPolicy\",\"merchantReturnLink\":\"https:\\\/\\\/touchproeurope.eu\\\/es\\\/retourbeleid\\\/\"}}]}<\/script>\n<meta property=\"product:brand\" content=\"Earthlite\" \/>\n<meta property=\"og:availability\" content=\"instock\" \/>\n<meta property=\"product:availability\" content=\"instock\" \/>\n<meta property=\"product:retailer_item_id\" content=\"Everest\u2122 Electric lift\" \/>\n<meta property=\"product:condition\" content=\"new\" \/>\n<!-- \/ Yoast SEO Premium plugin. -->","yoast_head_json":{"title":"Everest\u2122 Electric Lift: el equilibrio perfecto entre resistencia y mesa - TouchPro Europe Shop","description":"La camilla Everest\u2122 Electric ofrece un acabado lujoso y un rendimiento profesional. \u00a1Mejora tu consulta de bienestar con esta camilla fiable! \ud83c\udf1f","robots":{"index":"index","follow":"follow","max-snippet":"max-snippet:-1","max-image-preview":"max-image-preview:large","max-video-preview":"max-video-preview:-1"},"canonical":"https:\/\/touchproeurope.eu\/es\/product\/everest\/","og_locale":"es_ES","og_type":"article","og_title":"Everest\u2122 Electric lift","og_description":"De Everest\u2122 Electric lift biedt een luxe afwerking en professionele prestaties. Verbeter uw wellnesspraktijk met deze betrouwbare behandeltafel! \ud83c\udf1f","og_url":"https:\/\/touchproeurope.eu\/es\/product\/everest\/","og_site_name":"TouchPro Europe Shop","article_publisher":"https:\/\/www.facebook.com\/TouchproNederland\/?locale=nl_NL%2f","article_modified_time":"2026-04-22T14:55:43+00:00","og_image":[{"width":800,"height":800,"url":"https:\/\/touchproeurope.eu\/wp-content\/uploads\/2025\/10\/Everest_Pedestal_-_Tilt_-_Mystic_Blue-e1761147417207.jpg","type":"image\/jpeg"}],"twitter_card":"summary_large_image","twitter_misc":{"Disponibilidad":"Disponible"},"schema":{"@context":"https:\/\/schema.org","@graph":[{"@type":"WebPage","@id":"https:\/\/touchproeurope.eu\/product\/everest\/","url":"https:\/\/touchproeurope.eu\/product\/everest\/","name":"Everest\u2122 Electric Lift: el equilibrio perfecto entre resistencia y mesa - TouchPro Europe Shop","isPartOf":{"@id":"https:\/\/touchproeurope.eu\/#website"},"primaryImageOfPage":{"@id":"https:\/\/touchproeurope.eu\/product\/everest\/#primaryimage"},"image":{"@id":"https:\/\/touchproeurope.eu\/product\/everest\/#primaryimage"},"thumbnailUrl":"https:\/\/i0.wp.com\/touchproeurope.eu\/wp-content\/uploads\/2025\/10\/Everest_Pedestal_-_Tilt_-_Mystic_Blue-e1761147417207.jpg?fit=800%2C800&ssl=1","datePublished":"2025-10-22T07:58:40+00:00","dateModified":"2026-04-22T14:55:43+00:00","description":"La camilla Everest\u2122 Electric ofrece un acabado lujoso y un rendimiento profesional. \u00a1Mejora tu consulta de bienestar con esta camilla fiable! \ud83c\udf1f","breadcrumb":{"@id":"https:\/\/touchproeurope.eu\/product\/everest\/#breadcrumb"},"inLanguage":"es","potentialAction":[{"@type":"ReadAction","target":["https:\/\/touchproeurope.eu\/product\/everest\/"]}]},{"@type":"ImageObject","inLanguage":"es","@id":"https:\/\/touchproeurope.eu\/product\/everest\/#primaryimage","url":"https:\/\/i0.wp.com\/touchproeurope.eu\/wp-content\/uploads\/2025\/10\/Everest_Pedestal_-_Tilt_-_Mystic_Blue-e1761147417207.jpg?fit=800%2C800&ssl=1","contentUrl":"https:\/\/i0.wp.com\/touchproeurope.eu\/wp-content\/uploads\/2025\/10\/Everest_Pedestal_-_Tilt_-_Mystic_Blue-e1761147417207.jpg?fit=800%2C800&ssl=1","width":800,"height":800,"caption":"Everest\u2122 Electric lift tilt"},{"@type":"BreadcrumbList","@id":"https:\/\/touchproeurope.eu\/product\/everest\/#breadcrumb","itemListElement":[{"@type":"ListItem","position":1,"name":"Home","item":"https:\/\/touchproeurope.eu\/"},{"@type":"ListItem","position":2,"name":"Winkel","item":"https:\/\/touchproeurope.eu\/winkel\/"},{"@type":"ListItem","position":3,"name":"Everest\u2122 Electric lift"}]},{"@type":"WebSite","@id":"https:\/\/touchproeurope.eu\/#website","url":"https:\/\/touchproeurope.eu\/","name":"Tienda TouchPro Europe","description":"\u00a1Todo para su consulta con un toque PROfesional!","publisher":{"@id":"https:\/\/touchproeurope.eu\/#organization"},"alternateName":"TPE","potentialAction":[{"@type":"SearchAction","target":{"@type":"EntryPoint","urlTemplate":"https:\/\/touchproeurope.eu\/?s={search_term_string}"},"query-input":{"@type":"PropertyValueSpecification","valueRequired":true,"valueName":"search_term_string"}}],"inLanguage":"es"},{"@type":"Organization","@id":"https:\/\/touchproeurope.eu\/#organization","name":"TouchPro Europe BV","alternateName":"TPE","url":"https:\/\/touchproeurope.eu\/","logo":{"@type":"ImageObject","inLanguage":"es","@id":"https:\/\/touchproeurope.eu\/#\/schema\/logo\/image\/","url":"https:\/\/i0.wp.com\/touchproeurope.eu\/wp-content\/uploads\/2023\/10\/2b592c_b6944d80811246d987cc2c29accedf3f.png?fit=1417%2C531&ssl=1","contentUrl":"https:\/\/i0.wp.com\/touchproeurope.eu\/wp-content\/uploads\/2023\/10\/2b592c_b6944d80811246d987cc2c29accedf3f.png?fit=1417%2C531&ssl=1","width":1417,"height":531,"caption":"TouchPro Europe BV"},"image":{"@id":"https:\/\/touchproeurope.eu\/#\/schema\/logo\/image\/"},"sameAs":["https:\/\/www.facebook.com\/TouchproNederland\/?locale=nl_NL\/","https:\/\/www.instagram.com\/touchpro2016\/","https:\/\/www.linkedin.com\/company\/touchpro-europe-bv\/"],"description":"TouchPro Europe Shop es la tienda de masajes de Europa. Vendemos productos de masaje de primera calidad a masajistas, pedicuras, fisioterapeutas, manicuras, centros de bienestar, cursos de formaci\u00f3n, etc. TouchPro comenz\u00f3 como una peque\u00f1a tienda en los Pa\u00edses Bajos, pero ahora se ha convertido en una tienda con clientes de toda Europa. Ofrecemos una amplia gama de productos de masaje, incluyendo camillas de masaje, aceites, cremas y accesorios de las mejores marcas como Earthlite, Stronglite e InnerStrenght, Habys, Living Earth Crafts y Continuum y otros proveedores de accesorios de masaje. Pida aqu\u00ed los mejores art\u00edculos de masaje de Europa.","email":"info@touchpro-europe.com","telephone":"0858768829","legalName":"TouchPro Europe BV","foundingDate":"2018-01-11","vatID":"NL855430151B01","numberOfEmployees":{"@type":"QuantitativeValue","minValue":"1","maxValue":"10"},"hasMerchantReturnPolicy":{"@type":"MerchantReturnPolicy","merchantReturnLink":"https:\/\/touchproeurope.eu\/es\/retourbeleid\/"}}]},"product_brand":"Earthlite","og_availability":"instock","product_availability":"instock","product_retailer_item_id":"Everest\u2122 Electric lift","product_condition":"new"},"_links":{"self":[{"href":"https:\/\/touchproeurope.eu\/es\/wp-json\/wp\/v2\/product\/14823","targetHints":{"allow":["GET"]}}],"collection":[{"href":"https:\/\/touchproeurope.eu\/es\/wp-json\/wp\/v2\/product"}],"about":[{"href":"https:\/\/touchproeurope.eu\/es\/wp-json\/wp\/v2\/types\/product"}],"replies":[{"embeddable":true,"href":"https:\/\/touchproeurope.eu\/es\/wp-json\/wp\/v2\/comments?post=14823"}],"version-history":[{"count":5,"href":"https:\/\/touchproeurope.eu\/es\/wp-json\/wp\/v2\/product\/14823\/revisions"}],"predecessor-version":[{"id":16091,"href":"https:\/\/touchproeurope.eu\/es\/wp-json\/wp\/v2\/product\/14823\/revisions\/16091"}],"wp:featuredmedia":[{"embeddable":true,"href":"https:\/\/touchproeurope.eu\/es\/wp-json\/wp\/v2\/media\/14950"}],"wp:attachment":[{"href":"https:\/\/touchproeurope.eu\/es\/wp-json\/wp\/v2\/media?parent=14823"}],"wp:term":[{"taxonomy":"product_brand","embeddable":true,"href":"https:\/\/touchproeurope.eu\/es\/wp-json\/wp\/v2\/product_brand?post=14823"},{"taxonomy":"product_cat","embeddable":true,"href":"https:\/\/touchproeurope.eu\/es\/wp-json\/wp\/v2\/product_cat?post=14823"},{"taxonomy":"product_tag","embeddable":true,"href":"https:\/\/touchproeurope.eu\/es\/wp-json\/wp\/v2\/product_tag?post=14823"}],"curies":[{"name":"wp","href":"https:\/\/api.w.org\/{rel}","templated":true}]}}