{"id":15146,"date":"2025-11-28T15:26:14","date_gmt":"2025-11-28T15:26:14","guid":{"rendered":"https:\/\/touchproeurope.eu\/?post_type=product&#038;p=15146"},"modified":"2026-05-12T09:30:24","modified_gmt":"2026-05-12T09:30:24","slug":"funda-de-microfibra-de-lujo-para-reposacabezas-dura-luxe","status":"publish","type":"product","link":"https:\/\/touchproeurope.eu\/es\/product\/dura-luxe-luxury-microfiber-hoofdsteunhoes\/","title":{"rendered":"Funda de reposacabezas de microfibra de lujo DURA-LUXE\u2122 (paquete de 2)"},"content":{"rendered":"<p data-start=\"447\" data-end=\"813\">La funda de microfibra de lujo DURA-LUXE\u2122 para reposacabezas (paquete de 2) de Earthlite est\u00e1 dise\u00f1ada para profesionales del bienestar, salones de masajes y los spas m\u00e1s exclusivos del mundo. Esta funda de microfibra de primera calidad ofrece un tacto lujoso y sedoso y est\u00e1 fabricada con microfibra de doble cepillado de 125 GSM de la m\u00e1s alta calidad, la m\u00e1s fina y resistente de su clase.<\/p>\n<p data-start=\"815\" data-end=\"1194\">Las fundas DURA-LUXE\u2122 son transpirables, duraderas y mantienen su forma, lo que las hace resistentes al uso diario intensivo en entornos profesionales. Gracias a las costuras dobles de alta calidad y al borde el\u00e1stico resistente, las fundas se mantienen perfectamente en su sitio, incluso despu\u00e9s de muchos lavados. El resultado es un aspecto liso y profesional, sin arrugas ni encogimiento.<\/p>\n<p data-start=\"1196\" data-end=\"1618\">Estas fundas para reposacabezas son lavables a m\u00e1quina, de secado r\u00e1pido y resistentes a las arrugas, por lo que mantienen un aspecto fresco y profesional una y otra vez. El tejido de microfibra no solo tiene un tacto suave como la seda, sino que tambi\u00e9n conserva su forma y color incluso despu\u00e9s de muchos lavados. El juego se suministra en un paquete de 2 unidades, ideal para uso en consultorios, centros de bienestar y complejos tur\u00edsticos que combinan altos est\u00e1ndares de higiene con una experiencia de lujo para el cliente.<\/p>\n<p data-start=\"1620\" data-end=\"1810\">Earthlite, l\u00edder mundial en equipos de masaje y bienestar desde 1987, garantiza calidad duradera, comodidad y elegancia. Disponible en blanco cl\u00e1sico y crema.<\/p>","protected":false},"excerpt":{"rendered":"<p>Lujoso pack de 2 fundas para reposacabezas de microfibra DURA-LUXE\u2122. Suaves como la seda, transpirables, sin arrugas ni encogimiento. Duraderas para uso profesional, lavables a m\u00e1quina y de secado r\u00e1pido. Disponibles en blanco y crema.<\/p>","protected":false},"featured_media":15153,"comment_status":"open","ping_status":"closed","template":"","meta":[],"product_brand":[343],"product_cat":[109,480],"product_tag":[85,298,202,295],"class_list":{"0":"post-15146","1":"product","2":"type-product","3":"status-publish","4":"has-post-thumbnail","6":"product_brand-earthlite","7":"product_cat-katoenen-covers-tafellinnen","8":"product_cat-tafellinnen-covers","9":"product_tag-earthlite","10":"product_tag-hoofdsteunhoes","11":"product_tag-microfiber","12":"product_tag-reinigbaar","13":"product_shipping_class-normaal-pakket","14":"pa_kleur-creme","15":"pa_kleur-wit","16":"pa_merk-earthlite","18":"first","19":"instock","20":"taxable","21":"shipping-taxable","22":"purchasable","23":"product-type-variable"},"yoast_head":"<!-- This site is optimized with the Yoast SEO Premium plugin v27.6 (Yoast SEO v27.6) - https:\/\/yoast.com\/product\/yoast-seo-premium-wordpress\/ -->\n<title>DURA-LUXE\u2122 Luxury Microfiber Hoofdsteunhoes (2-pack) - TouchPro Europe Shop<\/title>\n<meta name=\"description\" content=\"Geniet van een zijdezachte aanraking met de Microfiber Hoofdsteunhoes van DURA-LUXE\u2122. Ideaal voor wellnessprofessionals, koop vandaag nog!\" \/>\n<meta name=\"robots\" content=\"index, follow, max-snippet:-1, max-image-preview:large, max-video-preview:-1\" \/>\n<link rel=\"canonical\" href=\"https:\/\/touchproeurope.eu\/es\/product\/funda-de-microfibra-de-lujo-para-reposacabezas-dura-luxe\/\" \/>\n<meta property=\"og:locale\" content=\"es_ES\" \/>\n<meta property=\"og:type\" content=\"article\" \/>\n<meta property=\"og:title\" content=\"DURA-LUXE\u2122 Luxury Microfiber Hoofdsteunhoes (2-pack)\" \/>\n<meta property=\"og:description\" content=\"Geniet van een zijdezachte aanraking met de Microfiber Hoofdsteunhoes van DURA-LUXE\u2122. Ideaal voor wellnessprofessionals, koop vandaag nog!\" \/>\n<meta property=\"og:url\" content=\"https:\/\/touchproeurope.eu\/es\/product\/funda-de-microfibra-de-lujo-para-reposacabezas-dura-luxe\/\" \/>\n<meta property=\"og:site_name\" content=\"TouchPro Europe Shop\" \/>\n<meta property=\"article:publisher\" content=\"https:\/\/www.facebook.com\/TouchproNederland\/?locale=nl_NL%2f\" \/>\n<meta property=\"article:modified_time\" content=\"2026-05-12T09:30:24+00:00\" \/>\n<meta property=\"og:image\" content=\"https:\/\/touchproeurope.eu\/wp-content\/uploads\/2025\/11\/Dura-Luxe_Microfiber_-_FacePillow_Covers_-_White.jpg\" \/>\n\t<meta property=\"og:image:width\" content=\"1600\" \/>\n\t<meta property=\"og:image:height\" content=\"1600\" \/>\n\t<meta property=\"og:image:type\" content=\"image\/jpeg\" \/>\n<meta name=\"twitter:card\" content=\"summary_large_image\" \/>\n<meta name=\"twitter:label1\" content=\"Disponibilidad\" \/>\n\t<meta name=\"twitter:data1\" content=\"Disponible\" \/>\n<script type=\"application\/ld+json\" class=\"yoast-schema-graph\">{\"@context\":\"https:\\\/\\\/schema.org\",\"@graph\":[{\"@type\":\"WebPage\",\"@id\":\"https:\\\/\\\/touchproeurope.eu\\\/product\\\/dura-luxe-luxury-microfiber-hoofdsteunhoes\\\/\",\"url\":\"https:\\\/\\\/touchproeurope.eu\\\/product\\\/dura-luxe-luxury-microfiber-hoofdsteunhoes\\\/\",\"name\":\"DURA-LUXE\u2122 Luxury Microfiber Hoofdsteunhoes (2-pack) - TouchPro Europe Shop\",\"isPartOf\":{\"@id\":\"https:\\\/\\\/touchproeurope.eu\\\/#website\"},\"primaryImageOfPage\":{\"@id\":\"https:\\\/\\\/touchproeurope.eu\\\/product\\\/dura-luxe-luxury-microfiber-hoofdsteunhoes\\\/#primaryimage\"},\"image\":{\"@id\":\"https:\\\/\\\/touchproeurope.eu\\\/product\\\/dura-luxe-luxury-microfiber-hoofdsteunhoes\\\/#primaryimage\"},\"thumbnailUrl\":\"https:\\\/\\\/i0.wp.com\\\/touchproeurope.eu\\\/wp-content\\\/uploads\\\/2025\\\/11\\\/Dura-Luxe_Microfiber_-_FacePillow_Covers_-_White.jpg?fit=1600%2C1600&ssl=1\",\"datePublished\":\"2025-11-28T15:26:14+00:00\",\"dateModified\":\"2026-05-12T09:30:24+00:00\",\"description\":\"Geniet van een zijdezachte aanraking met de Microfiber Hoofdsteunhoes van DURA-LUXE\u2122. Ideaal voor wellnessprofessionals, koop vandaag nog!\",\"breadcrumb\":{\"@id\":\"https:\\\/\\\/touchproeurope.eu\\\/product\\\/dura-luxe-luxury-microfiber-hoofdsteunhoes\\\/#breadcrumb\"},\"inLanguage\":\"es\",\"potentialAction\":[{\"@type\":\"ReadAction\",\"target\":[\"https:\\\/\\\/touchproeurope.eu\\\/product\\\/dura-luxe-luxury-microfiber-hoofdsteunhoes\\\/\"]}]},{\"@type\":\"ImageObject\",\"inLanguage\":\"es\",\"@id\":\"https:\\\/\\\/touchproeurope.eu\\\/product\\\/dura-luxe-luxury-microfiber-hoofdsteunhoes\\\/#primaryimage\",\"url\":\"https:\\\/\\\/i0.wp.com\\\/touchproeurope.eu\\\/wp-content\\\/uploads\\\/2025\\\/11\\\/Dura-Luxe_Microfiber_-_FacePillow_Covers_-_White.jpg?fit=1600%2C1600&ssl=1\",\"contentUrl\":\"https:\\\/\\\/i0.wp.com\\\/touchproeurope.eu\\\/wp-content\\\/uploads\\\/2025\\\/11\\\/Dura-Luxe_Microfiber_-_FacePillow_Covers_-_White.jpg?fit=1600%2C1600&ssl=1\",\"width\":1600,\"height\":1600,\"caption\":\"Dura-Luxe_Microfiber_-_FacePillow_Covers_-_White\"},{\"@type\":\"BreadcrumbList\",\"@id\":\"https:\\\/\\\/touchproeurope.eu\\\/product\\\/dura-luxe-luxury-microfiber-hoofdsteunhoes\\\/#breadcrumb\",\"itemListElement\":[{\"@type\":\"ListItem\",\"position\":1,\"name\":\"Home\",\"item\":\"https:\\\/\\\/touchproeurope.eu\\\/\"},{\"@type\":\"ListItem\",\"position\":2,\"name\":\"Winkel\",\"item\":\"https:\\\/\\\/touchproeurope.eu\\\/winkel\\\/\"},{\"@type\":\"ListItem\",\"position\":3,\"name\":\"DURA-LUXE\u2122 Luxury Microfiber Hoofdsteunhoes (2-pack)\"}]},{\"@type\":\"WebSite\",\"@id\":\"https:\\\/\\\/touchproeurope.eu\\\/#website\",\"url\":\"https:\\\/\\\/touchproeurope.eu\\\/\",\"name\":\"TouchPro Europe Shop\",\"description\":\"Alles voor jouw praktijk met een PROfessionele Touch!\",\"publisher\":{\"@id\":\"https:\\\/\\\/touchproeurope.eu\\\/#organization\"},\"alternateName\":\"TPE\",\"potentialAction\":[{\"@type\":\"SearchAction\",\"target\":{\"@type\":\"EntryPoint\",\"urlTemplate\":\"https:\\\/\\\/touchproeurope.eu\\\/?s={search_term_string}\"},\"query-input\":{\"@type\":\"PropertyValueSpecification\",\"valueRequired\":true,\"valueName\":\"search_term_string\"}}],\"inLanguage\":\"es\"},{\"@type\":\"Organization\",\"@id\":\"https:\\\/\\\/touchproeurope.eu\\\/#organization\",\"name\":\"TouchPro Europe BV\",\"alternateName\":\"TPE\",\"url\":\"https:\\\/\\\/touchproeurope.eu\\\/\",\"logo\":{\"@type\":\"ImageObject\",\"inLanguage\":\"es\",\"@id\":\"https:\\\/\\\/touchproeurope.eu\\\/#\\\/schema\\\/logo\\\/image\\\/\",\"url\":\"https:\\\/\\\/i0.wp.com\\\/touchproeurope.eu\\\/wp-content\\\/uploads\\\/2023\\\/10\\\/2b592c_b6944d80811246d987cc2c29accedf3f.png?fit=1417%2C531&ssl=1\",\"contentUrl\":\"https:\\\/\\\/i0.wp.com\\\/touchproeurope.eu\\\/wp-content\\\/uploads\\\/2023\\\/10\\\/2b592c_b6944d80811246d987cc2c29accedf3f.png?fit=1417%2C531&ssl=1\",\"width\":1417,\"height\":531,\"caption\":\"TouchPro Europe BV\"},\"image\":{\"@id\":\"https:\\\/\\\/touchproeurope.eu\\\/#\\\/schema\\\/logo\\\/image\\\/\"},\"sameAs\":[\"https:\\\/\\\/www.facebook.com\\\/TouchproNederland\\\/?locale=nl_NL\\\/\",\"https:\\\/\\\/www.instagram.com\\\/touchpro2016\\\/\",\"https:\\\/\\\/www.linkedin.com\\\/company\\\/touchpro-europe-bv\\\/\"],\"description\":\"TouchPro Europe Shop is de massage winkel van Europa. Wij verkopen topkwaliteit massageproducten aan masseurs, pedicures, fysiotherapeuten, manicuren, Wellness centra, opleidingen, etc. TouchPro begon als een kleine webshop in Nederland, maar is nu uitgegroeid tot een webshop met klanten uit heel Europa. Wij bieden een breed assortiment aan massageproducten, waaronder massagetafels, oli\u00ebn, cr\u00e8mes, en accessoires van topmerken, zoals Earthlite, Stronglite en InnerStrenght, Habys, Living Earth Crafts en Continuum en andere leveranciers van massage accessoires. Bestel hier de beste massagematerialen van Europa!\",\"email\":\"info@touchpro-europe.com\",\"telephone\":\"0858768829\",\"legalName\":\"TouchPro Europe BV\",\"foundingDate\":\"2018-01-11\",\"vatID\":\"NL855430151B01\",\"numberOfEmployees\":{\"@type\":\"QuantitativeValue\",\"minValue\":\"1\",\"maxValue\":\"10\"},\"hasMerchantReturnPolicy\":{\"@type\":\"MerchantReturnPolicy\",\"merchantReturnLink\":\"https:\\\/\\\/touchproeurope.eu\\\/es\\\/retourbeleid\\\/\"}}]}<\/script>\n<meta property=\"product:brand\" content=\"Earthlite\" \/>\n<meta property=\"og:availability\" content=\"instock\" \/>\n<meta property=\"product:availability\" content=\"instock\" \/>\n<meta property=\"product:retailer_item_id\" content=\"DURA-LUXE\u2122 Microfiber 2-PK FacePillow Cover\" \/>\n<meta property=\"product:condition\" content=\"new\" \/>\n<!-- \/ Yoast SEO Premium plugin. -->","yoast_head_json":{"title":"Funda para reposacabezas DURA-LUXE\u2122 Luxury Microfiber (paquete de 2) - Tienda TouchPro Europe","description":"Disfrute de un tacto suave como la seda con la funda de reposacabezas de microfibra de DURA-LUXE\u2122. Ideal para profesionales del bienestar, \u00a1c\u00f3mprela hoy mismo!","robots":{"index":"index","follow":"follow","max-snippet":"max-snippet:-1","max-image-preview":"max-image-preview:large","max-video-preview":"max-video-preview:-1"},"canonical":"https:\/\/touchproeurope.eu\/es\/product\/funda-de-microfibra-de-lujo-para-reposacabezas-dura-luxe\/","og_locale":"es_ES","og_type":"article","og_title":"DURA-LUXE\u2122 Luxury Microfiber Hoofdsteunhoes (2-pack)","og_description":"Geniet van een zijdezachte aanraking met de Microfiber Hoofdsteunhoes van DURA-LUXE\u2122. Ideaal voor wellnessprofessionals, koop vandaag nog!","og_url":"https:\/\/touchproeurope.eu\/es\/product\/funda-de-microfibra-de-lujo-para-reposacabezas-dura-luxe\/","og_site_name":"TouchPro Europe Shop","article_publisher":"https:\/\/www.facebook.com\/TouchproNederland\/?locale=nl_NL%2f","article_modified_time":"2026-05-12T09:30:24+00:00","og_image":[{"width":1600,"height":1600,"url":"https:\/\/touchproeurope.eu\/wp-content\/uploads\/2025\/11\/Dura-Luxe_Microfiber_-_FacePillow_Covers_-_White.jpg","type":"image\/jpeg"}],"twitter_card":"summary_large_image","twitter_misc":{"Disponibilidad":"Disponible"},"schema":{"@context":"https:\/\/schema.org","@graph":[{"@type":"WebPage","@id":"https:\/\/touchproeurope.eu\/product\/dura-luxe-luxury-microfiber-hoofdsteunhoes\/","url":"https:\/\/touchproeurope.eu\/product\/dura-luxe-luxury-microfiber-hoofdsteunhoes\/","name":"Funda para reposacabezas DURA-LUXE\u2122 Luxury Microfiber (paquete de 2) - Tienda TouchPro Europe","isPartOf":{"@id":"https:\/\/touchproeurope.eu\/#website"},"primaryImageOfPage":{"@id":"https:\/\/touchproeurope.eu\/product\/dura-luxe-luxury-microfiber-hoofdsteunhoes\/#primaryimage"},"image":{"@id":"https:\/\/touchproeurope.eu\/product\/dura-luxe-luxury-microfiber-hoofdsteunhoes\/#primaryimage"},"thumbnailUrl":"https:\/\/i0.wp.com\/touchproeurope.eu\/wp-content\/uploads\/2025\/11\/Dura-Luxe_Microfiber_-_FacePillow_Covers_-_White.jpg?fit=1600%2C1600&ssl=1","datePublished":"2025-11-28T15:26:14+00:00","dateModified":"2026-05-12T09:30:24+00:00","description":"Disfrute de un tacto suave como la seda con la funda de reposacabezas de microfibra de DURA-LUXE\u2122. Ideal para profesionales del bienestar, \u00a1c\u00f3mprela hoy mismo!","breadcrumb":{"@id":"https:\/\/touchproeurope.eu\/product\/dura-luxe-luxury-microfiber-hoofdsteunhoes\/#breadcrumb"},"inLanguage":"es","potentialAction":[{"@type":"ReadAction","target":["https:\/\/touchproeurope.eu\/product\/dura-luxe-luxury-microfiber-hoofdsteunhoes\/"]}]},{"@type":"ImageObject","inLanguage":"es","@id":"https:\/\/touchproeurope.eu\/product\/dura-luxe-luxury-microfiber-hoofdsteunhoes\/#primaryimage","url":"https:\/\/i0.wp.com\/touchproeurope.eu\/wp-content\/uploads\/2025\/11\/Dura-Luxe_Microfiber_-_FacePillow_Covers_-_White.jpg?fit=1600%2C1600&ssl=1","contentUrl":"https:\/\/i0.wp.com\/touchproeurope.eu\/wp-content\/uploads\/2025\/11\/Dura-Luxe_Microfiber_-_FacePillow_Covers_-_White.jpg?fit=1600%2C1600&ssl=1","width":1600,"height":1600,"caption":"Dura-Luxe_Microfiber_-_FacePillow_Covers_-_White"},{"@type":"BreadcrumbList","@id":"https:\/\/touchproeurope.eu\/product\/dura-luxe-luxury-microfiber-hoofdsteunhoes\/#breadcrumb","itemListElement":[{"@type":"ListItem","position":1,"name":"Home","item":"https:\/\/touchproeurope.eu\/"},{"@type":"ListItem","position":2,"name":"Winkel","item":"https:\/\/touchproeurope.eu\/winkel\/"},{"@type":"ListItem","position":3,"name":"DURA-LUXE\u2122 Luxury Microfiber Hoofdsteunhoes (2-pack)"}]},{"@type":"WebSite","@id":"https:\/\/touchproeurope.eu\/#website","url":"https:\/\/touchproeurope.eu\/","name":"Tienda TouchPro Europe","description":"\u00a1Todo para su consulta con un toque PROfesional!","publisher":{"@id":"https:\/\/touchproeurope.eu\/#organization"},"alternateName":"TPE","potentialAction":[{"@type":"SearchAction","target":{"@type":"EntryPoint","urlTemplate":"https:\/\/touchproeurope.eu\/?s={search_term_string}"},"query-input":{"@type":"PropertyValueSpecification","valueRequired":true,"valueName":"search_term_string"}}],"inLanguage":"es"},{"@type":"Organization","@id":"https:\/\/touchproeurope.eu\/#organization","name":"TouchPro Europe BV","alternateName":"TPE","url":"https:\/\/touchproeurope.eu\/","logo":{"@type":"ImageObject","inLanguage":"es","@id":"https:\/\/touchproeurope.eu\/#\/schema\/logo\/image\/","url":"https:\/\/i0.wp.com\/touchproeurope.eu\/wp-content\/uploads\/2023\/10\/2b592c_b6944d80811246d987cc2c29accedf3f.png?fit=1417%2C531&ssl=1","contentUrl":"https:\/\/i0.wp.com\/touchproeurope.eu\/wp-content\/uploads\/2023\/10\/2b592c_b6944d80811246d987cc2c29accedf3f.png?fit=1417%2C531&ssl=1","width":1417,"height":531,"caption":"TouchPro Europe BV"},"image":{"@id":"https:\/\/touchproeurope.eu\/#\/schema\/logo\/image\/"},"sameAs":["https:\/\/www.facebook.com\/TouchproNederland\/?locale=nl_NL\/","https:\/\/www.instagram.com\/touchpro2016\/","https:\/\/www.linkedin.com\/company\/touchpro-europe-bv\/"],"description":"TouchPro Europe Shop es la tienda de masajes de Europa. Vendemos productos de masaje de primera calidad a masajistas, pedicuras, fisioterapeutas, manicuras, centros de bienestar, cursos de formaci\u00f3n, etc. TouchPro comenz\u00f3 como una peque\u00f1a tienda en los Pa\u00edses Bajos, pero ahora se ha convertido en una tienda con clientes de toda Europa. Ofrecemos una amplia gama de productos de masaje, incluyendo camillas de masaje, aceites, cremas y accesorios de las mejores marcas como Earthlite, Stronglite e InnerStrenght, Habys, Living Earth Crafts y Continuum y otros proveedores de accesorios de masaje. Pida aqu\u00ed los mejores art\u00edculos de masaje de Europa.","email":"info@touchpro-europe.com","telephone":"0858768829","legalName":"TouchPro Europe BV","foundingDate":"2018-01-11","vatID":"NL855430151B01","numberOfEmployees":{"@type":"QuantitativeValue","minValue":"1","maxValue":"10"},"hasMerchantReturnPolicy":{"@type":"MerchantReturnPolicy","merchantReturnLink":"https:\/\/touchproeurope.eu\/es\/retourbeleid\/"}}]},"product_brand":"Earthlite","og_availability":"instock","product_availability":"instock","product_retailer_item_id":"DURA-LUXE\u2122 Microfiber 2-PK FacePillow Cover","product_condition":"new"},"_links":{"self":[{"href":"https:\/\/touchproeurope.eu\/es\/wp-json\/wp\/v2\/product\/15146","targetHints":{"allow":["GET"]}}],"collection":[{"href":"https:\/\/touchproeurope.eu\/es\/wp-json\/wp\/v2\/product"}],"about":[{"href":"https:\/\/touchproeurope.eu\/es\/wp-json\/wp\/v2\/types\/product"}],"replies":[{"embeddable":true,"href":"https:\/\/touchproeurope.eu\/es\/wp-json\/wp\/v2\/comments?post=15146"}],"version-history":[{"count":1,"href":"https:\/\/touchproeurope.eu\/es\/wp-json\/wp\/v2\/product\/15146\/revisions"}],"predecessor-version":[{"id":15156,"href":"https:\/\/touchproeurope.eu\/es\/wp-json\/wp\/v2\/product\/15146\/revisions\/15156"}],"wp:featuredmedia":[{"embeddable":true,"href":"https:\/\/touchproeurope.eu\/es\/wp-json\/wp\/v2\/media\/15153"}],"wp:attachment":[{"href":"https:\/\/touchproeurope.eu\/es\/wp-json\/wp\/v2\/media?parent=15146"}],"wp:term":[{"taxonomy":"product_brand","embeddable":true,"href":"https:\/\/touchproeurope.eu\/es\/wp-json\/wp\/v2\/product_brand?post=15146"},{"taxonomy":"product_cat","embeddable":true,"href":"https:\/\/touchproeurope.eu\/es\/wp-json\/wp\/v2\/product_cat?post=15146"},{"taxonomy":"product_tag","embeddable":true,"href":"https:\/\/touchproeurope.eu\/es\/wp-json\/wp\/v2\/product_tag?post=15146"}],"curies":[{"name":"wp","href":"https:\/\/api.w.org\/{rel}","templated":true}]}}