{"id":15218,"date":"2025-11-30T10:23:13","date_gmt":"2025-11-30T10:23:13","guid":{"rendered":"https:\/\/touchproeurope.eu\/?post_type=product&#038;p=15218"},"modified":"2026-05-13T11:05:51","modified_gmt":"2026-05-13T11:05:51","slug":"juego-completo-de-sabanas-de-microfibra-de-lujo-dura-luxe","status":"publish","type":"product","link":"https:\/\/touchproeurope.eu\/es\/product\/dura-luxe-luxury-microfiber-complete-sheet-set\/","title":{"rendered":"Juego completo de s\u00e1banas de microfibra de lujo DURA-LUXE\u2122"},"content":{"rendered":"<p>El juego completo de s\u00e1banas de microfibra de lujo DURA-LUXE\u2122 de Earthlite ofrece la combinaci\u00f3n definitiva de lujo, durabilidad y facilidad de uso profesional. Este juego de s\u00e1banas de alta calidad se utiliza en los principales centros de bienestar, spas y resorts de todo el mundo, as\u00ed como en cl\u00ednicas de masaje que desean ofrecer a sus clientes una experiencia de primera clase. Con el juego completo de s\u00e1banas de microfibra de lujo DURA-LUXE\u2122, garantizar\u00e1 comodidad y estilo.<\/p>\n<p>El juego est\u00e1 fabricado con microfibra de 125 g\/m\u00b2 doblemente cepillada, la microfibra m\u00e1s refinada y suave que produce Earthlite. El resultado es un tejido sedoso, transpirable y extraordinariamente c\u00f3modo que resulta suave al tacto, justo lo que cabe esperar de este lujoso juego de s\u00e1banas.<\/p>\n<p>Este completo set consta de tres elementos esenciales:<\/p>\n<ul>\n<li>una s\u00e1bana ajustable con el\u00e1sticos resistentes y un ajuste perfecto,<\/li>\n<li>una s\u00e1bana plana de gran tama\u00f1o con la que se puede cubrir a los clientes de forma completa y c\u00f3moda,<\/li>\n<li>Una funda de almohada para almohadas crescent, provista de una fijaci\u00f3n de velcro para mayor sujeci\u00f3n. Con estos accesorios, el juego completo de s\u00e1banas de microfibra de lujo DURA-LUXE\u2122 ofrece versatilidad y funcionalidad.<\/li>\n<\/ul>\n<p>El tejido est\u00e1 dise\u00f1ado para un uso intensivo: resistente a las arrugas, sin encogimiento, sin pelusa y comercialmente duradero. Gracias a las costuras dobles y a las medidas precisas, cada soluci\u00f3n se mantiene perfectamente en su sitio, incluso despu\u00e9s de muchos lavados. El juego es ideal para camillas de masaje de hasta 33\u201d x 73\u201d x 8\u201d y se adapta tanto a esquinas redondeadas como cuadradas, tal y como se espera de un juego de s\u00e1banas completo.<\/p>\n<p>El mantenimiento es sencillo: todas las piezas son lavables a m\u00e1quina, se secan r\u00e1pidamente y no se arrugan, lo que hace que este juego de s\u00e1banas sea perfecto para el uso profesional diario. Earthlite, l\u00edder mundial del mercado desde 1987, es conocida por su acabado de alta calidad, sus materiales duraderos y sus incomparables est\u00e1ndares de comodidad. Con el juego completo de s\u00e1banas de microfibra de lujo DURA-LUXE\u2122, tienes garantizada una alta calidad.<\/p>\n<p>Disponible en blanco atemporal y crema suave, que combina con cualquier sala de masajes o bienestar. Las opciones de color de este lujoso juego de s\u00e1banas facilitan su integraci\u00f3n en cualquier decoraci\u00f3n.<\/p>","protected":false},"excerpt":{"rendered":"<p>Juego completo de s\u00e1banas de microfibra de lujo de Earthlite: incluye una s\u00e1bana ajustable, una s\u00e1bana plana y una funda de almohada crescent. Suaves como la seda, duraderas, sin arrugas y de secado r\u00e1pido. Perfectas para camillas de masaje y spa de hasta 33\u201d x 73\u201d x 8\u201d. Disponibles en blanco y crema.<\/p>\n<p><a href=\"https:\/\/www.earthlite.com\/media\/wysiwyg\/SalesSheets\/2023\/Microfiber_-_Dura-Luxe_and_Essentials_-_1-300-0167_-_Rev_060823.pdf\">Hojas de ventas<\/a><\/p>","protected":false},"featured_media":15222,"comment_status":"open","ping_status":"closed","template":"","meta":[],"product_brand":[343],"product_cat":[109,480],"product_tag":[472,471,473,470,474],"class_list":{"0":"post-15218","1":"product","2":"type-product","3":"status-publish","4":"has-post-thumbnail","6":"product_brand-earthlite","7":"product_cat-katoenen-covers-tafellinnen","8":"product_cat-tafellinnen-covers","9":"product_tag-luxe-spa-laken","10":"product_tag-microvezel-flat-sheet","11":"product_tag-sneldrogend-massage-laken","12":"product_tag-wellness-textiel","13":"product_tag-zijdeachtig-massage-laken","14":"product_shipping_class-normaal-pakket","15":"pa_kleur-vanille-creme","16":"pa_kleur-wit","17":"pa_merk-earthlite","19":"first","20":"onbackorder","21":"taxable","22":"shipping-taxable","23":"purchasable","24":"product-type-variable"},"yoast_head":"<!-- This site is optimized with the Yoast SEO Premium plugin v27.6 (Yoast SEO v27.6) - https:\/\/yoast.com\/product\/yoast-seo-premium-wordpress\/ -->\n<title>DURA-LUXE\u2122 Luxury Microfiber Complete Sheet Set - TouchPro Europe Shop<\/title>\n<meta name=\"description\" content=\"Maak uw massagepraktijken compleet met de DURA-LUXE\u2122 Luxury Microfiber Complete Sheet Set! Geniet van onge\u00ebvenaarde zachtheid en duurzaamheid. \ud83c\udf3f\" \/>\n<meta name=\"robots\" content=\"index, follow, max-snippet:-1, max-image-preview:large, max-video-preview:-1\" \/>\n<link rel=\"canonical\" href=\"https:\/\/touchproeurope.eu\/es\/product\/juego-completo-de-sabanas-de-microfibra-de-lujo-dura-luxe\/\" \/>\n<meta property=\"og:locale\" content=\"es_ES\" \/>\n<meta property=\"og:type\" content=\"article\" \/>\n<meta property=\"og:title\" content=\"DURA-LUXE\u2122 Luxury Microfiber Complete Sheet Set\" \/>\n<meta property=\"og:description\" content=\"Maak uw massagepraktijken compleet met de DURA-LUXE\u2122 Luxury Microfiber Complete Sheet Set! Geniet van onge\u00ebvenaarde zachtheid en duurzaamheid. \ud83c\udf3f\" \/>\n<meta property=\"og:url\" content=\"https:\/\/touchproeurope.eu\/es\/product\/juego-completo-de-sabanas-de-microfibra-de-lujo-dura-luxe\/\" \/>\n<meta property=\"og:site_name\" content=\"TouchPro Europe Shop\" \/>\n<meta property=\"article:publisher\" content=\"https:\/\/www.facebook.com\/TouchproNederland\/?locale=nl_NL%2f\" \/>\n<meta property=\"article:modified_time\" content=\"2026-05-13T11:05:51+00:00\" \/>\n<meta property=\"og:image\" content=\"https:\/\/touchproeurope.eu\/wp-content\/uploads\/2025\/11\/Dura-Luxe_Microfiber_-_Sheet_Set_-_Creme.jpg\" \/>\n\t<meta property=\"og:image:width\" content=\"1600\" \/>\n\t<meta property=\"og:image:height\" content=\"1600\" \/>\n\t<meta property=\"og:image:type\" content=\"image\/jpeg\" \/>\n<meta name=\"twitter:card\" content=\"summary_large_image\" \/>\n<meta name=\"twitter:label1\" content=\"Disponibilidad\" \/>\n\t<meta name=\"twitter:data1\" content=\"Disponible para reservar\" \/>\n<script type=\"application\/ld+json\" class=\"yoast-schema-graph\">{\"@context\":\"https:\\\/\\\/schema.org\",\"@graph\":[{\"@type\":\"WebPage\",\"@id\":\"https:\\\/\\\/touchproeurope.eu\\\/product\\\/dura-luxe-luxury-microfiber-complete-sheet-set\\\/\",\"url\":\"https:\\\/\\\/touchproeurope.eu\\\/product\\\/dura-luxe-luxury-microfiber-complete-sheet-set\\\/\",\"name\":\"DURA-LUXE\u2122 Luxury Microfiber Complete Sheet Set - TouchPro Europe Shop\",\"isPartOf\":{\"@id\":\"https:\\\/\\\/touchproeurope.eu\\\/#website\"},\"primaryImageOfPage\":{\"@id\":\"https:\\\/\\\/touchproeurope.eu\\\/product\\\/dura-luxe-luxury-microfiber-complete-sheet-set\\\/#primaryimage\"},\"image\":{\"@id\":\"https:\\\/\\\/touchproeurope.eu\\\/product\\\/dura-luxe-luxury-microfiber-complete-sheet-set\\\/#primaryimage\"},\"thumbnailUrl\":\"https:\\\/\\\/i0.wp.com\\\/touchproeurope.eu\\\/wp-content\\\/uploads\\\/2025\\\/11\\\/Dura-Luxe_Microfiber_-_Sheet_Set_-_Creme.jpg?fit=1600%2C1600&ssl=1\",\"datePublished\":\"2025-11-30T10:23:13+00:00\",\"dateModified\":\"2026-05-13T11:05:51+00:00\",\"description\":\"Maak uw massagepraktijken compleet met de DURA-LUXE\u2122 Luxury Microfiber Complete Sheet Set! Geniet van onge\u00ebvenaarde zachtheid en duurzaamheid. \ud83c\udf3f\",\"breadcrumb\":{\"@id\":\"https:\\\/\\\/touchproeurope.eu\\\/product\\\/dura-luxe-luxury-microfiber-complete-sheet-set\\\/#breadcrumb\"},\"inLanguage\":\"es\",\"potentialAction\":[{\"@type\":\"ReadAction\",\"target\":[\"https:\\\/\\\/touchproeurope.eu\\\/product\\\/dura-luxe-luxury-microfiber-complete-sheet-set\\\/\"]}]},{\"@type\":\"ImageObject\",\"inLanguage\":\"es\",\"@id\":\"https:\\\/\\\/touchproeurope.eu\\\/product\\\/dura-luxe-luxury-microfiber-complete-sheet-set\\\/#primaryimage\",\"url\":\"https:\\\/\\\/i0.wp.com\\\/touchproeurope.eu\\\/wp-content\\\/uploads\\\/2025\\\/11\\\/Dura-Luxe_Microfiber_-_Sheet_Set_-_Creme.jpg?fit=1600%2C1600&ssl=1\",\"contentUrl\":\"https:\\\/\\\/i0.wp.com\\\/touchproeurope.eu\\\/wp-content\\\/uploads\\\/2025\\\/11\\\/Dura-Luxe_Microfiber_-_Sheet_Set_-_Creme.jpg?fit=1600%2C1600&ssl=1\",\"width\":1600,\"height\":1600,\"caption\":\"Dura-Luxe_Microfiber_-_Sheet_Set_-_Creme\"},{\"@type\":\"BreadcrumbList\",\"@id\":\"https:\\\/\\\/touchproeurope.eu\\\/product\\\/dura-luxe-luxury-microfiber-complete-sheet-set\\\/#breadcrumb\",\"itemListElement\":[{\"@type\":\"ListItem\",\"position\":1,\"name\":\"Home\",\"item\":\"https:\\\/\\\/touchproeurope.eu\\\/\"},{\"@type\":\"ListItem\",\"position\":2,\"name\":\"Winkel\",\"item\":\"https:\\\/\\\/touchproeurope.eu\\\/winkel\\\/\"},{\"@type\":\"ListItem\",\"position\":3,\"name\":\"DURA-LUXE\u2122 Luxury Microfiber Complete Sheet Set\"}]},{\"@type\":\"WebSite\",\"@id\":\"https:\\\/\\\/touchproeurope.eu\\\/#website\",\"url\":\"https:\\\/\\\/touchproeurope.eu\\\/\",\"name\":\"TouchPro Europe Shop\",\"description\":\"Alles voor jouw praktijk met een PROfessionele Touch!\",\"publisher\":{\"@id\":\"https:\\\/\\\/touchproeurope.eu\\\/#organization\"},\"alternateName\":\"TPE\",\"potentialAction\":[{\"@type\":\"SearchAction\",\"target\":{\"@type\":\"EntryPoint\",\"urlTemplate\":\"https:\\\/\\\/touchproeurope.eu\\\/?s={search_term_string}\"},\"query-input\":{\"@type\":\"PropertyValueSpecification\",\"valueRequired\":true,\"valueName\":\"search_term_string\"}}],\"inLanguage\":\"es\"},{\"@type\":\"Organization\",\"@id\":\"https:\\\/\\\/touchproeurope.eu\\\/#organization\",\"name\":\"TouchPro Europe BV\",\"alternateName\":\"TPE\",\"url\":\"https:\\\/\\\/touchproeurope.eu\\\/\",\"logo\":{\"@type\":\"ImageObject\",\"inLanguage\":\"es\",\"@id\":\"https:\\\/\\\/touchproeurope.eu\\\/#\\\/schema\\\/logo\\\/image\\\/\",\"url\":\"https:\\\/\\\/i0.wp.com\\\/touchproeurope.eu\\\/wp-content\\\/uploads\\\/2023\\\/10\\\/2b592c_b6944d80811246d987cc2c29accedf3f.png?fit=1417%2C531&ssl=1\",\"contentUrl\":\"https:\\\/\\\/i0.wp.com\\\/touchproeurope.eu\\\/wp-content\\\/uploads\\\/2023\\\/10\\\/2b592c_b6944d80811246d987cc2c29accedf3f.png?fit=1417%2C531&ssl=1\",\"width\":1417,\"height\":531,\"caption\":\"TouchPro Europe BV\"},\"image\":{\"@id\":\"https:\\\/\\\/touchproeurope.eu\\\/#\\\/schema\\\/logo\\\/image\\\/\"},\"sameAs\":[\"https:\\\/\\\/www.facebook.com\\\/TouchproNederland\\\/?locale=nl_NL\\\/\",\"https:\\\/\\\/www.instagram.com\\\/touchpro2016\\\/\",\"https:\\\/\\\/www.linkedin.com\\\/company\\\/touchpro-europe-bv\\\/\"],\"description\":\"TouchPro Europe Shop is de massage winkel van Europa. Wij verkopen topkwaliteit massageproducten aan masseurs, pedicures, fysiotherapeuten, manicuren, Wellness centra, opleidingen, etc. TouchPro begon als een kleine webshop in Nederland, maar is nu uitgegroeid tot een webshop met klanten uit heel Europa. Wij bieden een breed assortiment aan massageproducten, waaronder massagetafels, oli\u00ebn, cr\u00e8mes, en accessoires van topmerken, zoals Earthlite, Stronglite en InnerStrenght, Habys, Living Earth Crafts en Continuum en andere leveranciers van massage accessoires. Bestel hier de beste massagematerialen van Europa!\",\"email\":\"info@touchpro-europe.com\",\"telephone\":\"0858768829\",\"legalName\":\"TouchPro Europe BV\",\"foundingDate\":\"2018-01-11\",\"vatID\":\"NL855430151B01\",\"numberOfEmployees\":{\"@type\":\"QuantitativeValue\",\"minValue\":\"1\",\"maxValue\":\"10\"},\"hasMerchantReturnPolicy\":{\"@type\":\"MerchantReturnPolicy\",\"merchantReturnLink\":\"https:\\\/\\\/touchproeurope.eu\\\/es\\\/retourbeleid\\\/\"}}]}<\/script>\n<meta property=\"product:brand\" content=\"Earthlite\" \/>\n<meta property=\"og:availability\" content=\"backorder\" \/>\n<meta property=\"product:availability\" content=\"available for order\" \/>\n<meta property=\"product:retailer_item_id\" content=\"DURA-LUXE\u2122 Microfiber Sheet Set\" \/>\n<meta property=\"product:condition\" content=\"new\" \/>\n<!-- \/ Yoast SEO Premium plugin. -->","yoast_head_json":{"title":"Juego completo de s\u00e1banas de microfibra de lujo DURA-LUXE\u2122 - Tienda TouchPro Europe","description":"\u00a1Completa tus pr\u00e1cticas de masaje con el juego completo de s\u00e1banas de microfibra de lujo DURA-LUXE\u2122! Disfruta de una suavidad y durabilidad sin igual. \ud83c\udf3f","robots":{"index":"index","follow":"follow","max-snippet":"max-snippet:-1","max-image-preview":"max-image-preview:large","max-video-preview":"max-video-preview:-1"},"canonical":"https:\/\/touchproeurope.eu\/es\/product\/juego-completo-de-sabanas-de-microfibra-de-lujo-dura-luxe\/","og_locale":"es_ES","og_type":"article","og_title":"DURA-LUXE\u2122 Luxury Microfiber Complete Sheet Set","og_description":"Maak uw massagepraktijken compleet met de DURA-LUXE\u2122 Luxury Microfiber Complete Sheet Set! Geniet van onge\u00ebvenaarde zachtheid en duurzaamheid. \ud83c\udf3f","og_url":"https:\/\/touchproeurope.eu\/es\/product\/juego-completo-de-sabanas-de-microfibra-de-lujo-dura-luxe\/","og_site_name":"TouchPro Europe Shop","article_publisher":"https:\/\/www.facebook.com\/TouchproNederland\/?locale=nl_NL%2f","article_modified_time":"2026-05-13T11:05:51+00:00","og_image":[{"width":1600,"height":1600,"url":"https:\/\/touchproeurope.eu\/wp-content\/uploads\/2025\/11\/Dura-Luxe_Microfiber_-_Sheet_Set_-_Creme.jpg","type":"image\/jpeg"}],"twitter_card":"summary_large_image","twitter_misc":{"Disponibilidad":"Disponible para reservar"},"schema":{"@context":"https:\/\/schema.org","@graph":[{"@type":"WebPage","@id":"https:\/\/touchproeurope.eu\/product\/dura-luxe-luxury-microfiber-complete-sheet-set\/","url":"https:\/\/touchproeurope.eu\/product\/dura-luxe-luxury-microfiber-complete-sheet-set\/","name":"Juego completo de s\u00e1banas de microfibra de lujo DURA-LUXE\u2122 - Tienda TouchPro Europe","isPartOf":{"@id":"https:\/\/touchproeurope.eu\/#website"},"primaryImageOfPage":{"@id":"https:\/\/touchproeurope.eu\/product\/dura-luxe-luxury-microfiber-complete-sheet-set\/#primaryimage"},"image":{"@id":"https:\/\/touchproeurope.eu\/product\/dura-luxe-luxury-microfiber-complete-sheet-set\/#primaryimage"},"thumbnailUrl":"https:\/\/i0.wp.com\/touchproeurope.eu\/wp-content\/uploads\/2025\/11\/Dura-Luxe_Microfiber_-_Sheet_Set_-_Creme.jpg?fit=1600%2C1600&ssl=1","datePublished":"2025-11-30T10:23:13+00:00","dateModified":"2026-05-13T11:05:51+00:00","description":"\u00a1Completa tus pr\u00e1cticas de masaje con el juego completo de s\u00e1banas de microfibra de lujo DURA-LUXE\u2122! Disfruta de una suavidad y durabilidad sin igual. \ud83c\udf3f","breadcrumb":{"@id":"https:\/\/touchproeurope.eu\/product\/dura-luxe-luxury-microfiber-complete-sheet-set\/#breadcrumb"},"inLanguage":"es","potentialAction":[{"@type":"ReadAction","target":["https:\/\/touchproeurope.eu\/product\/dura-luxe-luxury-microfiber-complete-sheet-set\/"]}]},{"@type":"ImageObject","inLanguage":"es","@id":"https:\/\/touchproeurope.eu\/product\/dura-luxe-luxury-microfiber-complete-sheet-set\/#primaryimage","url":"https:\/\/i0.wp.com\/touchproeurope.eu\/wp-content\/uploads\/2025\/11\/Dura-Luxe_Microfiber_-_Sheet_Set_-_Creme.jpg?fit=1600%2C1600&ssl=1","contentUrl":"https:\/\/i0.wp.com\/touchproeurope.eu\/wp-content\/uploads\/2025\/11\/Dura-Luxe_Microfiber_-_Sheet_Set_-_Creme.jpg?fit=1600%2C1600&ssl=1","width":1600,"height":1600,"caption":"Dura-Luxe_Microfiber_-_Sheet_Set_-_Creme"},{"@type":"BreadcrumbList","@id":"https:\/\/touchproeurope.eu\/product\/dura-luxe-luxury-microfiber-complete-sheet-set\/#breadcrumb","itemListElement":[{"@type":"ListItem","position":1,"name":"Home","item":"https:\/\/touchproeurope.eu\/"},{"@type":"ListItem","position":2,"name":"Winkel","item":"https:\/\/touchproeurope.eu\/winkel\/"},{"@type":"ListItem","position":3,"name":"DURA-LUXE\u2122 Luxury Microfiber Complete Sheet Set"}]},{"@type":"WebSite","@id":"https:\/\/touchproeurope.eu\/#website","url":"https:\/\/touchproeurope.eu\/","name":"Tienda TouchPro Europe","description":"\u00a1Todo para su consulta con un toque PROfesional!","publisher":{"@id":"https:\/\/touchproeurope.eu\/#organization"},"alternateName":"TPE","potentialAction":[{"@type":"SearchAction","target":{"@type":"EntryPoint","urlTemplate":"https:\/\/touchproeurope.eu\/?s={search_term_string}"},"query-input":{"@type":"PropertyValueSpecification","valueRequired":true,"valueName":"search_term_string"}}],"inLanguage":"es"},{"@type":"Organization","@id":"https:\/\/touchproeurope.eu\/#organization","name":"TouchPro Europe BV","alternateName":"TPE","url":"https:\/\/touchproeurope.eu\/","logo":{"@type":"ImageObject","inLanguage":"es","@id":"https:\/\/touchproeurope.eu\/#\/schema\/logo\/image\/","url":"https:\/\/i0.wp.com\/touchproeurope.eu\/wp-content\/uploads\/2023\/10\/2b592c_b6944d80811246d987cc2c29accedf3f.png?fit=1417%2C531&ssl=1","contentUrl":"https:\/\/i0.wp.com\/touchproeurope.eu\/wp-content\/uploads\/2023\/10\/2b592c_b6944d80811246d987cc2c29accedf3f.png?fit=1417%2C531&ssl=1","width":1417,"height":531,"caption":"TouchPro Europe BV"},"image":{"@id":"https:\/\/touchproeurope.eu\/#\/schema\/logo\/image\/"},"sameAs":["https:\/\/www.facebook.com\/TouchproNederland\/?locale=nl_NL\/","https:\/\/www.instagram.com\/touchpro2016\/","https:\/\/www.linkedin.com\/company\/touchpro-europe-bv\/"],"description":"TouchPro Europe Shop es la tienda de masajes de Europa. Vendemos productos de masaje de primera calidad a masajistas, pedicuras, fisioterapeutas, manicuras, centros de bienestar, cursos de formaci\u00f3n, etc. TouchPro comenz\u00f3 como una peque\u00f1a tienda en los Pa\u00edses Bajos, pero ahora se ha convertido en una tienda con clientes de toda Europa. Ofrecemos una amplia gama de productos de masaje, incluyendo camillas de masaje, aceites, cremas y accesorios de las mejores marcas como Earthlite, Stronglite e InnerStrenght, Habys, Living Earth Crafts y Continuum y otros proveedores de accesorios de masaje. Pida aqu\u00ed los mejores art\u00edculos de masaje de Europa.","email":"info@touchpro-europe.com","telephone":"0858768829","legalName":"TouchPro Europe BV","foundingDate":"2018-01-11","vatID":"NL855430151B01","numberOfEmployees":{"@type":"QuantitativeValue","minValue":"1","maxValue":"10"},"hasMerchantReturnPolicy":{"@type":"MerchantReturnPolicy","merchantReturnLink":"https:\/\/touchproeurope.eu\/es\/retourbeleid\/"}}]},"product_brand":"Earthlite","og_availability":"backorder","product_availability":"available for order","product_retailer_item_id":"DURA-LUXE\u2122 Microfiber Sheet Set","product_condition":"new"},"_links":{"self":[{"href":"https:\/\/touchproeurope.eu\/es\/wp-json\/wp\/v2\/product\/15218","targetHints":{"allow":["GET"]}}],"collection":[{"href":"https:\/\/touchproeurope.eu\/es\/wp-json\/wp\/v2\/product"}],"about":[{"href":"https:\/\/touchproeurope.eu\/es\/wp-json\/wp\/v2\/types\/product"}],"replies":[{"embeddable":true,"href":"https:\/\/touchproeurope.eu\/es\/wp-json\/wp\/v2\/comments?post=15218"}],"version-history":[{"count":2,"href":"https:\/\/touchproeurope.eu\/es\/wp-json\/wp\/v2\/product\/15218\/revisions"}],"predecessor-version":[{"id":15226,"href":"https:\/\/touchproeurope.eu\/es\/wp-json\/wp\/v2\/product\/15218\/revisions\/15226"}],"wp:featuredmedia":[{"embeddable":true,"href":"https:\/\/touchproeurope.eu\/es\/wp-json\/wp\/v2\/media\/15222"}],"wp:attachment":[{"href":"https:\/\/touchproeurope.eu\/es\/wp-json\/wp\/v2\/media?parent=15218"}],"wp:term":[{"taxonomy":"product_brand","embeddable":true,"href":"https:\/\/touchproeurope.eu\/es\/wp-json\/wp\/v2\/product_brand?post=15218"},{"taxonomy":"product_cat","embeddable":true,"href":"https:\/\/touchproeurope.eu\/es\/wp-json\/wp\/v2\/product_cat?post=15218"},{"taxonomy":"product_tag","embeddable":true,"href":"https:\/\/touchproeurope.eu\/es\/wp-json\/wp\/v2\/product_tag?post=15218"}],"curies":[{"name":"wp","href":"https:\/\/api.w.org\/{rel}","templated":true}]}}