{"id":15351,"date":"2025-12-10T12:54:27","date_gmt":"2025-12-10T12:54:27","guid":{"rendered":"https:\/\/touchproeurope.eu\/?post_type=product&#038;p=15351"},"modified":"2026-05-01T13:59:29","modified_gmt":"2026-05-01T13:59:29","slug":"funda-resistente-al-aceite-para-esterillas-shiatsu","status":"publish","type":"product","link":"https:\/\/touchproeurope.eu\/es\/product\/oliebestendige-hoes-voor-shiatsu-matten\/","title":{"rendered":"Funda resistente al aceite para colchonetas de shiatsu"},"content":{"rendered":"<p>La funda resistente al aceite para esterillas de shiatsu se ha desarrollado especialmente para los profesionales que trabajan con aceites de masaje, lociones, cremas u otros productos de cuidado. Esta funda duradera hecha de material PU de alta calidad protege totalmente la esterilla de las filtraciones de aceite, las manchas y el desgaste prematuro. Esto mantiene su esterilla de shiatsu limpia, higi\u00e9nica y en \u00f3ptimas condiciones durante m\u00e1s tiempo, incluso con un uso diario intensivo.<\/p>\n<p>El dise\u00f1o es deliberadamente m\u00e1s ancho que la alfombrilla, lo que permite meter la funda completamente debajo de la alfombrilla. Esto evita que se deslice durante su uso y crea una superficie elegante y profesional en la que podr\u00e1 trabajar c\u00f3modamente. El tejido de PU es flexible y resistente a la vez, y ofrece una superficie lisa y f\u00e1cil de limpiar que puede soportar el uso frecuente en entornos profesionales como consultas de shiatsu, salones de masaje, fisioterapia y centros de bienestar.<\/p>\n<p>Esta funda se puede lavar a m\u00e1quina hasta 60 \u00b0C y conservar\u00e1 su calidad si la cuidas con esmero. Para garantizar la durabilidad del material, no utilice suavizante, lej\u00eda, cloro ni productos de limpieza a base de alcohol. El elegante color crema le da un aspecto tranquilo y limpio que combina con casi cualquier ambiente de tratamiento.<\/p>\n<p>La funda est\u00e1 disponible en dos tama\u00f1os, adecuados para diferentes anchuras de esterillas de shiatsu, por lo que siempre tendr\u00e1 una soluci\u00f3n adecuada para su pr\u00e1ctica. Un accesorio indispensable para cualquier terapeuta que trabaje a nivel de esterilla y valore la higiene y la protecci\u00f3n de alta calidad.\u201d<\/p>","protected":false},"excerpt":{"rendered":"<p>Funda de PU resistente al aceite para esterillas de shiatsu. Ideal para trabajar con aceite, loci\u00f3n o crema. Tama\u00f1o amplio para meterla debajo de la esterilla. Lavable a m\u00e1quina hasta 60\u00b0C. Disponible en 2 tama\u00f1os, color crema.<\/p>\n<p><strong>Atenci\u00f3n: los art\u00edculos de Bodynova tienen un plazo de entrega m\u00ednimo de 4-5 d\u00edas.<\/strong><\/p>","protected":false},"featured_media":15348,"comment_status":"open","ping_status":"closed","template":"","meta":[],"product_brand":[363],"product_cat":[367,356],"product_tag":[324,481,482,483],"class_list":{"0":"post-15351","1":"product","2":"type-product","3":"status-publish","4":"has-post-thumbnail","6":"product_brand-bodynova","7":"product_cat-shiatsu-mat","8":"product_cat-yoga-meditatie","9":"product_tag-olie-bestendig","10":"product_tag-pu-shiatsu-mat-cover","11":"product_tag-shiatsu-accessoires","12":"product_tag-spa-mat-cover","13":"product_shipping_class-klein-pakket","14":"pa_kleur-creme","15":"pa_merk-bodynova","17":"first","18":"instock","19":"taxable","20":"shipping-taxable","21":"purchasable","22":"product-type-variable"},"yoast_head":"<!-- This site is optimized with the Yoast SEO Premium plugin v27.5 (Yoast SEO v27.5) - https:\/\/yoast.com\/product\/yoast-seo-premium-wordpress\/ -->\n<title>Oliebestendige hoes voor shiatsu-matten - TouchPro Europe Shop<\/title>\n<meta name=\"description\" content=\"Zorg voor je shiatsu-mat met onze duurzame olie- en vlekbestendige hoes. Ideaal voor dagelijkse behandeling met oli\u00ebn en cr\u00e8mes, bestel snel!\" \/>\n<meta name=\"robots\" content=\"index, follow, max-snippet:-1, max-image-preview:large, max-video-preview:-1\" \/>\n<link rel=\"canonical\" href=\"https:\/\/touchproeurope.eu\/es\/product\/funda-resistente-al-aceite-para-esterillas-shiatsu\/\" \/>\n<meta property=\"og:locale\" content=\"es_ES\" \/>\n<meta property=\"og:type\" content=\"article\" \/>\n<meta property=\"og:title\" content=\"Oliebestendige hoes voor shiatsu-matten\" \/>\n<meta property=\"og:description\" content=\"Zorg voor je shiatsu-mat met onze duurzame olie- en vlekbestendige hoes. Ideaal voor dagelijkse behandeling met oli\u00ebn en cr\u00e8mes, bestel snel!\" \/>\n<meta property=\"og:url\" content=\"https:\/\/touchproeurope.eu\/es\/product\/funda-resistente-al-aceite-para-esterillas-shiatsu\/\" \/>\n<meta property=\"og:site_name\" content=\"TouchPro Europe Shop\" \/>\n<meta property=\"article:publisher\" content=\"https:\/\/www.facebook.com\/TouchproNederland\/?locale=nl_NL%2f\" \/>\n<meta property=\"article:modified_time\" content=\"2026-05-01T13:59:29+00:00\" \/>\n<meta property=\"og:image\" content=\"https:\/\/touchproeurope.eu\/wp-content\/uploads\/2025\/12\/oeb140_34724.jpg\" \/>\n\t<meta property=\"og:image:width\" content=\"665\" \/>\n\t<meta property=\"og:image:height\" content=\"665\" \/>\n\t<meta property=\"og:image:type\" content=\"image\/jpeg\" \/>\n<meta name=\"twitter:card\" content=\"summary_large_image\" \/>\n<meta name=\"twitter:label1\" content=\"Disponibilidad\" \/>\n\t<meta name=\"twitter:data1\" content=\"Disponible\" \/>\n<script type=\"application\/ld+json\" class=\"yoast-schema-graph\">{\"@context\":\"https:\\\/\\\/schema.org\",\"@graph\":[{\"@type\":\"WebPage\",\"@id\":\"https:\\\/\\\/touchproeurope.eu\\\/product\\\/oliebestendige-hoes-voor-shiatsu-matten\\\/\",\"url\":\"https:\\\/\\\/touchproeurope.eu\\\/product\\\/oliebestendige-hoes-voor-shiatsu-matten\\\/\",\"name\":\"Oliebestendige hoes voor shiatsu-matten - TouchPro Europe Shop\",\"isPartOf\":{\"@id\":\"https:\\\/\\\/touchproeurope.eu\\\/#website\"},\"primaryImageOfPage\":{\"@id\":\"https:\\\/\\\/touchproeurope.eu\\\/product\\\/oliebestendige-hoes-voor-shiatsu-matten\\\/#primaryimage\"},\"image\":{\"@id\":\"https:\\\/\\\/touchproeurope.eu\\\/product\\\/oliebestendige-hoes-voor-shiatsu-matten\\\/#primaryimage\"},\"thumbnailUrl\":\"https:\\\/\\\/i0.wp.com\\\/touchproeurope.eu\\\/wp-content\\\/uploads\\\/2025\\\/12\\\/oeb140_34724.jpg?fit=665%2C665&ssl=1\",\"datePublished\":\"2025-12-10T12:54:27+00:00\",\"dateModified\":\"2026-05-01T13:59:29+00:00\",\"description\":\"Zorg voor je shiatsu-mat met onze duurzame olie- en vlekbestendige hoes. Ideaal voor dagelijkse behandeling met oli\u00ebn en cr\u00e8mes, bestel snel!\",\"breadcrumb\":{\"@id\":\"https:\\\/\\\/touchproeurope.eu\\\/product\\\/oliebestendige-hoes-voor-shiatsu-matten\\\/#breadcrumb\"},\"inLanguage\":\"es\",\"potentialAction\":[{\"@type\":\"ReadAction\",\"target\":[\"https:\\\/\\\/touchproeurope.eu\\\/product\\\/oliebestendige-hoes-voor-shiatsu-matten\\\/\"]}]},{\"@type\":\"ImageObject\",\"inLanguage\":\"es\",\"@id\":\"https:\\\/\\\/touchproeurope.eu\\\/product\\\/oliebestendige-hoes-voor-shiatsu-matten\\\/#primaryimage\",\"url\":\"https:\\\/\\\/i0.wp.com\\\/touchproeurope.eu\\\/wp-content\\\/uploads\\\/2025\\\/12\\\/oeb140_34724.jpg?fit=665%2C665&ssl=1\",\"contentUrl\":\"https:\\\/\\\/i0.wp.com\\\/touchproeurope.eu\\\/wp-content\\\/uploads\\\/2025\\\/12\\\/oeb140_34724.jpg?fit=665%2C665&ssl=1\",\"width\":665,\"height\":665,\"caption\":\"Oliebestendige hoes voor shiatsu-matten\"},{\"@type\":\"BreadcrumbList\",\"@id\":\"https:\\\/\\\/touchproeurope.eu\\\/product\\\/oliebestendige-hoes-voor-shiatsu-matten\\\/#breadcrumb\",\"itemListElement\":[{\"@type\":\"ListItem\",\"position\":1,\"name\":\"Home\",\"item\":\"https:\\\/\\\/touchproeurope.eu\\\/\"},{\"@type\":\"ListItem\",\"position\":2,\"name\":\"Winkel\",\"item\":\"https:\\\/\\\/touchproeurope.eu\\\/winkel\\\/\"},{\"@type\":\"ListItem\",\"position\":3,\"name\":\"Oliebestendige hoes voor shiatsu-matten\"}]},{\"@type\":\"WebSite\",\"@id\":\"https:\\\/\\\/touchproeurope.eu\\\/#website\",\"url\":\"https:\\\/\\\/touchproeurope.eu\\\/\",\"name\":\"TouchPro Europe Shop\",\"description\":\"Alles voor jouw praktijk met een PROfessionele Touch!\",\"publisher\":{\"@id\":\"https:\\\/\\\/touchproeurope.eu\\\/#organization\"},\"alternateName\":\"TPE\",\"potentialAction\":[{\"@type\":\"SearchAction\",\"target\":{\"@type\":\"EntryPoint\",\"urlTemplate\":\"https:\\\/\\\/touchproeurope.eu\\\/?s={search_term_string}\"},\"query-input\":{\"@type\":\"PropertyValueSpecification\",\"valueRequired\":true,\"valueName\":\"search_term_string\"}}],\"inLanguage\":\"es\"},{\"@type\":\"Organization\",\"@id\":\"https:\\\/\\\/touchproeurope.eu\\\/#organization\",\"name\":\"TouchPro Europe BV\",\"alternateName\":\"TPE\",\"url\":\"https:\\\/\\\/touchproeurope.eu\\\/\",\"logo\":{\"@type\":\"ImageObject\",\"inLanguage\":\"es\",\"@id\":\"https:\\\/\\\/touchproeurope.eu\\\/#\\\/schema\\\/logo\\\/image\\\/\",\"url\":\"https:\\\/\\\/i0.wp.com\\\/touchproeurope.eu\\\/wp-content\\\/uploads\\\/2023\\\/10\\\/2b592c_b6944d80811246d987cc2c29accedf3f.png?fit=1417%2C531&ssl=1\",\"contentUrl\":\"https:\\\/\\\/i0.wp.com\\\/touchproeurope.eu\\\/wp-content\\\/uploads\\\/2023\\\/10\\\/2b592c_b6944d80811246d987cc2c29accedf3f.png?fit=1417%2C531&ssl=1\",\"width\":1417,\"height\":531,\"caption\":\"TouchPro Europe BV\"},\"image\":{\"@id\":\"https:\\\/\\\/touchproeurope.eu\\\/#\\\/schema\\\/logo\\\/image\\\/\"},\"sameAs\":[\"https:\\\/\\\/www.facebook.com\\\/TouchproNederland\\\/?locale=nl_NL\\\/\",\"https:\\\/\\\/www.instagram.com\\\/touchpro2016\\\/\",\"https:\\\/\\\/www.linkedin.com\\\/company\\\/touchpro-europe-bv\\\/\"],\"description\":\"TouchPro Europe Shop is de massage winkel van Europa. Wij verkopen topkwaliteit massageproducten aan masseurs, pedicures, fysiotherapeuten, manicuren, Wellness centra, opleidingen, etc. TouchPro begon als een kleine webshop in Nederland, maar is nu uitgegroeid tot een webshop met klanten uit heel Europa. Wij bieden een breed assortiment aan massageproducten, waaronder massagetafels, oli\u00ebn, cr\u00e8mes, en accessoires van topmerken, zoals Earthlite, Stronglite en InnerStrenght, Habys, Living Earth Crafts en Continuum en andere leveranciers van massage accessoires. Bestel hier de beste massagematerialen van Europa!\",\"email\":\"info@touchpro-europe.com\",\"telephone\":\"0858768829\",\"legalName\":\"TouchPro Europe BV\",\"foundingDate\":\"2018-01-11\",\"vatID\":\"NL855430151B01\",\"numberOfEmployees\":{\"@type\":\"QuantitativeValue\",\"minValue\":\"1\",\"maxValue\":\"10\"},\"hasMerchantReturnPolicy\":{\"@type\":\"MerchantReturnPolicy\",\"merchantReturnLink\":\"https:\\\/\\\/touchproeurope.eu\\\/es\\\/retourbeleid\\\/\"}}]}<\/script>\n<meta property=\"product:brand\" content=\"Bodynova\" \/>\n<meta property=\"og:availability\" content=\"instock\" \/>\n<meta property=\"product:availability\" content=\"instock\" \/>\n<meta property=\"product:retailer_item_id\" content=\"Oliebestendige hoes voor shiatsu-matten\" \/>\n<meta property=\"product:condition\" content=\"new\" \/>\n<!-- \/ Yoast SEO Premium plugin. -->","yoast_head_json":{"title":"Funda resistente al aceite para esterillas shiatsu - Tienda TouchPro Europe","description":"Cuide su esterilla de shiatsu con nuestra duradera funda resistente al aceite y las manchas. Ideal para el tratamiento diario con aceites y cremas, \u00a1haga su pedido r\u00e1pidamente!","robots":{"index":"index","follow":"follow","max-snippet":"max-snippet:-1","max-image-preview":"max-image-preview:large","max-video-preview":"max-video-preview:-1"},"canonical":"https:\/\/touchproeurope.eu\/es\/product\/funda-resistente-al-aceite-para-esterillas-shiatsu\/","og_locale":"es_ES","og_type":"article","og_title":"Oliebestendige hoes voor shiatsu-matten","og_description":"Zorg voor je shiatsu-mat met onze duurzame olie- en vlekbestendige hoes. Ideaal voor dagelijkse behandeling met oli\u00ebn en cr\u00e8mes, bestel snel!","og_url":"https:\/\/touchproeurope.eu\/es\/product\/funda-resistente-al-aceite-para-esterillas-shiatsu\/","og_site_name":"TouchPro Europe Shop","article_publisher":"https:\/\/www.facebook.com\/TouchproNederland\/?locale=nl_NL%2f","article_modified_time":"2026-05-01T13:59:29+00:00","og_image":[{"width":665,"height":665,"url":"https:\/\/touchproeurope.eu\/wp-content\/uploads\/2025\/12\/oeb140_34724.jpg","type":"image\/jpeg"}],"twitter_card":"summary_large_image","twitter_misc":{"Disponibilidad":"Disponible"},"schema":{"@context":"https:\/\/schema.org","@graph":[{"@type":"WebPage","@id":"https:\/\/touchproeurope.eu\/product\/oliebestendige-hoes-voor-shiatsu-matten\/","url":"https:\/\/touchproeurope.eu\/product\/oliebestendige-hoes-voor-shiatsu-matten\/","name":"Funda resistente al aceite para esterillas shiatsu - Tienda TouchPro Europe","isPartOf":{"@id":"https:\/\/touchproeurope.eu\/#website"},"primaryImageOfPage":{"@id":"https:\/\/touchproeurope.eu\/product\/oliebestendige-hoes-voor-shiatsu-matten\/#primaryimage"},"image":{"@id":"https:\/\/touchproeurope.eu\/product\/oliebestendige-hoes-voor-shiatsu-matten\/#primaryimage"},"thumbnailUrl":"https:\/\/i0.wp.com\/touchproeurope.eu\/wp-content\/uploads\/2025\/12\/oeb140_34724.jpg?fit=665%2C665&ssl=1","datePublished":"2025-12-10T12:54:27+00:00","dateModified":"2026-05-01T13:59:29+00:00","description":"Cuide su esterilla de shiatsu con nuestra duradera funda resistente al aceite y las manchas. Ideal para el tratamiento diario con aceites y cremas, \u00a1haga su pedido r\u00e1pidamente!","breadcrumb":{"@id":"https:\/\/touchproeurope.eu\/product\/oliebestendige-hoes-voor-shiatsu-matten\/#breadcrumb"},"inLanguage":"es","potentialAction":[{"@type":"ReadAction","target":["https:\/\/touchproeurope.eu\/product\/oliebestendige-hoes-voor-shiatsu-matten\/"]}]},{"@type":"ImageObject","inLanguage":"es","@id":"https:\/\/touchproeurope.eu\/product\/oliebestendige-hoes-voor-shiatsu-matten\/#primaryimage","url":"https:\/\/i0.wp.com\/touchproeurope.eu\/wp-content\/uploads\/2025\/12\/oeb140_34724.jpg?fit=665%2C665&ssl=1","contentUrl":"https:\/\/i0.wp.com\/touchproeurope.eu\/wp-content\/uploads\/2025\/12\/oeb140_34724.jpg?fit=665%2C665&ssl=1","width":665,"height":665,"caption":"Oliebestendige hoes voor shiatsu-matten"},{"@type":"BreadcrumbList","@id":"https:\/\/touchproeurope.eu\/product\/oliebestendige-hoes-voor-shiatsu-matten\/#breadcrumb","itemListElement":[{"@type":"ListItem","position":1,"name":"Home","item":"https:\/\/touchproeurope.eu\/"},{"@type":"ListItem","position":2,"name":"Winkel","item":"https:\/\/touchproeurope.eu\/winkel\/"},{"@type":"ListItem","position":3,"name":"Oliebestendige hoes voor shiatsu-matten"}]},{"@type":"WebSite","@id":"https:\/\/touchproeurope.eu\/#website","url":"https:\/\/touchproeurope.eu\/","name":"Tienda TouchPro Europe","description":"\u00a1Todo para su consulta con un toque PROfesional!","publisher":{"@id":"https:\/\/touchproeurope.eu\/#organization"},"alternateName":"TPE","potentialAction":[{"@type":"SearchAction","target":{"@type":"EntryPoint","urlTemplate":"https:\/\/touchproeurope.eu\/?s={search_term_string}"},"query-input":{"@type":"PropertyValueSpecification","valueRequired":true,"valueName":"search_term_string"}}],"inLanguage":"es"},{"@type":"Organization","@id":"https:\/\/touchproeurope.eu\/#organization","name":"TouchPro Europe BV","alternateName":"TPE","url":"https:\/\/touchproeurope.eu\/","logo":{"@type":"ImageObject","inLanguage":"es","@id":"https:\/\/touchproeurope.eu\/#\/schema\/logo\/image\/","url":"https:\/\/i0.wp.com\/touchproeurope.eu\/wp-content\/uploads\/2023\/10\/2b592c_b6944d80811246d987cc2c29accedf3f.png?fit=1417%2C531&ssl=1","contentUrl":"https:\/\/i0.wp.com\/touchproeurope.eu\/wp-content\/uploads\/2023\/10\/2b592c_b6944d80811246d987cc2c29accedf3f.png?fit=1417%2C531&ssl=1","width":1417,"height":531,"caption":"TouchPro Europe BV"},"image":{"@id":"https:\/\/touchproeurope.eu\/#\/schema\/logo\/image\/"},"sameAs":["https:\/\/www.facebook.com\/TouchproNederland\/?locale=nl_NL\/","https:\/\/www.instagram.com\/touchpro2016\/","https:\/\/www.linkedin.com\/company\/touchpro-europe-bv\/"],"description":"TouchPro Europe Shop es la tienda de masajes de Europa. Vendemos productos de masaje de primera calidad a masajistas, pedicuras, fisioterapeutas, manicuras, centros de bienestar, cursos de formaci\u00f3n, etc. TouchPro comenz\u00f3 como una peque\u00f1a tienda en los Pa\u00edses Bajos, pero ahora se ha convertido en una tienda con clientes de toda Europa. Ofrecemos una amplia gama de productos de masaje, incluyendo camillas de masaje, aceites, cremas y accesorios de las mejores marcas como Earthlite, Stronglite e InnerStrenght, Habys, Living Earth Crafts y Continuum y otros proveedores de accesorios de masaje. Pida aqu\u00ed los mejores art\u00edculos de masaje de Europa.","email":"info@touchpro-europe.com","telephone":"0858768829","legalName":"TouchPro Europe BV","foundingDate":"2018-01-11","vatID":"NL855430151B01","numberOfEmployees":{"@type":"QuantitativeValue","minValue":"1","maxValue":"10"},"hasMerchantReturnPolicy":{"@type":"MerchantReturnPolicy","merchantReturnLink":"https:\/\/touchproeurope.eu\/es\/retourbeleid\/"}}]},"product_brand":"Bodynova","og_availability":"instock","product_availability":"instock","product_retailer_item_id":"Oliebestendige hoes voor shiatsu-matten","product_condition":"new"},"_links":{"self":[{"href":"https:\/\/touchproeurope.eu\/es\/wp-json\/wp\/v2\/product\/15351","targetHints":{"allow":["GET"]}}],"collection":[{"href":"https:\/\/touchproeurope.eu\/es\/wp-json\/wp\/v2\/product"}],"about":[{"href":"https:\/\/touchproeurope.eu\/es\/wp-json\/wp\/v2\/types\/product"}],"replies":[{"embeddable":true,"href":"https:\/\/touchproeurope.eu\/es\/wp-json\/wp\/v2\/comments?post=15351"}],"version-history":[{"count":2,"href":"https:\/\/touchproeurope.eu\/es\/wp-json\/wp\/v2\/product\/15351\/revisions"}],"predecessor-version":[{"id":15358,"href":"https:\/\/touchproeurope.eu\/es\/wp-json\/wp\/v2\/product\/15351\/revisions\/15358"}],"wp:featuredmedia":[{"embeddable":true,"href":"https:\/\/touchproeurope.eu\/es\/wp-json\/wp\/v2\/media\/15348"}],"wp:attachment":[{"href":"https:\/\/touchproeurope.eu\/es\/wp-json\/wp\/v2\/media?parent=15351"}],"wp:term":[{"taxonomy":"product_brand","embeddable":true,"href":"https:\/\/touchproeurope.eu\/es\/wp-json\/wp\/v2\/product_brand?post=15351"},{"taxonomy":"product_cat","embeddable":true,"href":"https:\/\/touchproeurope.eu\/es\/wp-json\/wp\/v2\/product_cat?post=15351"},{"taxonomy":"product_tag","embeddable":true,"href":"https:\/\/touchproeurope.eu\/es\/wp-json\/wp\/v2\/product_tag?post=15351"}],"curies":[{"name":"wp","href":"https:\/\/api.w.org\/{rel}","templated":true}]}}