{"id":15712,"date":"2026-01-26T13:24:01","date_gmt":"2026-01-26T13:24:01","guid":{"rendered":"https:\/\/touchproeurope.eu\/?post_type=product&#038;p=15712"},"modified":"2026-04-22T09:41:25","modified_gmt":"2026-04-22T09:41:25","slug":"esterilla-de-yoga-rishikesh-travel-60-xl","status":"publish","type":"product","link":"https:\/\/touchproeurope.eu\/es\/product\/yogamat-rishikesh-travel-60-xl\/","title":{"rendered":"Esterilla de yoga RISHIKESH TRAVEL 60 XL"},"content":{"rendered":"<p>La esterilla de yoga RISHIKESH TRAVEL 60 XL est\u00e1 especialmente dise\u00f1ada para los yoguis que necesitan una longitud extra. Al mismo tiempo, la esterilla es adecuada para aquellos que siguen buscando una esterilla de yoga de viaje ligera y compacta.<\/p>\n<p>La esterilla de yoga RISHIKESH TRAVEL 60 es ideal si desea combinar flexibilidad y comodidad mientras viaja.<\/p>\n<p>Esta variante XL ofrece la misma robusta calidad y durabilidad que las versiones XL de las series Rishikesh Premium y Kailash Premium. Pero con s\u00f3lo 2 mm de grosor, esta esterilla es considerablemente m\u00e1s fina y ligera. Esto hace que la esterilla sea ideal para viajar.<\/p>\n<p>Gracias a su generosa longitud de 200 cm, esta esterilla de yoga es perfecta para los practicantes de yoga m\u00e1s altos. La esterilla tambi\u00e9n es ideal para ejercicios en los que se necesita m\u00e1s espacio para moverse. A pesar de su delgado dise\u00f1o, la esterilla, al igual que la esterilla de yoga RISHIKESH TRAVEL 60, se mantiene estable y fiable. Esto le permite practicar en su propia esterilla de yoga familiar sobre la marcha. La esterilla es f\u00e1cilmente plegable y cabe sin problemas en una maleta o bolsa de viaje.<\/p>\n<p>La Rishikesh Travel 60 XL est\u00e1 hecha de PVC de alta calidad, fabricado en Alemania y con certificaci\u00f3n OEKO-TEX\u00ae Standard 100. Esto garantiza que la esterilla no contiene ftalatos ni otras sustancias nocivas. El material es resistente, f\u00e1cil de cuidar y adecuado para un uso regular durante viajes, retiros y yoga al aire libre. Adem\u00e1s, la esterilla de yoga RISHIKESH TRAVEL 60 es una opci\u00f3n popular para las personas que se desplazan mucho.<\/p>\n<p>La esterilla de yoga se puede lavar a m\u00e1quina hasta 30 \u00b0C en ciclo delicado. Para evitar da\u00f1os, no utilice detergente ni suavizante y no la seque con centrifugadora. Tenga en cuenta que las esterillas de yoga de PVC no son absorbentes; cuando est\u00e1n h\u00famedas o transpiradas, el agarre puede disminuir temporalmente.<\/p>\n<p>La Rishikesh Travel 60 XL es la elecci\u00f3n ideal para quienes no quieren renunciar a la longitud, la calidad y la higiene durante los desplazamientos. En resumen, con la esterilla de yoga RISHIKESH TRAVEL 60, eliges comodidad, higiene y movilidad durante cada sesi\u00f3n de yoga.<\/p>","protected":false},"excerpt":{"rendered":"<p>Esterilla de yoga de viaje extralarga y ligera de 200 cm. S\u00f3lo 2 mm de grosor, plegable y duradera. Certificada OEKO-TEX\u00ae y libre de sustancias nocivas. Perfecta para practicar yoga sobre la marcha.<\/p>\n<p><strong>Atenci\u00f3n: los art\u00edculos de Bodynova tienen un plazo de entrega m\u00ednimo de 4-5 d\u00edas.<\/strong><\/p>","protected":false},"featured_media":15717,"comment_status":"open","ping_status":"closed","template":"","meta":[],"product_brand":[545],"product_cat":[356,368],"product_tag":[],"class_list":{"0":"post-15712","1":"product","2":"type-product","3":"status-publish","4":"has-post-thumbnail","6":"product_brand-bodhi","7":"product_cat-yoga-meditatie","8":"product_cat-yogamat","9":"product_shipping_class-klein-pakket","10":"pa_kleur-blauw","11":"pa_kleur-bordeaux","12":"pa_kleur-taupe","13":"pa_merk-bodhi","15":"first","16":"instock","17":"taxable","18":"shipping-taxable","19":"purchasable","20":"product-type-variable"},"yoast_head":"<!-- This site is optimized with the Yoast SEO Premium plugin v27.4 (Yoast SEO v27.4) - https:\/\/yoast.com\/product\/yoast-seo-premium-wordpress\/ -->\n<title>Yogamat RISHIKESH TRAVEL 60 XL - TouchPro Europe Shop<\/title>\n<meta name=\"description\" content=\"Verbeter je yogabeoefening met de Yogamat RISHIKESH TRAVEL 60. Ideaal voor reizen, lichtgewicht en eenvoudig draagbaar, koop hem vandaag!\" \/>\n<meta name=\"robots\" content=\"index, follow, max-snippet:-1, max-image-preview:large, max-video-preview:-1\" \/>\n<link rel=\"canonical\" href=\"https:\/\/touchproeurope.eu\/es\/product\/esterilla-de-yoga-rishikesh-travel-60-xl\/\" \/>\n<meta property=\"og:locale\" content=\"es_ES\" \/>\n<meta property=\"og:type\" content=\"article\" \/>\n<meta property=\"og:title\" content=\"Yogamat RISHIKESH TRAVEL 60 XL\" \/>\n<meta property=\"og:description\" content=\"Verbeter je yogabeoefening met de Yogamat RISHIKESH TRAVEL 60. Ideaal voor reizen, lichtgewicht en eenvoudig draagbaar, koop hem vandaag!\" \/>\n<meta property=\"og:url\" content=\"https:\/\/touchproeurope.eu\/es\/product\/esterilla-de-yoga-rishikesh-travel-60-xl\/\" \/>\n<meta property=\"og:site_name\" content=\"TouchPro Europe Shop\" \/>\n<meta property=\"article:publisher\" content=\"https:\/\/www.facebook.com\/TouchproNederland\/?locale=nl_NL%2f\" \/>\n<meta property=\"article:modified_time\" content=\"2026-04-22T09:41:25+00:00\" \/>\n<meta property=\"og:image\" content=\"https:\/\/touchproeurope.eu\/wp-content\/uploads\/2026\/01\/471x_rishikesh_xl_bodhi_yogamatte_vaterbild-e1769435951413.jpg\" \/>\n\t<meta property=\"og:image:width\" content=\"800\" \/>\n\t<meta property=\"og:image:height\" content=\"800\" \/>\n\t<meta property=\"og:image:type\" content=\"image\/jpeg\" \/>\n<meta name=\"twitter:card\" content=\"summary_large_image\" \/>\n<meta name=\"twitter:label1\" content=\"Disponibilidad\" \/>\n\t<meta name=\"twitter:data1\" content=\"Disponible\" \/>\n<script type=\"application\/ld+json\" class=\"yoast-schema-graph\">{\"@context\":\"https:\\\/\\\/schema.org\",\"@graph\":[{\"@type\":\"WebPage\",\"@id\":\"https:\\\/\\\/touchproeurope.eu\\\/product\\\/yogamat-rishikesh-travel-60-xl\\\/\",\"url\":\"https:\\\/\\\/touchproeurope.eu\\\/product\\\/yogamat-rishikesh-travel-60-xl\\\/\",\"name\":\"Yogamat RISHIKESH TRAVEL 60 XL - TouchPro Europe Shop\",\"isPartOf\":{\"@id\":\"https:\\\/\\\/touchproeurope.eu\\\/#website\"},\"primaryImageOfPage\":{\"@id\":\"https:\\\/\\\/touchproeurope.eu\\\/product\\\/yogamat-rishikesh-travel-60-xl\\\/#primaryimage\"},\"image\":{\"@id\":\"https:\\\/\\\/touchproeurope.eu\\\/product\\\/yogamat-rishikesh-travel-60-xl\\\/#primaryimage\"},\"thumbnailUrl\":\"https:\\\/\\\/i0.wp.com\\\/touchproeurope.eu\\\/wp-content\\\/uploads\\\/2026\\\/01\\\/471x_rishikesh_xl_bodhi_yogamatte_vaterbild-e1769435951413.jpg?fit=800%2C800&ssl=1\",\"datePublished\":\"2026-01-26T13:24:01+00:00\",\"dateModified\":\"2026-04-22T09:41:25+00:00\",\"description\":\"Verbeter je yogabeoefening met de Yogamat RISHIKESH TRAVEL 60. Ideaal voor reizen, lichtgewicht en eenvoudig draagbaar, koop hem vandaag!\",\"breadcrumb\":{\"@id\":\"https:\\\/\\\/touchproeurope.eu\\\/product\\\/yogamat-rishikesh-travel-60-xl\\\/#breadcrumb\"},\"inLanguage\":\"es\",\"potentialAction\":[{\"@type\":\"ReadAction\",\"target\":[\"https:\\\/\\\/touchproeurope.eu\\\/product\\\/yogamat-rishikesh-travel-60-xl\\\/\"]}]},{\"@type\":\"ImageObject\",\"inLanguage\":\"es\",\"@id\":\"https:\\\/\\\/touchproeurope.eu\\\/product\\\/yogamat-rishikesh-travel-60-xl\\\/#primaryimage\",\"url\":\"https:\\\/\\\/i0.wp.com\\\/touchproeurope.eu\\\/wp-content\\\/uploads\\\/2026\\\/01\\\/471x_rishikesh_xl_bodhi_yogamatte_vaterbild-e1769435951413.jpg?fit=800%2C800&ssl=1\",\"contentUrl\":\"https:\\\/\\\/i0.wp.com\\\/touchproeurope.eu\\\/wp-content\\\/uploads\\\/2026\\\/01\\\/471x_rishikesh_xl_bodhi_yogamatte_vaterbild-e1769435951413.jpg?fit=800%2C800&ssl=1\",\"width\":800,\"height\":800,\"caption\":\"Yogamat RISHIKESH TRAVEL 60 XL\"},{\"@type\":\"BreadcrumbList\",\"@id\":\"https:\\\/\\\/touchproeurope.eu\\\/product\\\/yogamat-rishikesh-travel-60-xl\\\/#breadcrumb\",\"itemListElement\":[{\"@type\":\"ListItem\",\"position\":1,\"name\":\"Home\",\"item\":\"https:\\\/\\\/touchproeurope.eu\\\/\"},{\"@type\":\"ListItem\",\"position\":2,\"name\":\"Winkel\",\"item\":\"https:\\\/\\\/touchproeurope.eu\\\/winkel\\\/\"},{\"@type\":\"ListItem\",\"position\":3,\"name\":\"Yogamat RISHIKESH TRAVEL 60 XL\"}]},{\"@type\":\"WebSite\",\"@id\":\"https:\\\/\\\/touchproeurope.eu\\\/#website\",\"url\":\"https:\\\/\\\/touchproeurope.eu\\\/\",\"name\":\"TouchPro Europe Shop\",\"description\":\"Alles voor jouw praktijk met een PROfessionele Touch!\",\"publisher\":{\"@id\":\"https:\\\/\\\/touchproeurope.eu\\\/#organization\"},\"alternateName\":\"TPE\",\"potentialAction\":[{\"@type\":\"SearchAction\",\"target\":{\"@type\":\"EntryPoint\",\"urlTemplate\":\"https:\\\/\\\/touchproeurope.eu\\\/?s={search_term_string}\"},\"query-input\":{\"@type\":\"PropertyValueSpecification\",\"valueRequired\":true,\"valueName\":\"search_term_string\"}}],\"inLanguage\":\"es\"},{\"@type\":\"Organization\",\"@id\":\"https:\\\/\\\/touchproeurope.eu\\\/#organization\",\"name\":\"TouchPro Europe BV\",\"alternateName\":\"TPE\",\"url\":\"https:\\\/\\\/touchproeurope.eu\\\/\",\"logo\":{\"@type\":\"ImageObject\",\"inLanguage\":\"es\",\"@id\":\"https:\\\/\\\/touchproeurope.eu\\\/#\\\/schema\\\/logo\\\/image\\\/\",\"url\":\"https:\\\/\\\/i0.wp.com\\\/touchproeurope.eu\\\/wp-content\\\/uploads\\\/2023\\\/10\\\/2b592c_b6944d80811246d987cc2c29accedf3f.png?fit=1417%2C531&ssl=1\",\"contentUrl\":\"https:\\\/\\\/i0.wp.com\\\/touchproeurope.eu\\\/wp-content\\\/uploads\\\/2023\\\/10\\\/2b592c_b6944d80811246d987cc2c29accedf3f.png?fit=1417%2C531&ssl=1\",\"width\":1417,\"height\":531,\"caption\":\"TouchPro Europe BV\"},\"image\":{\"@id\":\"https:\\\/\\\/touchproeurope.eu\\\/#\\\/schema\\\/logo\\\/image\\\/\"},\"sameAs\":[\"https:\\\/\\\/www.facebook.com\\\/TouchproNederland\\\/?locale=nl_NL\\\/\",\"https:\\\/\\\/www.instagram.com\\\/touchpro2016\\\/\",\"https:\\\/\\\/www.linkedin.com\\\/company\\\/touchpro-europe-bv\\\/\"],\"description\":\"TouchPro Europe Shop is de massage winkel van Europa. Wij verkopen topkwaliteit massageproducten aan masseurs, pedicures, fysiotherapeuten, manicuren, Wellness centra, opleidingen, etc. TouchPro begon als een kleine webshop in Nederland, maar is nu uitgegroeid tot een webshop met klanten uit heel Europa. Wij bieden een breed assortiment aan massageproducten, waaronder massagetafels, oli\u00ebn, cr\u00e8mes, en accessoires van topmerken, zoals Earthlite, Stronglite en InnerStrenght, Habys, Living Earth Crafts en Continuum en andere leveranciers van massage accessoires. Bestel hier de beste massagematerialen van Europa!\",\"email\":\"info@touchpro-europe.com\",\"telephone\":\"0858768829\",\"legalName\":\"TouchPro Europe BV\",\"foundingDate\":\"2018-01-11\",\"vatID\":\"NL855430151B01\",\"numberOfEmployees\":{\"@type\":\"QuantitativeValue\",\"minValue\":\"1\",\"maxValue\":\"10\"},\"hasMerchantReturnPolicy\":{\"@type\":\"MerchantReturnPolicy\",\"merchantReturnLink\":\"https:\\\/\\\/touchproeurope.eu\\\/es\\\/retourbeleid\\\/\"}}]}<\/script>\n<meta property=\"product:brand\" content=\"Bodhi\" \/>\n<meta property=\"og:availability\" content=\"instock\" \/>\n<meta property=\"product:availability\" content=\"instock\" \/>\n<meta property=\"product:retailer_item_id\" content=\"471x\" \/>\n<meta property=\"product:condition\" content=\"new\" \/>\n<!-- \/ Yoast SEO Premium plugin. -->","yoast_head_json":{"title":"Esterilla de yoga RISHIKESH TRAVEL 60 XL - Tienda TouchPro Europe","description":"Mejora tu pr\u00e1ctica de yoga con la esterilla de yoga TRAVEL 60 de RISHIKESH. Ideal para viajar, ligera y f\u00e1cilmente transportable, \u00a1c\u00f3mprala hoy mismo!","robots":{"index":"index","follow":"follow","max-snippet":"max-snippet:-1","max-image-preview":"max-image-preview:large","max-video-preview":"max-video-preview:-1"},"canonical":"https:\/\/touchproeurope.eu\/es\/product\/esterilla-de-yoga-rishikesh-travel-60-xl\/","og_locale":"es_ES","og_type":"article","og_title":"Yogamat RISHIKESH TRAVEL 60 XL","og_description":"Verbeter je yogabeoefening met de Yogamat RISHIKESH TRAVEL 60. Ideaal voor reizen, lichtgewicht en eenvoudig draagbaar, koop hem vandaag!","og_url":"https:\/\/touchproeurope.eu\/es\/product\/esterilla-de-yoga-rishikesh-travel-60-xl\/","og_site_name":"TouchPro Europe Shop","article_publisher":"https:\/\/www.facebook.com\/TouchproNederland\/?locale=nl_NL%2f","article_modified_time":"2026-04-22T09:41:25+00:00","og_image":[{"width":800,"height":800,"url":"https:\/\/touchproeurope.eu\/wp-content\/uploads\/2026\/01\/471x_rishikesh_xl_bodhi_yogamatte_vaterbild-e1769435951413.jpg","type":"image\/jpeg"}],"twitter_card":"summary_large_image","twitter_misc":{"Disponibilidad":"Disponible"},"schema":{"@context":"https:\/\/schema.org","@graph":[{"@type":"WebPage","@id":"https:\/\/touchproeurope.eu\/product\/yogamat-rishikesh-travel-60-xl\/","url":"https:\/\/touchproeurope.eu\/product\/yogamat-rishikesh-travel-60-xl\/","name":"Esterilla de yoga RISHIKESH TRAVEL 60 XL - Tienda TouchPro Europe","isPartOf":{"@id":"https:\/\/touchproeurope.eu\/#website"},"primaryImageOfPage":{"@id":"https:\/\/touchproeurope.eu\/product\/yogamat-rishikesh-travel-60-xl\/#primaryimage"},"image":{"@id":"https:\/\/touchproeurope.eu\/product\/yogamat-rishikesh-travel-60-xl\/#primaryimage"},"thumbnailUrl":"https:\/\/i0.wp.com\/touchproeurope.eu\/wp-content\/uploads\/2026\/01\/471x_rishikesh_xl_bodhi_yogamatte_vaterbild-e1769435951413.jpg?fit=800%2C800&ssl=1","datePublished":"2026-01-26T13:24:01+00:00","dateModified":"2026-04-22T09:41:25+00:00","description":"Mejora tu pr\u00e1ctica de yoga con la esterilla de yoga TRAVEL 60 de RISHIKESH. Ideal para viajar, ligera y f\u00e1cilmente transportable, \u00a1c\u00f3mprala hoy mismo!","breadcrumb":{"@id":"https:\/\/touchproeurope.eu\/product\/yogamat-rishikesh-travel-60-xl\/#breadcrumb"},"inLanguage":"es","potentialAction":[{"@type":"ReadAction","target":["https:\/\/touchproeurope.eu\/product\/yogamat-rishikesh-travel-60-xl\/"]}]},{"@type":"ImageObject","inLanguage":"es","@id":"https:\/\/touchproeurope.eu\/product\/yogamat-rishikesh-travel-60-xl\/#primaryimage","url":"https:\/\/i0.wp.com\/touchproeurope.eu\/wp-content\/uploads\/2026\/01\/471x_rishikesh_xl_bodhi_yogamatte_vaterbild-e1769435951413.jpg?fit=800%2C800&ssl=1","contentUrl":"https:\/\/i0.wp.com\/touchproeurope.eu\/wp-content\/uploads\/2026\/01\/471x_rishikesh_xl_bodhi_yogamatte_vaterbild-e1769435951413.jpg?fit=800%2C800&ssl=1","width":800,"height":800,"caption":"Yogamat RISHIKESH TRAVEL 60 XL"},{"@type":"BreadcrumbList","@id":"https:\/\/touchproeurope.eu\/product\/yogamat-rishikesh-travel-60-xl\/#breadcrumb","itemListElement":[{"@type":"ListItem","position":1,"name":"Home","item":"https:\/\/touchproeurope.eu\/"},{"@type":"ListItem","position":2,"name":"Winkel","item":"https:\/\/touchproeurope.eu\/winkel\/"},{"@type":"ListItem","position":3,"name":"Yogamat RISHIKESH TRAVEL 60 XL"}]},{"@type":"WebSite","@id":"https:\/\/touchproeurope.eu\/#website","url":"https:\/\/touchproeurope.eu\/","name":"Tienda TouchPro Europe","description":"\u00a1Todo para su consulta con un toque PROfesional!","publisher":{"@id":"https:\/\/touchproeurope.eu\/#organization"},"alternateName":"TPE","potentialAction":[{"@type":"SearchAction","target":{"@type":"EntryPoint","urlTemplate":"https:\/\/touchproeurope.eu\/?s={search_term_string}"},"query-input":{"@type":"PropertyValueSpecification","valueRequired":true,"valueName":"search_term_string"}}],"inLanguage":"es"},{"@type":"Organization","@id":"https:\/\/touchproeurope.eu\/#organization","name":"TouchPro Europe BV","alternateName":"TPE","url":"https:\/\/touchproeurope.eu\/","logo":{"@type":"ImageObject","inLanguage":"es","@id":"https:\/\/touchproeurope.eu\/#\/schema\/logo\/image\/","url":"https:\/\/i0.wp.com\/touchproeurope.eu\/wp-content\/uploads\/2023\/10\/2b592c_b6944d80811246d987cc2c29accedf3f.png?fit=1417%2C531&ssl=1","contentUrl":"https:\/\/i0.wp.com\/touchproeurope.eu\/wp-content\/uploads\/2023\/10\/2b592c_b6944d80811246d987cc2c29accedf3f.png?fit=1417%2C531&ssl=1","width":1417,"height":531,"caption":"TouchPro Europe BV"},"image":{"@id":"https:\/\/touchproeurope.eu\/#\/schema\/logo\/image\/"},"sameAs":["https:\/\/www.facebook.com\/TouchproNederland\/?locale=nl_NL\/","https:\/\/www.instagram.com\/touchpro2016\/","https:\/\/www.linkedin.com\/company\/touchpro-europe-bv\/"],"description":"TouchPro Europe Shop es la tienda de masajes de Europa. Vendemos productos de masaje de primera calidad a masajistas, pedicuras, fisioterapeutas, manicuras, centros de bienestar, cursos de formaci\u00f3n, etc. TouchPro comenz\u00f3 como una peque\u00f1a tienda en los Pa\u00edses Bajos, pero ahora se ha convertido en una tienda con clientes de toda Europa. Ofrecemos una amplia gama de productos de masaje, incluyendo camillas de masaje, aceites, cremas y accesorios de las mejores marcas como Earthlite, Stronglite e InnerStrenght, Habys, Living Earth Crafts y Continuum y otros proveedores de accesorios de masaje. Pida aqu\u00ed los mejores art\u00edculos de masaje de Europa.","email":"info@touchpro-europe.com","telephone":"0858768829","legalName":"TouchPro Europe BV","foundingDate":"2018-01-11","vatID":"NL855430151B01","numberOfEmployees":{"@type":"QuantitativeValue","minValue":"1","maxValue":"10"},"hasMerchantReturnPolicy":{"@type":"MerchantReturnPolicy","merchantReturnLink":"https:\/\/touchproeurope.eu\/es\/retourbeleid\/"}}]},"product_brand":"Bodhi","og_availability":"instock","product_availability":"instock","product_retailer_item_id":"471x","product_condition":"new"},"_links":{"self":[{"href":"https:\/\/touchproeurope.eu\/es\/wp-json\/wp\/v2\/product\/15712","targetHints":{"allow":["GET"]}}],"collection":[{"href":"https:\/\/touchproeurope.eu\/es\/wp-json\/wp\/v2\/product"}],"about":[{"href":"https:\/\/touchproeurope.eu\/es\/wp-json\/wp\/v2\/types\/product"}],"replies":[{"embeddable":true,"href":"https:\/\/touchproeurope.eu\/es\/wp-json\/wp\/v2\/comments?post=15712"}],"version-history":[{"count":2,"href":"https:\/\/touchproeurope.eu\/es\/wp-json\/wp\/v2\/product\/15712\/revisions"}],"predecessor-version":[{"id":15719,"href":"https:\/\/touchproeurope.eu\/es\/wp-json\/wp\/v2\/product\/15712\/revisions\/15719"}],"wp:featuredmedia":[{"embeddable":true,"href":"https:\/\/touchproeurope.eu\/es\/wp-json\/wp\/v2\/media\/15717"}],"wp:attachment":[{"href":"https:\/\/touchproeurope.eu\/es\/wp-json\/wp\/v2\/media?parent=15712"}],"wp:term":[{"taxonomy":"product_brand","embeddable":true,"href":"https:\/\/touchproeurope.eu\/es\/wp-json\/wp\/v2\/product_brand?post=15712"},{"taxonomy":"product_cat","embeddable":true,"href":"https:\/\/touchproeurope.eu\/es\/wp-json\/wp\/v2\/product_cat?post=15712"},{"taxonomy":"product_tag","embeddable":true,"href":"https:\/\/touchproeurope.eu\/es\/wp-json\/wp\/v2\/product_tag?post=15712"}],"curies":[{"name":"wp","href":"https:\/\/api.w.org\/{rel}","templated":true}]}}