{"id":15720,"date":"2026-01-26T14:03:12","date_gmt":"2026-01-26T14:03:12","guid":{"rendered":"https:\/\/touchproeurope.eu\/?post_type=product&#038;p=15720"},"modified":"2026-04-22T09:41:25","modified_gmt":"2026-04-22T09:41:25","slug":"esterilla-de-yoga-de-viaje-ecopro-travel-xl-caucho-natural-plegable","status":"publish","type":"product","link":"https:\/\/touchproeurope.eu\/es\/product\/reis-yogamat-ecopro-travel-xl-natuurlijk-rubber-opvouwbaar\/","title":{"rendered":"Esterilla de yoga de viaje ECOPRO TRAVEL XL de caucho natural, plegable"},"content":{"rendered":"<p>La esterilla de yoga de viaje EcoPro Travel XL es una esterilla de yoga extralarga de alta calidad para la pr\u00e1ctica intensiva de yoga sobre la marcha. Fabricada en caucho natural, esta esterilla de yoga plegable combina un agarre excepcional con un peso extremadamente reducido y un grosor m\u00ednimo. Con s\u00f3lo 1,3 mm de grosor y alrededor de 1 kg de peso, esta esterilla es ideal para viajes, retiros de yoga, viajes de fin de semana y viajes de negocios.<\/p>\n<p>Gracias a su generosa longitud de 200 cm, la EcoPro Travel XL es especialmente adecuada para yoguis altos (a partir de unos 180 cm) y para cualquiera que aprecie el espacio extra durante posturas como Shavasana y otras asanas reclinadas. La esterilla es f\u00e1cil de plegar y cabe f\u00e1cilmente en el equipaje de mano o en una mochila, sin comprometer la estabilidad ni la acci\u00f3n antideslizante.<\/p>\n<p>La EcoPro Travel XL est\u00e1 fabricada con caucho natural 100% y cuenta con un agarre excepcionalmente fuerte, incluso para estilos de yoga intensivos. La esterilla cuenta con la certificaci\u00f3n OEKO-TEX\u00ae Standard 100 Product Class I y se somete a pruebas anuales para cumplir las normas m\u00e1s estrictas de OEKO-TEX y REACH. En el proceso no se utilizan aditivos qu\u00edmicos para reducir la carga est\u00e1tica, lo que puede provocar una ligera adherencia del polvo al principio, que disminuye con el tiempo.<\/p>\n<p>Tenga en cuenta que el caucho natural contiene naturalmente prote\u00ednas de l\u00e1tex. En consecuencia, esta esterilla de yoga no es adecuada para personas al\u00e9rgicas al l\u00e1tex. Para los usuarios con alergias, se recomienda una esterilla de yoga de viaje de PVC, como la Rishikesh Travel 60 XL.<\/p>\n<p>Debido a la gran adherencia, puede producirse un ligero desgaste o signos visibles de uso en condiciones normales de utilizaci\u00f3n, por ejemplo debido a la fricci\u00f3n de los talones o los dedos de los pies. Esto es una propiedad de las alfombrillas de caucho natural y no un defecto de fabricaci\u00f3n. Estas huellas de uso no afectan a la funcionalidad ni al agarre.<\/p>\n<p>Para su mantenimiento, basta con pasar un pa\u00f1o h\u00famedo o aclarar brevemente en la ducha. Evite la exposici\u00f3n prolongada al agua o a la luz solar directa para preservar la vida \u00fatil de la alfombrilla.<\/p>","protected":false},"excerpt":{"rendered":"<p>\u00a1Extremadamente antideslizante!<\/p>\n<p>Esterilla de yoga de viaje extralarga y plegable de caucho natural con un agarre excepcional. S\u00f3lo 1,3 mm de grosor y aprox. 1 kg de peso. Ideal para yoguis altos y yoga intensivo sobre la marcha.<\/p>\n<p><strong>Atenci\u00f3n: los art\u00edculos de Bodynova tienen un plazo de entrega m\u00ednimo de 4-5 d\u00edas.<\/strong><\/p>","protected":false},"featured_media":15738,"comment_status":"open","ping_status":"closed","template":"","meta":[],"product_brand":[545],"product_cat":[356,368],"product_tag":[546,547,548],"class_list":{"0":"post-15720","1":"product","2":"type-product","3":"status-publish","4":"has-post-thumbnail","6":"product_brand-bodhi","7":"product_cat-yoga-meditatie","8":"product_cat-yogamat","9":"product_tag-ecopro-travel-xl-yogamat","10":"product_tag-extra-lange-yogamat","11":"product_tag-reis-yogamat-natuurlijk-rubber","12":"product_shipping_class-klein-pakket","13":"pa_kleur-grijs","14":"pa_kleur-groen","15":"pa_merk-bodhi","17":"first","18":"instock","19":"taxable","20":"shipping-taxable","21":"purchasable","22":"product-type-variable"},"yoast_head":"<!-- This site is optimized with the Yoast SEO Premium plugin v27.4 (Yoast SEO v27.4) - https:\/\/yoast.com\/product\/yoast-seo-premium-wordpress\/ -->\n<title>Reis-yogamat ECOPRO TRAVEL XL natuurlijk rubber, opvouwbaar - TouchPro Europe Shop<\/title>\n<meta name=\"description\" content=\"Verbeter je yogabeoefening met de Yogamat RISHIKESH TRAVEL 60. Ideaal voor reizen, lichtgewicht en eenvoudig draagbaar, koop hem vandaag!\" \/>\n<meta name=\"robots\" content=\"index, follow, max-snippet:-1, max-image-preview:large, max-video-preview:-1\" \/>\n<link rel=\"canonical\" href=\"https:\/\/touchproeurope.eu\/es\/product\/esterilla-de-yoga-de-viaje-ecopro-travel-xl-caucho-natural-plegable\/\" \/>\n<meta property=\"og:locale\" content=\"es_ES\" \/>\n<meta property=\"og:type\" content=\"article\" \/>\n<meta property=\"og:title\" content=\"Reis-yogamat ECOPRO TRAVEL XL natuurlijk rubber, opvouwbaar\" \/>\n<meta property=\"og:description\" content=\"Verbeter je yogabeoefening met de Yogamat RISHIKESH TRAVEL 60. Ideaal voor reizen, lichtgewicht en eenvoudig draagbaar, koop hem vandaag!\" \/>\n<meta property=\"og:url\" content=\"https:\/\/touchproeurope.eu\/es\/product\/esterilla-de-yoga-de-viaje-ecopro-travel-xl-caucho-natural-plegable\/\" \/>\n<meta property=\"og:site_name\" content=\"TouchPro Europe Shop\" \/>\n<meta property=\"article:publisher\" content=\"https:\/\/www.facebook.com\/TouchproNederland\/?locale=nl_NL%2f\" \/>\n<meta property=\"article:modified_time\" content=\"2026-04-22T09:41:25+00:00\" \/>\n<meta property=\"og:image\" content=\"https:\/\/touchproeurope.eu\/wp-content\/uploads\/2026\/01\/657xlx_vaterbild_ecopro_yogamatte_bodhi-e1769436678888.jpg\" \/>\n\t<meta property=\"og:image:width\" content=\"800\" \/>\n\t<meta property=\"og:image:height\" content=\"800\" \/>\n\t<meta property=\"og:image:type\" content=\"image\/jpeg\" \/>\n<meta name=\"twitter:card\" content=\"summary_large_image\" \/>\n<meta name=\"twitter:label1\" content=\"Disponibilidad\" \/>\n\t<meta name=\"twitter:data1\" content=\"Disponible\" \/>\n<script type=\"application\/ld+json\" class=\"yoast-schema-graph\">{\"@context\":\"https:\\\/\\\/schema.org\",\"@graph\":[{\"@type\":\"WebPage\",\"@id\":\"https:\\\/\\\/touchproeurope.eu\\\/product\\\/reis-yogamat-ecopro-travel-xl-natuurlijk-rubber-opvouwbaar\\\/\",\"url\":\"https:\\\/\\\/touchproeurope.eu\\\/product\\\/reis-yogamat-ecopro-travel-xl-natuurlijk-rubber-opvouwbaar\\\/\",\"name\":\"Reis-yogamat ECOPRO TRAVEL XL natuurlijk rubber, opvouwbaar - TouchPro Europe Shop\",\"isPartOf\":{\"@id\":\"https:\\\/\\\/touchproeurope.eu\\\/#website\"},\"primaryImageOfPage\":{\"@id\":\"https:\\\/\\\/touchproeurope.eu\\\/product\\\/reis-yogamat-ecopro-travel-xl-natuurlijk-rubber-opvouwbaar\\\/#primaryimage\"},\"image\":{\"@id\":\"https:\\\/\\\/touchproeurope.eu\\\/product\\\/reis-yogamat-ecopro-travel-xl-natuurlijk-rubber-opvouwbaar\\\/#primaryimage\"},\"thumbnailUrl\":\"https:\\\/\\\/i0.wp.com\\\/touchproeurope.eu\\\/wp-content\\\/uploads\\\/2026\\\/01\\\/657xlx_vaterbild_ecopro_yogamatte_bodhi-e1769436678888.jpg?fit=800%2C800&ssl=1\",\"datePublished\":\"2026-01-26T14:03:12+00:00\",\"dateModified\":\"2026-04-22T09:41:25+00:00\",\"description\":\"Verbeter je yogabeoefening met de Yogamat RISHIKESH TRAVEL 60. Ideaal voor reizen, lichtgewicht en eenvoudig draagbaar, koop hem vandaag!\",\"breadcrumb\":{\"@id\":\"https:\\\/\\\/touchproeurope.eu\\\/product\\\/reis-yogamat-ecopro-travel-xl-natuurlijk-rubber-opvouwbaar\\\/#breadcrumb\"},\"inLanguage\":\"es\",\"potentialAction\":[{\"@type\":\"ReadAction\",\"target\":[\"https:\\\/\\\/touchproeurope.eu\\\/product\\\/reis-yogamat-ecopro-travel-xl-natuurlijk-rubber-opvouwbaar\\\/\"]}]},{\"@type\":\"ImageObject\",\"inLanguage\":\"es\",\"@id\":\"https:\\\/\\\/touchproeurope.eu\\\/product\\\/reis-yogamat-ecopro-travel-xl-natuurlijk-rubber-opvouwbaar\\\/#primaryimage\",\"url\":\"https:\\\/\\\/i0.wp.com\\\/touchproeurope.eu\\\/wp-content\\\/uploads\\\/2026\\\/01\\\/657xlx_vaterbild_ecopro_yogamatte_bodhi-e1769436678888.jpg?fit=800%2C800&ssl=1\",\"contentUrl\":\"https:\\\/\\\/i0.wp.com\\\/touchproeurope.eu\\\/wp-content\\\/uploads\\\/2026\\\/01\\\/657xlx_vaterbild_ecopro_yogamatte_bodhi-e1769436678888.jpg?fit=800%2C800&ssl=1\",\"width\":800,\"height\":800},{\"@type\":\"BreadcrumbList\",\"@id\":\"https:\\\/\\\/touchproeurope.eu\\\/product\\\/reis-yogamat-ecopro-travel-xl-natuurlijk-rubber-opvouwbaar\\\/#breadcrumb\",\"itemListElement\":[{\"@type\":\"ListItem\",\"position\":1,\"name\":\"Home\",\"item\":\"https:\\\/\\\/touchproeurope.eu\\\/\"},{\"@type\":\"ListItem\",\"position\":2,\"name\":\"Winkel\",\"item\":\"https:\\\/\\\/touchproeurope.eu\\\/winkel\\\/\"},{\"@type\":\"ListItem\",\"position\":3,\"name\":\"Reis-yogamat ECOPRO TRAVEL XL natuurlijk rubber, opvouwbaar\"}]},{\"@type\":\"WebSite\",\"@id\":\"https:\\\/\\\/touchproeurope.eu\\\/#website\",\"url\":\"https:\\\/\\\/touchproeurope.eu\\\/\",\"name\":\"TouchPro Europe Shop\",\"description\":\"Alles voor jouw praktijk met een PROfessionele Touch!\",\"publisher\":{\"@id\":\"https:\\\/\\\/touchproeurope.eu\\\/#organization\"},\"alternateName\":\"TPE\",\"potentialAction\":[{\"@type\":\"SearchAction\",\"target\":{\"@type\":\"EntryPoint\",\"urlTemplate\":\"https:\\\/\\\/touchproeurope.eu\\\/?s={search_term_string}\"},\"query-input\":{\"@type\":\"PropertyValueSpecification\",\"valueRequired\":true,\"valueName\":\"search_term_string\"}}],\"inLanguage\":\"es\"},{\"@type\":\"Organization\",\"@id\":\"https:\\\/\\\/touchproeurope.eu\\\/#organization\",\"name\":\"TouchPro Europe BV\",\"alternateName\":\"TPE\",\"url\":\"https:\\\/\\\/touchproeurope.eu\\\/\",\"logo\":{\"@type\":\"ImageObject\",\"inLanguage\":\"es\",\"@id\":\"https:\\\/\\\/touchproeurope.eu\\\/#\\\/schema\\\/logo\\\/image\\\/\",\"url\":\"https:\\\/\\\/i0.wp.com\\\/touchproeurope.eu\\\/wp-content\\\/uploads\\\/2023\\\/10\\\/2b592c_b6944d80811246d987cc2c29accedf3f.png?fit=1417%2C531&ssl=1\",\"contentUrl\":\"https:\\\/\\\/i0.wp.com\\\/touchproeurope.eu\\\/wp-content\\\/uploads\\\/2023\\\/10\\\/2b592c_b6944d80811246d987cc2c29accedf3f.png?fit=1417%2C531&ssl=1\",\"width\":1417,\"height\":531,\"caption\":\"TouchPro Europe BV\"},\"image\":{\"@id\":\"https:\\\/\\\/touchproeurope.eu\\\/#\\\/schema\\\/logo\\\/image\\\/\"},\"sameAs\":[\"https:\\\/\\\/www.facebook.com\\\/TouchproNederland\\\/?locale=nl_NL\\\/\",\"https:\\\/\\\/www.instagram.com\\\/touchpro2016\\\/\",\"https:\\\/\\\/www.linkedin.com\\\/company\\\/touchpro-europe-bv\\\/\"],\"description\":\"TouchPro Europe Shop is de massage winkel van Europa. Wij verkopen topkwaliteit massageproducten aan masseurs, pedicures, fysiotherapeuten, manicuren, Wellness centra, opleidingen, etc. TouchPro begon als een kleine webshop in Nederland, maar is nu uitgegroeid tot een webshop met klanten uit heel Europa. Wij bieden een breed assortiment aan massageproducten, waaronder massagetafels, oli\u00ebn, cr\u00e8mes, en accessoires van topmerken, zoals Earthlite, Stronglite en InnerStrenght, Habys, Living Earth Crafts en Continuum en andere leveranciers van massage accessoires. Bestel hier de beste massagematerialen van Europa!\",\"email\":\"info@touchpro-europe.com\",\"telephone\":\"0858768829\",\"legalName\":\"TouchPro Europe BV\",\"foundingDate\":\"2018-01-11\",\"vatID\":\"NL855430151B01\",\"numberOfEmployees\":{\"@type\":\"QuantitativeValue\",\"minValue\":\"1\",\"maxValue\":\"10\"},\"hasMerchantReturnPolicy\":{\"@type\":\"MerchantReturnPolicy\",\"merchantReturnLink\":\"https:\\\/\\\/touchproeurope.eu\\\/es\\\/retourbeleid\\\/\"}}]}<\/script>\n<meta property=\"product:brand\" content=\"Bodhi\" \/>\n<meta property=\"og:availability\" content=\"instock\" \/>\n<meta property=\"product:availability\" content=\"instock\" \/>\n<meta property=\"product:retailer_item_id\" content=\"657xl\" \/>\n<meta property=\"product:condition\" content=\"new\" \/>\n<!-- \/ Yoast SEO Premium plugin. -->","yoast_head_json":{"title":"Esterilla de yoga de viaje ECOPRO TRAVEL XL caucho natural, plegable - TouchPro Europe Shop","description":"Mejora tu pr\u00e1ctica de yoga con la esterilla de yoga TRAVEL 60 de RISHIKESH. Ideal para viajar, ligera y f\u00e1cilmente transportable, \u00a1c\u00f3mprala hoy mismo!","robots":{"index":"index","follow":"follow","max-snippet":"max-snippet:-1","max-image-preview":"max-image-preview:large","max-video-preview":"max-video-preview:-1"},"canonical":"https:\/\/touchproeurope.eu\/es\/product\/esterilla-de-yoga-de-viaje-ecopro-travel-xl-caucho-natural-plegable\/","og_locale":"es_ES","og_type":"article","og_title":"Reis-yogamat ECOPRO TRAVEL XL natuurlijk rubber, opvouwbaar","og_description":"Verbeter je yogabeoefening met de Yogamat RISHIKESH TRAVEL 60. Ideaal voor reizen, lichtgewicht en eenvoudig draagbaar, koop hem vandaag!","og_url":"https:\/\/touchproeurope.eu\/es\/product\/esterilla-de-yoga-de-viaje-ecopro-travel-xl-caucho-natural-plegable\/","og_site_name":"TouchPro Europe Shop","article_publisher":"https:\/\/www.facebook.com\/TouchproNederland\/?locale=nl_NL%2f","article_modified_time":"2026-04-22T09:41:25+00:00","og_image":[{"width":800,"height":800,"url":"https:\/\/touchproeurope.eu\/wp-content\/uploads\/2026\/01\/657xlx_vaterbild_ecopro_yogamatte_bodhi-e1769436678888.jpg","type":"image\/jpeg"}],"twitter_card":"summary_large_image","twitter_misc":{"Disponibilidad":"Disponible"},"schema":{"@context":"https:\/\/schema.org","@graph":[{"@type":"WebPage","@id":"https:\/\/touchproeurope.eu\/product\/reis-yogamat-ecopro-travel-xl-natuurlijk-rubber-opvouwbaar\/","url":"https:\/\/touchproeurope.eu\/product\/reis-yogamat-ecopro-travel-xl-natuurlijk-rubber-opvouwbaar\/","name":"Esterilla de yoga de viaje ECOPRO TRAVEL XL caucho natural, plegable - TouchPro Europe Shop","isPartOf":{"@id":"https:\/\/touchproeurope.eu\/#website"},"primaryImageOfPage":{"@id":"https:\/\/touchproeurope.eu\/product\/reis-yogamat-ecopro-travel-xl-natuurlijk-rubber-opvouwbaar\/#primaryimage"},"image":{"@id":"https:\/\/touchproeurope.eu\/product\/reis-yogamat-ecopro-travel-xl-natuurlijk-rubber-opvouwbaar\/#primaryimage"},"thumbnailUrl":"https:\/\/i0.wp.com\/touchproeurope.eu\/wp-content\/uploads\/2026\/01\/657xlx_vaterbild_ecopro_yogamatte_bodhi-e1769436678888.jpg?fit=800%2C800&ssl=1","datePublished":"2026-01-26T14:03:12+00:00","dateModified":"2026-04-22T09:41:25+00:00","description":"Mejora tu pr\u00e1ctica de yoga con la esterilla de yoga TRAVEL 60 de RISHIKESH. Ideal para viajar, ligera y f\u00e1cilmente transportable, \u00a1c\u00f3mprala hoy mismo!","breadcrumb":{"@id":"https:\/\/touchproeurope.eu\/product\/reis-yogamat-ecopro-travel-xl-natuurlijk-rubber-opvouwbaar\/#breadcrumb"},"inLanguage":"es","potentialAction":[{"@type":"ReadAction","target":["https:\/\/touchproeurope.eu\/product\/reis-yogamat-ecopro-travel-xl-natuurlijk-rubber-opvouwbaar\/"]}]},{"@type":"ImageObject","inLanguage":"es","@id":"https:\/\/touchproeurope.eu\/product\/reis-yogamat-ecopro-travel-xl-natuurlijk-rubber-opvouwbaar\/#primaryimage","url":"https:\/\/i0.wp.com\/touchproeurope.eu\/wp-content\/uploads\/2026\/01\/657xlx_vaterbild_ecopro_yogamatte_bodhi-e1769436678888.jpg?fit=800%2C800&ssl=1","contentUrl":"https:\/\/i0.wp.com\/touchproeurope.eu\/wp-content\/uploads\/2026\/01\/657xlx_vaterbild_ecopro_yogamatte_bodhi-e1769436678888.jpg?fit=800%2C800&ssl=1","width":800,"height":800},{"@type":"BreadcrumbList","@id":"https:\/\/touchproeurope.eu\/product\/reis-yogamat-ecopro-travel-xl-natuurlijk-rubber-opvouwbaar\/#breadcrumb","itemListElement":[{"@type":"ListItem","position":1,"name":"Home","item":"https:\/\/touchproeurope.eu\/"},{"@type":"ListItem","position":2,"name":"Winkel","item":"https:\/\/touchproeurope.eu\/winkel\/"},{"@type":"ListItem","position":3,"name":"Reis-yogamat ECOPRO TRAVEL XL natuurlijk rubber, opvouwbaar"}]},{"@type":"WebSite","@id":"https:\/\/touchproeurope.eu\/#website","url":"https:\/\/touchproeurope.eu\/","name":"Tienda TouchPro Europe","description":"\u00a1Todo para su consulta con un toque PROfesional!","publisher":{"@id":"https:\/\/touchproeurope.eu\/#organization"},"alternateName":"TPE","potentialAction":[{"@type":"SearchAction","target":{"@type":"EntryPoint","urlTemplate":"https:\/\/touchproeurope.eu\/?s={search_term_string}"},"query-input":{"@type":"PropertyValueSpecification","valueRequired":true,"valueName":"search_term_string"}}],"inLanguage":"es"},{"@type":"Organization","@id":"https:\/\/touchproeurope.eu\/#organization","name":"TouchPro Europe BV","alternateName":"TPE","url":"https:\/\/touchproeurope.eu\/","logo":{"@type":"ImageObject","inLanguage":"es","@id":"https:\/\/touchproeurope.eu\/#\/schema\/logo\/image\/","url":"https:\/\/i0.wp.com\/touchproeurope.eu\/wp-content\/uploads\/2023\/10\/2b592c_b6944d80811246d987cc2c29accedf3f.png?fit=1417%2C531&ssl=1","contentUrl":"https:\/\/i0.wp.com\/touchproeurope.eu\/wp-content\/uploads\/2023\/10\/2b592c_b6944d80811246d987cc2c29accedf3f.png?fit=1417%2C531&ssl=1","width":1417,"height":531,"caption":"TouchPro Europe BV"},"image":{"@id":"https:\/\/touchproeurope.eu\/#\/schema\/logo\/image\/"},"sameAs":["https:\/\/www.facebook.com\/TouchproNederland\/?locale=nl_NL\/","https:\/\/www.instagram.com\/touchpro2016\/","https:\/\/www.linkedin.com\/company\/touchpro-europe-bv\/"],"description":"TouchPro Europe Shop es la tienda de masajes de Europa. Vendemos productos de masaje de primera calidad a masajistas, pedicuras, fisioterapeutas, manicuras, centros de bienestar, cursos de formaci\u00f3n, etc. TouchPro comenz\u00f3 como una peque\u00f1a tienda en los Pa\u00edses Bajos, pero ahora se ha convertido en una tienda con clientes de toda Europa. Ofrecemos una amplia gama de productos de masaje, incluyendo camillas de masaje, aceites, cremas y accesorios de las mejores marcas como Earthlite, Stronglite e InnerStrenght, Habys, Living Earth Crafts y Continuum y otros proveedores de accesorios de masaje. Pida aqu\u00ed los mejores art\u00edculos de masaje de Europa.","email":"info@touchpro-europe.com","telephone":"0858768829","legalName":"TouchPro Europe BV","foundingDate":"2018-01-11","vatID":"NL855430151B01","numberOfEmployees":{"@type":"QuantitativeValue","minValue":"1","maxValue":"10"},"hasMerchantReturnPolicy":{"@type":"MerchantReturnPolicy","merchantReturnLink":"https:\/\/touchproeurope.eu\/es\/retourbeleid\/"}}]},"product_brand":"Bodhi","og_availability":"instock","product_availability":"instock","product_retailer_item_id":"657xl","product_condition":"new"},"_links":{"self":[{"href":"https:\/\/touchproeurope.eu\/es\/wp-json\/wp\/v2\/product\/15720","targetHints":{"allow":["GET"]}}],"collection":[{"href":"https:\/\/touchproeurope.eu\/es\/wp-json\/wp\/v2\/product"}],"about":[{"href":"https:\/\/touchproeurope.eu\/es\/wp-json\/wp\/v2\/types\/product"}],"replies":[{"embeddable":true,"href":"https:\/\/touchproeurope.eu\/es\/wp-json\/wp\/v2\/comments?post=15720"}],"version-history":[{"count":2,"href":"https:\/\/touchproeurope.eu\/es\/wp-json\/wp\/v2\/product\/15720\/revisions"}],"predecessor-version":[{"id":15746,"href":"https:\/\/touchproeurope.eu\/es\/wp-json\/wp\/v2\/product\/15720\/revisions\/15746"}],"wp:featuredmedia":[{"embeddable":true,"href":"https:\/\/touchproeurope.eu\/es\/wp-json\/wp\/v2\/media\/15738"}],"wp:attachment":[{"href":"https:\/\/touchproeurope.eu\/es\/wp-json\/wp\/v2\/media?parent=15720"}],"wp:term":[{"taxonomy":"product_brand","embeddable":true,"href":"https:\/\/touchproeurope.eu\/es\/wp-json\/wp\/v2\/product_brand?post=15720"},{"taxonomy":"product_cat","embeddable":true,"href":"https:\/\/touchproeurope.eu\/es\/wp-json\/wp\/v2\/product_cat?post=15720"},{"taxonomy":"product_tag","embeddable":true,"href":"https:\/\/touchproeurope.eu\/es\/wp-json\/wp\/v2\/product_tag?post=15720"}],"curies":[{"name":"wp","href":"https:\/\/api.w.org\/{rel}","templated":true}]}}