{"id":15767,"date":"2026-01-28T13:28:15","date_gmt":"2026-01-28T13:28:15","guid":{"rendered":"https:\/\/touchproeurope.eu\/?post_type=product&#038;p=15767"},"modified":"2026-04-22T09:41:32","modified_gmt":"2026-04-22T09:41:32","slug":"bolso-asana-de-algodon-coleccion-maharaja","status":"publish","type":"product","link":"https:\/\/touchproeurope.eu\/es\/product\/maharaja-collectie-asana-tas-van-katoen\/","title":{"rendered":"Colecci\u00f3n Maharaja ASANA-TAS DE KATOEN"},"content":{"rendered":"<p>La bolsa de algod\u00f3n ASANA de la colecci\u00f3n Maharaja es una elegante y pr\u00e1ctica bolsa para esterilla de yoga de uso diario. Con sus coloridos motivos y su acabado de alta calidad, esta bolsa combina funcionalidad con un aspecto \u00fanico. La bolsa para esterilla de yoga garantiza calidad y estilo. Ideal para yoguis que quieren llevar su esterilla de yoga de forma segura, c\u00f3moda y con estilo al estudio, taller o retiro.<\/p>\n<p>Fabricada en algod\u00f3n resistente 100%, la bolsa protege eficazmente tu esterilla de yoga de la humedad y la suciedad durante el transporte y el almacenamiento. Gracias a la correa ajustable para el hombro, la bolsa ASANA puede llevarse c\u00f3modamente al hombro o a la espalda. Esto hace que la colecci\u00f3n Maharaja ASANA-TAS DE ALGOD\u00d3N sea perfecta tanto para distancias cortas como para viajes m\u00e1s largos a pie o en bicicleta hasta tu clase de yoga.<\/p>\n<p>En el exterior, la bolsa tiene dos pr\u00e1cticos bolsillos exteriores, que proporcionan espacio extra para accesorios de yoga como ropa de yoga, un cintur\u00f3n de yoga, una toalla, una botella de agua u objetos personales. As\u00ed llevas todo contigo de forma clara y organizada en una bolsa de la colecci\u00f3n Maharaja ASANA-TAS DE KATOEN.<\/p>\n<p>La bolsa ASANA es lavable a m\u00e1quina a 30 \u00b0C, lo que garantiza un f\u00e1cil mantenimiento y un uso duradero. La bolsa est\u00e1 disponible en seis coloridos dise\u00f1os de la colecci\u00f3n Maharaja y en diferentes tama\u00f1os para adaptarse perfectamente a esterillas de yoga de distintas anchuras. La colecci\u00f3n Maharaja ASANA-TAS DE KATOEN tambi\u00e9n es adecuada para esterillas de yoga de hasta 200 cm de largo y 6 mm de grosor.<\/p>\n<p>Una elecci\u00f3n ideal tanto para yoguis principiantes como experimentados que deseen combinar funcionalidad, durabilidad y dise\u00f1o.<\/p>","protected":false},"excerpt":{"rendered":"<p>Colorida bolsa para esterilla de yoga de algod\u00f3n 100% de la colecci\u00f3n Maharaja. Con correa ajustable para el hombro y dos bolsillos exteriores. Disponible en varios dise\u00f1os y tama\u00f1os para esterillas de yoga de hasta 80 cm de ancho.<\/p>\n<p><strong>Atenci\u00f3n: los art\u00edculos de Bodynova tienen un plazo de entrega m\u00ednimo de 4-5 d\u00edas.<\/strong><\/p>","protected":false},"featured_media":15801,"comment_status":"open","ping_status":"closed","template":"","meta":[],"product_brand":[545],"product_cat":[356,368],"product_tag":[563,562,564,565,566],"class_list":{"0":"post-15767","1":"product","2":"type-product","3":"status-publish","4":"has-post-thumbnail","6":"product_brand-bodhi","7":"product_cat-yoga-meditatie","8":"product_cat-yogamat","9":"product_tag-maharaja-yogatas","10":"product_tag-yogamattas-katoen","11":"product_tag-yogatas-met-print","12":"product_tag-yogatas-met-vakken","13":"product_tag-yogatas-verstelbare-schouderband","14":"product_shipping_class-klein-pakket","15":"pa_maat-60-cm","16":"pa_maat-70-cm","17":"pa_maat-80-cm","18":"pa_merk-bodhi","20":"first","21":"instock","22":"taxable","23":"shipping-taxable","24":"purchasable","25":"product-type-variable"},"yoast_head":"<!-- This site is optimized with the Yoast SEO Premium plugin v27.4 (Yoast SEO v27.4) - https:\/\/yoast.com\/product\/yoast-seo-premium-wordpress\/ -->\n<title>Maharaja-collectie ASANA-TAS VAN KATOEN - TouchPro Europe Shop<\/title>\n<meta name=\"description\" content=\"Draag je yogamat in stijl met de Maharaja-collectie ASANA-TAS VAN KATOEN. De unieke patronen maken deze tas een must-have voor elke yogi. Bestel vandaag nog!\" \/>\n<meta name=\"robots\" content=\"index, follow, max-snippet:-1, max-image-preview:large, max-video-preview:-1\" \/>\n<link rel=\"canonical\" href=\"https:\/\/touchproeurope.eu\/es\/product\/bolso-asana-de-algodon-coleccion-maharaja\/\" \/>\n<meta property=\"og:locale\" content=\"es_ES\" \/>\n<meta property=\"og:type\" content=\"article\" \/>\n<meta property=\"og:title\" content=\"Maharaja-collectie ASANA-TAS VAN KATOEN\" \/>\n<meta property=\"og:description\" content=\"Draag je yogamat in stijl met de Maharaja-collectie ASANA-TAS VAN KATOEN. De unieke patronen maken deze tas een must-have voor elke yogi. Bestel vandaag nog!\" \/>\n<meta property=\"og:url\" content=\"https:\/\/touchproeurope.eu\/es\/product\/bolso-asana-de-algodon-coleccion-maharaja\/\" \/>\n<meta property=\"og:site_name\" content=\"TouchPro Europe Shop\" \/>\n<meta property=\"article:publisher\" content=\"https:\/\/www.facebook.com\/TouchproNederland\/?locale=nl_NL%2f\" \/>\n<meta property=\"article:modified_time\" content=\"2026-04-22T09:41:32+00:00\" \/>\n<meta property=\"og:image\" content=\"https:\/\/touchproeurope.eu\/wp-content\/uploads\/2026\/01\/541x_asana_bag_bodhi_maharaja_vaterbild1.jpg\" \/>\n\t<meta property=\"og:image:width\" content=\"1500\" \/>\n\t<meta property=\"og:image:height\" content=\"1500\" \/>\n\t<meta property=\"og:image:type\" content=\"image\/jpeg\" \/>\n<meta name=\"twitter:card\" content=\"summary_large_image\" \/>\n<meta name=\"twitter:label1\" content=\"Disponibilidad\" \/>\n\t<meta name=\"twitter:data1\" content=\"Disponible\" \/>\n<script type=\"application\/ld+json\" class=\"yoast-schema-graph\">{\"@context\":\"https:\\\/\\\/schema.org\",\"@graph\":[{\"@type\":\"WebPage\",\"@id\":\"https:\\\/\\\/touchproeurope.eu\\\/product\\\/maharaja-collectie-asana-tas-van-katoen\\\/\",\"url\":\"https:\\\/\\\/touchproeurope.eu\\\/product\\\/maharaja-collectie-asana-tas-van-katoen\\\/\",\"name\":\"Maharaja-collectie ASANA-TAS VAN KATOEN - TouchPro Europe Shop\",\"isPartOf\":{\"@id\":\"https:\\\/\\\/touchproeurope.eu\\\/#website\"},\"primaryImageOfPage\":{\"@id\":\"https:\\\/\\\/touchproeurope.eu\\\/product\\\/maharaja-collectie-asana-tas-van-katoen\\\/#primaryimage\"},\"image\":{\"@id\":\"https:\\\/\\\/touchproeurope.eu\\\/product\\\/maharaja-collectie-asana-tas-van-katoen\\\/#primaryimage\"},\"thumbnailUrl\":\"https:\\\/\\\/i0.wp.com\\\/touchproeurope.eu\\\/wp-content\\\/uploads\\\/2026\\\/01\\\/541x_asana_bag_bodhi_maharaja_vaterbild1.jpg?fit=1500%2C1500&ssl=1\",\"datePublished\":\"2026-01-28T13:28:15+00:00\",\"dateModified\":\"2026-04-22T09:41:32+00:00\",\"description\":\"Draag je yogamat in stijl met de Maharaja-collectie ASANA-TAS VAN KATOEN. De unieke patronen maken deze tas een must-have voor elke yogi. Bestel vandaag nog!\",\"breadcrumb\":{\"@id\":\"https:\\\/\\\/touchproeurope.eu\\\/product\\\/maharaja-collectie-asana-tas-van-katoen\\\/#breadcrumb\"},\"inLanguage\":\"es\",\"potentialAction\":[{\"@type\":\"ReadAction\",\"target\":[\"https:\\\/\\\/touchproeurope.eu\\\/product\\\/maharaja-collectie-asana-tas-van-katoen\\\/\"]}]},{\"@type\":\"ImageObject\",\"inLanguage\":\"es\",\"@id\":\"https:\\\/\\\/touchproeurope.eu\\\/product\\\/maharaja-collectie-asana-tas-van-katoen\\\/#primaryimage\",\"url\":\"https:\\\/\\\/i0.wp.com\\\/touchproeurope.eu\\\/wp-content\\\/uploads\\\/2026\\\/01\\\/541x_asana_bag_bodhi_maharaja_vaterbild1.jpg?fit=1500%2C1500&ssl=1\",\"contentUrl\":\"https:\\\/\\\/i0.wp.com\\\/touchproeurope.eu\\\/wp-content\\\/uploads\\\/2026\\\/01\\\/541x_asana_bag_bodhi_maharaja_vaterbild1.jpg?fit=1500%2C1500&ssl=1\",\"width\":1500,\"height\":1500,\"caption\":\"Maharaja-collectie: ASANA-TAS VAN KATOEN\"},{\"@type\":\"BreadcrumbList\",\"@id\":\"https:\\\/\\\/touchproeurope.eu\\\/product\\\/maharaja-collectie-asana-tas-van-katoen\\\/#breadcrumb\",\"itemListElement\":[{\"@type\":\"ListItem\",\"position\":1,\"name\":\"Home\",\"item\":\"https:\\\/\\\/touchproeurope.eu\\\/\"},{\"@type\":\"ListItem\",\"position\":2,\"name\":\"Winkel\",\"item\":\"https:\\\/\\\/touchproeurope.eu\\\/winkel\\\/\"},{\"@type\":\"ListItem\",\"position\":3,\"name\":\"Maharaja-collectie ASANA-TAS VAN KATOEN\"}]},{\"@type\":\"WebSite\",\"@id\":\"https:\\\/\\\/touchproeurope.eu\\\/#website\",\"url\":\"https:\\\/\\\/touchproeurope.eu\\\/\",\"name\":\"TouchPro Europe Shop\",\"description\":\"Alles voor jouw praktijk met een PROfessionele Touch!\",\"publisher\":{\"@id\":\"https:\\\/\\\/touchproeurope.eu\\\/#organization\"},\"alternateName\":\"TPE\",\"potentialAction\":[{\"@type\":\"SearchAction\",\"target\":{\"@type\":\"EntryPoint\",\"urlTemplate\":\"https:\\\/\\\/touchproeurope.eu\\\/?s={search_term_string}\"},\"query-input\":{\"@type\":\"PropertyValueSpecification\",\"valueRequired\":true,\"valueName\":\"search_term_string\"}}],\"inLanguage\":\"es\"},{\"@type\":\"Organization\",\"@id\":\"https:\\\/\\\/touchproeurope.eu\\\/#organization\",\"name\":\"TouchPro Europe BV\",\"alternateName\":\"TPE\",\"url\":\"https:\\\/\\\/touchproeurope.eu\\\/\",\"logo\":{\"@type\":\"ImageObject\",\"inLanguage\":\"es\",\"@id\":\"https:\\\/\\\/touchproeurope.eu\\\/#\\\/schema\\\/logo\\\/image\\\/\",\"url\":\"https:\\\/\\\/i0.wp.com\\\/touchproeurope.eu\\\/wp-content\\\/uploads\\\/2023\\\/10\\\/2b592c_b6944d80811246d987cc2c29accedf3f.png?fit=1417%2C531&ssl=1\",\"contentUrl\":\"https:\\\/\\\/i0.wp.com\\\/touchproeurope.eu\\\/wp-content\\\/uploads\\\/2023\\\/10\\\/2b592c_b6944d80811246d987cc2c29accedf3f.png?fit=1417%2C531&ssl=1\",\"width\":1417,\"height\":531,\"caption\":\"TouchPro Europe BV\"},\"image\":{\"@id\":\"https:\\\/\\\/touchproeurope.eu\\\/#\\\/schema\\\/logo\\\/image\\\/\"},\"sameAs\":[\"https:\\\/\\\/www.facebook.com\\\/TouchproNederland\\\/?locale=nl_NL\\\/\",\"https:\\\/\\\/www.instagram.com\\\/touchpro2016\\\/\",\"https:\\\/\\\/www.linkedin.com\\\/company\\\/touchpro-europe-bv\\\/\"],\"description\":\"TouchPro Europe Shop is de massage winkel van Europa. Wij verkopen topkwaliteit massageproducten aan masseurs, pedicures, fysiotherapeuten, manicuren, Wellness centra, opleidingen, etc. TouchPro begon als een kleine webshop in Nederland, maar is nu uitgegroeid tot een webshop met klanten uit heel Europa. Wij bieden een breed assortiment aan massageproducten, waaronder massagetafels, oli\u00ebn, cr\u00e8mes, en accessoires van topmerken, zoals Earthlite, Stronglite en InnerStrenght, Habys, Living Earth Crafts en Continuum en andere leveranciers van massage accessoires. Bestel hier de beste massagematerialen van Europa!\",\"email\":\"info@touchpro-europe.com\",\"telephone\":\"0858768829\",\"legalName\":\"TouchPro Europe BV\",\"foundingDate\":\"2018-01-11\",\"vatID\":\"NL855430151B01\",\"numberOfEmployees\":{\"@type\":\"QuantitativeValue\",\"minValue\":\"1\",\"maxValue\":\"10\"},\"hasMerchantReturnPolicy\":{\"@type\":\"MerchantReturnPolicy\",\"merchantReturnLink\":\"https:\\\/\\\/touchproeurope.eu\\\/es\\\/retourbeleid\\\/\"}}]}<\/script>\n<meta property=\"product:brand\" content=\"Bodhi\" \/>\n<meta property=\"og:availability\" content=\"instock\" \/>\n<meta property=\"product:availability\" content=\"instock\" \/>\n<meta property=\"product:retailer_item_id\" content=\"541x\" \/>\n<meta property=\"product:condition\" content=\"new\" \/>\n<!-- \/ Yoast SEO Premium plugin. -->","yoast_head_json":{"title":"Colecci\u00f3n Maharaj\u00e1 ASANA-TAS DE KATOEN - Tienda TouchPro Europe","description":"Lleva tu esterilla de yoga con estilo con la colecci\u00f3n Maharaja ASANA-TAS DE KATOEN. Los patrones \u00fanicos hacen de esta bolsa un must-have para todos los yoguis. \u00a1P\u00eddela hoy mismo!","robots":{"index":"index","follow":"follow","max-snippet":"max-snippet:-1","max-image-preview":"max-image-preview:large","max-video-preview":"max-video-preview:-1"},"canonical":"https:\/\/touchproeurope.eu\/es\/product\/bolso-asana-de-algodon-coleccion-maharaja\/","og_locale":"es_ES","og_type":"article","og_title":"Maharaja-collectie ASANA-TAS VAN KATOEN","og_description":"Draag je yogamat in stijl met de Maharaja-collectie ASANA-TAS VAN KATOEN. De unieke patronen maken deze tas een must-have voor elke yogi. Bestel vandaag nog!","og_url":"https:\/\/touchproeurope.eu\/es\/product\/bolso-asana-de-algodon-coleccion-maharaja\/","og_site_name":"TouchPro Europe Shop","article_publisher":"https:\/\/www.facebook.com\/TouchproNederland\/?locale=nl_NL%2f","article_modified_time":"2026-04-22T09:41:32+00:00","og_image":[{"width":1500,"height":1500,"url":"https:\/\/touchproeurope.eu\/wp-content\/uploads\/2026\/01\/541x_asana_bag_bodhi_maharaja_vaterbild1.jpg","type":"image\/jpeg"}],"twitter_card":"summary_large_image","twitter_misc":{"Disponibilidad":"Disponible"},"schema":{"@context":"https:\/\/schema.org","@graph":[{"@type":"WebPage","@id":"https:\/\/touchproeurope.eu\/product\/maharaja-collectie-asana-tas-van-katoen\/","url":"https:\/\/touchproeurope.eu\/product\/maharaja-collectie-asana-tas-van-katoen\/","name":"Colecci\u00f3n Maharaj\u00e1 ASANA-TAS DE KATOEN - Tienda TouchPro Europe","isPartOf":{"@id":"https:\/\/touchproeurope.eu\/#website"},"primaryImageOfPage":{"@id":"https:\/\/touchproeurope.eu\/product\/maharaja-collectie-asana-tas-van-katoen\/#primaryimage"},"image":{"@id":"https:\/\/touchproeurope.eu\/product\/maharaja-collectie-asana-tas-van-katoen\/#primaryimage"},"thumbnailUrl":"https:\/\/i0.wp.com\/touchproeurope.eu\/wp-content\/uploads\/2026\/01\/541x_asana_bag_bodhi_maharaja_vaterbild1.jpg?fit=1500%2C1500&ssl=1","datePublished":"2026-01-28T13:28:15+00:00","dateModified":"2026-04-22T09:41:32+00:00","description":"Lleva tu esterilla de yoga con estilo con la colecci\u00f3n Maharaja ASANA-TAS DE KATOEN. Los patrones \u00fanicos hacen de esta bolsa un must-have para todos los yoguis. \u00a1P\u00eddela hoy mismo!","breadcrumb":{"@id":"https:\/\/touchproeurope.eu\/product\/maharaja-collectie-asana-tas-van-katoen\/#breadcrumb"},"inLanguage":"es","potentialAction":[{"@type":"ReadAction","target":["https:\/\/touchproeurope.eu\/product\/maharaja-collectie-asana-tas-van-katoen\/"]}]},{"@type":"ImageObject","inLanguage":"es","@id":"https:\/\/touchproeurope.eu\/product\/maharaja-collectie-asana-tas-van-katoen\/#primaryimage","url":"https:\/\/i0.wp.com\/touchproeurope.eu\/wp-content\/uploads\/2026\/01\/541x_asana_bag_bodhi_maharaja_vaterbild1.jpg?fit=1500%2C1500&ssl=1","contentUrl":"https:\/\/i0.wp.com\/touchproeurope.eu\/wp-content\/uploads\/2026\/01\/541x_asana_bag_bodhi_maharaja_vaterbild1.jpg?fit=1500%2C1500&ssl=1","width":1500,"height":1500,"caption":"Maharaja-collectie: ASANA-TAS VAN KATOEN"},{"@type":"BreadcrumbList","@id":"https:\/\/touchproeurope.eu\/product\/maharaja-collectie-asana-tas-van-katoen\/#breadcrumb","itemListElement":[{"@type":"ListItem","position":1,"name":"Home","item":"https:\/\/touchproeurope.eu\/"},{"@type":"ListItem","position":2,"name":"Winkel","item":"https:\/\/touchproeurope.eu\/winkel\/"},{"@type":"ListItem","position":3,"name":"Maharaja-collectie ASANA-TAS VAN KATOEN"}]},{"@type":"WebSite","@id":"https:\/\/touchproeurope.eu\/#website","url":"https:\/\/touchproeurope.eu\/","name":"Tienda TouchPro Europe","description":"\u00a1Todo para su consulta con un toque PROfesional!","publisher":{"@id":"https:\/\/touchproeurope.eu\/#organization"},"alternateName":"TPE","potentialAction":[{"@type":"SearchAction","target":{"@type":"EntryPoint","urlTemplate":"https:\/\/touchproeurope.eu\/?s={search_term_string}"},"query-input":{"@type":"PropertyValueSpecification","valueRequired":true,"valueName":"search_term_string"}}],"inLanguage":"es"},{"@type":"Organization","@id":"https:\/\/touchproeurope.eu\/#organization","name":"TouchPro Europe BV","alternateName":"TPE","url":"https:\/\/touchproeurope.eu\/","logo":{"@type":"ImageObject","inLanguage":"es","@id":"https:\/\/touchproeurope.eu\/#\/schema\/logo\/image\/","url":"https:\/\/i0.wp.com\/touchproeurope.eu\/wp-content\/uploads\/2023\/10\/2b592c_b6944d80811246d987cc2c29accedf3f.png?fit=1417%2C531&ssl=1","contentUrl":"https:\/\/i0.wp.com\/touchproeurope.eu\/wp-content\/uploads\/2023\/10\/2b592c_b6944d80811246d987cc2c29accedf3f.png?fit=1417%2C531&ssl=1","width":1417,"height":531,"caption":"TouchPro Europe BV"},"image":{"@id":"https:\/\/touchproeurope.eu\/#\/schema\/logo\/image\/"},"sameAs":["https:\/\/www.facebook.com\/TouchproNederland\/?locale=nl_NL\/","https:\/\/www.instagram.com\/touchpro2016\/","https:\/\/www.linkedin.com\/company\/touchpro-europe-bv\/"],"description":"TouchPro Europe Shop es la tienda de masajes de Europa. Vendemos productos de masaje de primera calidad a masajistas, pedicuras, fisioterapeutas, manicuras, centros de bienestar, cursos de formaci\u00f3n, etc. TouchPro comenz\u00f3 como una peque\u00f1a tienda en los Pa\u00edses Bajos, pero ahora se ha convertido en una tienda con clientes de toda Europa. Ofrecemos una amplia gama de productos de masaje, incluyendo camillas de masaje, aceites, cremas y accesorios de las mejores marcas como Earthlite, Stronglite e InnerStrenght, Habys, Living Earth Crafts y Continuum y otros proveedores de accesorios de masaje. Pida aqu\u00ed los mejores art\u00edculos de masaje de Europa.","email":"info@touchpro-europe.com","telephone":"0858768829","legalName":"TouchPro Europe BV","foundingDate":"2018-01-11","vatID":"NL855430151B01","numberOfEmployees":{"@type":"QuantitativeValue","minValue":"1","maxValue":"10"},"hasMerchantReturnPolicy":{"@type":"MerchantReturnPolicy","merchantReturnLink":"https:\/\/touchproeurope.eu\/es\/retourbeleid\/"}}]},"product_brand":"Bodhi","og_availability":"instock","product_availability":"instock","product_retailer_item_id":"541x","product_condition":"new"},"_links":{"self":[{"href":"https:\/\/touchproeurope.eu\/es\/wp-json\/wp\/v2\/product\/15767","targetHints":{"allow":["GET"]}}],"collection":[{"href":"https:\/\/touchproeurope.eu\/es\/wp-json\/wp\/v2\/product"}],"about":[{"href":"https:\/\/touchproeurope.eu\/es\/wp-json\/wp\/v2\/types\/product"}],"replies":[{"embeddable":true,"href":"https:\/\/touchproeurope.eu\/es\/wp-json\/wp\/v2\/comments?post=15767"}],"version-history":[{"count":2,"href":"https:\/\/touchproeurope.eu\/es\/wp-json\/wp\/v2\/product\/15767\/revisions"}],"predecessor-version":[{"id":15804,"href":"https:\/\/touchproeurope.eu\/es\/wp-json\/wp\/v2\/product\/15767\/revisions\/15804"}],"wp:featuredmedia":[{"embeddable":true,"href":"https:\/\/touchproeurope.eu\/es\/wp-json\/wp\/v2\/media\/15801"}],"wp:attachment":[{"href":"https:\/\/touchproeurope.eu\/es\/wp-json\/wp\/v2\/media?parent=15767"}],"wp:term":[{"taxonomy":"product_brand","embeddable":true,"href":"https:\/\/touchproeurope.eu\/es\/wp-json\/wp\/v2\/product_brand?post=15767"},{"taxonomy":"product_cat","embeddable":true,"href":"https:\/\/touchproeurope.eu\/es\/wp-json\/wp\/v2\/product_cat?post=15767"},{"taxonomy":"product_tag","embeddable":true,"href":"https:\/\/touchproeurope.eu\/es\/wp-json\/wp\/v2\/product_tag?post=15767"}],"curies":[{"name":"wp","href":"https:\/\/api.w.org\/{rel}","templated":true}]}}