{"id":1588,"date":"2023-11-07T16:43:02","date_gmt":"2023-11-07T16:43:02","guid":{"rendered":"https:\/\/touchproeurope.eu\/?post_type=product&#038;p=1588"},"modified":"2026-05-12T09:25:20","modified_gmt":"2026-05-12T09:25:20","slug":"fuerza-interior-elemento-reiki-camilla-de-masaje","status":"publish","type":"product","link":"https:\/\/touchproeurope.eu\/es\/product\/inner-strength-element-reiki-massagetafel\/","title":{"rendered":"Camilla de Masaje Reiki Inner Strength Element"},"content":{"rendered":"<p>Descubra lo \u00faltimo en lujo port\u00e1til para sus sesiones de masaje con la camilla de masaje Inner Strength Element Reiki. Ligera y f\u00e1cil de transportar, esta robusta camilla est\u00e1 dise\u00f1ada para el masajista moderno que exige flexibilidad, calidad y comodidad. Las placas finales Reiki hacen que esta camilla sea adecuada para una amplia gama de masajistas, garantizando que sus clientes reciban la atenci\u00f3n que se merecen, est\u00e9 donde est\u00e9.<\/p>\n<p>Con unas dimensiones de 76 x 186 cm y una altura m\u00e1xima de trabajo de 85 cm, esta mesa ofrece el equilibrio perfecto entre estabilidad y adaptabilidad. El duradero armaz\u00f3n de madera de abedul de calidad garantiza un soporte duradero y fiable. La tapicer\u00eda de vinilo PU no s\u00f3lo tiene un tacto lujoso, sino que tambi\u00e9n es f\u00e1cil de limpiar, para que siempre mantenga un aspecto profesional.<\/p>\n<p>El paquete de camilla incluye no s\u00f3lo la camilla de masaje Inner Strength Element Reiki, sino tambi\u00e9n un reposacabezas ajustable de lujo con coj\u00edn est\u00e1ndar, para que pueda encontrar la posici\u00f3n perfecta para cada cliente. Bolsa de transporte incluida para transportarla sin esfuerzo.<\/p>\n<p>Con un peso de trabajo de 181 kg y un coj\u00edn de triple envoltura de 7,5 cm de grosor, esta camilla de masaje no s\u00f3lo ofrece comodidad a sus clientes, sino tambi\u00e9n comodidad ergon\u00f3mica para usted. Conf\u00ede en la garant\u00eda limitada de por vida para el armaz\u00f3n y la garant\u00eda de 3 a\u00f1os para el coj\u00edn y el vinilo, para que pueda invertir en su consulta con tranquilidad.<\/p>\n<p>El paquete de mesa consta de:<\/p>\n<ul>\n<li>Camilla de masaje Reiki Inner Strength Element<\/li>\n<li>Reposacabezas ajustable de lujo con coj\u00edn est\u00e1ndar<\/li>\n<li>Bolsa de transporte<\/li>\n<\/ul>\n<p>Caracter\u00edsticas:<\/p>\n<ul>\n<li>Tama\u00f1o 76 x 186 cm<\/li>\n<li>Peso 14,5 kg<\/li>\n<li>altura m\u00e1xima de trabajo 85 cm<\/li>\n<li>peso de trabajo imponible 181 kg<\/li>\n<li>Placas terminales Reiki<\/li>\n<li>Marco de madera dura de abedul de calidad<\/li>\n<li>Tapicer\u00eda de vinilo PU<\/li>\n<li>Coj\u00edn de triple envoltura de 7,5 cm de grosor<\/li>\n<li>Garant\u00eda limitada de por vida en la estructura y de 3 a\u00f1os en el coj\u00edn y el vinilo<\/li>\n<li>Ficha de venta oficial:\u00a0<a href=\"https:\/\/b2b.earthlite.eu\/media\/wysiwyg\/SalesSheets\/2023-Reupload\/Element_Table_-_1-300-0064_-_Rev_080721.pdf\">Elemento<\/a><\/li>\n<\/ul>","protected":false},"excerpt":{"rendered":"<div class=\"product-details-module__title ec-header-h6\">Datos del producto<\/div>\n<div class=\"product-details-module__content\">\n<div id=\"productDescription\" class=\"product-details__product-description\">\n<p><strong>Camilla de masaje Inner Strenght Element Reiki<\/strong> - una robusta camilla de masaje, cuyo peso ligero hace que sea f\u00e1cil de llevar a cualquier parte. El nuevo modelo Element viene con placas terminales Reiki, lo que la hace apta para una gama a\u00fan m\u00e1s amplia de masajistas. Con su construcci\u00f3n duradera y su peso ligero, esta camilla ofrece la flexibilidad, calidad y comodidad que necesita para realizar sus sesiones de masaje sin problemas, est\u00e9 donde est\u00e9.<\/p>\n<\/div>\n<\/div>","protected":false},"featured_media":1594,"comment_status":"open","ping_status":"closed","template":"","meta":[],"product_brand":[400],"product_cat":[94,93],"product_tag":[20,51,50,49,52],"class_list":{"0":"post-1588","1":"product","2":"type-product","3":"status-publish","4":"has-post-thumbnail","6":"product_brand-inner-strenght","7":"product_cat-draagbare-massagetafels","8":"product_cat-massagetafels","9":"product_tag-inner-strenght","10":"product_tag-lichtgewicht","11":"product_tag-massagetafels","12":"product_tag-reiki","13":"product_tag-reiki-eindplaten","14":"product_shipping_class-groot-pakket","15":"pa_kleur-agate","16":"pa_kleur-burgundy","17":"pa_kleur-paars","18":"pa_kleur-vanille-creme","19":"pa_kleur-zwart","20":"pa_merk-inner-strenght","22":"first","23":"instock","24":"taxable","25":"shipping-taxable","26":"purchasable","27":"product-type-variable"},"yoast_head":"<!-- This site is optimized with the Yoast SEO Premium plugin v27.6 (Yoast SEO v27.6) - https:\/\/yoast.com\/product\/yoast-seo-premium-wordpress\/ -->\n<title>Inner Strength Element Reiki Massagetafel kopen? - TouchPro Europe Shop<\/title>\n<meta name=\"description\" content=\"Ontdek de Inner Strength Element Reiki massagetafel. Ideaal voor masseurs die streven naar kwaliteit en flexibiliteit! Bestel deze draagbare massagetafel nu\" \/>\n<meta name=\"robots\" content=\"index, follow, max-snippet:-1, max-image-preview:large, max-video-preview:-1\" \/>\n<link rel=\"canonical\" href=\"https:\/\/touchproeurope.eu\/es\/product\/fuerza-interior-elemento-reiki-camilla-de-masaje\/\" \/>\n<meta property=\"og:locale\" content=\"es_ES\" \/>\n<meta property=\"og:type\" content=\"article\" \/>\n<meta property=\"og:title\" content=\"Inner Strength Element Reiki Massagetafel\" \/>\n<meta property=\"og:description\" content=\"Ontdek de Inner Strength Element Reiki massagetafel. Ideaal voor masseurs die streven naar kwaliteit en flexibiliteit! Bestel deze draagbare massagetafel nu\" \/>\n<meta property=\"og:url\" content=\"https:\/\/touchproeurope.eu\/es\/product\/fuerza-interior-elemento-reiki-camilla-de-masaje\/\" \/>\n<meta property=\"og:site_name\" content=\"TouchPro Europe Shop\" \/>\n<meta property=\"article:publisher\" content=\"https:\/\/www.facebook.com\/TouchproNederland\/?locale=nl_NL%2f\" \/>\n<meta property=\"article:modified_time\" content=\"2026-05-12T09:25:20+00:00\" \/>\n<meta property=\"og:image\" content=\"https:\/\/touchproeurope.eu\/wp-content\/uploads\/2023\/11\/Inner-Strength-Element-Reiki-Massagetafel-Vanilla-Creme.png\" \/>\n\t<meta property=\"og:image:width\" content=\"2000\" \/>\n\t<meta property=\"og:image:height\" content=\"2000\" \/>\n\t<meta property=\"og:image:type\" content=\"image\/png\" \/>\n<meta name=\"twitter:card\" content=\"summary_large_image\" \/>\n<meta name=\"twitter:label1\" content=\"Disponibilidad\" \/>\n\t<meta name=\"twitter:data1\" content=\"Disponible\" \/>\n<script type=\"application\/ld+json\" class=\"yoast-schema-graph\">{\"@context\":\"https:\\\/\\\/schema.org\",\"@graph\":[{\"@type\":\"WebPage\",\"@id\":\"https:\\\/\\\/touchproeurope.eu\\\/product\\\/inner-strength-element-reiki-massagetafel\\\/\",\"url\":\"https:\\\/\\\/touchproeurope.eu\\\/product\\\/inner-strength-element-reiki-massagetafel\\\/\",\"name\":\"Inner Strength Element Reiki Massagetafel kopen? - TouchPro Europe Shop\",\"isPartOf\":{\"@id\":\"https:\\\/\\\/touchproeurope.eu\\\/#website\"},\"primaryImageOfPage\":{\"@id\":\"https:\\\/\\\/touchproeurope.eu\\\/product\\\/inner-strength-element-reiki-massagetafel\\\/#primaryimage\"},\"image\":{\"@id\":\"https:\\\/\\\/touchproeurope.eu\\\/product\\\/inner-strength-element-reiki-massagetafel\\\/#primaryimage\"},\"thumbnailUrl\":\"https:\\\/\\\/i0.wp.com\\\/touchproeurope.eu\\\/wp-content\\\/uploads\\\/2023\\\/11\\\/Inner-Strength-Element-Reiki-Massagetafel-Vanilla-Creme.png?fit=2000%2C2000&ssl=1\",\"datePublished\":\"2023-11-07T16:43:02+00:00\",\"dateModified\":\"2026-05-12T09:25:20+00:00\",\"description\":\"Ontdek de Inner Strength Element Reiki massagetafel. Ideaal voor masseurs die streven naar kwaliteit en flexibiliteit! Bestel deze draagbare massagetafel nu\",\"breadcrumb\":{\"@id\":\"https:\\\/\\\/touchproeurope.eu\\\/product\\\/inner-strength-element-reiki-massagetafel\\\/#breadcrumb\"},\"inLanguage\":\"es\",\"potentialAction\":[{\"@type\":\"ReadAction\",\"target\":[\"https:\\\/\\\/touchproeurope.eu\\\/product\\\/inner-strength-element-reiki-massagetafel\\\/\"]}]},{\"@type\":\"ImageObject\",\"inLanguage\":\"es\",\"@id\":\"https:\\\/\\\/touchproeurope.eu\\\/product\\\/inner-strength-element-reiki-massagetafel\\\/#primaryimage\",\"url\":\"https:\\\/\\\/i0.wp.com\\\/touchproeurope.eu\\\/wp-content\\\/uploads\\\/2023\\\/11\\\/Inner-Strength-Element-Reiki-Massagetafel-Vanilla-Creme.png?fit=2000%2C2000&ssl=1\",\"contentUrl\":\"https:\\\/\\\/i0.wp.com\\\/touchproeurope.eu\\\/wp-content\\\/uploads\\\/2023\\\/11\\\/Inner-Strength-Element-Reiki-Massagetafel-Vanilla-Creme.png?fit=2000%2C2000&ssl=1\",\"width\":2000,\"height\":2000,\"caption\":\"Inner Strength Element Reiki Massagetafel Vanilla Creme\"},{\"@type\":\"BreadcrumbList\",\"@id\":\"https:\\\/\\\/touchproeurope.eu\\\/product\\\/inner-strength-element-reiki-massagetafel\\\/#breadcrumb\",\"itemListElement\":[{\"@type\":\"ListItem\",\"position\":1,\"name\":\"Home\",\"item\":\"https:\\\/\\\/touchproeurope.eu\\\/\"},{\"@type\":\"ListItem\",\"position\":2,\"name\":\"Winkel\",\"item\":\"https:\\\/\\\/touchproeurope.eu\\\/winkel\\\/\"},{\"@type\":\"ListItem\",\"position\":3,\"name\":\"Inner Strength Element Reiki Massagetafel\"}]},{\"@type\":\"WebSite\",\"@id\":\"https:\\\/\\\/touchproeurope.eu\\\/#website\",\"url\":\"https:\\\/\\\/touchproeurope.eu\\\/\",\"name\":\"TouchPro Europe Shop\",\"description\":\"Alles voor jouw praktijk met een PROfessionele Touch!\",\"publisher\":{\"@id\":\"https:\\\/\\\/touchproeurope.eu\\\/#organization\"},\"alternateName\":\"TPE\",\"potentialAction\":[{\"@type\":\"SearchAction\",\"target\":{\"@type\":\"EntryPoint\",\"urlTemplate\":\"https:\\\/\\\/touchproeurope.eu\\\/?s={search_term_string}\"},\"query-input\":{\"@type\":\"PropertyValueSpecification\",\"valueRequired\":true,\"valueName\":\"search_term_string\"}}],\"inLanguage\":\"es\"},{\"@type\":\"Organization\",\"@id\":\"https:\\\/\\\/touchproeurope.eu\\\/#organization\",\"name\":\"TouchPro Europe BV\",\"alternateName\":\"TPE\",\"url\":\"https:\\\/\\\/touchproeurope.eu\\\/\",\"logo\":{\"@type\":\"ImageObject\",\"inLanguage\":\"es\",\"@id\":\"https:\\\/\\\/touchproeurope.eu\\\/#\\\/schema\\\/logo\\\/image\\\/\",\"url\":\"https:\\\/\\\/i0.wp.com\\\/touchproeurope.eu\\\/wp-content\\\/uploads\\\/2023\\\/10\\\/2b592c_b6944d80811246d987cc2c29accedf3f.png?fit=1417%2C531&ssl=1\",\"contentUrl\":\"https:\\\/\\\/i0.wp.com\\\/touchproeurope.eu\\\/wp-content\\\/uploads\\\/2023\\\/10\\\/2b592c_b6944d80811246d987cc2c29accedf3f.png?fit=1417%2C531&ssl=1\",\"width\":1417,\"height\":531,\"caption\":\"TouchPro Europe BV\"},\"image\":{\"@id\":\"https:\\\/\\\/touchproeurope.eu\\\/#\\\/schema\\\/logo\\\/image\\\/\"},\"sameAs\":[\"https:\\\/\\\/www.facebook.com\\\/TouchproNederland\\\/?locale=nl_NL\\\/\",\"https:\\\/\\\/www.instagram.com\\\/touchpro2016\\\/\",\"https:\\\/\\\/www.linkedin.com\\\/company\\\/touchpro-europe-bv\\\/\"],\"description\":\"TouchPro Europe Shop is de massage winkel van Europa. Wij verkopen topkwaliteit massageproducten aan masseurs, pedicures, fysiotherapeuten, manicuren, Wellness centra, opleidingen, etc. TouchPro begon als een kleine webshop in Nederland, maar is nu uitgegroeid tot een webshop met klanten uit heel Europa. Wij bieden een breed assortiment aan massageproducten, waaronder massagetafels, oli\u00ebn, cr\u00e8mes, en accessoires van topmerken, zoals Earthlite, Stronglite en InnerStrenght, Habys, Living Earth Crafts en Continuum en andere leveranciers van massage accessoires. Bestel hier de beste massagematerialen van Europa!\",\"email\":\"info@touchpro-europe.com\",\"telephone\":\"0858768829\",\"legalName\":\"TouchPro Europe BV\",\"foundingDate\":\"2018-01-11\",\"vatID\":\"NL855430151B01\",\"numberOfEmployees\":{\"@type\":\"QuantitativeValue\",\"minValue\":\"1\",\"maxValue\":\"10\"},\"hasMerchantReturnPolicy\":{\"@type\":\"MerchantReturnPolicy\",\"merchantReturnLink\":\"https:\\\/\\\/touchproeurope.eu\\\/es\\\/retourbeleid\\\/\"}}]}<\/script>\n<meta property=\"product:brand\" content=\"Inner Strenght\" \/>\n<meta property=\"og:availability\" content=\"instock\" \/>\n<meta property=\"product:availability\" content=\"instock\" \/>\n<meta property=\"product:retailer_item_id\" content=\"20464\" \/>\n<meta property=\"product:condition\" content=\"new\" \/>\n<!-- \/ Yoast SEO Premium plugin. -->","yoast_head_json":{"title":"Comprar Camilla de Masaje Inner Strength Element Reiki? - Tienda TouchPro Europe","description":"Descubra la camilla de masaje Reiki Inner Strength Element. Ideal para masajistas que buscan calidad y flexibilidad. Pida ahora esta camilla de masaje port\u00e1til","robots":{"index":"index","follow":"follow","max-snippet":"max-snippet:-1","max-image-preview":"max-image-preview:large","max-video-preview":"max-video-preview:-1"},"canonical":"https:\/\/touchproeurope.eu\/es\/product\/fuerza-interior-elemento-reiki-camilla-de-masaje\/","og_locale":"es_ES","og_type":"article","og_title":"Inner Strength Element Reiki Massagetafel","og_description":"Ontdek de Inner Strength Element Reiki massagetafel. Ideaal voor masseurs die streven naar kwaliteit en flexibiliteit! Bestel deze draagbare massagetafel nu","og_url":"https:\/\/touchproeurope.eu\/es\/product\/fuerza-interior-elemento-reiki-camilla-de-masaje\/","og_site_name":"TouchPro Europe Shop","article_publisher":"https:\/\/www.facebook.com\/TouchproNederland\/?locale=nl_NL%2f","article_modified_time":"2026-05-12T09:25:20+00:00","og_image":[{"width":2000,"height":2000,"url":"https:\/\/touchproeurope.eu\/wp-content\/uploads\/2023\/11\/Inner-Strength-Element-Reiki-Massagetafel-Vanilla-Creme.png","type":"image\/png"}],"twitter_card":"summary_large_image","twitter_misc":{"Disponibilidad":"Disponible"},"schema":{"@context":"https:\/\/schema.org","@graph":[{"@type":"WebPage","@id":"https:\/\/touchproeurope.eu\/product\/inner-strength-element-reiki-massagetafel\/","url":"https:\/\/touchproeurope.eu\/product\/inner-strength-element-reiki-massagetafel\/","name":"Comprar Camilla de Masaje Inner Strength Element Reiki? - Tienda TouchPro Europe","isPartOf":{"@id":"https:\/\/touchproeurope.eu\/#website"},"primaryImageOfPage":{"@id":"https:\/\/touchproeurope.eu\/product\/inner-strength-element-reiki-massagetafel\/#primaryimage"},"image":{"@id":"https:\/\/touchproeurope.eu\/product\/inner-strength-element-reiki-massagetafel\/#primaryimage"},"thumbnailUrl":"https:\/\/i0.wp.com\/touchproeurope.eu\/wp-content\/uploads\/2023\/11\/Inner-Strength-Element-Reiki-Massagetafel-Vanilla-Creme.png?fit=2000%2C2000&ssl=1","datePublished":"2023-11-07T16:43:02+00:00","dateModified":"2026-05-12T09:25:20+00:00","description":"Descubra la camilla de masaje Reiki Inner Strength Element. Ideal para masajistas que buscan calidad y flexibilidad. Pida ahora esta camilla de masaje port\u00e1til","breadcrumb":{"@id":"https:\/\/touchproeurope.eu\/product\/inner-strength-element-reiki-massagetafel\/#breadcrumb"},"inLanguage":"es","potentialAction":[{"@type":"ReadAction","target":["https:\/\/touchproeurope.eu\/product\/inner-strength-element-reiki-massagetafel\/"]}]},{"@type":"ImageObject","inLanguage":"es","@id":"https:\/\/touchproeurope.eu\/product\/inner-strength-element-reiki-massagetafel\/#primaryimage","url":"https:\/\/i0.wp.com\/touchproeurope.eu\/wp-content\/uploads\/2023\/11\/Inner-Strength-Element-Reiki-Massagetafel-Vanilla-Creme.png?fit=2000%2C2000&ssl=1","contentUrl":"https:\/\/i0.wp.com\/touchproeurope.eu\/wp-content\/uploads\/2023\/11\/Inner-Strength-Element-Reiki-Massagetafel-Vanilla-Creme.png?fit=2000%2C2000&ssl=1","width":2000,"height":2000,"caption":"Inner Strength Element Reiki Massagetafel Vanilla Creme"},{"@type":"BreadcrumbList","@id":"https:\/\/touchproeurope.eu\/product\/inner-strength-element-reiki-massagetafel\/#breadcrumb","itemListElement":[{"@type":"ListItem","position":1,"name":"Home","item":"https:\/\/touchproeurope.eu\/"},{"@type":"ListItem","position":2,"name":"Winkel","item":"https:\/\/touchproeurope.eu\/winkel\/"},{"@type":"ListItem","position":3,"name":"Inner Strength Element Reiki Massagetafel"}]},{"@type":"WebSite","@id":"https:\/\/touchproeurope.eu\/#website","url":"https:\/\/touchproeurope.eu\/","name":"Tienda TouchPro Europe","description":"\u00a1Todo para su consulta con un toque PROfesional!","publisher":{"@id":"https:\/\/touchproeurope.eu\/#organization"},"alternateName":"TPE","potentialAction":[{"@type":"SearchAction","target":{"@type":"EntryPoint","urlTemplate":"https:\/\/touchproeurope.eu\/?s={search_term_string}"},"query-input":{"@type":"PropertyValueSpecification","valueRequired":true,"valueName":"search_term_string"}}],"inLanguage":"es"},{"@type":"Organization","@id":"https:\/\/touchproeurope.eu\/#organization","name":"TouchPro Europe BV","alternateName":"TPE","url":"https:\/\/touchproeurope.eu\/","logo":{"@type":"ImageObject","inLanguage":"es","@id":"https:\/\/touchproeurope.eu\/#\/schema\/logo\/image\/","url":"https:\/\/i0.wp.com\/touchproeurope.eu\/wp-content\/uploads\/2023\/10\/2b592c_b6944d80811246d987cc2c29accedf3f.png?fit=1417%2C531&ssl=1","contentUrl":"https:\/\/i0.wp.com\/touchproeurope.eu\/wp-content\/uploads\/2023\/10\/2b592c_b6944d80811246d987cc2c29accedf3f.png?fit=1417%2C531&ssl=1","width":1417,"height":531,"caption":"TouchPro Europe BV"},"image":{"@id":"https:\/\/touchproeurope.eu\/#\/schema\/logo\/image\/"},"sameAs":["https:\/\/www.facebook.com\/TouchproNederland\/?locale=nl_NL\/","https:\/\/www.instagram.com\/touchpro2016\/","https:\/\/www.linkedin.com\/company\/touchpro-europe-bv\/"],"description":"TouchPro Europe Shop es la tienda de masajes de Europa. Vendemos productos de masaje de primera calidad a masajistas, pedicuras, fisioterapeutas, manicuras, centros de bienestar, cursos de formaci\u00f3n, etc. TouchPro comenz\u00f3 como una peque\u00f1a tienda en los Pa\u00edses Bajos, pero ahora se ha convertido en una tienda con clientes de toda Europa. Ofrecemos una amplia gama de productos de masaje, incluyendo camillas de masaje, aceites, cremas y accesorios de las mejores marcas como Earthlite, Stronglite e InnerStrenght, Habys, Living Earth Crafts y Continuum y otros proveedores de accesorios de masaje. Pida aqu\u00ed los mejores art\u00edculos de masaje de Europa.","email":"info@touchpro-europe.com","telephone":"0858768829","legalName":"TouchPro Europe BV","foundingDate":"2018-01-11","vatID":"NL855430151B01","numberOfEmployees":{"@type":"QuantitativeValue","minValue":"1","maxValue":"10"},"hasMerchantReturnPolicy":{"@type":"MerchantReturnPolicy","merchantReturnLink":"https:\/\/touchproeurope.eu\/es\/retourbeleid\/"}}]},"product_brand":"Inner Strenght","og_availability":"instock","product_availability":"instock","product_retailer_item_id":"20464","product_condition":"new"},"_links":{"self":[{"href":"https:\/\/touchproeurope.eu\/es\/wp-json\/wp\/v2\/product\/1588","targetHints":{"allow":["GET"]}}],"collection":[{"href":"https:\/\/touchproeurope.eu\/es\/wp-json\/wp\/v2\/product"}],"about":[{"href":"https:\/\/touchproeurope.eu\/es\/wp-json\/wp\/v2\/types\/product"}],"replies":[{"embeddable":true,"href":"https:\/\/touchproeurope.eu\/es\/wp-json\/wp\/v2\/comments?post=1588"}],"version-history":[{"count":7,"href":"https:\/\/touchproeurope.eu\/es\/wp-json\/wp\/v2\/product\/1588\/revisions"}],"predecessor-version":[{"id":1598,"href":"https:\/\/touchproeurope.eu\/es\/wp-json\/wp\/v2\/product\/1588\/revisions\/1598"}],"wp:featuredmedia":[{"embeddable":true,"href":"https:\/\/touchproeurope.eu\/es\/wp-json\/wp\/v2\/media\/1594"}],"wp:attachment":[{"href":"https:\/\/touchproeurope.eu\/es\/wp-json\/wp\/v2\/media?parent=1588"}],"wp:term":[{"taxonomy":"product_brand","embeddable":true,"href":"https:\/\/touchproeurope.eu\/es\/wp-json\/wp\/v2\/product_brand?post=1588"},{"taxonomy":"product_cat","embeddable":true,"href":"https:\/\/touchproeurope.eu\/es\/wp-json\/wp\/v2\/product_cat?post=1588"},{"taxonomy":"product_tag","embeddable":true,"href":"https:\/\/touchproeurope.eu\/es\/wp-json\/wp\/v2\/product_tag?post=1588"}],"curies":[{"name":"wp","href":"https:\/\/api.w.org\/{rel}","templated":true}]}}