{"id":1600,"date":"2023-11-07T16:58:29","date_gmt":"2023-11-07T16:58:29","guid":{"rendered":"https:\/\/touchproeurope.eu\/?post_type=product&#038;p=1600"},"modified":"2026-04-22T14:51:11","modified_gmt":"2026-04-22T14:51:11","slug":"camilla-de-masaje-inner-strength-e2","status":"publish","type":"product","link":"https:\/\/touchproeurope.eu\/es\/product\/inner-strength-e2-massagetafel\/","title":{"rendered":"Camilla de masaje Inner Strength E2"},"content":{"rendered":"<p>Experimente lo \u00faltimo en lujo y confort con la camilla de masaje Inner Strength E2. Con sus esquinas redondeadas, esta camilla no s\u00f3lo irradia elegancia, sino que tambi\u00e9n ofrece una calidad sin precedentes para sus clientes. En comparaci\u00f3n con la Element Reiki, la E2 tiene un acabado a\u00fan m\u00e1s lujoso, lo que da como resultado una camilla de calidad excepcional.<\/p>\n<p>La Inner Strength E2 es la elecci\u00f3n perfecta tanto para el masajista principiante como para el profesional que se desplaza. Su dise\u00f1o compacto y port\u00e1til, que incluye un reposacabezas ajustable con coj\u00edn est\u00e1ndar y una pr\u00e1ctica bolsa de transporte, convierte a esta camilla de masaje en su compa\u00f1era ideal.<\/p>\n<p>Con unas dimensiones de 76 x 186 cm, la camilla ofrece espacio suficiente para c\u00f3modas sesiones de masaje. El uso de madera de abedul dura y certificada para el armaz\u00f3n de calidad garantiza su durabilidad y estabilidad. La Inner Strength E2 pesa s\u00f3lo 15 kg y tiene una altura m\u00e1xima de trabajo de 85 cm, por lo que es f\u00e1cil de manejar y adecuada para diversas situaciones.<\/p>\n<p>Gracias a la opci\u00f3n Shiatsu Release y a las placas terminales Reiki, esta camilla ofrece versatilidad en las t\u00e9cnicas de masaje. La tapicer\u00eda de vinilo PU y el coj\u00edn de triple envoltura de 7,5 cm de grosor garantizan el m\u00e1ximo confort a sus clientes.<\/p>\n<p>Opte por la tranquilidad con la garant\u00eda limitada de por vida para el armaz\u00f3n y de 3 a\u00f1os para el coj\u00edn y el vinilo. Transforme su consulta de masaje con la camilla de masaje Inner Strength E2: la combinaci\u00f3n perfecta de estilo, comodidad y durabilidad. P\u00eddala ahora y ofrezca a sus clientes la experiencia que se merecen.<\/p>","protected":false},"excerpt":{"rendered":"<div class=\"product-details-module__content\">\n<div id=\"productDescription\" class=\"product-details__product-description\">\n<div>\n<p><strong>La camilla de masaje Inner Strength E2 -<\/strong>\u00a0Las esquinas redondeadas de la camilla de masaje Inner Strength E2 le dan un acabado ligeramente m\u00e1s lujoso que, por ejemplo, la Element Reiki. Esto confiere a la camilla una calidad a\u00fan mayor y m\u00e1s comodidad para los clientes. La camilla de masaje Inner Strength E2 es ideal para el masajista principiante y el profesional que se desplaza con frecuencia.<\/p>\n<ul>\n<li>Camilla de masaje Inner Strength E2<\/li>\n<li>Reposacabezas ajustable con coj\u00edn est\u00e1ndar<\/li>\n<li>Bolsa de transporte<\/li>\n<\/ul>\n<p>Caracter\u00edsticas:<\/p>\n<ul>\n<li>Tama\u00f1o 76 x 186 cm<\/li>\n<li>peso 15 kg<\/li>\n<li>Altura m\u00e1xima de trabajo 85 cm<\/li>\n<li>Peso en carga 181 kg<\/li>\n<li>Marco duro de madera de abedul de calidad certificada<\/li>\n<li>Opci\u00f3n de liberaci\u00f3n Shiatsu<\/li>\n<li>Placas terminales Reiki<\/li>\n<li>Tapicer\u00eda de vinilo PU<\/li>\n<li>Coj\u00edn de triple envoltura de 7,5 cm de grosor<\/li>\n<li>Garant\u00eda limitada de por vida en la estructura y de 3 a\u00f1os en el coj\u00edn y el vinilo<\/li>\n<li>Hoja de venta oficial:\u00a0<a href=\"https:\/\/b2b.earthlite.eu\/media\/wysiwyg\/SalesSheets\/2023-Reupload\/E2_-_1-300-0043_-_Rev_080721.pdf\">Fuerza interior E2<\/a><\/li>\n<\/ul>\n<\/div>\n<\/div>\n<\/div>","protected":false},"featured_media":1603,"comment_status":"open","ping_status":"closed","template":"","meta":[],"product_brand":[400],"product_cat":[94,93],"product_tag":[20,53,54,50,55],"class_list":{"0":"post-1600","1":"product","2":"type-product","3":"status-publish","4":"has-post-thumbnail","6":"product_brand-inner-strenght","7":"product_cat-draagbare-massagetafels","8":"product_cat-massagetafels","9":"product_tag-inner-strenght","10":"product_tag-inner-strength-e2","11":"product_tag-luxe","12":"product_tag-massagetafels","13":"product_tag-professional","14":"product_shipping_class-groot-pakket","15":"pa_kleur-agate","16":"pa_kleur-bordeaux","17":"pa_kleur-vanille-creme","18":"pa_kleur-zwart","19":"pa_merk-inner-strenght","21":"first","22":"instock","23":"taxable","24":"shipping-taxable","25":"purchasable","26":"product-type-variable"},"yoast_head":"<!-- This site is optimized with the Yoast SEO Premium plugin v27.4 (Yoast SEO v27.4) - https:\/\/yoast.com\/product\/yoast-seo-premium-wordpress\/ -->\n<title>Inner Strength E2 Massagetafel - TouchPro Europe Shop<\/title>\n<meta name=\"description\" content=\"Ervaar de ultieme luxe en comfort met de Inner Strength E2 Massagetafel. Door zijn afgeronde hoeken straalt deze tafel elegantie uit. Bestel hem hier!\" \/>\n<meta name=\"robots\" content=\"index, follow, max-snippet:-1, max-image-preview:large, max-video-preview:-1\" \/>\n<link rel=\"canonical\" href=\"https:\/\/touchproeurope.eu\/es\/product\/camilla-de-masaje-inner-strength-e2\/\" \/>\n<meta property=\"og:locale\" content=\"es_ES\" \/>\n<meta property=\"og:type\" content=\"article\" \/>\n<meta property=\"og:title\" content=\"Inner Strength E2 Massagetafel\" \/>\n<meta property=\"og:description\" content=\"Ervaar de ultieme luxe en comfort met de Inner Strength E2 Massagetafel. Door zijn afgeronde hoeken straalt deze tafel elegantie uit. Bestel hem hier!\" \/>\n<meta property=\"og:url\" content=\"https:\/\/touchproeurope.eu\/es\/product\/camilla-de-masaje-inner-strength-e2\/\" \/>\n<meta property=\"og:site_name\" content=\"TouchPro Europe Shop\" \/>\n<meta property=\"article:publisher\" content=\"https:\/\/www.facebook.com\/TouchproNederland\/?locale=nl_NL%2f\" \/>\n<meta property=\"article:modified_time\" content=\"2026-04-22T14:51:11+00:00\" \/>\n<meta property=\"og:image\" content=\"https:\/\/touchproeurope.eu\/wp-content\/uploads\/2023\/11\/Inner-Strength-E2-Massagetafel-Vanilla-Creme.jpg\" \/>\n\t<meta property=\"og:image:width\" content=\"2000\" \/>\n\t<meta property=\"og:image:height\" content=\"2000\" \/>\n\t<meta property=\"og:image:type\" content=\"image\/jpeg\" \/>\n<meta name=\"twitter:card\" content=\"summary_large_image\" \/>\n<meta name=\"twitter:label1\" content=\"Disponibilidad\" \/>\n\t<meta name=\"twitter:data1\" content=\"Disponible\" \/>\n<script type=\"application\/ld+json\" class=\"yoast-schema-graph\">{\"@context\":\"https:\\\/\\\/schema.org\",\"@graph\":[{\"@type\":\"WebPage\",\"@id\":\"https:\\\/\\\/touchproeurope.eu\\\/product\\\/inner-strength-e2-massagetafel\\\/\",\"url\":\"https:\\\/\\\/touchproeurope.eu\\\/product\\\/inner-strength-e2-massagetafel\\\/\",\"name\":\"Inner Strength E2 Massagetafel - TouchPro Europe Shop\",\"isPartOf\":{\"@id\":\"https:\\\/\\\/touchproeurope.eu\\\/#website\"},\"primaryImageOfPage\":{\"@id\":\"https:\\\/\\\/touchproeurope.eu\\\/product\\\/inner-strength-e2-massagetafel\\\/#primaryimage\"},\"image\":{\"@id\":\"https:\\\/\\\/touchproeurope.eu\\\/product\\\/inner-strength-e2-massagetafel\\\/#primaryimage\"},\"thumbnailUrl\":\"https:\\\/\\\/i0.wp.com\\\/touchproeurope.eu\\\/wp-content\\\/uploads\\\/2023\\\/11\\\/Inner-Strength-E2-Massagetafel-Vanilla-Creme.jpg?fit=2000%2C2000&ssl=1\",\"datePublished\":\"2023-11-07T16:58:29+00:00\",\"dateModified\":\"2026-04-22T14:51:11+00:00\",\"description\":\"Ervaar de ultieme luxe en comfort met de Inner Strength E2 Massagetafel. Door zijn afgeronde hoeken straalt deze tafel elegantie uit. Bestel hem hier!\",\"breadcrumb\":{\"@id\":\"https:\\\/\\\/touchproeurope.eu\\\/product\\\/inner-strength-e2-massagetafel\\\/#breadcrumb\"},\"inLanguage\":\"es\",\"potentialAction\":[{\"@type\":\"ReadAction\",\"target\":[\"https:\\\/\\\/touchproeurope.eu\\\/product\\\/inner-strength-e2-massagetafel\\\/\"]}]},{\"@type\":\"ImageObject\",\"inLanguage\":\"es\",\"@id\":\"https:\\\/\\\/touchproeurope.eu\\\/product\\\/inner-strength-e2-massagetafel\\\/#primaryimage\",\"url\":\"https:\\\/\\\/i0.wp.com\\\/touchproeurope.eu\\\/wp-content\\\/uploads\\\/2023\\\/11\\\/Inner-Strength-E2-Massagetafel-Vanilla-Creme.jpg?fit=2000%2C2000&ssl=1\",\"contentUrl\":\"https:\\\/\\\/i0.wp.com\\\/touchproeurope.eu\\\/wp-content\\\/uploads\\\/2023\\\/11\\\/Inner-Strength-E2-Massagetafel-Vanilla-Creme.jpg?fit=2000%2C2000&ssl=1\",\"width\":2000,\"height\":2000,\"caption\":\"Inner Strength E2 Massagetafel Vanilla Creme\"},{\"@type\":\"BreadcrumbList\",\"@id\":\"https:\\\/\\\/touchproeurope.eu\\\/product\\\/inner-strength-e2-massagetafel\\\/#breadcrumb\",\"itemListElement\":[{\"@type\":\"ListItem\",\"position\":1,\"name\":\"Home\",\"item\":\"https:\\\/\\\/touchproeurope.eu\\\/\"},{\"@type\":\"ListItem\",\"position\":2,\"name\":\"Winkel\",\"item\":\"https:\\\/\\\/touchproeurope.eu\\\/winkel\\\/\"},{\"@type\":\"ListItem\",\"position\":3,\"name\":\"Inner Strength E2 Massagetafel\"}]},{\"@type\":\"WebSite\",\"@id\":\"https:\\\/\\\/touchproeurope.eu\\\/#website\",\"url\":\"https:\\\/\\\/touchproeurope.eu\\\/\",\"name\":\"TouchPro Europe Shop\",\"description\":\"Alles voor jouw praktijk met een PROfessionele Touch!\",\"publisher\":{\"@id\":\"https:\\\/\\\/touchproeurope.eu\\\/#organization\"},\"alternateName\":\"TPE\",\"potentialAction\":[{\"@type\":\"SearchAction\",\"target\":{\"@type\":\"EntryPoint\",\"urlTemplate\":\"https:\\\/\\\/touchproeurope.eu\\\/?s={search_term_string}\"},\"query-input\":{\"@type\":\"PropertyValueSpecification\",\"valueRequired\":true,\"valueName\":\"search_term_string\"}}],\"inLanguage\":\"es\"},{\"@type\":\"Organization\",\"@id\":\"https:\\\/\\\/touchproeurope.eu\\\/#organization\",\"name\":\"TouchPro Europe BV\",\"alternateName\":\"TPE\",\"url\":\"https:\\\/\\\/touchproeurope.eu\\\/\",\"logo\":{\"@type\":\"ImageObject\",\"inLanguage\":\"es\",\"@id\":\"https:\\\/\\\/touchproeurope.eu\\\/#\\\/schema\\\/logo\\\/image\\\/\",\"url\":\"https:\\\/\\\/i0.wp.com\\\/touchproeurope.eu\\\/wp-content\\\/uploads\\\/2023\\\/10\\\/2b592c_b6944d80811246d987cc2c29accedf3f.png?fit=1417%2C531&ssl=1\",\"contentUrl\":\"https:\\\/\\\/i0.wp.com\\\/touchproeurope.eu\\\/wp-content\\\/uploads\\\/2023\\\/10\\\/2b592c_b6944d80811246d987cc2c29accedf3f.png?fit=1417%2C531&ssl=1\",\"width\":1417,\"height\":531,\"caption\":\"TouchPro Europe BV\"},\"image\":{\"@id\":\"https:\\\/\\\/touchproeurope.eu\\\/#\\\/schema\\\/logo\\\/image\\\/\"},\"sameAs\":[\"https:\\\/\\\/www.facebook.com\\\/TouchproNederland\\\/?locale=nl_NL\\\/\",\"https:\\\/\\\/www.instagram.com\\\/touchpro2016\\\/\",\"https:\\\/\\\/www.linkedin.com\\\/company\\\/touchpro-europe-bv\\\/\"],\"description\":\"TouchPro Europe Shop is de massage winkel van Europa. Wij verkopen topkwaliteit massageproducten aan masseurs, pedicures, fysiotherapeuten, manicuren, Wellness centra, opleidingen, etc. TouchPro begon als een kleine webshop in Nederland, maar is nu uitgegroeid tot een webshop met klanten uit heel Europa. Wij bieden een breed assortiment aan massageproducten, waaronder massagetafels, oli\u00ebn, cr\u00e8mes, en accessoires van topmerken, zoals Earthlite, Stronglite en InnerStrenght, Habys, Living Earth Crafts en Continuum en andere leveranciers van massage accessoires. Bestel hier de beste massagematerialen van Europa!\",\"email\":\"info@touchpro-europe.com\",\"telephone\":\"0858768829\",\"legalName\":\"TouchPro Europe BV\",\"foundingDate\":\"2018-01-11\",\"vatID\":\"NL855430151B01\",\"numberOfEmployees\":{\"@type\":\"QuantitativeValue\",\"minValue\":\"1\",\"maxValue\":\"10\"},\"hasMerchantReturnPolicy\":{\"@type\":\"MerchantReturnPolicy\",\"merchantReturnLink\":\"https:\\\/\\\/touchproeurope.eu\\\/es\\\/retourbeleid\\\/\"}}]}<\/script>\n<meta property=\"product:brand\" content=\"Inner Strenght\" \/>\n<meta property=\"og:availability\" content=\"instock\" \/>\n<meta property=\"product:availability\" content=\"instock\" \/>\n<meta property=\"product:retailer_item_id\" content=\"20364\" \/>\n<meta property=\"product:condition\" content=\"new\" \/>\n<!-- \/ Yoast SEO Premium plugin. -->","yoast_head_json":{"title":"Camilla de masaje Inner Strength E2 - Tienda TouchPro Europe","description":"Experimente lo \u00faltimo en lujo y confort con la camilla de masaje Inner Strength E2. Con sus esquinas redondeadas, esta camilla irradia elegancia. \u00a1P\u00eddala aqu\u00ed!","robots":{"index":"index","follow":"follow","max-snippet":"max-snippet:-1","max-image-preview":"max-image-preview:large","max-video-preview":"max-video-preview:-1"},"canonical":"https:\/\/touchproeurope.eu\/es\/product\/camilla-de-masaje-inner-strength-e2\/","og_locale":"es_ES","og_type":"article","og_title":"Inner Strength E2 Massagetafel","og_description":"Ervaar de ultieme luxe en comfort met de Inner Strength E2 Massagetafel. Door zijn afgeronde hoeken straalt deze tafel elegantie uit. Bestel hem hier!","og_url":"https:\/\/touchproeurope.eu\/es\/product\/camilla-de-masaje-inner-strength-e2\/","og_site_name":"TouchPro Europe Shop","article_publisher":"https:\/\/www.facebook.com\/TouchproNederland\/?locale=nl_NL%2f","article_modified_time":"2026-04-22T14:51:11+00:00","og_image":[{"width":2000,"height":2000,"url":"https:\/\/touchproeurope.eu\/wp-content\/uploads\/2023\/11\/Inner-Strength-E2-Massagetafel-Vanilla-Creme.jpg","type":"image\/jpeg"}],"twitter_card":"summary_large_image","twitter_misc":{"Disponibilidad":"Disponible"},"schema":{"@context":"https:\/\/schema.org","@graph":[{"@type":"WebPage","@id":"https:\/\/touchproeurope.eu\/product\/inner-strength-e2-massagetafel\/","url":"https:\/\/touchproeurope.eu\/product\/inner-strength-e2-massagetafel\/","name":"Camilla de masaje Inner Strength E2 - Tienda TouchPro Europe","isPartOf":{"@id":"https:\/\/touchproeurope.eu\/#website"},"primaryImageOfPage":{"@id":"https:\/\/touchproeurope.eu\/product\/inner-strength-e2-massagetafel\/#primaryimage"},"image":{"@id":"https:\/\/touchproeurope.eu\/product\/inner-strength-e2-massagetafel\/#primaryimage"},"thumbnailUrl":"https:\/\/i0.wp.com\/touchproeurope.eu\/wp-content\/uploads\/2023\/11\/Inner-Strength-E2-Massagetafel-Vanilla-Creme.jpg?fit=2000%2C2000&ssl=1","datePublished":"2023-11-07T16:58:29+00:00","dateModified":"2026-04-22T14:51:11+00:00","description":"Experimente lo \u00faltimo en lujo y confort con la camilla de masaje Inner Strength E2. Con sus esquinas redondeadas, esta camilla irradia elegancia. \u00a1P\u00eddala aqu\u00ed!","breadcrumb":{"@id":"https:\/\/touchproeurope.eu\/product\/inner-strength-e2-massagetafel\/#breadcrumb"},"inLanguage":"es","potentialAction":[{"@type":"ReadAction","target":["https:\/\/touchproeurope.eu\/product\/inner-strength-e2-massagetafel\/"]}]},{"@type":"ImageObject","inLanguage":"es","@id":"https:\/\/touchproeurope.eu\/product\/inner-strength-e2-massagetafel\/#primaryimage","url":"https:\/\/i0.wp.com\/touchproeurope.eu\/wp-content\/uploads\/2023\/11\/Inner-Strength-E2-Massagetafel-Vanilla-Creme.jpg?fit=2000%2C2000&ssl=1","contentUrl":"https:\/\/i0.wp.com\/touchproeurope.eu\/wp-content\/uploads\/2023\/11\/Inner-Strength-E2-Massagetafel-Vanilla-Creme.jpg?fit=2000%2C2000&ssl=1","width":2000,"height":2000,"caption":"Inner Strength E2 Massagetafel Vanilla Creme"},{"@type":"BreadcrumbList","@id":"https:\/\/touchproeurope.eu\/product\/inner-strength-e2-massagetafel\/#breadcrumb","itemListElement":[{"@type":"ListItem","position":1,"name":"Home","item":"https:\/\/touchproeurope.eu\/"},{"@type":"ListItem","position":2,"name":"Winkel","item":"https:\/\/touchproeurope.eu\/winkel\/"},{"@type":"ListItem","position":3,"name":"Inner Strength E2 Massagetafel"}]},{"@type":"WebSite","@id":"https:\/\/touchproeurope.eu\/#website","url":"https:\/\/touchproeurope.eu\/","name":"Tienda TouchPro Europe","description":"\u00a1Todo para su consulta con un toque PROfesional!","publisher":{"@id":"https:\/\/touchproeurope.eu\/#organization"},"alternateName":"TPE","potentialAction":[{"@type":"SearchAction","target":{"@type":"EntryPoint","urlTemplate":"https:\/\/touchproeurope.eu\/?s={search_term_string}"},"query-input":{"@type":"PropertyValueSpecification","valueRequired":true,"valueName":"search_term_string"}}],"inLanguage":"es"},{"@type":"Organization","@id":"https:\/\/touchproeurope.eu\/#organization","name":"TouchPro Europe BV","alternateName":"TPE","url":"https:\/\/touchproeurope.eu\/","logo":{"@type":"ImageObject","inLanguage":"es","@id":"https:\/\/touchproeurope.eu\/#\/schema\/logo\/image\/","url":"https:\/\/i0.wp.com\/touchproeurope.eu\/wp-content\/uploads\/2023\/10\/2b592c_b6944d80811246d987cc2c29accedf3f.png?fit=1417%2C531&ssl=1","contentUrl":"https:\/\/i0.wp.com\/touchproeurope.eu\/wp-content\/uploads\/2023\/10\/2b592c_b6944d80811246d987cc2c29accedf3f.png?fit=1417%2C531&ssl=1","width":1417,"height":531,"caption":"TouchPro Europe BV"},"image":{"@id":"https:\/\/touchproeurope.eu\/#\/schema\/logo\/image\/"},"sameAs":["https:\/\/www.facebook.com\/TouchproNederland\/?locale=nl_NL\/","https:\/\/www.instagram.com\/touchpro2016\/","https:\/\/www.linkedin.com\/company\/touchpro-europe-bv\/"],"description":"TouchPro Europe Shop es la tienda de masajes de Europa. Vendemos productos de masaje de primera calidad a masajistas, pedicuras, fisioterapeutas, manicuras, centros de bienestar, cursos de formaci\u00f3n, etc. TouchPro comenz\u00f3 como una peque\u00f1a tienda en los Pa\u00edses Bajos, pero ahora se ha convertido en una tienda con clientes de toda Europa. Ofrecemos una amplia gama de productos de masaje, incluyendo camillas de masaje, aceites, cremas y accesorios de las mejores marcas como Earthlite, Stronglite e InnerStrenght, Habys, Living Earth Crafts y Continuum y otros proveedores de accesorios de masaje. Pida aqu\u00ed los mejores art\u00edculos de masaje de Europa.","email":"info@touchpro-europe.com","telephone":"0858768829","legalName":"TouchPro Europe BV","foundingDate":"2018-01-11","vatID":"NL855430151B01","numberOfEmployees":{"@type":"QuantitativeValue","minValue":"1","maxValue":"10"},"hasMerchantReturnPolicy":{"@type":"MerchantReturnPolicy","merchantReturnLink":"https:\/\/touchproeurope.eu\/es\/retourbeleid\/"}}]},"product_brand":"Inner Strenght","og_availability":"instock","product_availability":"instock","product_retailer_item_id":"20364","product_condition":"new"},"_links":{"self":[{"href":"https:\/\/touchproeurope.eu\/es\/wp-json\/wp\/v2\/product\/1600","targetHints":{"allow":["GET"]}}],"collection":[{"href":"https:\/\/touchproeurope.eu\/es\/wp-json\/wp\/v2\/product"}],"about":[{"href":"https:\/\/touchproeurope.eu\/es\/wp-json\/wp\/v2\/types\/product"}],"replies":[{"embeddable":true,"href":"https:\/\/touchproeurope.eu\/es\/wp-json\/wp\/v2\/comments?post=1600"}],"version-history":[{"count":4,"href":"https:\/\/touchproeurope.eu\/es\/wp-json\/wp\/v2\/product\/1600\/revisions"}],"predecessor-version":[{"id":3860,"href":"https:\/\/touchproeurope.eu\/es\/wp-json\/wp\/v2\/product\/1600\/revisions\/3860"}],"wp:featuredmedia":[{"embeddable":true,"href":"https:\/\/touchproeurope.eu\/es\/wp-json\/wp\/v2\/media\/1603"}],"wp:attachment":[{"href":"https:\/\/touchproeurope.eu\/es\/wp-json\/wp\/v2\/media?parent=1600"}],"wp:term":[{"taxonomy":"product_brand","embeddable":true,"href":"https:\/\/touchproeurope.eu\/es\/wp-json\/wp\/v2\/product_brand?post=1600"},{"taxonomy":"product_cat","embeddable":true,"href":"https:\/\/touchproeurope.eu\/es\/wp-json\/wp\/v2\/product_cat?post=1600"},{"taxonomy":"product_tag","embeddable":true,"href":"https:\/\/touchproeurope.eu\/es\/wp-json\/wp\/v2\/product_tag?post=1600"}],"curies":[{"name":"wp","href":"https:\/\/api.w.org\/{rel}","templated":true}]}}