{"id":1629,"date":"2023-11-07T21:01:24","date_gmt":"2023-11-07T21:01:24","guid":{"rendered":"https:\/\/touchproeurope.eu\/?post_type=product&#038;p=1629"},"modified":"2026-03-25T12:06:59","modified_gmt":"2026-03-25T12:06:59","slug":"camilla-de-masaje-earthlite-harmony-reiki-dx","status":"publish","type":"product","link":"https:\/\/touchproeurope.eu\/es\/product\/earthlite-harmony-reiki-dx-massagetafel\/","title":{"rendered":"Camilla de Masaje EarthLite Harmony Reiki DX"},"content":{"rendered":"<p>Experimente la relajaci\u00f3n perfecta con la Camilla de Masaje EarthLite Harmony Reiki DX. La elecci\u00f3n definitiva para los masajistas que buscan la m\u00e1xima calidad a un precio asequible. Esta camilla de masaje profesional superventas ofrece la combinaci\u00f3n ideal de portabilidad ligera, durabilidad y excelente amortiguaci\u00f3n, por lo que es una necesidad absoluta para cualquier masajista profesional.<\/p>\n<p>Con unas medidas de 76 x 185 cm y una altura regulable de 58 a 84 cm, esta mesa ofrece el espacio de trabajo perfecto para una amplia gama de tratamientos. El armaz\u00f3n de calidad de madera de arce duro garantiza estabilidad y fiabilidad. Mientras que el robusto coj\u00edn de 6,5 cm de grosor cuenta con un avanzado sistema de acolchado multidensidad para el m\u00e1ximo confort de sus clientes.<\/p>\n<p>El paquete se completa con un reposacabezas ajustable de lujo que incluye almohada est\u00e1ndar y una pr\u00e1ctica bolsa de transporte con compartimento de almacenamiento adicional. Lo que le permite llevar todos sus elementos esenciales sin esfuerzo. La camilla de masaje EarthLite Harmony Reiki DX est\u00e1 dise\u00f1ada con una capacidad de carga din\u00e1mica de 270 kg, lo que la hace perfecta para masajes firmes y diversas t\u00e9cnicas de tratamiento. Adem\u00e1s, la funci\u00f3n opcional Shiatsu Release ofrece flexibilidad adicional para masajes especializados.<\/p>\n<p>La mesa est\u00e1 recubierta de material Nature Touch, lujoso, duradero y respetuoso con el medio ambiente, lo que beneficia no s\u00f3lo a sus clientes, sino tambi\u00e9n a nuestro planeta. Con garant\u00eda limitada de por vida para el armaz\u00f3n y de 3 a\u00f1os para el coj\u00edn y el vinilo. Esto le permite invertir con confianza en el futuro de su consulta.<\/p>\n<p>\u00a1No espere m\u00e1s! Elija la camilla de masaje Earthlite Harmony DX y ofrezca a sus clientes una experiencia de masaje inolvidable.<\/p>","protected":false},"excerpt":{"rendered":"<div class=\"product-details-module__title ec-header-h6\"><strong>Camilla de masaje Earthlite Harmony DX<\/strong>\u00a0- Una camilla de masaje profesional muy s\u00f3lida y muy vendida. Con su peso relativamente ligero, la parte superior s\u00f3lida con buena amortiguaci\u00f3n y buena capacidad de carga, es una necesidad para el masajista, que apuesta por la buena calidad a un buen precio. El paquete consta de:<\/div>\n<div class=\"product-details-module__content\">\n<div id=\"productDescription\" class=\"product-details__product-description\">\n<ul>\n<li>Camilla de Masaje EarthLite Harmony Reiki DX<\/li>\n<li>Reposacabezas ajustable de lujo con almohada est\u00e1ndar<\/li>\n<li>Bolsa de transporte con compartimento adicional<\/li>\n<\/ul>\n<p>Caracter\u00edsticas:<\/p>\n<ul>\n<li>Tama\u00f1o 76 x 185 cm<\/li>\n<li>Peso 15 kg<\/li>\n<li>Altura regulable de 58 a 84 cm<\/li>\n<li>Armaz\u00f3n de madera de arce duro de calidad<\/li>\n<li>Coj\u00edn firme de 6,5 cm de grosor con sistema de amortiguaci\u00f3n multidensidad<\/li>\n<li>Capacidad de carga din\u00e1mica de 270 kg<\/li>\n<li>Opci\u00f3n de liberaci\u00f3n Shiatsu<\/li>\n<li>Tapicer\u00eda Nature Touch, lujosa, duradera y respetuosa con el medio ambiente<\/li>\n<li>Garant\u00eda limitada de por vida en la estructura y de 3 a\u00f1os en el coj\u00edn y el vinilo<\/li>\n<li>Hoja de venta oficial:\u00a0<a href=\"https:\/\/b2b.earthlite.eu\/media\/wysiwyg\/SalesSheets\/Harmony_DX_-_1-300-0080_-_Rev_040119.pdf\" target=\"_blank\" rel=\"noopener\">Armon\u00eda DX<\/a><\/li>\n<\/ul>\n<\/div>\n<\/div>","protected":false},"featured_media":1641,"comment_status":"open","ping_status":"closed","template":"","meta":[],"product_brand":[343],"product_cat":[94,93],"product_tag":[61,59,50,55,60],"class_list":{"0":"post-1629","1":"product","2":"type-product","3":"status-publish","4":"has-post-thumbnail","6":"product_brand-earthlite","7":"product_cat-draagbare-massagetafels","8":"product_cat-massagetafels","9":"product_tag-draagtas","10":"product_tag-earthlite-harmony-dx","11":"product_tag-massagetafels","12":"product_tag-professional","13":"product_tag-topkwalliteit","14":"product_shipping_class-groot-pakket","15":"pa_kleur-agate-mystic-blue","16":"pa_kleur-bordeaux","17":"pa_kleur-vanille-creme","18":"pa_kleur-zwart","19":"pa_merk-earthlite","21":"first","22":"instock","23":"taxable","24":"shipping-taxable","25":"purchasable","26":"product-type-variable"},"yoast_head":"<!-- This site is optimized with the Yoast SEO Premium plugin v27.3 (Yoast SEO v27.3) - https:\/\/yoast.com\/product\/yoast-seo-premium-wordpress\/ -->\n<title>EarthLite Harmony Reiki DX Massagetafel - TouchPro Europe Shop<\/title>\n<meta name=\"description\" content=\"Ontdek ontspanning met de EarthLite Harmony Reiki DX Massagetafel. De ultieme keuze voor professionele masseurs die een betaalbare topkwaliteit zoeken.\" \/>\n<meta name=\"robots\" content=\"index, follow, max-snippet:-1, max-image-preview:large, max-video-preview:-1\" \/>\n<link rel=\"canonical\" href=\"https:\/\/touchproeurope.eu\/es\/product\/camilla-de-masaje-earthlite-harmony-reiki-dx\/\" \/>\n<meta property=\"og:locale\" content=\"es_ES\" \/>\n<meta property=\"og:type\" content=\"article\" \/>\n<meta property=\"og:title\" content=\"EarthLite Harmony Reiki DX Massagetafel\" \/>\n<meta property=\"og:description\" content=\"Ontdek ontspanning met de EarthLite Harmony Reiki DX Massagetafel. De ultieme keuze voor professionele masseurs die een betaalbare topkwaliteit zoeken.\" \/>\n<meta property=\"og:url\" content=\"https:\/\/touchproeurope.eu\/es\/product\/camilla-de-masaje-earthlite-harmony-reiki-dx\/\" \/>\n<meta property=\"og:site_name\" content=\"TouchPro Europe Shop\" \/>\n<meta property=\"article:publisher\" content=\"https:\/\/www.facebook.com\/TouchproNederland\/?locale=nl_NL%2f\" \/>\n<meta property=\"article:modified_time\" content=\"2026-03-25T12:06:59+00:00\" \/>\n<meta property=\"og:image\" content=\"https:\/\/touchproeurope.eu\/wp-content\/uploads\/2023\/11\/EarthLite-Harmony-Reiki-DX-Massagetafel-Agate-en-Draagtas.jpg\" \/>\n\t<meta property=\"og:image:width\" content=\"2000\" \/>\n\t<meta property=\"og:image:height\" content=\"2000\" \/>\n\t<meta property=\"og:image:type\" content=\"image\/jpeg\" \/>\n<meta name=\"twitter:card\" content=\"summary_large_image\" \/>\n<meta name=\"twitter:label1\" content=\"Disponibilidad\" \/>\n\t<meta name=\"twitter:data1\" content=\"Disponible\" \/>\n<script type=\"application\/ld+json\" class=\"yoast-schema-graph\">{\"@context\":\"https:\\\/\\\/schema.org\",\"@graph\":[{\"@type\":\"WebPage\",\"@id\":\"https:\\\/\\\/touchproeurope.eu\\\/product\\\/earthlite-harmony-reiki-dx-massagetafel\\\/\",\"url\":\"https:\\\/\\\/touchproeurope.eu\\\/product\\\/earthlite-harmony-reiki-dx-massagetafel\\\/\",\"name\":\"EarthLite Harmony Reiki DX Massagetafel - TouchPro Europe Shop\",\"isPartOf\":{\"@id\":\"https:\\\/\\\/touchproeurope.eu\\\/#website\"},\"primaryImageOfPage\":{\"@id\":\"https:\\\/\\\/touchproeurope.eu\\\/product\\\/earthlite-harmony-reiki-dx-massagetafel\\\/#primaryimage\"},\"image\":{\"@id\":\"https:\\\/\\\/touchproeurope.eu\\\/product\\\/earthlite-harmony-reiki-dx-massagetafel\\\/#primaryimage\"},\"thumbnailUrl\":\"https:\\\/\\\/i0.wp.com\\\/touchproeurope.eu\\\/wp-content\\\/uploads\\\/2023\\\/11\\\/EarthLite-Harmony-Reiki-DX-Massagetafel-Agate-en-Draagtas.jpg?fit=2000%2C2000&ssl=1\",\"datePublished\":\"2023-11-07T21:01:24+00:00\",\"dateModified\":\"2026-03-25T12:06:59+00:00\",\"description\":\"Ontdek ontspanning met de EarthLite Harmony Reiki DX Massagetafel. De ultieme keuze voor professionele masseurs die een betaalbare topkwaliteit zoeken.\",\"breadcrumb\":{\"@id\":\"https:\\\/\\\/touchproeurope.eu\\\/product\\\/earthlite-harmony-reiki-dx-massagetafel\\\/#breadcrumb\"},\"inLanguage\":\"es\",\"potentialAction\":[{\"@type\":\"ReadAction\",\"target\":[\"https:\\\/\\\/touchproeurope.eu\\\/product\\\/earthlite-harmony-reiki-dx-massagetafel\\\/\"]}]},{\"@type\":\"ImageObject\",\"inLanguage\":\"es\",\"@id\":\"https:\\\/\\\/touchproeurope.eu\\\/product\\\/earthlite-harmony-reiki-dx-massagetafel\\\/#primaryimage\",\"url\":\"https:\\\/\\\/i0.wp.com\\\/touchproeurope.eu\\\/wp-content\\\/uploads\\\/2023\\\/11\\\/EarthLite-Harmony-Reiki-DX-Massagetafel-Agate-en-Draagtas.jpg?fit=2000%2C2000&ssl=1\",\"contentUrl\":\"https:\\\/\\\/i0.wp.com\\\/touchproeurope.eu\\\/wp-content\\\/uploads\\\/2023\\\/11\\\/EarthLite-Harmony-Reiki-DX-Massagetafel-Agate-en-Draagtas.jpg?fit=2000%2C2000&ssl=1\",\"width\":2000,\"height\":2000,\"caption\":\"EarthLite Harmony Reiki DX Massagetafel Agate en Draagtas\"},{\"@type\":\"BreadcrumbList\",\"@id\":\"https:\\\/\\\/touchproeurope.eu\\\/product\\\/earthlite-harmony-reiki-dx-massagetafel\\\/#breadcrumb\",\"itemListElement\":[{\"@type\":\"ListItem\",\"position\":1,\"name\":\"Home\",\"item\":\"https:\\\/\\\/touchproeurope.eu\\\/\"},{\"@type\":\"ListItem\",\"position\":2,\"name\":\"Winkel\",\"item\":\"https:\\\/\\\/touchproeurope.eu\\\/winkel\\\/\"},{\"@type\":\"ListItem\",\"position\":3,\"name\":\"EarthLite Harmony Reiki DX Massagetafel\"}]},{\"@type\":\"WebSite\",\"@id\":\"https:\\\/\\\/touchproeurope.eu\\\/#website\",\"url\":\"https:\\\/\\\/touchproeurope.eu\\\/\",\"name\":\"TouchPro Europe Shop\",\"description\":\"Alles voor jouw praktijk met een PROfessionele Touch!\",\"publisher\":{\"@id\":\"https:\\\/\\\/touchproeurope.eu\\\/#organization\"},\"alternateName\":\"TPE\",\"potentialAction\":[{\"@type\":\"SearchAction\",\"target\":{\"@type\":\"EntryPoint\",\"urlTemplate\":\"https:\\\/\\\/touchproeurope.eu\\\/?s={search_term_string}\"},\"query-input\":{\"@type\":\"PropertyValueSpecification\",\"valueRequired\":true,\"valueName\":\"search_term_string\"}}],\"inLanguage\":\"es\"},{\"@type\":\"Organization\",\"@id\":\"https:\\\/\\\/touchproeurope.eu\\\/#organization\",\"name\":\"TouchPro Europe BV\",\"alternateName\":\"TPE\",\"url\":\"https:\\\/\\\/touchproeurope.eu\\\/\",\"logo\":{\"@type\":\"ImageObject\",\"inLanguage\":\"es\",\"@id\":\"https:\\\/\\\/touchproeurope.eu\\\/#\\\/schema\\\/logo\\\/image\\\/\",\"url\":\"https:\\\/\\\/i0.wp.com\\\/touchproeurope.eu\\\/wp-content\\\/uploads\\\/2023\\\/10\\\/2b592c_b6944d80811246d987cc2c29accedf3f.png?fit=1417%2C531&ssl=1\",\"contentUrl\":\"https:\\\/\\\/i0.wp.com\\\/touchproeurope.eu\\\/wp-content\\\/uploads\\\/2023\\\/10\\\/2b592c_b6944d80811246d987cc2c29accedf3f.png?fit=1417%2C531&ssl=1\",\"width\":1417,\"height\":531,\"caption\":\"TouchPro Europe BV\"},\"image\":{\"@id\":\"https:\\\/\\\/touchproeurope.eu\\\/#\\\/schema\\\/logo\\\/image\\\/\"},\"sameAs\":[\"https:\\\/\\\/www.facebook.com\\\/TouchproNederland\\\/?locale=nl_NL\\\/\",\"https:\\\/\\\/www.instagram.com\\\/touchpro2016\\\/\",\"https:\\\/\\\/www.linkedin.com\\\/company\\\/touchpro-europe-bv\\\/\"],\"description\":\"TouchPro Europe Shop is de massage winkel van Europa. Wij verkopen topkwaliteit massageproducten aan masseurs, pedicures, fysiotherapeuten, manicuren, Wellness centra, opleidingen, etc. TouchPro begon als een kleine webshop in Nederland, maar is nu uitgegroeid tot een webshop met klanten uit heel Europa. Wij bieden een breed assortiment aan massageproducten, waaronder massagetafels, oli\u00ebn, cr\u00e8mes, en accessoires van topmerken, zoals Earthlite, Stronglite en InnerStrenght, Habys, Living Earth Crafts en Continuum en andere leveranciers van massage accessoires. Bestel hier de beste massagematerialen van Europa!\",\"email\":\"info@touchpro-europe.com\",\"telephone\":\"0858768829\",\"legalName\":\"TouchPro Europe BV\",\"foundingDate\":\"2018-01-11\",\"vatID\":\"NL855430151B01\",\"numberOfEmployees\":{\"@type\":\"QuantitativeValue\",\"minValue\":\"1\",\"maxValue\":\"10\"},\"hasMerchantReturnPolicy\":{\"@type\":\"MerchantReturnPolicy\",\"merchantReturnLink\":\"https:\\\/\\\/touchproeurope.eu\\\/es\\\/retourbeleid\\\/\"}}]}<\/script>\n<meta property=\"product:brand\" content=\"Earthlite\" \/>\n<meta property=\"og:availability\" content=\"instock\" \/>\n<meta property=\"product:availability\" content=\"instock\" \/>\n<meta property=\"product:condition\" content=\"new\" \/>\n<!-- \/ Yoast SEO Premium plugin. -->","yoast_head_json":{"title":"Camilla de masaje EarthLite Harmony Reiki DX - Tienda TouchPro Europe","description":"Descubra la relajaci\u00f3n con la Camilla de Masaje EarthLite Harmony Reiki DX. La elecci\u00f3n definitiva para masajistas profesionales que buscan la m\u00e1xima calidad a un precio asequible.","robots":{"index":"index","follow":"follow","max-snippet":"max-snippet:-1","max-image-preview":"max-image-preview:large","max-video-preview":"max-video-preview:-1"},"canonical":"https:\/\/touchproeurope.eu\/es\/product\/camilla-de-masaje-earthlite-harmony-reiki-dx\/","og_locale":"es_ES","og_type":"article","og_title":"EarthLite Harmony Reiki DX Massagetafel","og_description":"Ontdek ontspanning met de EarthLite Harmony Reiki DX Massagetafel. De ultieme keuze voor professionele masseurs die een betaalbare topkwaliteit zoeken.","og_url":"https:\/\/touchproeurope.eu\/es\/product\/camilla-de-masaje-earthlite-harmony-reiki-dx\/","og_site_name":"TouchPro Europe Shop","article_publisher":"https:\/\/www.facebook.com\/TouchproNederland\/?locale=nl_NL%2f","article_modified_time":"2026-03-25T12:06:59+00:00","og_image":[{"width":2000,"height":2000,"url":"https:\/\/touchproeurope.eu\/wp-content\/uploads\/2023\/11\/EarthLite-Harmony-Reiki-DX-Massagetafel-Agate-en-Draagtas.jpg","type":"image\/jpeg"}],"twitter_card":"summary_large_image","twitter_misc":{"Disponibilidad":"Disponible"},"schema":{"@context":"https:\/\/schema.org","@graph":[{"@type":"WebPage","@id":"https:\/\/touchproeurope.eu\/product\/earthlite-harmony-reiki-dx-massagetafel\/","url":"https:\/\/touchproeurope.eu\/product\/earthlite-harmony-reiki-dx-massagetafel\/","name":"Camilla de masaje EarthLite Harmony Reiki DX - Tienda TouchPro Europe","isPartOf":{"@id":"https:\/\/touchproeurope.eu\/#website"},"primaryImageOfPage":{"@id":"https:\/\/touchproeurope.eu\/product\/earthlite-harmony-reiki-dx-massagetafel\/#primaryimage"},"image":{"@id":"https:\/\/touchproeurope.eu\/product\/earthlite-harmony-reiki-dx-massagetafel\/#primaryimage"},"thumbnailUrl":"https:\/\/i0.wp.com\/touchproeurope.eu\/wp-content\/uploads\/2023\/11\/EarthLite-Harmony-Reiki-DX-Massagetafel-Agate-en-Draagtas.jpg?fit=2000%2C2000&ssl=1","datePublished":"2023-11-07T21:01:24+00:00","dateModified":"2026-03-25T12:06:59+00:00","description":"Descubra la relajaci\u00f3n con la Camilla de Masaje EarthLite Harmony Reiki DX. La elecci\u00f3n definitiva para masajistas profesionales que buscan la m\u00e1xima calidad a un precio asequible.","breadcrumb":{"@id":"https:\/\/touchproeurope.eu\/product\/earthlite-harmony-reiki-dx-massagetafel\/#breadcrumb"},"inLanguage":"es","potentialAction":[{"@type":"ReadAction","target":["https:\/\/touchproeurope.eu\/product\/earthlite-harmony-reiki-dx-massagetafel\/"]}]},{"@type":"ImageObject","inLanguage":"es","@id":"https:\/\/touchproeurope.eu\/product\/earthlite-harmony-reiki-dx-massagetafel\/#primaryimage","url":"https:\/\/i0.wp.com\/touchproeurope.eu\/wp-content\/uploads\/2023\/11\/EarthLite-Harmony-Reiki-DX-Massagetafel-Agate-en-Draagtas.jpg?fit=2000%2C2000&ssl=1","contentUrl":"https:\/\/i0.wp.com\/touchproeurope.eu\/wp-content\/uploads\/2023\/11\/EarthLite-Harmony-Reiki-DX-Massagetafel-Agate-en-Draagtas.jpg?fit=2000%2C2000&ssl=1","width":2000,"height":2000,"caption":"EarthLite Harmony Reiki DX Massagetafel Agate en Draagtas"},{"@type":"BreadcrumbList","@id":"https:\/\/touchproeurope.eu\/product\/earthlite-harmony-reiki-dx-massagetafel\/#breadcrumb","itemListElement":[{"@type":"ListItem","position":1,"name":"Home","item":"https:\/\/touchproeurope.eu\/"},{"@type":"ListItem","position":2,"name":"Winkel","item":"https:\/\/touchproeurope.eu\/winkel\/"},{"@type":"ListItem","position":3,"name":"EarthLite Harmony Reiki DX Massagetafel"}]},{"@type":"WebSite","@id":"https:\/\/touchproeurope.eu\/#website","url":"https:\/\/touchproeurope.eu\/","name":"Tienda TouchPro Europe","description":"\u00a1Todo para su consulta con un toque PROfesional!","publisher":{"@id":"https:\/\/touchproeurope.eu\/#organization"},"alternateName":"TPE","potentialAction":[{"@type":"SearchAction","target":{"@type":"EntryPoint","urlTemplate":"https:\/\/touchproeurope.eu\/?s={search_term_string}"},"query-input":{"@type":"PropertyValueSpecification","valueRequired":true,"valueName":"search_term_string"}}],"inLanguage":"es"},{"@type":"Organization","@id":"https:\/\/touchproeurope.eu\/#organization","name":"TouchPro Europe BV","alternateName":"TPE","url":"https:\/\/touchproeurope.eu\/","logo":{"@type":"ImageObject","inLanguage":"es","@id":"https:\/\/touchproeurope.eu\/#\/schema\/logo\/image\/","url":"https:\/\/i0.wp.com\/touchproeurope.eu\/wp-content\/uploads\/2023\/10\/2b592c_b6944d80811246d987cc2c29accedf3f.png?fit=1417%2C531&ssl=1","contentUrl":"https:\/\/i0.wp.com\/touchproeurope.eu\/wp-content\/uploads\/2023\/10\/2b592c_b6944d80811246d987cc2c29accedf3f.png?fit=1417%2C531&ssl=1","width":1417,"height":531,"caption":"TouchPro Europe BV"},"image":{"@id":"https:\/\/touchproeurope.eu\/#\/schema\/logo\/image\/"},"sameAs":["https:\/\/www.facebook.com\/TouchproNederland\/?locale=nl_NL\/","https:\/\/www.instagram.com\/touchpro2016\/","https:\/\/www.linkedin.com\/company\/touchpro-europe-bv\/"],"description":"TouchPro Europe Shop es la tienda de masajes de Europa. Vendemos productos de masaje de primera calidad a masajistas, pedicuras, fisioterapeutas, manicuras, centros de bienestar, cursos de formaci\u00f3n, etc. TouchPro comenz\u00f3 como una peque\u00f1a tienda en los Pa\u00edses Bajos, pero ahora se ha convertido en una tienda con clientes de toda Europa. Ofrecemos una amplia gama de productos de masaje, incluyendo camillas de masaje, aceites, cremas y accesorios de las mejores marcas como Earthlite, Stronglite e InnerStrenght, Habys, Living Earth Crafts y Continuum y otros proveedores de accesorios de masaje. Pida aqu\u00ed los mejores art\u00edculos de masaje de Europa.","email":"info@touchpro-europe.com","telephone":"0858768829","legalName":"TouchPro Europe BV","foundingDate":"2018-01-11","vatID":"NL855430151B01","numberOfEmployees":{"@type":"QuantitativeValue","minValue":"1","maxValue":"10"},"hasMerchantReturnPolicy":{"@type":"MerchantReturnPolicy","merchantReturnLink":"https:\/\/touchproeurope.eu\/es\/retourbeleid\/"}}]},"product_brand":"Earthlite","og_availability":"instock","product_availability":"instock","product_condition":"new"},"_links":{"self":[{"href":"https:\/\/touchproeurope.eu\/es\/wp-json\/wp\/v2\/product\/1629","targetHints":{"allow":["GET"]}}],"collection":[{"href":"https:\/\/touchproeurope.eu\/es\/wp-json\/wp\/v2\/product"}],"about":[{"href":"https:\/\/touchproeurope.eu\/es\/wp-json\/wp\/v2\/types\/product"}],"replies":[{"embeddable":true,"href":"https:\/\/touchproeurope.eu\/es\/wp-json\/wp\/v2\/comments?post=1629"}],"version-history":[{"count":6,"href":"https:\/\/touchproeurope.eu\/es\/wp-json\/wp\/v2\/product\/1629\/revisions"}],"predecessor-version":[{"id":1758,"href":"https:\/\/touchproeurope.eu\/es\/wp-json\/wp\/v2\/product\/1629\/revisions\/1758"}],"wp:featuredmedia":[{"embeddable":true,"href":"https:\/\/touchproeurope.eu\/es\/wp-json\/wp\/v2\/media\/1641"}],"wp:attachment":[{"href":"https:\/\/touchproeurope.eu\/es\/wp-json\/wp\/v2\/media?parent=1629"}],"wp:term":[{"taxonomy":"product_brand","embeddable":true,"href":"https:\/\/touchproeurope.eu\/es\/wp-json\/wp\/v2\/product_brand?post=1629"},{"taxonomy":"product_cat","embeddable":true,"href":"https:\/\/touchproeurope.eu\/es\/wp-json\/wp\/v2\/product_cat?post=1629"},{"taxonomy":"product_tag","embeddable":true,"href":"https:\/\/touchproeurope.eu\/es\/wp-json\/wp\/v2\/product_tag?post=1629"}],"curies":[{"name":"wp","href":"https:\/\/api.w.org\/{rel}","templated":true}]}}