{"id":16333,"date":"2026-04-23T14:04:18","date_gmt":"2026-04-23T14:04:18","guid":{"rendered":"https:\/\/touchproeurope.eu\/?post_type=product&#038;p=16333"},"modified":"2026-04-23T14:04:37","modified_gmt":"2026-04-23T14:04:37","slug":"earthlite-hoes-voor-rolkruk","status":"publish","type":"product","link":"https:\/\/touchproeurope.eu\/es\/product\/earthlite-hoes-voor-rolkruk\/","title":{"rendered":"Earthlite Hoes voor rolkruk"},"content":{"rendered":"<p data-start=\"239\" data-end=\"567\">De Earthlite hoes voor rolkruk is de ideale oplossing om je massagekruk een tweede leven te geven zonder direct een nieuwe aan te schaffen. Of je kruk nu lichte slijtage vertoont, je praktijk een frisse uitstraling nodig heeft, of je simpelweg een nieuwe kleur wilt, deze hoes biedt een snelle en professionele upgrade.<\/p>\n<p data-start=\"569\" data-end=\"929\">De hoes is speciaal ontworpen voor de 15 inch (\u00b138 cm) ronde pneumatische krukken van <span class=\"hover:entity-accent entity-underline inline cursor-pointer align-baseline\"><span class=\"whitespace-normal\">Earthlite<\/span><\/span>. Daarnaast past hij ook op de meeste andere krukken met een vergelijkbare zitting. Dankzij het nauwsluitende ontwerp vormt de hoes zich als een \u201csecond skin\u201d om de zitting. Daardoor oogt hij strak en professioneel zonder te verschuiven.<\/p>\n<p data-start=\"931\" data-end=\"1236\">De hoes is vervaardigd uit het hoogwaardige Comfort-Flex\u2122 materiaal, dat bekend staat om zijn duurzaamheid, flexibiliteit en milieuvriendelijke eigenschappen. Dit materiaal is slijtvast, eenvoudig te reinigen en bestand tegen intensief dagelijks gebruik in massagepraktijken, wellnesscentra en salons.<\/p>\n<p data-start=\"1238\" data-end=\"1493\">Verkrijgbaar in verschillende kleuren waardoor je eenvoudig de uitstraling van je behandelruimte kan aanpassen. Ook kan je kruk perfect laten matchen met je massagetafel. De hoes is bovendien zeer eenvoudig in gebruik: gewoon over de zitting schuiven en klaar.<\/p>\n<p data-start=\"1495\" data-end=\"1613\">Een praktische, duurzame en stijlvolle oplossing voor professionals die hun werkplek netjes en verzorgd willen houden.<\/p>","protected":false},"excerpt":{"rendered":"<p>Strak passende hoes voor massagekrukken met 38cm brede \u201d ronde zitting. Gemaakt van duurzaam Comfort-Flex\u2122 materiaal en verkrijgbaar in meerdere kleuren. Ideaal om je kruk te vernieuwen.<\/p>","protected":false},"featured_media":16337,"comment_status":"open","ping_status":"closed","template":"","meta":[],"product_brand":[343],"product_cat":[112,108,480],"product_tag":[],"class_list":{"0":"post-16333","1":"product","2":"type-product","3":"status-publish","4":"has-post-thumbnail","6":"product_brand-earthlite","7":"product_cat-massagekrukken","8":"product_cat-reinigbare-covers-tafellinnen","9":"product_cat-tafellinnen-covers","10":"product_shipping_class-klein-pakket","11":"pa_kleur-blauw","12":"pa_kleur-grijs","13":"pa_kleur-vanille-creme","14":"pa_kleur-zwart","15":"pa_merk-earthlite","17":"first","18":"instock","19":"taxable","20":"shipping-taxable","21":"purchasable","22":"product-type-variable"},"yoast_head":"<!-- This site is optimized with the Yoast SEO Premium plugin v27.4 (Yoast SEO v27.4) - https:\/\/yoast.com\/product\/yoast-seo-premium-wordpress\/ -->\n<title>Earthlite Hoes voor rolkruk - TouchPro Europe Shop<\/title>\n<meta name=\"description\" content=\"Breng je praktijk opnieuw tot leven met de Earthlite hoes voor rolkruk. Een ideale oplossing voor slijtage en nieuwe looks. Bestel nu!\" \/>\n<meta name=\"robots\" content=\"index, follow, max-snippet:-1, max-image-preview:large, max-video-preview:-1\" \/>\n<link rel=\"canonical\" href=\"https:\/\/touchproeurope.eu\/es\/product\/earthlite-hoes-voor-rolkruk\/\" \/>\n<meta property=\"og:locale\" content=\"es_ES\" \/>\n<meta property=\"og:type\" content=\"article\" \/>\n<meta property=\"og:title\" content=\"Earthlite Hoes voor rolkruk\" \/>\n<meta property=\"og:description\" content=\"Breng je praktijk opnieuw tot leven met de Earthlite hoes voor rolkruk. Een ideale oplossing voor slijtage en nieuwe looks. Bestel nu!\" \/>\n<meta property=\"og:url\" content=\"https:\/\/touchproeurope.eu\/es\/product\/earthlite-hoes-voor-rolkruk\/\" \/>\n<meta property=\"og:site_name\" content=\"TouchPro Europe Shop\" \/>\n<meta property=\"article:publisher\" content=\"https:\/\/www.facebook.com\/TouchproNederland\/?locale=nl_NL%2f\" \/>\n<meta property=\"article:modified_time\" content=\"2026-04-23T14:04:37+00:00\" \/>\n<meta property=\"og:image\" content=\"https:\/\/touchproeurope.eu\/wp-content\/uploads\/2026\/04\/Rolling_Stool_Cover_-_NT_Vanilla_Creme-e1776952501493.jpg\" \/>\n\t<meta property=\"og:image:width\" content=\"800\" \/>\n\t<meta property=\"og:image:height\" content=\"800\" \/>\n\t<meta property=\"og:image:type\" content=\"image\/jpeg\" \/>\n<meta name=\"twitter:card\" content=\"summary_large_image\" \/>\n<meta name=\"twitter:label1\" content=\"Disponibilidad\" \/>\n\t<meta name=\"twitter:data1\" content=\"Disponible\" \/>\n<script type=\"application\/ld+json\" class=\"yoast-schema-graph\">{\"@context\":\"https:\\\/\\\/schema.org\",\"@graph\":[{\"@type\":\"WebPage\",\"@id\":\"https:\\\/\\\/touchproeurope.eu\\\/product\\\/earthlite-hoes-voor-rolkruk\\\/\",\"url\":\"https:\\\/\\\/touchproeurope.eu\\\/product\\\/earthlite-hoes-voor-rolkruk\\\/\",\"name\":\"Earthlite Hoes voor rolkruk - TouchPro Europe Shop\",\"isPartOf\":{\"@id\":\"https:\\\/\\\/touchproeurope.eu\\\/#website\"},\"primaryImageOfPage\":{\"@id\":\"https:\\\/\\\/touchproeurope.eu\\\/product\\\/earthlite-hoes-voor-rolkruk\\\/#primaryimage\"},\"image\":{\"@id\":\"https:\\\/\\\/touchproeurope.eu\\\/product\\\/earthlite-hoes-voor-rolkruk\\\/#primaryimage\"},\"thumbnailUrl\":\"https:\\\/\\\/i0.wp.com\\\/touchproeurope.eu\\\/wp-content\\\/uploads\\\/2026\\\/04\\\/Rolling_Stool_Cover_-_NT_Vanilla_Creme-e1776952501493.jpg?fit=800%2C800&ssl=1\",\"datePublished\":\"2026-04-23T14:04:18+00:00\",\"dateModified\":\"2026-04-23T14:04:37+00:00\",\"description\":\"Breng je praktijk opnieuw tot leven met de Earthlite hoes voor rolkruk. Een ideale oplossing voor slijtage en nieuwe looks. Bestel nu!\",\"breadcrumb\":{\"@id\":\"https:\\\/\\\/touchproeurope.eu\\\/product\\\/earthlite-hoes-voor-rolkruk\\\/#breadcrumb\"},\"inLanguage\":\"es\",\"potentialAction\":[{\"@type\":\"ReadAction\",\"target\":[\"https:\\\/\\\/touchproeurope.eu\\\/product\\\/earthlite-hoes-voor-rolkruk\\\/\"]}]},{\"@type\":\"ImageObject\",\"inLanguage\":\"es\",\"@id\":\"https:\\\/\\\/touchproeurope.eu\\\/product\\\/earthlite-hoes-voor-rolkruk\\\/#primaryimage\",\"url\":\"https:\\\/\\\/i0.wp.com\\\/touchproeurope.eu\\\/wp-content\\\/uploads\\\/2026\\\/04\\\/Rolling_Stool_Cover_-_NT_Vanilla_Creme-e1776952501493.jpg?fit=800%2C800&ssl=1\",\"contentUrl\":\"https:\\\/\\\/i0.wp.com\\\/touchproeurope.eu\\\/wp-content\\\/uploads\\\/2026\\\/04\\\/Rolling_Stool_Cover_-_NT_Vanilla_Creme-e1776952501493.jpg?fit=800%2C800&ssl=1\",\"width\":800,\"height\":800,\"caption\":\"Earthlite Hoes voor rolkruk\"},{\"@type\":\"BreadcrumbList\",\"@id\":\"https:\\\/\\\/touchproeurope.eu\\\/product\\\/earthlite-hoes-voor-rolkruk\\\/#breadcrumb\",\"itemListElement\":[{\"@type\":\"ListItem\",\"position\":1,\"name\":\"Home\",\"item\":\"https:\\\/\\\/touchproeurope.eu\\\/\"},{\"@type\":\"ListItem\",\"position\":2,\"name\":\"Winkel\",\"item\":\"https:\\\/\\\/touchproeurope.eu\\\/winkel\\\/\"},{\"@type\":\"ListItem\",\"position\":3,\"name\":\"Earthlite Hoes voor rolkruk\"}]},{\"@type\":\"WebSite\",\"@id\":\"https:\\\/\\\/touchproeurope.eu\\\/#website\",\"url\":\"https:\\\/\\\/touchproeurope.eu\\\/\",\"name\":\"TouchPro Europe Shop\",\"description\":\"Alles voor jouw praktijk met een PROfessionele Touch!\",\"publisher\":{\"@id\":\"https:\\\/\\\/touchproeurope.eu\\\/#organization\"},\"alternateName\":\"TPE\",\"potentialAction\":[{\"@type\":\"SearchAction\",\"target\":{\"@type\":\"EntryPoint\",\"urlTemplate\":\"https:\\\/\\\/touchproeurope.eu\\\/?s={search_term_string}\"},\"query-input\":{\"@type\":\"PropertyValueSpecification\",\"valueRequired\":true,\"valueName\":\"search_term_string\"}}],\"inLanguage\":\"es\"},{\"@type\":\"Organization\",\"@id\":\"https:\\\/\\\/touchproeurope.eu\\\/#organization\",\"name\":\"TouchPro Europe BV\",\"alternateName\":\"TPE\",\"url\":\"https:\\\/\\\/touchproeurope.eu\\\/\",\"logo\":{\"@type\":\"ImageObject\",\"inLanguage\":\"es\",\"@id\":\"https:\\\/\\\/touchproeurope.eu\\\/#\\\/schema\\\/logo\\\/image\\\/\",\"url\":\"https:\\\/\\\/i0.wp.com\\\/touchproeurope.eu\\\/wp-content\\\/uploads\\\/2023\\\/10\\\/2b592c_b6944d80811246d987cc2c29accedf3f.png?fit=1417%2C531&ssl=1\",\"contentUrl\":\"https:\\\/\\\/i0.wp.com\\\/touchproeurope.eu\\\/wp-content\\\/uploads\\\/2023\\\/10\\\/2b592c_b6944d80811246d987cc2c29accedf3f.png?fit=1417%2C531&ssl=1\",\"width\":1417,\"height\":531,\"caption\":\"TouchPro Europe BV\"},\"image\":{\"@id\":\"https:\\\/\\\/touchproeurope.eu\\\/#\\\/schema\\\/logo\\\/image\\\/\"},\"sameAs\":[\"https:\\\/\\\/www.facebook.com\\\/TouchproNederland\\\/?locale=nl_NL\\\/\",\"https:\\\/\\\/www.instagram.com\\\/touchpro2016\\\/\",\"https:\\\/\\\/www.linkedin.com\\\/company\\\/touchpro-europe-bv\\\/\"],\"description\":\"TouchPro Europe Shop is de massage winkel van Europa. Wij verkopen topkwaliteit massageproducten aan masseurs, pedicures, fysiotherapeuten, manicuren, Wellness centra, opleidingen, etc. TouchPro begon als een kleine webshop in Nederland, maar is nu uitgegroeid tot een webshop met klanten uit heel Europa. Wij bieden een breed assortiment aan massageproducten, waaronder massagetafels, oli\u00ebn, cr\u00e8mes, en accessoires van topmerken, zoals Earthlite, Stronglite en InnerStrenght, Habys, Living Earth Crafts en Continuum en andere leveranciers van massage accessoires. Bestel hier de beste massagematerialen van Europa!\",\"email\":\"info@touchpro-europe.com\",\"telephone\":\"0858768829\",\"legalName\":\"TouchPro Europe BV\",\"foundingDate\":\"2018-01-11\",\"vatID\":\"NL855430151B01\",\"numberOfEmployees\":{\"@type\":\"QuantitativeValue\",\"minValue\":\"1\",\"maxValue\":\"10\"},\"hasMerchantReturnPolicy\":{\"@type\":\"MerchantReturnPolicy\",\"merchantReturnLink\":\"https:\\\/\\\/touchproeurope.eu\\\/es\\\/retourbeleid\\\/\"}}]}<\/script>\n<meta property=\"product:brand\" content=\"Earthlite\" \/>\n<meta property=\"og:availability\" content=\"instock\" \/>\n<meta property=\"product:availability\" content=\"instock\" \/>\n<meta property=\"product:retailer_item_id\" content=\"60700\" \/>\n<meta property=\"product:condition\" content=\"new\" \/>\n<!-- \/ Yoast SEO Premium plugin. -->","yoast_head_json":{"title":"Earthlite Hoes voor rolkruk - TouchPro Europe Shop","description":"Breng je praktijk opnieuw tot leven met de Earthlite hoes voor rolkruk. Een ideale oplossing voor slijtage en nieuwe looks. Bestel nu!","robots":{"index":"index","follow":"follow","max-snippet":"max-snippet:-1","max-image-preview":"max-image-preview:large","max-video-preview":"max-video-preview:-1"},"canonical":"https:\/\/touchproeurope.eu\/es\/product\/earthlite-hoes-voor-rolkruk\/","og_locale":"es_ES","og_type":"article","og_title":"Earthlite Hoes voor rolkruk","og_description":"Breng je praktijk opnieuw tot leven met de Earthlite hoes voor rolkruk. Een ideale oplossing voor slijtage en nieuwe looks. Bestel nu!","og_url":"https:\/\/touchproeurope.eu\/es\/product\/earthlite-hoes-voor-rolkruk\/","og_site_name":"TouchPro Europe Shop","article_publisher":"https:\/\/www.facebook.com\/TouchproNederland\/?locale=nl_NL%2f","article_modified_time":"2026-04-23T14:04:37+00:00","og_image":[{"width":800,"height":800,"url":"https:\/\/touchproeurope.eu\/wp-content\/uploads\/2026\/04\/Rolling_Stool_Cover_-_NT_Vanilla_Creme-e1776952501493.jpg","type":"image\/jpeg"}],"twitter_card":"summary_large_image","twitter_misc":{"Disponibilidad":"Disponible"},"schema":{"@context":"https:\/\/schema.org","@graph":[{"@type":"WebPage","@id":"https:\/\/touchproeurope.eu\/product\/earthlite-hoes-voor-rolkruk\/","url":"https:\/\/touchproeurope.eu\/product\/earthlite-hoes-voor-rolkruk\/","name":"Earthlite Hoes voor rolkruk - TouchPro Europe Shop","isPartOf":{"@id":"https:\/\/touchproeurope.eu\/#website"},"primaryImageOfPage":{"@id":"https:\/\/touchproeurope.eu\/product\/earthlite-hoes-voor-rolkruk\/#primaryimage"},"image":{"@id":"https:\/\/touchproeurope.eu\/product\/earthlite-hoes-voor-rolkruk\/#primaryimage"},"thumbnailUrl":"https:\/\/i0.wp.com\/touchproeurope.eu\/wp-content\/uploads\/2026\/04\/Rolling_Stool_Cover_-_NT_Vanilla_Creme-e1776952501493.jpg?fit=800%2C800&ssl=1","datePublished":"2026-04-23T14:04:18+00:00","dateModified":"2026-04-23T14:04:37+00:00","description":"Breng je praktijk opnieuw tot leven met de Earthlite hoes voor rolkruk. Een ideale oplossing voor slijtage en nieuwe looks. Bestel nu!","breadcrumb":{"@id":"https:\/\/touchproeurope.eu\/product\/earthlite-hoes-voor-rolkruk\/#breadcrumb"},"inLanguage":"es","potentialAction":[{"@type":"ReadAction","target":["https:\/\/touchproeurope.eu\/product\/earthlite-hoes-voor-rolkruk\/"]}]},{"@type":"ImageObject","inLanguage":"es","@id":"https:\/\/touchproeurope.eu\/product\/earthlite-hoes-voor-rolkruk\/#primaryimage","url":"https:\/\/i0.wp.com\/touchproeurope.eu\/wp-content\/uploads\/2026\/04\/Rolling_Stool_Cover_-_NT_Vanilla_Creme-e1776952501493.jpg?fit=800%2C800&ssl=1","contentUrl":"https:\/\/i0.wp.com\/touchproeurope.eu\/wp-content\/uploads\/2026\/04\/Rolling_Stool_Cover_-_NT_Vanilla_Creme-e1776952501493.jpg?fit=800%2C800&ssl=1","width":800,"height":800,"caption":"Earthlite Hoes voor rolkruk"},{"@type":"BreadcrumbList","@id":"https:\/\/touchproeurope.eu\/product\/earthlite-hoes-voor-rolkruk\/#breadcrumb","itemListElement":[{"@type":"ListItem","position":1,"name":"Home","item":"https:\/\/touchproeurope.eu\/"},{"@type":"ListItem","position":2,"name":"Winkel","item":"https:\/\/touchproeurope.eu\/winkel\/"},{"@type":"ListItem","position":3,"name":"Earthlite Hoes voor rolkruk"}]},{"@type":"WebSite","@id":"https:\/\/touchproeurope.eu\/#website","url":"https:\/\/touchproeurope.eu\/","name":"Tienda TouchPro Europe","description":"\u00a1Todo para su consulta con un toque PROfesional!","publisher":{"@id":"https:\/\/touchproeurope.eu\/#organization"},"alternateName":"TPE","potentialAction":[{"@type":"SearchAction","target":{"@type":"EntryPoint","urlTemplate":"https:\/\/touchproeurope.eu\/?s={search_term_string}"},"query-input":{"@type":"PropertyValueSpecification","valueRequired":true,"valueName":"search_term_string"}}],"inLanguage":"es"},{"@type":"Organization","@id":"https:\/\/touchproeurope.eu\/#organization","name":"TouchPro Europe BV","alternateName":"TPE","url":"https:\/\/touchproeurope.eu\/","logo":{"@type":"ImageObject","inLanguage":"es","@id":"https:\/\/touchproeurope.eu\/#\/schema\/logo\/image\/","url":"https:\/\/i0.wp.com\/touchproeurope.eu\/wp-content\/uploads\/2023\/10\/2b592c_b6944d80811246d987cc2c29accedf3f.png?fit=1417%2C531&ssl=1","contentUrl":"https:\/\/i0.wp.com\/touchproeurope.eu\/wp-content\/uploads\/2023\/10\/2b592c_b6944d80811246d987cc2c29accedf3f.png?fit=1417%2C531&ssl=1","width":1417,"height":531,"caption":"TouchPro Europe BV"},"image":{"@id":"https:\/\/touchproeurope.eu\/#\/schema\/logo\/image\/"},"sameAs":["https:\/\/www.facebook.com\/TouchproNederland\/?locale=nl_NL\/","https:\/\/www.instagram.com\/touchpro2016\/","https:\/\/www.linkedin.com\/company\/touchpro-europe-bv\/"],"description":"TouchPro Europe Shop es la tienda de masajes de Europa. Vendemos productos de masaje de primera calidad a masajistas, pedicuras, fisioterapeutas, manicuras, centros de bienestar, cursos de formaci\u00f3n, etc. TouchPro comenz\u00f3 como una peque\u00f1a tienda en los Pa\u00edses Bajos, pero ahora se ha convertido en una tienda con clientes de toda Europa. Ofrecemos una amplia gama de productos de masaje, incluyendo camillas de masaje, aceites, cremas y accesorios de las mejores marcas como Earthlite, Stronglite e InnerStrenght, Habys, Living Earth Crafts y Continuum y otros proveedores de accesorios de masaje. Pida aqu\u00ed los mejores art\u00edculos de masaje de Europa.","email":"info@touchpro-europe.com","telephone":"0858768829","legalName":"TouchPro Europe BV","foundingDate":"2018-01-11","vatID":"NL855430151B01","numberOfEmployees":{"@type":"QuantitativeValue","minValue":"1","maxValue":"10"},"hasMerchantReturnPolicy":{"@type":"MerchantReturnPolicy","merchantReturnLink":"https:\/\/touchproeurope.eu\/es\/retourbeleid\/"}}]},"product_brand":"Earthlite","og_availability":"instock","product_availability":"instock","product_retailer_item_id":"60700","product_condition":"new"},"_links":{"self":[{"href":"https:\/\/touchproeurope.eu\/es\/wp-json\/wp\/v2\/product\/16333","targetHints":{"allow":["GET"]}}],"collection":[{"href":"https:\/\/touchproeurope.eu\/es\/wp-json\/wp\/v2\/product"}],"about":[{"href":"https:\/\/touchproeurope.eu\/es\/wp-json\/wp\/v2\/types\/product"}],"replies":[{"embeddable":true,"href":"https:\/\/touchproeurope.eu\/es\/wp-json\/wp\/v2\/comments?post=16333"}],"version-history":[{"count":2,"href":"https:\/\/touchproeurope.eu\/es\/wp-json\/wp\/v2\/product\/16333\/revisions"}],"predecessor-version":[{"id":16343,"href":"https:\/\/touchproeurope.eu\/es\/wp-json\/wp\/v2\/product\/16333\/revisions\/16343"}],"wp:featuredmedia":[{"embeddable":true,"href":"https:\/\/touchproeurope.eu\/es\/wp-json\/wp\/v2\/media\/16337"}],"wp:attachment":[{"href":"https:\/\/touchproeurope.eu\/es\/wp-json\/wp\/v2\/media?parent=16333"}],"wp:term":[{"taxonomy":"product_brand","embeddable":true,"href":"https:\/\/touchproeurope.eu\/es\/wp-json\/wp\/v2\/product_brand?post=16333"},{"taxonomy":"product_cat","embeddable":true,"href":"https:\/\/touchproeurope.eu\/es\/wp-json\/wp\/v2\/product_cat?post=16333"},{"taxonomy":"product_tag","embeddable":true,"href":"https:\/\/touchproeurope.eu\/es\/wp-json\/wp\/v2\/product_tag?post=16333"}],"curies":[{"name":"wp","href":"https:\/\/api.w.org\/{rel}","templated":true}]}}