{"id":2913,"date":"2023-11-09T15:58:06","date_gmt":"2023-11-09T15:58:06","guid":{"rendered":"https:\/\/touchproeurope.eu\/?post_type=product&#038;p=2913"},"modified":"2026-04-22T09:32:29","modified_gmt":"2026-04-22T09:32:29","slug":"aysun-wellness-aceite-de-masaje-nutfree","status":"publish","type":"product","link":"https:\/\/touchproeurope.eu\/es\/product\/aysun-wellness-massageolie-nutfree\/","title":{"rendered":"Aysun-wellness Aceite de masaje Nutfree"},"content":{"rendered":"<p>El aceite de masaje \"Nutfree\" de Aysun-wellness ofrece la relajaci\u00f3n perfecta sin preocuparse por la alergia a los frutos secos. Este aceite de masaje de alta calidad es hipoalerg\u00e9nico, est\u00e1 dermatol\u00f3gicamente probado y especialmente formulado sin frutos secos, por lo que es adecuado incluso para los tipos de piel m\u00e1s sensibles.<\/p>\n<p>La textura suave y sedosa del aceite de masaje lo hace ideal para diversas t\u00e9cnicas de masaje. Su aroma neutro no resulta agresivo, por lo que es perfecto para combinar con sus aceites de aromaterapia favoritos. Tanto para un masaje relajante como para reducir la tensi\u00f3n muscular. Adem\u00e1s, este aceite proporciona la base perfecta para una experiencia relajante y revitalizante.<\/p>\n<p>Envasado en una pr\u00e1ctica botella con bomba dosificadora, el aceite es f\u00e1cil de usar. De este modo, podr\u00e1 dosificar la cantidad adecuada en cada ocasi\u00f3n. Descubra por s\u00ed mismo los beneficios del aceite y experimente la m\u00e1xima relajaci\u00f3n y cuidado durante sus masajes. P\u00eddalo hoy mismo y disfrute del bienestar gracias a este aceite especial para masajes. Reg\u00e1lese la relajaci\u00f3n sin preocupaciones que se merece con el aceite de masaje Aysun-wellness Nutfree.<\/p>","protected":false},"excerpt":{"rendered":"<p>El aceite de masaje Aysun-wellness Nutfree es la elecci\u00f3n ideal para disfrutar de un masaje relajante sin preocuparse por las alergias a los frutos secos. Este aceite de masaje de alta calidad es hipoalerg\u00e9nico, est\u00e1 dermatol\u00f3gicamente probado y formulado sin frutos secos. Por ello, es adecuado para pieles sensibles.<\/p>\n<p>Este aceite de masaje tiene una textura sedosa, que se desliza f\u00e1cilmente sobre la piel. Por ello, es ideal para diversas t\u00e9cnicas de masaje. El aceite tiene una fragancia neutra y no abrumadora, por lo que es perfecto para combinarlo con los aceites esenciales de su elecci\u00f3n. Tanto si desea un masaje relajante como reducir la tensi\u00f3n muscular, el Aceite de Masaje Aysun Wellness Nutfree proporciona la base perfecta para una experiencia calmante y revitalizante.<\/p>","protected":false},"featured_media":4415,"comment_status":"open","ping_status":"closed","template":"","meta":[],"product_brand":[599],"product_cat":[115],"product_tag":[123,125,180],"class_list":{"0":"post-2913","1":"product","2":"type-product","3":"status-publish","4":"has-post-thumbnail","6":"product_brand-aysun","7":"product_cat-massageolie","8":"product_tag-aysun","9":"product_tag-massageolie","10":"product_tag-nutfree","11":"product_shipping_class-klein-pakket","12":"pa_maat-1000-ml","13":"pa_maat-250-ml","14":"pa_maat-2500-ml","15":"pa_maat-500-ml","16":"pa_merk-aysun","18":"first","19":"instock","20":"taxable","21":"shipping-taxable","22":"purchasable","23":"product-type-variable"},"yoast_head":"<!-- This site is optimized with the Yoast SEO Premium plugin v27.4 (Yoast SEO v27.4) - https:\/\/yoast.com\/product\/yoast-seo-premium-wordpress\/ -->\n<title>Aysun-wellness Massageolie Nutfree - TouchPro Europe Shop<\/title>\n<meta name=\"description\" content=\"Geniet van zorgeloze ontspanning met Aysun-wellness Massageolie &quot;Nutfree.&quot; Bestel nu voor een zijdezachte ervaring zonder notenallergiezorgen.\" \/>\n<meta name=\"robots\" content=\"index, follow, max-snippet:-1, max-image-preview:large, max-video-preview:-1\" \/>\n<link rel=\"canonical\" href=\"https:\/\/touchproeurope.eu\/es\/product\/aysun-wellness-aceite-de-masaje-nutfree\/\" \/>\n<meta property=\"og:locale\" content=\"es_ES\" \/>\n<meta property=\"og:type\" content=\"article\" \/>\n<meta property=\"og:title\" content=\"Aysun-wellness Massageolie Nutfree\" \/>\n<meta property=\"og:description\" content=\"Geniet van zorgeloze ontspanning met Aysun-wellness Massageolie &quot;Nutfree.&quot; Bestel nu voor een zijdezachte ervaring zonder notenallergiezorgen.\" \/>\n<meta property=\"og:url\" content=\"https:\/\/touchproeurope.eu\/es\/product\/aysun-wellness-aceite-de-masaje-nutfree\/\" \/>\n<meta property=\"og:site_name\" content=\"TouchPro Europe Shop\" \/>\n<meta property=\"article:publisher\" content=\"https:\/\/www.facebook.com\/TouchproNederland\/?locale=nl_NL%2f\" \/>\n<meta property=\"article:modified_time\" content=\"2026-04-22T09:32:29+00:00\" \/>\n<meta property=\"og:image\" content=\"https:\/\/touchproeurope.eu\/wp-content\/uploads\/2023\/11\/Aysun-Wellness-Massageolie-Nutfree.jpg\" \/>\n\t<meta property=\"og:image:width\" content=\"800\" \/>\n\t<meta property=\"og:image:height\" content=\"800\" \/>\n\t<meta property=\"og:image:type\" content=\"image\/jpeg\" \/>\n<meta name=\"twitter:card\" content=\"summary_large_image\" \/>\n<meta name=\"twitter:label1\" content=\"Disponibilidad\" \/>\n\t<meta name=\"twitter:data1\" content=\"Disponible\" \/>\n<script type=\"application\/ld+json\" class=\"yoast-schema-graph\">{\"@context\":\"https:\\\/\\\/schema.org\",\"@graph\":[{\"@type\":\"WebPage\",\"@id\":\"https:\\\/\\\/touchproeurope.eu\\\/product\\\/aysun-wellness-massageolie-nutfree\\\/\",\"url\":\"https:\\\/\\\/touchproeurope.eu\\\/product\\\/aysun-wellness-massageolie-nutfree\\\/\",\"name\":\"Aysun-wellness Massageolie Nutfree - TouchPro Europe Shop\",\"isPartOf\":{\"@id\":\"https:\\\/\\\/touchproeurope.eu\\\/#website\"},\"primaryImageOfPage\":{\"@id\":\"https:\\\/\\\/touchproeurope.eu\\\/product\\\/aysun-wellness-massageolie-nutfree\\\/#primaryimage\"},\"image\":{\"@id\":\"https:\\\/\\\/touchproeurope.eu\\\/product\\\/aysun-wellness-massageolie-nutfree\\\/#primaryimage\"},\"thumbnailUrl\":\"https:\\\/\\\/i0.wp.com\\\/touchproeurope.eu\\\/wp-content\\\/uploads\\\/2023\\\/11\\\/Aysun-Wellness-Massageolie-Nutfree.jpg?fit=800%2C800&ssl=1\",\"datePublished\":\"2023-11-09T15:58:06+00:00\",\"dateModified\":\"2026-04-22T09:32:29+00:00\",\"description\":\"Geniet van zorgeloze ontspanning met Aysun-wellness Massageolie \\\"Nutfree.\\\" Bestel nu voor een zijdezachte ervaring zonder notenallergiezorgen.\",\"breadcrumb\":{\"@id\":\"https:\\\/\\\/touchproeurope.eu\\\/product\\\/aysun-wellness-massageolie-nutfree\\\/#breadcrumb\"},\"inLanguage\":\"es\",\"potentialAction\":[{\"@type\":\"ReadAction\",\"target\":[\"https:\\\/\\\/touchproeurope.eu\\\/product\\\/aysun-wellness-massageolie-nutfree\\\/\"]}]},{\"@type\":\"ImageObject\",\"inLanguage\":\"es\",\"@id\":\"https:\\\/\\\/touchproeurope.eu\\\/product\\\/aysun-wellness-massageolie-nutfree\\\/#primaryimage\",\"url\":\"https:\\\/\\\/i0.wp.com\\\/touchproeurope.eu\\\/wp-content\\\/uploads\\\/2023\\\/11\\\/Aysun-Wellness-Massageolie-Nutfree.jpg?fit=800%2C800&ssl=1\",\"contentUrl\":\"https:\\\/\\\/i0.wp.com\\\/touchproeurope.eu\\\/wp-content\\\/uploads\\\/2023\\\/11\\\/Aysun-Wellness-Massageolie-Nutfree.jpg?fit=800%2C800&ssl=1\",\"width\":800,\"height\":800,\"caption\":\"Aysun Wellness Massageolie Nutfree\"},{\"@type\":\"BreadcrumbList\",\"@id\":\"https:\\\/\\\/touchproeurope.eu\\\/product\\\/aysun-wellness-massageolie-nutfree\\\/#breadcrumb\",\"itemListElement\":[{\"@type\":\"ListItem\",\"position\":1,\"name\":\"Home\",\"item\":\"https:\\\/\\\/touchproeurope.eu\\\/\"},{\"@type\":\"ListItem\",\"position\":2,\"name\":\"Winkel\",\"item\":\"https:\\\/\\\/touchproeurope.eu\\\/winkel\\\/\"},{\"@type\":\"ListItem\",\"position\":3,\"name\":\"Aysun-wellness Massageolie Nutfree\"}]},{\"@type\":\"WebSite\",\"@id\":\"https:\\\/\\\/touchproeurope.eu\\\/#website\",\"url\":\"https:\\\/\\\/touchproeurope.eu\\\/\",\"name\":\"TouchPro Europe Shop\",\"description\":\"Alles voor jouw praktijk met een PROfessionele Touch!\",\"publisher\":{\"@id\":\"https:\\\/\\\/touchproeurope.eu\\\/#organization\"},\"alternateName\":\"TPE\",\"potentialAction\":[{\"@type\":\"SearchAction\",\"target\":{\"@type\":\"EntryPoint\",\"urlTemplate\":\"https:\\\/\\\/touchproeurope.eu\\\/?s={search_term_string}\"},\"query-input\":{\"@type\":\"PropertyValueSpecification\",\"valueRequired\":true,\"valueName\":\"search_term_string\"}}],\"inLanguage\":\"es\"},{\"@type\":\"Organization\",\"@id\":\"https:\\\/\\\/touchproeurope.eu\\\/#organization\",\"name\":\"TouchPro Europe BV\",\"alternateName\":\"TPE\",\"url\":\"https:\\\/\\\/touchproeurope.eu\\\/\",\"logo\":{\"@type\":\"ImageObject\",\"inLanguage\":\"es\",\"@id\":\"https:\\\/\\\/touchproeurope.eu\\\/#\\\/schema\\\/logo\\\/image\\\/\",\"url\":\"https:\\\/\\\/i0.wp.com\\\/touchproeurope.eu\\\/wp-content\\\/uploads\\\/2023\\\/10\\\/2b592c_b6944d80811246d987cc2c29accedf3f.png?fit=1417%2C531&ssl=1\",\"contentUrl\":\"https:\\\/\\\/i0.wp.com\\\/touchproeurope.eu\\\/wp-content\\\/uploads\\\/2023\\\/10\\\/2b592c_b6944d80811246d987cc2c29accedf3f.png?fit=1417%2C531&ssl=1\",\"width\":1417,\"height\":531,\"caption\":\"TouchPro Europe BV\"},\"image\":{\"@id\":\"https:\\\/\\\/touchproeurope.eu\\\/#\\\/schema\\\/logo\\\/image\\\/\"},\"sameAs\":[\"https:\\\/\\\/www.facebook.com\\\/TouchproNederland\\\/?locale=nl_NL\\\/\",\"https:\\\/\\\/www.instagram.com\\\/touchpro2016\\\/\",\"https:\\\/\\\/www.linkedin.com\\\/company\\\/touchpro-europe-bv\\\/\"],\"description\":\"TouchPro Europe Shop is de massage winkel van Europa. Wij verkopen topkwaliteit massageproducten aan masseurs, pedicures, fysiotherapeuten, manicuren, Wellness centra, opleidingen, etc. TouchPro begon als een kleine webshop in Nederland, maar is nu uitgegroeid tot een webshop met klanten uit heel Europa. Wij bieden een breed assortiment aan massageproducten, waaronder massagetafels, oli\u00ebn, cr\u00e8mes, en accessoires van topmerken, zoals Earthlite, Stronglite en InnerStrenght, Habys, Living Earth Crafts en Continuum en andere leveranciers van massage accessoires. Bestel hier de beste massagematerialen van Europa!\",\"email\":\"info@touchpro-europe.com\",\"telephone\":\"0858768829\",\"legalName\":\"TouchPro Europe BV\",\"foundingDate\":\"2018-01-11\",\"vatID\":\"NL855430151B01\",\"numberOfEmployees\":{\"@type\":\"QuantitativeValue\",\"minValue\":\"1\",\"maxValue\":\"10\"},\"hasMerchantReturnPolicy\":{\"@type\":\"MerchantReturnPolicy\",\"merchantReturnLink\":\"https:\\\/\\\/touchproeurope.eu\\\/es\\\/retourbeleid\\\/\"}}]}<\/script>\n<meta property=\"product:brand\" content=\"Aysun\" \/>\n<meta property=\"og:availability\" content=\"instock\" \/>\n<meta property=\"product:availability\" content=\"instock\" \/>\n<meta property=\"product:retailer_item_id\" content=\"2\" \/>\n<meta property=\"product:condition\" content=\"new\" \/>\n<!-- \/ Yoast SEO Premium plugin. -->","yoast_head_json":{"title":"Aysun-wellness Aceite de masaje Nutfree - Tienda TouchPro Europe","description":"Disfrute de una relajaci\u00f3n sin preocupaciones con el Aceite de Masaje \"Nutfree\" de Aysun-wellness. P\u00eddalo ahora para disfrutar de una experiencia suave y sedosa sin preocuparse por las alergias a los frutos secos.","robots":{"index":"index","follow":"follow","max-snippet":"max-snippet:-1","max-image-preview":"max-image-preview:large","max-video-preview":"max-video-preview:-1"},"canonical":"https:\/\/touchproeurope.eu\/es\/product\/aysun-wellness-aceite-de-masaje-nutfree\/","og_locale":"es_ES","og_type":"article","og_title":"Aysun-wellness Massageolie Nutfree","og_description":"Geniet van zorgeloze ontspanning met Aysun-wellness Massageolie \"Nutfree.\" Bestel nu voor een zijdezachte ervaring zonder notenallergiezorgen.","og_url":"https:\/\/touchproeurope.eu\/es\/product\/aysun-wellness-aceite-de-masaje-nutfree\/","og_site_name":"TouchPro Europe Shop","article_publisher":"https:\/\/www.facebook.com\/TouchproNederland\/?locale=nl_NL%2f","article_modified_time":"2026-04-22T09:32:29+00:00","og_image":[{"width":800,"height":800,"url":"https:\/\/touchproeurope.eu\/wp-content\/uploads\/2023\/11\/Aysun-Wellness-Massageolie-Nutfree.jpg","type":"image\/jpeg"}],"twitter_card":"summary_large_image","twitter_misc":{"Disponibilidad":"Disponible"},"schema":{"@context":"https:\/\/schema.org","@graph":[{"@type":"WebPage","@id":"https:\/\/touchproeurope.eu\/product\/aysun-wellness-massageolie-nutfree\/","url":"https:\/\/touchproeurope.eu\/product\/aysun-wellness-massageolie-nutfree\/","name":"Aysun-wellness Aceite de masaje Nutfree - Tienda TouchPro Europe","isPartOf":{"@id":"https:\/\/touchproeurope.eu\/#website"},"primaryImageOfPage":{"@id":"https:\/\/touchproeurope.eu\/product\/aysun-wellness-massageolie-nutfree\/#primaryimage"},"image":{"@id":"https:\/\/touchproeurope.eu\/product\/aysun-wellness-massageolie-nutfree\/#primaryimage"},"thumbnailUrl":"https:\/\/i0.wp.com\/touchproeurope.eu\/wp-content\/uploads\/2023\/11\/Aysun-Wellness-Massageolie-Nutfree.jpg?fit=800%2C800&ssl=1","datePublished":"2023-11-09T15:58:06+00:00","dateModified":"2026-04-22T09:32:29+00:00","description":"Disfrute de una relajaci\u00f3n sin preocupaciones con el Aceite de Masaje \"Nutfree\" de Aysun-wellness. P\u00eddalo ahora para disfrutar de una experiencia suave y sedosa sin preocuparse por las alergias a los frutos secos.","breadcrumb":{"@id":"https:\/\/touchproeurope.eu\/product\/aysun-wellness-massageolie-nutfree\/#breadcrumb"},"inLanguage":"es","potentialAction":[{"@type":"ReadAction","target":["https:\/\/touchproeurope.eu\/product\/aysun-wellness-massageolie-nutfree\/"]}]},{"@type":"ImageObject","inLanguage":"es","@id":"https:\/\/touchproeurope.eu\/product\/aysun-wellness-massageolie-nutfree\/#primaryimage","url":"https:\/\/i0.wp.com\/touchproeurope.eu\/wp-content\/uploads\/2023\/11\/Aysun-Wellness-Massageolie-Nutfree.jpg?fit=800%2C800&ssl=1","contentUrl":"https:\/\/i0.wp.com\/touchproeurope.eu\/wp-content\/uploads\/2023\/11\/Aysun-Wellness-Massageolie-Nutfree.jpg?fit=800%2C800&ssl=1","width":800,"height":800,"caption":"Aysun Wellness Massageolie Nutfree"},{"@type":"BreadcrumbList","@id":"https:\/\/touchproeurope.eu\/product\/aysun-wellness-massageolie-nutfree\/#breadcrumb","itemListElement":[{"@type":"ListItem","position":1,"name":"Home","item":"https:\/\/touchproeurope.eu\/"},{"@type":"ListItem","position":2,"name":"Winkel","item":"https:\/\/touchproeurope.eu\/winkel\/"},{"@type":"ListItem","position":3,"name":"Aysun-wellness Massageolie Nutfree"}]},{"@type":"WebSite","@id":"https:\/\/touchproeurope.eu\/#website","url":"https:\/\/touchproeurope.eu\/","name":"Tienda TouchPro Europe","description":"\u00a1Todo para su consulta con un toque PROfesional!","publisher":{"@id":"https:\/\/touchproeurope.eu\/#organization"},"alternateName":"TPE","potentialAction":[{"@type":"SearchAction","target":{"@type":"EntryPoint","urlTemplate":"https:\/\/touchproeurope.eu\/?s={search_term_string}"},"query-input":{"@type":"PropertyValueSpecification","valueRequired":true,"valueName":"search_term_string"}}],"inLanguage":"es"},{"@type":"Organization","@id":"https:\/\/touchproeurope.eu\/#organization","name":"TouchPro Europe BV","alternateName":"TPE","url":"https:\/\/touchproeurope.eu\/","logo":{"@type":"ImageObject","inLanguage":"es","@id":"https:\/\/touchproeurope.eu\/#\/schema\/logo\/image\/","url":"https:\/\/i0.wp.com\/touchproeurope.eu\/wp-content\/uploads\/2023\/10\/2b592c_b6944d80811246d987cc2c29accedf3f.png?fit=1417%2C531&ssl=1","contentUrl":"https:\/\/i0.wp.com\/touchproeurope.eu\/wp-content\/uploads\/2023\/10\/2b592c_b6944d80811246d987cc2c29accedf3f.png?fit=1417%2C531&ssl=1","width":1417,"height":531,"caption":"TouchPro Europe BV"},"image":{"@id":"https:\/\/touchproeurope.eu\/#\/schema\/logo\/image\/"},"sameAs":["https:\/\/www.facebook.com\/TouchproNederland\/?locale=nl_NL\/","https:\/\/www.instagram.com\/touchpro2016\/","https:\/\/www.linkedin.com\/company\/touchpro-europe-bv\/"],"description":"TouchPro Europe Shop es la tienda de masajes de Europa. Vendemos productos de masaje de primera calidad a masajistas, pedicuras, fisioterapeutas, manicuras, centros de bienestar, cursos de formaci\u00f3n, etc. TouchPro comenz\u00f3 como una peque\u00f1a tienda en los Pa\u00edses Bajos, pero ahora se ha convertido en una tienda con clientes de toda Europa. Ofrecemos una amplia gama de productos de masaje, incluyendo camillas de masaje, aceites, cremas y accesorios de las mejores marcas como Earthlite, Stronglite e InnerStrenght, Habys, Living Earth Crafts y Continuum y otros proveedores de accesorios de masaje. Pida aqu\u00ed los mejores art\u00edculos de masaje de Europa.","email":"info@touchpro-europe.com","telephone":"0858768829","legalName":"TouchPro Europe BV","foundingDate":"2018-01-11","vatID":"NL855430151B01","numberOfEmployees":{"@type":"QuantitativeValue","minValue":"1","maxValue":"10"},"hasMerchantReturnPolicy":{"@type":"MerchantReturnPolicy","merchantReturnLink":"https:\/\/touchproeurope.eu\/es\/retourbeleid\/"}}]},"product_brand":"Aysun","og_availability":"instock","product_availability":"instock","product_retailer_item_id":"2","product_condition":"new"},"_links":{"self":[{"href":"https:\/\/touchproeurope.eu\/es\/wp-json\/wp\/v2\/product\/2913","targetHints":{"allow":["GET"]}}],"collection":[{"href":"https:\/\/touchproeurope.eu\/es\/wp-json\/wp\/v2\/product"}],"about":[{"href":"https:\/\/touchproeurope.eu\/es\/wp-json\/wp\/v2\/types\/product"}],"replies":[{"embeddable":true,"href":"https:\/\/touchproeurope.eu\/es\/wp-json\/wp\/v2\/comments?post=2913"}],"version-history":[{"count":6,"href":"https:\/\/touchproeurope.eu\/es\/wp-json\/wp\/v2\/product\/2913\/revisions"}],"predecessor-version":[{"id":4418,"href":"https:\/\/touchproeurope.eu\/es\/wp-json\/wp\/v2\/product\/2913\/revisions\/4418"}],"wp:featuredmedia":[{"embeddable":true,"href":"https:\/\/touchproeurope.eu\/es\/wp-json\/wp\/v2\/media\/4415"}],"wp:attachment":[{"href":"https:\/\/touchproeurope.eu\/es\/wp-json\/wp\/v2\/media?parent=2913"}],"wp:term":[{"taxonomy":"product_brand","embeddable":true,"href":"https:\/\/touchproeurope.eu\/es\/wp-json\/wp\/v2\/product_brand?post=2913"},{"taxonomy":"product_cat","embeddable":true,"href":"https:\/\/touchproeurope.eu\/es\/wp-json\/wp\/v2\/product_cat?post=2913"},{"taxonomy":"product_tag","embeddable":true,"href":"https:\/\/touchproeurope.eu\/es\/wp-json\/wp\/v2\/product_tag?post=2913"}],"curies":[{"name":"wp","href":"https:\/\/api.w.org\/{rel}","templated":true}]}}