{"id":2917,"date":"2023-11-09T15:58:12","date_gmt":"2023-11-09T15:58:12","guid":{"rendered":"https:\/\/touchproeurope.eu\/?post_type=product&#038;p=2917"},"modified":"2026-04-22T09:41:32","modified_gmt":"2026-04-22T09:41:32","slug":"reposapies-earthlite","status":"publish","type":"product","link":"https:\/\/touchproeurope.eu\/es\/product\/earthlite-voetensteun\/","title":{"rendered":"Extensor reposapi\u00e9s\/mesa Earthlite"},"content":{"rendered":"<p>La extensi\u00f3n de reposapi\u00e9s\/mesa Earthlite es una extensi\u00f3n pr\u00e1ctica y c\u00f3moda para las camillas de masaje que requieren apoyo y longitud adicionales. Esta extensi\u00f3n aumenta la longitud de la camilla en 25 cm (10 pulgadas) y es ideal para colocar c\u00f3modamente a clientes m\u00e1s altos durante masajes y tratamientos terap\u00e9uticos. Como extensi\u00f3n, el reposapi\u00e9s Earthlite hace que masajear a clientes altos sea mucho m\u00e1s agradable.<\/p>\n<p>Esta pieza de extensi\u00f3n procede de Earthlite y est\u00e1 dise\u00f1ada principalmente para las camillas de masaje Earthlite. Adem\u00e1s, la pieza de extensi\u00f3n tambi\u00e9n es adecuada para camillas de masaje de otras marcas, siempre que la distancia entre los orificios coincida y el grosor del revestimiento sea similar. De este modo, el extensor de camilla proporciona flexibilidad en diferentes pr\u00e1cticas.<\/p>\n<p>El reposapi\u00e9s cuenta con una c\u00f3moda capa de espuma de 7,5 cm (3 pulgadas), que proporciona un apoyo \u00f3ptimo para las piernas y los pies del cliente sin puntos de presi\u00f3n. Esto aumenta significativamente la comodidad del paciente tumbado, especialmente durante los tratamientos m\u00e1s largos. Adem\u00e1s, el reposapi\u00e9s Earthlite proporciona comodidad y apoyo adicionales durante cada sesi\u00f3n.<\/p>\n<p>Actualmente, este extensor de camilla est\u00e1 disponible en una anchura de 76 cm, que se adapta a la mayor\u00eda de las camillas de masaje profesionales est\u00e1ndar. El extensor est\u00e1 disponible en varios colores, entre ellos Vanilla Cr\u00e8me y Agate Blue. Aquellos que busquen una versi\u00f3n diferente del reposapi\u00e9s Earthlite pueden ponerse en contacto con nosotros para personalizarlo.<\/p>\n<p>Un accesorio ideal para consultas de masajes, fisioterapia, wellness y spas que deseen ofrecer mayor comodidad y flexibilidad a sus clientes. El reposapi\u00e9s Earthlite completa la experiencia en estos diferentes entornos.<\/p>","protected":false},"excerpt":{"rendered":"<p>Pr\u00e1ctico reposapi\u00e9s Earthlite que prolonga la camilla de masaje 25 cm. Proporciona mayor comodidad a los clientes m\u00e1s altos. 76 cm de ancho, espuma de 3\u201d y disponible en varios colores.<\/p>","protected":false},"featured_media":15914,"comment_status":"open","ping_status":"closed","template":"","meta":[],"product_brand":[343],"product_cat":[99,284],"product_tag":[],"class_list":{"0":"post-2917","1":"product","2":"type-product","3":"status-publish","4":"has-post-thumbnail","6":"product_brand-earthlite","7":"product_cat-accessoires","8":"product_cat-overige-accesoires","9":"product_shipping_class-klein-pakket","10":"pa_kleur-blauw","11":"pa_kleur-vanille-creme","12":"pa_kleur-zwart","13":"pa_merk-earthlite","15":"first","16":"instock","17":"taxable","18":"shipping-taxable","19":"purchasable","20":"product-type-variable"},"yoast_head":"<!-- This site is optimized with the Yoast SEO Premium plugin v27.4 (Yoast SEO v27.4) - https:\/\/yoast.com\/product\/yoast-seo-premium-wordpress\/ -->\n<title>Earthlite Voetensteun \/ Tafelverlenger - TouchPro Europe Shop<\/title>\n<meta name=\"description\" content=\"Geef je massagetafel een upgrade met de Earthlite Voetensteun. Met 25 cm extra lengte, perfect voor langere cli\u00ebnten tijdens massages. \ud83c\udf1f\" \/>\n<meta name=\"robots\" content=\"index, follow, max-snippet:-1, max-image-preview:large, max-video-preview:-1\" \/>\n<link rel=\"canonical\" href=\"https:\/\/touchproeurope.eu\/es\/product\/reposapies-earthlite\/\" \/>\n<meta property=\"og:locale\" content=\"es_ES\" \/>\n<meta property=\"og:type\" content=\"article\" \/>\n<meta property=\"og:title\" content=\"Earthlite Voetensteun \/ Tafelverlenger\" \/>\n<meta property=\"og:description\" content=\"Geef je massagetafel een upgrade met de Earthlite Voetensteun. Met 25 cm extra lengte, perfect voor langere cli\u00ebnten tijdens massages. \ud83c\udf1f\" \/>\n<meta property=\"og:url\" content=\"https:\/\/touchproeurope.eu\/es\/product\/reposapies-earthlite\/\" \/>\n<meta property=\"og:site_name\" content=\"TouchPro Europe Shop\" \/>\n<meta property=\"article:publisher\" content=\"https:\/\/www.facebook.com\/TouchproNederland\/?locale=nl_NL%2f\" \/>\n<meta property=\"article:modified_time\" content=\"2026-04-22T09:41:32+00:00\" \/>\n<meta property=\"og:image\" content=\"https:\/\/touchproeurope.eu\/wp-content\/uploads\/2023\/11\/Footrest_-_on_Table_-_Mystic_Blue-e1770715863734.jpg\" \/>\n\t<meta property=\"og:image:width\" content=\"800\" \/>\n\t<meta property=\"og:image:height\" content=\"800\" \/>\n\t<meta property=\"og:image:type\" content=\"image\/jpeg\" \/>\n<meta name=\"twitter:card\" content=\"summary_large_image\" \/>\n<meta name=\"twitter:label1\" content=\"Disponibilidad\" \/>\n\t<meta name=\"twitter:data1\" content=\"Disponible\" \/>\n<script type=\"application\/ld+json\" class=\"yoast-schema-graph\">{\"@context\":\"https:\\\/\\\/schema.org\",\"@graph\":[{\"@type\":\"WebPage\",\"@id\":\"https:\\\/\\\/touchproeurope.eu\\\/product\\\/earthlite-voetensteun\\\/\",\"url\":\"https:\\\/\\\/touchproeurope.eu\\\/product\\\/earthlite-voetensteun\\\/\",\"name\":\"Earthlite Voetensteun \\\/ Tafelverlenger - TouchPro Europe Shop\",\"isPartOf\":{\"@id\":\"https:\\\/\\\/touchproeurope.eu\\\/#website\"},\"primaryImageOfPage\":{\"@id\":\"https:\\\/\\\/touchproeurope.eu\\\/product\\\/earthlite-voetensteun\\\/#primaryimage\"},\"image\":{\"@id\":\"https:\\\/\\\/touchproeurope.eu\\\/product\\\/earthlite-voetensteun\\\/#primaryimage\"},\"thumbnailUrl\":\"https:\\\/\\\/i0.wp.com\\\/touchproeurope.eu\\\/wp-content\\\/uploads\\\/2023\\\/11\\\/Footrest_-_on_Table_-_Mystic_Blue-e1770715863734.jpg?fit=800%2C800&ssl=1\",\"datePublished\":\"2023-11-09T15:58:12+00:00\",\"dateModified\":\"2026-04-22T09:41:32+00:00\",\"description\":\"Geef je massagetafel een upgrade met de Earthlite Voetensteun. Met 25 cm extra lengte, perfect voor langere cli\u00ebnten tijdens massages. \ud83c\udf1f\",\"breadcrumb\":{\"@id\":\"https:\\\/\\\/touchproeurope.eu\\\/product\\\/earthlite-voetensteun\\\/#breadcrumb\"},\"inLanguage\":\"es\",\"potentialAction\":[{\"@type\":\"ReadAction\",\"target\":[\"https:\\\/\\\/touchproeurope.eu\\\/product\\\/earthlite-voetensteun\\\/\"]}]},{\"@type\":\"ImageObject\",\"inLanguage\":\"es\",\"@id\":\"https:\\\/\\\/touchproeurope.eu\\\/product\\\/earthlite-voetensteun\\\/#primaryimage\",\"url\":\"https:\\\/\\\/i0.wp.com\\\/touchproeurope.eu\\\/wp-content\\\/uploads\\\/2023\\\/11\\\/Footrest_-_on_Table_-_Mystic_Blue-e1770715863734.jpg?fit=800%2C800&ssl=1\",\"contentUrl\":\"https:\\\/\\\/i0.wp.com\\\/touchproeurope.eu\\\/wp-content\\\/uploads\\\/2023\\\/11\\\/Footrest_-_on_Table_-_Mystic_Blue-e1770715863734.jpg?fit=800%2C800&ssl=1\",\"width\":800,\"height\":800,\"caption\":\"Earthlite Voetensteun \\\/ Tafelverlenger\"},{\"@type\":\"BreadcrumbList\",\"@id\":\"https:\\\/\\\/touchproeurope.eu\\\/product\\\/earthlite-voetensteun\\\/#breadcrumb\",\"itemListElement\":[{\"@type\":\"ListItem\",\"position\":1,\"name\":\"Home\",\"item\":\"https:\\\/\\\/touchproeurope.eu\\\/\"},{\"@type\":\"ListItem\",\"position\":2,\"name\":\"Winkel\",\"item\":\"https:\\\/\\\/touchproeurope.eu\\\/winkel\\\/\"},{\"@type\":\"ListItem\",\"position\":3,\"name\":\"Earthlite Voetensteun \\\/ Tafelverlenger\"}]},{\"@type\":\"WebSite\",\"@id\":\"https:\\\/\\\/touchproeurope.eu\\\/#website\",\"url\":\"https:\\\/\\\/touchproeurope.eu\\\/\",\"name\":\"TouchPro Europe Shop\",\"description\":\"Alles voor jouw praktijk met een PROfessionele Touch!\",\"publisher\":{\"@id\":\"https:\\\/\\\/touchproeurope.eu\\\/#organization\"},\"alternateName\":\"TPE\",\"potentialAction\":[{\"@type\":\"SearchAction\",\"target\":{\"@type\":\"EntryPoint\",\"urlTemplate\":\"https:\\\/\\\/touchproeurope.eu\\\/?s={search_term_string}\"},\"query-input\":{\"@type\":\"PropertyValueSpecification\",\"valueRequired\":true,\"valueName\":\"search_term_string\"}}],\"inLanguage\":\"es\"},{\"@type\":\"Organization\",\"@id\":\"https:\\\/\\\/touchproeurope.eu\\\/#organization\",\"name\":\"TouchPro Europe BV\",\"alternateName\":\"TPE\",\"url\":\"https:\\\/\\\/touchproeurope.eu\\\/\",\"logo\":{\"@type\":\"ImageObject\",\"inLanguage\":\"es\",\"@id\":\"https:\\\/\\\/touchproeurope.eu\\\/#\\\/schema\\\/logo\\\/image\\\/\",\"url\":\"https:\\\/\\\/i0.wp.com\\\/touchproeurope.eu\\\/wp-content\\\/uploads\\\/2023\\\/10\\\/2b592c_b6944d80811246d987cc2c29accedf3f.png?fit=1417%2C531&ssl=1\",\"contentUrl\":\"https:\\\/\\\/i0.wp.com\\\/touchproeurope.eu\\\/wp-content\\\/uploads\\\/2023\\\/10\\\/2b592c_b6944d80811246d987cc2c29accedf3f.png?fit=1417%2C531&ssl=1\",\"width\":1417,\"height\":531,\"caption\":\"TouchPro Europe BV\"},\"image\":{\"@id\":\"https:\\\/\\\/touchproeurope.eu\\\/#\\\/schema\\\/logo\\\/image\\\/\"},\"sameAs\":[\"https:\\\/\\\/www.facebook.com\\\/TouchproNederland\\\/?locale=nl_NL\\\/\",\"https:\\\/\\\/www.instagram.com\\\/touchpro2016\\\/\",\"https:\\\/\\\/www.linkedin.com\\\/company\\\/touchpro-europe-bv\\\/\"],\"description\":\"TouchPro Europe Shop is de massage winkel van Europa. Wij verkopen topkwaliteit massageproducten aan masseurs, pedicures, fysiotherapeuten, manicuren, Wellness centra, opleidingen, etc. TouchPro begon als een kleine webshop in Nederland, maar is nu uitgegroeid tot een webshop met klanten uit heel Europa. Wij bieden een breed assortiment aan massageproducten, waaronder massagetafels, oli\u00ebn, cr\u00e8mes, en accessoires van topmerken, zoals Earthlite, Stronglite en InnerStrenght, Habys, Living Earth Crafts en Continuum en andere leveranciers van massage accessoires. Bestel hier de beste massagematerialen van Europa!\",\"email\":\"info@touchpro-europe.com\",\"telephone\":\"0858768829\",\"legalName\":\"TouchPro Europe BV\",\"foundingDate\":\"2018-01-11\",\"vatID\":\"NL855430151B01\",\"numberOfEmployees\":{\"@type\":\"QuantitativeValue\",\"minValue\":\"1\",\"maxValue\":\"10\"},\"hasMerchantReturnPolicy\":{\"@type\":\"MerchantReturnPolicy\",\"merchantReturnLink\":\"https:\\\/\\\/touchproeurope.eu\\\/es\\\/retourbeleid\\\/\"}}]}<\/script>\n<meta property=\"product:brand\" content=\"Earthlite\" \/>\n<meta property=\"og:availability\" content=\"instock\" \/>\n<meta property=\"product:availability\" content=\"instock\" \/>\n<meta property=\"product:retailer_item_id\" content=\"41100\" \/>\n<meta property=\"product:condition\" content=\"new\" \/>\n<!-- \/ Yoast SEO Premium plugin. -->","yoast_head_json":{"title":"Earthlite Extensor de reposapi\u00e9s\/mesa - Tienda TouchPro Europe","description":"Mejore su camilla de masaje con el reposapi\u00e9s Earthlite. Con 25 cm de longitud extra, perfecto para clientes m\u00e1s altos durante los masajes. \ud83c\udf1f","robots":{"index":"index","follow":"follow","max-snippet":"max-snippet:-1","max-image-preview":"max-image-preview:large","max-video-preview":"max-video-preview:-1"},"canonical":"https:\/\/touchproeurope.eu\/es\/product\/reposapies-earthlite\/","og_locale":"es_ES","og_type":"article","og_title":"Earthlite Voetensteun \/ Tafelverlenger","og_description":"Geef je massagetafel een upgrade met de Earthlite Voetensteun. Met 25 cm extra lengte, perfect voor langere cli\u00ebnten tijdens massages. \ud83c\udf1f","og_url":"https:\/\/touchproeurope.eu\/es\/product\/reposapies-earthlite\/","og_site_name":"TouchPro Europe Shop","article_publisher":"https:\/\/www.facebook.com\/TouchproNederland\/?locale=nl_NL%2f","article_modified_time":"2026-04-22T09:41:32+00:00","og_image":[{"width":800,"height":800,"url":"https:\/\/touchproeurope.eu\/wp-content\/uploads\/2023\/11\/Footrest_-_on_Table_-_Mystic_Blue-e1770715863734.jpg","type":"image\/jpeg"}],"twitter_card":"summary_large_image","twitter_misc":{"Disponibilidad":"Disponible"},"schema":{"@context":"https:\/\/schema.org","@graph":[{"@type":"WebPage","@id":"https:\/\/touchproeurope.eu\/product\/earthlite-voetensteun\/","url":"https:\/\/touchproeurope.eu\/product\/earthlite-voetensteun\/","name":"Earthlite Extensor de reposapi\u00e9s\/mesa - Tienda TouchPro Europe","isPartOf":{"@id":"https:\/\/touchproeurope.eu\/#website"},"primaryImageOfPage":{"@id":"https:\/\/touchproeurope.eu\/product\/earthlite-voetensteun\/#primaryimage"},"image":{"@id":"https:\/\/touchproeurope.eu\/product\/earthlite-voetensteun\/#primaryimage"},"thumbnailUrl":"https:\/\/i0.wp.com\/touchproeurope.eu\/wp-content\/uploads\/2023\/11\/Footrest_-_on_Table_-_Mystic_Blue-e1770715863734.jpg?fit=800%2C800&ssl=1","datePublished":"2023-11-09T15:58:12+00:00","dateModified":"2026-04-22T09:41:32+00:00","description":"Mejore su camilla de masaje con el reposapi\u00e9s Earthlite. Con 25 cm de longitud extra, perfecto para clientes m\u00e1s altos durante los masajes. \ud83c\udf1f","breadcrumb":{"@id":"https:\/\/touchproeurope.eu\/product\/earthlite-voetensteun\/#breadcrumb"},"inLanguage":"es","potentialAction":[{"@type":"ReadAction","target":["https:\/\/touchproeurope.eu\/product\/earthlite-voetensteun\/"]}]},{"@type":"ImageObject","inLanguage":"es","@id":"https:\/\/touchproeurope.eu\/product\/earthlite-voetensteun\/#primaryimage","url":"https:\/\/i0.wp.com\/touchproeurope.eu\/wp-content\/uploads\/2023\/11\/Footrest_-_on_Table_-_Mystic_Blue-e1770715863734.jpg?fit=800%2C800&ssl=1","contentUrl":"https:\/\/i0.wp.com\/touchproeurope.eu\/wp-content\/uploads\/2023\/11\/Footrest_-_on_Table_-_Mystic_Blue-e1770715863734.jpg?fit=800%2C800&ssl=1","width":800,"height":800,"caption":"Earthlite Voetensteun \/ Tafelverlenger"},{"@type":"BreadcrumbList","@id":"https:\/\/touchproeurope.eu\/product\/earthlite-voetensteun\/#breadcrumb","itemListElement":[{"@type":"ListItem","position":1,"name":"Home","item":"https:\/\/touchproeurope.eu\/"},{"@type":"ListItem","position":2,"name":"Winkel","item":"https:\/\/touchproeurope.eu\/winkel\/"},{"@type":"ListItem","position":3,"name":"Earthlite Voetensteun \/ Tafelverlenger"}]},{"@type":"WebSite","@id":"https:\/\/touchproeurope.eu\/#website","url":"https:\/\/touchproeurope.eu\/","name":"Tienda TouchPro Europe","description":"\u00a1Todo para su consulta con un toque PROfesional!","publisher":{"@id":"https:\/\/touchproeurope.eu\/#organization"},"alternateName":"TPE","potentialAction":[{"@type":"SearchAction","target":{"@type":"EntryPoint","urlTemplate":"https:\/\/touchproeurope.eu\/?s={search_term_string}"},"query-input":{"@type":"PropertyValueSpecification","valueRequired":true,"valueName":"search_term_string"}}],"inLanguage":"es"},{"@type":"Organization","@id":"https:\/\/touchproeurope.eu\/#organization","name":"TouchPro Europe BV","alternateName":"TPE","url":"https:\/\/touchproeurope.eu\/","logo":{"@type":"ImageObject","inLanguage":"es","@id":"https:\/\/touchproeurope.eu\/#\/schema\/logo\/image\/","url":"https:\/\/i0.wp.com\/touchproeurope.eu\/wp-content\/uploads\/2023\/10\/2b592c_b6944d80811246d987cc2c29accedf3f.png?fit=1417%2C531&ssl=1","contentUrl":"https:\/\/i0.wp.com\/touchproeurope.eu\/wp-content\/uploads\/2023\/10\/2b592c_b6944d80811246d987cc2c29accedf3f.png?fit=1417%2C531&ssl=1","width":1417,"height":531,"caption":"TouchPro Europe BV"},"image":{"@id":"https:\/\/touchproeurope.eu\/#\/schema\/logo\/image\/"},"sameAs":["https:\/\/www.facebook.com\/TouchproNederland\/?locale=nl_NL\/","https:\/\/www.instagram.com\/touchpro2016\/","https:\/\/www.linkedin.com\/company\/touchpro-europe-bv\/"],"description":"TouchPro Europe Shop es la tienda de masajes de Europa. Vendemos productos de masaje de primera calidad a masajistas, pedicuras, fisioterapeutas, manicuras, centros de bienestar, cursos de formaci\u00f3n, etc. TouchPro comenz\u00f3 como una peque\u00f1a tienda en los Pa\u00edses Bajos, pero ahora se ha convertido en una tienda con clientes de toda Europa. Ofrecemos una amplia gama de productos de masaje, incluyendo camillas de masaje, aceites, cremas y accesorios de las mejores marcas como Earthlite, Stronglite e InnerStrenght, Habys, Living Earth Crafts y Continuum y otros proveedores de accesorios de masaje. Pida aqu\u00ed los mejores art\u00edculos de masaje de Europa.","email":"info@touchpro-europe.com","telephone":"0858768829","legalName":"TouchPro Europe BV","foundingDate":"2018-01-11","vatID":"NL855430151B01","numberOfEmployees":{"@type":"QuantitativeValue","minValue":"1","maxValue":"10"},"hasMerchantReturnPolicy":{"@type":"MerchantReturnPolicy","merchantReturnLink":"https:\/\/touchproeurope.eu\/es\/retourbeleid\/"}}]},"product_brand":"Earthlite","og_availability":"instock","product_availability":"instock","product_retailer_item_id":"41100","product_condition":"new"},"_links":{"self":[{"href":"https:\/\/touchproeurope.eu\/es\/wp-json\/wp\/v2\/product\/2917","targetHints":{"allow":["GET"]}}],"collection":[{"href":"https:\/\/touchproeurope.eu\/es\/wp-json\/wp\/v2\/product"}],"about":[{"href":"https:\/\/touchproeurope.eu\/es\/wp-json\/wp\/v2\/types\/product"}],"replies":[{"embeddable":true,"href":"https:\/\/touchproeurope.eu\/es\/wp-json\/wp\/v2\/comments?post=2917"}],"version-history":[{"count":3,"href":"https:\/\/touchproeurope.eu\/es\/wp-json\/wp\/v2\/product\/2917\/revisions"}],"predecessor-version":[{"id":6461,"href":"https:\/\/touchproeurope.eu\/es\/wp-json\/wp\/v2\/product\/2917\/revisions\/6461"}],"wp:featuredmedia":[{"embeddable":true,"href":"https:\/\/touchproeurope.eu\/es\/wp-json\/wp\/v2\/media\/15914"}],"wp:attachment":[{"href":"https:\/\/touchproeurope.eu\/es\/wp-json\/wp\/v2\/media?parent=2917"}],"wp:term":[{"taxonomy":"product_brand","embeddable":true,"href":"https:\/\/touchproeurope.eu\/es\/wp-json\/wp\/v2\/product_brand?post=2917"},{"taxonomy":"product_cat","embeddable":true,"href":"https:\/\/touchproeurope.eu\/es\/wp-json\/wp\/v2\/product_cat?post=2917"},{"taxonomy":"product_tag","embeddable":true,"href":"https:\/\/touchproeurope.eu\/es\/wp-json\/wp\/v2\/product_tag?post=2917"}],"curies":[{"name":"wp","href":"https:\/\/api.w.org\/{rel}","templated":true}]}}