{"id":2924,"date":"2023-11-09T15:58:30","date_gmt":"2023-11-09T15:58:30","guid":{"rendered":"https:\/\/touchproeurope.eu\/?post_type=product&#038;p=2924"},"modified":"2026-05-01T13:52:32","modified_gmt":"2026-05-01T13:52:32","slug":"liquido-limpiador-de-instrumentos-aysun","status":"publish","type":"product","link":"https:\/\/touchproeurope.eu\/es\/product\/aysun-instrumenten-reinigingsvloeistof\/","title":{"rendered":"L\u00edquido limpiador de instrumentos Aysun"},"content":{"rendered":"<p>Mantenga la higiene de su consulta y su material con Aysun L\u00edquido Limpiador de Instrumentos, el limpiador desinfectante profesional especialmente dise\u00f1ado para limpiar camillas, sillones e instrumentos de masaje en la consulta. Este innovador producto no solo limpia, sino que tambi\u00e9n desinfecta.<\/p>\n<p>Este limpiador desinfectante no contiene alcohol, por lo que es suave con la tapicer\u00eda de sillas y mesas. Ahora puede disfrutar de una limpieza potente sin comprometer la durabilidad de sus materiales. Aysun L\u00edquido Limpiador de Instrumentos es la elecci\u00f3n \u00f3ptima para mantener la calidad de su material de consulta.<\/p>\n<p>Esta f\u00f3rmula est\u00e1 lista para su uso inmediato, lo que le ahorra un tiempo precioso y facilita el mantenimiento de un entorno higi\u00e9nico. Aysun L\u00edquido Limpiador de Instrumental es un producto limpiador y desinfectante en uno.<\/p>\n<p>Para garantizar su seguridad, tambi\u00e9n puede utilizar la funci\u00f3n <a href=\"https:\/\/touchproeurope.eu\/wp-content\/uploads\/2025\/05\/75.544_Instrumenten-reinigingsvloeistof_vs2.1_NL.pdf\">Holand\u00e9s<\/a> y <a href=\"https:\/\/touchproeurope.eu\/wp-content\/uploads\/2025\/05\/75.544_Instrumenten-reinigingsvloeistof_vs2.1_DE.pdf\">Alem\u00e1n<\/a> encontrar instrucciones de seguridad.<\/p>\n<p>Haga su pedido ahora y experimente por s\u00ed mismo la limpieza y protecci\u00f3n profesional que ofrece el l\u00edquido limpiador de Aysun Instruments. Cree un entorno de consulta que brille por su limpieza e higiene, tanto para sus clientes como para usted.<\/p>","protected":false},"excerpt":{"rendered":"<p class=\"ai-optimize-19\">Limpiador desinfectante profesional para la limpieza de camillas, sillones e instrumentos de masaje en la consulta. No contiene alcohol, por lo que es mejor para la tapicer\u00eda de sillas y mesas.<\/p>\n<p class=\"ai-optimize-20\">Tambi\u00e9n disponible en forma concentrada, en la que el producto debe diluirse en agua (1:10). V\u00e9ase el producto <a href=\"https:\/\/touchproeurope.eu\/es\/product\/aysun-wellness-micro-pure-50\/\">Micro Pure 50<\/a><\/p>","protected":false},"featured_media":15664,"comment_status":"open","ping_status":"closed","template":"","meta":[],"product_brand":[599],"product_cat":[111],"product_tag":[191,123,190],"class_list":{"0":"post-2924","1":"product","2":"type-product","3":"status-publish","4":"has-post-thumbnail","6":"product_brand-aysun","7":"product_cat-hygiene-producten","8":"product_tag-1000ml","9":"product_tag-aysun","10":"product_tag-cleaner","11":"product_shipping_class-klein-pakket","13":"first","14":"instock","15":"taxable","16":"shipping-taxable","17":"purchasable","18":"product-type-simple"},"yoast_head":"<!-- This site is optimized with the Yoast SEO Premium plugin v27.5 (Yoast SEO v27.5) - https:\/\/yoast.com\/product\/yoast-seo-premium-wordpress\/ -->\n<title>Aysun Instrumenten reinigingsvloeistof - TouchPro Europe Shop<\/title>\n<meta name=\"description\" content=\"De Aysun Instrumenten reinigingsvloeistof is de perfecte reiniging voor praktijken, massagestoelen en massagetafels effectief en zonder alcohol ontdek het nu! Bestel hem hier bij TouchPro Europe Shop\" \/>\n<meta name=\"robots\" content=\"index, follow, max-snippet:-1, max-image-preview:large, max-video-preview:-1\" \/>\n<link rel=\"canonical\" href=\"https:\/\/touchproeurope.eu\/es\/product\/liquido-limpiador-de-instrumentos-aysun\/\" \/>\n<meta property=\"og:locale\" content=\"es_ES\" \/>\n<meta property=\"og:type\" content=\"article\" \/>\n<meta property=\"og:title\" content=\"Aysun Instrumenten reinigingsvloeistof\" \/>\n<meta property=\"og:description\" content=\"De Aysun Instrumenten reinigingsvloeistof is de perfecte reiniging voor praktijken, massagestoelen en massagetafels effectief en zonder alcohol ontdek het nu! Bestel hem hier bij TouchPro Europe Shop\" \/>\n<meta property=\"og:url\" content=\"https:\/\/touchproeurope.eu\/es\/product\/liquido-limpiador-de-instrumentos-aysun\/\" \/>\n<meta property=\"og:site_name\" content=\"TouchPro Europe Shop\" \/>\n<meta property=\"article:publisher\" content=\"https:\/\/www.facebook.com\/TouchproNederland\/?locale=nl_NL%2f\" \/>\n<meta property=\"article:modified_time\" content=\"2026-05-01T13:52:32+00:00\" \/>\n<meta property=\"og:image\" content=\"https:\/\/touchproeurope.eu\/wp-content\/uploads\/2023\/11\/Product-afbeelding-1.jpg\" \/>\n\t<meta property=\"og:image:width\" content=\"800\" \/>\n\t<meta property=\"og:image:height\" content=\"800\" \/>\n\t<meta property=\"og:image:type\" content=\"image\/jpeg\" \/>\n<meta name=\"twitter:card\" content=\"summary_large_image\" \/>\n<meta name=\"twitter:label1\" content=\"Precio\" \/>\n\t<meta name=\"twitter:data1\" content=\"&euro;&nbsp;12,50 incl. BTW\" \/>\n\t<meta name=\"twitter:label2\" content=\"Disponibilidad\" \/>\n\t<meta name=\"twitter:data2\" content=\"Disponible\" \/>\n<script type=\"application\/ld+json\" class=\"yoast-schema-graph\">{\"@context\":\"https:\\\/\\\/schema.org\",\"@graph\":[{\"@type\":\"WebPage\",\"@id\":\"https:\\\/\\\/touchproeurope.eu\\\/product\\\/aysun-instrumenten-reinigingsvloeistof\\\/\",\"url\":\"https:\\\/\\\/touchproeurope.eu\\\/product\\\/aysun-instrumenten-reinigingsvloeistof\\\/\",\"name\":\"Aysun Instrumenten reinigingsvloeistof - TouchPro Europe Shop\",\"isPartOf\":{\"@id\":\"https:\\\/\\\/touchproeurope.eu\\\/#website\"},\"primaryImageOfPage\":{\"@id\":\"https:\\\/\\\/touchproeurope.eu\\\/product\\\/aysun-instrumenten-reinigingsvloeistof\\\/#primaryimage\"},\"image\":{\"@id\":\"https:\\\/\\\/touchproeurope.eu\\\/product\\\/aysun-instrumenten-reinigingsvloeistof\\\/#primaryimage\"},\"thumbnailUrl\":\"https:\\\/\\\/i0.wp.com\\\/touchproeurope.eu\\\/wp-content\\\/uploads\\\/2023\\\/11\\\/Product-afbeelding-1.jpg?fit=800%2C800&ssl=1\",\"datePublished\":\"2023-11-09T15:58:30+00:00\",\"dateModified\":\"2026-05-01T13:52:32+00:00\",\"description\":\"De Aysun Instrumenten reinigingsvloeistof is de perfecte reiniging voor praktijken, massagestoelen en massagetafels effectief en zonder alcohol ontdek het nu! Bestel hem hier bij TouchPro Europe Shop\",\"breadcrumb\":{\"@id\":\"https:\\\/\\\/touchproeurope.eu\\\/product\\\/aysun-instrumenten-reinigingsvloeistof\\\/#breadcrumb\"},\"inLanguage\":\"es\",\"potentialAction\":[{\"@type\":\"ReadAction\",\"target\":[\"https:\\\/\\\/touchproeurope.eu\\\/product\\\/aysun-instrumenten-reinigingsvloeistof\\\/\"]}]},{\"@type\":\"ImageObject\",\"inLanguage\":\"es\",\"@id\":\"https:\\\/\\\/touchproeurope.eu\\\/product\\\/aysun-instrumenten-reinigingsvloeistof\\\/#primaryimage\",\"url\":\"https:\\\/\\\/i0.wp.com\\\/touchproeurope.eu\\\/wp-content\\\/uploads\\\/2023\\\/11\\\/Product-afbeelding-1.jpg?fit=800%2C800&ssl=1\",\"contentUrl\":\"https:\\\/\\\/i0.wp.com\\\/touchproeurope.eu\\\/wp-content\\\/uploads\\\/2023\\\/11\\\/Product-afbeelding-1.jpg?fit=800%2C800&ssl=1\",\"width\":800,\"height\":800,\"caption\":\"Instrumenten reinigingsvloeistof\"},{\"@type\":\"BreadcrumbList\",\"@id\":\"https:\\\/\\\/touchproeurope.eu\\\/product\\\/aysun-instrumenten-reinigingsvloeistof\\\/#breadcrumb\",\"itemListElement\":[{\"@type\":\"ListItem\",\"position\":1,\"name\":\"Home\",\"item\":\"https:\\\/\\\/touchproeurope.eu\\\/\"},{\"@type\":\"ListItem\",\"position\":2,\"name\":\"Winkel\",\"item\":\"https:\\\/\\\/touchproeurope.eu\\\/winkel\\\/\"},{\"@type\":\"ListItem\",\"position\":3,\"name\":\"Aysun Instrumenten reinigingsvloeistof\"}]},{\"@type\":\"WebSite\",\"@id\":\"https:\\\/\\\/touchproeurope.eu\\\/#website\",\"url\":\"https:\\\/\\\/touchproeurope.eu\\\/\",\"name\":\"TouchPro Europe Shop\",\"description\":\"Alles voor jouw praktijk met een PROfessionele Touch!\",\"publisher\":{\"@id\":\"https:\\\/\\\/touchproeurope.eu\\\/#organization\"},\"alternateName\":\"TPE\",\"potentialAction\":[{\"@type\":\"SearchAction\",\"target\":{\"@type\":\"EntryPoint\",\"urlTemplate\":\"https:\\\/\\\/touchproeurope.eu\\\/?s={search_term_string}\"},\"query-input\":{\"@type\":\"PropertyValueSpecification\",\"valueRequired\":true,\"valueName\":\"search_term_string\"}}],\"inLanguage\":\"es\"},{\"@type\":\"Organization\",\"@id\":\"https:\\\/\\\/touchproeurope.eu\\\/#organization\",\"name\":\"TouchPro Europe BV\",\"alternateName\":\"TPE\",\"url\":\"https:\\\/\\\/touchproeurope.eu\\\/\",\"logo\":{\"@type\":\"ImageObject\",\"inLanguage\":\"es\",\"@id\":\"https:\\\/\\\/touchproeurope.eu\\\/#\\\/schema\\\/logo\\\/image\\\/\",\"url\":\"https:\\\/\\\/i0.wp.com\\\/touchproeurope.eu\\\/wp-content\\\/uploads\\\/2023\\\/10\\\/2b592c_b6944d80811246d987cc2c29accedf3f.png?fit=1417%2C531&ssl=1\",\"contentUrl\":\"https:\\\/\\\/i0.wp.com\\\/touchproeurope.eu\\\/wp-content\\\/uploads\\\/2023\\\/10\\\/2b592c_b6944d80811246d987cc2c29accedf3f.png?fit=1417%2C531&ssl=1\",\"width\":1417,\"height\":531,\"caption\":\"TouchPro Europe BV\"},\"image\":{\"@id\":\"https:\\\/\\\/touchproeurope.eu\\\/#\\\/schema\\\/logo\\\/image\\\/\"},\"sameAs\":[\"https:\\\/\\\/www.facebook.com\\\/TouchproNederland\\\/?locale=nl_NL\\\/\",\"https:\\\/\\\/www.instagram.com\\\/touchpro2016\\\/\",\"https:\\\/\\\/www.linkedin.com\\\/company\\\/touchpro-europe-bv\\\/\"],\"description\":\"TouchPro Europe Shop is de massage winkel van Europa. Wij verkopen topkwaliteit massageproducten aan masseurs, pedicures, fysiotherapeuten, manicuren, Wellness centra, opleidingen, etc. TouchPro begon als een kleine webshop in Nederland, maar is nu uitgegroeid tot een webshop met klanten uit heel Europa. Wij bieden een breed assortiment aan massageproducten, waaronder massagetafels, oli\u00ebn, cr\u00e8mes, en accessoires van topmerken, zoals Earthlite, Stronglite en InnerStrenght, Habys, Living Earth Crafts en Continuum en andere leveranciers van massage accessoires. Bestel hier de beste massagematerialen van Europa!\",\"email\":\"info@touchpro-europe.com\",\"telephone\":\"0858768829\",\"legalName\":\"TouchPro Europe BV\",\"foundingDate\":\"2018-01-11\",\"vatID\":\"NL855430151B01\",\"numberOfEmployees\":{\"@type\":\"QuantitativeValue\",\"minValue\":\"1\",\"maxValue\":\"10\"},\"hasMerchantReturnPolicy\":{\"@type\":\"MerchantReturnPolicy\",\"merchantReturnLink\":\"https:\\\/\\\/touchproeurope.eu\\\/es\\\/retourbeleid\\\/\"}}]}<\/script>\n<meta property=\"product:price:amount\" content=\"12.50\" \/>\n<meta property=\"product:price:currency\" content=\"EUR\" \/>\n<meta property=\"og:availability\" content=\"instock\" \/>\n<meta property=\"product:availability\" content=\"instock\" \/>\n<meta property=\"product:retailer_item_id\" content=\"50014\" \/>\n<meta property=\"product:condition\" content=\"new\" \/>\n<!-- \/ Yoast SEO Premium plugin. -->","yoast_head_json":{"title":"L\u00edquido limpiador de instrumentos Aysun - Tienda TouchPro Europe","description":"Aysun L\u00edquido Limpiador de Instrumentos es la limpieza perfecta para consultas, sillones y camillas de masaje de forma eficaz y sin alcohol \u00a1desc\u00fabralo ahora! P\u00eddalo aqu\u00ed en la tienda TouchPro Europe","robots":{"index":"index","follow":"follow","max-snippet":"max-snippet:-1","max-image-preview":"max-image-preview:large","max-video-preview":"max-video-preview:-1"},"canonical":"https:\/\/touchproeurope.eu\/es\/product\/liquido-limpiador-de-instrumentos-aysun\/","og_locale":"es_ES","og_type":"article","og_title":"Aysun Instrumenten reinigingsvloeistof","og_description":"De Aysun Instrumenten reinigingsvloeistof is de perfecte reiniging voor praktijken, massagestoelen en massagetafels effectief en zonder alcohol ontdek het nu! Bestel hem hier bij TouchPro Europe Shop","og_url":"https:\/\/touchproeurope.eu\/es\/product\/liquido-limpiador-de-instrumentos-aysun\/","og_site_name":"TouchPro Europe Shop","article_publisher":"https:\/\/www.facebook.com\/TouchproNederland\/?locale=nl_NL%2f","article_modified_time":"2026-05-01T13:52:32+00:00","og_image":[{"width":800,"height":800,"url":"https:\/\/touchproeurope.eu\/wp-content\/uploads\/2023\/11\/Product-afbeelding-1.jpg","type":"image\/jpeg"}],"twitter_card":"summary_large_image","twitter_misc":{"Precio":"&euro;&nbsp;12,50 incl. BTW","Disponibilidad":"Disponible"},"schema":{"@context":"https:\/\/schema.org","@graph":[{"@type":"WebPage","@id":"https:\/\/touchproeurope.eu\/product\/aysun-instrumenten-reinigingsvloeistof\/","url":"https:\/\/touchproeurope.eu\/product\/aysun-instrumenten-reinigingsvloeistof\/","name":"L\u00edquido limpiador de instrumentos Aysun - Tienda TouchPro Europe","isPartOf":{"@id":"https:\/\/touchproeurope.eu\/#website"},"primaryImageOfPage":{"@id":"https:\/\/touchproeurope.eu\/product\/aysun-instrumenten-reinigingsvloeistof\/#primaryimage"},"image":{"@id":"https:\/\/touchproeurope.eu\/product\/aysun-instrumenten-reinigingsvloeistof\/#primaryimage"},"thumbnailUrl":"https:\/\/i0.wp.com\/touchproeurope.eu\/wp-content\/uploads\/2023\/11\/Product-afbeelding-1.jpg?fit=800%2C800&ssl=1","datePublished":"2023-11-09T15:58:30+00:00","dateModified":"2026-05-01T13:52:32+00:00","description":"Aysun L\u00edquido Limpiador de Instrumentos es la limpieza perfecta para consultas, sillones y camillas de masaje de forma eficaz y sin alcohol \u00a1desc\u00fabralo ahora! P\u00eddalo aqu\u00ed en la tienda TouchPro Europe","breadcrumb":{"@id":"https:\/\/touchproeurope.eu\/product\/aysun-instrumenten-reinigingsvloeistof\/#breadcrumb"},"inLanguage":"es","potentialAction":[{"@type":"ReadAction","target":["https:\/\/touchproeurope.eu\/product\/aysun-instrumenten-reinigingsvloeistof\/"]}]},{"@type":"ImageObject","inLanguage":"es","@id":"https:\/\/touchproeurope.eu\/product\/aysun-instrumenten-reinigingsvloeistof\/#primaryimage","url":"https:\/\/i0.wp.com\/touchproeurope.eu\/wp-content\/uploads\/2023\/11\/Product-afbeelding-1.jpg?fit=800%2C800&ssl=1","contentUrl":"https:\/\/i0.wp.com\/touchproeurope.eu\/wp-content\/uploads\/2023\/11\/Product-afbeelding-1.jpg?fit=800%2C800&ssl=1","width":800,"height":800,"caption":"Instrumenten reinigingsvloeistof"},{"@type":"BreadcrumbList","@id":"https:\/\/touchproeurope.eu\/product\/aysun-instrumenten-reinigingsvloeistof\/#breadcrumb","itemListElement":[{"@type":"ListItem","position":1,"name":"Home","item":"https:\/\/touchproeurope.eu\/"},{"@type":"ListItem","position":2,"name":"Winkel","item":"https:\/\/touchproeurope.eu\/winkel\/"},{"@type":"ListItem","position":3,"name":"Aysun Instrumenten reinigingsvloeistof"}]},{"@type":"WebSite","@id":"https:\/\/touchproeurope.eu\/#website","url":"https:\/\/touchproeurope.eu\/","name":"Tienda TouchPro Europe","description":"\u00a1Todo para su consulta con un toque PROfesional!","publisher":{"@id":"https:\/\/touchproeurope.eu\/#organization"},"alternateName":"TPE","potentialAction":[{"@type":"SearchAction","target":{"@type":"EntryPoint","urlTemplate":"https:\/\/touchproeurope.eu\/?s={search_term_string}"},"query-input":{"@type":"PropertyValueSpecification","valueRequired":true,"valueName":"search_term_string"}}],"inLanguage":"es"},{"@type":"Organization","@id":"https:\/\/touchproeurope.eu\/#organization","name":"TouchPro Europe BV","alternateName":"TPE","url":"https:\/\/touchproeurope.eu\/","logo":{"@type":"ImageObject","inLanguage":"es","@id":"https:\/\/touchproeurope.eu\/#\/schema\/logo\/image\/","url":"https:\/\/i0.wp.com\/touchproeurope.eu\/wp-content\/uploads\/2023\/10\/2b592c_b6944d80811246d987cc2c29accedf3f.png?fit=1417%2C531&ssl=1","contentUrl":"https:\/\/i0.wp.com\/touchproeurope.eu\/wp-content\/uploads\/2023\/10\/2b592c_b6944d80811246d987cc2c29accedf3f.png?fit=1417%2C531&ssl=1","width":1417,"height":531,"caption":"TouchPro Europe BV"},"image":{"@id":"https:\/\/touchproeurope.eu\/#\/schema\/logo\/image\/"},"sameAs":["https:\/\/www.facebook.com\/TouchproNederland\/?locale=nl_NL\/","https:\/\/www.instagram.com\/touchpro2016\/","https:\/\/www.linkedin.com\/company\/touchpro-europe-bv\/"],"description":"TouchPro Europe Shop es la tienda de masajes de Europa. Vendemos productos de masaje de primera calidad a masajistas, pedicuras, fisioterapeutas, manicuras, centros de bienestar, cursos de formaci\u00f3n, etc. TouchPro comenz\u00f3 como una peque\u00f1a tienda en los Pa\u00edses Bajos, pero ahora se ha convertido en una tienda con clientes de toda Europa. Ofrecemos una amplia gama de productos de masaje, incluyendo camillas de masaje, aceites, cremas y accesorios de las mejores marcas como Earthlite, Stronglite e InnerStrenght, Habys, Living Earth Crafts y Continuum y otros proveedores de accesorios de masaje. Pida aqu\u00ed los mejores art\u00edculos de masaje de Europa.","email":"info@touchpro-europe.com","telephone":"0858768829","legalName":"TouchPro Europe BV","foundingDate":"2018-01-11","vatID":"NL855430151B01","numberOfEmployees":{"@type":"QuantitativeValue","minValue":"1","maxValue":"10"},"hasMerchantReturnPolicy":{"@type":"MerchantReturnPolicy","merchantReturnLink":"https:\/\/touchproeurope.eu\/es\/retourbeleid\/"}}]},"product_price_amount":"12.50","product_price_currency":"EUR","og_availability":"instock","product_availability":"instock","product_retailer_item_id":"50014","product_condition":"new"},"_links":{"self":[{"href":"https:\/\/touchproeurope.eu\/es\/wp-json\/wp\/v2\/product\/2924","targetHints":{"allow":["GET"]}}],"collection":[{"href":"https:\/\/touchproeurope.eu\/es\/wp-json\/wp\/v2\/product"}],"about":[{"href":"https:\/\/touchproeurope.eu\/es\/wp-json\/wp\/v2\/types\/product"}],"replies":[{"embeddable":true,"href":"https:\/\/touchproeurope.eu\/es\/wp-json\/wp\/v2\/comments?post=2924"}],"version-history":[{"count":8,"href":"https:\/\/touchproeurope.eu\/es\/wp-json\/wp\/v2\/product\/2924\/revisions"}],"predecessor-version":[{"id":15666,"href":"https:\/\/touchproeurope.eu\/es\/wp-json\/wp\/v2\/product\/2924\/revisions\/15666"}],"wp:featuredmedia":[{"embeddable":true,"href":"https:\/\/touchproeurope.eu\/es\/wp-json\/wp\/v2\/media\/15664"}],"wp:attachment":[{"href":"https:\/\/touchproeurope.eu\/es\/wp-json\/wp\/v2\/media?parent=2924"}],"wp:term":[{"taxonomy":"product_brand","embeddable":true,"href":"https:\/\/touchproeurope.eu\/es\/wp-json\/wp\/v2\/product_brand?post=2924"},{"taxonomy":"product_cat","embeddable":true,"href":"https:\/\/touchproeurope.eu\/es\/wp-json\/wp\/v2\/product_cat?post=2924"},{"taxonomy":"product_tag","embeddable":true,"href":"https:\/\/touchproeurope.eu\/es\/wp-json\/wp\/v2\/product_tag?post=2924"}],"curies":[{"name":"wp","href":"https:\/\/api.w.org\/{rel}","templated":true}]}}