{"id":2936,"date":"2023-11-09T15:59:04","date_gmt":"2023-11-09T15:59:04","guid":{"rendered":"https:\/\/touchproeurope.eu\/?post_type=product&#038;p=2936"},"modified":"2026-03-24T19:20:37","modified_gmt":"2026-03-24T19:20:37","slug":"sillon-de-masaje-earthlite-avila-ii","status":"publish","type":"product","link":"https:\/\/touchproeurope.eu\/es\/product\/earthlite-avila-ii-massagestoel\/","title":{"rendered":"Sill\u00f3n de Masaje Earthlite Avila II"},"content":{"rendered":"<p>Experimente el m\u00e1ximo lujo con el sill\u00f3n de masaje Earthlite Avila II. Este sill\u00f3n de masaje no s\u00f3lo irradia elegancia, sino que tambi\u00e9n est\u00e1 dise\u00f1ado para ofrecer una comodidad incomparable, tanto para el masajista como para el cliente. Con su infinita ajustabilidad y dise\u00f1o ergon\u00f3mico, el Avila II ofrece la mezcla perfecta de estilo y funcionalidad.<\/p>\n<p>El paquete incluye el sill\u00f3n de masaje Avila II, un malet\u00edn con ruedas para transportarlo sin esfuerzo, un reposacabezas ajustable de lujo con almohada est\u00e1ndar y un DVD informativo con especificaciones del producto e instrucciones de uso. Por todo ello, este sill\u00f3n es la mejor elecci\u00f3n para quienes buscan movilidad de alta calidad y facilidad de uso.<\/p>\n<p>Dise\u00f1ada teniendo en cuenta una distribuci\u00f3n \u00f3ptima del peso, la Earthlite Avila II ofrece una experiencia que supera las expectativas. Gracias a la almohadilla adicional para el estern\u00f3n y a las almohadillas Soft Support extra\u00edbles, experimentar\u00e1 un confort adicional en cada masaje.<\/p>\n<p>Con un peso de 11,5 kg y un impresionante peso \u00fatil de 158 kg, esta silla no s\u00f3lo es ligera, sino tambi\u00e9n extremadamente potente. La ficha de venta oficial de la Avila II confirma la alta calidad y artesan\u00eda de este producto.<\/p>\n<p>Transforme su pr\u00e1ctica de masaje con el Sill\u00f3n de Masaje Earthlite Avila II. P\u00eddalo ahora y disfrute de una experiencia de masaje sin igual en cualquier lugar. Elija el lujo, elija la comodidad - elija el sill\u00f3n de masaje Avila II. Deje que este sill\u00f3n gu\u00ede su viaje hacia la relajaci\u00f3n total.<\/p>","protected":false},"excerpt":{"rendered":"<p><strong>El Earthlite Avila II:<\/strong> Este sill\u00f3n de masaje tiene un aspecto lujoso y es infinitamente ajustable y ergon\u00f3micamente dise\u00f1ado para la m\u00e1xima comodidad para el masajista y el cliente, tambi\u00e9n esta silla de masaje est\u00e1 dise\u00f1ado para una distribuci\u00f3n \u00f3ptima del peso. Con el carrito que lo acompa\u00f1a, el sill\u00f3n es muy f\u00e1cil de mover.<\/p>\n<p>El paquete consta de:<\/p>\n<ul>\n<li>El sill\u00f3n de masaje Avila II.<\/li>\n<li>Maleta de transporte con ruedas.<\/li>\n<li>Reposacabezas ajustable de lujo con almohada est\u00e1ndar.<\/li>\n<li>DVD con especificaciones del producto e instrucciones de uso.<\/li>\n<\/ul>\n<p>Caracter\u00edsticas:<\/p>\n<ul>\n<li>Equipado con almohadilla extra para el estern\u00f3n.<\/li>\n<li>Peso: 11,5 kg.<\/li>\n<li>peso de trabajo: 158 kg.<\/li>\n<li>Cojines extra\u00edbles Soft Support.<\/li>\n<li>Hoja de venta oficial: <a href=\"https:\/\/www.earthlite.com\/media\/wysiwyg\/SalesSheets\/2023-Reupload\/Avila_II_Chair_1-300-0066_-_Rev_092920.pdf\">\u00c1vila II<\/a><\/li>\n<\/ul>","protected":false},"featured_media":3845,"comment_status":"open","ping_status":"closed","template":"","meta":[],"product_brand":[343],"product_cat":[98],"product_tag":[142,85,19],"class_list":{"0":"post-2936","1":"product","2":"type-product","3":"status-publish","4":"has-post-thumbnail","6":"product_brand-earthlite","7":"product_cat-massagestoelen","8":"product_tag-avila","9":"product_tag-earthlite","10":"product_tag-massagestoel","11":"product_shipping_class-middel-pakket","12":"pa_kleur-blauw","13":"pa_kleur-bordeaux","14":"pa_kleur-vanille-creme","15":"pa_kleur-zwart","16":"pa_merk-earthlite","18":"first","19":"instock","20":"taxable","21":"shipping-taxable","22":"purchasable","23":"product-type-variable"},"yoast_head":"<!-- This site is optimized with the Yoast SEO Premium plugin v27.4 (Yoast SEO v27.4) - https:\/\/yoast.com\/product\/yoast-seo-premium-wordpress\/ -->\n<title>Earthlite Avila II Massagestoel - TouchPro Europe Shop<\/title>\n<meta name=\"description\" content=\"Ervaar de ultieme luxe met de Earthlite Avila II massagestoel. Deze massagestoel is ontworpen voor onge\u00ebvenaard comfort voor zowel masseur als klant\" \/>\n<meta name=\"robots\" content=\"index, follow, max-snippet:-1, max-image-preview:large, max-video-preview:-1\" \/>\n<link rel=\"canonical\" href=\"https:\/\/touchproeurope.eu\/es\/product\/sillon-de-masaje-earthlite-avila-ii\/\" \/>\n<meta property=\"og:locale\" content=\"es_ES\" \/>\n<meta property=\"og:type\" content=\"article\" \/>\n<meta property=\"og:title\" content=\"Earthlite Avila II Massagestoel\" \/>\n<meta property=\"og:description\" content=\"Ervaar de ultieme luxe met de Earthlite Avila II massagestoel. Deze massagestoel is ontworpen voor onge\u00ebvenaard comfort voor zowel masseur als klant\" \/>\n<meta property=\"og:url\" content=\"https:\/\/touchproeurope.eu\/es\/product\/sillon-de-masaje-earthlite-avila-ii\/\" \/>\n<meta property=\"og:site_name\" content=\"TouchPro Europe Shop\" \/>\n<meta property=\"article:publisher\" content=\"https:\/\/www.facebook.com\/TouchproNederland\/?locale=nl_NL%2f\" \/>\n<meta property=\"article:modified_time\" content=\"2026-03-24T19:20:37+00:00\" \/>\n<meta property=\"og:image\" content=\"https:\/\/touchproeurope.eu\/wp-content\/uploads\/2023\/11\/Earthlite-Avila-II-Massagestoel-Zwart.webp\" \/>\n\t<meta property=\"og:image:width\" content=\"1200\" \/>\n\t<meta property=\"og:image:height\" content=\"1200\" \/>\n\t<meta property=\"og:image:type\" content=\"image\/webp\" \/>\n<meta name=\"twitter:card\" content=\"summary_large_image\" \/>\n<meta name=\"twitter:label1\" content=\"Disponibilidad\" \/>\n\t<meta name=\"twitter:data1\" content=\"Disponible\" \/>\n<script type=\"application\/ld+json\" class=\"yoast-schema-graph\">{\"@context\":\"https:\\\/\\\/schema.org\",\"@graph\":[{\"@type\":\"WebPage\",\"@id\":\"https:\\\/\\\/touchproeurope.eu\\\/product\\\/earthlite-avila-ii-massagestoel\\\/\",\"url\":\"https:\\\/\\\/touchproeurope.eu\\\/product\\\/earthlite-avila-ii-massagestoel\\\/\",\"name\":\"Earthlite Avila II Massagestoel - TouchPro Europe Shop\",\"isPartOf\":{\"@id\":\"https:\\\/\\\/touchproeurope.eu\\\/#website\"},\"primaryImageOfPage\":{\"@id\":\"https:\\\/\\\/touchproeurope.eu\\\/product\\\/earthlite-avila-ii-massagestoel\\\/#primaryimage\"},\"image\":{\"@id\":\"https:\\\/\\\/touchproeurope.eu\\\/product\\\/earthlite-avila-ii-massagestoel\\\/#primaryimage\"},\"thumbnailUrl\":\"https:\\\/\\\/i0.wp.com\\\/touchproeurope.eu\\\/wp-content\\\/uploads\\\/2023\\\/11\\\/Earthlite-Avila-II-Massagestoel-Zwart.webp?fit=1200%2C1200&ssl=1\",\"datePublished\":\"2023-11-09T15:59:04+00:00\",\"dateModified\":\"2026-03-24T19:20:37+00:00\",\"description\":\"Ervaar de ultieme luxe met de Earthlite Avila II massagestoel. Deze massagestoel is ontworpen voor onge\u00ebvenaard comfort voor zowel masseur als klant\",\"breadcrumb\":{\"@id\":\"https:\\\/\\\/touchproeurope.eu\\\/product\\\/earthlite-avila-ii-massagestoel\\\/#breadcrumb\"},\"inLanguage\":\"es\",\"potentialAction\":[{\"@type\":\"ReadAction\",\"target\":[\"https:\\\/\\\/touchproeurope.eu\\\/product\\\/earthlite-avila-ii-massagestoel\\\/\"]}]},{\"@type\":\"ImageObject\",\"inLanguage\":\"es\",\"@id\":\"https:\\\/\\\/touchproeurope.eu\\\/product\\\/earthlite-avila-ii-massagestoel\\\/#primaryimage\",\"url\":\"https:\\\/\\\/i0.wp.com\\\/touchproeurope.eu\\\/wp-content\\\/uploads\\\/2023\\\/11\\\/Earthlite-Avila-II-Massagestoel-Zwart.webp?fit=1200%2C1200&ssl=1\",\"contentUrl\":\"https:\\\/\\\/i0.wp.com\\\/touchproeurope.eu\\\/wp-content\\\/uploads\\\/2023\\\/11\\\/Earthlite-Avila-II-Massagestoel-Zwart.webp?fit=1200%2C1200&ssl=1\",\"width\":1200,\"height\":1200,\"caption\":\"Earthlite Avila II Massagestoel Zwart\"},{\"@type\":\"BreadcrumbList\",\"@id\":\"https:\\\/\\\/touchproeurope.eu\\\/product\\\/earthlite-avila-ii-massagestoel\\\/#breadcrumb\",\"itemListElement\":[{\"@type\":\"ListItem\",\"position\":1,\"name\":\"Home\",\"item\":\"https:\\\/\\\/touchproeurope.eu\\\/\"},{\"@type\":\"ListItem\",\"position\":2,\"name\":\"Winkel\",\"item\":\"https:\\\/\\\/touchproeurope.eu\\\/winkel\\\/\"},{\"@type\":\"ListItem\",\"position\":3,\"name\":\"Earthlite Avila II Massagestoel\"}]},{\"@type\":\"WebSite\",\"@id\":\"https:\\\/\\\/touchproeurope.eu\\\/#website\",\"url\":\"https:\\\/\\\/touchproeurope.eu\\\/\",\"name\":\"TouchPro Europe Shop\",\"description\":\"Alles voor jouw praktijk met een PROfessionele Touch!\",\"publisher\":{\"@id\":\"https:\\\/\\\/touchproeurope.eu\\\/#organization\"},\"alternateName\":\"TPE\",\"potentialAction\":[{\"@type\":\"SearchAction\",\"target\":{\"@type\":\"EntryPoint\",\"urlTemplate\":\"https:\\\/\\\/touchproeurope.eu\\\/?s={search_term_string}\"},\"query-input\":{\"@type\":\"PropertyValueSpecification\",\"valueRequired\":true,\"valueName\":\"search_term_string\"}}],\"inLanguage\":\"es\"},{\"@type\":\"Organization\",\"@id\":\"https:\\\/\\\/touchproeurope.eu\\\/#organization\",\"name\":\"TouchPro Europe BV\",\"alternateName\":\"TPE\",\"url\":\"https:\\\/\\\/touchproeurope.eu\\\/\",\"logo\":{\"@type\":\"ImageObject\",\"inLanguage\":\"es\",\"@id\":\"https:\\\/\\\/touchproeurope.eu\\\/#\\\/schema\\\/logo\\\/image\\\/\",\"url\":\"https:\\\/\\\/i0.wp.com\\\/touchproeurope.eu\\\/wp-content\\\/uploads\\\/2023\\\/10\\\/2b592c_b6944d80811246d987cc2c29accedf3f.png?fit=1417%2C531&ssl=1\",\"contentUrl\":\"https:\\\/\\\/i0.wp.com\\\/touchproeurope.eu\\\/wp-content\\\/uploads\\\/2023\\\/10\\\/2b592c_b6944d80811246d987cc2c29accedf3f.png?fit=1417%2C531&ssl=1\",\"width\":1417,\"height\":531,\"caption\":\"TouchPro Europe BV\"},\"image\":{\"@id\":\"https:\\\/\\\/touchproeurope.eu\\\/#\\\/schema\\\/logo\\\/image\\\/\"},\"sameAs\":[\"https:\\\/\\\/www.facebook.com\\\/TouchproNederland\\\/?locale=nl_NL\\\/\",\"https:\\\/\\\/www.instagram.com\\\/touchpro2016\\\/\",\"https:\\\/\\\/www.linkedin.com\\\/company\\\/touchpro-europe-bv\\\/\"],\"description\":\"TouchPro Europe Shop is de massage winkel van Europa. Wij verkopen topkwaliteit massageproducten aan masseurs, pedicures, fysiotherapeuten, manicuren, Wellness centra, opleidingen, etc. TouchPro begon als een kleine webshop in Nederland, maar is nu uitgegroeid tot een webshop met klanten uit heel Europa. Wij bieden een breed assortiment aan massageproducten, waaronder massagetafels, oli\u00ebn, cr\u00e8mes, en accessoires van topmerken, zoals Earthlite, Stronglite en InnerStrenght, Habys, Living Earth Crafts en Continuum en andere leveranciers van massage accessoires. Bestel hier de beste massagematerialen van Europa!\",\"email\":\"info@touchpro-europe.com\",\"telephone\":\"0858768829\",\"legalName\":\"TouchPro Europe BV\",\"foundingDate\":\"2018-01-11\",\"vatID\":\"NL855430151B01\",\"numberOfEmployees\":{\"@type\":\"QuantitativeValue\",\"minValue\":\"1\",\"maxValue\":\"10\"},\"hasMerchantReturnPolicy\":{\"@type\":\"MerchantReturnPolicy\",\"merchantReturnLink\":\"https:\\\/\\\/touchproeurope.eu\\\/es\\\/retourbeleid\\\/\"}}]}<\/script>\n<meta property=\"product:brand\" content=\"Earthlite\" \/>\n<meta property=\"og:availability\" content=\"instock\" \/>\n<meta property=\"product:availability\" content=\"instock\" \/>\n<meta property=\"product:retailer_item_id\" content=\"10600\" \/>\n<meta property=\"product:condition\" content=\"new\" \/>\n<!-- \/ Yoast SEO Premium plugin. -->","yoast_head_json":{"title":"Sill\u00f3n de masaje Earthlite Avila II - Tienda TouchPro Europe","description":"Experimente el m\u00e1ximo lujo con el sill\u00f3n de masaje Earthlite Avila II. Este sill\u00f3n de masaje est\u00e1 dise\u00f1ado para un confort incomparable tanto para el masajista como para el cliente.","robots":{"index":"index","follow":"follow","max-snippet":"max-snippet:-1","max-image-preview":"max-image-preview:large","max-video-preview":"max-video-preview:-1"},"canonical":"https:\/\/touchproeurope.eu\/es\/product\/sillon-de-masaje-earthlite-avila-ii\/","og_locale":"es_ES","og_type":"article","og_title":"Earthlite Avila II Massagestoel","og_description":"Ervaar de ultieme luxe met de Earthlite Avila II massagestoel. Deze massagestoel is ontworpen voor onge\u00ebvenaard comfort voor zowel masseur als klant","og_url":"https:\/\/touchproeurope.eu\/es\/product\/sillon-de-masaje-earthlite-avila-ii\/","og_site_name":"TouchPro Europe Shop","article_publisher":"https:\/\/www.facebook.com\/TouchproNederland\/?locale=nl_NL%2f","article_modified_time":"2026-03-24T19:20:37+00:00","og_image":[{"width":1200,"height":1200,"url":"https:\/\/touchproeurope.eu\/wp-content\/uploads\/2023\/11\/Earthlite-Avila-II-Massagestoel-Zwart.webp","type":"image\/webp"}],"twitter_card":"summary_large_image","twitter_misc":{"Disponibilidad":"Disponible"},"schema":{"@context":"https:\/\/schema.org","@graph":[{"@type":"WebPage","@id":"https:\/\/touchproeurope.eu\/product\/earthlite-avila-ii-massagestoel\/","url":"https:\/\/touchproeurope.eu\/product\/earthlite-avila-ii-massagestoel\/","name":"Sill\u00f3n de masaje Earthlite Avila II - Tienda TouchPro Europe","isPartOf":{"@id":"https:\/\/touchproeurope.eu\/#website"},"primaryImageOfPage":{"@id":"https:\/\/touchproeurope.eu\/product\/earthlite-avila-ii-massagestoel\/#primaryimage"},"image":{"@id":"https:\/\/touchproeurope.eu\/product\/earthlite-avila-ii-massagestoel\/#primaryimage"},"thumbnailUrl":"https:\/\/i0.wp.com\/touchproeurope.eu\/wp-content\/uploads\/2023\/11\/Earthlite-Avila-II-Massagestoel-Zwart.webp?fit=1200%2C1200&ssl=1","datePublished":"2023-11-09T15:59:04+00:00","dateModified":"2026-03-24T19:20:37+00:00","description":"Experimente el m\u00e1ximo lujo con el sill\u00f3n de masaje Earthlite Avila II. Este sill\u00f3n de masaje est\u00e1 dise\u00f1ado para un confort incomparable tanto para el masajista como para el cliente.","breadcrumb":{"@id":"https:\/\/touchproeurope.eu\/product\/earthlite-avila-ii-massagestoel\/#breadcrumb"},"inLanguage":"es","potentialAction":[{"@type":"ReadAction","target":["https:\/\/touchproeurope.eu\/product\/earthlite-avila-ii-massagestoel\/"]}]},{"@type":"ImageObject","inLanguage":"es","@id":"https:\/\/touchproeurope.eu\/product\/earthlite-avila-ii-massagestoel\/#primaryimage","url":"https:\/\/i0.wp.com\/touchproeurope.eu\/wp-content\/uploads\/2023\/11\/Earthlite-Avila-II-Massagestoel-Zwart.webp?fit=1200%2C1200&ssl=1","contentUrl":"https:\/\/i0.wp.com\/touchproeurope.eu\/wp-content\/uploads\/2023\/11\/Earthlite-Avila-II-Massagestoel-Zwart.webp?fit=1200%2C1200&ssl=1","width":1200,"height":1200,"caption":"Earthlite Avila II Massagestoel Zwart"},{"@type":"BreadcrumbList","@id":"https:\/\/touchproeurope.eu\/product\/earthlite-avila-ii-massagestoel\/#breadcrumb","itemListElement":[{"@type":"ListItem","position":1,"name":"Home","item":"https:\/\/touchproeurope.eu\/"},{"@type":"ListItem","position":2,"name":"Winkel","item":"https:\/\/touchproeurope.eu\/winkel\/"},{"@type":"ListItem","position":3,"name":"Earthlite Avila II Massagestoel"}]},{"@type":"WebSite","@id":"https:\/\/touchproeurope.eu\/#website","url":"https:\/\/touchproeurope.eu\/","name":"Tienda TouchPro Europe","description":"\u00a1Todo para su consulta con un toque PROfesional!","publisher":{"@id":"https:\/\/touchproeurope.eu\/#organization"},"alternateName":"TPE","potentialAction":[{"@type":"SearchAction","target":{"@type":"EntryPoint","urlTemplate":"https:\/\/touchproeurope.eu\/?s={search_term_string}"},"query-input":{"@type":"PropertyValueSpecification","valueRequired":true,"valueName":"search_term_string"}}],"inLanguage":"es"},{"@type":"Organization","@id":"https:\/\/touchproeurope.eu\/#organization","name":"TouchPro Europe BV","alternateName":"TPE","url":"https:\/\/touchproeurope.eu\/","logo":{"@type":"ImageObject","inLanguage":"es","@id":"https:\/\/touchproeurope.eu\/#\/schema\/logo\/image\/","url":"https:\/\/i0.wp.com\/touchproeurope.eu\/wp-content\/uploads\/2023\/10\/2b592c_b6944d80811246d987cc2c29accedf3f.png?fit=1417%2C531&ssl=1","contentUrl":"https:\/\/i0.wp.com\/touchproeurope.eu\/wp-content\/uploads\/2023\/10\/2b592c_b6944d80811246d987cc2c29accedf3f.png?fit=1417%2C531&ssl=1","width":1417,"height":531,"caption":"TouchPro Europe BV"},"image":{"@id":"https:\/\/touchproeurope.eu\/#\/schema\/logo\/image\/"},"sameAs":["https:\/\/www.facebook.com\/TouchproNederland\/?locale=nl_NL\/","https:\/\/www.instagram.com\/touchpro2016\/","https:\/\/www.linkedin.com\/company\/touchpro-europe-bv\/"],"description":"TouchPro Europe Shop es la tienda de masajes de Europa. Vendemos productos de masaje de primera calidad a masajistas, pedicuras, fisioterapeutas, manicuras, centros de bienestar, cursos de formaci\u00f3n, etc. TouchPro comenz\u00f3 como una peque\u00f1a tienda en los Pa\u00edses Bajos, pero ahora se ha convertido en una tienda con clientes de toda Europa. Ofrecemos una amplia gama de productos de masaje, incluyendo camillas de masaje, aceites, cremas y accesorios de las mejores marcas como Earthlite, Stronglite e InnerStrenght, Habys, Living Earth Crafts y Continuum y otros proveedores de accesorios de masaje. Pida aqu\u00ed los mejores art\u00edculos de masaje de Europa.","email":"info@touchpro-europe.com","telephone":"0858768829","legalName":"TouchPro Europe BV","foundingDate":"2018-01-11","vatID":"NL855430151B01","numberOfEmployees":{"@type":"QuantitativeValue","minValue":"1","maxValue":"10"},"hasMerchantReturnPolicy":{"@type":"MerchantReturnPolicy","merchantReturnLink":"https:\/\/touchproeurope.eu\/es\/retourbeleid\/"}}]},"product_brand":"Earthlite","og_availability":"instock","product_availability":"instock","product_retailer_item_id":"10600","product_condition":"new"},"_links":{"self":[{"href":"https:\/\/touchproeurope.eu\/es\/wp-json\/wp\/v2\/product\/2936","targetHints":{"allow":["GET"]}}],"collection":[{"href":"https:\/\/touchproeurope.eu\/es\/wp-json\/wp\/v2\/product"}],"about":[{"href":"https:\/\/touchproeurope.eu\/es\/wp-json\/wp\/v2\/types\/product"}],"replies":[{"embeddable":true,"href":"https:\/\/touchproeurope.eu\/es\/wp-json\/wp\/v2\/comments?post=2936"}],"version-history":[{"count":4,"href":"https:\/\/touchproeurope.eu\/es\/wp-json\/wp\/v2\/product\/2936\/revisions"}],"predecessor-version":[{"id":8359,"href":"https:\/\/touchproeurope.eu\/es\/wp-json\/wp\/v2\/product\/2936\/revisions\/8359"}],"wp:featuredmedia":[{"embeddable":true,"href":"https:\/\/touchproeurope.eu\/es\/wp-json\/wp\/v2\/media\/3845"}],"wp:attachment":[{"href":"https:\/\/touchproeurope.eu\/es\/wp-json\/wp\/v2\/media?parent=2936"}],"wp:term":[{"taxonomy":"product_brand","embeddable":true,"href":"https:\/\/touchproeurope.eu\/es\/wp-json\/wp\/v2\/product_brand?post=2936"},{"taxonomy":"product_cat","embeddable":true,"href":"https:\/\/touchproeurope.eu\/es\/wp-json\/wp\/v2\/product_cat?post=2936"},{"taxonomy":"product_tag","embeddable":true,"href":"https:\/\/touchproeurope.eu\/es\/wp-json\/wp\/v2\/product_tag?post=2936"}],"curies":[{"name":"wp","href":"https:\/\/api.w.org\/{rel}","templated":true}]}}