{"id":2950,"date":"2023-11-09T15:59:30","date_gmt":"2023-11-09T15:59:30","guid":{"rendered":"https:\/\/touchproeurope.eu\/?post_type=product&#038;p=2950"},"modified":"2026-03-04T16:55:09","modified_gmt":"2026-03-04T16:55:09","slug":"sillon-de-masaje-inner-strength-element","status":"publish","type":"product","link":"https:\/\/touchproeurope.eu\/es\/product\/inner-strength-element-massagestoel\/","title":{"rendered":"Sill\u00f3n de masaje Inner Strength Element"},"content":{"rendered":"<p>Descubra el sill\u00f3n de masaje Inner Strength Element, el modelo b\u00e1sico definitivo de la gama Earthlite, dise\u00f1ado para llevar sus masajes al siguiente nivel. Este paquete no solo ofrece un sill\u00f3n de masaje port\u00e1til, sino una experiencia completa de comodidad y flexibilidad.<\/p>\n<p>El sill\u00f3n de masaje port\u00e1til est\u00e1ndar es su trono port\u00e1til de relajaci\u00f3n. El reposacabezas ajustable de lujo con almohada est\u00e1ndar proporciona el apoyo perfecto para sus clientes. Con un reposabrazos y un asiento ajustables en 3 posiciones, puede adaptar el sill\u00f3n a las necesidades de cada cliente. El apoyo para el pecho es f\u00e1cilmente ajustable en altura, lo que hace que la silla sea vers\u00e1til para diferentes tratamientos.<\/p>\n<p>Con un peso en carga de unos 135 kg, esta silla ofrece un s\u00f3lido apoyo. Su peso ligero de 7,5 kg y la bolsa de transporte que la acompa\u00f1a la convierten en la compa\u00f1era perfecta. El armaz\u00f3n negro irradia estilo y durabilidad, y actualmente la silla Inner Strength\u00ae Element s\u00f3lo est\u00e1 disponible en el atemporal color negro.<\/p>\n<p>Lleve su pr\u00e1ctica del masaje a nuevas cotas con el sill\u00f3n de masaje Inner Strength Element. P\u00eddalo hoy mismo para disfrutar de una experiencia de masaje sin igual. Transforme cualquier lugar en un oasis de paz y bienestar. \u00a1Experimente el poder de Inner Strength\u00ae!<\/p>","protected":false},"excerpt":{"rendered":"<p>El Inner Strength\u00ae Element es el modelo b\u00e1sico de la gama Earthlite. El paquete consta de:<\/p>\n<ul>\n<li><span style=\"color: #000000;\">El sill\u00f3n de masaje port\u00e1til est\u00e1ndar.<\/span><\/li>\n<li><span style=\"color: #000000;\">Reposacabezas ajustable de lujo con almohada est\u00e1ndar.<\/span><\/li>\n<li><span style=\"color: #000000;\">Reposabrazos y asiento regulables en 3 posiciones.<\/span><\/li>\n<li><span style=\"color: #000000;\">Soporte tor\u00e1cico regulable en altura.<\/span><\/li>\n<li><span style=\"color: #000000;\">Peso en carga de unos 135 kg.<\/span><\/li>\n<li><span style=\"color: #000000;\">Malet\u00edn de transporte a juego.<\/span><\/li>\n<li><span style=\"color: #000000;\">peso 7,5 kg.<\/span><\/li>\n<li><span style=\"color: #000000;\">marco negro.<\/span><\/li>\n<li>Disponible s\u00f3lo en negro.<\/li>\n<\/ul>\n<p>&nbsp;<\/p>","protected":false},"featured_media":3807,"comment_status":"open","ping_status":"closed","template":"","meta":[],"product_brand":[400],"product_cat":[98],"product_tag":[139,48,19],"class_list":{"0":"post-2950","1":"product","2":"type-product","3":"status-publish","4":"has-post-thumbnail","6":"product_brand-inner-strenght","7":"product_cat-massagestoelen","8":"product_tag-element","9":"product_tag-inner-strength","10":"product_tag-massagestoel","11":"product_shipping_class-klein-pakket","12":"pa_kleur-zwart","13":"pa_merk-inner-strenght","15":"first","16":"instock","17":"taxable","18":"shipping-taxable","19":"purchasable","20":"product-type-simple"},"yoast_head":"<!-- This site is optimized with the Yoast SEO Premium plugin v27.3 (Yoast SEO v27.3) - https:\/\/yoast.com\/product\/yoast-seo-premium-wordpress\/ -->\n<title>Inner Strength Element massagestoel kopen? - TouchPro Europe Shop<\/title>\n<meta name=\"description\" content=\"Ontdek de Inner Strength Element massagestoel, het ultieme basismodel uit het Earthlite assortiment. Bestel hem hier bij TouchPro Europe Shop\" \/>\n<meta name=\"robots\" content=\"index, follow, max-snippet:-1, max-image-preview:large, max-video-preview:-1\" \/>\n<link rel=\"canonical\" href=\"https:\/\/touchproeurope.eu\/es\/product\/sillon-de-masaje-inner-strength-element\/\" \/>\n<meta property=\"og:locale\" content=\"es_ES\" \/>\n<meta property=\"og:type\" content=\"article\" \/>\n<meta property=\"og:title\" content=\"Inner Strength Element massagestoel\" \/>\n<meta property=\"og:description\" content=\"Ontdek de Inner Strength Element massagestoel, het ultieme basismodel uit het Earthlite assortiment. Bestel hem hier bij TouchPro Europe Shop\" \/>\n<meta property=\"og:url\" content=\"https:\/\/touchproeurope.eu\/es\/product\/sillon-de-masaje-inner-strength-element\/\" \/>\n<meta property=\"og:site_name\" content=\"TouchPro Europe Shop\" \/>\n<meta property=\"article:publisher\" content=\"https:\/\/www.facebook.com\/TouchproNederland\/?locale=nl_NL%2f\" \/>\n<meta property=\"article:modified_time\" content=\"2026-03-04T16:55:09+00:00\" \/>\n<meta property=\"og:image\" content=\"https:\/\/touchproeurope.eu\/wp-content\/uploads\/2023\/11\/Inner-Strenght-Element-massagestoel-met-draagtas.jpg\" \/>\n\t<meta property=\"og:image:width\" content=\"2000\" \/>\n\t<meta property=\"og:image:height\" content=\"2000\" \/>\n\t<meta property=\"og:image:type\" content=\"image\/jpeg\" \/>\n<meta name=\"twitter:card\" content=\"summary_large_image\" \/>\n<meta name=\"twitter:label1\" content=\"Precio\" \/>\n\t<meta name=\"twitter:data1\" content=\"&euro;&nbsp;299,95 incl. BTW\" \/>\n\t<meta name=\"twitter:label2\" content=\"Disponibilidad\" \/>\n\t<meta name=\"twitter:data2\" content=\"Disponible\" \/>\n<script type=\"application\/ld+json\" class=\"yoast-schema-graph\">{\"@context\":\"https:\\\/\\\/schema.org\",\"@graph\":[{\"@type\":\"WebPage\",\"@id\":\"https:\\\/\\\/touchproeurope.eu\\\/product\\\/inner-strength-element-massagestoel\\\/\",\"url\":\"https:\\\/\\\/touchproeurope.eu\\\/product\\\/inner-strength-element-massagestoel\\\/\",\"name\":\"Inner Strength Element massagestoel kopen? - TouchPro Europe Shop\",\"isPartOf\":{\"@id\":\"https:\\\/\\\/touchproeurope.eu\\\/#website\"},\"primaryImageOfPage\":{\"@id\":\"https:\\\/\\\/touchproeurope.eu\\\/product\\\/inner-strength-element-massagestoel\\\/#primaryimage\"},\"image\":{\"@id\":\"https:\\\/\\\/touchproeurope.eu\\\/product\\\/inner-strength-element-massagestoel\\\/#primaryimage\"},\"thumbnailUrl\":\"https:\\\/\\\/i0.wp.com\\\/touchproeurope.eu\\\/wp-content\\\/uploads\\\/2023\\\/11\\\/Inner-Strenght-Element-massagestoel-met-draagtas.jpg?fit=2000%2C2000&ssl=1\",\"datePublished\":\"2023-11-09T15:59:30+00:00\",\"dateModified\":\"2026-03-04T16:55:09+00:00\",\"description\":\"Ontdek de Inner Strength Element massagestoel, het ultieme basismodel uit het Earthlite assortiment. Bestel hem hier bij TouchPro Europe Shop\",\"breadcrumb\":{\"@id\":\"https:\\\/\\\/touchproeurope.eu\\\/product\\\/inner-strength-element-massagestoel\\\/#breadcrumb\"},\"inLanguage\":\"es\",\"potentialAction\":[{\"@type\":\"ReadAction\",\"target\":[\"https:\\\/\\\/touchproeurope.eu\\\/product\\\/inner-strength-element-massagestoel\\\/\"]}]},{\"@type\":\"ImageObject\",\"inLanguage\":\"es\",\"@id\":\"https:\\\/\\\/touchproeurope.eu\\\/product\\\/inner-strength-element-massagestoel\\\/#primaryimage\",\"url\":\"https:\\\/\\\/i0.wp.com\\\/touchproeurope.eu\\\/wp-content\\\/uploads\\\/2023\\\/11\\\/Inner-Strenght-Element-massagestoel-met-draagtas.jpg?fit=2000%2C2000&ssl=1\",\"contentUrl\":\"https:\\\/\\\/i0.wp.com\\\/touchproeurope.eu\\\/wp-content\\\/uploads\\\/2023\\\/11\\\/Inner-Strenght-Element-massagestoel-met-draagtas.jpg?fit=2000%2C2000&ssl=1\",\"width\":2000,\"height\":2000,\"caption\":\"Inner Strenght Element massagestoel met draagtas\"},{\"@type\":\"BreadcrumbList\",\"@id\":\"https:\\\/\\\/touchproeurope.eu\\\/product\\\/inner-strength-element-massagestoel\\\/#breadcrumb\",\"itemListElement\":[{\"@type\":\"ListItem\",\"position\":1,\"name\":\"Home\",\"item\":\"https:\\\/\\\/touchproeurope.eu\\\/\"},{\"@type\":\"ListItem\",\"position\":2,\"name\":\"Winkel\",\"item\":\"https:\\\/\\\/touchproeurope.eu\\\/winkel\\\/\"},{\"@type\":\"ListItem\",\"position\":3,\"name\":\"Inner Strength Element massagestoel\"}]},{\"@type\":\"WebSite\",\"@id\":\"https:\\\/\\\/touchproeurope.eu\\\/#website\",\"url\":\"https:\\\/\\\/touchproeurope.eu\\\/\",\"name\":\"TouchPro Europe Shop\",\"description\":\"Alles voor jouw praktijk met een PROfessionele Touch!\",\"publisher\":{\"@id\":\"https:\\\/\\\/touchproeurope.eu\\\/#organization\"},\"alternateName\":\"TPE\",\"potentialAction\":[{\"@type\":\"SearchAction\",\"target\":{\"@type\":\"EntryPoint\",\"urlTemplate\":\"https:\\\/\\\/touchproeurope.eu\\\/?s={search_term_string}\"},\"query-input\":{\"@type\":\"PropertyValueSpecification\",\"valueRequired\":true,\"valueName\":\"search_term_string\"}}],\"inLanguage\":\"es\"},{\"@type\":\"Organization\",\"@id\":\"https:\\\/\\\/touchproeurope.eu\\\/#organization\",\"name\":\"TouchPro Europe BV\",\"alternateName\":\"TPE\",\"url\":\"https:\\\/\\\/touchproeurope.eu\\\/\",\"logo\":{\"@type\":\"ImageObject\",\"inLanguage\":\"es\",\"@id\":\"https:\\\/\\\/touchproeurope.eu\\\/#\\\/schema\\\/logo\\\/image\\\/\",\"url\":\"https:\\\/\\\/i0.wp.com\\\/touchproeurope.eu\\\/wp-content\\\/uploads\\\/2023\\\/10\\\/2b592c_b6944d80811246d987cc2c29accedf3f.png?fit=1417%2C531&ssl=1\",\"contentUrl\":\"https:\\\/\\\/i0.wp.com\\\/touchproeurope.eu\\\/wp-content\\\/uploads\\\/2023\\\/10\\\/2b592c_b6944d80811246d987cc2c29accedf3f.png?fit=1417%2C531&ssl=1\",\"width\":1417,\"height\":531,\"caption\":\"TouchPro Europe BV\"},\"image\":{\"@id\":\"https:\\\/\\\/touchproeurope.eu\\\/#\\\/schema\\\/logo\\\/image\\\/\"},\"sameAs\":[\"https:\\\/\\\/www.facebook.com\\\/TouchproNederland\\\/?locale=nl_NL\\\/\",\"https:\\\/\\\/www.instagram.com\\\/touchpro2016\\\/\",\"https:\\\/\\\/www.linkedin.com\\\/company\\\/touchpro-europe-bv\\\/\"],\"description\":\"TouchPro Europe Shop is de massage winkel van Europa. Wij verkopen topkwaliteit massageproducten aan masseurs, pedicures, fysiotherapeuten, manicuren, Wellness centra, opleidingen, etc. TouchPro begon als een kleine webshop in Nederland, maar is nu uitgegroeid tot een webshop met klanten uit heel Europa. Wij bieden een breed assortiment aan massageproducten, waaronder massagetafels, oli\u00ebn, cr\u00e8mes, en accessoires van topmerken, zoals Earthlite, Stronglite en InnerStrenght, Habys, Living Earth Crafts en Continuum en andere leveranciers van massage accessoires. Bestel hier de beste massagematerialen van Europa!\",\"email\":\"info@touchpro-europe.com\",\"telephone\":\"0858768829\",\"legalName\":\"TouchPro Europe BV\",\"foundingDate\":\"2018-01-11\",\"vatID\":\"NL855430151B01\",\"numberOfEmployees\":{\"@type\":\"QuantitativeValue\",\"minValue\":\"1\",\"maxValue\":\"10\"},\"hasMerchantReturnPolicy\":{\"@type\":\"MerchantReturnPolicy\",\"merchantReturnLink\":\"https:\\\/\\\/touchproeurope.eu\\\/es\\\/retourbeleid\\\/\"}}]}<\/script>\n<meta property=\"product:brand\" content=\"Inner Strenght\" \/>\n<meta property=\"product:price:amount\" content=\"299.95\" \/>\n<meta property=\"product:price:currency\" content=\"EUR\" \/>\n<meta property=\"og:availability\" content=\"instock\" \/>\n<meta property=\"product:availability\" content=\"instock\" \/>\n<meta property=\"product:retailer_item_id\" content=\"20766\" \/>\n<meta property=\"product:condition\" content=\"new\" \/>\n<!-- \/ Yoast SEO Premium plugin. -->","yoast_head_json":{"title":"Comprar sill\u00f3n de masaje Inner Strength Element? - Tienda TouchPro Europe","description":"Descubra el sill\u00f3n de masaje Inner Strength Element, el modelo b\u00e1sico definitivo de la gama Earthlite. P\u00eddalo aqu\u00ed en la tienda TouchPro Europe","robots":{"index":"index","follow":"follow","max-snippet":"max-snippet:-1","max-image-preview":"max-image-preview:large","max-video-preview":"max-video-preview:-1"},"canonical":"https:\/\/touchproeurope.eu\/es\/product\/sillon-de-masaje-inner-strength-element\/","og_locale":"es_ES","og_type":"article","og_title":"Inner Strength Element massagestoel","og_description":"Ontdek de Inner Strength Element massagestoel, het ultieme basismodel uit het Earthlite assortiment. Bestel hem hier bij TouchPro Europe Shop","og_url":"https:\/\/touchproeurope.eu\/es\/product\/sillon-de-masaje-inner-strength-element\/","og_site_name":"TouchPro Europe Shop","article_publisher":"https:\/\/www.facebook.com\/TouchproNederland\/?locale=nl_NL%2f","article_modified_time":"2026-03-04T16:55:09+00:00","og_image":[{"width":2000,"height":2000,"url":"https:\/\/touchproeurope.eu\/wp-content\/uploads\/2023\/11\/Inner-Strenght-Element-massagestoel-met-draagtas.jpg","type":"image\/jpeg"}],"twitter_card":"summary_large_image","twitter_misc":{"Precio":"&euro;&nbsp;299,95 incl. BTW","Disponibilidad":"Disponible"},"schema":{"@context":"https:\/\/schema.org","@graph":[{"@type":"WebPage","@id":"https:\/\/touchproeurope.eu\/product\/inner-strength-element-massagestoel\/","url":"https:\/\/touchproeurope.eu\/product\/inner-strength-element-massagestoel\/","name":"Comprar sill\u00f3n de masaje Inner Strength Element? - Tienda TouchPro Europe","isPartOf":{"@id":"https:\/\/touchproeurope.eu\/#website"},"primaryImageOfPage":{"@id":"https:\/\/touchproeurope.eu\/product\/inner-strength-element-massagestoel\/#primaryimage"},"image":{"@id":"https:\/\/touchproeurope.eu\/product\/inner-strength-element-massagestoel\/#primaryimage"},"thumbnailUrl":"https:\/\/i0.wp.com\/touchproeurope.eu\/wp-content\/uploads\/2023\/11\/Inner-Strenght-Element-massagestoel-met-draagtas.jpg?fit=2000%2C2000&ssl=1","datePublished":"2023-11-09T15:59:30+00:00","dateModified":"2026-03-04T16:55:09+00:00","description":"Descubra el sill\u00f3n de masaje Inner Strength Element, el modelo b\u00e1sico definitivo de la gama Earthlite. P\u00eddalo aqu\u00ed en la tienda TouchPro Europe","breadcrumb":{"@id":"https:\/\/touchproeurope.eu\/product\/inner-strength-element-massagestoel\/#breadcrumb"},"inLanguage":"es","potentialAction":[{"@type":"ReadAction","target":["https:\/\/touchproeurope.eu\/product\/inner-strength-element-massagestoel\/"]}]},{"@type":"ImageObject","inLanguage":"es","@id":"https:\/\/touchproeurope.eu\/product\/inner-strength-element-massagestoel\/#primaryimage","url":"https:\/\/i0.wp.com\/touchproeurope.eu\/wp-content\/uploads\/2023\/11\/Inner-Strenght-Element-massagestoel-met-draagtas.jpg?fit=2000%2C2000&ssl=1","contentUrl":"https:\/\/i0.wp.com\/touchproeurope.eu\/wp-content\/uploads\/2023\/11\/Inner-Strenght-Element-massagestoel-met-draagtas.jpg?fit=2000%2C2000&ssl=1","width":2000,"height":2000,"caption":"Inner Strenght Element massagestoel met draagtas"},{"@type":"BreadcrumbList","@id":"https:\/\/touchproeurope.eu\/product\/inner-strength-element-massagestoel\/#breadcrumb","itemListElement":[{"@type":"ListItem","position":1,"name":"Home","item":"https:\/\/touchproeurope.eu\/"},{"@type":"ListItem","position":2,"name":"Winkel","item":"https:\/\/touchproeurope.eu\/winkel\/"},{"@type":"ListItem","position":3,"name":"Inner Strength Element massagestoel"}]},{"@type":"WebSite","@id":"https:\/\/touchproeurope.eu\/#website","url":"https:\/\/touchproeurope.eu\/","name":"Tienda TouchPro Europe","description":"\u00a1Todo para su consulta con un toque PROfesional!","publisher":{"@id":"https:\/\/touchproeurope.eu\/#organization"},"alternateName":"TPE","potentialAction":[{"@type":"SearchAction","target":{"@type":"EntryPoint","urlTemplate":"https:\/\/touchproeurope.eu\/?s={search_term_string}"},"query-input":{"@type":"PropertyValueSpecification","valueRequired":true,"valueName":"search_term_string"}}],"inLanguage":"es"},{"@type":"Organization","@id":"https:\/\/touchproeurope.eu\/#organization","name":"TouchPro Europe BV","alternateName":"TPE","url":"https:\/\/touchproeurope.eu\/","logo":{"@type":"ImageObject","inLanguage":"es","@id":"https:\/\/touchproeurope.eu\/#\/schema\/logo\/image\/","url":"https:\/\/i0.wp.com\/touchproeurope.eu\/wp-content\/uploads\/2023\/10\/2b592c_b6944d80811246d987cc2c29accedf3f.png?fit=1417%2C531&ssl=1","contentUrl":"https:\/\/i0.wp.com\/touchproeurope.eu\/wp-content\/uploads\/2023\/10\/2b592c_b6944d80811246d987cc2c29accedf3f.png?fit=1417%2C531&ssl=1","width":1417,"height":531,"caption":"TouchPro Europe BV"},"image":{"@id":"https:\/\/touchproeurope.eu\/#\/schema\/logo\/image\/"},"sameAs":["https:\/\/www.facebook.com\/TouchproNederland\/?locale=nl_NL\/","https:\/\/www.instagram.com\/touchpro2016\/","https:\/\/www.linkedin.com\/company\/touchpro-europe-bv\/"],"description":"TouchPro Europe Shop es la tienda de masajes de Europa. Vendemos productos de masaje de primera calidad a masajistas, pedicuras, fisioterapeutas, manicuras, centros de bienestar, cursos de formaci\u00f3n, etc. TouchPro comenz\u00f3 como una peque\u00f1a tienda en los Pa\u00edses Bajos, pero ahora se ha convertido en una tienda con clientes de toda Europa. Ofrecemos una amplia gama de productos de masaje, incluyendo camillas de masaje, aceites, cremas y accesorios de las mejores marcas como Earthlite, Stronglite e InnerStrenght, Habys, Living Earth Crafts y Continuum y otros proveedores de accesorios de masaje. Pida aqu\u00ed los mejores art\u00edculos de masaje de Europa.","email":"info@touchpro-europe.com","telephone":"0858768829","legalName":"TouchPro Europe BV","foundingDate":"2018-01-11","vatID":"NL855430151B01","numberOfEmployees":{"@type":"QuantitativeValue","minValue":"1","maxValue":"10"},"hasMerchantReturnPolicy":{"@type":"MerchantReturnPolicy","merchantReturnLink":"https:\/\/touchproeurope.eu\/es\/retourbeleid\/"}}]},"product_brand":"Inner Strenght","product_price_amount":"299.95","product_price_currency":"EUR","og_availability":"instock","product_availability":"instock","product_retailer_item_id":"20766","product_condition":"new"},"_links":{"self":[{"href":"https:\/\/touchproeurope.eu\/es\/wp-json\/wp\/v2\/product\/2950","targetHints":{"allow":["GET"]}}],"collection":[{"href":"https:\/\/touchproeurope.eu\/es\/wp-json\/wp\/v2\/product"}],"about":[{"href":"https:\/\/touchproeurope.eu\/es\/wp-json\/wp\/v2\/types\/product"}],"replies":[{"embeddable":true,"href":"https:\/\/touchproeurope.eu\/es\/wp-json\/wp\/v2\/comments?post=2950"}],"version-history":[{"count":3,"href":"https:\/\/touchproeurope.eu\/es\/wp-json\/wp\/v2\/product\/2950\/revisions"}],"predecessor-version":[{"id":3804,"href":"https:\/\/touchproeurope.eu\/es\/wp-json\/wp\/v2\/product\/2950\/revisions\/3804"}],"wp:featuredmedia":[{"embeddable":true,"href":"https:\/\/touchproeurope.eu\/es\/wp-json\/wp\/v2\/media\/3807"}],"wp:attachment":[{"href":"https:\/\/touchproeurope.eu\/es\/wp-json\/wp\/v2\/media?parent=2950"}],"wp:term":[{"taxonomy":"product_brand","embeddable":true,"href":"https:\/\/touchproeurope.eu\/es\/wp-json\/wp\/v2\/product_brand?post=2950"},{"taxonomy":"product_cat","embeddable":true,"href":"https:\/\/touchproeurope.eu\/es\/wp-json\/wp\/v2\/product_cat?post=2950"},{"taxonomy":"product_tag","embeddable":true,"href":"https:\/\/touchproeurope.eu\/es\/wp-json\/wp\/v2\/product_tag?post=2950"}],"curies":[{"name":"wp","href":"https:\/\/api.w.org\/{rel}","templated":true}]}}